{"id":35302,"date":"2026-04-03T17:35:39","date_gmt":"2026-04-03T15:35:39","guid":{"rendered":"https:\/\/www.maitri.pl\/?post_type=product&#038;p=35302"},"modified":"2026-04-03T17:37:21","modified_gmt":"2026-04-03T15:37:21","slug":"pomoc-zarazonym-kamerun","status":"publish","type":"product","link":"https:\/\/www.maitri.pl\/fr\/projekt\/pomoc-zarazonym-kamerun\/","title":{"rendered":"Pomoc zara\u017conym wirusem HIV oraz zapaleniem w\u0105troby HBV i HCV w Kamerunie"},"content":{"rendered":"<h4>Chorzy, s\u0142abi i g\u0142odni<\/h4>\n<p>Ten projekt to pro\u015bba o kontynuacj\u0119 pomocy, udzielanej przez nasz o\u015brodek zdrowia w Abong Mbang ludziom ubogim i chorym zara\u017conym wirusem HIV oraz wirusowym zapaleniu w\u0105troby typu B i C. Obejmuje op\u0142aty za leczenie w przychodni lub zawiezienie chorego do szpitala, czasem r\u00f3wnie\u017c op\u0142aty za leczenie szpitalne i operacje &#8211;\u00a0 w zale\u017cno\u015bci od potrzeb. Potrzebujemy te\u017c dofinansowania w zakresie pensji\u00a0 dla pracownik\u00f3w nowo otwartego oddzia\u0142u po\u0142o\u017cniczego.\u00a0Opr\u00f3cz leczenia wspomagamy w do\u017cywianiu pacjent\u00f3w naszego o\u015brodka. Chorzy\u00a0 zara\u017ceni r\u00f3\u017cnymi wirusami powinni otrzymywa\u0107 produkty zawieraj\u0105ce du\u017co witamin i bia\u0142ka, aby wzmocni\u0107 organizm w walce z chorob\u0105. Jednak cz\u0119sto ich na to nie sta\u0107, poniewa\u017c s\u0142abo\u015b\u0107 wywo\u0142ana zara\u017ceniem wirusowym nie pozwala im na ci\u0119\u017ck\u0105 prac\u0119 w polu. To powoduje, \u017ce ich ub\u00f3stwo tym bardziej si\u0119 pog\u0142\u0119bia. Dlatego konieczna jest pomoc zara\u017conym wirusem HIV oraz wirusowym zapaleniem w\u0105troby typu B i C.<\/p>\n<h4>Pozostawieni przez los<\/h4>\n<p>Takie osoby cz\u0119sto czuj\u0105 si\u0119 opuszczone przez spo\u0142ecze\u0144stwo, jak r\u00f3wnie\u017c przez najbli\u017cszych. Niestety, ale samo bycie przy nich i wys\u0142uchanie ich, nie zmieni ich codzienno\u015bci. Chorzy s\u0105 bardzo wdzi\u0119czni, gdy otrzymaj\u0105 podstawow\u0105 \u017cywno\u015b\u0107, kt\u00f3ra wzmocni ich wyczerpuj\u0105cy si\u0119 organizm. Towarzyszenie takim ludziom, to okazywanie im mi\u0142o\u015bci i zrozumienia bez wzgl\u0119du na b\u0142\u0119dy, jakie ka\u017cdy z nas w \u017cyciu pope\u0142nia. Nie chcemy odsy\u0142a\u0107 chorego bez wsparcia, gdy nie ma on za co kupi\u0107 lek\u00f3w lub zap\u0142aci\u0107 za opatrunki. Gdyby nie Wasza sta\u0142a pomoc, by\u0142abym zmuszona odmawia\u0107 im pomocy, a przecie\u017c\u00a0 chodzi tu o \u017cycie ludzkie. Poniewa\u017c w najbli\u017cszych miesi\u0105cach pragn\u0119 otworzy\u0107 oddzia\u0142 po\u0142o\u017cniczy, dodatkowo potrzebna mi b\u0119dzie na pocz\u0105tku pomoc w zapewnieniu wyp\u0142at dla nowozatrudnionych pracownik\u00f3w, dlatego te\u017c z serca prosz\u0119 o wsparcie. Potrzebna jest pomoc zara\u017conym i wierz\u0119, \u017ce dzi\u0119ki Wam b\u0119d\u0119 mog\u0142a kontynuowa\u0107 <a href=\"https:\/\/www.maitri.pl\/projekt\/dozywianie-chorych-buraniro-2026\/\" target=\"_blank\" rel=\"noopener\">pomaganie chorym<\/a> zg\u0142aszaj\u0105cym si\u0119 do naszego o\u015brodka zdrowia.<\/p>\n<h4>Kosztorys:<\/h4>\n<p><img loading=\"lazy\" decoding=\"async\" class=\"alignnone wp-image-35304 size-full\" src=\"https:\/\/www.maitri.pl\/wp-content\/uploads\/2026\/04\/177-chrys.png\" alt=\"\" width=\"959\" height=\"465\" srcset=\"https:\/\/www.maitri.pl\/wp-content\/uploads\/2026\/04\/177-chrys.png 959w, https:\/\/www.maitri.pl\/wp-content\/uploads\/2026\/04\/177-chrys-300x145.png 300w, https:\/\/www.maitri.pl\/wp-content\/uploads\/2026\/04\/177-chrys-768x372.png 768w, https:\/\/www.maitri.pl\/wp-content\/uploads\/2026\/04\/177-chrys-600x291.png 600w\" sizes=\"auto, (max-width: 959px) 100vw, 959px\" \/><\/p>\n<p><em style=\"font-size: 16px;\">s. Nazariusza \u017buczek, <a href=\"http:\/\/duszajezusa.pl\/\" target=\"_blank\" rel=\"noopener noreferrer\">Zgromadzenie Si\u00f3str Naj\u015bwi\u0119tszej Duszy Chrystusa Pana<\/a><\/em><\/p>\n<p style=\"text-align: justify;\" align=\"JUSTIFY\"><span style=\"color: #ff0000;\"><span style=\"font-size: large;\"><b>Kwota projektu: 35 017 z\u0142<\/b><\/span><\/span><\/p>\n<p style=\"text-align: justify;\"><strong>Numer projektu: 177\/CHRYS <\/strong><\/p>\n<h3 style=\"text-align: justify;\" align=\"JUSTIFY\"><span style=\"color: #808080;\">Pomoc zara\u017conym wirusem HIV oraz zapaleniem w\u0105troby HBV i HCV w Abong-Mbang w Kamerunie &#8211; Siostry Duszy Chrystusowej<\/span><\/h3>\n","protected":false},"excerpt":{"rendered":"<p><strong>Projekt: <\/strong><em>s. Nazariusza \u017buczek, <a href=\"http:\/\/duszajezusa.pl\/\" target=\"_blank\" rel=\"noopener noreferrer\">Zgromadzenie Si\u00f3str Naj\u015bwi\u0119tszej Duszy Chrystusa Pana<\/a><\/em><br \/>\n<strong>Misja:<\/strong> Abong Mbang, <a href=\"https:\/\/www.maitri.pl\/gdzie-pomagamy\/\" target=\"_blank\" rel=\"noopener noreferrer\">Kamerun<\/a><br \/>\n<strong>Kwota projektu: <span style=\"color: #ff0000;\">35 017 PLN<\/span><\/strong><\/p>\n","protected":false},"featured_media":35319,"template":"","meta":[],"product_brand":[],"product_cat":[657],"product_tag":[662,658,837,875],"class_list":{"0":"post-35302","1":"product","2":"type-product","3":"status-publish","4":"has-post-thumbnail","6":"product_cat-projekty","7":"product_tag-abong-mbang","8":"product_tag-kamerun","9":"product_tag-siostra-nazariusza-zuczek","10":"product_tag-zgromadzenie-siostr-duszy-chrystusowej","12":"first","13":"instock","14":"virtual","15":"purchasable","16":"product-type-simple"},"yoast_head":"<!-- This site is optimized with the Yoast SEO plugin v27.2 - https:\/\/yoast.com\/product\/yoast-seo-wordpress\/ -->\n<title>Pomoc zara\u017conym wirusem HIV oraz HBV i HCV w Kamerunie<\/title>\n<meta name=\"description\" content=\"Pomoc zara\u017conym wirusem HIV oraz zapaleniem w\u0105troby HBV i HCV w Abong-Mbang w Kamerunie. O wsparcie prosz\u0105 Siostry Duszy Chrystusowej.\" \/>\n<meta name=\"robots\" content=\"index, follow, max-snippet:-1, max-image-preview:large, max-video-preview:-1\" \/>\n<link rel=\"canonical\" href=\"https:\/\/www.maitri.pl\/projekt\/pomoc-zarazonym-kamerun\/\" \/>\n<meta property=\"og:locale\" content=\"fr_FR\" \/>\n<meta property=\"og:type\" content=\"article\" \/>\n<meta property=\"og:title\" content=\"Pomoc zara\u017conym wirusem HIV oraz HBV i HCV w Kamerunie\" \/>\n<meta property=\"og:description\" content=\"Pomoc zara\u017conym wirusem HIV oraz zapaleniem w\u0105troby HBV i HCV w Abong-Mbang w Kamerunie. O wsparcie prosz\u0105 Siostry Duszy Chrystusowej.\" \/>\n<meta property=\"og:url\" content=\"https:\/\/www.maitri.pl\/projekt\/pomoc-zarazonym-kamerun\/\" \/>\n<meta property=\"og:site_name\" content=\"Ruch Maitri - Adopcja Serca pomoc Afryce\" \/>\n<meta property=\"article:publisher\" content=\"https:\/\/www.facebook.com\/MAITRI.Adopcja.Serca.dzieci.Afryki\/\" \/>\n<meta property=\"article:modified_time\" content=\"2026-04-03T15:37:21+00:00\" \/>\n<meta property=\"og:image\" content=\"https:\/\/www.maitri.pl\/wp-content\/uploads\/2026\/04\/177-chrys-7.jpeg\" \/>\n\t<meta property=\"og:image:width\" content=\"1500\" \/>\n\t<meta property=\"og:image:height\" content=\"2000\" \/>\n\t<meta property=\"og:image:type\" content=\"image\/jpeg\" \/>\n<meta name=\"twitter:card\" content=\"summary_large_image\" \/>\n<meta name=\"twitter:label1\" content=\"Dur\u00e9e de lecture estim\u00e9e\" \/>\n\t<meta name=\"twitter:data1\" content=\"3 minutes\" \/>\n<script type=\"application\/ld+json\" class=\"yoast-schema-graph\">{\"@context\":\"https:\/\/schema.org\",\"@graph\":[{\"@type\":\"WebPage\",\"@id\":\"https:\/\/www.maitri.pl\/projekt\/pomoc-zarazonym-kamerun\/\",\"url\":\"https:\/\/www.maitri.pl\/projekt\/pomoc-zarazonym-kamerun\/\",\"name\":\"Pomoc zara\u017conym wirusem HIV oraz HBV i HCV w Kamerunie\",\"isPartOf\":{\"@id\":\"https:\/\/www.maitri.pl\/#website\"},\"primaryImageOfPage\":{\"@id\":\"https:\/\/www.maitri.pl\/projekt\/pomoc-zarazonym-kamerun\/#primaryimage\"},\"image\":{\"@id\":\"https:\/\/www.maitri.pl\/projekt\/pomoc-zarazonym-kamerun\/#primaryimage\"},\"thumbnailUrl\":\"https:\/\/www.maitri.pl\/wp-content\/uploads\/2026\/04\/177-chrys-7.jpeg\",\"datePublished\":\"2026-04-03T15:35:39+00:00\",\"dateModified\":\"2026-04-03T15:37:21+00:00\",\"description\":\"Pomoc zara\u017conym wirusem HIV oraz zapaleniem w\u0105troby HBV i HCV w Abong-Mbang w Kamerunie. O wsparcie prosz\u0105 Siostry Duszy Chrystusowej.\",\"breadcrumb\":{\"@id\":\"https:\/\/www.maitri.pl\/projekt\/pomoc-zarazonym-kamerun\/#breadcrumb\"},\"inLanguage\":\"fr-FR\",\"potentialAction\":[{\"@type\":\"ReadAction\",\"target\":[\"https:\/\/www.maitri.pl\/projekt\/pomoc-zarazonym-kamerun\/\"]}]},{\"@type\":\"ImageObject\",\"inLanguage\":\"fr-FR\",\"@id\":\"https:\/\/www.maitri.pl\/projekt\/pomoc-zarazonym-kamerun\/#primaryimage\",\"url\":\"https:\/\/www.maitri.pl\/wp-content\/uploads\/2026\/04\/177-chrys-7.jpeg\",\"contentUrl\":\"https:\/\/www.maitri.pl\/wp-content\/uploads\/2026\/04\/177-chrys-7.jpeg\",\"width\":1500,\"height\":2000,\"caption\":\"Pomoc zara\u017conym wirusem HIV oraz zapaleniem w\u0105troby HBV i HCV w Abong-Mbang w Kamerunie - Siostry Duszy Chrystusowej Maitri Adopcja Serca Adopcja duchowa pomoc ubogim pomoc Afryce 05\"},{\"@type\":\"BreadcrumbList\",\"@id\":\"https:\/\/www.maitri.pl\/projekt\/pomoc-zarazonym-kamerun\/#breadcrumb\",\"itemListElement\":[{\"@type\":\"ListItem\",\"position\":1,\"name\":\"Strona g\u0142\u00f3wna\",\"item\":\"https:\/\/www.maitri.pl\/\"},{\"@type\":\"ListItem\",\"position\":2,\"name\":\"Sklep\",\"item\":\"https:\/\/www.maitri.pl\/sklep\/\"},{\"@type\":\"ListItem\",\"position\":3,\"name\":\"Pomoc zara\u017conym wirusem HIV oraz zapaleniem w\u0105troby HBV i HCV w Kamerunie\"}]},{\"@type\":\"WebSite\",\"@id\":\"https:\/\/www.maitri.pl\/#website\",\"url\":\"https:\/\/www.maitri.pl\/\",\"name\":\"Adopcja Serca Maitri \u2013 pomoc dzieciom w Afryce\",\"description\":\"Adopcja Serca \u2013 adopcja na odleg\u0142o\u015b\u0107, pomoc Afryce, do\u017cywianie i edukacja w Afryce\",\"publisher\":{\"@id\":\"https:\/\/www.maitri.pl\/#organization\"},\"potentialAction\":[{\"@type\":\"SearchAction\",\"target\":{\"@type\":\"EntryPoint\",\"urlTemplate\":\"https:\/\/www.maitri.pl\/?s={search_term_string}\"},\"query-input\":{\"@type\":\"PropertyValueSpecification\",\"valueRequired\":true,\"valueName\":\"search_term_string\"}}],\"inLanguage\":\"fr-FR\"},{\"@type\":\"Organization\",\"@id\":\"https:\/\/www.maitri.pl\/#organization\",\"name\":\"Stowarzyszenie Ruchu Maitri\",\"url\":\"https:\/\/www.maitri.pl\/\",\"logo\":{\"@type\":\"ImageObject\",\"inLanguage\":\"fr-FR\",\"@id\":\"https:\/\/www.maitri.pl\/#\/schema\/logo\/image\/\",\"url\":\"https:\/\/www.maitri.pl\/wp-content\/uploads\/2020\/04\/duze_logo-81.png\",\"contentUrl\":\"https:\/\/www.maitri.pl\/wp-content\/uploads\/2020\/04\/duze_logo-81.png\",\"width\":339,\"height\":321,\"caption\":\"Stowarzyszenie Ruchu Maitri\"},\"image\":{\"@id\":\"https:\/\/www.maitri.pl\/#\/schema\/logo\/image\/\"},\"sameAs\":[\"https:\/\/www.facebook.com\/MAITRI.Adopcja.Serca.dzieci.Afryki\/\"]}]}<\/script>\n<!-- \/ Yoast SEO plugin. -->","yoast_head_json":{"title":"Pomoc zara\u017conym wirusem HIV oraz HBV i HCV w Kamerunie","description":"Pomoc zara\u017conym wirusem HIV oraz zapaleniem w\u0105troby HBV i HCV w Abong-Mbang w Kamerunie. O wsparcie prosz\u0105 Siostry Duszy Chrystusowej.","robots":{"index":"index","follow":"follow","max-snippet":"max-snippet:-1","max-image-preview":"max-image-preview:large","max-video-preview":"max-video-preview:-1"},"canonical":"https:\/\/www.maitri.pl\/projekt\/pomoc-zarazonym-kamerun\/","og_locale":"fr_FR","og_type":"article","og_title":"Pomoc zara\u017conym wirusem HIV oraz HBV i HCV w Kamerunie","og_description":"Pomoc zara\u017conym wirusem HIV oraz zapaleniem w\u0105troby HBV i HCV w Abong-Mbang w Kamerunie. O wsparcie prosz\u0105 Siostry Duszy Chrystusowej.","og_url":"https:\/\/www.maitri.pl\/projekt\/pomoc-zarazonym-kamerun\/","og_site_name":"Ruch Maitri - Adopcja Serca pomoc Afryce","article_publisher":"https:\/\/www.facebook.com\/MAITRI.Adopcja.Serca.dzieci.Afryki\/","article_modified_time":"2026-04-03T15:37:21+00:00","og_image":[{"width":1500,"height":2000,"url":"https:\/\/www.maitri.pl\/wp-content\/uploads\/2026\/04\/177-chrys-7.jpeg","type":"image\/jpeg"}],"twitter_card":"summary_large_image","twitter_misc":{"Dur\u00e9e de lecture estim\u00e9e":"3 minutes"},"schema":{"@context":"https:\/\/schema.org","@graph":[{"@type":"WebPage","@id":"https:\/\/www.maitri.pl\/projekt\/pomoc-zarazonym-kamerun\/","url":"https:\/\/www.maitri.pl\/projekt\/pomoc-zarazonym-kamerun\/","name":"Pomoc zara\u017conym wirusem HIV oraz HBV i HCV w Kamerunie","isPartOf":{"@id":"https:\/\/www.maitri.pl\/#website"},"primaryImageOfPage":{"@id":"https:\/\/www.maitri.pl\/projekt\/pomoc-zarazonym-kamerun\/#primaryimage"},"image":{"@id":"https:\/\/www.maitri.pl\/projekt\/pomoc-zarazonym-kamerun\/#primaryimage"},"thumbnailUrl":"https:\/\/www.maitri.pl\/wp-content\/uploads\/2026\/04\/177-chrys-7.jpeg","datePublished":"2026-04-03T15:35:39+00:00","dateModified":"2026-04-03T15:37:21+00:00","description":"Pomoc zara\u017conym wirusem HIV oraz zapaleniem w\u0105troby HBV i HCV w Abong-Mbang w Kamerunie. O wsparcie prosz\u0105 Siostry Duszy Chrystusowej.","breadcrumb":{"@id":"https:\/\/www.maitri.pl\/projekt\/pomoc-zarazonym-kamerun\/#breadcrumb"},"inLanguage":"fr-FR","potentialAction":[{"@type":"ReadAction","target":["https:\/\/www.maitri.pl\/projekt\/pomoc-zarazonym-kamerun\/"]}]},{"@type":"ImageObject","inLanguage":"fr-FR","@id":"https:\/\/www.maitri.pl\/projekt\/pomoc-zarazonym-kamerun\/#primaryimage","url":"https:\/\/www.maitri.pl\/wp-content\/uploads\/2026\/04\/177-chrys-7.jpeg","contentUrl":"https:\/\/www.maitri.pl\/wp-content\/uploads\/2026\/04\/177-chrys-7.jpeg","width":1500,"height":2000,"caption":"Pomoc zara\u017conym wirusem HIV oraz zapaleniem w\u0105troby HBV i HCV w Abong-Mbang w Kamerunie - Siostry Duszy Chrystusowej Maitri Adopcja Serca Adopcja duchowa pomoc ubogim pomoc Afryce 05"},{"@type":"BreadcrumbList","@id":"https:\/\/www.maitri.pl\/projekt\/pomoc-zarazonym-kamerun\/#breadcrumb","itemListElement":[{"@type":"ListItem","position":1,"name":"Strona g\u0142\u00f3wna","item":"https:\/\/www.maitri.pl\/"},{"@type":"ListItem","position":2,"name":"Sklep","item":"https:\/\/www.maitri.pl\/sklep\/"},{"@type":"ListItem","position":3,"name":"Pomoc zara\u017conym wirusem HIV oraz zapaleniem w\u0105troby HBV i HCV w Kamerunie"}]},{"@type":"WebSite","@id":"https:\/\/www.maitri.pl\/#website","url":"https:\/\/www.maitri.pl\/","name":"Adopcja Serca Maitri \u2013 pomoc dzieciom w Afryce","description":"Adopcja Serca \u2013 adopcja na odleg\u0142o\u015b\u0107, pomoc Afryce, do\u017cywianie i edukacja w Afryce","publisher":{"@id":"https:\/\/www.maitri.pl\/#organization"},"potentialAction":[{"@type":"SearchAction","target":{"@type":"EntryPoint","urlTemplate":"https:\/\/www.maitri.pl\/?s={search_term_string}"},"query-input":{"@type":"PropertyValueSpecification","valueRequired":true,"valueName":"search_term_string"}}],"inLanguage":"fr-FR"},{"@type":"Organization","@id":"https:\/\/www.maitri.pl\/#organization","name":"Stowarzyszenie Ruchu Maitri","url":"https:\/\/www.maitri.pl\/","logo":{"@type":"ImageObject","inLanguage":"fr-FR","@id":"https:\/\/www.maitri.pl\/#\/schema\/logo\/image\/","url":"https:\/\/www.maitri.pl\/wp-content\/uploads\/2020\/04\/duze_logo-81.png","contentUrl":"https:\/\/www.maitri.pl\/wp-content\/uploads\/2020\/04\/duze_logo-81.png","width":339,"height":321,"caption":"Stowarzyszenie Ruchu Maitri"},"image":{"@id":"https:\/\/www.maitri.pl\/#\/schema\/logo\/image\/"},"sameAs":["https:\/\/www.facebook.com\/MAITRI.Adopcja.Serca.dzieci.Afryki\/"]}]}},"_links":{"self":[{"href":"https:\/\/www.maitri.pl\/fr\/wp-json\/wp\/v2\/product\/35302","targetHints":{"allow":["GET"]}}],"collection":[{"href":"https:\/\/www.maitri.pl\/fr\/wp-json\/wp\/v2\/product"}],"about":[{"href":"https:\/\/www.maitri.pl\/fr\/wp-json\/wp\/v2\/types\/product"}],"wp:featuredmedia":[{"embeddable":true,"href":"https:\/\/www.maitri.pl\/fr\/wp-json\/wp\/v2\/media\/35319"}],"wp:attachment":[{"href":"https:\/\/www.maitri.pl\/fr\/wp-json\/wp\/v2\/media?parent=35302"}],"wp:term":[{"taxonomy":"product_brand","embeddable":true,"href":"https:\/\/www.maitri.pl\/fr\/wp-json\/wp\/v2\/product_brand?post=35302"},{"taxonomy":"product_cat","embeddable":true,"href":"https:\/\/www.maitri.pl\/fr\/wp-json\/wp\/v2\/product_cat?post=35302"},{"taxonomy":"product_tag","embeddable":true,"href":"https:\/\/www.maitri.pl\/fr\/wp-json\/wp\/v2\/product_tag?post=35302"}],"curies":[{"name":"wp","href":"https:\/\/api.w.org\/{rel}","templated":true}]}}