{"id":35206,"date":"2026-03-30T14:25:00","date_gmt":"2026-03-30T12:25:00","guid":{"rendered":"https:\/\/www.maitri.pl\/?post_type=product&#038;p=35206"},"modified":"2026-03-30T16:50:44","modified_gmt":"2026-03-30T14:50:44","slug":"dofinansowanie-internat-rwanda","status":"publish","type":"product","link":"https:\/\/www.maitri.pl\/fr\/projekt\/dofinansowanie-internat-rwanda\/","title":{"rendered":"Dofinansowanie op\u0142at za internat dla dzieci niepe\u0142nosprawnych w Nyakinama w Rwandzie"},"content":{"rendered":"<h4>Tam rehabilitacja to luksus<\/h4>\n<p>Pomoc z Polski jest dla nich jedyn\u0105 realn\u0105 szans\u0105 na lepsze \u017cycie, dlatego z ca\u0142ego serca dzi\u0119kujemy wszystkim ofiarodawcom, bo bez Was\u00a0 chore dzieci nie mog\u0142yby si\u0119 uczy\u0107. W Nyakinama opiekujemy si\u0119 g\u0142\u00f3wnie dzie\u0107mi z niepe\u0142nosprawno\u015bciami fizycznymi, wrodzonymi deformacjami oraz po pora\u017ceniu m\u00f3zgowym. Ich sytuacja w Afryce jest niezwykle trudna, szczeg\u00f3lnie w przypadku niepe\u0142nosprawno\u015bci intelektualnej. Program Adopcja Medyczna daje im szans\u0119 na rozw\u00f3j. Jednak w Rwandzie leczenie specjalistyczne, operacje i rehabilitacja s\u0105 bardzo kosztowne, przez co wi\u0119kszo\u015b\u0107 rodzin nie mo\u017ce sobie na nie pozwoli\u0107 i cz\u0119sto brakuje im nawet na podstawowe potrzeby. Mimo to dzieci pragn\u0105 chodzi\u0107 do szko\u0142y i zdobywa\u0107 wiedz\u0119 jak ich zdrowi r\u00f3wie\u015bnicy. Dlatego zwracamy si\u0119 z gor\u0105c\u0105 pro\u015bb\u0105 o dofinansowanie nauki w szko\u0142ach z internatem, kt\u00f3re s\u0105 dla nich najlepszym rozwi\u0105zaniem, cho\u0107 pozostaj\u0105 poza zasi\u0119giem finansowym ich rodzin.<\/p>\n<h4>List od Siostry Agnieszki<\/h4>\n<p>Drodzy Przyjaciele i Darczy\u0144cy! Zwracamy si\u0119 do Was z ogromn\u0105 wdzi\u0119czno\u015bci\u0105 za dotychczasowe wsparcie, kt\u00f3re okazujecie naszym podopiecznym z Adopcji Medycznej w Nyakinama. To dzi\u0119ki Waszej pomocy dzieci z niepe\u0142nosprawno\u015bci\u0105 fizyczn\u0105 oraz intelektualn\u0105 mog\u0105 ka\u017cdego dnia prze\u0142amywa\u0107 bariery i walczy\u0107 o lepsz\u0105 przysz\u0142o\u015b\u0107. Edukacja jest dla naszych podopiecznych kluczowym elementem rehabilitacji i usamodzielniania si\u0119. Niestety, koszty zwi\u0105zane z nauk\u0105 s\u0105 bardzo wysokie. Rodziny wychowuj\u0105ce dzieci z niepe\u0142nosprawno\u015bci\u0105 najcz\u0119\u015bciej nie s\u0105 w stanie zapewni\u0107 swoim chorym dzieciom odpowiedniej edukacji ze wzgl\u0119du na bardzo ograniczony bud\u017cet domowy. Wierzymy, \u017ce wsp\u00f3lnymi si\u0142ami uda nam si\u0119 zdj\u0105\u0107 ten ci\u0119\u017car finansowy z bark\u00f3w rodzic\u00f3w czy opiekun\u00f3w. Dzi\u0119ki temu pozwolimy dzieciom skupi\u0107 si\u0119 wy\u0142\u0105cznie na nauce i poznawaniu \u015bwiata.<\/p>\n<h4>Wiele wydatk\u00f3w, ma\u0142o \u015brodk\u00f3w<\/h4>\n<p>Na ca\u0142kowity koszt edukacji dziecka sk\u0142adaj\u0105 si\u0119 czesne i op\u0142aty szkolne, kt\u00f3re pozwalaj\u0105 na nauk\u0119 w plac\u00f3wkach dostosowanych do specjalnych potrzeb edukacyjnych. To tak\u017ce pobyt w internacie, kt\u00f3ry dla wielu dzieci z odleg\u0142ych miejscowo\u015bci jest jedyn\u0105 szans\u0105 na systematyczn\u0105 nauk\u0119. Nale\u017cy oczywi\u015bcie doliczy\u0107 r\u00f3wnie\u017c koszt wyprawki szkolnej; zeszyty, przybory, ubezpieczenie. Nale\u017cy doliczy\u0107 koszty dojazd\u00f3w i niezb\u0119dnej rehabilitacji, mundurki szkolne, kt\u00f3re buduj\u0105 poczucie wsp\u00f3lnoty i przynale\u017cno\u015bci. Wiemy, \u017ce nie ka\u017cdy z naszych Ofiarodawc\u00f3w ma mo\u017cliwo\u015b\u0107 pokrycia pe\u0142nego kosztu utrzymania dziecka. W\u0142a\u015bnie dlatego ka\u017cda, nawet najmniejsza wp\u0142ata do \u201ewsp\u00f3lnego koszyka\u201d ma ogromne znaczenie. Pozwala nam ona uzupe\u0142ni\u0107 brakuj\u0105ce kwoty tam, gdzie wsparcie jest najbardziej potrzebne. Prosimy o dofinansowanie op\u0142at za internat. Z ca\u0142ego serca dzi\u0119kujemy za ka\u017cd\u0105 \u201ecegie\u0142k\u0119\u201d do\u0142o\u017con\u0105 do wykszta\u0142cenia naszych wychowank\u00f3w.<\/p>\n<h4>Kosztorys:<\/h4>\n<p><img loading=\"lazy\" decoding=\"async\" class=\"alignnone wp-image-35208 size-full\" src=\"https:\/\/www.maitri.pl\/wp-content\/uploads\/2026\/03\/170-aniol-x.png\" alt=\"\" width=\"993\" height=\"98\" srcset=\"https:\/\/www.maitri.pl\/wp-content\/uploads\/2026\/03\/170-aniol-x.png 993w, https:\/\/www.maitri.pl\/wp-content\/uploads\/2026\/03\/170-aniol-x-300x30.png 300w, https:\/\/www.maitri.pl\/wp-content\/uploads\/2026\/03\/170-aniol-x-768x76.png 768w, https:\/\/www.maitri.pl\/wp-content\/uploads\/2026\/03\/170-aniol-x-600x59.png 600w\" sizes=\"auto, (max-width: 993px) 100vw, 993px\" \/><\/p>\n<p class=\"Zawartotabeli\" style=\"layout-grid-mode: char;\">Z pami\u0119ci\u0105 w modlitwie i wdzi\u0119czno\u015bci\u0105 pozostaje.<\/p>\n<p><em>Siostra Agnieszka Czajkowska<\/em>, <a href=\"https:\/\/www.siostryodaniolow.pl\/\" target=\"_blank\" rel=\"noopener noreferrer\">Zgromadzenie Si\u00f3str od Anio\u0142\u00f3w<\/a>,\u00a0Nyakinama, <a href=\"https:\/\/www.maitri.pl\/gdzie-pomagamy\/\" target=\"_blank\" rel=\"noopener noreferrer\">Rwanda<\/a><\/p>\n<p style=\"text-align: justify;\" align=\"JUSTIFY\"><span style=\"color: #ff0000;\"><span style=\"font-size: large;\"><b>Kwota projektu: 14 777 PLN<br \/>\n<\/b><\/span><\/span><\/p>\n<p style=\"text-align: justify;\"><strong>Numer projektu: 170\/ANIOL <\/strong><\/p>\n<p style=\"text-align: justify;\" align=\"JUSTIFY\"><span style=\"color: #808080;\">Stowarzyszenie Ruchu\u00a0<em>Maitri<\/em>\u00a0przeznacza do 10% otrzymanych \u015brodk\u00f3w na koszty funkcjonowania biura i pozyskiwanie funduszy pomocowych.<\/span><\/p>\n<h3 style=\"text-align: justify;\" align=\"JUSTIFY\"><span style=\"color: #808080;\">Dofinansowanie op\u0142at za internat dla dzieci niepe\u0142nosprawnych w Nyakinama w Rwandzie &#8211; Siostry od Anio\u0142\u00f3w<\/span><\/h3>\n","protected":false},"excerpt":{"rendered":"<p><strong>Projekt:<\/strong> Siostra Agnieszka Czajkowska, <a href=\"https:\/\/www.siostryodaniolow.pl\/\" target=\"_blank\" rel=\"noopener noreferrer\">Zgromadzenie Si\u00f3str od Anio\u0142\u00f3w<\/a><br \/>\n<strong>Misja:<\/strong> Nyakinama, <a href=\"https:\/\/www.maitri.pl\/gdzie-pomagamy\/\" target=\"_blank\" rel=\"noopener noreferrer\">Rwanda<\/a><br \/>\n<strong>Kwota projektu:<\/strong> <span style=\"color: #ff0000;\"><strong>14 777 PLN<\/strong><\/span><\/p>\n","protected":false},"featured_media":35214,"template":"","meta":[],"product_brand":[],"product_cat":[657],"product_tag":[705,707,708,665],"class_list":{"0":"post-35206","1":"product","2":"type-product","3":"status-publish","4":"has-post-thumbnail","6":"product_cat-projekty","7":"product_tag-nyakinama","8":"product_tag-rwanda","9":"product_tag-siostra-agnieszka-czajkowska","10":"product_tag-zgromadzenie-siostr-od-aniolow","12":"first","13":"instock","14":"virtual","15":"purchasable","16":"product-type-simple"},"yoast_head":"<!-- This site is optimized with the Yoast SEO plugin v27.2 - https:\/\/yoast.com\/product\/yoast-seo-wordpress\/ -->\n<title>Dofinansowanie op\u0142at za internat dla dzieci niepe\u0142nosprawnych<\/title>\n<meta name=\"description\" content=\"Dofinansowanie op\u0142at za internat dla dzieci niepe\u0142nosprawnych w Nyakinama w Rwandzie. O wsparcie prosz\u0119 Siostry od Anio\u0142\u00f3w. Ka\u017cda wp\u0142ata pomaga.\" \/>\n<meta name=\"robots\" content=\"index, follow, max-snippet:-1, max-image-preview:large, max-video-preview:-1\" \/>\n<link rel=\"canonical\" href=\"https:\/\/www.maitri.pl\/projekt\/dofinansowanie-internat-rwanda\/\" \/>\n<meta property=\"og:locale\" content=\"fr_FR\" \/>\n<meta property=\"og:type\" content=\"article\" \/>\n<meta property=\"og:title\" content=\"Dofinansowanie op\u0142at za internat dla dzieci niepe\u0142nosprawnych\" \/>\n<meta property=\"og:description\" content=\"Dofinansowanie op\u0142at za internat dla dzieci niepe\u0142nosprawnych w Nyakinama w Rwandzie. O wsparcie prosz\u0119 Siostry od Anio\u0142\u00f3w. Ka\u017cda wp\u0142ata pomaga.\" \/>\n<meta property=\"og:url\" content=\"https:\/\/www.maitri.pl\/projekt\/dofinansowanie-internat-rwanda\/\" \/>\n<meta property=\"og:site_name\" content=\"Ruch Maitri - Adopcja Serca pomoc Afryce\" \/>\n<meta property=\"article:publisher\" content=\"https:\/\/www.facebook.com\/MAITRI.Adopcja.Serca.dzieci.Afryki\/\" \/>\n<meta property=\"article:modified_time\" content=\"2026-03-30T14:50:44+00:00\" \/>\n<meta property=\"og:image\" content=\"https:\/\/www.maitri.pl\/wp-content\/uploads\/2026\/03\/170-aniol-3.jpeg\" \/>\n\t<meta property=\"og:image:width\" content=\"1040\" \/>\n\t<meta property=\"og:image:height\" content=\"780\" \/>\n\t<meta property=\"og:image:type\" content=\"image\/jpeg\" \/>\n<meta name=\"twitter:card\" content=\"summary_large_image\" \/>\n<meta name=\"twitter:label1\" content=\"Dur\u00e9e de lecture estim\u00e9e\" \/>\n\t<meta name=\"twitter:data1\" content=\"4 minutes\" \/>\n<script type=\"application\/ld+json\" class=\"yoast-schema-graph\">{\"@context\":\"https:\/\/schema.org\",\"@graph\":[{\"@type\":\"WebPage\",\"@id\":\"https:\/\/www.maitri.pl\/projekt\/dofinansowanie-internat-rwanda\/\",\"url\":\"https:\/\/www.maitri.pl\/projekt\/dofinansowanie-internat-rwanda\/\",\"name\":\"Dofinansowanie op\u0142at za internat dla dzieci niepe\u0142nosprawnych\",\"isPartOf\":{\"@id\":\"https:\/\/www.maitri.pl\/#website\"},\"primaryImageOfPage\":{\"@id\":\"https:\/\/www.maitri.pl\/projekt\/dofinansowanie-internat-rwanda\/#primaryimage\"},\"image\":{\"@id\":\"https:\/\/www.maitri.pl\/projekt\/dofinansowanie-internat-rwanda\/#primaryimage\"},\"thumbnailUrl\":\"https:\/\/www.maitri.pl\/wp-content\/uploads\/2026\/03\/170-aniol-3.jpeg\",\"datePublished\":\"2026-03-30T12:25:00+00:00\",\"dateModified\":\"2026-03-30T14:50:44+00:00\",\"description\":\"Dofinansowanie op\u0142at za internat dla dzieci niepe\u0142nosprawnych w Nyakinama w Rwandzie. O wsparcie prosz\u0119 Siostry od Anio\u0142\u00f3w. Ka\u017cda wp\u0142ata pomaga.\",\"breadcrumb\":{\"@id\":\"https:\/\/www.maitri.pl\/projekt\/dofinansowanie-internat-rwanda\/#breadcrumb\"},\"inLanguage\":\"fr-FR\",\"potentialAction\":[{\"@type\":\"ReadAction\",\"target\":[\"https:\/\/www.maitri.pl\/projekt\/dofinansowanie-internat-rwanda\/\"]}]},{\"@type\":\"ImageObject\",\"inLanguage\":\"fr-FR\",\"@id\":\"https:\/\/www.maitri.pl\/projekt\/dofinansowanie-internat-rwanda\/#primaryimage\",\"url\":\"https:\/\/www.maitri.pl\/wp-content\/uploads\/2026\/03\/170-aniol-3.jpeg\",\"contentUrl\":\"https:\/\/www.maitri.pl\/wp-content\/uploads\/2026\/03\/170-aniol-3.jpeg\",\"width\":1040,\"height\":780,\"caption\":\"Dofinansowanie op\u0142at za internat dla dzieci niepe\u0142nosprawnych w Nyakinama w Rwandzie Adopcja Serca Maitri Adopcja duchowa ja\u0142mu\u017cna pomoc ubogim pomoc Afryce 02\"},{\"@type\":\"BreadcrumbList\",\"@id\":\"https:\/\/www.maitri.pl\/projekt\/dofinansowanie-internat-rwanda\/#breadcrumb\",\"itemListElement\":[{\"@type\":\"ListItem\",\"position\":1,\"name\":\"Strona g\u0142\u00f3wna\",\"item\":\"https:\/\/www.maitri.pl\/\"},{\"@type\":\"ListItem\",\"position\":2,\"name\":\"Sklep\",\"item\":\"https:\/\/www.maitri.pl\/sklep\/\"},{\"@type\":\"ListItem\",\"position\":3,\"name\":\"Dofinansowanie op\u0142at za internat dla dzieci niepe\u0142nosprawnych w Nyakinama w Rwandzie\"}]},{\"@type\":\"WebSite\",\"@id\":\"https:\/\/www.maitri.pl\/#website\",\"url\":\"https:\/\/www.maitri.pl\/\",\"name\":\"Adopcja Serca Maitri \u2013 pomoc dzieciom w Afryce\",\"description\":\"Adopcja Serca \u2013 adopcja na odleg\u0142o\u015b\u0107, pomoc Afryce, do\u017cywianie i edukacja w Afryce\",\"publisher\":{\"@id\":\"https:\/\/www.maitri.pl\/#organization\"},\"potentialAction\":[{\"@type\":\"SearchAction\",\"target\":{\"@type\":\"EntryPoint\",\"urlTemplate\":\"https:\/\/www.maitri.pl\/?s={search_term_string}\"},\"query-input\":{\"@type\":\"PropertyValueSpecification\",\"valueRequired\":true,\"valueName\":\"search_term_string\"}}],\"inLanguage\":\"fr-FR\"},{\"@type\":\"Organization\",\"@id\":\"https:\/\/www.maitri.pl\/#organization\",\"name\":\"Stowarzyszenie Ruchu Maitri\",\"url\":\"https:\/\/www.maitri.pl\/\",\"logo\":{\"@type\":\"ImageObject\",\"inLanguage\":\"fr-FR\",\"@id\":\"https:\/\/www.maitri.pl\/#\/schema\/logo\/image\/\",\"url\":\"https:\/\/www.maitri.pl\/wp-content\/uploads\/2020\/04\/duze_logo-81.png\",\"contentUrl\":\"https:\/\/www.maitri.pl\/wp-content\/uploads\/2020\/04\/duze_logo-81.png\",\"width\":339,\"height\":321,\"caption\":\"Stowarzyszenie Ruchu Maitri\"},\"image\":{\"@id\":\"https:\/\/www.maitri.pl\/#\/schema\/logo\/image\/\"},\"sameAs\":[\"https:\/\/www.facebook.com\/MAITRI.Adopcja.Serca.dzieci.Afryki\/\"]}]}<\/script>\n<!-- \/ Yoast SEO plugin. -->","yoast_head_json":{"title":"Dofinansowanie op\u0142at za internat dla dzieci niepe\u0142nosprawnych","description":"Dofinansowanie op\u0142at za internat dla dzieci niepe\u0142nosprawnych w Nyakinama w Rwandzie. O wsparcie prosz\u0119 Siostry od Anio\u0142\u00f3w. Ka\u017cda wp\u0142ata pomaga.","robots":{"index":"index","follow":"follow","max-snippet":"max-snippet:-1","max-image-preview":"max-image-preview:large","max-video-preview":"max-video-preview:-1"},"canonical":"https:\/\/www.maitri.pl\/projekt\/dofinansowanie-internat-rwanda\/","og_locale":"fr_FR","og_type":"article","og_title":"Dofinansowanie op\u0142at za internat dla dzieci niepe\u0142nosprawnych","og_description":"Dofinansowanie op\u0142at za internat dla dzieci niepe\u0142nosprawnych w Nyakinama w Rwandzie. O wsparcie prosz\u0119 Siostry od Anio\u0142\u00f3w. Ka\u017cda wp\u0142ata pomaga.","og_url":"https:\/\/www.maitri.pl\/projekt\/dofinansowanie-internat-rwanda\/","og_site_name":"Ruch Maitri - Adopcja Serca pomoc Afryce","article_publisher":"https:\/\/www.facebook.com\/MAITRI.Adopcja.Serca.dzieci.Afryki\/","article_modified_time":"2026-03-30T14:50:44+00:00","og_image":[{"width":1040,"height":780,"url":"https:\/\/www.maitri.pl\/wp-content\/uploads\/2026\/03\/170-aniol-3.jpeg","type":"image\/jpeg"}],"twitter_card":"summary_large_image","twitter_misc":{"Dur\u00e9e de lecture estim\u00e9e":"4 minutes"},"schema":{"@context":"https:\/\/schema.org","@graph":[{"@type":"WebPage","@id":"https:\/\/www.maitri.pl\/projekt\/dofinansowanie-internat-rwanda\/","url":"https:\/\/www.maitri.pl\/projekt\/dofinansowanie-internat-rwanda\/","name":"Dofinansowanie op\u0142at za internat dla dzieci niepe\u0142nosprawnych","isPartOf":{"@id":"https:\/\/www.maitri.pl\/#website"},"primaryImageOfPage":{"@id":"https:\/\/www.maitri.pl\/projekt\/dofinansowanie-internat-rwanda\/#primaryimage"},"image":{"@id":"https:\/\/www.maitri.pl\/projekt\/dofinansowanie-internat-rwanda\/#primaryimage"},"thumbnailUrl":"https:\/\/www.maitri.pl\/wp-content\/uploads\/2026\/03\/170-aniol-3.jpeg","datePublished":"2026-03-30T12:25:00+00:00","dateModified":"2026-03-30T14:50:44+00:00","description":"Dofinansowanie op\u0142at za internat dla dzieci niepe\u0142nosprawnych w Nyakinama w Rwandzie. O wsparcie prosz\u0119 Siostry od Anio\u0142\u00f3w. Ka\u017cda wp\u0142ata pomaga.","breadcrumb":{"@id":"https:\/\/www.maitri.pl\/projekt\/dofinansowanie-internat-rwanda\/#breadcrumb"},"inLanguage":"fr-FR","potentialAction":[{"@type":"ReadAction","target":["https:\/\/www.maitri.pl\/projekt\/dofinansowanie-internat-rwanda\/"]}]},{"@type":"ImageObject","inLanguage":"fr-FR","@id":"https:\/\/www.maitri.pl\/projekt\/dofinansowanie-internat-rwanda\/#primaryimage","url":"https:\/\/www.maitri.pl\/wp-content\/uploads\/2026\/03\/170-aniol-3.jpeg","contentUrl":"https:\/\/www.maitri.pl\/wp-content\/uploads\/2026\/03\/170-aniol-3.jpeg","width":1040,"height":780,"caption":"Dofinansowanie op\u0142at za internat dla dzieci niepe\u0142nosprawnych w Nyakinama w Rwandzie Adopcja Serca Maitri Adopcja duchowa ja\u0142mu\u017cna pomoc ubogim pomoc Afryce 02"},{"@type":"BreadcrumbList","@id":"https:\/\/www.maitri.pl\/projekt\/dofinansowanie-internat-rwanda\/#breadcrumb","itemListElement":[{"@type":"ListItem","position":1,"name":"Strona g\u0142\u00f3wna","item":"https:\/\/www.maitri.pl\/"},{"@type":"ListItem","position":2,"name":"Sklep","item":"https:\/\/www.maitri.pl\/sklep\/"},{"@type":"ListItem","position":3,"name":"Dofinansowanie op\u0142at za internat dla dzieci niepe\u0142nosprawnych w Nyakinama w Rwandzie"}]},{"@type":"WebSite","@id":"https:\/\/www.maitri.pl\/#website","url":"https:\/\/www.maitri.pl\/","name":"Adopcja Serca Maitri \u2013 pomoc dzieciom w Afryce","description":"Adopcja Serca \u2013 adopcja na odleg\u0142o\u015b\u0107, pomoc Afryce, do\u017cywianie i edukacja w Afryce","publisher":{"@id":"https:\/\/www.maitri.pl\/#organization"},"potentialAction":[{"@type":"SearchAction","target":{"@type":"EntryPoint","urlTemplate":"https:\/\/www.maitri.pl\/?s={search_term_string}"},"query-input":{"@type":"PropertyValueSpecification","valueRequired":true,"valueName":"search_term_string"}}],"inLanguage":"fr-FR"},{"@type":"Organization","@id":"https:\/\/www.maitri.pl\/#organization","name":"Stowarzyszenie Ruchu Maitri","url":"https:\/\/www.maitri.pl\/","logo":{"@type":"ImageObject","inLanguage":"fr-FR","@id":"https:\/\/www.maitri.pl\/#\/schema\/logo\/image\/","url":"https:\/\/www.maitri.pl\/wp-content\/uploads\/2020\/04\/duze_logo-81.png","contentUrl":"https:\/\/www.maitri.pl\/wp-content\/uploads\/2020\/04\/duze_logo-81.png","width":339,"height":321,"caption":"Stowarzyszenie Ruchu Maitri"},"image":{"@id":"https:\/\/www.maitri.pl\/#\/schema\/logo\/image\/"},"sameAs":["https:\/\/www.facebook.com\/MAITRI.Adopcja.Serca.dzieci.Afryki\/"]}]}},"_links":{"self":[{"href":"https:\/\/www.maitri.pl\/fr\/wp-json\/wp\/v2\/product\/35206","targetHints":{"allow":["GET"]}}],"collection":[{"href":"https:\/\/www.maitri.pl\/fr\/wp-json\/wp\/v2\/product"}],"about":[{"href":"https:\/\/www.maitri.pl\/fr\/wp-json\/wp\/v2\/types\/product"}],"wp:featuredmedia":[{"embeddable":true,"href":"https:\/\/www.maitri.pl\/fr\/wp-json\/wp\/v2\/media\/35214"}],"wp:attachment":[{"href":"https:\/\/www.maitri.pl\/fr\/wp-json\/wp\/v2\/media?parent=35206"}],"wp:term":[{"taxonomy":"product_brand","embeddable":true,"href":"https:\/\/www.maitri.pl\/fr\/wp-json\/wp\/v2\/product_brand?post=35206"},{"taxonomy":"product_cat","embeddable":true,"href":"https:\/\/www.maitri.pl\/fr\/wp-json\/wp\/v2\/product_cat?post=35206"},{"taxonomy":"product_tag","embeddable":true,"href":"https:\/\/www.maitri.pl\/fr\/wp-json\/wp\/v2\/product_tag?post=35206"}],"curies":[{"name":"wp","href":"https:\/\/api.w.org\/{rel}","templated":true}]}}