{"id":35135,"date":"2026-03-20T19:23:37","date_gmt":"2026-03-20T18:23:37","guid":{"rendered":"https:\/\/www.maitri.pl\/?post_type=product&#038;p=35135"},"modified":"2026-03-20T19:23:37","modified_gmt":"2026-03-20T18:23:37","slug":"budowa-domu-dla-gluchoniemych","status":"publish","type":"product","link":"https:\/\/www.maitri.pl\/fr\/projekt\/budowa-domu-dla-gluchoniemych\/","title":{"rendered":"Budowa domu dla g\u0142uchoniemego rodze\u0144stwa z Kamerunu"},"content":{"rendered":"<h4>List od Siostry Eustelle<\/h4>\n<p>Farida to m\u0142oda dziewczyna, kt\u00f3ra jest g\u0142uchoniema i ma bardzo trudn\u0105 sytuacj\u0119 rodzinn\u0105. Jej matka, kt\u00f3ra ma problem z alkoholem, powa\u017cnie zaniedbuje swoje dwoje g\u0142uchych dzieci. Niestety nie dba o ich edukacj\u0119, bezpiecze\u0144stwo oraz podstawowe potrzeby. Z tego powodu Farida by\u0142a dzieckiem coraz bardziej zaniedbanym, nie ucz\u0119szcza\u0142a regularnie do szko\u0142y. W obliczu tej niepokoj\u0105cej sytuacji, szko\u0142a podj\u0119\u0142a decyzj\u0119 o umieszczeniu jej w internacie, aby zapewni\u0107 jej ochron\u0119 i mo\u017cliwo\u015b\u0107 nauki. Obecnie jedyn\u0105 osob\u0105, kt\u00f3ra naprawd\u0119 troszczy si\u0119 o jej przysz\u0142o\u015b\u0107, jest jej starszy brat. Niestety r\u00f3wnie\u017c Junior jest g\u0142uchy. Pomimo w\u0142asnej niepe\u0142nosprawno\u015bci i ograniczonych \u015brodk\u00f3w dok\u0142ada on wszelkich stara\u0144, aby opiekowa\u0107 si\u0119 siostr\u0105. Budowa domu dla g\u0142uchoniemych pomo\u017ce zmieni\u0107 ich los na lepsze.<\/p>\n<h4>Dzia\u0142ka ziemi jest, \u015brodk\u00f3w na budow\u0119 brak<\/h4>\n<p>Obecnie Junior pracuje jako portier w naszym internacie. Uda\u0142o mu si\u0119 kupi\u0107 niewielk\u0105 dzia\u0142k\u0119 w nadziei, \u017ce zbuduje pomieszczenie, w kt\u00f3rym b\u0119dzie m\u00f3g\u0142 mieszka\u0107 z Farid\u0105 i zapewni\u0107 jej stabilne i bezpieczne \u015brodowisko. Jednak nie dysponuje on \u015brodkami niezb\u0119dnymi do budowy tego mieszkania. Budowa tego niewielkiego domu pozwoli\u0142aby bratu Faridy godnie j\u0105 przyj\u0105\u0107 i zapewni\u0107 jej opiek\u0119, kt\u00f3rej potrzebuje, aby dorasta\u0107 w lepszych warunkach. Ten projekt ma kluczowe znaczenie dla przysz\u0142o\u015bci Faridy. Umieszczenie jej w internacie pozwoli\u0142o tymczasowo zapewni\u0107 jej bezpiecze\u0144stwo i edukacj\u0119, ale nadal wa\u017cne jest, aby mog\u0142a r\u00f3wnie\u017c cieszy\u0107 si\u0119 stabilnym \u015brodowiskiem rodzinnym, gdy nie jest w szkole. W\u0142a\u015bnie takim dzieciom pomagamy w programie <a href=\"https:\/\/www.maitri.pl\/adopcja-serca\/\" target=\"_blank\" rel=\"noopener\">Adopcja Serca<\/a>.<\/p>\n<h4>Brat na medal<\/h4>\n<p>Starszy brat Faridy jest obecnie jedyn\u0105 odpowiedzialn\u0105 i zaanga\u017cowan\u0105 osob\u0105 w jej \u017cyciu. Pomimo w\u0142asnych wyzwa\u0144 zwi\u0105zanych z niepe\u0142nosprawno\u015bci\u0105 wykazuje ogromn\u0105 determinacj\u0119, by poprawi\u0107 warunki \u017cycia m\u0142odszej siostry. Wspieraj\u0105c budow\u0119 niewielkiego mieszkania, przyczynimy si\u0119 do zapewnienia dziecku kochaj\u0105cego, bezpiecznego \u015brodowiska, sprzyjaj\u0105cego jej rozwojowi osobistemu i edukacyjnemu. Za ka\u017cd\u0105 darowizn\u0119 z serca dzi\u0119kujemy. Prosimy, aby kwota ta Pa\u0144stwa nie przera\u017ca\u0142a. Starszy brat b\u0119dzie nadal pracowa\u0142, aby wnie\u015b\u0107 sw\u00f3j wk\u0142ad. Budowa domu pozwoli im zacz\u0105\u0107 nowe \u017cycie.<\/p>\n<p><strong>Kosztorys:<\/strong><\/p>\n<p><img loading=\"lazy\" decoding=\"async\" class=\"alignnone wp-image-35137 size-full\" src=\"https:\/\/www.maitri.pl\/wp-content\/uploads\/2026\/03\/191-pasjo.png\" alt=\"\" width=\"958\" height=\"1374\" srcset=\"https:\/\/www.maitri.pl\/wp-content\/uploads\/2026\/03\/191-pasjo.png 958w, https:\/\/www.maitri.pl\/wp-content\/uploads\/2026\/03\/191-pasjo-209x300.png 209w, https:\/\/www.maitri.pl\/wp-content\/uploads\/2026\/03\/191-pasjo-714x1024.png 714w, https:\/\/www.maitri.pl\/wp-content\/uploads\/2026\/03\/191-pasjo-768x1101.png 768w, https:\/\/www.maitri.pl\/wp-content\/uploads\/2026\/03\/191-pasjo-600x861.png 600w\" sizes=\"auto, (max-width: 958px) 100vw, 958px\" \/><\/p>\n<p>Siostra Eustella Mbongu Mercy Silakwe<em>, <a href=\"http:\/\/www.siostrypasjonistki.pl\/\" target=\"_blank\" rel=\"noopener noreferrer\">Zgromadzenie Si\u00f3str M\u0119ki Pana Naszego Jezusa Chrystusa<\/a><\/em><\/p>\n<p><b style=\"font-size: large; color: #ff0000;\">Kwota: 32 000 PLN<\/b><\/p>\n<p style=\"text-align: justify;\" align=\"JUSTIFY\"><span style=\"color: #808080;\">Stowarzyszenie Ruchu\u00a0<em>Maitri<\/em> przeznacza do 10% otrzymanych \u015brodk\u00f3w na koszty funkcjonowania biura i pozyskiwanie funduszy pomocowych. <\/span><\/p>\n<h3 style=\"text-align: justify;\" align=\"JUSTIFY\"><span style=\"color: #808080;\">Budowa domu dla g\u0142uchoniemego rodze\u0144stwa z Kamerunu &#8211; Siostry Pasjonistki z Bertoua<\/span><\/h3>\n","protected":false},"excerpt":{"rendered":"<p><strong>Projekt:\u00a0<\/strong> Siostra Eustella Mbongu Mercy Silakwe<em>, <a href=\"http:\/\/www.siostrypasjonistki.pl\/\" target=\"_blank\" rel=\"noopener noreferrer\">Zgromadzenie Si\u00f3str M\u0119ki Pana Naszego Jezusa Chrystusa<\/a><\/em><br \/>\n<strong>Misja:<\/strong> Bertoua, <a href=\"https:\/\/www.maitri.pl\/gdzie-pomagamy\/\" target=\"_blank\" rel=\"noopener noreferrer\">Kamerun<\/a><br \/>\n<strong>Kwota projektu: <span style=\"color: #ff0000;\">32 000 PLN<\/span><\/strong><\/p>\n","protected":false},"featured_media":35167,"template":"","meta":[],"product_brand":[],"product_cat":[657],"product_tag":[856,658,915,740],"class_list":{"0":"post-35135","1":"product","2":"type-product","3":"status-publish","4":"has-post-thumbnail","6":"product_cat-projekty","7":"product_tag-bertoua","8":"product_tag-kamerun","9":"product_tag-pasjonistki","10":"product_tag-zgromadzenie-siostr-meki-pana-naszego-jezusa-chrystusa","12":"first","13":"instock","14":"virtual","15":"purchasable","16":"product-type-simple"},"yoast_head":"<!-- This site is optimized with the Yoast SEO plugin v27.2 - https:\/\/yoast.com\/product\/yoast-seo-wordpress\/ -->\n<title>Budowa domu dla g\u0142uchoniemego rodze\u0144stwa z Kamerunu<\/title>\n<meta name=\"description\" content=\"Budowa domu dla g\u0142uchoniemego rodze\u0144stwa z Kamerunu: Faridy i Juniora. W imieniu potrzebuj\u0105cych o wsparcie prosz\u0105 Siostry Pasjonistki z misji Bertoua.\" \/>\n<meta name=\"robots\" content=\"index, follow, max-snippet:-1, max-image-preview:large, max-video-preview:-1\" \/>\n<link rel=\"canonical\" href=\"https:\/\/www.maitri.pl\/projekt\/budowa-domu-dla-gluchoniemych\/\" \/>\n<meta property=\"og:locale\" content=\"fr_FR\" \/>\n<meta property=\"og:type\" content=\"article\" \/>\n<meta property=\"og:title\" content=\"Budowa domu dla g\u0142uchoniemego rodze\u0144stwa z Kamerunu\" \/>\n<meta property=\"og:description\" content=\"Budowa domu dla g\u0142uchoniemego rodze\u0144stwa z Kamerunu: Faridy i Juniora. W imieniu potrzebuj\u0105cych o wsparcie prosz\u0105 Siostry Pasjonistki z misji Bertoua.\" \/>\n<meta property=\"og:url\" content=\"https:\/\/www.maitri.pl\/projekt\/budowa-domu-dla-gluchoniemych\/\" \/>\n<meta property=\"og:site_name\" content=\"Ruch Maitri - Adopcja Serca pomoc Afryce\" \/>\n<meta property=\"article:publisher\" content=\"https:\/\/www.facebook.com\/MAITRI.Adopcja.Serca.dzieci.Afryki\/\" \/>\n<meta property=\"og:image\" content=\"https:\/\/www.maitri.pl\/wp-content\/uploads\/2026\/03\/10-191-e1774030273977.jpg\" \/>\n\t<meta property=\"og:image:width\" content=\"1120\" \/>\n\t<meta property=\"og:image:height\" content=\"1991\" \/>\n\t<meta property=\"og:image:type\" content=\"image\/jpeg\" \/>\n<meta name=\"twitter:card\" content=\"summary_large_image\" \/>\n<meta name=\"twitter:label1\" content=\"Dur\u00e9e de lecture estim\u00e9e\" \/>\n\t<meta name=\"twitter:data1\" content=\"3 minutes\" \/>\n<script type=\"application\/ld+json\" class=\"yoast-schema-graph\">{\"@context\":\"https:\/\/schema.org\",\"@graph\":[{\"@type\":\"WebPage\",\"@id\":\"https:\/\/www.maitri.pl\/projekt\/budowa-domu-dla-gluchoniemych\/\",\"url\":\"https:\/\/www.maitri.pl\/projekt\/budowa-domu-dla-gluchoniemych\/\",\"name\":\"Budowa domu dla g\u0142uchoniemego rodze\u0144stwa z Kamerunu\",\"isPartOf\":{\"@id\":\"https:\/\/www.maitri.pl\/#website\"},\"primaryImageOfPage\":{\"@id\":\"https:\/\/www.maitri.pl\/projekt\/budowa-domu-dla-gluchoniemych\/#primaryimage\"},\"image\":{\"@id\":\"https:\/\/www.maitri.pl\/projekt\/budowa-domu-dla-gluchoniemych\/#primaryimage\"},\"thumbnailUrl\":\"https:\/\/www.maitri.pl\/wp-content\/uploads\/2026\/03\/10-191-e1774030273977.jpg\",\"datePublished\":\"2026-03-20T18:23:37+00:00\",\"description\":\"Budowa domu dla g\u0142uchoniemego rodze\u0144stwa z Kamerunu: Faridy i Juniora. W imieniu potrzebuj\u0105cych o wsparcie prosz\u0105 Siostry Pasjonistki z misji Bertoua.\",\"breadcrumb\":{\"@id\":\"https:\/\/www.maitri.pl\/projekt\/budowa-domu-dla-gluchoniemych\/#breadcrumb\"},\"inLanguage\":\"fr-FR\",\"potentialAction\":[{\"@type\":\"ReadAction\",\"target\":[\"https:\/\/www.maitri.pl\/projekt\/budowa-domu-dla-gluchoniemych\/\"]}]},{\"@type\":\"ImageObject\",\"inLanguage\":\"fr-FR\",\"@id\":\"https:\/\/www.maitri.pl\/projekt\/budowa-domu-dla-gluchoniemych\/#primaryimage\",\"url\":\"https:\/\/www.maitri.pl\/wp-content\/uploads\/2026\/03\/10-191-e1774030273977.jpg\",\"contentUrl\":\"https:\/\/www.maitri.pl\/wp-content\/uploads\/2026\/03\/10-191-e1774030273977.jpg\",\"width\":1120,\"height\":1991,\"caption\":\"Budowa domu dla g\u0142uchoniemego rodze\u0144stwa z Kamerunu Adopcja Serca Maitri Adopcja duchowa pomoc Afryce pomoc ubogim pomoc g\u0142uchoniemym ja\u0142mu\u017cna Kamerun 010\"},{\"@type\":\"BreadcrumbList\",\"@id\":\"https:\/\/www.maitri.pl\/projekt\/budowa-domu-dla-gluchoniemych\/#breadcrumb\",\"itemListElement\":[{\"@type\":\"ListItem\",\"position\":1,\"name\":\"Strona g\u0142\u00f3wna\",\"item\":\"https:\/\/www.maitri.pl\/\"},{\"@type\":\"ListItem\",\"position\":2,\"name\":\"Sklep\",\"item\":\"https:\/\/www.maitri.pl\/sklep\/\"},{\"@type\":\"ListItem\",\"position\":3,\"name\":\"Budowa domu dla g\u0142uchoniemego rodze\u0144stwa z Kamerunu\"}]},{\"@type\":\"WebSite\",\"@id\":\"https:\/\/www.maitri.pl\/#website\",\"url\":\"https:\/\/www.maitri.pl\/\",\"name\":\"Adopcja Serca Maitri \u2013 pomoc dzieciom w Afryce\",\"description\":\"Adopcja Serca \u2013 adopcja na odleg\u0142o\u015b\u0107, pomoc Afryce, do\u017cywianie i edukacja w Afryce\",\"publisher\":{\"@id\":\"https:\/\/www.maitri.pl\/#organization\"},\"potentialAction\":[{\"@type\":\"SearchAction\",\"target\":{\"@type\":\"EntryPoint\",\"urlTemplate\":\"https:\/\/www.maitri.pl\/?s={search_term_string}\"},\"query-input\":{\"@type\":\"PropertyValueSpecification\",\"valueRequired\":true,\"valueName\":\"search_term_string\"}}],\"inLanguage\":\"fr-FR\"},{\"@type\":\"Organization\",\"@id\":\"https:\/\/www.maitri.pl\/#organization\",\"name\":\"Stowarzyszenie Ruchu Maitri\",\"url\":\"https:\/\/www.maitri.pl\/\",\"logo\":{\"@type\":\"ImageObject\",\"inLanguage\":\"fr-FR\",\"@id\":\"https:\/\/www.maitri.pl\/#\/schema\/logo\/image\/\",\"url\":\"https:\/\/www.maitri.pl\/wp-content\/uploads\/2020\/04\/duze_logo-81.png\",\"contentUrl\":\"https:\/\/www.maitri.pl\/wp-content\/uploads\/2020\/04\/duze_logo-81.png\",\"width\":339,\"height\":321,\"caption\":\"Stowarzyszenie Ruchu Maitri\"},\"image\":{\"@id\":\"https:\/\/www.maitri.pl\/#\/schema\/logo\/image\/\"},\"sameAs\":[\"https:\/\/www.facebook.com\/MAITRI.Adopcja.Serca.dzieci.Afryki\/\"]}]}<\/script>\n<!-- \/ Yoast SEO plugin. -->","yoast_head_json":{"title":"Budowa domu dla g\u0142uchoniemego rodze\u0144stwa z Kamerunu","description":"Budowa domu dla g\u0142uchoniemego rodze\u0144stwa z Kamerunu: Faridy i Juniora. W imieniu potrzebuj\u0105cych o wsparcie prosz\u0105 Siostry Pasjonistki z misji Bertoua.","robots":{"index":"index","follow":"follow","max-snippet":"max-snippet:-1","max-image-preview":"max-image-preview:large","max-video-preview":"max-video-preview:-1"},"canonical":"https:\/\/www.maitri.pl\/projekt\/budowa-domu-dla-gluchoniemych\/","og_locale":"fr_FR","og_type":"article","og_title":"Budowa domu dla g\u0142uchoniemego rodze\u0144stwa z Kamerunu","og_description":"Budowa domu dla g\u0142uchoniemego rodze\u0144stwa z Kamerunu: Faridy i Juniora. W imieniu potrzebuj\u0105cych o wsparcie prosz\u0105 Siostry Pasjonistki z misji Bertoua.","og_url":"https:\/\/www.maitri.pl\/projekt\/budowa-domu-dla-gluchoniemych\/","og_site_name":"Ruch Maitri - Adopcja Serca pomoc Afryce","article_publisher":"https:\/\/www.facebook.com\/MAITRI.Adopcja.Serca.dzieci.Afryki\/","og_image":[{"width":1120,"height":1991,"url":"https:\/\/www.maitri.pl\/wp-content\/uploads\/2026\/03\/10-191-e1774030273977.jpg","type":"image\/jpeg"}],"twitter_card":"summary_large_image","twitter_misc":{"Dur\u00e9e de lecture estim\u00e9e":"3 minutes"},"schema":{"@context":"https:\/\/schema.org","@graph":[{"@type":"WebPage","@id":"https:\/\/www.maitri.pl\/projekt\/budowa-domu-dla-gluchoniemych\/","url":"https:\/\/www.maitri.pl\/projekt\/budowa-domu-dla-gluchoniemych\/","name":"Budowa domu dla g\u0142uchoniemego rodze\u0144stwa z Kamerunu","isPartOf":{"@id":"https:\/\/www.maitri.pl\/#website"},"primaryImageOfPage":{"@id":"https:\/\/www.maitri.pl\/projekt\/budowa-domu-dla-gluchoniemych\/#primaryimage"},"image":{"@id":"https:\/\/www.maitri.pl\/projekt\/budowa-domu-dla-gluchoniemych\/#primaryimage"},"thumbnailUrl":"https:\/\/www.maitri.pl\/wp-content\/uploads\/2026\/03\/10-191-e1774030273977.jpg","datePublished":"2026-03-20T18:23:37+00:00","description":"Budowa domu dla g\u0142uchoniemego rodze\u0144stwa z Kamerunu: Faridy i Juniora. W imieniu potrzebuj\u0105cych o wsparcie prosz\u0105 Siostry Pasjonistki z misji Bertoua.","breadcrumb":{"@id":"https:\/\/www.maitri.pl\/projekt\/budowa-domu-dla-gluchoniemych\/#breadcrumb"},"inLanguage":"fr-FR","potentialAction":[{"@type":"ReadAction","target":["https:\/\/www.maitri.pl\/projekt\/budowa-domu-dla-gluchoniemych\/"]}]},{"@type":"ImageObject","inLanguage":"fr-FR","@id":"https:\/\/www.maitri.pl\/projekt\/budowa-domu-dla-gluchoniemych\/#primaryimage","url":"https:\/\/www.maitri.pl\/wp-content\/uploads\/2026\/03\/10-191-e1774030273977.jpg","contentUrl":"https:\/\/www.maitri.pl\/wp-content\/uploads\/2026\/03\/10-191-e1774030273977.jpg","width":1120,"height":1991,"caption":"Budowa domu dla g\u0142uchoniemego rodze\u0144stwa z Kamerunu Adopcja Serca Maitri Adopcja duchowa pomoc Afryce pomoc ubogim pomoc g\u0142uchoniemym ja\u0142mu\u017cna Kamerun 010"},{"@type":"BreadcrumbList","@id":"https:\/\/www.maitri.pl\/projekt\/budowa-domu-dla-gluchoniemych\/#breadcrumb","itemListElement":[{"@type":"ListItem","position":1,"name":"Strona g\u0142\u00f3wna","item":"https:\/\/www.maitri.pl\/"},{"@type":"ListItem","position":2,"name":"Sklep","item":"https:\/\/www.maitri.pl\/sklep\/"},{"@type":"ListItem","position":3,"name":"Budowa domu dla g\u0142uchoniemego rodze\u0144stwa z Kamerunu"}]},{"@type":"WebSite","@id":"https:\/\/www.maitri.pl\/#website","url":"https:\/\/www.maitri.pl\/","name":"Adopcja Serca Maitri \u2013 pomoc dzieciom w Afryce","description":"Adopcja Serca \u2013 adopcja na odleg\u0142o\u015b\u0107, pomoc Afryce, do\u017cywianie i edukacja w Afryce","publisher":{"@id":"https:\/\/www.maitri.pl\/#organization"},"potentialAction":[{"@type":"SearchAction","target":{"@type":"EntryPoint","urlTemplate":"https:\/\/www.maitri.pl\/?s={search_term_string}"},"query-input":{"@type":"PropertyValueSpecification","valueRequired":true,"valueName":"search_term_string"}}],"inLanguage":"fr-FR"},{"@type":"Organization","@id":"https:\/\/www.maitri.pl\/#organization","name":"Stowarzyszenie Ruchu Maitri","url":"https:\/\/www.maitri.pl\/","logo":{"@type":"ImageObject","inLanguage":"fr-FR","@id":"https:\/\/www.maitri.pl\/#\/schema\/logo\/image\/","url":"https:\/\/www.maitri.pl\/wp-content\/uploads\/2020\/04\/duze_logo-81.png","contentUrl":"https:\/\/www.maitri.pl\/wp-content\/uploads\/2020\/04\/duze_logo-81.png","width":339,"height":321,"caption":"Stowarzyszenie Ruchu Maitri"},"image":{"@id":"https:\/\/www.maitri.pl\/#\/schema\/logo\/image\/"},"sameAs":["https:\/\/www.facebook.com\/MAITRI.Adopcja.Serca.dzieci.Afryki\/"]}]}},"_links":{"self":[{"href":"https:\/\/www.maitri.pl\/fr\/wp-json\/wp\/v2\/product\/35135","targetHints":{"allow":["GET"]}}],"collection":[{"href":"https:\/\/www.maitri.pl\/fr\/wp-json\/wp\/v2\/product"}],"about":[{"href":"https:\/\/www.maitri.pl\/fr\/wp-json\/wp\/v2\/types\/product"}],"wp:featuredmedia":[{"embeddable":true,"href":"https:\/\/www.maitri.pl\/fr\/wp-json\/wp\/v2\/media\/35167"}],"wp:attachment":[{"href":"https:\/\/www.maitri.pl\/fr\/wp-json\/wp\/v2\/media?parent=35135"}],"wp:term":[{"taxonomy":"product_brand","embeddable":true,"href":"https:\/\/www.maitri.pl\/fr\/wp-json\/wp\/v2\/product_brand?post=35135"},{"taxonomy":"product_cat","embeddable":true,"href":"https:\/\/www.maitri.pl\/fr\/wp-json\/wp\/v2\/product_cat?post=35135"},{"taxonomy":"product_tag","embeddable":true,"href":"https:\/\/www.maitri.pl\/fr\/wp-json\/wp\/v2\/product_tag?post=35135"}],"curies":[{"name":"wp","href":"https:\/\/api.w.org\/{rel}","templated":true}]}}