{"id":35054,"date":"2026-03-05T15:15:06","date_gmt":"2026-03-05T14:15:06","guid":{"rendered":"https:\/\/www.maitri.pl\/?post_type=product&#038;p=35054"},"modified":"2026-03-10T17:51:26","modified_gmt":"2026-03-10T16:51:26","slug":"dozywianie-dzieci-kboglota-2026","status":"publish","type":"product","link":"https:\/\/www.maitri.pl\/fr\/projekt\/dozywianie-dzieci-kboglota-2026\/","title":{"rendered":"Do\u017cywianie dzieci w \u017c\u0142obku w Kboglota w Kamerunie"},"content":{"rendered":"<h4>Azyl dla maluch\u00f3w<\/h4>\n<p>\u017b\u0142obek Anio\u0142\u00f3w Str\u00f3\u017c\u00f3w istnieje od 13 lat. Ucz\u0119szczaj\u0105 do niego dzieci w wieku od 3 miesi\u0119cy do 3 lat. Dzieci przebywaj\u0105 w nim codziennie od 7:00 do 16:30. Na sta\u0142e w \u017c\u0142obku przebywa 22 dzieci. W tym czasie ich mamy mog\u0105 pracowa\u0107 lub uczy\u0107 si\u0119. Niestety, ale zdarza si\u0119, \u017ce ich matki nadal s\u0105 uczennicami, maj\u0105c po 15, 16 lat.\u00a0Do \u017c\u0142obka przyjmujemy dzieci nie tylko zdrowe, ale r\u00f3wnie\u017c te, kt\u00f3re maj\u0105 problemy zdrowotne np. dzieci g\u0142uchonieme. To wielka zaleta naszej plac\u00f3wki, poniewa\u017c w innych o\u015brodkach te dzieci s\u0105 odrzucane. Nie zawsze s\u0105 to \u0142atwe przypadki, bo takim dzieciom trzeba po\u015bwi\u0119ci\u0107 wi\u0119cej uwagi i cierpliwo\u015bci. W \u017c\u0142obku prowadzimy do\u017cywianie dzieci.<\/p>\n<h4>Przyjmujemy wszystkich<\/h4>\n<p>Za dzienny pobyt dzieci rodzice musz\u0105 zap\u0142aci\u0107, poniewa\u017c trzeba utrzyma\u0107 personel. W \u017c\u0142obku na sta\u0142e zatrudnione s\u0105 4 opiekunki, kucharka i str\u00f3\u017c. Jednak ka\u017cdego roku mamy kilkoro dzieci, kt\u00f3re wychowywane s\u0105 przez matki chore na AIDS, lub matki m\u0142odociane, kt\u00f3re nie s\u0105 w stanie op\u0142aci\u0107 opieki w \u017c\u0142obku. Dzieci ucz\u0119szczaj\u0105ce do naszego \u017c\u0142obka maj\u0105 fachow\u0105 opiek\u0119, s\u0105 zadbane i przede wszystkim dobrze od\u017cywione. Maj\u0105 tu zapewniony rozw\u00f3j intelektualny i fizyczny. Ka\u017cdego dnia maj\u0105 zapewnione wy\u017cywienie, co jest bardzo wa\u017cne. Mimo to dzieciom brakuje witamin. W swoich domach maj\u0105 cz\u0119sto jeden posi\u0142ek dziennie. Przez z\u0142e od\u017cywianie zmniejsza si\u0119 odporno\u015b\u0107 organizmu, wi\u0119c rozwijaj\u0105 si\u0119 r\u00f3\u017cne choroby. Temu chcemy zapobiega\u0107, st\u0105d do\u017cywianie dzieci.\u00a0Jednocze\u015bnie chcemy pom\u00f3c dziewcz\u0119tom-matkom, aby i one sta\u0142y si\u0119 samodzielne i mog\u0142y sko\u0144czy\u0107 szko\u0142\u0119, a tym samym mie\u0107 szans\u0119 na znalezienie pracy i wychowanie swoich dzieci.<\/p>\n<h4>Kosztorys:<\/h4>\n<p><img loading=\"lazy\" decoding=\"async\" class=\"alignnone wp-image-35056 size-full\" src=\"https:\/\/www.maitri.pl\/wp-content\/uploads\/2026\/03\/189-pasjo.png\" alt=\"\" width=\"956\" height=\"665\" srcset=\"https:\/\/www.maitri.pl\/wp-content\/uploads\/2026\/03\/189-pasjo.png 956w, https:\/\/www.maitri.pl\/wp-content\/uploads\/2026\/03\/189-pasjo-300x209.png 300w, https:\/\/www.maitri.pl\/wp-content\/uploads\/2026\/03\/189-pasjo-768x534.png 768w, https:\/\/www.maitri.pl\/wp-content\/uploads\/2026\/03\/189-pasjo-600x417.png 600w\" sizes=\"auto, (max-width: 956px) 100vw, 956px\" \/><\/p>\n<p>Odpowiedzialna za projekt: <em>Siostra Norberta Banaszek, <a href=\"http:\/\/www.siostrypasjonistki.pl\/\" target=\"_blank\" rel=\"noopener noreferrer\">Zgromadzenie Si\u00f3str M\u0119ki Pana Naszego Jezusa Chrystusa<\/a><\/em><\/p>\n<p><b style=\"font-size: large; color: #ff0000;\">Kwota: 11 100 PLN<\/b><\/p>\n<p><strong>Numer projektu: 189\/PASJO<\/strong><\/p>\n<p style=\"text-align: justify;\" align=\"JUSTIFY\"><span style=\"color: #808080;\">Stowarzyszenie Ruchu\u00a0<em>Maitri<\/em> przeznacza do 10% otrzymanych \u015brodk\u00f3w na koszty funkcjonowania biura i pozyskiwanie funduszy pomocowych. <\/span><\/p>\n<h3 style=\"text-align: justify;\" align=\"JUSTIFY\"><span style=\"color: #808080;\">Do\u017cywianie dzieci w \u017c\u0142obku w Kboglota w Kamerunie &#8211; Siostry Pasjonistki<\/span><\/h3>\n","protected":false},"excerpt":{"rendered":"<p><strong>Projekt:<\/strong> Siostra <em>Norberta Banaszek, <a href=\"http:\/\/www.siostrypasjonistki.pl\/\" target=\"_blank\" rel=\"noopener noreferrer\">Zgromadzenie Si\u00f3str M\u0119ki Pana Naszego Jezusa Chrystusa<\/a><\/em><br \/>\n<strong>Misja: <\/strong>Kboglota, <a href=\"https:\/\/www.maitri.pl\/gdzie-pomagamy\/\" target=\"_blank\" rel=\"noopener noreferrer\">Kamerun<\/a><br \/>\n<strong>Zbierana kwota:<\/strong> <span style=\"color: #ff0000;\"><strong>11 100 PLN<\/strong><\/span><\/p>\n","protected":false},"featured_media":35062,"template":"","meta":[],"product_brand":[],"product_cat":[661,657],"product_tag":[676,658,834,732,740],"class_list":{"0":"post-35054","1":"product","2":"type-product","3":"status-publish","4":"has-post-thumbnail","6":"product_cat-dozywianie","7":"product_cat-projekty","8":"product_tag-dozywianie","9":"product_tag-kamerun","10":"product_tag-siostra-norberta-banaszek","11":"product_tag-siostry-pasjonistki","12":"product_tag-zgromadzenie-siostr-meki-pana-naszego-jezusa-chrystusa","14":"first","15":"instock","16":"virtual","17":"purchasable","18":"product-type-simple"},"yoast_head":"<!-- This site is optimized with the Yoast SEO plugin v27.2 - https:\/\/yoast.com\/product\/yoast-seo-wordpress\/ -->\n<title>Do\u017cywianie dzieci w \u017c\u0142obku w Kboglota w Kamerunie<\/title>\n<meta name=\"description\" content=\"Do\u017cywianie dzieci w \u017c\u0142obku w Kboglota w Kamerunie. O wsparcie dla maluch\u00f3w i ich matek prosz\u0105 Siostry Pasjonistki. Ka\u017cda wp\u0142ata pomaga!\" \/>\n<meta name=\"robots\" content=\"index, follow, max-snippet:-1, max-image-preview:large, max-video-preview:-1\" \/>\n<link rel=\"canonical\" href=\"https:\/\/www.maitri.pl\/projekt\/dozywianie-dzieci-kboglota-2026\/\" \/>\n<meta property=\"og:locale\" content=\"fr_FR\" \/>\n<meta property=\"og:type\" content=\"article\" \/>\n<meta property=\"og:title\" content=\"Do\u017cywianie dzieci w \u017c\u0142obku w Kboglota w Kamerunie\" \/>\n<meta property=\"og:description\" content=\"Do\u017cywianie dzieci w \u017c\u0142obku w Kboglota w Kamerunie. O wsparcie dla maluch\u00f3w i ich matek prosz\u0105 Siostry Pasjonistki. Ka\u017cda wp\u0142ata pomaga!\" \/>\n<meta property=\"og:url\" content=\"https:\/\/www.maitri.pl\/projekt\/dozywianie-dzieci-kboglota-2026\/\" \/>\n<meta property=\"og:site_name\" content=\"Ruch Maitri - Adopcja Serca pomoc Afryce\" \/>\n<meta property=\"article:publisher\" content=\"https:\/\/www.facebook.com\/MAITRI.Adopcja.Serca.dzieci.Afryki\/\" \/>\n<meta property=\"article:modified_time\" content=\"2026-03-10T16:51:26+00:00\" \/>\n<meta property=\"og:image\" content=\"https:\/\/www.maitri.pl\/wp-content\/uploads\/2026\/03\/189-pasjo-2.jpeg\" \/>\n\t<meta property=\"og:image:width\" content=\"810\" \/>\n\t<meta property=\"og:image:height\" content=\"1080\" \/>\n\t<meta property=\"og:image:type\" content=\"image\/jpeg\" \/>\n<meta name=\"twitter:card\" content=\"summary_large_image\" \/>\n<meta name=\"twitter:label1\" content=\"Dur\u00e9e de lecture estim\u00e9e\" \/>\n\t<meta name=\"twitter:data1\" content=\"3 minutes\" \/>\n<script type=\"application\/ld+json\" class=\"yoast-schema-graph\">{\"@context\":\"https:\/\/schema.org\",\"@graph\":[{\"@type\":\"WebPage\",\"@id\":\"https:\/\/www.maitri.pl\/projekt\/dozywianie-dzieci-kboglota-2026\/\",\"url\":\"https:\/\/www.maitri.pl\/projekt\/dozywianie-dzieci-kboglota-2026\/\",\"name\":\"Do\u017cywianie dzieci w \u017c\u0142obku w Kboglota w Kamerunie\",\"isPartOf\":{\"@id\":\"https:\/\/www.maitri.pl\/#website\"},\"primaryImageOfPage\":{\"@id\":\"https:\/\/www.maitri.pl\/projekt\/dozywianie-dzieci-kboglota-2026\/#primaryimage\"},\"image\":{\"@id\":\"https:\/\/www.maitri.pl\/projekt\/dozywianie-dzieci-kboglota-2026\/#primaryimage\"},\"thumbnailUrl\":\"https:\/\/www.maitri.pl\/wp-content\/uploads\/2026\/03\/189-pasjo-2.jpeg\",\"datePublished\":\"2026-03-05T14:15:06+00:00\",\"dateModified\":\"2026-03-10T16:51:26+00:00\",\"description\":\"Do\u017cywianie dzieci w \u017c\u0142obku w Kboglota w Kamerunie. O wsparcie dla maluch\u00f3w i ich matek prosz\u0105 Siostry Pasjonistki. Ka\u017cda wp\u0142ata pomaga!\",\"breadcrumb\":{\"@id\":\"https:\/\/www.maitri.pl\/projekt\/dozywianie-dzieci-kboglota-2026\/#breadcrumb\"},\"inLanguage\":\"fr-FR\",\"potentialAction\":[{\"@type\":\"ReadAction\",\"target\":[\"https:\/\/www.maitri.pl\/projekt\/dozywianie-dzieci-kboglota-2026\/\"]}]},{\"@type\":\"ImageObject\",\"inLanguage\":\"fr-FR\",\"@id\":\"https:\/\/www.maitri.pl\/projekt\/dozywianie-dzieci-kboglota-2026\/#primaryimage\",\"url\":\"https:\/\/www.maitri.pl\/wp-content\/uploads\/2026\/03\/189-pasjo-2.jpeg\",\"contentUrl\":\"https:\/\/www.maitri.pl\/wp-content\/uploads\/2026\/03\/189-pasjo-2.jpeg\",\"width\":810,\"height\":1080,\"caption\":\"Do\u017cywianie dzieci w \u017c\u0142obku w Kboglota w Kamerunie pomoc Afryce pomoc ubogim Adopcja Serca Maitri Adopcja duchowa ja\u0142mu\u017cna 02\"},{\"@type\":\"BreadcrumbList\",\"@id\":\"https:\/\/www.maitri.pl\/projekt\/dozywianie-dzieci-kboglota-2026\/#breadcrumb\",\"itemListElement\":[{\"@type\":\"ListItem\",\"position\":1,\"name\":\"Strona g\u0142\u00f3wna\",\"item\":\"https:\/\/www.maitri.pl\/\"},{\"@type\":\"ListItem\",\"position\":2,\"name\":\"Sklep\",\"item\":\"https:\/\/www.maitri.pl\/sklep\/\"},{\"@type\":\"ListItem\",\"position\":3,\"name\":\"Do\u017cywianie dzieci w \u017c\u0142obku w Kboglota w Kamerunie\"}]},{\"@type\":\"WebSite\",\"@id\":\"https:\/\/www.maitri.pl\/#website\",\"url\":\"https:\/\/www.maitri.pl\/\",\"name\":\"Adopcja Serca Maitri \u2013 pomoc dzieciom w Afryce\",\"description\":\"Adopcja Serca \u2013 adopcja na odleg\u0142o\u015b\u0107, pomoc Afryce, do\u017cywianie i edukacja w Afryce\",\"publisher\":{\"@id\":\"https:\/\/www.maitri.pl\/#organization\"},\"potentialAction\":[{\"@type\":\"SearchAction\",\"target\":{\"@type\":\"EntryPoint\",\"urlTemplate\":\"https:\/\/www.maitri.pl\/?s={search_term_string}\"},\"query-input\":{\"@type\":\"PropertyValueSpecification\",\"valueRequired\":true,\"valueName\":\"search_term_string\"}}],\"inLanguage\":\"fr-FR\"},{\"@type\":\"Organization\",\"@id\":\"https:\/\/www.maitri.pl\/#organization\",\"name\":\"Stowarzyszenie Ruchu Maitri\",\"url\":\"https:\/\/www.maitri.pl\/\",\"logo\":{\"@type\":\"ImageObject\",\"inLanguage\":\"fr-FR\",\"@id\":\"https:\/\/www.maitri.pl\/#\/schema\/logo\/image\/\",\"url\":\"https:\/\/www.maitri.pl\/wp-content\/uploads\/2020\/04\/duze_logo-81.png\",\"contentUrl\":\"https:\/\/www.maitri.pl\/wp-content\/uploads\/2020\/04\/duze_logo-81.png\",\"width\":339,\"height\":321,\"caption\":\"Stowarzyszenie Ruchu Maitri\"},\"image\":{\"@id\":\"https:\/\/www.maitri.pl\/#\/schema\/logo\/image\/\"},\"sameAs\":[\"https:\/\/www.facebook.com\/MAITRI.Adopcja.Serca.dzieci.Afryki\/\"]}]}<\/script>\n<!-- \/ Yoast SEO plugin. -->","yoast_head_json":{"title":"Do\u017cywianie dzieci w \u017c\u0142obku w Kboglota w Kamerunie","description":"Do\u017cywianie dzieci w \u017c\u0142obku w Kboglota w Kamerunie. O wsparcie dla maluch\u00f3w i ich matek prosz\u0105 Siostry Pasjonistki. Ka\u017cda wp\u0142ata pomaga!","robots":{"index":"index","follow":"follow","max-snippet":"max-snippet:-1","max-image-preview":"max-image-preview:large","max-video-preview":"max-video-preview:-1"},"canonical":"https:\/\/www.maitri.pl\/projekt\/dozywianie-dzieci-kboglota-2026\/","og_locale":"fr_FR","og_type":"article","og_title":"Do\u017cywianie dzieci w \u017c\u0142obku w Kboglota w Kamerunie","og_description":"Do\u017cywianie dzieci w \u017c\u0142obku w Kboglota w Kamerunie. O wsparcie dla maluch\u00f3w i ich matek prosz\u0105 Siostry Pasjonistki. Ka\u017cda wp\u0142ata pomaga!","og_url":"https:\/\/www.maitri.pl\/projekt\/dozywianie-dzieci-kboglota-2026\/","og_site_name":"Ruch Maitri - Adopcja Serca pomoc Afryce","article_publisher":"https:\/\/www.facebook.com\/MAITRI.Adopcja.Serca.dzieci.Afryki\/","article_modified_time":"2026-03-10T16:51:26+00:00","og_image":[{"width":810,"height":1080,"url":"https:\/\/www.maitri.pl\/wp-content\/uploads\/2026\/03\/189-pasjo-2.jpeg","type":"image\/jpeg"}],"twitter_card":"summary_large_image","twitter_misc":{"Dur\u00e9e de lecture estim\u00e9e":"3 minutes"},"schema":{"@context":"https:\/\/schema.org","@graph":[{"@type":"WebPage","@id":"https:\/\/www.maitri.pl\/projekt\/dozywianie-dzieci-kboglota-2026\/","url":"https:\/\/www.maitri.pl\/projekt\/dozywianie-dzieci-kboglota-2026\/","name":"Do\u017cywianie dzieci w \u017c\u0142obku w Kboglota w Kamerunie","isPartOf":{"@id":"https:\/\/www.maitri.pl\/#website"},"primaryImageOfPage":{"@id":"https:\/\/www.maitri.pl\/projekt\/dozywianie-dzieci-kboglota-2026\/#primaryimage"},"image":{"@id":"https:\/\/www.maitri.pl\/projekt\/dozywianie-dzieci-kboglota-2026\/#primaryimage"},"thumbnailUrl":"https:\/\/www.maitri.pl\/wp-content\/uploads\/2026\/03\/189-pasjo-2.jpeg","datePublished":"2026-03-05T14:15:06+00:00","dateModified":"2026-03-10T16:51:26+00:00","description":"Do\u017cywianie dzieci w \u017c\u0142obku w Kboglota w Kamerunie. O wsparcie dla maluch\u00f3w i ich matek prosz\u0105 Siostry Pasjonistki. Ka\u017cda wp\u0142ata pomaga!","breadcrumb":{"@id":"https:\/\/www.maitri.pl\/projekt\/dozywianie-dzieci-kboglota-2026\/#breadcrumb"},"inLanguage":"fr-FR","potentialAction":[{"@type":"ReadAction","target":["https:\/\/www.maitri.pl\/projekt\/dozywianie-dzieci-kboglota-2026\/"]}]},{"@type":"ImageObject","inLanguage":"fr-FR","@id":"https:\/\/www.maitri.pl\/projekt\/dozywianie-dzieci-kboglota-2026\/#primaryimage","url":"https:\/\/www.maitri.pl\/wp-content\/uploads\/2026\/03\/189-pasjo-2.jpeg","contentUrl":"https:\/\/www.maitri.pl\/wp-content\/uploads\/2026\/03\/189-pasjo-2.jpeg","width":810,"height":1080,"caption":"Do\u017cywianie dzieci w \u017c\u0142obku w Kboglota w Kamerunie pomoc Afryce pomoc ubogim Adopcja Serca Maitri Adopcja duchowa ja\u0142mu\u017cna 02"},{"@type":"BreadcrumbList","@id":"https:\/\/www.maitri.pl\/projekt\/dozywianie-dzieci-kboglota-2026\/#breadcrumb","itemListElement":[{"@type":"ListItem","position":1,"name":"Strona g\u0142\u00f3wna","item":"https:\/\/www.maitri.pl\/"},{"@type":"ListItem","position":2,"name":"Sklep","item":"https:\/\/www.maitri.pl\/sklep\/"},{"@type":"ListItem","position":3,"name":"Do\u017cywianie dzieci w \u017c\u0142obku w Kboglota w Kamerunie"}]},{"@type":"WebSite","@id":"https:\/\/www.maitri.pl\/#website","url":"https:\/\/www.maitri.pl\/","name":"Adopcja Serca Maitri \u2013 pomoc dzieciom w Afryce","description":"Adopcja Serca \u2013 adopcja na odleg\u0142o\u015b\u0107, pomoc Afryce, do\u017cywianie i edukacja w Afryce","publisher":{"@id":"https:\/\/www.maitri.pl\/#organization"},"potentialAction":[{"@type":"SearchAction","target":{"@type":"EntryPoint","urlTemplate":"https:\/\/www.maitri.pl\/?s={search_term_string}"},"query-input":{"@type":"PropertyValueSpecification","valueRequired":true,"valueName":"search_term_string"}}],"inLanguage":"fr-FR"},{"@type":"Organization","@id":"https:\/\/www.maitri.pl\/#organization","name":"Stowarzyszenie Ruchu Maitri","url":"https:\/\/www.maitri.pl\/","logo":{"@type":"ImageObject","inLanguage":"fr-FR","@id":"https:\/\/www.maitri.pl\/#\/schema\/logo\/image\/","url":"https:\/\/www.maitri.pl\/wp-content\/uploads\/2020\/04\/duze_logo-81.png","contentUrl":"https:\/\/www.maitri.pl\/wp-content\/uploads\/2020\/04\/duze_logo-81.png","width":339,"height":321,"caption":"Stowarzyszenie Ruchu Maitri"},"image":{"@id":"https:\/\/www.maitri.pl\/#\/schema\/logo\/image\/"},"sameAs":["https:\/\/www.facebook.com\/MAITRI.Adopcja.Serca.dzieci.Afryki\/"]}]}},"_links":{"self":[{"href":"https:\/\/www.maitri.pl\/fr\/wp-json\/wp\/v2\/product\/35054","targetHints":{"allow":["GET"]}}],"collection":[{"href":"https:\/\/www.maitri.pl\/fr\/wp-json\/wp\/v2\/product"}],"about":[{"href":"https:\/\/www.maitri.pl\/fr\/wp-json\/wp\/v2\/types\/product"}],"wp:featuredmedia":[{"embeddable":true,"href":"https:\/\/www.maitri.pl\/fr\/wp-json\/wp\/v2\/media\/35062"}],"wp:attachment":[{"href":"https:\/\/www.maitri.pl\/fr\/wp-json\/wp\/v2\/media?parent=35054"}],"wp:term":[{"taxonomy":"product_brand","embeddable":true,"href":"https:\/\/www.maitri.pl\/fr\/wp-json\/wp\/v2\/product_brand?post=35054"},{"taxonomy":"product_cat","embeddable":true,"href":"https:\/\/www.maitri.pl\/fr\/wp-json\/wp\/v2\/product_cat?post=35054"},{"taxonomy":"product_tag","embeddable":true,"href":"https:\/\/www.maitri.pl\/fr\/wp-json\/wp\/v2\/product_tag?post=35054"}],"curies":[{"name":"wp","href":"https:\/\/api.w.org\/{rel}","templated":true}]}}