{"id":35041,"date":"2026-03-05T11:06:06","date_gmt":"2026-03-05T10:06:06","guid":{"rendered":"https:\/\/www.maitri.pl\/?post_type=product&#038;p=35041"},"modified":"2026-03-05T11:06:40","modified_gmt":"2026-03-05T10:06:40","slug":"maszyny-do-szycia-musongati-2026","status":"publish","type":"product","link":"https:\/\/www.maitri.pl\/fr\/projekt\/maszyny-do-szycia-musongati-2026\/","title":{"rendered":"Maszyny do szycia dla 21 absolwent\u00f3w szk\u00f3\u0142 zawodowych w Musongati"},"content":{"rendered":"<h4>Krawiectwo szans\u0105 na prac\u0119<\/h4>\n<p>Od ponad p\u00f3\u0142 wieku przy misji w Musongati m\u0142odzi ludzie zdobywaj\u0105 praktyczne umiej\u0119tno\u015bci i przygotowuj\u0105 si\u0119 do wykonywania zawodu. Dzia\u0142aj\u0105ce tam Centrum Nauczania Zawodu powsta\u0142o w latach 1973\u20131975 i do dzi\u015b pomaga kolejnym pokoleniom zdoby\u0107 kwalifikacje potrzebne do samodzielnego \u017cycia. W\u015br\u00f3d r\u00f3\u017cnych kierunk\u00f3w szczeg\u00f3ln\u0105 popularno\u015bci\u0105 cieszy si\u0119 krawiectwo, kt\u00f3re jest bardo cz\u0119sto wybierane przez uczennice i uczni\u00f3w ko\u0144cz\u0105cych szko\u0142\u0119.\u00a0Nie dzieje si\u0119 tak bez powodu. W tej cz\u0119\u015bci Burundi, podobnie jak w wielu regionach Afryki, praca krawcowej czy krawca jest niezwykle potrzebna. To oni naprawiaj\u0105 zniszczon\u0105 odzie\u017c, szyj\u0105 nowe ubrania i przygotowuj\u0105 stroje na wa\u017cne uroczysto\u015bci. Umiej\u0119tno\u015b\u0107 szycia oznacza wi\u0119c realn\u0105 mo\u017cliwo\u015b\u0107 utrzymania si\u0119 z w\u0142asnej pracy, bo zapotrzebowanie na takie us\u0142ugi wci\u0105\u017c jest du\u017ce.<\/p>\n<h4>Maszyna do szycia najwi\u0119kszym marzeniem<\/h4>\n<p>Dla wielu absolwent\u00f3w szko\u0142y przy misji zdobyty zaw\u00f3d staje si\u0119 pierwszym krokiem do wyrwania si\u0119 z ub\u00f3stwa. Po zako\u0144czeniu nauki marz\u0105 przede wszystkim o jednym, czyli o w\u0142asnej maszynie do szycia, bo ta pozwoli im rozpocz\u0105\u0107 samodzieln\u0105 prac\u0119. Chcieliby\u015bmy pom\u00f3c spe\u0142ni\u0107 to marzenie i przekaza\u0107 maszyny do szycia absolwentom Szko\u0142y Zawodowej Kroju i Szycia w Musongati. Ka\u017cda z dziewcz\u0105t, kt\u00f3ra ko\u0144czy w tym roku szko\u0142\u0119, liczy, \u017ce otrzyma na w\u0142asno\u015b\u0107 maszyn\u0119 i b\u0119dzie j\u0105 mog\u0142a zabra\u0107 do domu. Taka maszyna to prawdziwy skarb dla dziewcz\u0105t i ich rodzin, kt\u00f3rych nie sta\u0107 na jej zakup. Dla nich to nie jest dar na raz, lecz pozwoli im przez d\u0142ugie lata zarabia\u0107 na utrzymanie swoje i rodziny.<\/p>\n<h4>List od Siostry Alphonsine<\/h4>\n<p><em>\u00ab\u00a0Mamy zaszczyt zwr\u00f3ci\u0107 si\u0119 do Pa\u0144stwa z pro\u015bb\u0105 o przed\u0142u\u017cenie wsparcia w postaci maszyn do szycia dla uczni\u00f3w Centrum Kszta\u0142cenia Zawodowego w Musongati. U<\/em><em>czniowie drugiego roku krawiectwa zako\u0144cz\u0105 swoj\u0105 nauk\u0119 zawodu w lipcu tego roku 2026. Chcieliby\u015bmy prosi\u0107 o pomoc w postaci jednej maszyny do szycia dla ka\u017cdego ucznia. Jest ich \u0142\u0105cznie dwadzie\u015bcia jeden. Drodzy cz\u0142onkowie ruchu MAITRI, pomoc w postaci maszyn pozwoli naszym absolwentom radzi\u0107 sobie w codziennym \u017cyciu. Ubodzy m\u0142odzi ludzie b\u0119d\u0105 mogli wspiera\u0107 swoje rodziny, nie zapominaj\u0105c o wk\u0142adzie w rozw\u00f3j kraju. Maj\u0105c nadziej\u0119 na pozytywn\u0105 odpowied\u017a na nasz\u0105 pro\u015bb\u0119, uprzejmie prosimy wszystkich cz\u0142onk\u00f3w ruchu MAITRI o przyj\u0119cie wyrazy naszego najwy\u017cszego szacunku. <\/em><em>Mam nadziej\u0119, \u017ce pomimo kryzys\u00f3w \u015bwiatowych, MAITRI wyci\u0105gnie do nas pomocn\u0105 d\u0142o\u0144 i sfinansuje jak co roku narz\u0119dzia pracy dla dziewcz\u0105t z naszej szko\u0142y. Wierz\u0119, \u017ce nasze absolwentki t\u0105 pomoc otrzymaj\u0105. Z g\u00f3ry dzi\u0119kuj\u0119 za okazane serce\u201d.<\/em><\/p>\n<h4>Kosztorys:<\/h4>\n<p>21 maszyn do szycia &#8211;\u00a021 szt. \u00a0x 800 000 frbu<\/p>\n<p><strong>Podsumowanie w miejscowej walucie: 16 800 000 frank\u00f3w burundyjskich<\/strong><\/p>\n<p><em>s. Alphonsine Ndayiragije,<\/em>\u00a0<a href=\"https:\/\/www.karmel.pl\/rodzina-karmelu\/zgromadzenie-siostr-karmelitanek-dzieciatka-jezus\/\" target=\"_blank\" rel=\"noopener noreferrer\">Zgromadzenie Si\u00f3str Karmelitanek Dzieci\u0105tka Jezus<\/a>, Musongati, <a href=\"https:\/\/www.maitri.pl\/gdzie-pomagamy\/\" target=\"_blank\" rel=\"noopener\">Burundi<\/a><\/p>\n<p style=\"text-align: justify;\"><span style=\"color: #ff0000;\"><span style=\"font-size: large;\"><b>Kwota projektu: <strong>19 390 PLN<\/strong><\/b><\/span><\/span><\/p>\n<p><strong>Numer projektu: 172\/KARML<\/strong><\/p>\n<p style=\"text-align: justify;\"><span style=\"font-size: large;\"><em><span style=\"color: #999999;\"><span style=\"font-size: medium;\">Stowarzyszenie Ruchu Maitri przeznacza do 10% otrzymanych \u015brodk\u00f3w na koszty funkcjonowania biura i pozyskiwanie funduszy pomocowych.<\/span><\/span><\/em><\/span><\/p>\n<h3 style=\"text-align: justify;\" align=\"JUSTIFY\"><span style=\"color: #808080;\">Maszyny do szycia dla 21 absolwent\u00f3w szk\u00f3\u0142 zawodowych w Musongati w Burundi &#8211; Siostry Karmelitanki<\/span><\/h3>\n","protected":false},"excerpt":{"rendered":"<p><strong>Projekt:<\/strong> <em>s. Alphonsine Ndayiragije,<\/em>\u00a0<a href=\"https:\/\/www.karmel.pl\/rodzina-karmelu\/zgromadzenie-siostr-karmelitanek-dzieciatka-jezus\/\" target=\"_blank\" rel=\"noopener noreferrer\">Zgromadzenie Si\u00f3str Karmelitanek Dzieci\u0105tka Jezus<\/a><br \/>\n<strong>Misja:<\/strong> Musongati, <a href=\"https:\/\/www.maitri.pl\/gdzie-pomagamy\/\" target=\"_blank\" rel=\"noopener\">Burundi<\/a><br \/>\n<strong>Zbierana kwota: <span style=\"color: #ff0000;\">19 390 PLN<\/span><\/strong><\/p>\n","protected":false},"featured_media":35045,"template":"","meta":[],"product_brand":[],"product_cat":[657],"product_tag":[667,752,712,1007,753,677],"class_list":{"0":"post-35041","1":"product","2":"type-product","3":"status-publish","4":"has-post-thumbnail","6":"product_cat-projekty","7":"product_tag-burundi","8":"product_tag-maszyny-do-szycia","9":"product_tag-musongati","10":"product_tag-siostra-alphonsine-ndayiragije","11":"product_tag-siostry-karmelitanki","12":"product_tag-zgromadzenie-siostr-karmelitanek-dzieciatka-jezus","14":"first","15":"instock","16":"virtual","17":"purchasable","18":"product-type-simple"},"yoast_head":"<!-- This site is optimized with the Yoast SEO plugin v27.2 - https:\/\/yoast.com\/product\/yoast-seo-wordpress\/ -->\n<title>Maszyny do szycia dla 21 absolwent\u00f3w szk\u00f3\u0142 zawodowych w Musongati<\/title>\n<meta name=\"description\" content=\"Maszyny do szycia dla 21 absolwent\u00f3w szk\u00f3\u0142 zawodowych w Musongati. O pomoc dla zdolnej m\u0142odzie\u017cy prosz\u0105 Siostry Karmelitanki. Ka\u017cda wp\u0142ata pomaga!\" \/>\n<meta name=\"robots\" content=\"index, follow, max-snippet:-1, max-image-preview:large, max-video-preview:-1\" \/>\n<link rel=\"canonical\" href=\"https:\/\/www.maitri.pl\/projekt\/maszyny-do-szycia-musongati-2026\/\" \/>\n<meta property=\"og:locale\" content=\"fr_FR\" \/>\n<meta property=\"og:type\" content=\"article\" \/>\n<meta property=\"og:title\" content=\"Maszyny do szycia dla 21 absolwent\u00f3w szk\u00f3\u0142 zawodowych w Musongati\" \/>\n<meta property=\"og:description\" content=\"Maszyny do szycia dla 21 absolwent\u00f3w szk\u00f3\u0142 zawodowych w Musongati. O pomoc dla zdolnej m\u0142odzie\u017cy prosz\u0105 Siostry Karmelitanki. Ka\u017cda wp\u0142ata pomaga!\" \/>\n<meta property=\"og:url\" content=\"https:\/\/www.maitri.pl\/projekt\/maszyny-do-szycia-musongati-2026\/\" \/>\n<meta property=\"og:site_name\" content=\"Ruch Maitri - Adopcja Serca pomoc Afryce\" \/>\n<meta property=\"article:publisher\" content=\"https:\/\/www.facebook.com\/MAITRI.Adopcja.Serca.dzieci.Afryki\/\" \/>\n<meta property=\"article:modified_time\" content=\"2026-03-05T10:06:40+00:00\" \/>\n<meta property=\"og:image\" content=\"https:\/\/www.maitri.pl\/wp-content\/uploads\/2026\/03\/172-foto-2.jpg\" \/>\n\t<meta property=\"og:image:width\" content=\"810\" \/>\n\t<meta property=\"og:image:height\" content=\"1080\" \/>\n\t<meta property=\"og:image:type\" content=\"image\/jpeg\" \/>\n<meta name=\"twitter:card\" content=\"summary_large_image\" \/>\n<meta name=\"twitter:label1\" content=\"Dur\u00e9e de lecture estim\u00e9e\" \/>\n\t<meta name=\"twitter:data1\" content=\"3 minutes\" \/>\n<script type=\"application\/ld+json\" class=\"yoast-schema-graph\">{\"@context\":\"https:\/\/schema.org\",\"@graph\":[{\"@type\":\"WebPage\",\"@id\":\"https:\/\/www.maitri.pl\/projekt\/maszyny-do-szycia-musongati-2026\/\",\"url\":\"https:\/\/www.maitri.pl\/projekt\/maszyny-do-szycia-musongati-2026\/\",\"name\":\"Maszyny do szycia dla 21 absolwent\u00f3w szk\u00f3\u0142 zawodowych w Musongati\",\"isPartOf\":{\"@id\":\"https:\/\/www.maitri.pl\/#website\"},\"primaryImageOfPage\":{\"@id\":\"https:\/\/www.maitri.pl\/projekt\/maszyny-do-szycia-musongati-2026\/#primaryimage\"},\"image\":{\"@id\":\"https:\/\/www.maitri.pl\/projekt\/maszyny-do-szycia-musongati-2026\/#primaryimage\"},\"thumbnailUrl\":\"https:\/\/www.maitri.pl\/wp-content\/uploads\/2026\/03\/172-foto-2.jpg\",\"datePublished\":\"2026-03-05T10:06:06+00:00\",\"dateModified\":\"2026-03-05T10:06:40+00:00\",\"description\":\"Maszyny do szycia dla 21 absolwent\u00f3w szk\u00f3\u0142 zawodowych w Musongati. O pomoc dla zdolnej m\u0142odzie\u017cy prosz\u0105 Siostry Karmelitanki. Ka\u017cda wp\u0142ata pomaga!\",\"breadcrumb\":{\"@id\":\"https:\/\/www.maitri.pl\/projekt\/maszyny-do-szycia-musongati-2026\/#breadcrumb\"},\"inLanguage\":\"fr-FR\",\"potentialAction\":[{\"@type\":\"ReadAction\",\"target\":[\"https:\/\/www.maitri.pl\/projekt\/maszyny-do-szycia-musongati-2026\/\"]}]},{\"@type\":\"ImageObject\",\"inLanguage\":\"fr-FR\",\"@id\":\"https:\/\/www.maitri.pl\/projekt\/maszyny-do-szycia-musongati-2026\/#primaryimage\",\"url\":\"https:\/\/www.maitri.pl\/wp-content\/uploads\/2026\/03\/172-foto-2.jpg\",\"contentUrl\":\"https:\/\/www.maitri.pl\/wp-content\/uploads\/2026\/03\/172-foto-2.jpg\",\"width\":810,\"height\":1080,\"caption\":\"Maszyny do szycia dla 21 absolwent\u00f3w szk\u00f3\u0142 zawodowych w Musongati pomoc Afryce pomoc ubogim Adopcja Serca Maitri Adopcja duchowa edukacja Afryki ja\u0142mu\u017cna Burundi 02\"},{\"@type\":\"BreadcrumbList\",\"@id\":\"https:\/\/www.maitri.pl\/projekt\/maszyny-do-szycia-musongati-2026\/#breadcrumb\",\"itemListElement\":[{\"@type\":\"ListItem\",\"position\":1,\"name\":\"Strona g\u0142\u00f3wna\",\"item\":\"https:\/\/www.maitri.pl\/\"},{\"@type\":\"ListItem\",\"position\":2,\"name\":\"Sklep\",\"item\":\"https:\/\/www.maitri.pl\/sklep\/\"},{\"@type\":\"ListItem\",\"position\":3,\"name\":\"Maszyny do szycia dla 21 absolwent\u00f3w szk\u00f3\u0142 zawodowych w Musongati\"}]},{\"@type\":\"WebSite\",\"@id\":\"https:\/\/www.maitri.pl\/#website\",\"url\":\"https:\/\/www.maitri.pl\/\",\"name\":\"Adopcja Serca Maitri \u2013 pomoc dzieciom w Afryce\",\"description\":\"Adopcja Serca \u2013 adopcja na odleg\u0142o\u015b\u0107, pomoc Afryce, do\u017cywianie i edukacja w Afryce\",\"publisher\":{\"@id\":\"https:\/\/www.maitri.pl\/#organization\"},\"potentialAction\":[{\"@type\":\"SearchAction\",\"target\":{\"@type\":\"EntryPoint\",\"urlTemplate\":\"https:\/\/www.maitri.pl\/?s={search_term_string}\"},\"query-input\":{\"@type\":\"PropertyValueSpecification\",\"valueRequired\":true,\"valueName\":\"search_term_string\"}}],\"inLanguage\":\"fr-FR\"},{\"@type\":\"Organization\",\"@id\":\"https:\/\/www.maitri.pl\/#organization\",\"name\":\"Stowarzyszenie Ruchu Maitri\",\"url\":\"https:\/\/www.maitri.pl\/\",\"logo\":{\"@type\":\"ImageObject\",\"inLanguage\":\"fr-FR\",\"@id\":\"https:\/\/www.maitri.pl\/#\/schema\/logo\/image\/\",\"url\":\"https:\/\/www.maitri.pl\/wp-content\/uploads\/2020\/04\/duze_logo-81.png\",\"contentUrl\":\"https:\/\/www.maitri.pl\/wp-content\/uploads\/2020\/04\/duze_logo-81.png\",\"width\":339,\"height\":321,\"caption\":\"Stowarzyszenie Ruchu Maitri\"},\"image\":{\"@id\":\"https:\/\/www.maitri.pl\/#\/schema\/logo\/image\/\"},\"sameAs\":[\"https:\/\/www.facebook.com\/MAITRI.Adopcja.Serca.dzieci.Afryki\/\"]}]}<\/script>\n<!-- \/ Yoast SEO plugin. -->","yoast_head_json":{"title":"Maszyny do szycia dla 21 absolwent\u00f3w szk\u00f3\u0142 zawodowych w Musongati","description":"Maszyny do szycia dla 21 absolwent\u00f3w szk\u00f3\u0142 zawodowych w Musongati. O pomoc dla zdolnej m\u0142odzie\u017cy prosz\u0105 Siostry Karmelitanki. Ka\u017cda wp\u0142ata pomaga!","robots":{"index":"index","follow":"follow","max-snippet":"max-snippet:-1","max-image-preview":"max-image-preview:large","max-video-preview":"max-video-preview:-1"},"canonical":"https:\/\/www.maitri.pl\/projekt\/maszyny-do-szycia-musongati-2026\/","og_locale":"fr_FR","og_type":"article","og_title":"Maszyny do szycia dla 21 absolwent\u00f3w szk\u00f3\u0142 zawodowych w Musongati","og_description":"Maszyny do szycia dla 21 absolwent\u00f3w szk\u00f3\u0142 zawodowych w Musongati. O pomoc dla zdolnej m\u0142odzie\u017cy prosz\u0105 Siostry Karmelitanki. Ka\u017cda wp\u0142ata pomaga!","og_url":"https:\/\/www.maitri.pl\/projekt\/maszyny-do-szycia-musongati-2026\/","og_site_name":"Ruch Maitri - Adopcja Serca pomoc Afryce","article_publisher":"https:\/\/www.facebook.com\/MAITRI.Adopcja.Serca.dzieci.Afryki\/","article_modified_time":"2026-03-05T10:06:40+00:00","og_image":[{"width":810,"height":1080,"url":"https:\/\/www.maitri.pl\/wp-content\/uploads\/2026\/03\/172-foto-2.jpg","type":"image\/jpeg"}],"twitter_card":"summary_large_image","twitter_misc":{"Dur\u00e9e de lecture estim\u00e9e":"3 minutes"},"schema":{"@context":"https:\/\/schema.org","@graph":[{"@type":"WebPage","@id":"https:\/\/www.maitri.pl\/projekt\/maszyny-do-szycia-musongati-2026\/","url":"https:\/\/www.maitri.pl\/projekt\/maszyny-do-szycia-musongati-2026\/","name":"Maszyny do szycia dla 21 absolwent\u00f3w szk\u00f3\u0142 zawodowych w Musongati","isPartOf":{"@id":"https:\/\/www.maitri.pl\/#website"},"primaryImageOfPage":{"@id":"https:\/\/www.maitri.pl\/projekt\/maszyny-do-szycia-musongati-2026\/#primaryimage"},"image":{"@id":"https:\/\/www.maitri.pl\/projekt\/maszyny-do-szycia-musongati-2026\/#primaryimage"},"thumbnailUrl":"https:\/\/www.maitri.pl\/wp-content\/uploads\/2026\/03\/172-foto-2.jpg","datePublished":"2026-03-05T10:06:06+00:00","dateModified":"2026-03-05T10:06:40+00:00","description":"Maszyny do szycia dla 21 absolwent\u00f3w szk\u00f3\u0142 zawodowych w Musongati. O pomoc dla zdolnej m\u0142odzie\u017cy prosz\u0105 Siostry Karmelitanki. Ka\u017cda wp\u0142ata pomaga!","breadcrumb":{"@id":"https:\/\/www.maitri.pl\/projekt\/maszyny-do-szycia-musongati-2026\/#breadcrumb"},"inLanguage":"fr-FR","potentialAction":[{"@type":"ReadAction","target":["https:\/\/www.maitri.pl\/projekt\/maszyny-do-szycia-musongati-2026\/"]}]},{"@type":"ImageObject","inLanguage":"fr-FR","@id":"https:\/\/www.maitri.pl\/projekt\/maszyny-do-szycia-musongati-2026\/#primaryimage","url":"https:\/\/www.maitri.pl\/wp-content\/uploads\/2026\/03\/172-foto-2.jpg","contentUrl":"https:\/\/www.maitri.pl\/wp-content\/uploads\/2026\/03\/172-foto-2.jpg","width":810,"height":1080,"caption":"Maszyny do szycia dla 21 absolwent\u00f3w szk\u00f3\u0142 zawodowych w Musongati pomoc Afryce pomoc ubogim Adopcja Serca Maitri Adopcja duchowa edukacja Afryki ja\u0142mu\u017cna Burundi 02"},{"@type":"BreadcrumbList","@id":"https:\/\/www.maitri.pl\/projekt\/maszyny-do-szycia-musongati-2026\/#breadcrumb","itemListElement":[{"@type":"ListItem","position":1,"name":"Strona g\u0142\u00f3wna","item":"https:\/\/www.maitri.pl\/"},{"@type":"ListItem","position":2,"name":"Sklep","item":"https:\/\/www.maitri.pl\/sklep\/"},{"@type":"ListItem","position":3,"name":"Maszyny do szycia dla 21 absolwent\u00f3w szk\u00f3\u0142 zawodowych w Musongati"}]},{"@type":"WebSite","@id":"https:\/\/www.maitri.pl\/#website","url":"https:\/\/www.maitri.pl\/","name":"Adopcja Serca Maitri \u2013 pomoc dzieciom w Afryce","description":"Adopcja Serca \u2013 adopcja na odleg\u0142o\u015b\u0107, pomoc Afryce, do\u017cywianie i edukacja w Afryce","publisher":{"@id":"https:\/\/www.maitri.pl\/#organization"},"potentialAction":[{"@type":"SearchAction","target":{"@type":"EntryPoint","urlTemplate":"https:\/\/www.maitri.pl\/?s={search_term_string}"},"query-input":{"@type":"PropertyValueSpecification","valueRequired":true,"valueName":"search_term_string"}}],"inLanguage":"fr-FR"},{"@type":"Organization","@id":"https:\/\/www.maitri.pl\/#organization","name":"Stowarzyszenie Ruchu Maitri","url":"https:\/\/www.maitri.pl\/","logo":{"@type":"ImageObject","inLanguage":"fr-FR","@id":"https:\/\/www.maitri.pl\/#\/schema\/logo\/image\/","url":"https:\/\/www.maitri.pl\/wp-content\/uploads\/2020\/04\/duze_logo-81.png","contentUrl":"https:\/\/www.maitri.pl\/wp-content\/uploads\/2020\/04\/duze_logo-81.png","width":339,"height":321,"caption":"Stowarzyszenie Ruchu Maitri"},"image":{"@id":"https:\/\/www.maitri.pl\/#\/schema\/logo\/image\/"},"sameAs":["https:\/\/www.facebook.com\/MAITRI.Adopcja.Serca.dzieci.Afryki\/"]}]}},"_links":{"self":[{"href":"https:\/\/www.maitri.pl\/fr\/wp-json\/wp\/v2\/product\/35041","targetHints":{"allow":["GET"]}}],"collection":[{"href":"https:\/\/www.maitri.pl\/fr\/wp-json\/wp\/v2\/product"}],"about":[{"href":"https:\/\/www.maitri.pl\/fr\/wp-json\/wp\/v2\/types\/product"}],"wp:featuredmedia":[{"embeddable":true,"href":"https:\/\/www.maitri.pl\/fr\/wp-json\/wp\/v2\/media\/35045"}],"wp:attachment":[{"href":"https:\/\/www.maitri.pl\/fr\/wp-json\/wp\/v2\/media?parent=35041"}],"wp:term":[{"taxonomy":"product_brand","embeddable":true,"href":"https:\/\/www.maitri.pl\/fr\/wp-json\/wp\/v2\/product_brand?post=35041"},{"taxonomy":"product_cat","embeddable":true,"href":"https:\/\/www.maitri.pl\/fr\/wp-json\/wp\/v2\/product_cat?post=35041"},{"taxonomy":"product_tag","embeddable":true,"href":"https:\/\/www.maitri.pl\/fr\/wp-json\/wp\/v2\/product_tag?post=35041"}],"curies":[{"name":"wp","href":"https:\/\/api.w.org\/{rel}","templated":true}]}}