{"id":34969,"date":"2026-02-24T13:56:48","date_gmt":"2026-02-24T12:56:48","guid":{"rendered":"https:\/\/www.maitri.pl\/?post_type=product&#038;p=34969"},"modified":"2026-02-24T13:58:33","modified_gmt":"2026-02-24T12:58:33","slug":"dozywianie-chorych-buraniro-2026","status":"publish","type":"product","link":"https:\/\/www.maitri.pl\/fr\/projekt\/dozywianie-chorych-buraniro-2026\/","title":{"rendered":"Do\u017cywianie chorych w O\u015brodku Zdrowia w Buraniro w 2026 roku"},"content":{"rendered":"<h4>\u00a0Wok\u00f3\u0142 coraz biedniej<\/h4>\n<p>Burundi to jeden z najbiedniejszych kraj\u00f3w \u015bwiata, kt\u00f3ry z roku na rok coraz bardziej ubo\u017ceje. Z powodu inflacji i kryzysu gospodarczego wszelkie op\u0142aty wzros\u0142y. Ceny \u017cywno\u015bci posz\u0142y do g\u00f3ry nawet trzykrotnie, a wynagrodzenie za dzie\u0144 pracy stoi w miejscu i wynosi ok 0.70 euro. Ludzie s\u0105 coraz bardziej biedni, a wida\u0107 to zw\u0142aszcza na wsiach, wyra\u017anie po ubiorach i wygl\u0105dzie zewn\u0119trznym. Ludzie s\u0105 wychudzeni i cz\u0119sto prosz\u0105 o darmowe leczenie lub za prac\u0119. Chorzy przewa\u017cnie z dalszych okolic, a tak\u017ce i ci najbli\u017cej mieszkaj\u0105cy nie zawsze s\u0105 w stanie zakupi\u0107 jedzenie. Nasz szpital nie zapewnia chorym wy\u017cywienia, wi\u0119c musz\u0105 to robi\u0107 we w\u0142asnym zakresie. Jednak w chorobie cz\u0119sto cierpi\u0105 na brak apetytu i czasem potrzeba im poda\u0107 cho\u0107by talerz ry\u017cu, aby mogli si\u0119 wzmocni\u0107. Do\u017cywianie chorych to bardzo potrzebna inicjatywa, dlatego prosimy o wsparcie.<\/p>\n<h4>Pomoc dla niedo\u017cywionych<\/h4>\n<p>Serdeczne B\u00f3g Zap\u0142a\u0107 za okazan\u0105 pomoc w do\u017cywianiu chorych w O\u015brodku Zdrowia w Buraniro w roku 2025. Mog\u0142y\u015bmy kilkakrotnie dokona\u0107 zakupu musalaku (od\u017cywcza kaszka). Dzieci, ci\u0119\u017cko chorzy, ci z daleka oraz biedni dostali po jednym kilogramie, by przygotowa\u0107 mieszank\u0119 od\u017cywcz\u0105. Z pomocy jednorazowej skorzysta\u0142o 1236 os\u00f3b. Chorzy na gru\u017alic\u0119 (72 osoby) dostawali po 1 kg na dwa tygodnie przez okres 6 miesi\u0119cy tj. 864 kg. Na \u015bwi\u0119ta Wielkanocne i Bo\u017cego Narodzenia dostali po jednym kilogramie fasoli i ry\u017cu, po woreczku soli 500 g, troch\u0119 suszonych rybek i oliw\u0119 palmow\u0105 po 100 g. Prosimy o dalsze do\u017cywianie chorych.<\/p>\n<h4>Wesprzyj powr\u00f3t do zdrowia<\/h4>\n<p>Na rzecz chorych pragniemy zakupi\u0107 2 500 kg musalaku. Zazwyczaj jest on rozdawany w \u015brod\u0119 ka\u017cdego tygodnia dla chorych przebywaj\u0105cych w szpitalu i na porod\u00f3wce, a to ok. 200 os\u00f3b, wychodzi \u015brednio po 1 kg dla ka\u017cdego chorego. Jest to pomoc jednorazowa.\u00a0 Do\u017cywianie chorych w naszym O\u015brodku Zdrowia to wielka pomoc w procesie dochodzenia do zdrowia. Niestety same leki nie wystarczaj\u0105, gdy \u017co\u0142\u0105dek b\u0119dzie pusty, a przeciwnie spowoduje to inne komplikacje np. wrzody \u017co\u0142\u0105dkowe. W duchu wdzi\u0119czno\u015bci kilka razy w ci\u0105gu roku w kaplicy szpitalnej jest odprawiana Msza \u015bw. za darczy\u0144c\u00f3w z Polski. W ubieg\u0142ym roku Msz\u0119 \u015bwi\u0119t\u0105 w intencji darczy\u0144c\u00f3w odprawili\u015bmy 24.12, w wigili\u0119 Bo\u017cego Narodzenia. Za ka\u017cdy gest \u017cyczliwo\u015bci w imieniu chorych m\u00f3wimy B\u00f3g Zap\u0142a\u0107.<\/p>\n<h4>Kosztorys:<\/h4>\n<p><img loading=\"lazy\" decoding=\"async\" class=\"alignnone wp-image-34973 size-full\" src=\"https:\/\/www.maitri.pl\/wp-content\/uploads\/2026\/02\/254-ducha.png\" alt=\"\" width=\"1002\" height=\"449\" srcset=\"https:\/\/www.maitri.pl\/wp-content\/uploads\/2026\/02\/254-ducha.png 1002w, https:\/\/www.maitri.pl\/wp-content\/uploads\/2026\/02\/254-ducha-300x134.png 300w, https:\/\/www.maitri.pl\/wp-content\/uploads\/2026\/02\/254-ducha-768x344.png 768w, https:\/\/www.maitri.pl\/wp-content\/uploads\/2026\/02\/254-ducha-1000x449.png 1000w, https:\/\/www.maitri.pl\/wp-content\/uploads\/2026\/02\/254-ducha-600x269.png 600w\" sizes=\"auto, (max-width: 1002px) 100vw, 1002px\" \/><\/p>\n<p><em><strong>Podsumowanie w miejscowej walucie: 28 230 000 frank\u00f3w burundyjskich<\/strong><\/em><\/p>\n<p><em>Siostra Janina Zakrzewska<\/em>, <a href=\"http:\/\/kanoniczki.pl\/index.php\/pojdz-za-mna\/moje-powolanie\/260-jestem-afrykanka\"> Zgromadzenie Si\u00f3str Kanoniczek Ducha \u015awi\u0119tego de Saxia<\/a>, misja Buraniro, <a href=\"https:\/\/www.maitri.pl\/gdzie-pomagamy\/\" target=\"_blank\" rel=\"noopener\">Burundi<\/a><\/p>\n<p style=\"text-align: justify;\" align=\"JUSTIFY\"><span style=\"color: #ff0000;\"><span style=\"font-size: large;\"><b>Kwota projektu: 19 733 PLN<\/b><\/span><\/span><\/p>\n<p style=\"text-align: justify;\"><strong>Numer projektu: 242\/DUCHA<\/strong><\/p>\n<p style=\"text-align: justify;\" align=\"JUSTIFY\"><span style=\"color: #808080;\">Stowarzyszenie Ruchu\u00a0<em>Maitri<\/em>\u00a0przeznacza do 10% otrzymanych \u015brodk\u00f3w na koszty funkcjonowania biura i pozyskiwanie funduszy pomocowych.<\/span><\/p>\n<h3 style=\"text-align: justify;\" align=\"JUSTIFY\"><span style=\"color: #808080;\"><strong>Do\u017cywianie chorych w O\u015brodku Zdrowia w Buraniro w 2026 roku , Burundi &#8211; Siostry Kanoniczki<\/strong><\/span><\/h3>\n","protected":false},"excerpt":{"rendered":"<p><strong>Projekt:<\/strong> <em>Siostra Janina Zakrzewska<\/em>, <a href=\"http:\/\/kanoniczki.pl\/index.php\/pojdz-za-mna\/moje-powolanie\/260-jestem-afrykanka\"> Zgromadzenie Si\u00f3str Kanoniczek Ducha \u015awi\u0119tego de Saxia<\/a><br \/>\n<strong>Misja:<\/strong> Buraniro, <a href=\"https:\/\/www.maitri.pl\/gdzie-pomagamy\/\" target=\"_blank\" rel=\"noopener noreferrer\">Burundi<\/a><br \/>\n<strong>Zbierana kwota: <span style=\"color: #ff0000;\">19 733 PLN<\/span><\/strong><\/p>\n","protected":false},"featured_media":34979,"template":"","meta":[],"product_brand":[],"product_cat":[657],"product_tag":[666,667,854,845],"class_list":{"0":"post-34969","1":"product","2":"type-product","3":"status-publish","4":"has-post-thumbnail","6":"product_cat-projekty","7":"product_tag-buraniro","8":"product_tag-burundi","9":"product_tag-siostra-janina-zakrzewska","10":"product_tag-zgromadzenie-siostr-kanoniczek-ducha-swietego","12":"first","13":"instock","14":"virtual","15":"purchasable","16":"product-type-simple"},"yoast_head":"<!-- This site is optimized with the Yoast SEO plugin v27.2 - https:\/\/yoast.com\/product\/yoast-seo-wordpress\/ -->\n<title>Do\u017cywianie chorych w O\u015brodku Zdrowia w Buraniro w 2026 roku<\/title>\n<meta name=\"description\" content=\"Do\u017cywianie chorych w O\u015brodku Zdrowia w Buraniro w 2026 roku. O wsparcie prosz\u0105 Siostry Kanoniczki Ducha \u015awi\u0119tego. Ka\u017cda wp\u0142ata pomaga!\" \/>\n<meta name=\"robots\" content=\"index, follow, max-snippet:-1, max-image-preview:large, max-video-preview:-1\" \/>\n<link rel=\"canonical\" href=\"https:\/\/www.maitri.pl\/projekt\/dozywianie-chorych-buraniro-2026\/\" \/>\n<meta property=\"og:locale\" content=\"fr_FR\" \/>\n<meta property=\"og:type\" content=\"article\" \/>\n<meta property=\"og:title\" content=\"Do\u017cywianie chorych w O\u015brodku Zdrowia w Buraniro w 2026 roku\" \/>\n<meta property=\"og:description\" content=\"Do\u017cywianie chorych w O\u015brodku Zdrowia w Buraniro w 2026 roku. O wsparcie prosz\u0105 Siostry Kanoniczki Ducha \u015awi\u0119tego. Ka\u017cda wp\u0142ata pomaga!\" \/>\n<meta property=\"og:url\" content=\"https:\/\/www.maitri.pl\/projekt\/dozywianie-chorych-buraniro-2026\/\" \/>\n<meta property=\"og:site_name\" content=\"Ruch Maitri - Adopcja Serca pomoc Afryce\" \/>\n<meta property=\"article:publisher\" content=\"https:\/\/www.facebook.com\/MAITRI.Adopcja.Serca.dzieci.Afryki\/\" \/>\n<meta property=\"article:modified_time\" content=\"2026-02-24T12:58:33+00:00\" \/>\n<meta property=\"og:image\" content=\"https:\/\/www.maitri.pl\/wp-content\/uploads\/2026\/02\/IMG-20240909-WA0011.jpg\" \/>\n\t<meta property=\"og:image:width\" content=\"1080\" \/>\n\t<meta property=\"og:image:height\" content=\"810\" \/>\n\t<meta property=\"og:image:type\" content=\"image\/jpeg\" \/>\n<meta name=\"twitter:card\" content=\"summary_large_image\" \/>\n<meta name=\"twitter:label1\" content=\"Dur\u00e9e de lecture estim\u00e9e\" \/>\n\t<meta name=\"twitter:data1\" content=\"3 minutes\" \/>\n<script type=\"application\/ld+json\" class=\"yoast-schema-graph\">{\"@context\":\"https:\/\/schema.org\",\"@graph\":[{\"@type\":\"WebPage\",\"@id\":\"https:\/\/www.maitri.pl\/projekt\/dozywianie-chorych-buraniro-2026\/\",\"url\":\"https:\/\/www.maitri.pl\/projekt\/dozywianie-chorych-buraniro-2026\/\",\"name\":\"Do\u017cywianie chorych w O\u015brodku Zdrowia w Buraniro w 2026 roku\",\"isPartOf\":{\"@id\":\"https:\/\/www.maitri.pl\/#website\"},\"primaryImageOfPage\":{\"@id\":\"https:\/\/www.maitri.pl\/projekt\/dozywianie-chorych-buraniro-2026\/#primaryimage\"},\"image\":{\"@id\":\"https:\/\/www.maitri.pl\/projekt\/dozywianie-chorych-buraniro-2026\/#primaryimage\"},\"thumbnailUrl\":\"https:\/\/www.maitri.pl\/wp-content\/uploads\/2026\/02\/IMG-20240909-WA0011.jpg\",\"datePublished\":\"2026-02-24T12:56:48+00:00\",\"dateModified\":\"2026-02-24T12:58:33+00:00\",\"description\":\"Do\u017cywianie chorych w O\u015brodku Zdrowia w Buraniro w 2026 roku. O wsparcie prosz\u0105 Siostry Kanoniczki Ducha \u015awi\u0119tego. Ka\u017cda wp\u0142ata pomaga!\",\"breadcrumb\":{\"@id\":\"https:\/\/www.maitri.pl\/projekt\/dozywianie-chorych-buraniro-2026\/#breadcrumb\"},\"inLanguage\":\"fr-FR\",\"potentialAction\":[{\"@type\":\"ReadAction\",\"target\":[\"https:\/\/www.maitri.pl\/projekt\/dozywianie-chorych-buraniro-2026\/\"]}]},{\"@type\":\"ImageObject\",\"inLanguage\":\"fr-FR\",\"@id\":\"https:\/\/www.maitri.pl\/projekt\/dozywianie-chorych-buraniro-2026\/#primaryimage\",\"url\":\"https:\/\/www.maitri.pl\/wp-content\/uploads\/2026\/02\/IMG-20240909-WA0011.jpg\",\"contentUrl\":\"https:\/\/www.maitri.pl\/wp-content\/uploads\/2026\/02\/IMG-20240909-WA0011.jpg\",\"width\":1080,\"height\":810,\"caption\":\"Do\u017cywianie chorych w O\u015brodku Zdrowia w Buraniro w 2026 roku Adopcja Serca Maitri Adopcja duchowa ja\u0142mu\u017cna pomoc ubogim pomoc Afryce Burundi Siostry Kanoniczki 02\"},{\"@type\":\"BreadcrumbList\",\"@id\":\"https:\/\/www.maitri.pl\/projekt\/dozywianie-chorych-buraniro-2026\/#breadcrumb\",\"itemListElement\":[{\"@type\":\"ListItem\",\"position\":1,\"name\":\"Strona g\u0142\u00f3wna\",\"item\":\"https:\/\/www.maitri.pl\/\"},{\"@type\":\"ListItem\",\"position\":2,\"name\":\"Sklep\",\"item\":\"https:\/\/www.maitri.pl\/sklep\/\"},{\"@type\":\"ListItem\",\"position\":3,\"name\":\"Do\u017cywianie chorych w O\u015brodku Zdrowia w Buraniro w 2026 roku\"}]},{\"@type\":\"WebSite\",\"@id\":\"https:\/\/www.maitri.pl\/#website\",\"url\":\"https:\/\/www.maitri.pl\/\",\"name\":\"Adopcja Serca Maitri \u2013 pomoc dzieciom w Afryce\",\"description\":\"Adopcja Serca \u2013 adopcja na odleg\u0142o\u015b\u0107, pomoc Afryce, do\u017cywianie i edukacja w Afryce\",\"publisher\":{\"@id\":\"https:\/\/www.maitri.pl\/#organization\"},\"potentialAction\":[{\"@type\":\"SearchAction\",\"target\":{\"@type\":\"EntryPoint\",\"urlTemplate\":\"https:\/\/www.maitri.pl\/?s={search_term_string}\"},\"query-input\":{\"@type\":\"PropertyValueSpecification\",\"valueRequired\":true,\"valueName\":\"search_term_string\"}}],\"inLanguage\":\"fr-FR\"},{\"@type\":\"Organization\",\"@id\":\"https:\/\/www.maitri.pl\/#organization\",\"name\":\"Stowarzyszenie Ruchu Maitri\",\"url\":\"https:\/\/www.maitri.pl\/\",\"logo\":{\"@type\":\"ImageObject\",\"inLanguage\":\"fr-FR\",\"@id\":\"https:\/\/www.maitri.pl\/#\/schema\/logo\/image\/\",\"url\":\"https:\/\/www.maitri.pl\/wp-content\/uploads\/2020\/04\/duze_logo-81.png\",\"contentUrl\":\"https:\/\/www.maitri.pl\/wp-content\/uploads\/2020\/04\/duze_logo-81.png\",\"width\":339,\"height\":321,\"caption\":\"Stowarzyszenie Ruchu Maitri\"},\"image\":{\"@id\":\"https:\/\/www.maitri.pl\/#\/schema\/logo\/image\/\"},\"sameAs\":[\"https:\/\/www.facebook.com\/MAITRI.Adopcja.Serca.dzieci.Afryki\/\"]}]}<\/script>\n<!-- \/ Yoast SEO plugin. -->","yoast_head_json":{"title":"Do\u017cywianie chorych w O\u015brodku Zdrowia w Buraniro w 2026 roku","description":"Do\u017cywianie chorych w O\u015brodku Zdrowia w Buraniro w 2026 roku. O wsparcie prosz\u0105 Siostry Kanoniczki Ducha \u015awi\u0119tego. Ka\u017cda wp\u0142ata pomaga!","robots":{"index":"index","follow":"follow","max-snippet":"max-snippet:-1","max-image-preview":"max-image-preview:large","max-video-preview":"max-video-preview:-1"},"canonical":"https:\/\/www.maitri.pl\/projekt\/dozywianie-chorych-buraniro-2026\/","og_locale":"fr_FR","og_type":"article","og_title":"Do\u017cywianie chorych w O\u015brodku Zdrowia w Buraniro w 2026 roku","og_description":"Do\u017cywianie chorych w O\u015brodku Zdrowia w Buraniro w 2026 roku. O wsparcie prosz\u0105 Siostry Kanoniczki Ducha \u015awi\u0119tego. Ka\u017cda wp\u0142ata pomaga!","og_url":"https:\/\/www.maitri.pl\/projekt\/dozywianie-chorych-buraniro-2026\/","og_site_name":"Ruch Maitri - Adopcja Serca pomoc Afryce","article_publisher":"https:\/\/www.facebook.com\/MAITRI.Adopcja.Serca.dzieci.Afryki\/","article_modified_time":"2026-02-24T12:58:33+00:00","og_image":[{"width":1080,"height":810,"url":"https:\/\/www.maitri.pl\/wp-content\/uploads\/2026\/02\/IMG-20240909-WA0011.jpg","type":"image\/jpeg"}],"twitter_card":"summary_large_image","twitter_misc":{"Dur\u00e9e de lecture estim\u00e9e":"3 minutes"},"schema":{"@context":"https:\/\/schema.org","@graph":[{"@type":"WebPage","@id":"https:\/\/www.maitri.pl\/projekt\/dozywianie-chorych-buraniro-2026\/","url":"https:\/\/www.maitri.pl\/projekt\/dozywianie-chorych-buraniro-2026\/","name":"Do\u017cywianie chorych w O\u015brodku Zdrowia w Buraniro w 2026 roku","isPartOf":{"@id":"https:\/\/www.maitri.pl\/#website"},"primaryImageOfPage":{"@id":"https:\/\/www.maitri.pl\/projekt\/dozywianie-chorych-buraniro-2026\/#primaryimage"},"image":{"@id":"https:\/\/www.maitri.pl\/projekt\/dozywianie-chorych-buraniro-2026\/#primaryimage"},"thumbnailUrl":"https:\/\/www.maitri.pl\/wp-content\/uploads\/2026\/02\/IMG-20240909-WA0011.jpg","datePublished":"2026-02-24T12:56:48+00:00","dateModified":"2026-02-24T12:58:33+00:00","description":"Do\u017cywianie chorych w O\u015brodku Zdrowia w Buraniro w 2026 roku. O wsparcie prosz\u0105 Siostry Kanoniczki Ducha \u015awi\u0119tego. Ka\u017cda wp\u0142ata pomaga!","breadcrumb":{"@id":"https:\/\/www.maitri.pl\/projekt\/dozywianie-chorych-buraniro-2026\/#breadcrumb"},"inLanguage":"fr-FR","potentialAction":[{"@type":"ReadAction","target":["https:\/\/www.maitri.pl\/projekt\/dozywianie-chorych-buraniro-2026\/"]}]},{"@type":"ImageObject","inLanguage":"fr-FR","@id":"https:\/\/www.maitri.pl\/projekt\/dozywianie-chorych-buraniro-2026\/#primaryimage","url":"https:\/\/www.maitri.pl\/wp-content\/uploads\/2026\/02\/IMG-20240909-WA0011.jpg","contentUrl":"https:\/\/www.maitri.pl\/wp-content\/uploads\/2026\/02\/IMG-20240909-WA0011.jpg","width":1080,"height":810,"caption":"Do\u017cywianie chorych w O\u015brodku Zdrowia w Buraniro w 2026 roku Adopcja Serca Maitri Adopcja duchowa ja\u0142mu\u017cna pomoc ubogim pomoc Afryce Burundi Siostry Kanoniczki 02"},{"@type":"BreadcrumbList","@id":"https:\/\/www.maitri.pl\/projekt\/dozywianie-chorych-buraniro-2026\/#breadcrumb","itemListElement":[{"@type":"ListItem","position":1,"name":"Strona g\u0142\u00f3wna","item":"https:\/\/www.maitri.pl\/"},{"@type":"ListItem","position":2,"name":"Sklep","item":"https:\/\/www.maitri.pl\/sklep\/"},{"@type":"ListItem","position":3,"name":"Do\u017cywianie chorych w O\u015brodku Zdrowia w Buraniro w 2026 roku"}]},{"@type":"WebSite","@id":"https:\/\/www.maitri.pl\/#website","url":"https:\/\/www.maitri.pl\/","name":"Adopcja Serca Maitri \u2013 pomoc dzieciom w Afryce","description":"Adopcja Serca \u2013 adopcja na odleg\u0142o\u015b\u0107, pomoc Afryce, do\u017cywianie i edukacja w Afryce","publisher":{"@id":"https:\/\/www.maitri.pl\/#organization"},"potentialAction":[{"@type":"SearchAction","target":{"@type":"EntryPoint","urlTemplate":"https:\/\/www.maitri.pl\/?s={search_term_string}"},"query-input":{"@type":"PropertyValueSpecification","valueRequired":true,"valueName":"search_term_string"}}],"inLanguage":"fr-FR"},{"@type":"Organization","@id":"https:\/\/www.maitri.pl\/#organization","name":"Stowarzyszenie Ruchu Maitri","url":"https:\/\/www.maitri.pl\/","logo":{"@type":"ImageObject","inLanguage":"fr-FR","@id":"https:\/\/www.maitri.pl\/#\/schema\/logo\/image\/","url":"https:\/\/www.maitri.pl\/wp-content\/uploads\/2020\/04\/duze_logo-81.png","contentUrl":"https:\/\/www.maitri.pl\/wp-content\/uploads\/2020\/04\/duze_logo-81.png","width":339,"height":321,"caption":"Stowarzyszenie Ruchu Maitri"},"image":{"@id":"https:\/\/www.maitri.pl\/#\/schema\/logo\/image\/"},"sameAs":["https:\/\/www.facebook.com\/MAITRI.Adopcja.Serca.dzieci.Afryki\/"]}]}},"_links":{"self":[{"href":"https:\/\/www.maitri.pl\/fr\/wp-json\/wp\/v2\/product\/34969","targetHints":{"allow":["GET"]}}],"collection":[{"href":"https:\/\/www.maitri.pl\/fr\/wp-json\/wp\/v2\/product"}],"about":[{"href":"https:\/\/www.maitri.pl\/fr\/wp-json\/wp\/v2\/types\/product"}],"wp:featuredmedia":[{"embeddable":true,"href":"https:\/\/www.maitri.pl\/fr\/wp-json\/wp\/v2\/media\/34979"}],"wp:attachment":[{"href":"https:\/\/www.maitri.pl\/fr\/wp-json\/wp\/v2\/media?parent=34969"}],"wp:term":[{"taxonomy":"product_brand","embeddable":true,"href":"https:\/\/www.maitri.pl\/fr\/wp-json\/wp\/v2\/product_brand?post=34969"},{"taxonomy":"product_cat","embeddable":true,"href":"https:\/\/www.maitri.pl\/fr\/wp-json\/wp\/v2\/product_cat?post=34969"},{"taxonomy":"product_tag","embeddable":true,"href":"https:\/\/www.maitri.pl\/fr\/wp-json\/wp\/v2\/product_tag?post=34969"}],"curies":[{"name":"wp","href":"https:\/\/api.w.org\/{rel}","templated":true}]}}