{"id":34952,"date":"2026-02-24T10:45:11","date_gmt":"2026-02-24T09:45:11","guid":{"rendered":"https:\/\/www.maitri.pl\/?post_type=product&#038;p=34952"},"modified":"2026-03-03T13:59:58","modified_gmt":"2026-03-03T12:59:58","slug":"zakup-lekow-buraniro-2026","status":"publish","type":"product","link":"https:\/\/www.maitri.pl\/fr\/projekt\/zakup-lekow-buraniro-2026\/","title":{"rendered":"Zakup lek\u00f3w dla O\u015brodka Zdrowia w Buraniro w 2026 roku"},"content":{"rendered":"<h4>Miejsce, kt\u00f3re ratuje \u017cycie<\/h4>\n<p>To miejsce leczy ponad 10 tys. pacjent\u00f3w rocznie, zar\u00f3wno doros\u0142ych i dzieci, a tak\u017ce przyjmuje porody w cz\u0119sto dramatycznych warunkach. Bez sta\u0142ego wsparcia nie by\u0142oby to mo\u017cliwe. Szpital Si\u00f3str Kanoniczek w Buraniro daje nadziej\u0119 ca\u0142ej lokalnej spo\u0142eczno\u015bci. Siostry najbardziej wzrusza, gdy przychodzi do nich wychudzony cz\u0142owiek i cz\u0119sto prosi o darmowe leczenie lub w zamian za prac\u0119, a tak\u017ce co\u015b do jedzenia. Nikomu nie odmawiaj\u0105 leczenia. Niestety kraj jest coraz biedniejszy i nie jest to przesada. Wszelkie op\u0142aty wzros\u0142y i nawet ci najbardziej ubodzy nie s\u0105 z nich zwolnieni. Leki s\u0105 bardzo drogie, a waluta jest niesta\u0142a. Prosimy o wsparcie na zakup lek\u00f3w dla chorych.<\/p>\n<h4>Ub\u00f3stwo gorsze ni\u017c malaria<\/h4>\n<p>Chorzy cz\u0119sto nie s\u0105 w stanie zap\u0142aci\u0107 za podstawowe leczenie. Wprawdzie malaria jest ju\u017c prawie opanowana, poniewa\u017c w ubieg\u0142ym roku zosta\u0142y rozdane rodzinom\u00a0 moskitiery, ale nadal s\u0105 przypadki, kt\u00f3re wymagaj\u0105 leczenia w szpitalu. Faktury za leczenie dochodz\u0105 do 30-40 tys.\u00a0 frank\u00f3w burundyjskich, a dni\u00f3wka pracy w polu to r\u00f3wnowarto\u015b\u0107 jedynie 0,7 \u20ac co wystarcza na zakup oko\u0142o 700 g fasoli. W zesz\u0142ym roku za t\u0105 sam\u0105 dni\u00f3wk\u0119 mo\u017cna by\u0142o kupi\u0107 1 kg fasoli. Tak\u017ce ceny lek\u00f3w ci\u0105gle rosn\u0105. Ludzie niedo\u017cywieni cz\u0119\u015bciej zapadaj\u0105 na choroby spo\u0142eczne, jak gru\u017alica, czy cz\u0119ste przezi\u0119bienia oraz robaczyce.<\/p>\n<h4>Zapewni\u0107 pomoc<\/h4>\n<p>Dlatego chcemy zrobi\u0107 wszystko, aby, zapewni\u0107 pomoc dla najbardziej potrzebuj\u0105cych. Marzymy, by zmniejszy\u0107 koszty leczenia, bo jest ta\u0144sze, gdy wcze\u015bniej zaczyna si\u0119 leczy\u0107 chorob\u0119. Zbi\u00f3rka na zakup lek\u00f3w pomo\u017ce zapobiec jeszcze g\u0142\u0119bszemu zubo\u017ceniu rodzin z powodu cen lek\u00f3w. Chcemy tak\u017ce unikn\u0105\u0107 sytuacji, gdy zdrowie chorych przechodzi z l\u017cejszego stanu w ci\u0119\u017cszy z powodu nie przyjmowania lek\u00f3w, bo chorego na nie nie sta\u0107.\u00a0Z wnioskowanej sumy mo\u017cna b\u0119dzie pom\u00f3c oko\u0142o 4250 chorym.\u00a0W leczeniu szpitalnym chorzy dostaj\u0105 drogie antybiotyki i dni\u00f3wka mo\u017ce dochodzi\u0107 nawet do 8 tys. frank\u00f3w burundyjskich dziennie, a najkr\u00f3tsze leczenie antybiotykami wynosi najmniej 5 dni.<\/p>\n<h4>Wszystkim nie pomo\u017cemy<\/h4>\n<p>Nie mo\u017cemy pom\u00f3c za darmo wszystkim chorym, bo jest ich zbyt wielu. Zdecydowali\u015bmy, \u017ce tym najbardziej potrzebuj\u0105cym udost\u0119pnimy leki za darmo lub za symboliczn\u0105 op\u0142at\u0105. W ubieg\u0142ym roku z opieki szpitalnej skorzysta\u0142o 9230 os\u00f3b, w tym 3200 dzieci. A\u017c 80% z nich to byli chorzy na zapalenie g\u00f3rnych i dolnych dr\u00f3g oddechowych. Wielu cierpia\u0142o z powodu biegunki na kt\u00f3re cierpia\u0142y zw\u0142aszcza dzieci do lat 5. Musimy zrobi\u0107 co w naszej mocy, by uchroni\u0107 je przed cierpieniem i chorobami, kt\u00f3re prowadz\u0105 do jeszcze ci\u0119\u017cszych schorze\u0144. Prosimy o wsparcie na zakup lek\u00f3w dla chorych.\u00a0Za ka\u017cdy gest \u017cyczliwo\u015bci w imieniu chorych m\u00f3wimy B\u00f3g Zap\u0142a\u0107. W duchu wdzi\u0119czno\u015bci kilka razy w ci\u0105gu roku w kaplicy szpitalnej jest odprawiana Msza \u015awi\u0119ta za darczy\u0144c\u00f3w z Polski.<\/p>\n<h4>Kosztorys:<\/h4>\n<p><img loading=\"lazy\" decoding=\"async\" class=\"alignnone wp-image-34953 size-full\" src=\"https:\/\/www.maitri.pl\/wp-content\/uploads\/2026\/02\/255-ducha.png\" alt=\"\" width=\"1010\" height=\"778\" srcset=\"https:\/\/www.maitri.pl\/wp-content\/uploads\/2026\/02\/255-ducha.png 1010w, https:\/\/www.maitri.pl\/wp-content\/uploads\/2026\/02\/255-ducha-300x231.png 300w, https:\/\/www.maitri.pl\/wp-content\/uploads\/2026\/02\/255-ducha-768x592.png 768w, https:\/\/www.maitri.pl\/wp-content\/uploads\/2026\/02\/255-ducha-600x462.png 600w\" sizes=\"auto, (max-width: 1010px) 100vw, 1010px\" \/><\/p>\n<p>&nbsp;<\/p>\n<p><em><strong>Podsumowanie w miejscowej walucie: 30 740 000 frank\u00f3w burundyjskich<\/strong><\/em><\/p>\n<p><em>Siostra Janina Zakrzewska<\/em>, <a href=\"http:\/\/kanoniczki.pl\/index.php\/pojdz-za-mna\/moje-powolanie\/260-jestem-afrykanka\"> Zgromadzenie Si\u00f3str Kanoniczek Ducha \u015awi\u0119tego de Saxia<\/a>, misja Buraniro, <a href=\"https:\/\/www.maitri.pl\/gdzie-pomagamy\/\" target=\"_blank\" rel=\"noopener\">Burundi<\/a><\/p>\n<p style=\"text-align: justify;\" align=\"JUSTIFY\"><span style=\"color: #ff0000;\"><span style=\"font-size: large;\"><b>Kwota projektu: 21 484 PLN<br \/>\n<\/b><\/span><\/span><\/p>\n<p style=\"text-align: justify;\"><strong>Numer projektu: 255\/DUCHA<\/strong><\/p>\n<h3 style=\"text-align: justify;\" align=\"JUSTIFY\"><span style=\"color: #808080;\"><strong>Zakup lek\u00f3w dla O\u015brodka Zdrowia w Buraniro w 2026 roku, Burundi, Siostry Kanoniczki Ducha \u015awi\u0119tego<\/strong><\/span><\/h3>\n","protected":false},"excerpt":{"rendered":"<p><strong>Projekt:<\/strong> <em>Siostra Janina Zakrzewska<\/em>, <a href=\"http:\/\/kanoniczki.pl\/index.php\/pojdz-za-mna\/moje-powolanie\/260-jestem-afrykanka\"> Zgromadzenie Si\u00f3str Kanoniczek Ducha \u015awi\u0119tego de Saxia<\/a><br \/>\n<strong>Misja:<\/strong> Buraniro, <a href=\"https:\/\/www.maitri.pl\/gdzie-pomagamy\/\" target=\"_blank\" rel=\"noopener noreferrer\">Burundi<\/a><br \/>\n<strong>Zbierana kwota: <span style=\"color: #ff0000;\">21 484 PLN<\/span><\/strong><\/p>\n","protected":false},"featured_media":34962,"template":"","meta":[],"product_brand":[],"product_cat":[657],"product_tag":[666,667,854,845],"class_list":{"0":"post-34952","1":"product","2":"type-product","3":"status-publish","4":"has-post-thumbnail","6":"product_cat-projekty","7":"product_tag-buraniro","8":"product_tag-burundi","9":"product_tag-siostra-janina-zakrzewska","10":"product_tag-zgromadzenie-siostr-kanoniczek-ducha-swietego","12":"first","13":"instock","14":"virtual","15":"purchasable","16":"product-type-simple"},"yoast_head":"<!-- This site is optimized with the Yoast SEO plugin v27.2 - https:\/\/yoast.com\/product\/yoast-seo-wordpress\/ -->\n<title>Zakup lek\u00f3w dla O\u015brodka Zdrowia w Buraniro w 2026 roku<\/title>\n<meta name=\"description\" content=\"Zakup lek\u00f3w dla O\u015brodka Zdrowia w Buraniro w 2026 roku. O wsparcie dla chorych prosz\u0105 Siostry Kanoniczki Ducha \u015awi\u0119tego. Ka\u017cda wp\u0142ata pomaga!\" \/>\n<meta name=\"robots\" content=\"index, follow, max-snippet:-1, max-image-preview:large, max-video-preview:-1\" \/>\n<link rel=\"canonical\" href=\"https:\/\/www.maitri.pl\/projekt\/zakup-lekow-buraniro-2026\/\" \/>\n<meta property=\"og:locale\" content=\"fr_FR\" \/>\n<meta property=\"og:type\" content=\"article\" \/>\n<meta property=\"og:title\" content=\"Zakup lek\u00f3w dla O\u015brodka Zdrowia w Buraniro w 2026 roku\" \/>\n<meta property=\"og:description\" content=\"Zakup lek\u00f3w dla O\u015brodka Zdrowia w Buraniro w 2026 roku. O wsparcie dla chorych prosz\u0105 Siostry Kanoniczki Ducha \u015awi\u0119tego. Ka\u017cda wp\u0142ata pomaga!\" \/>\n<meta property=\"og:url\" content=\"https:\/\/www.maitri.pl\/projekt\/zakup-lekow-buraniro-2026\/\" \/>\n<meta property=\"og:site_name\" content=\"Ruch Maitri - Adopcja Serca pomoc Afryce\" \/>\n<meta property=\"article:publisher\" content=\"https:\/\/www.facebook.com\/MAITRI.Adopcja.Serca.dzieci.Afryki\/\" \/>\n<meta property=\"article:modified_time\" content=\"2026-03-03T12:59:58+00:00\" \/>\n<meta property=\"og:image\" content=\"https:\/\/www.maitri.pl\/wp-content\/uploads\/2026\/02\/leki-3-scaled.jpg\" \/>\n\t<meta property=\"og:image:width\" content=\"1441\" \/>\n\t<meta property=\"og:image:height\" content=\"2560\" \/>\n\t<meta property=\"og:image:type\" content=\"image\/jpeg\" \/>\n<meta name=\"twitter:card\" content=\"summary_large_image\" \/>\n<meta name=\"twitter:label1\" content=\"Dur\u00e9e de lecture estim\u00e9e\" \/>\n\t<meta name=\"twitter:data1\" content=\"4 minutes\" \/>\n<script type=\"application\/ld+json\" class=\"yoast-schema-graph\">{\"@context\":\"https:\/\/schema.org\",\"@graph\":[{\"@type\":\"WebPage\",\"@id\":\"https:\/\/www.maitri.pl\/projekt\/zakup-lekow-buraniro-2026\/\",\"url\":\"https:\/\/www.maitri.pl\/projekt\/zakup-lekow-buraniro-2026\/\",\"name\":\"Zakup lek\u00f3w dla O\u015brodka Zdrowia w Buraniro w 2026 roku\",\"isPartOf\":{\"@id\":\"https:\/\/www.maitri.pl\/#website\"},\"primaryImageOfPage\":{\"@id\":\"https:\/\/www.maitri.pl\/projekt\/zakup-lekow-buraniro-2026\/#primaryimage\"},\"image\":{\"@id\":\"https:\/\/www.maitri.pl\/projekt\/zakup-lekow-buraniro-2026\/#primaryimage\"},\"thumbnailUrl\":\"https:\/\/www.maitri.pl\/wp-content\/uploads\/2026\/02\/leki-3-scaled.jpg\",\"datePublished\":\"2026-02-24T09:45:11+00:00\",\"dateModified\":\"2026-03-03T12:59:58+00:00\",\"description\":\"Zakup lek\u00f3w dla O\u015brodka Zdrowia w Buraniro w 2026 roku. O wsparcie dla chorych prosz\u0105 Siostry Kanoniczki Ducha \u015awi\u0119tego. Ka\u017cda wp\u0142ata pomaga!\",\"breadcrumb\":{\"@id\":\"https:\/\/www.maitri.pl\/projekt\/zakup-lekow-buraniro-2026\/#breadcrumb\"},\"inLanguage\":\"fr-FR\",\"potentialAction\":[{\"@type\":\"ReadAction\",\"target\":[\"https:\/\/www.maitri.pl\/projekt\/zakup-lekow-buraniro-2026\/\"]}]},{\"@type\":\"ImageObject\",\"inLanguage\":\"fr-FR\",\"@id\":\"https:\/\/www.maitri.pl\/projekt\/zakup-lekow-buraniro-2026\/#primaryimage\",\"url\":\"https:\/\/www.maitri.pl\/wp-content\/uploads\/2026\/02\/leki-3-scaled.jpg\",\"contentUrl\":\"https:\/\/www.maitri.pl\/wp-content\/uploads\/2026\/02\/leki-3-scaled.jpg\",\"width\":1441,\"height\":2560,\"caption\":\"filter: 0; jpegRotation: 90; fileterIntensity: 0.000000; filterMask: 0; module:1facing:0; hw-remosaic: 0; touch: (-1.0, -1.0); modeInfo: ; sceneMode: Auto; cct_value: 0; AI_Scene: (-1, -1); aec_lux: 0.0; hist255: 0.0; hist252~255: 0.0; hist0~15: 0.0;\"},{\"@type\":\"BreadcrumbList\",\"@id\":\"https:\/\/www.maitri.pl\/projekt\/zakup-lekow-buraniro-2026\/#breadcrumb\",\"itemListElement\":[{\"@type\":\"ListItem\",\"position\":1,\"name\":\"Strona g\u0142\u00f3wna\",\"item\":\"https:\/\/www.maitri.pl\/\"},{\"@type\":\"ListItem\",\"position\":2,\"name\":\"Sklep\",\"item\":\"https:\/\/www.maitri.pl\/sklep\/\"},{\"@type\":\"ListItem\",\"position\":3,\"name\":\"Zakup lek\u00f3w dla O\u015brodka Zdrowia w Buraniro w 2026 roku\"}]},{\"@type\":\"WebSite\",\"@id\":\"https:\/\/www.maitri.pl\/#website\",\"url\":\"https:\/\/www.maitri.pl\/\",\"name\":\"Adopcja Serca Maitri \u2013 pomoc dzieciom w Afryce\",\"description\":\"Adopcja Serca \u2013 adopcja na odleg\u0142o\u015b\u0107, pomoc Afryce, do\u017cywianie i edukacja w Afryce\",\"publisher\":{\"@id\":\"https:\/\/www.maitri.pl\/#organization\"},\"potentialAction\":[{\"@type\":\"SearchAction\",\"target\":{\"@type\":\"EntryPoint\",\"urlTemplate\":\"https:\/\/www.maitri.pl\/?s={search_term_string}\"},\"query-input\":{\"@type\":\"PropertyValueSpecification\",\"valueRequired\":true,\"valueName\":\"search_term_string\"}}],\"inLanguage\":\"fr-FR\"},{\"@type\":\"Organization\",\"@id\":\"https:\/\/www.maitri.pl\/#organization\",\"name\":\"Stowarzyszenie Ruchu Maitri\",\"url\":\"https:\/\/www.maitri.pl\/\",\"logo\":{\"@type\":\"ImageObject\",\"inLanguage\":\"fr-FR\",\"@id\":\"https:\/\/www.maitri.pl\/#\/schema\/logo\/image\/\",\"url\":\"https:\/\/www.maitri.pl\/wp-content\/uploads\/2020\/04\/duze_logo-81.png\",\"contentUrl\":\"https:\/\/www.maitri.pl\/wp-content\/uploads\/2020\/04\/duze_logo-81.png\",\"width\":339,\"height\":321,\"caption\":\"Stowarzyszenie Ruchu Maitri\"},\"image\":{\"@id\":\"https:\/\/www.maitri.pl\/#\/schema\/logo\/image\/\"},\"sameAs\":[\"https:\/\/www.facebook.com\/MAITRI.Adopcja.Serca.dzieci.Afryki\/\"]}]}<\/script>\n<!-- \/ Yoast SEO plugin. -->","yoast_head_json":{"title":"Zakup lek\u00f3w dla O\u015brodka Zdrowia w Buraniro w 2026 roku","description":"Zakup lek\u00f3w dla O\u015brodka Zdrowia w Buraniro w 2026 roku. O wsparcie dla chorych prosz\u0105 Siostry Kanoniczki Ducha \u015awi\u0119tego. Ka\u017cda wp\u0142ata pomaga!","robots":{"index":"index","follow":"follow","max-snippet":"max-snippet:-1","max-image-preview":"max-image-preview:large","max-video-preview":"max-video-preview:-1"},"canonical":"https:\/\/www.maitri.pl\/projekt\/zakup-lekow-buraniro-2026\/","og_locale":"fr_FR","og_type":"article","og_title":"Zakup lek\u00f3w dla O\u015brodka Zdrowia w Buraniro w 2026 roku","og_description":"Zakup lek\u00f3w dla O\u015brodka Zdrowia w Buraniro w 2026 roku. O wsparcie dla chorych prosz\u0105 Siostry Kanoniczki Ducha \u015awi\u0119tego. Ka\u017cda wp\u0142ata pomaga!","og_url":"https:\/\/www.maitri.pl\/projekt\/zakup-lekow-buraniro-2026\/","og_site_name":"Ruch Maitri - Adopcja Serca pomoc Afryce","article_publisher":"https:\/\/www.facebook.com\/MAITRI.Adopcja.Serca.dzieci.Afryki\/","article_modified_time":"2026-03-03T12:59:58+00:00","og_image":[{"width":1441,"height":2560,"url":"https:\/\/www.maitri.pl\/wp-content\/uploads\/2026\/02\/leki-3-scaled.jpg","type":"image\/jpeg"}],"twitter_card":"summary_large_image","twitter_misc":{"Dur\u00e9e de lecture estim\u00e9e":"4 minutes"},"schema":{"@context":"https:\/\/schema.org","@graph":[{"@type":"WebPage","@id":"https:\/\/www.maitri.pl\/projekt\/zakup-lekow-buraniro-2026\/","url":"https:\/\/www.maitri.pl\/projekt\/zakup-lekow-buraniro-2026\/","name":"Zakup lek\u00f3w dla O\u015brodka Zdrowia w Buraniro w 2026 roku","isPartOf":{"@id":"https:\/\/www.maitri.pl\/#website"},"primaryImageOfPage":{"@id":"https:\/\/www.maitri.pl\/projekt\/zakup-lekow-buraniro-2026\/#primaryimage"},"image":{"@id":"https:\/\/www.maitri.pl\/projekt\/zakup-lekow-buraniro-2026\/#primaryimage"},"thumbnailUrl":"https:\/\/www.maitri.pl\/wp-content\/uploads\/2026\/02\/leki-3-scaled.jpg","datePublished":"2026-02-24T09:45:11+00:00","dateModified":"2026-03-03T12:59:58+00:00","description":"Zakup lek\u00f3w dla O\u015brodka Zdrowia w Buraniro w 2026 roku. O wsparcie dla chorych prosz\u0105 Siostry Kanoniczki Ducha \u015awi\u0119tego. Ka\u017cda wp\u0142ata pomaga!","breadcrumb":{"@id":"https:\/\/www.maitri.pl\/projekt\/zakup-lekow-buraniro-2026\/#breadcrumb"},"inLanguage":"fr-FR","potentialAction":[{"@type":"ReadAction","target":["https:\/\/www.maitri.pl\/projekt\/zakup-lekow-buraniro-2026\/"]}]},{"@type":"ImageObject","inLanguage":"fr-FR","@id":"https:\/\/www.maitri.pl\/projekt\/zakup-lekow-buraniro-2026\/#primaryimage","url":"https:\/\/www.maitri.pl\/wp-content\/uploads\/2026\/02\/leki-3-scaled.jpg","contentUrl":"https:\/\/www.maitri.pl\/wp-content\/uploads\/2026\/02\/leki-3-scaled.jpg","width":1441,"height":2560,"caption":"filter: 0; jpegRotation: 90; fileterIntensity: 0.000000; filterMask: 0; module:1facing:0; hw-remosaic: 0; touch: (-1.0, -1.0); modeInfo: ; sceneMode: Auto; cct_value: 0; AI_Scene: (-1, -1); aec_lux: 0.0; hist255: 0.0; hist252~255: 0.0; hist0~15: 0.0;"},{"@type":"BreadcrumbList","@id":"https:\/\/www.maitri.pl\/projekt\/zakup-lekow-buraniro-2026\/#breadcrumb","itemListElement":[{"@type":"ListItem","position":1,"name":"Strona g\u0142\u00f3wna","item":"https:\/\/www.maitri.pl\/"},{"@type":"ListItem","position":2,"name":"Sklep","item":"https:\/\/www.maitri.pl\/sklep\/"},{"@type":"ListItem","position":3,"name":"Zakup lek\u00f3w dla O\u015brodka Zdrowia w Buraniro w 2026 roku"}]},{"@type":"WebSite","@id":"https:\/\/www.maitri.pl\/#website","url":"https:\/\/www.maitri.pl\/","name":"Adopcja Serca Maitri \u2013 pomoc dzieciom w Afryce","description":"Adopcja Serca \u2013 adopcja na odleg\u0142o\u015b\u0107, pomoc Afryce, do\u017cywianie i edukacja w Afryce","publisher":{"@id":"https:\/\/www.maitri.pl\/#organization"},"potentialAction":[{"@type":"SearchAction","target":{"@type":"EntryPoint","urlTemplate":"https:\/\/www.maitri.pl\/?s={search_term_string}"},"query-input":{"@type":"PropertyValueSpecification","valueRequired":true,"valueName":"search_term_string"}}],"inLanguage":"fr-FR"},{"@type":"Organization","@id":"https:\/\/www.maitri.pl\/#organization","name":"Stowarzyszenie Ruchu Maitri","url":"https:\/\/www.maitri.pl\/","logo":{"@type":"ImageObject","inLanguage":"fr-FR","@id":"https:\/\/www.maitri.pl\/#\/schema\/logo\/image\/","url":"https:\/\/www.maitri.pl\/wp-content\/uploads\/2020\/04\/duze_logo-81.png","contentUrl":"https:\/\/www.maitri.pl\/wp-content\/uploads\/2020\/04\/duze_logo-81.png","width":339,"height":321,"caption":"Stowarzyszenie Ruchu Maitri"},"image":{"@id":"https:\/\/www.maitri.pl\/#\/schema\/logo\/image\/"},"sameAs":["https:\/\/www.facebook.com\/MAITRI.Adopcja.Serca.dzieci.Afryki\/"]}]}},"_links":{"self":[{"href":"https:\/\/www.maitri.pl\/fr\/wp-json\/wp\/v2\/product\/34952","targetHints":{"allow":["GET"]}}],"collection":[{"href":"https:\/\/www.maitri.pl\/fr\/wp-json\/wp\/v2\/product"}],"about":[{"href":"https:\/\/www.maitri.pl\/fr\/wp-json\/wp\/v2\/types\/product"}],"wp:featuredmedia":[{"embeddable":true,"href":"https:\/\/www.maitri.pl\/fr\/wp-json\/wp\/v2\/media\/34962"}],"wp:attachment":[{"href":"https:\/\/www.maitri.pl\/fr\/wp-json\/wp\/v2\/media?parent=34952"}],"wp:term":[{"taxonomy":"product_brand","embeddable":true,"href":"https:\/\/www.maitri.pl\/fr\/wp-json\/wp\/v2\/product_brand?post=34952"},{"taxonomy":"product_cat","embeddable":true,"href":"https:\/\/www.maitri.pl\/fr\/wp-json\/wp\/v2\/product_cat?post=34952"},{"taxonomy":"product_tag","embeddable":true,"href":"https:\/\/www.maitri.pl\/fr\/wp-json\/wp\/v2\/product_tag?post=34952"}],"curies":[{"name":"wp","href":"https:\/\/api.w.org\/{rel}","templated":true}]}}