{"id":34552,"date":"2025-12-10T16:01:48","date_gmt":"2025-12-10T15:01:48","guid":{"rendered":"https:\/\/www.maitri.pl\/?post_type=product&#038;p=34552"},"modified":"2026-03-10T17:50:45","modified_gmt":"2026-03-10T16:50:45","slug":"codzienny-posilek-nepal","status":"publish","type":"product","link":"https:\/\/www.maitri.pl\/fr\/projekt\/codzienny-posilek-nepal\/","title":{"rendered":"Posi\u0142ek dla 420 dzieci \u017cyj\u0105cych w skrajnej n\u0119dzy w Nepalu &#8211; pom\u00f3\u017c najbiedniejszym"},"content":{"rendered":"<h4>Dzieci\u0144stwo w skrajnej n\u0119dzy<\/h4>\n<p>Stowarzyszenie Ruchu Maitri wraz z nepalsk\u0105 Fundacj\u0105 Karunika od kilku lat prowadzi akcj\u0119 do\u017cywiania dzieci w wieku przedszkolnym i szkolnym z g\u00f3rskich osad. Dzieci \u017cyj\u0105 tam w skrajnej n\u0119dzy. W sezonie zimowym temperatury spadaj\u0105 bardzo nisko. Dojazd i doj\u015bcie do szko\u0142y staj\u0105 si\u0119 wtedy wyj\u0105tkowo trudne. Dzieci musz\u0105 pokonywa\u0107 d\u0142ugie odcinki pieszo. Czasem id\u0105 ponad 2 godziny dziennie, aby dotrze\u0107 do szko\u0142y. Po drodze pokonuj\u0105 strome \u015bcie\u017cki, \u015bliskie zbocza i lasy, w\u0105skie mosty oraz drogi fragmentami uszkodzone przez monsuny. Przychodza wyczerpane i m.in. dlatego serwujemy im codzienny posi\u0142ek.<\/p>\n<h4>Choroby z niedo\u017cywienia<\/h4>\n<p>Ub\u00f3stwo jest powszechne w tej spo\u0142eczno\u015bci. Wielu rodzic\u00f3w pracuje dorywczo i nieregularnie. W domach brakuje wystarczaj\u0105cej ilo\u015bci jedzenia, a dzienne wy\u017cywienie dziecka cz\u0119sto ogranicza si\u0119 do placka z m\u0105ki i wody. Dzieci przychodz\u0105 do szko\u0142y g\u0142odne, os\u0142abione, z problemami rozwoju fizycznego (m.in. zahamowanie wzrostu)\u00a0 i trudno\u015bciami w koncentracji. Zdarzaj\u0105 si\u0119 omdlenia w szkole. Zim\u0105 sytuacja jest jeszcze bardziej dramatyczna, bo to okres zwi\u0119kszonego niedo\u017cywienia, zachorowa\u0144 oraz absencji w szkole. Budynki szkolne posiadaj\u0105 co prawda podstawowe wyposa\u017cenie, lecz s\u0105 zaniedbane, nieogrzewane, co szczeg\u00f3lnie utrudnia nauk\u0119 w zimie.<\/p>\n<h4>Nadzieja na lepsze jutro<\/h4>\n<p>Regularne, pe\u0142nowarto\u015bciowe posi\u0142ki znacz\u0105co poprawi\u0142y zdrowie dzieci, ich odporno\u015b\u0107 i wyniki w nauce. Bardzo poprawi\u0142a si\u0119 frekwencja szkolna, jedzenie zach\u0119ca dzieci do przychodzenia do szko\u0142y, s\u0105 w stanie uczy\u0107 si\u0119 mimo trudnych warunk\u00f3w pogodowych. Program \u017cywieniowy jest kluczowy w likwidacji g\u0142odu, zapobiega wczesnemu porzucaniu edukacji oraz zmniejsza ryzyko kierowania dzieci do ci\u0119\u017ckiej pracy na nieurodzajnych g\u00f3rskich polach. Podstawa poprawy ich losu to w\u0142a\u015bnie ten codzienny posi\u0142ek. To fundament, na kt\u00f3rym rozwijamy edukacj\u0119, a dzi\u0119ki niej zapobiegamy przedwczesnym ma\u0142\u017ce\u0144stwom dziewczynek, daj\u0105c nadziej\u0119 na lepsz\u0105 przysz\u0142o\u015b\u0107.<\/p>\n<h4>Tam g\u0142\u00f3d powoduje analfabetyzm<\/h4>\n<p>Codzienny posi\u0142ek przygotowywany jest przez lokaln\u0105 kuchark\u0119 i wydawany przez ca\u0142y tydzie\u0144 przy wsparciu nauczycieli. W menu znajduj\u0105 si\u0119 ry\u017c, soczewica i sezonowe warzywa. Z programu korzystaj\u0105 wszystkie dzieci ucz\u0119szczaj\u0105ce do szko\u0142y. Jego kontynuacja jest niezb\u0119dna, aby nie dopu\u015bci\u0107 do powrotu g\u0142odu, przedwczesnego porzucania nauki oraz pog\u0142\u0119biania si\u0119 ub\u00f3stwa. Bez naszej pomocy dzieci z tej spo\u0142eczno\u015bci wr\u00f3c\u0105 do analfabetyzmu. Bardzo prosimy o wsparcie akcji do\u017cywiania.<\/p>\n<h4>Kosztorys:<\/h4>\n<p><img loading=\"lazy\" decoding=\"async\" class=\"alignnone wp-image-34553 size-full\" src=\"https:\/\/www.maitri.pl\/wp-content\/uploads\/2025\/12\/67-kartc.png\" alt=\"\" width=\"982\" height=\"323\" srcset=\"https:\/\/www.maitri.pl\/wp-content\/uploads\/2025\/12\/67-kartc.png 982w, https:\/\/www.maitri.pl\/wp-content\/uploads\/2025\/12\/67-kartc-300x99.png 300w, https:\/\/www.maitri.pl\/wp-content\/uploads\/2025\/12\/67-kartc-768x253.png 768w, https:\/\/www.maitri.pl\/wp-content\/uploads\/2025\/12\/67-kartc-600x197.png 600w\" sizes=\"auto, (max-width: 982px) 100vw, 982px\" \/><\/p>\n<p><em>Aleksandra<\/em><em>\u00a0Kurnicka, <a href=\"https:\/\/www.facebook.com\/karunikatuitioncenterNEPAL\" target=\"_blank\" rel=\"noopener\">Karunika Foundation<\/a>,<\/em>\u00a0Kathmandu, <a href=\"https:\/\/www.maitri.pl\/gdzie-pomagamy\/\" target=\"_blank\" rel=\"noopener\">Nepal<\/a><\/p>\n<p><span style=\"color: #ff0000;\"><span style=\"font-size: large;\"><b>Wnioskowana kwota: 200 000 z\u0142<\/b><\/span><\/span><\/p>\n<p><strong>Numer projektu:<\/strong> <strong><span style=\"color: #ff0000;\">67\/KARTC<\/span><\/strong><\/p>\n<h3><strong><span style=\"color: #999999;\">Codzienny posi\u0142ek dla 420 dzieci \u017cyj\u0105cych w skrajnej n\u0119dzy w Nepalu &#8211; pom\u00f3\u017c najbiedniejszym &#8211; o wsparcie prosi Karunika<\/span><\/strong><\/h3>\n<p>&nbsp;<\/p>\n","protected":false},"excerpt":{"rendered":"<p><strong>Projekt: <\/strong><em>Aleksandra<\/em><em>\u00a0Kurnicka, <a href=\"https:\/\/www.facebook.com\/karunikatuitioncenterNEPAL\" target=\"_blank\" rel=\"noopener\">Karunika Foundation<\/a><\/em><br \/>\n<strong>Miejsce:<\/strong> Kathmandu, <a href=\"https:\/\/www.maitri.pl\/gdzie-pomagamy\/\" target=\"_blank\" rel=\"noopener\">Nepal<\/a><br \/>\n<strong>Kwota projektu: <span style=\"color: #ff0000;\">200 000 z\u0142<\/span><\/strong><\/p>\n","protected":false},"featured_media":34563,"template":"","meta":[],"product_brand":[],"product_cat":[661,657],"product_tag":[670,676,1010,928,672],"class_list":{"0":"post-34552","1":"product","2":"type-product","3":"status-publish","4":"has-post-thumbnail","6":"product_cat-dozywianie","7":"product_cat-projekty","8":"product_tag-aleksandra-kurnicka","9":"product_tag-dozywianie","10":"product_tag-karunika","11":"product_tag-karunika-foundation","12":"product_tag-nepal","14":"first","15":"instock","16":"virtual","17":"purchasable","18":"product-type-simple"},"yoast_head":"<!-- This site is optimized with the Yoast SEO plugin v27.2 - https:\/\/yoast.com\/product\/yoast-seo-wordpress\/ -->\n<title>Codzienny posi\u0142ek dla 420 dzieci w Nepalu<\/title>\n<meta name=\"description\" content=\"Codzienny posi\u0142ek dla 420 dzieci \u017cyj\u0105cych w skrajnej n\u0119dzy w Nepalu. Pom\u00f3\u017c najbiedniejszym przedszkolakom i uczniom z wsi u podn\u00f3\u017ca Himalaj\u00f3w.\" \/>\n<meta name=\"robots\" content=\"index, follow, max-snippet:-1, max-image-preview:large, max-video-preview:-1\" \/>\n<link rel=\"canonical\" href=\"https:\/\/www.maitri.pl\/projekt\/codzienny-posilek-nepal\/\" \/>\n<meta property=\"og:locale\" content=\"fr_FR\" \/>\n<meta property=\"og:type\" content=\"article\" \/>\n<meta property=\"og:title\" content=\"Codzienny posi\u0142ek dla 420 dzieci w Nepalu\" \/>\n<meta property=\"og:description\" content=\"Codzienny posi\u0142ek dla 420 dzieci \u017cyj\u0105cych w skrajnej n\u0119dzy w Nepalu. Pom\u00f3\u017c najbiedniejszym przedszkolakom i uczniom z wsi u podn\u00f3\u017ca Himalaj\u00f3w.\" \/>\n<meta property=\"og:url\" content=\"https:\/\/www.maitri.pl\/projekt\/codzienny-posilek-nepal\/\" \/>\n<meta property=\"og:site_name\" content=\"Ruch Maitri - Adopcja Serca pomoc Afryce\" \/>\n<meta property=\"article:publisher\" content=\"https:\/\/www.facebook.com\/MAITRI.Adopcja.Serca.dzieci.Afryki\/\" \/>\n<meta property=\"article:modified_time\" content=\"2026-03-10T16:50:45+00:00\" \/>\n<meta property=\"og:image\" content=\"https:\/\/www.maitri.pl\/wp-content\/uploads\/2025\/12\/67-kartc-3.jpg\" \/>\n\t<meta property=\"og:image:width\" content=\"1024\" \/>\n\t<meta property=\"og:image:height\" content=\"768\" \/>\n\t<meta property=\"og:image:type\" content=\"image\/jpeg\" \/>\n<meta name=\"twitter:card\" content=\"summary_large_image\" \/>\n<meta name=\"twitter:label1\" content=\"Dur\u00e9e de lecture estim\u00e9e\" \/>\n\t<meta name=\"twitter:data1\" content=\"3 minutes\" \/>\n<script type=\"application\/ld+json\" class=\"yoast-schema-graph\">{\"@context\":\"https:\/\/schema.org\",\"@graph\":[{\"@type\":\"WebPage\",\"@id\":\"https:\/\/www.maitri.pl\/projekt\/codzienny-posilek-nepal\/\",\"url\":\"https:\/\/www.maitri.pl\/projekt\/codzienny-posilek-nepal\/\",\"name\":\"Codzienny posi\u0142ek dla 420 dzieci w Nepalu\",\"isPartOf\":{\"@id\":\"https:\/\/www.maitri.pl\/#website\"},\"primaryImageOfPage\":{\"@id\":\"https:\/\/www.maitri.pl\/projekt\/codzienny-posilek-nepal\/#primaryimage\"},\"image\":{\"@id\":\"https:\/\/www.maitri.pl\/projekt\/codzienny-posilek-nepal\/#primaryimage\"},\"thumbnailUrl\":\"https:\/\/www.maitri.pl\/wp-content\/uploads\/2025\/12\/67-kartc-3.jpg\",\"datePublished\":\"2025-12-10T15:01:48+00:00\",\"dateModified\":\"2026-03-10T16:50:45+00:00\",\"description\":\"Codzienny posi\u0142ek dla 420 dzieci \u017cyj\u0105cych w skrajnej n\u0119dzy w Nepalu. Pom\u00f3\u017c najbiedniejszym przedszkolakom i uczniom z wsi u podn\u00f3\u017ca Himalaj\u00f3w.\",\"breadcrumb\":{\"@id\":\"https:\/\/www.maitri.pl\/projekt\/codzienny-posilek-nepal\/#breadcrumb\"},\"inLanguage\":\"fr-FR\",\"potentialAction\":[{\"@type\":\"ReadAction\",\"target\":[\"https:\/\/www.maitri.pl\/projekt\/codzienny-posilek-nepal\/\"]}]},{\"@type\":\"ImageObject\",\"inLanguage\":\"fr-FR\",\"@id\":\"https:\/\/www.maitri.pl\/projekt\/codzienny-posilek-nepal\/#primaryimage\",\"url\":\"https:\/\/www.maitri.pl\/wp-content\/uploads\/2025\/12\/67-kartc-3.jpg\",\"contentUrl\":\"https:\/\/www.maitri.pl\/wp-content\/uploads\/2025\/12\/67-kartc-3.jpg\",\"width\":1024,\"height\":768,\"caption\":\"Codzienny posi\u0142ek dla 420 dzieci \u017cyj\u0105cych w skrajnej n\u0119dzy w Nepalu - pom\u00f3\u017c najbiedniejszym pomoc ubogim pomoc w Nepalu Adopcja Serca Adopcja duchowa ja\u0142mu\u017cna do\u017cywianie posi\u0142ek w szkole 03\"},{\"@type\":\"BreadcrumbList\",\"@id\":\"https:\/\/www.maitri.pl\/projekt\/codzienny-posilek-nepal\/#breadcrumb\",\"itemListElement\":[{\"@type\":\"ListItem\",\"position\":1,\"name\":\"Strona g\u0142\u00f3wna\",\"item\":\"https:\/\/www.maitri.pl\/\"},{\"@type\":\"ListItem\",\"position\":2,\"name\":\"Sklep\",\"item\":\"https:\/\/www.maitri.pl\/sklep\/\"},{\"@type\":\"ListItem\",\"position\":3,\"name\":\"Posi\u0142ek dla 420 dzieci \u017cyj\u0105cych w skrajnej n\u0119dzy w Nepalu &#8211; pom\u00f3\u017c najbiedniejszym\"}]},{\"@type\":\"WebSite\",\"@id\":\"https:\/\/www.maitri.pl\/#website\",\"url\":\"https:\/\/www.maitri.pl\/\",\"name\":\"Adopcja Serca Maitri \u2013 pomoc dzieciom w Afryce\",\"description\":\"Adopcja Serca \u2013 adopcja na odleg\u0142o\u015b\u0107, pomoc Afryce, do\u017cywianie i edukacja w Afryce\",\"publisher\":{\"@id\":\"https:\/\/www.maitri.pl\/#organization\"},\"potentialAction\":[{\"@type\":\"SearchAction\",\"target\":{\"@type\":\"EntryPoint\",\"urlTemplate\":\"https:\/\/www.maitri.pl\/?s={search_term_string}\"},\"query-input\":{\"@type\":\"PropertyValueSpecification\",\"valueRequired\":true,\"valueName\":\"search_term_string\"}}],\"inLanguage\":\"fr-FR\"},{\"@type\":\"Organization\",\"@id\":\"https:\/\/www.maitri.pl\/#organization\",\"name\":\"Stowarzyszenie Ruchu Maitri\",\"url\":\"https:\/\/www.maitri.pl\/\",\"logo\":{\"@type\":\"ImageObject\",\"inLanguage\":\"fr-FR\",\"@id\":\"https:\/\/www.maitri.pl\/#\/schema\/logo\/image\/\",\"url\":\"https:\/\/www.maitri.pl\/wp-content\/uploads\/2020\/04\/duze_logo-81.png\",\"contentUrl\":\"https:\/\/www.maitri.pl\/wp-content\/uploads\/2020\/04\/duze_logo-81.png\",\"width\":339,\"height\":321,\"caption\":\"Stowarzyszenie Ruchu Maitri\"},\"image\":{\"@id\":\"https:\/\/www.maitri.pl\/#\/schema\/logo\/image\/\"},\"sameAs\":[\"https:\/\/www.facebook.com\/MAITRI.Adopcja.Serca.dzieci.Afryki\/\"]}]}<\/script>\n<!-- \/ Yoast SEO plugin. -->","yoast_head_json":{"title":"Codzienny posi\u0142ek dla 420 dzieci w Nepalu","description":"Codzienny posi\u0142ek dla 420 dzieci \u017cyj\u0105cych w skrajnej n\u0119dzy w Nepalu. Pom\u00f3\u017c najbiedniejszym przedszkolakom i uczniom z wsi u podn\u00f3\u017ca Himalaj\u00f3w.","robots":{"index":"index","follow":"follow","max-snippet":"max-snippet:-1","max-image-preview":"max-image-preview:large","max-video-preview":"max-video-preview:-1"},"canonical":"https:\/\/www.maitri.pl\/projekt\/codzienny-posilek-nepal\/","og_locale":"fr_FR","og_type":"article","og_title":"Codzienny posi\u0142ek dla 420 dzieci w Nepalu","og_description":"Codzienny posi\u0142ek dla 420 dzieci \u017cyj\u0105cych w skrajnej n\u0119dzy w Nepalu. Pom\u00f3\u017c najbiedniejszym przedszkolakom i uczniom z wsi u podn\u00f3\u017ca Himalaj\u00f3w.","og_url":"https:\/\/www.maitri.pl\/projekt\/codzienny-posilek-nepal\/","og_site_name":"Ruch Maitri - Adopcja Serca pomoc Afryce","article_publisher":"https:\/\/www.facebook.com\/MAITRI.Adopcja.Serca.dzieci.Afryki\/","article_modified_time":"2026-03-10T16:50:45+00:00","og_image":[{"width":1024,"height":768,"url":"https:\/\/www.maitri.pl\/wp-content\/uploads\/2025\/12\/67-kartc-3.jpg","type":"image\/jpeg"}],"twitter_card":"summary_large_image","twitter_misc":{"Dur\u00e9e de lecture estim\u00e9e":"3 minutes"},"schema":{"@context":"https:\/\/schema.org","@graph":[{"@type":"WebPage","@id":"https:\/\/www.maitri.pl\/projekt\/codzienny-posilek-nepal\/","url":"https:\/\/www.maitri.pl\/projekt\/codzienny-posilek-nepal\/","name":"Codzienny posi\u0142ek dla 420 dzieci w Nepalu","isPartOf":{"@id":"https:\/\/www.maitri.pl\/#website"},"primaryImageOfPage":{"@id":"https:\/\/www.maitri.pl\/projekt\/codzienny-posilek-nepal\/#primaryimage"},"image":{"@id":"https:\/\/www.maitri.pl\/projekt\/codzienny-posilek-nepal\/#primaryimage"},"thumbnailUrl":"https:\/\/www.maitri.pl\/wp-content\/uploads\/2025\/12\/67-kartc-3.jpg","datePublished":"2025-12-10T15:01:48+00:00","dateModified":"2026-03-10T16:50:45+00:00","description":"Codzienny posi\u0142ek dla 420 dzieci \u017cyj\u0105cych w skrajnej n\u0119dzy w Nepalu. Pom\u00f3\u017c najbiedniejszym przedszkolakom i uczniom z wsi u podn\u00f3\u017ca Himalaj\u00f3w.","breadcrumb":{"@id":"https:\/\/www.maitri.pl\/projekt\/codzienny-posilek-nepal\/#breadcrumb"},"inLanguage":"fr-FR","potentialAction":[{"@type":"ReadAction","target":["https:\/\/www.maitri.pl\/projekt\/codzienny-posilek-nepal\/"]}]},{"@type":"ImageObject","inLanguage":"fr-FR","@id":"https:\/\/www.maitri.pl\/projekt\/codzienny-posilek-nepal\/#primaryimage","url":"https:\/\/www.maitri.pl\/wp-content\/uploads\/2025\/12\/67-kartc-3.jpg","contentUrl":"https:\/\/www.maitri.pl\/wp-content\/uploads\/2025\/12\/67-kartc-3.jpg","width":1024,"height":768,"caption":"Codzienny posi\u0142ek dla 420 dzieci \u017cyj\u0105cych w skrajnej n\u0119dzy w Nepalu - pom\u00f3\u017c najbiedniejszym pomoc ubogim pomoc w Nepalu Adopcja Serca Adopcja duchowa ja\u0142mu\u017cna do\u017cywianie posi\u0142ek w szkole 03"},{"@type":"BreadcrumbList","@id":"https:\/\/www.maitri.pl\/projekt\/codzienny-posilek-nepal\/#breadcrumb","itemListElement":[{"@type":"ListItem","position":1,"name":"Strona g\u0142\u00f3wna","item":"https:\/\/www.maitri.pl\/"},{"@type":"ListItem","position":2,"name":"Sklep","item":"https:\/\/www.maitri.pl\/sklep\/"},{"@type":"ListItem","position":3,"name":"Posi\u0142ek dla 420 dzieci \u017cyj\u0105cych w skrajnej n\u0119dzy w Nepalu &#8211; pom\u00f3\u017c najbiedniejszym"}]},{"@type":"WebSite","@id":"https:\/\/www.maitri.pl\/#website","url":"https:\/\/www.maitri.pl\/","name":"Adopcja Serca Maitri \u2013 pomoc dzieciom w Afryce","description":"Adopcja Serca \u2013 adopcja na odleg\u0142o\u015b\u0107, pomoc Afryce, do\u017cywianie i edukacja w Afryce","publisher":{"@id":"https:\/\/www.maitri.pl\/#organization"},"potentialAction":[{"@type":"SearchAction","target":{"@type":"EntryPoint","urlTemplate":"https:\/\/www.maitri.pl\/?s={search_term_string}"},"query-input":{"@type":"PropertyValueSpecification","valueRequired":true,"valueName":"search_term_string"}}],"inLanguage":"fr-FR"},{"@type":"Organization","@id":"https:\/\/www.maitri.pl\/#organization","name":"Stowarzyszenie Ruchu Maitri","url":"https:\/\/www.maitri.pl\/","logo":{"@type":"ImageObject","inLanguage":"fr-FR","@id":"https:\/\/www.maitri.pl\/#\/schema\/logo\/image\/","url":"https:\/\/www.maitri.pl\/wp-content\/uploads\/2020\/04\/duze_logo-81.png","contentUrl":"https:\/\/www.maitri.pl\/wp-content\/uploads\/2020\/04\/duze_logo-81.png","width":339,"height":321,"caption":"Stowarzyszenie Ruchu Maitri"},"image":{"@id":"https:\/\/www.maitri.pl\/#\/schema\/logo\/image\/"},"sameAs":["https:\/\/www.facebook.com\/MAITRI.Adopcja.Serca.dzieci.Afryki\/"]}]}},"_links":{"self":[{"href":"https:\/\/www.maitri.pl\/fr\/wp-json\/wp\/v2\/product\/34552","targetHints":{"allow":["GET"]}}],"collection":[{"href":"https:\/\/www.maitri.pl\/fr\/wp-json\/wp\/v2\/product"}],"about":[{"href":"https:\/\/www.maitri.pl\/fr\/wp-json\/wp\/v2\/types\/product"}],"wp:featuredmedia":[{"embeddable":true,"href":"https:\/\/www.maitri.pl\/fr\/wp-json\/wp\/v2\/media\/34563"}],"wp:attachment":[{"href":"https:\/\/www.maitri.pl\/fr\/wp-json\/wp\/v2\/media?parent=34552"}],"wp:term":[{"taxonomy":"product_brand","embeddable":true,"href":"https:\/\/www.maitri.pl\/fr\/wp-json\/wp\/v2\/product_brand?post=34552"},{"taxonomy":"product_cat","embeddable":true,"href":"https:\/\/www.maitri.pl\/fr\/wp-json\/wp\/v2\/product_cat?post=34552"},{"taxonomy":"product_tag","embeddable":true,"href":"https:\/\/www.maitri.pl\/fr\/wp-json\/wp\/v2\/product_tag?post=34552"}],"curies":[{"name":"wp","href":"https:\/\/api.w.org\/{rel}","templated":true}]}}