{"id":34484,"date":"2025-12-05T09:33:09","date_gmt":"2025-12-05T08:33:09","guid":{"rendered":"https:\/\/www.maitri.pl\/?post_type=product&#038;p=34484"},"modified":"2026-02-26T11:23:17","modified_gmt":"2026-02-26T10:23:17","slug":"pomoc-w-dozywianiu-doume-2","status":"publish","type":"product","link":"https:\/\/www.maitri.pl\/fr\/projekt\/pomoc-w-dozywianiu-doume-2\/","title":{"rendered":"Pomoc w do\u017cywianiu 425 dzieci ze Szko\u0142y Podstawowej w Doume"},"content":{"rendered":"<h4>Nakarm g\u0142odnych&#8230;<\/h4>\n<p>Szko\u0142a podstawowa w Doume liczy w tym roku 425 uczni\u00f3w. Mamy 11 klas po ok. 40 dzieci ka\u017cda. Prowadzimy tam program <a href=\"https:\/\/www.maitri.pl\/adopcja-serca\/\" target=\"_blank\" rel=\"noopener\">Adopcja Serca<\/a>. Spora cz\u0119\u015b\u0107 dzieci jest sierotami lub p\u00f3\u0142sierotami. Wiele z nich mieszka ze swoimi babciami lub dalsz\u0105 rodzin\u0105. Zdarza si\u0119 te\u017c, \u017ce przebywaj\u0105 na sta\u0142e u zupe\u0142nie obcych ludzi lub u starszego rodze\u0144stwa. Kimkolwiek s\u0105 ich opiekunowie, wszyscy pracuj\u0105 ci\u0119\u017cko na polu, \u017ceby przynie\u015b\u0107 cokolwiek do jedzenia. Niestety najcz\u0119\u015bciej bywa tak, \u017ce tej \u017cywno\u015bci jest o wiele za ma\u0142o. Dlatego dzieci cz\u0119sto przychodz\u0105 do szko\u0142y g\u0142odne. Na lekcjach trudno im si\u0119 skupi\u0107, z g\u0142odu boli ich brzuch i g\u0142owa, maj\u0105 ma\u0142\u0105 odporno\u015b\u0107 na choroby, szybko si\u0119 m\u0119cz\u0105. Wasza pomoc w do\u017cywianiu tych dzieci pozwala nam zapewni\u0107 im pe\u0142ne brzuszki chocia\u017c na czas pobytu w szkole.<\/p>\n<h4>Proste i po\u017cywne posi\u0142ki<\/h4>\n<p>Aby zmniejszy\u0107 problem niedo\u017cywienia, chcemy kontynuowa\u0107 do\u017cywianie dzieci w szkole. Wydajemy im ciep\u0142y posi\u0142ek 2 razy w tygodniu oraz 1 raz w tygodniu kasz\u0119 mann\u0119 z kukurydzy i chleb z mas\u0142em albo z czekolad\u0105, kt\u00f3ry dzieci bardzo lubi\u0105. Niestety pog\u0142\u0119biaj\u0105cy si\u0119 kryzys ekonomiczny w Kamerunie sprawia, \u017ce pogarsza si\u0119 te\u017c problem niedo\u017cywienia dzieci. Wyst\u0119puje on zar\u00f3wno w porze suchej, gdy ziemia ma\u0142o rodzi, jak i deszczowej, bo to pora zasiew\u00f3w, wi\u0119c jedzenia nie ma jeszcze na polach.\u00a0Do\u017cywianie w szkole jest wielk\u0105 pomoc\u0105 dla ca\u0142ych rodzin. Zdarza si\u0119, \u017ce dzieci ukradkiem wynosz\u0105 w kieszeniach ry\u017c dla swojego rodze\u0144stwa, kt\u00f3re jest w domu. Niekt\u00f3re dzieci przychodz\u0105 do szko\u0142y w\u0142a\u015bnie dlatego, \u017ce mog\u0105 tu liczy\u0107 na co\u015b do zjedzenia. S\u0105 one bardzo wdzi\u0119czne za ten dar. Prosimy o dalsz\u0105 pomoc.<\/p>\n<p>Z g\u00f3ry dzi\u0119kuj\u0119 za przychylno\u015b\u0107 i dobro\u0107 serca. Pami\u0119tam w modlitwie razem z moimi uczniami.<\/p>\n<p><img loading=\"lazy\" decoding=\"async\" class=\"alignnone wp-image-34528 size-full\" src=\"https:\/\/www.maitri.pl\/wp-content\/uploads\/2025\/12\/472-palls.png\" alt=\"\" width=\"959\" height=\"596\" srcset=\"https:\/\/www.maitri.pl\/wp-content\/uploads\/2025\/12\/472-palls.png 959w, https:\/\/www.maitri.pl\/wp-content\/uploads\/2025\/12\/472-palls-300x186.png 300w, https:\/\/www.maitri.pl\/wp-content\/uploads\/2025\/12\/472-palls-768x477.png 768w, https:\/\/www.maitri.pl\/wp-content\/uploads\/2025\/12\/472-palls-600x373.png 600w\" sizes=\"auto, (max-width: 959px) 100vw, 959px\" \/><\/p>\n<p><em>Siostra Agnieszka D\u0105browska, <a href=\"http:\/\/www.u-pallotynek.pl\/\" target=\"_blank\" rel=\"noopener\">Zgromadzenie Si\u00f3str Misjonarek Apostolstwa Katolickiego<\/a><\/em><\/p>\n<p><b style=\"font-size: large; color: #ff0000;\">Kwota: 18 767 z\u0142<\/b><\/p>\n<p>Kwota przekazana: 18 767 pln<\/p>\n<p><strong>Numer projektu : 472\/PALLS<\/strong><\/p>\n<p style=\"text-align: justify;\"><strong>Podsumowanie w miejscowej walucie &#8211; 2 580 400 frank\u00f3w CFA<\/strong><\/p>\n<h3 style=\"text-align: justify;\" align=\"JUSTIFY\"><span style=\"color: #808080;\">Pomoc w do\u017cywianiu 425 dzieci ze Szko\u0142y Podstawowej w Doume w Kamerunie &#8211; Siostry Pallotynki<\/span><\/h3>\n","protected":false},"excerpt":{"rendered":"<p><strong>Projekt:<\/strong> Siostra Agnieszka D\u0105browska, <a href=\"http:\/\/www.u-pallotynek.pl\/\" target=\"_blank\" rel=\"noopener\">Zgromadzenie Si\u00f3str Misjonarek Apostolstwa Katolickiego<\/a><br \/>\n<strong>Misja:<\/strong> Doume, <a href=\"https:\/\/www.maitri.pl\/gdzie-pomagamy\/\" target=\"_blank\" rel=\"noopener noreferrer\">Kamerun<\/a><br \/>\n<strong>Zbierana kwota:<\/strong> <span style=\"color: #ff0000;\"><strong>18 767 z\u0142<\/strong><\/span><\/p>\n","protected":false},"featured_media":34537,"template":"","meta":[],"product_brand":[],"product_cat":[661,674],"product_tag":[687,676,658,847,969,689],"class_list":{"0":"post-34484","1":"product","2":"type-product","3":"status-publish","4":"has-post-thumbnail","6":"product_cat-dozywianie","7":"product_cat-projekty-zrealizowane-w-biezacym-roku","8":"product_tag-doume","9":"product_tag-dozywianie","10":"product_tag-kamerun","11":"product_tag-pallotynki","12":"product_tag-siostra-agnieszka-dabrowska","13":"product_tag-zgromadzenie-siostr-misjonarek-apostolstwa-katolickiego","15":"first","16":"instock","17":"virtual","18":"purchasable","19":"product-type-simple"},"yoast_head":"<!-- This site is optimized with the Yoast SEO plugin v27.2 - https:\/\/yoast.com\/product\/yoast-seo-wordpress\/ -->\n<title>Pomoc w do\u017cywianiu 425 dzieci ze Szko\u0142y Podstawowej w Doume<\/title>\n<meta name=\"description\" content=\"Pomoc w do\u017cywianiu 425 dzieci ze Szko\u0142y Podstawowej w Doume w Kamerunie. O wsparcie dla potrzebuj\u0105cych prosz\u0105 Siostry Pallotynki.\" \/>\n<meta name=\"robots\" content=\"index, follow, max-snippet:-1, max-image-preview:large, max-video-preview:-1\" \/>\n<link rel=\"canonical\" href=\"https:\/\/www.maitri.pl\/projekt\/pomoc-w-dozywianiu-doume-2\/\" \/>\n<meta property=\"og:locale\" content=\"fr_FR\" \/>\n<meta property=\"og:type\" content=\"article\" \/>\n<meta property=\"og:title\" content=\"Pomoc w do\u017cywianiu 425 dzieci ze Szko\u0142y Podstawowej w Doume\" \/>\n<meta property=\"og:description\" content=\"Pomoc w do\u017cywianiu 425 dzieci ze Szko\u0142y Podstawowej w Doume w Kamerunie. O wsparcie dla potrzebuj\u0105cych prosz\u0105 Siostry Pallotynki.\" \/>\n<meta property=\"og:url\" content=\"https:\/\/www.maitri.pl\/projekt\/pomoc-w-dozywianiu-doume-2\/\" \/>\n<meta property=\"og:site_name\" content=\"Ruch Maitri - Adopcja Serca pomoc Afryce\" \/>\n<meta property=\"article:publisher\" content=\"https:\/\/www.facebook.com\/MAITRI.Adopcja.Serca.dzieci.Afryki\/\" \/>\n<meta property=\"article:modified_time\" content=\"2026-02-26T10:23:17+00:00\" \/>\n<meta property=\"og:image\" content=\"https:\/\/www.maitri.pl\/wp-content\/uploads\/2025\/12\/472-palls-2.jpg\" \/>\n\t<meta property=\"og:image:width\" content=\"1313\" \/>\n\t<meta property=\"og:image:height\" content=\"1313\" \/>\n\t<meta property=\"og:image:type\" content=\"image\/jpeg\" \/>\n<meta name=\"twitter:card\" content=\"summary_large_image\" \/>\n<meta name=\"twitter:label1\" content=\"Dur\u00e9e de lecture estim\u00e9e\" \/>\n\t<meta name=\"twitter:data1\" content=\"3 minutes\" \/>\n<script type=\"application\/ld+json\" class=\"yoast-schema-graph\">{\"@context\":\"https:\/\/schema.org\",\"@graph\":[{\"@type\":\"WebPage\",\"@id\":\"https:\/\/www.maitri.pl\/projekt\/pomoc-w-dozywianiu-doume-2\/\",\"url\":\"https:\/\/www.maitri.pl\/projekt\/pomoc-w-dozywianiu-doume-2\/\",\"name\":\"Pomoc w do\u017cywianiu 425 dzieci ze Szko\u0142y Podstawowej w Doume\",\"isPartOf\":{\"@id\":\"https:\/\/www.maitri.pl\/#website\"},\"primaryImageOfPage\":{\"@id\":\"https:\/\/www.maitri.pl\/projekt\/pomoc-w-dozywianiu-doume-2\/#primaryimage\"},\"image\":{\"@id\":\"https:\/\/www.maitri.pl\/projekt\/pomoc-w-dozywianiu-doume-2\/#primaryimage\"},\"thumbnailUrl\":\"https:\/\/www.maitri.pl\/wp-content\/uploads\/2025\/12\/472-palls-2.jpg\",\"datePublished\":\"2025-12-05T08:33:09+00:00\",\"dateModified\":\"2026-02-26T10:23:17+00:00\",\"description\":\"Pomoc w do\u017cywianiu 425 dzieci ze Szko\u0142y Podstawowej w Doume w Kamerunie. O wsparcie dla potrzebuj\u0105cych prosz\u0105 Siostry Pallotynki.\",\"breadcrumb\":{\"@id\":\"https:\/\/www.maitri.pl\/projekt\/pomoc-w-dozywianiu-doume-2\/#breadcrumb\"},\"inLanguage\":\"fr-FR\",\"potentialAction\":[{\"@type\":\"ReadAction\",\"target\":[\"https:\/\/www.maitri.pl\/projekt\/pomoc-w-dozywianiu-doume-2\/\"]}]},{\"@type\":\"ImageObject\",\"inLanguage\":\"fr-FR\",\"@id\":\"https:\/\/www.maitri.pl\/projekt\/pomoc-w-dozywianiu-doume-2\/#primaryimage\",\"url\":\"https:\/\/www.maitri.pl\/wp-content\/uploads\/2025\/12\/472-palls-2.jpg\",\"contentUrl\":\"https:\/\/www.maitri.pl\/wp-content\/uploads\/2025\/12\/472-palls-2.jpg\",\"width\":1313,\"height\":1313,\"caption\":\"Pomoc w do\u017cywianiu 425 dzieci ze Szko\u0142y Podstawowej w Doume pomoc Afryce pomoc ubogim Kamerun Adopcja Duchowa Adopcja Serca ja\u0142mu\u017cna pomoc biednym 02\"},{\"@type\":\"BreadcrumbList\",\"@id\":\"https:\/\/www.maitri.pl\/projekt\/pomoc-w-dozywianiu-doume-2\/#breadcrumb\",\"itemListElement\":[{\"@type\":\"ListItem\",\"position\":1,\"name\":\"Strona g\u0142\u00f3wna\",\"item\":\"https:\/\/www.maitri.pl\/\"},{\"@type\":\"ListItem\",\"position\":2,\"name\":\"Sklep\",\"item\":\"https:\/\/www.maitri.pl\/sklep\/\"},{\"@type\":\"ListItem\",\"position\":3,\"name\":\"Pomoc w do\u017cywianiu 425 dzieci ze Szko\u0142y Podstawowej w Doume\"}]},{\"@type\":\"WebSite\",\"@id\":\"https:\/\/www.maitri.pl\/#website\",\"url\":\"https:\/\/www.maitri.pl\/\",\"name\":\"Adopcja Serca Maitri \u2013 pomoc dzieciom w Afryce\",\"description\":\"Adopcja Serca \u2013 adopcja na odleg\u0142o\u015b\u0107, pomoc Afryce, do\u017cywianie i edukacja w Afryce\",\"publisher\":{\"@id\":\"https:\/\/www.maitri.pl\/#organization\"},\"potentialAction\":[{\"@type\":\"SearchAction\",\"target\":{\"@type\":\"EntryPoint\",\"urlTemplate\":\"https:\/\/www.maitri.pl\/?s={search_term_string}\"},\"query-input\":{\"@type\":\"PropertyValueSpecification\",\"valueRequired\":true,\"valueName\":\"search_term_string\"}}],\"inLanguage\":\"fr-FR\"},{\"@type\":\"Organization\",\"@id\":\"https:\/\/www.maitri.pl\/#organization\",\"name\":\"Stowarzyszenie Ruchu Maitri\",\"url\":\"https:\/\/www.maitri.pl\/\",\"logo\":{\"@type\":\"ImageObject\",\"inLanguage\":\"fr-FR\",\"@id\":\"https:\/\/www.maitri.pl\/#\/schema\/logo\/image\/\",\"url\":\"https:\/\/www.maitri.pl\/wp-content\/uploads\/2020\/04\/duze_logo-81.png\",\"contentUrl\":\"https:\/\/www.maitri.pl\/wp-content\/uploads\/2020\/04\/duze_logo-81.png\",\"width\":339,\"height\":321,\"caption\":\"Stowarzyszenie Ruchu Maitri\"},\"image\":{\"@id\":\"https:\/\/www.maitri.pl\/#\/schema\/logo\/image\/\"},\"sameAs\":[\"https:\/\/www.facebook.com\/MAITRI.Adopcja.Serca.dzieci.Afryki\/\"]}]}<\/script>\n<!-- \/ Yoast SEO plugin. -->","yoast_head_json":{"title":"Pomoc w do\u017cywianiu 425 dzieci ze Szko\u0142y Podstawowej w Doume","description":"Pomoc w do\u017cywianiu 425 dzieci ze Szko\u0142y Podstawowej w Doume w Kamerunie. O wsparcie dla potrzebuj\u0105cych prosz\u0105 Siostry Pallotynki.","robots":{"index":"index","follow":"follow","max-snippet":"max-snippet:-1","max-image-preview":"max-image-preview:large","max-video-preview":"max-video-preview:-1"},"canonical":"https:\/\/www.maitri.pl\/projekt\/pomoc-w-dozywianiu-doume-2\/","og_locale":"fr_FR","og_type":"article","og_title":"Pomoc w do\u017cywianiu 425 dzieci ze Szko\u0142y Podstawowej w Doume","og_description":"Pomoc w do\u017cywianiu 425 dzieci ze Szko\u0142y Podstawowej w Doume w Kamerunie. O wsparcie dla potrzebuj\u0105cych prosz\u0105 Siostry Pallotynki.","og_url":"https:\/\/www.maitri.pl\/projekt\/pomoc-w-dozywianiu-doume-2\/","og_site_name":"Ruch Maitri - Adopcja Serca pomoc Afryce","article_publisher":"https:\/\/www.facebook.com\/MAITRI.Adopcja.Serca.dzieci.Afryki\/","article_modified_time":"2026-02-26T10:23:17+00:00","og_image":[{"width":1313,"height":1313,"url":"https:\/\/www.maitri.pl\/wp-content\/uploads\/2025\/12\/472-palls-2.jpg","type":"image\/jpeg"}],"twitter_card":"summary_large_image","twitter_misc":{"Dur\u00e9e de lecture estim\u00e9e":"3 minutes"},"schema":{"@context":"https:\/\/schema.org","@graph":[{"@type":"WebPage","@id":"https:\/\/www.maitri.pl\/projekt\/pomoc-w-dozywianiu-doume-2\/","url":"https:\/\/www.maitri.pl\/projekt\/pomoc-w-dozywianiu-doume-2\/","name":"Pomoc w do\u017cywianiu 425 dzieci ze Szko\u0142y Podstawowej w Doume","isPartOf":{"@id":"https:\/\/www.maitri.pl\/#website"},"primaryImageOfPage":{"@id":"https:\/\/www.maitri.pl\/projekt\/pomoc-w-dozywianiu-doume-2\/#primaryimage"},"image":{"@id":"https:\/\/www.maitri.pl\/projekt\/pomoc-w-dozywianiu-doume-2\/#primaryimage"},"thumbnailUrl":"https:\/\/www.maitri.pl\/wp-content\/uploads\/2025\/12\/472-palls-2.jpg","datePublished":"2025-12-05T08:33:09+00:00","dateModified":"2026-02-26T10:23:17+00:00","description":"Pomoc w do\u017cywianiu 425 dzieci ze Szko\u0142y Podstawowej w Doume w Kamerunie. O wsparcie dla potrzebuj\u0105cych prosz\u0105 Siostry Pallotynki.","breadcrumb":{"@id":"https:\/\/www.maitri.pl\/projekt\/pomoc-w-dozywianiu-doume-2\/#breadcrumb"},"inLanguage":"fr-FR","potentialAction":[{"@type":"ReadAction","target":["https:\/\/www.maitri.pl\/projekt\/pomoc-w-dozywianiu-doume-2\/"]}]},{"@type":"ImageObject","inLanguage":"fr-FR","@id":"https:\/\/www.maitri.pl\/projekt\/pomoc-w-dozywianiu-doume-2\/#primaryimage","url":"https:\/\/www.maitri.pl\/wp-content\/uploads\/2025\/12\/472-palls-2.jpg","contentUrl":"https:\/\/www.maitri.pl\/wp-content\/uploads\/2025\/12\/472-palls-2.jpg","width":1313,"height":1313,"caption":"Pomoc w do\u017cywianiu 425 dzieci ze Szko\u0142y Podstawowej w Doume pomoc Afryce pomoc ubogim Kamerun Adopcja Duchowa Adopcja Serca ja\u0142mu\u017cna pomoc biednym 02"},{"@type":"BreadcrumbList","@id":"https:\/\/www.maitri.pl\/projekt\/pomoc-w-dozywianiu-doume-2\/#breadcrumb","itemListElement":[{"@type":"ListItem","position":1,"name":"Strona g\u0142\u00f3wna","item":"https:\/\/www.maitri.pl\/"},{"@type":"ListItem","position":2,"name":"Sklep","item":"https:\/\/www.maitri.pl\/sklep\/"},{"@type":"ListItem","position":3,"name":"Pomoc w do\u017cywianiu 425 dzieci ze Szko\u0142y Podstawowej w Doume"}]},{"@type":"WebSite","@id":"https:\/\/www.maitri.pl\/#website","url":"https:\/\/www.maitri.pl\/","name":"Adopcja Serca Maitri \u2013 pomoc dzieciom w Afryce","description":"Adopcja Serca \u2013 adopcja na odleg\u0142o\u015b\u0107, pomoc Afryce, do\u017cywianie i edukacja w Afryce","publisher":{"@id":"https:\/\/www.maitri.pl\/#organization"},"potentialAction":[{"@type":"SearchAction","target":{"@type":"EntryPoint","urlTemplate":"https:\/\/www.maitri.pl\/?s={search_term_string}"},"query-input":{"@type":"PropertyValueSpecification","valueRequired":true,"valueName":"search_term_string"}}],"inLanguage":"fr-FR"},{"@type":"Organization","@id":"https:\/\/www.maitri.pl\/#organization","name":"Stowarzyszenie Ruchu Maitri","url":"https:\/\/www.maitri.pl\/","logo":{"@type":"ImageObject","inLanguage":"fr-FR","@id":"https:\/\/www.maitri.pl\/#\/schema\/logo\/image\/","url":"https:\/\/www.maitri.pl\/wp-content\/uploads\/2020\/04\/duze_logo-81.png","contentUrl":"https:\/\/www.maitri.pl\/wp-content\/uploads\/2020\/04\/duze_logo-81.png","width":339,"height":321,"caption":"Stowarzyszenie Ruchu Maitri"},"image":{"@id":"https:\/\/www.maitri.pl\/#\/schema\/logo\/image\/"},"sameAs":["https:\/\/www.facebook.com\/MAITRI.Adopcja.Serca.dzieci.Afryki\/"]}]}},"_links":{"self":[{"href":"https:\/\/www.maitri.pl\/fr\/wp-json\/wp\/v2\/product\/34484","targetHints":{"allow":["GET"]}}],"collection":[{"href":"https:\/\/www.maitri.pl\/fr\/wp-json\/wp\/v2\/product"}],"about":[{"href":"https:\/\/www.maitri.pl\/fr\/wp-json\/wp\/v2\/types\/product"}],"wp:featuredmedia":[{"embeddable":true,"href":"https:\/\/www.maitri.pl\/fr\/wp-json\/wp\/v2\/media\/34537"}],"wp:attachment":[{"href":"https:\/\/www.maitri.pl\/fr\/wp-json\/wp\/v2\/media?parent=34484"}],"wp:term":[{"taxonomy":"product_brand","embeddable":true,"href":"https:\/\/www.maitri.pl\/fr\/wp-json\/wp\/v2\/product_brand?post=34484"},{"taxonomy":"product_cat","embeddable":true,"href":"https:\/\/www.maitri.pl\/fr\/wp-json\/wp\/v2\/product_cat?post=34484"},{"taxonomy":"product_tag","embeddable":true,"href":"https:\/\/www.maitri.pl\/fr\/wp-json\/wp\/v2\/product_tag?post=34484"}],"curies":[{"name":"wp","href":"https:\/\/api.w.org\/{rel}","templated":true}]}}