{"id":34468,"date":"2025-11-25T10:49:01","date_gmt":"2025-11-25T09:49:01","guid":{"rendered":"https:\/\/www.maitri.pl\/?post_type=product&#038;p=34468"},"modified":"2026-03-10T17:50:01","modified_gmt":"2026-03-10T16:50:01","slug":"dozywianie-gitega-songa","status":"publish","type":"product","link":"https:\/\/www.maitri.pl\/fr\/projekt\/dozywianie-gitega-songa\/","title":{"rendered":"Do\u017cywianie 250 dzieci w przedszkolu \u00ab\u00a0Dzieci\u0105tka Jezus\u00a0\u00bb w Gitega Songa w Burundi"},"content":{"rendered":"<h4>Nieodwracalne efekty niedo\u017cywienia<\/h4>\n<p>W Burundi mo\u017cna spotka\u0107 dzieci, kt\u00f3rych los \u0142amie serce. Dzieci, kt\u00f3re s\u0105 niedo\u017cywione jako przedszkolaki cz\u0119sto zatrzymuj\u0105 si\u0119 w rozwoju fizycznym. Cho\u0107 g\u0142\u00f3d nie jest zapisany w genach, ich cia\u0142o przestaje rosn\u0105\u0107. Taki jest realny koszt niedo\u017cywienia. To nie tylko pusty \u017co\u0142\u0105dek, bo brak regularnych i po\u017cywnych posi\u0142k\u00f3w to zatrzymane dzieci\u0144stwo, zatrzymany wzrost, zatrzymane marzenia. Nie pozw\u00f3lmy, by g\u0142\u00f3d decydowa\u0142 o przysz\u0142o\u015bci dzieci. Wspieraj z nami do\u017cywianie 250 dzieci w przedszkolu w Gitega Songa w Burundi.<\/p>\n<h4>List od Si\u00f3str Karmelitanek z Gitega<\/h4>\n<p>Siostra Marie Rose pisze do nas: \u00ab\u00a0Witajcie drodzy Dobroczy\u0144cy, sk\u0142adamy Wam p\u0142yn\u0105ce z g\u0142\u0119bi serca pozdrowienia. W\u0142a\u015bnie rozpocz\u0119li\u015bmy rok szkolny 2025-2026 w przedszkolu Enfant J\u00e9sus w Gitega Songa. Mamy w sumie 249 dzieci. Jeste\u015bmy bardzo wdzi\u0119czni za Wasze wsparcie moralne i materialne, kt\u00f3rego nam udzielacie. Dzi\u0119ki Wam nasze dzieci nie s\u0105 g\u0142odne. Niech Pan Was obficie b\u0142ogos\u0142awi. Dzi\u0119kujemy Wam serdecznie i pami\u0119tamy o Was w naszych codziennych modlitwach\u00a0\u00bb.<\/p>\n<h4>Karmimy maluchy<\/h4>\n<p>Od wrze\u015bnia nowego roku szkolnego 2025\/2026 nasze przedszkole \u201eDzieci\u0105tka Jezus\u201d obejmuje grup\u0119 249 dzieci w sze\u015bciu oddzia\u0142ach. Mamy dwie grupy pierwszego poziomu, dwie drugiego i dwie trzeciego. Pomi\u0119dzy zaj\u0119ciami karmimy te dzieci, poniewa\u017c wi\u0119kszo\u015b\u0107 z nich pochodzi z biednych rodzin. Codzienny posi\u0142ek sk\u0142ada si\u0119 z chleba lub p\u0105czka, a czasem ze sma\u017conego boczku, kt\u00f3ry dzieci bardzo lubi\u0105. Do tego zawsze\u00a0 kubki herbaty i mleka lub owsianki. Dzi\u0119ki waszej pomocy uda\u0142o nam si\u0119 kupi\u0107 w minionym roku racje \u017cywno\u015bciowe dla dzieci i zap\u0142aci\u0107 wynagrodzenie kucharzom. Do\u017cywianie to wielka sprawa i prosimy o kontynuacj\u0119 pomocy.<\/p>\n<h4>Bez Was nie b\u0119d\u0105 mia\u0142y co je\u015b\u0107<\/h4>\n<p>Chcemy kontynuowa\u0107 ten dobry uczynek, dlatego nadal liczymy na Wasz\u0105 \u017cyczliwo\u015b\u0107, bo jeste\u015bcie dla nas g\u0142\u00f3wnym wsparciem duchowym i finansowym. Serdecznie dzi\u0119kujemy za wasz\u0105 hojno\u015b\u0107, kt\u00f3ra sk\u0142ania do pomocy naszym dzieciom. Niech Wszechmog\u0105cy wynagrodzi was stokrotnie.\u00a0 Razem z dzie\u0107mi modlimy si\u0119 za was, nieustannie licz\u0105c na Wasz\u0105 \u017cyczliwo\u015b\u0107, aby m\u00f3c kontynuowa\u0107 nasze dzia\u0142anie.<\/p>\n<p>\u0141\u0105czymy si\u0119 z Wami w modlitwie. Bardzo dzi\u0119kujemy.<\/p>\n<p><img loading=\"lazy\" decoding=\"async\" class=\"alignnone wp-image-34469 size-full\" src=\"https:\/\/www.maitri.pl\/wp-content\/uploads\/2025\/11\/161-karml.png\" alt=\"\" width=\"959\" height=\"229\" srcset=\"https:\/\/www.maitri.pl\/wp-content\/uploads\/2025\/11\/161-karml.png 959w, https:\/\/www.maitri.pl\/wp-content\/uploads\/2025\/11\/161-karml-300x72.png 300w, https:\/\/www.maitri.pl\/wp-content\/uploads\/2025\/11\/161-karml-768x183.png 768w, https:\/\/www.maitri.pl\/wp-content\/uploads\/2025\/11\/161-karml-600x143.png 600w\" sizes=\"auto, (max-width: 959px) 100vw, 959px\" \/><\/p>\n<p><em><span style=\"font-size: 16px;\">s. Marie Rose Ngendakumana<\/span><\/em>, <a href=\"https:\/\/www.karmel.pl\/rodzina-karmelu\/zgromadzenie-siostr-karmelitanek-dzieciatka-jezus\/\" target=\"_blank\" rel=\"noopener noreferrer\">Zgromadzenie Si\u00f3str Karmelitanek Dzieci\u0105tka Jezus<\/a>, Gitega Songa, <a href=\"https:\/\/www.maitri.pl\/gdzie-pomagamy\/\" target=\"_blank\" rel=\"noopener\">Burundi<\/a><\/p>\n<p style=\"text-align: justify;\"><span style=\"color: #ff0000;\"><span style=\"font-size: large;\"><b>Kwota projektu: 50 045 z\u0142<\/b><\/span><\/span><em>\u00a0<\/em><\/p>\n<p><strong>Projekt: 161\/KARML<\/strong><\/p>\n<h3 style=\"text-align: justify;\" align=\"JUSTIFY\"><span style=\"color: #808080;\">Do\u017cywianie 250 dzieci w przedszkolu \u00ab\u00a0Dzieci\u0105tka Jezus\u00a0\u00bb w Gitega Songa w Burundi &#8211; Siostry Karmelitanki<\/span><\/h3>\n","protected":false},"excerpt":{"rendered":"<p><strong>Projekt: <\/strong><em>s. Marie Rose Ngendakumana<\/em><strong>, <a href=\"https:\/\/www.karmel.pl\/rodzina-karmelu\/zgromadzenie-siostr-karmelitanek-dzieciatka-jezus\/\" target=\"_blank\" rel=\"noopener noreferrer\">Zgromadzenie Si\u00f3str Karmelitanek Dzieci\u0105tka Jezus<\/a><\/strong><br \/>\n<strong>Miejsce:<\/strong> Gitega Songa, <a href=\"https:\/\/www.maitri.pl\/gdzie-pomagamy\/\" target=\"_blank\" rel=\"noopener\">Burundi<\/a><br \/>\n<strong>Kwota projektu: <span style=\"color: #ff0000;\">50 045 z\u0142<\/span><\/strong><\/p>\n","protected":false},"featured_media":34472,"template":"","meta":[],"product_brand":[],"product_cat":[661,657],"product_tag":[667,676,714,1002,677],"class_list":{"0":"post-34468","1":"product","2":"type-product","3":"status-publish","4":"has-post-thumbnail","6":"product_cat-dozywianie","7":"product_cat-projekty","8":"product_tag-burundi","9":"product_tag-dozywianie","10":"product_tag-gitega-songa","11":"product_tag-siostra-marie-rose-ngendakumana","12":"product_tag-zgromadzenie-siostr-karmelitanek-dzieciatka-jezus","14":"first","15":"instock","16":"virtual","17":"purchasable","18":"product-type-simple"},"yoast_head":"<!-- This site is optimized with the Yoast SEO plugin v27.2 - https:\/\/yoast.com\/product\/yoast-seo-wordpress\/ -->\n<title>Do\u017cywianie 250 dzieci w przedszkolu &quot;Dzieci\u0105tka Jezus&quot; w Burundi<\/title>\n<meta name=\"description\" content=\"Do\u017cywianie 250 dzieci w przedszkolu &quot;Dzieci\u0105tka Jezus&quot; w Gitega Songa w Burundi. O wsparcie prosz\u0105 siostry Karmelitanki. Uratuj dzieci przed niedo\u017cywieniem.\" \/>\n<meta name=\"robots\" content=\"index, follow, max-snippet:-1, max-image-preview:large, max-video-preview:-1\" \/>\n<link rel=\"canonical\" href=\"https:\/\/www.maitri.pl\/projekt\/dozywianie-gitega-songa\/\" \/>\n<meta property=\"og:locale\" content=\"fr_FR\" \/>\n<meta property=\"og:type\" content=\"article\" \/>\n<meta property=\"og:title\" content=\"Do\u017cywianie 250 dzieci w przedszkolu &quot;Dzieci\u0105tka Jezus&quot; w Burundi\" \/>\n<meta property=\"og:description\" content=\"Do\u017cywianie 250 dzieci w przedszkolu &quot;Dzieci\u0105tka Jezus&quot; w Gitega Songa w Burundi. O wsparcie prosz\u0105 siostry Karmelitanki. Uratuj dzieci przed niedo\u017cywieniem.\" \/>\n<meta property=\"og:url\" content=\"https:\/\/www.maitri.pl\/projekt\/dozywianie-gitega-songa\/\" \/>\n<meta property=\"og:site_name\" content=\"Ruch Maitri - Adopcja Serca pomoc Afryce\" \/>\n<meta property=\"article:publisher\" content=\"https:\/\/www.facebook.com\/MAITRI.Adopcja.Serca.dzieci.Afryki\/\" \/>\n<meta property=\"article:modified_time\" content=\"2026-03-10T16:50:01+00:00\" \/>\n<meta property=\"og:image\" content=\"https:\/\/www.maitri.pl\/wp-content\/uploads\/2025\/11\/01-161-karml-1.png\" \/>\n\t<meta property=\"og:image:width\" content=\"831\" \/>\n\t<meta property=\"og:image:height\" content=\"1132\" \/>\n\t<meta property=\"og:image:type\" content=\"image\/png\" \/>\n<meta name=\"twitter:card\" content=\"summary_large_image\" \/>\n<meta name=\"twitter:label1\" content=\"Dur\u00e9e de lecture estim\u00e9e\" \/>\n\t<meta name=\"twitter:data1\" content=\"3 minutes\" \/>\n<script type=\"application\/ld+json\" class=\"yoast-schema-graph\">{\"@context\":\"https:\/\/schema.org\",\"@graph\":[{\"@type\":\"WebPage\",\"@id\":\"https:\/\/www.maitri.pl\/projekt\/dozywianie-gitega-songa\/\",\"url\":\"https:\/\/www.maitri.pl\/projekt\/dozywianie-gitega-songa\/\",\"name\":\"Do\u017cywianie 250 dzieci w przedszkolu \\\"Dzieci\u0105tka Jezus\\\" w Burundi\",\"isPartOf\":{\"@id\":\"https:\/\/www.maitri.pl\/#website\"},\"primaryImageOfPage\":{\"@id\":\"https:\/\/www.maitri.pl\/projekt\/dozywianie-gitega-songa\/#primaryimage\"},\"image\":{\"@id\":\"https:\/\/www.maitri.pl\/projekt\/dozywianie-gitega-songa\/#primaryimage\"},\"thumbnailUrl\":\"https:\/\/www.maitri.pl\/wp-content\/uploads\/2025\/11\/01-161-karml-1.png\",\"datePublished\":\"2025-11-25T09:49:01+00:00\",\"dateModified\":\"2026-03-10T16:50:01+00:00\",\"description\":\"Do\u017cywianie 250 dzieci w przedszkolu \\\"Dzieci\u0105tka Jezus\\\" w Gitega Songa w Burundi. O wsparcie prosz\u0105 siostry Karmelitanki. Uratuj dzieci przed niedo\u017cywieniem.\",\"breadcrumb\":{\"@id\":\"https:\/\/www.maitri.pl\/projekt\/dozywianie-gitega-songa\/#breadcrumb\"},\"inLanguage\":\"fr-FR\",\"potentialAction\":[{\"@type\":\"ReadAction\",\"target\":[\"https:\/\/www.maitri.pl\/projekt\/dozywianie-gitega-songa\/\"]}]},{\"@type\":\"ImageObject\",\"inLanguage\":\"fr-FR\",\"@id\":\"https:\/\/www.maitri.pl\/projekt\/dozywianie-gitega-songa\/#primaryimage\",\"url\":\"https:\/\/www.maitri.pl\/wp-content\/uploads\/2025\/11\/01-161-karml-1.png\",\"contentUrl\":\"https:\/\/www.maitri.pl\/wp-content\/uploads\/2025\/11\/01-161-karml-1.png\",\"width\":831,\"height\":1132,\"caption\":\"Do\u017cywianie 250 dzieci w przedszkolu \\\"Dzieci\u0105tka Jezus\\\" w Gitega Songa w Burundi pomoc Afryce pomoc ubogim Adopcja Serca 01\"},{\"@type\":\"BreadcrumbList\",\"@id\":\"https:\/\/www.maitri.pl\/projekt\/dozywianie-gitega-songa\/#breadcrumb\",\"itemListElement\":[{\"@type\":\"ListItem\",\"position\":1,\"name\":\"Strona g\u0142\u00f3wna\",\"item\":\"https:\/\/www.maitri.pl\/\"},{\"@type\":\"ListItem\",\"position\":2,\"name\":\"Sklep\",\"item\":\"https:\/\/www.maitri.pl\/sklep\/\"},{\"@type\":\"ListItem\",\"position\":3,\"name\":\"Do\u017cywianie 250 dzieci w przedszkolu &#8222;Dzieci\u0105tka Jezus&#8221; w Gitega Songa w Burundi\"}]},{\"@type\":\"WebSite\",\"@id\":\"https:\/\/www.maitri.pl\/#website\",\"url\":\"https:\/\/www.maitri.pl\/\",\"name\":\"Adopcja Serca Maitri \u2013 pomoc dzieciom w Afryce\",\"description\":\"Adopcja Serca \u2013 adopcja na odleg\u0142o\u015b\u0107, pomoc Afryce, do\u017cywianie i edukacja w Afryce\",\"publisher\":{\"@id\":\"https:\/\/www.maitri.pl\/#organization\"},\"potentialAction\":[{\"@type\":\"SearchAction\",\"target\":{\"@type\":\"EntryPoint\",\"urlTemplate\":\"https:\/\/www.maitri.pl\/?s={search_term_string}\"},\"query-input\":{\"@type\":\"PropertyValueSpecification\",\"valueRequired\":true,\"valueName\":\"search_term_string\"}}],\"inLanguage\":\"fr-FR\"},{\"@type\":\"Organization\",\"@id\":\"https:\/\/www.maitri.pl\/#organization\",\"name\":\"Stowarzyszenie Ruchu Maitri\",\"url\":\"https:\/\/www.maitri.pl\/\",\"logo\":{\"@type\":\"ImageObject\",\"inLanguage\":\"fr-FR\",\"@id\":\"https:\/\/www.maitri.pl\/#\/schema\/logo\/image\/\",\"url\":\"https:\/\/www.maitri.pl\/wp-content\/uploads\/2020\/04\/duze_logo-81.png\",\"contentUrl\":\"https:\/\/www.maitri.pl\/wp-content\/uploads\/2020\/04\/duze_logo-81.png\",\"width\":339,\"height\":321,\"caption\":\"Stowarzyszenie Ruchu Maitri\"},\"image\":{\"@id\":\"https:\/\/www.maitri.pl\/#\/schema\/logo\/image\/\"},\"sameAs\":[\"https:\/\/www.facebook.com\/MAITRI.Adopcja.Serca.dzieci.Afryki\/\"]}]}<\/script>\n<!-- \/ Yoast SEO plugin. -->","yoast_head_json":{"title":"Do\u017cywianie 250 dzieci w przedszkolu \"Dzieci\u0105tka Jezus\" w Burundi","description":"Do\u017cywianie 250 dzieci w przedszkolu \"Dzieci\u0105tka Jezus\" w Gitega Songa w Burundi. O wsparcie prosz\u0105 siostry Karmelitanki. Uratuj dzieci przed niedo\u017cywieniem.","robots":{"index":"index","follow":"follow","max-snippet":"max-snippet:-1","max-image-preview":"max-image-preview:large","max-video-preview":"max-video-preview:-1"},"canonical":"https:\/\/www.maitri.pl\/projekt\/dozywianie-gitega-songa\/","og_locale":"fr_FR","og_type":"article","og_title":"Do\u017cywianie 250 dzieci w przedszkolu \"Dzieci\u0105tka Jezus\" w Burundi","og_description":"Do\u017cywianie 250 dzieci w przedszkolu \"Dzieci\u0105tka Jezus\" w Gitega Songa w Burundi. O wsparcie prosz\u0105 siostry Karmelitanki. Uratuj dzieci przed niedo\u017cywieniem.","og_url":"https:\/\/www.maitri.pl\/projekt\/dozywianie-gitega-songa\/","og_site_name":"Ruch Maitri - Adopcja Serca pomoc Afryce","article_publisher":"https:\/\/www.facebook.com\/MAITRI.Adopcja.Serca.dzieci.Afryki\/","article_modified_time":"2026-03-10T16:50:01+00:00","og_image":[{"width":831,"height":1132,"url":"https:\/\/www.maitri.pl\/wp-content\/uploads\/2025\/11\/01-161-karml-1.png","type":"image\/png"}],"twitter_card":"summary_large_image","twitter_misc":{"Dur\u00e9e de lecture estim\u00e9e":"3 minutes"},"schema":{"@context":"https:\/\/schema.org","@graph":[{"@type":"WebPage","@id":"https:\/\/www.maitri.pl\/projekt\/dozywianie-gitega-songa\/","url":"https:\/\/www.maitri.pl\/projekt\/dozywianie-gitega-songa\/","name":"Do\u017cywianie 250 dzieci w przedszkolu \"Dzieci\u0105tka Jezus\" w Burundi","isPartOf":{"@id":"https:\/\/www.maitri.pl\/#website"},"primaryImageOfPage":{"@id":"https:\/\/www.maitri.pl\/projekt\/dozywianie-gitega-songa\/#primaryimage"},"image":{"@id":"https:\/\/www.maitri.pl\/projekt\/dozywianie-gitega-songa\/#primaryimage"},"thumbnailUrl":"https:\/\/www.maitri.pl\/wp-content\/uploads\/2025\/11\/01-161-karml-1.png","datePublished":"2025-11-25T09:49:01+00:00","dateModified":"2026-03-10T16:50:01+00:00","description":"Do\u017cywianie 250 dzieci w przedszkolu \"Dzieci\u0105tka Jezus\" w Gitega Songa w Burundi. O wsparcie prosz\u0105 siostry Karmelitanki. Uratuj dzieci przed niedo\u017cywieniem.","breadcrumb":{"@id":"https:\/\/www.maitri.pl\/projekt\/dozywianie-gitega-songa\/#breadcrumb"},"inLanguage":"fr-FR","potentialAction":[{"@type":"ReadAction","target":["https:\/\/www.maitri.pl\/projekt\/dozywianie-gitega-songa\/"]}]},{"@type":"ImageObject","inLanguage":"fr-FR","@id":"https:\/\/www.maitri.pl\/projekt\/dozywianie-gitega-songa\/#primaryimage","url":"https:\/\/www.maitri.pl\/wp-content\/uploads\/2025\/11\/01-161-karml-1.png","contentUrl":"https:\/\/www.maitri.pl\/wp-content\/uploads\/2025\/11\/01-161-karml-1.png","width":831,"height":1132,"caption":"Do\u017cywianie 250 dzieci w przedszkolu \"Dzieci\u0105tka Jezus\" w Gitega Songa w Burundi pomoc Afryce pomoc ubogim Adopcja Serca 01"},{"@type":"BreadcrumbList","@id":"https:\/\/www.maitri.pl\/projekt\/dozywianie-gitega-songa\/#breadcrumb","itemListElement":[{"@type":"ListItem","position":1,"name":"Strona g\u0142\u00f3wna","item":"https:\/\/www.maitri.pl\/"},{"@type":"ListItem","position":2,"name":"Sklep","item":"https:\/\/www.maitri.pl\/sklep\/"},{"@type":"ListItem","position":3,"name":"Do\u017cywianie 250 dzieci w przedszkolu &#8222;Dzieci\u0105tka Jezus&#8221; w Gitega Songa w Burundi"}]},{"@type":"WebSite","@id":"https:\/\/www.maitri.pl\/#website","url":"https:\/\/www.maitri.pl\/","name":"Adopcja Serca Maitri \u2013 pomoc dzieciom w Afryce","description":"Adopcja Serca \u2013 adopcja na odleg\u0142o\u015b\u0107, pomoc Afryce, do\u017cywianie i edukacja w Afryce","publisher":{"@id":"https:\/\/www.maitri.pl\/#organization"},"potentialAction":[{"@type":"SearchAction","target":{"@type":"EntryPoint","urlTemplate":"https:\/\/www.maitri.pl\/?s={search_term_string}"},"query-input":{"@type":"PropertyValueSpecification","valueRequired":true,"valueName":"search_term_string"}}],"inLanguage":"fr-FR"},{"@type":"Organization","@id":"https:\/\/www.maitri.pl\/#organization","name":"Stowarzyszenie Ruchu Maitri","url":"https:\/\/www.maitri.pl\/","logo":{"@type":"ImageObject","inLanguage":"fr-FR","@id":"https:\/\/www.maitri.pl\/#\/schema\/logo\/image\/","url":"https:\/\/www.maitri.pl\/wp-content\/uploads\/2020\/04\/duze_logo-81.png","contentUrl":"https:\/\/www.maitri.pl\/wp-content\/uploads\/2020\/04\/duze_logo-81.png","width":339,"height":321,"caption":"Stowarzyszenie Ruchu Maitri"},"image":{"@id":"https:\/\/www.maitri.pl\/#\/schema\/logo\/image\/"},"sameAs":["https:\/\/www.facebook.com\/MAITRI.Adopcja.Serca.dzieci.Afryki\/"]}]}},"_links":{"self":[{"href":"https:\/\/www.maitri.pl\/fr\/wp-json\/wp\/v2\/product\/34468","targetHints":{"allow":["GET"]}}],"collection":[{"href":"https:\/\/www.maitri.pl\/fr\/wp-json\/wp\/v2\/product"}],"about":[{"href":"https:\/\/www.maitri.pl\/fr\/wp-json\/wp\/v2\/types\/product"}],"wp:featuredmedia":[{"embeddable":true,"href":"https:\/\/www.maitri.pl\/fr\/wp-json\/wp\/v2\/media\/34472"}],"wp:attachment":[{"href":"https:\/\/www.maitri.pl\/fr\/wp-json\/wp\/v2\/media?parent=34468"}],"wp:term":[{"taxonomy":"product_brand","embeddable":true,"href":"https:\/\/www.maitri.pl\/fr\/wp-json\/wp\/v2\/product_brand?post=34468"},{"taxonomy":"product_cat","embeddable":true,"href":"https:\/\/www.maitri.pl\/fr\/wp-json\/wp\/v2\/product_cat?post=34468"},{"taxonomy":"product_tag","embeddable":true,"href":"https:\/\/www.maitri.pl\/fr\/wp-json\/wp\/v2\/product_tag?post=34468"}],"curies":[{"name":"wp","href":"https:\/\/api.w.org\/{rel}","templated":true}]}}