{"id":34432,"date":"2025-11-18T13:18:13","date_gmt":"2025-11-18T12:18:13","guid":{"rendered":"https:\/\/www.maitri.pl\/?post_type=product&#038;p=34432"},"modified":"2026-01-09T19:55:00","modified_gmt":"2026-01-09T18:55:00","slug":"dofinansowanie-protez-atok","status":"publish","type":"product","link":"https:\/\/www.maitri.pl\/fr\/projekt\/dofinansowanie-protez-atok\/","title":{"rendered":"Dofinansowanie zakupu protez n\u00f3g dla niepe\u0142nosprawnego ch\u0142opca z Atok w Kamerunie"},"content":{"rendered":"<h4>\u017bycie bez n\u00f3g&#8230;<\/h4>\n<p>Przy naszej misji mieszka Azouang Cr\u00e9pin. To m\u0142ody, niepe\u0142nosprawny ch\u0142opiec z dwiema amputowanymi nogami. Jest wspierany przez nasz\u0105 misj\u0119 katolick\u0105 w Atok. Gdy jest potrzeba, zabieramy go do Douali na konsultacje w szpitalu Laquintinie, gdy\u017c jego stan wymaga specjalistycznej opieki. Ch\u0142opak ma problemy z przemieszczaniem. Przyjecha\u0142 do nas dzisiaj, bo okaza\u0142o si\u0119, \u017ce w tym roku jego proteza si\u0119 zepsu\u0142a. Chcia\u0142bym w zwi\u0105zku z tym z\u0142o\u017cy\u0107 pro\u015bb\u0119 o dofinansowanie na napraw\u0119 protezy lub zakup nowej. Jego obie protezy s\u0105 ju\u017c stare i zniszczone. Cr\u00e9pin bardzo potrzebuje tych protez, aby m\u00f3c porusza\u0107 si\u0119 samodzielnie. Koszt naprawy to oko\u0142o 1 700 \u20ac.<\/p>\n<h4>Pokona\u0107 cierpienie&#8230;<\/h4>\n<p>Trudno jest patrze\u0107 na to, jak stara si\u0119 chodzi\u0107, pokonuj\u0105c b\u00f3l i ograniczenia. A teraz jest mu jeszcze trudniej, bo protezy s\u0105 uszkodzone. Dlatego najlepiej by by\u0142o zam\u00f3wi\u0107 dla niego nowe protezy, kt\u00f3re pos\u0142u\u017c\u0105 mu przez d\u0142ugie lata. Te protezy, kt\u00f3re ma, nawet po naprawie na d\u0142ugo ju\u017c nie wystarcz\u0105. Jednak koszty nowych protez s\u0105 ogromne i jego rodziny nie sta\u0107 na taki wydatek. Dlatego prosimy o dofinansowanie zakupu nowych protez.<\/p>\n<h4>Podaruj nadziej\u0119<\/h4>\n<p>Cr\u00e9pin nie prosi dla siebie luksus\u00f3w. Marzy o tym, by doko\u0144czy\u0107 nauk\u0119. Crepin potrzebuje tak\u017ce pomocy w zaspokojeniu codziennych potrzeb i w dotarciu do szko\u0142y. Teraz chce zostawi\u0107 szko\u0142\u0119 \u015bredni\u0105, aby odby\u0107 trzyletnie szkolenie z informatyki.\u00a0 Na koniec otworzy w\u0142asne biuro, aby samodzielnie zarabia\u0107 pieni\u0105dze i nie by\u0107 ci\u0119\u017carem dla rodziny. Bardzo prosz\u0119 o wsparcie tej inicjatywy i udzielenie mu pomocy finansowej. Ka\u017cda kwota b\u0119dzie du\u017c\u0105 pomoc\u0105. W jego imieniu prosz\u0119 o wsparcie Ks. Yves, MIC<\/p>\n<p><img loading=\"lazy\" decoding=\"async\" class=\"alignnone wp-image-34433 size-full\" src=\"https:\/\/www.maitri.pl\/wp-content\/uploads\/2025\/11\/36-maria.png\" alt=\"\" width=\"886\" height=\"180\" srcset=\"https:\/\/www.maitri.pl\/wp-content\/uploads\/2025\/11\/36-maria.png 886w, https:\/\/www.maitri.pl\/wp-content\/uploads\/2025\/11\/36-maria-300x61.png 300w, https:\/\/www.maitri.pl\/wp-content\/uploads\/2025\/11\/36-maria-768x156.png 768w, https:\/\/www.maitri.pl\/wp-content\/uploads\/2025\/11\/36-maria-600x122.png 600w\" sizes=\"auto, (max-width: 886px) 100vw, 886px\" \/><\/p>\n<p>ks. Yves Oumouo, <a href=\"http:\/\/www.marianie.pl\/\" target=\"_blank\" rel=\"noopener noreferrer\">Zgromadzenie Ksi\u0119\u017cy Marian\u00f3w<\/a>, Atok, <a href=\"https:\/\/www.maitri.pl\/mapy-adopcji-kamerun\/\">Kamerun<\/a><\/p>\n<p style=\"text-align: justify;\" align=\"JUSTIFY\"><span style=\"color: #ff0000;\"><span style=\"font-size: large;\"><b>Kwota projektu: 4 44<strong>0 \u20ac<\/strong><br \/>\n<\/b><\/span><\/span><\/p>\n<p align=\"JUSTIFY\"><strong>Projekt zako\u0144czony, kwota przekazana 4000 \u20ac<\/strong><\/p>\n<p style=\"text-align: justify;\"><strong>Numer projektu: 36\/MARIA<\/strong><\/p>\n<p style=\"text-align: justify;\" align=\"JUSTIFY\"><span style=\"color: #808080;\">Stowarzyszenie Ruchu\u00a0<em>Maitri<\/em>\u00a0przeznacza do 10% otrzymanych \u015brodk\u00f3w na koszty funkcjonowania biura i pozyskiwanie funduszy pomocowych.<\/span><\/p>\n<h3 style=\"text-align: justify;\" align=\"JUSTIFY\"><span style=\"color: #808080;\">Dofinansowanie zakupu protez n\u00f3g dla niepe\u0142nosprawnego ch\u0142opca z Atok w Kamerunie &#8211; Ksi\u0119\u017ca Marianie<\/span><\/h3>\n","protected":false},"excerpt":{"rendered":"<p><strong>Projekt: <\/strong>ks.\u00a0Yves Oumouo, <a href=\"http:\/\/www.marianie.pl\/\" target=\"_blank\" rel=\"noopener noreferrer\">Zgromadzenie Ksi\u0119\u017cy Marian\u00f3w<\/a><br \/>\n<strong>Misja:<\/strong> Atok, <a href=\"https:\/\/www.maitri.pl\/mapy-adopcji-kamerun\/\">Kamerun<\/a><br \/>\n<strong>Kwota projektu: <span style=\"color: #ff0000;\">4440 \u20ac<\/span><\/strong><\/p>\n","protected":false},"featured_media":34436,"template":"","meta":[],"product_brand":[],"product_cat":[674],"product_tag":[723,658,827,724],"class_list":{"0":"post-34432","1":"product","2":"type-product","3":"status-publish","4":"has-post-thumbnail","6":"product_cat-projekty-zrealizowane-w-biezacym-roku","7":"product_tag-atok","8":"product_tag-kamerun","9":"product_tag-marianie","10":"product_tag-zgromadzenie-ksiezy-marianow","12":"first","13":"instock","14":"virtual","15":"purchasable","16":"product-type-simple"},"yoast_head":"<!-- This site is optimized with the Yoast SEO plugin v27.2 - https:\/\/yoast.com\/product\/yoast-seo-wordpress\/ -->\n<title>Dofinansowanie zakupu protez n\u00f3g dla niepe\u0142nosprawnego z Atok<\/title>\n<meta name=\"description\" content=\"Dofinansowanie zakupu protez n\u00f3g dla niepe\u0142nosprawnego ch\u0142opca z misji Atok w Kamerunie. O pomoc w imieniu potrzebuj\u0105cego prosz\u0105 Ksi\u0119\u017ca Marianie.\" \/>\n<meta name=\"robots\" content=\"index, follow, max-snippet:-1, max-image-preview:large, max-video-preview:-1\" \/>\n<link rel=\"canonical\" href=\"https:\/\/www.maitri.pl\/projekt\/dofinansowanie-protez-atok\/\" \/>\n<meta property=\"og:locale\" content=\"fr_FR\" \/>\n<meta property=\"og:type\" content=\"article\" \/>\n<meta property=\"og:title\" content=\"Dofinansowanie zakupu protez n\u00f3g dla niepe\u0142nosprawnego z Atok\" \/>\n<meta property=\"og:description\" content=\"Dofinansowanie zakupu protez n\u00f3g dla niepe\u0142nosprawnego ch\u0142opca z misji Atok w Kamerunie. O pomoc w imieniu potrzebuj\u0105cego prosz\u0105 Ksi\u0119\u017ca Marianie.\" \/>\n<meta property=\"og:url\" content=\"https:\/\/www.maitri.pl\/projekt\/dofinansowanie-protez-atok\/\" \/>\n<meta property=\"og:site_name\" content=\"Ruch Maitri - Adopcja Serca pomoc Afryce\" \/>\n<meta property=\"article:publisher\" content=\"https:\/\/www.facebook.com\/MAITRI.Adopcja.Serca.dzieci.Afryki\/\" \/>\n<meta property=\"article:modified_time\" content=\"2026-01-09T18:55:00+00:00\" \/>\n<meta property=\"og:image\" content=\"https:\/\/www.maitri.pl\/wp-content\/uploads\/2025\/11\/36-maria-1.jpg\" \/>\n\t<meta property=\"og:image:width\" content=\"750\" \/>\n\t<meta property=\"og:image:height\" content=\"1000\" \/>\n\t<meta property=\"og:image:type\" content=\"image\/jpeg\" \/>\n<meta name=\"twitter:card\" content=\"summary_large_image\" \/>\n<meta name=\"twitter:label1\" content=\"Dur\u00e9e de lecture estim\u00e9e\" \/>\n\t<meta name=\"twitter:data1\" content=\"3 minutes\" \/>\n<script type=\"application\/ld+json\" class=\"yoast-schema-graph\">{\"@context\":\"https:\/\/schema.org\",\"@graph\":[{\"@type\":\"WebPage\",\"@id\":\"https:\/\/www.maitri.pl\/projekt\/dofinansowanie-protez-atok\/\",\"url\":\"https:\/\/www.maitri.pl\/projekt\/dofinansowanie-protez-atok\/\",\"name\":\"Dofinansowanie zakupu protez n\u00f3g dla niepe\u0142nosprawnego z Atok\",\"isPartOf\":{\"@id\":\"https:\/\/www.maitri.pl\/#website\"},\"primaryImageOfPage\":{\"@id\":\"https:\/\/www.maitri.pl\/projekt\/dofinansowanie-protez-atok\/#primaryimage\"},\"image\":{\"@id\":\"https:\/\/www.maitri.pl\/projekt\/dofinansowanie-protez-atok\/#primaryimage\"},\"thumbnailUrl\":\"https:\/\/www.maitri.pl\/wp-content\/uploads\/2025\/11\/36-maria-1.jpg\",\"datePublished\":\"2025-11-18T12:18:13+00:00\",\"dateModified\":\"2026-01-09T18:55:00+00:00\",\"description\":\"Dofinansowanie zakupu protez n\u00f3g dla niepe\u0142nosprawnego ch\u0142opca z misji Atok w Kamerunie. O pomoc w imieniu potrzebuj\u0105cego prosz\u0105 Ksi\u0119\u017ca Marianie.\",\"breadcrumb\":{\"@id\":\"https:\/\/www.maitri.pl\/projekt\/dofinansowanie-protez-atok\/#breadcrumb\"},\"inLanguage\":\"fr-FR\",\"potentialAction\":[{\"@type\":\"ReadAction\",\"target\":[\"https:\/\/www.maitri.pl\/projekt\/dofinansowanie-protez-atok\/\"]}]},{\"@type\":\"ImageObject\",\"inLanguage\":\"fr-FR\",\"@id\":\"https:\/\/www.maitri.pl\/projekt\/dofinansowanie-protez-atok\/#primaryimage\",\"url\":\"https:\/\/www.maitri.pl\/wp-content\/uploads\/2025\/11\/36-maria-1.jpg\",\"contentUrl\":\"https:\/\/www.maitri.pl\/wp-content\/uploads\/2025\/11\/36-maria-1.jpg\",\"width\":750,\"height\":1000,\"caption\":\"Dofinansowanie zakupu protez n\u00f3g dla niepe\u0142nosprawnego ch\u0142opca z Atok w Kamerunie pomoc Afryce pomoc ubogim Adopcja Serca Maitri ja\u0142mu\u017cna Adopcja Duchowa pomoc niepe\u0142nosprawnym 01\"},{\"@type\":\"BreadcrumbList\",\"@id\":\"https:\/\/www.maitri.pl\/projekt\/dofinansowanie-protez-atok\/#breadcrumb\",\"itemListElement\":[{\"@type\":\"ListItem\",\"position\":1,\"name\":\"Strona g\u0142\u00f3wna\",\"item\":\"https:\/\/www.maitri.pl\/\"},{\"@type\":\"ListItem\",\"position\":2,\"name\":\"Sklep\",\"item\":\"https:\/\/www.maitri.pl\/sklep\/\"},{\"@type\":\"ListItem\",\"position\":3,\"name\":\"Dofinansowanie zakupu protez n\u00f3g dla niepe\u0142nosprawnego ch\u0142opca z Atok w Kamerunie\"}]},{\"@type\":\"WebSite\",\"@id\":\"https:\/\/www.maitri.pl\/#website\",\"url\":\"https:\/\/www.maitri.pl\/\",\"name\":\"Adopcja Serca Maitri \u2013 pomoc dzieciom w Afryce\",\"description\":\"Adopcja Serca \u2013 adopcja na odleg\u0142o\u015b\u0107, pomoc Afryce, do\u017cywianie i edukacja w Afryce\",\"publisher\":{\"@id\":\"https:\/\/www.maitri.pl\/#organization\"},\"potentialAction\":[{\"@type\":\"SearchAction\",\"target\":{\"@type\":\"EntryPoint\",\"urlTemplate\":\"https:\/\/www.maitri.pl\/?s={search_term_string}\"},\"query-input\":{\"@type\":\"PropertyValueSpecification\",\"valueRequired\":true,\"valueName\":\"search_term_string\"}}],\"inLanguage\":\"fr-FR\"},{\"@type\":\"Organization\",\"@id\":\"https:\/\/www.maitri.pl\/#organization\",\"name\":\"Stowarzyszenie Ruchu Maitri\",\"url\":\"https:\/\/www.maitri.pl\/\",\"logo\":{\"@type\":\"ImageObject\",\"inLanguage\":\"fr-FR\",\"@id\":\"https:\/\/www.maitri.pl\/#\/schema\/logo\/image\/\",\"url\":\"https:\/\/www.maitri.pl\/wp-content\/uploads\/2020\/04\/duze_logo-81.png\",\"contentUrl\":\"https:\/\/www.maitri.pl\/wp-content\/uploads\/2020\/04\/duze_logo-81.png\",\"width\":339,\"height\":321,\"caption\":\"Stowarzyszenie Ruchu Maitri\"},\"image\":{\"@id\":\"https:\/\/www.maitri.pl\/#\/schema\/logo\/image\/\"},\"sameAs\":[\"https:\/\/www.facebook.com\/MAITRI.Adopcja.Serca.dzieci.Afryki\/\"]}]}<\/script>\n<!-- \/ Yoast SEO plugin. -->","yoast_head_json":{"title":"Dofinansowanie zakupu protez n\u00f3g dla niepe\u0142nosprawnego z Atok","description":"Dofinansowanie zakupu protez n\u00f3g dla niepe\u0142nosprawnego ch\u0142opca z misji Atok w Kamerunie. O pomoc w imieniu potrzebuj\u0105cego prosz\u0105 Ksi\u0119\u017ca Marianie.","robots":{"index":"index","follow":"follow","max-snippet":"max-snippet:-1","max-image-preview":"max-image-preview:large","max-video-preview":"max-video-preview:-1"},"canonical":"https:\/\/www.maitri.pl\/projekt\/dofinansowanie-protez-atok\/","og_locale":"fr_FR","og_type":"article","og_title":"Dofinansowanie zakupu protez n\u00f3g dla niepe\u0142nosprawnego z Atok","og_description":"Dofinansowanie zakupu protez n\u00f3g dla niepe\u0142nosprawnego ch\u0142opca z misji Atok w Kamerunie. O pomoc w imieniu potrzebuj\u0105cego prosz\u0105 Ksi\u0119\u017ca Marianie.","og_url":"https:\/\/www.maitri.pl\/projekt\/dofinansowanie-protez-atok\/","og_site_name":"Ruch Maitri - Adopcja Serca pomoc Afryce","article_publisher":"https:\/\/www.facebook.com\/MAITRI.Adopcja.Serca.dzieci.Afryki\/","article_modified_time":"2026-01-09T18:55:00+00:00","og_image":[{"width":750,"height":1000,"url":"https:\/\/www.maitri.pl\/wp-content\/uploads\/2025\/11\/36-maria-1.jpg","type":"image\/jpeg"}],"twitter_card":"summary_large_image","twitter_misc":{"Dur\u00e9e de lecture estim\u00e9e":"3 minutes"},"schema":{"@context":"https:\/\/schema.org","@graph":[{"@type":"WebPage","@id":"https:\/\/www.maitri.pl\/projekt\/dofinansowanie-protez-atok\/","url":"https:\/\/www.maitri.pl\/projekt\/dofinansowanie-protez-atok\/","name":"Dofinansowanie zakupu protez n\u00f3g dla niepe\u0142nosprawnego z Atok","isPartOf":{"@id":"https:\/\/www.maitri.pl\/#website"},"primaryImageOfPage":{"@id":"https:\/\/www.maitri.pl\/projekt\/dofinansowanie-protez-atok\/#primaryimage"},"image":{"@id":"https:\/\/www.maitri.pl\/projekt\/dofinansowanie-protez-atok\/#primaryimage"},"thumbnailUrl":"https:\/\/www.maitri.pl\/wp-content\/uploads\/2025\/11\/36-maria-1.jpg","datePublished":"2025-11-18T12:18:13+00:00","dateModified":"2026-01-09T18:55:00+00:00","description":"Dofinansowanie zakupu protez n\u00f3g dla niepe\u0142nosprawnego ch\u0142opca z misji Atok w Kamerunie. O pomoc w imieniu potrzebuj\u0105cego prosz\u0105 Ksi\u0119\u017ca Marianie.","breadcrumb":{"@id":"https:\/\/www.maitri.pl\/projekt\/dofinansowanie-protez-atok\/#breadcrumb"},"inLanguage":"fr-FR","potentialAction":[{"@type":"ReadAction","target":["https:\/\/www.maitri.pl\/projekt\/dofinansowanie-protez-atok\/"]}]},{"@type":"ImageObject","inLanguage":"fr-FR","@id":"https:\/\/www.maitri.pl\/projekt\/dofinansowanie-protez-atok\/#primaryimage","url":"https:\/\/www.maitri.pl\/wp-content\/uploads\/2025\/11\/36-maria-1.jpg","contentUrl":"https:\/\/www.maitri.pl\/wp-content\/uploads\/2025\/11\/36-maria-1.jpg","width":750,"height":1000,"caption":"Dofinansowanie zakupu protez n\u00f3g dla niepe\u0142nosprawnego ch\u0142opca z Atok w Kamerunie pomoc Afryce pomoc ubogim Adopcja Serca Maitri ja\u0142mu\u017cna Adopcja Duchowa pomoc niepe\u0142nosprawnym 01"},{"@type":"BreadcrumbList","@id":"https:\/\/www.maitri.pl\/projekt\/dofinansowanie-protez-atok\/#breadcrumb","itemListElement":[{"@type":"ListItem","position":1,"name":"Strona g\u0142\u00f3wna","item":"https:\/\/www.maitri.pl\/"},{"@type":"ListItem","position":2,"name":"Sklep","item":"https:\/\/www.maitri.pl\/sklep\/"},{"@type":"ListItem","position":3,"name":"Dofinansowanie zakupu protez n\u00f3g dla niepe\u0142nosprawnego ch\u0142opca z Atok w Kamerunie"}]},{"@type":"WebSite","@id":"https:\/\/www.maitri.pl\/#website","url":"https:\/\/www.maitri.pl\/","name":"Adopcja Serca Maitri \u2013 pomoc dzieciom w Afryce","description":"Adopcja Serca \u2013 adopcja na odleg\u0142o\u015b\u0107, pomoc Afryce, do\u017cywianie i edukacja w Afryce","publisher":{"@id":"https:\/\/www.maitri.pl\/#organization"},"potentialAction":[{"@type":"SearchAction","target":{"@type":"EntryPoint","urlTemplate":"https:\/\/www.maitri.pl\/?s={search_term_string}"},"query-input":{"@type":"PropertyValueSpecification","valueRequired":true,"valueName":"search_term_string"}}],"inLanguage":"fr-FR"},{"@type":"Organization","@id":"https:\/\/www.maitri.pl\/#organization","name":"Stowarzyszenie Ruchu Maitri","url":"https:\/\/www.maitri.pl\/","logo":{"@type":"ImageObject","inLanguage":"fr-FR","@id":"https:\/\/www.maitri.pl\/#\/schema\/logo\/image\/","url":"https:\/\/www.maitri.pl\/wp-content\/uploads\/2020\/04\/duze_logo-81.png","contentUrl":"https:\/\/www.maitri.pl\/wp-content\/uploads\/2020\/04\/duze_logo-81.png","width":339,"height":321,"caption":"Stowarzyszenie Ruchu Maitri"},"image":{"@id":"https:\/\/www.maitri.pl\/#\/schema\/logo\/image\/"},"sameAs":["https:\/\/www.facebook.com\/MAITRI.Adopcja.Serca.dzieci.Afryki\/"]}]}},"_links":{"self":[{"href":"https:\/\/www.maitri.pl\/fr\/wp-json\/wp\/v2\/product\/34432","targetHints":{"allow":["GET"]}}],"collection":[{"href":"https:\/\/www.maitri.pl\/fr\/wp-json\/wp\/v2\/product"}],"about":[{"href":"https:\/\/www.maitri.pl\/fr\/wp-json\/wp\/v2\/types\/product"}],"wp:featuredmedia":[{"embeddable":true,"href":"https:\/\/www.maitri.pl\/fr\/wp-json\/wp\/v2\/media\/34436"}],"wp:attachment":[{"href":"https:\/\/www.maitri.pl\/fr\/wp-json\/wp\/v2\/media?parent=34432"}],"wp:term":[{"taxonomy":"product_brand","embeddable":true,"href":"https:\/\/www.maitri.pl\/fr\/wp-json\/wp\/v2\/product_brand?post=34432"},{"taxonomy":"product_cat","embeddable":true,"href":"https:\/\/www.maitri.pl\/fr\/wp-json\/wp\/v2\/product_cat?post=34432"},{"taxonomy":"product_tag","embeddable":true,"href":"https:\/\/www.maitri.pl\/fr\/wp-json\/wp\/v2\/product_tag?post=34432"}],"curies":[{"name":"wp","href":"https:\/\/api.w.org\/{rel}","templated":true}]}}