{"id":34412,"date":"2025-11-17T21:42:26","date_gmt":"2025-11-17T20:42:26","guid":{"rendered":"https:\/\/www.maitri.pl\/?post_type=product&#038;p=34412"},"modified":"2026-02-26T11:17:50","modified_gmt":"2026-02-26T10:17:50","slug":"dozywianie-najmlodszych-kamerun","status":"publish","type":"product","link":"https:\/\/www.maitri.pl\/fr\/projekt\/dozywianie-najmlodszych-kamerun\/","title":{"rendered":"Do\u017cywianie dzieci i pomoc w organizacji \u015awi\u0105t w Nkoum"},"content":{"rendered":"<h4>Pom\u00f3\u017c im na \u015bwi\u0119ta<\/h4>\n<p>Jako odpowiedzialna za funkcjonowanie szko\u0142y podstawowej im. \u015bw. Paw\u0142a w Nkoum, gdzie doje\u017cd\u017cam regularnie z misji w Doume. To 25 km w jedn\u0105 stron\u0119. Zwracam si\u0119 z pro\u015bb\u0105 o pomoc finansow\u0105 na do\u017cywianie dzieci &#8211; 190 uczni\u00f3w w wieku od 6 do 12 lat.\u00a0Chcia\u0142abym prosi\u0107 r\u00f3wnie\u017c o pomoc w zorganizowaniu \u015bwi\u0105t Bo\u017cego Narodzenia i Wielkanocy. Konkretnie chodzi o ma\u0142e prezenciki dla wszystkich uczni\u00f3w i lepszy posi\u0142ek w ten dzie\u0144. Potrzebne s\u0105 r\u00f3wnie\u017c \u015brodki na zorganizowanie pielgrzymki, kt\u00f3ra du\u017co kosztuje, bo musz\u0119 wynaj\u0105\u0107 dwa busy. I to z daleka, bo w okolicach Nkoum nie ma takiej mo\u017cliwo\u015bci, wi\u0119c zamawiam w Abong Mbang. Prosimy o wsparcie.<\/p>\n<h4>G\u0142odne, zm\u0119czone, bez si\u0142<\/h4>\n<p>G\u0142\u00f3wnym uzasadnieniem jest walka z g\u0142odem u dzieci, kt\u00f3re przychodz\u0105 najcz\u0119\u015bciej bez \u015bniadania do szko\u0142y. Z tego powodu potem nauka im nie idzie, s\u0105 ospa\u0142e i nie chce im si\u0119 w niczym uczestniczy\u0107. W domu te\u017c nie zawsze co\u015b zjedz\u0105 przed spaniem. Niestety du\u017ca ilo\u015b\u0107 dzieci albo nie ma obu rodzic\u00f3w, albo s\u0105 gdzie\u015b w \u015bwiecie i si\u0119 nimi nie opiekuj\u0105. Najcz\u0119\u015bciej dzieci wychowywane s\u0105 przez jedno z rodzic\u00f3w lub cz\u0119sto przez dziadk\u00f3w, gdzie \u017cyj\u0105 pod ich opiek\u0105 razem z ca\u0142ym swoim kuzynostwem. Tak\u0105 sytuacj\u0119 trudno sobie w Polsce wyobrazi\u0107 i zrozumie\u0107, ale cz\u0119sto staruszkowie nie wiedz\u0105 ile maj\u0105 dzieci, wnuk\u00f3w pod swoim dachem.\u00a0Dzieci po szkole maj\u0105 obowi\u0105zek przynosi\u0107 drewno i wod\u0119, a cz\u0119sto jeszcze biegn\u0105 na pola, by przynie\u015b\u0107 ki\u015b\u0107 planten\u00f3w lub maniok na kolacj\u0119. Ich codzienne \u017cycie nie jest us\u0142ane r\u00f3\u017cami, s\u0105 cz\u0119sto zm\u0119czone i bez rado\u015bci w oczach. Dlatego prosz\u0119 o wp\u0142aty na do\u017cywianie dzieci.<\/p>\n<h4>Liczy si\u0119 ka\u017cdy gest dobroci<\/h4>\n<p>W\u0142a\u015bnie z powodu ich biedy i cierpienia m\u00f3wi\u0119 o nich i wstawiam si\u0119 za nimi, by mogli godnie \u017cy\u0107, pobiera\u0107 nauki i w przysz\u0142o\u015bci doj\u015b\u0107 do czego\u015b.\u00a0 Chcia\u0142abym, aby przynajmniej mogli powiedzie\u0107, \u017ce doznali mi\u0142o\u015bci Boga dzi\u0119ki misjonarzom i wielu nieznanym ludziom. To w\u0142a\u015bnie dzi\u0119ki Wam mog\u0105 w szkole co\u015b zje\u015b\u0107 i wypi\u0107 kubek gor\u0105cego mleka lub soczek. Ka\u017cdy, kto wspom\u00f3g\u0142 maluczkiego, o kt\u00f3rym m\u00f3wi\u0142 sam Pan Jezus, nie b\u0119dzie pozbawiony szczeg\u00f3lnego b\u0142ogos\u0142awie\u0144stwa. O to si\u0119 modl\u0119 ja sama i moje dzieci dzi\u0119kuj\u0105c za wasze serca gotowe do pomocy. Ju\u017c dzisiaj dzi\u0119kuj\u0119 za ka\u017cdy gest dobroci i mi\u0142o\u015bci do misji i naszych dzieci.<\/p>\n<p>Siostra Hanna Teresa Gnatowska, <a href=\"http:\/\/www.pallotynki.pl\/\" target=\"_blank\" rel=\"noopener noreferrer\">Zgromadzenie Si\u00f3str Misjonarek Apostolstwa Katolickiego<\/a>, Nkoum, <a href=\"https:\/\/www.maitri.pl\/gdzie-pomagamy\/\" target=\"_blank\" rel=\"noopener noreferrer\">Kamerun<\/a><\/p>\n<p><img loading=\"lazy\" decoding=\"async\" class=\"alignnone wp-image-34413 size-full\" src=\"https:\/\/www.maitri.pl\/wp-content\/uploads\/2025\/11\/468-palls.png\" alt=\"\" width=\"959\" height=\"702\" srcset=\"https:\/\/www.maitri.pl\/wp-content\/uploads\/2025\/11\/468-palls.png 959w, https:\/\/www.maitri.pl\/wp-content\/uploads\/2025\/11\/468-palls-300x220.png 300w, https:\/\/www.maitri.pl\/wp-content\/uploads\/2025\/11\/468-palls-768x562.png 768w, https:\/\/www.maitri.pl\/wp-content\/uploads\/2025\/11\/468-palls-600x439.png 600w\" sizes=\"auto, (max-width: 959px) 100vw, 959px\" \/><\/p>\n<p style=\"text-align: justify;\" align=\"JUSTIFY\"><strong>Numer projektu 468\/PALLS<\/strong><\/p>\n<p style=\"text-align: justify;\" align=\"JUSTIFY\"><span style=\"color: #ff0000;\"><span style=\"font-size: large;\"><b>Kwota projektu: 32 631 z\u0142<\/b><\/span><\/span><\/p>\n<p align=\"JUSTIFY\">Zbi\u00f3rka zako\u0144czona. Przekazano 3000 \u20ac<\/p>\n<h3 style=\"text-align: justify;\" align=\"JUSTIFY\"><span style=\"color: #808080;\">Do\u017cywianie dzieci i pomoc w organizacji \u015awi\u0105t Bo\u017cego Narodzenia i Wielkanocnych w Nkoum w Kamerunie &#8211; o pomoc prosz\u0105 Siostry Pallotynki<\/span><\/h3>\n","protected":false},"excerpt":{"rendered":"<p><strong>Projekt:\u00a0<\/strong> Siostra Hanna Teresa Gnatowska, <a href=\"http:\/\/www.pallotynki.pl\/\" target=\"_blank\" rel=\"noopener noreferrer\">Zgromadzenie Si\u00f3str Misjonarek Apostolstwa Katolickiego<\/a><br \/>\n<strong>Misja:<\/strong> Nkoum, <a href=\"https:\/\/www.maitri.pl\/gdzie-pomagamy\/\" target=\"_blank\" rel=\"noopener noreferrer\">Kamerun<\/a><br \/>\n<strong>Kwota projektu: <span style=\"color: #ff0000;\">32 631 z\u0142<\/span><\/strong><\/p>\n","protected":false},"featured_media":34425,"template":"","meta":[],"product_brand":[],"product_cat":[661,674],"product_tag":[658,776,847,913,689],"class_list":{"0":"post-34412","1":"product","2":"type-product","3":"status-publish","4":"has-post-thumbnail","6":"product_cat-dozywianie","7":"product_cat-projekty-zrealizowane-w-biezacym-roku","8":"product_tag-kamerun","9":"product_tag-nkoum","10":"product_tag-pallotynki","11":"product_tag-siostra-hanna-teresa-gnatowska","12":"product_tag-zgromadzenie-siostr-misjonarek-apostolstwa-katolickiego","14":"first","15":"instock","16":"virtual","17":"purchasable","18":"product-type-simple"},"yoast_head":"<!-- This site is optimized with the Yoast SEO plugin v27.2 - https:\/\/yoast.com\/product\/yoast-seo-wordpress\/ -->\n<title>Do\u017cywianie dzieci i pomoc w organizacji \u015awi\u0105t w Nkoum<\/title>\n<meta name=\"description\" content=\"Do\u017cywianie dzieci i pomoc w organizacji \u015awi\u0105t Bo\u017cego Narodzenia i Wielkanocnych w Nkoum. O pomoc prosz\u0105 Siostry pallotynki.\" \/>\n<meta name=\"robots\" content=\"index, follow, max-snippet:-1, max-image-preview:large, max-video-preview:-1\" \/>\n<link rel=\"canonical\" href=\"https:\/\/www.maitri.pl\/projekt\/dozywianie-najmlodszych-kamerun\/\" \/>\n<meta property=\"og:locale\" content=\"fr_FR\" \/>\n<meta property=\"og:type\" content=\"article\" \/>\n<meta property=\"og:title\" content=\"Do\u017cywianie dzieci i pomoc w organizacji \u015awi\u0105t w Nkoum\" \/>\n<meta property=\"og:description\" content=\"Do\u017cywianie dzieci i pomoc w organizacji \u015awi\u0105t Bo\u017cego Narodzenia i Wielkanocnych w Nkoum. O pomoc prosz\u0105 Siostry pallotynki.\" \/>\n<meta property=\"og:url\" content=\"https:\/\/www.maitri.pl\/projekt\/dozywianie-najmlodszych-kamerun\/\" \/>\n<meta property=\"og:site_name\" content=\"Ruch Maitri - Adopcja Serca pomoc Afryce\" \/>\n<meta property=\"article:publisher\" content=\"https:\/\/www.facebook.com\/MAITRI.Adopcja.Serca.dzieci.Afryki\/\" \/>\n<meta property=\"article:modified_time\" content=\"2026-02-26T10:17:50+00:00\" \/>\n<meta property=\"og:image\" content=\"https:\/\/www.maitri.pl\/wp-content\/uploads\/2025\/11\/468-palls_3.jpeg\" \/>\n\t<meta property=\"og:image:width\" content=\"1020\" \/>\n\t<meta property=\"og:image:height\" content=\"765\" \/>\n\t<meta property=\"og:image:type\" content=\"image\/jpeg\" \/>\n<meta name=\"twitter:card\" content=\"summary_large_image\" \/>\n<meta name=\"twitter:label1\" content=\"Dur\u00e9e de lecture estim\u00e9e\" \/>\n\t<meta name=\"twitter:data1\" content=\"3 minutes\" \/>\n<script type=\"application\/ld+json\" class=\"yoast-schema-graph\">{\"@context\":\"https:\/\/schema.org\",\"@graph\":[{\"@type\":\"WebPage\",\"@id\":\"https:\/\/www.maitri.pl\/projekt\/dozywianie-najmlodszych-kamerun\/\",\"url\":\"https:\/\/www.maitri.pl\/projekt\/dozywianie-najmlodszych-kamerun\/\",\"name\":\"Do\u017cywianie dzieci i pomoc w organizacji \u015awi\u0105t w Nkoum\",\"isPartOf\":{\"@id\":\"https:\/\/www.maitri.pl\/#website\"},\"primaryImageOfPage\":{\"@id\":\"https:\/\/www.maitri.pl\/projekt\/dozywianie-najmlodszych-kamerun\/#primaryimage\"},\"image\":{\"@id\":\"https:\/\/www.maitri.pl\/projekt\/dozywianie-najmlodszych-kamerun\/#primaryimage\"},\"thumbnailUrl\":\"https:\/\/www.maitri.pl\/wp-content\/uploads\/2025\/11\/468-palls_3.jpeg\",\"datePublished\":\"2025-11-17T20:42:26+00:00\",\"dateModified\":\"2026-02-26T10:17:50+00:00\",\"description\":\"Do\u017cywianie dzieci i pomoc w organizacji \u015awi\u0105t Bo\u017cego Narodzenia i Wielkanocnych w Nkoum. O pomoc prosz\u0105 Siostry pallotynki.\",\"breadcrumb\":{\"@id\":\"https:\/\/www.maitri.pl\/projekt\/dozywianie-najmlodszych-kamerun\/#breadcrumb\"},\"inLanguage\":\"fr-FR\",\"potentialAction\":[{\"@type\":\"ReadAction\",\"target\":[\"https:\/\/www.maitri.pl\/projekt\/dozywianie-najmlodszych-kamerun\/\"]}]},{\"@type\":\"ImageObject\",\"inLanguage\":\"fr-FR\",\"@id\":\"https:\/\/www.maitri.pl\/projekt\/dozywianie-najmlodszych-kamerun\/#primaryimage\",\"url\":\"https:\/\/www.maitri.pl\/wp-content\/uploads\/2025\/11\/468-palls_3.jpeg\",\"contentUrl\":\"https:\/\/www.maitri.pl\/wp-content\/uploads\/2025\/11\/468-palls_3.jpeg\",\"width\":1020,\"height\":765,\"caption\":\"Do\u017cywianie dzieci i pomoc w organizacji \u015awi\u0105t Bo\u017cego Narodzenia i Wielkanocnych w Nkoum w Kamerunie - o pomoc prosz\u0105 Siostry Pallotynki pomoc Afryce pomoc ubogim Adopcja Serca ja\u0142mu\u017cna Adopcja duchowa 04\"},{\"@type\":\"BreadcrumbList\",\"@id\":\"https:\/\/www.maitri.pl\/projekt\/dozywianie-najmlodszych-kamerun\/#breadcrumb\",\"itemListElement\":[{\"@type\":\"ListItem\",\"position\":1,\"name\":\"Strona g\u0142\u00f3wna\",\"item\":\"https:\/\/www.maitri.pl\/\"},{\"@type\":\"ListItem\",\"position\":2,\"name\":\"Sklep\",\"item\":\"https:\/\/www.maitri.pl\/sklep\/\"},{\"@type\":\"ListItem\",\"position\":3,\"name\":\"Do\u017cywianie dzieci i pomoc w organizacji \u015awi\u0105t w Nkoum\"}]},{\"@type\":\"WebSite\",\"@id\":\"https:\/\/www.maitri.pl\/#website\",\"url\":\"https:\/\/www.maitri.pl\/\",\"name\":\"Adopcja Serca Maitri \u2013 pomoc dzieciom w Afryce\",\"description\":\"Adopcja Serca \u2013 adopcja na odleg\u0142o\u015b\u0107, pomoc Afryce, do\u017cywianie i edukacja w Afryce\",\"publisher\":{\"@id\":\"https:\/\/www.maitri.pl\/#organization\"},\"potentialAction\":[{\"@type\":\"SearchAction\",\"target\":{\"@type\":\"EntryPoint\",\"urlTemplate\":\"https:\/\/www.maitri.pl\/?s={search_term_string}\"},\"query-input\":{\"@type\":\"PropertyValueSpecification\",\"valueRequired\":true,\"valueName\":\"search_term_string\"}}],\"inLanguage\":\"fr-FR\"},{\"@type\":\"Organization\",\"@id\":\"https:\/\/www.maitri.pl\/#organization\",\"name\":\"Stowarzyszenie Ruchu Maitri\",\"url\":\"https:\/\/www.maitri.pl\/\",\"logo\":{\"@type\":\"ImageObject\",\"inLanguage\":\"fr-FR\",\"@id\":\"https:\/\/www.maitri.pl\/#\/schema\/logo\/image\/\",\"url\":\"https:\/\/www.maitri.pl\/wp-content\/uploads\/2020\/04\/duze_logo-81.png\",\"contentUrl\":\"https:\/\/www.maitri.pl\/wp-content\/uploads\/2020\/04\/duze_logo-81.png\",\"width\":339,\"height\":321,\"caption\":\"Stowarzyszenie Ruchu Maitri\"},\"image\":{\"@id\":\"https:\/\/www.maitri.pl\/#\/schema\/logo\/image\/\"},\"sameAs\":[\"https:\/\/www.facebook.com\/MAITRI.Adopcja.Serca.dzieci.Afryki\/\"]}]}<\/script>\n<!-- \/ Yoast SEO plugin. -->","yoast_head_json":{"title":"Do\u017cywianie dzieci i pomoc w organizacji \u015awi\u0105t w Nkoum","description":"Do\u017cywianie dzieci i pomoc w organizacji \u015awi\u0105t Bo\u017cego Narodzenia i Wielkanocnych w Nkoum. O pomoc prosz\u0105 Siostry pallotynki.","robots":{"index":"index","follow":"follow","max-snippet":"max-snippet:-1","max-image-preview":"max-image-preview:large","max-video-preview":"max-video-preview:-1"},"canonical":"https:\/\/www.maitri.pl\/projekt\/dozywianie-najmlodszych-kamerun\/","og_locale":"fr_FR","og_type":"article","og_title":"Do\u017cywianie dzieci i pomoc w organizacji \u015awi\u0105t w Nkoum","og_description":"Do\u017cywianie dzieci i pomoc w organizacji \u015awi\u0105t Bo\u017cego Narodzenia i Wielkanocnych w Nkoum. O pomoc prosz\u0105 Siostry pallotynki.","og_url":"https:\/\/www.maitri.pl\/projekt\/dozywianie-najmlodszych-kamerun\/","og_site_name":"Ruch Maitri - Adopcja Serca pomoc Afryce","article_publisher":"https:\/\/www.facebook.com\/MAITRI.Adopcja.Serca.dzieci.Afryki\/","article_modified_time":"2026-02-26T10:17:50+00:00","og_image":[{"width":1020,"height":765,"url":"https:\/\/www.maitri.pl\/wp-content\/uploads\/2025\/11\/468-palls_3.jpeg","type":"image\/jpeg"}],"twitter_card":"summary_large_image","twitter_misc":{"Dur\u00e9e de lecture estim\u00e9e":"3 minutes"},"schema":{"@context":"https:\/\/schema.org","@graph":[{"@type":"WebPage","@id":"https:\/\/www.maitri.pl\/projekt\/dozywianie-najmlodszych-kamerun\/","url":"https:\/\/www.maitri.pl\/projekt\/dozywianie-najmlodszych-kamerun\/","name":"Do\u017cywianie dzieci i pomoc w organizacji \u015awi\u0105t w Nkoum","isPartOf":{"@id":"https:\/\/www.maitri.pl\/#website"},"primaryImageOfPage":{"@id":"https:\/\/www.maitri.pl\/projekt\/dozywianie-najmlodszych-kamerun\/#primaryimage"},"image":{"@id":"https:\/\/www.maitri.pl\/projekt\/dozywianie-najmlodszych-kamerun\/#primaryimage"},"thumbnailUrl":"https:\/\/www.maitri.pl\/wp-content\/uploads\/2025\/11\/468-palls_3.jpeg","datePublished":"2025-11-17T20:42:26+00:00","dateModified":"2026-02-26T10:17:50+00:00","description":"Do\u017cywianie dzieci i pomoc w organizacji \u015awi\u0105t Bo\u017cego Narodzenia i Wielkanocnych w Nkoum. O pomoc prosz\u0105 Siostry pallotynki.","breadcrumb":{"@id":"https:\/\/www.maitri.pl\/projekt\/dozywianie-najmlodszych-kamerun\/#breadcrumb"},"inLanguage":"fr-FR","potentialAction":[{"@type":"ReadAction","target":["https:\/\/www.maitri.pl\/projekt\/dozywianie-najmlodszych-kamerun\/"]}]},{"@type":"ImageObject","inLanguage":"fr-FR","@id":"https:\/\/www.maitri.pl\/projekt\/dozywianie-najmlodszych-kamerun\/#primaryimage","url":"https:\/\/www.maitri.pl\/wp-content\/uploads\/2025\/11\/468-palls_3.jpeg","contentUrl":"https:\/\/www.maitri.pl\/wp-content\/uploads\/2025\/11\/468-palls_3.jpeg","width":1020,"height":765,"caption":"Do\u017cywianie dzieci i pomoc w organizacji \u015awi\u0105t Bo\u017cego Narodzenia i Wielkanocnych w Nkoum w Kamerunie - o pomoc prosz\u0105 Siostry Pallotynki pomoc Afryce pomoc ubogim Adopcja Serca ja\u0142mu\u017cna Adopcja duchowa 04"},{"@type":"BreadcrumbList","@id":"https:\/\/www.maitri.pl\/projekt\/dozywianie-najmlodszych-kamerun\/#breadcrumb","itemListElement":[{"@type":"ListItem","position":1,"name":"Strona g\u0142\u00f3wna","item":"https:\/\/www.maitri.pl\/"},{"@type":"ListItem","position":2,"name":"Sklep","item":"https:\/\/www.maitri.pl\/sklep\/"},{"@type":"ListItem","position":3,"name":"Do\u017cywianie dzieci i pomoc w organizacji \u015awi\u0105t w Nkoum"}]},{"@type":"WebSite","@id":"https:\/\/www.maitri.pl\/#website","url":"https:\/\/www.maitri.pl\/","name":"Adopcja Serca Maitri \u2013 pomoc dzieciom w Afryce","description":"Adopcja Serca \u2013 adopcja na odleg\u0142o\u015b\u0107, pomoc Afryce, do\u017cywianie i edukacja w Afryce","publisher":{"@id":"https:\/\/www.maitri.pl\/#organization"},"potentialAction":[{"@type":"SearchAction","target":{"@type":"EntryPoint","urlTemplate":"https:\/\/www.maitri.pl\/?s={search_term_string}"},"query-input":{"@type":"PropertyValueSpecification","valueRequired":true,"valueName":"search_term_string"}}],"inLanguage":"fr-FR"},{"@type":"Organization","@id":"https:\/\/www.maitri.pl\/#organization","name":"Stowarzyszenie Ruchu Maitri","url":"https:\/\/www.maitri.pl\/","logo":{"@type":"ImageObject","inLanguage":"fr-FR","@id":"https:\/\/www.maitri.pl\/#\/schema\/logo\/image\/","url":"https:\/\/www.maitri.pl\/wp-content\/uploads\/2020\/04\/duze_logo-81.png","contentUrl":"https:\/\/www.maitri.pl\/wp-content\/uploads\/2020\/04\/duze_logo-81.png","width":339,"height":321,"caption":"Stowarzyszenie Ruchu Maitri"},"image":{"@id":"https:\/\/www.maitri.pl\/#\/schema\/logo\/image\/"},"sameAs":["https:\/\/www.facebook.com\/MAITRI.Adopcja.Serca.dzieci.Afryki\/"]}]}},"_links":{"self":[{"href":"https:\/\/www.maitri.pl\/fr\/wp-json\/wp\/v2\/product\/34412","targetHints":{"allow":["GET"]}}],"collection":[{"href":"https:\/\/www.maitri.pl\/fr\/wp-json\/wp\/v2\/product"}],"about":[{"href":"https:\/\/www.maitri.pl\/fr\/wp-json\/wp\/v2\/types\/product"}],"wp:featuredmedia":[{"embeddable":true,"href":"https:\/\/www.maitri.pl\/fr\/wp-json\/wp\/v2\/media\/34425"}],"wp:attachment":[{"href":"https:\/\/www.maitri.pl\/fr\/wp-json\/wp\/v2\/media?parent=34412"}],"wp:term":[{"taxonomy":"product_brand","embeddable":true,"href":"https:\/\/www.maitri.pl\/fr\/wp-json\/wp\/v2\/product_brand?post=34412"},{"taxonomy":"product_cat","embeddable":true,"href":"https:\/\/www.maitri.pl\/fr\/wp-json\/wp\/v2\/product_cat?post=34412"},{"taxonomy":"product_tag","embeddable":true,"href":"https:\/\/www.maitri.pl\/fr\/wp-json\/wp\/v2\/product_tag?post=34412"}],"curies":[{"name":"wp","href":"https:\/\/api.w.org\/{rel}","templated":true}]}}