{"id":34374,"date":"2025-11-12T19:59:57","date_gmt":"2025-11-12T18:59:57","guid":{"rendered":"https:\/\/www.maitri.pl\/?post_type=product&#038;p=34374"},"modified":"2026-02-26T11:13:52","modified_gmt":"2026-02-26T10:13:52","slug":"dozywianie-200-dzieci-kamerun","status":"publish","type":"product","link":"https:\/\/www.maitri.pl\/fr\/projekt\/dozywianie-200-dzieci-kamerun\/","title":{"rendered":"Do\u017cywianie 200 dzieci w przedszkolu i pomoc \u015bwi\u0105teczna w Doume"},"content":{"rendered":"<h4>G\u0142odnych nakarmi\u0107&#8230;<\/h4>\n<p>Ka\u017cdego dnia do naszego przedszkola przychodzi 200 dzieci, ale niestety cz\u0119sto bez \u015bniadania, bardzo cz\u0119sto g\u0142odne. Dla wielu z nich miseczka ry\u017cu z sosem arachidowym to jedyny posi\u0142ek dnia. Znaj\u0105c dobrze sytuacj\u0119 tej cz\u0119\u015bci Kamerunu, w kt\u00f3rej przysz\u0142o mi przebywa\u0107 i pracowa\u0107, wiem z pewno\u015bci\u0105, \u017ce podanie przys\u0142owiowej \u201ekromki chleba\u201d jest po prostu odpowiedzi\u0105 na s\u0142owa samego Jezusa Chrystusa \u201eWY DAJCIE IM JE\u015a\u0106\u201d. Dlatego moja pro\u015bba do Was, pom\u00f3\u017ccie mi zrealizowa\u0107 to wo\u0142anie i przyj\u015b\u0107 z pomoc\u0105 naszym dzieciom, kt\u00f3re przychodz\u0105 do przedszkola bez \u015bniadania, a kubek mleka jest wielk\u0105 rzadko\u015bci\u0105.\u00a0 Zazwyczaj w domach dzieci jedz\u0105 raz dziennie, wieczorem. Nie chcemy, aby w naszym przedszkolu przebywa\u0142y ca\u0142y dzie\u0144 na \u00ab\u00a0g\u0142odniaka\u00a0\u00bb. Wesprzyjcie do\u017cywianie dzieci w Doume!<\/p>\n<h4>Pomoc \u015bwi\u0105teczna dla najbiedniejszych<\/h4>\n<p>Zbli\u017caj\u0105 si\u0119 \u015bwi\u0119ta, a wraz z nimi pragnienie, by sprawi\u0107 rado\u015b\u0107 tak\u017ce tym najmniejszym. Chcemy &#8211; jak co roku &#8211; zorganizowa\u0107 \u015bwi\u0119ta dla dzieci najubo\u017cszych, zaniedbanych, pochodz\u0105cych z wielodzietnych rodzin. Mam tu oko\u0142o 50 dzieci obj\u0119tych szczeg\u00f3ln\u0105 trosk\u0105 z racji \u015bwi\u0105t Bo\u017cego Narodzenia i Wielkiej Nocy. Dla nich chcemy zorganizowa\u0107 pomoc materialn\u0105 (ubranie oraz paczk\u0119 \u017cywno\u015bciow\u0105, na co nie sta\u0107 ich rodzic\u00f3w), by mog\u0142y si\u0119 cieszy\u0107 jak inne dzieci.<\/p>\n<h4>Wasze wsparcie pomaga te\u017c leczy\u0107<\/h4>\n<p>Wasze wsparcie pozwala nam nie tylko karmi\u0107, ale te\u017c leczy\u0107. Otaczamy opiek\u0105 szczeg\u00f3lnie dzieci chore na malari\u0119, dla kt\u00f3rych leki s\u0105 cz\u0119sto nieosi\u0105galnym marzeniem. Potrzebujemy Waszego wsparcia aby i\u015b\u0107 na pomoc w leczeniu nag\u0142ych przypadk\u00f3w, g\u0142\u00f3wnie malarii. Niestety leki s\u0105 bardzo drogie, wi\u0119c ludzie cz\u0119sto lecz\u0105 swoje dzieci domowymi sposobami, co nie zawsze ko\u0144czy si\u0119 dobrze. Gdy choroba si\u0119 rozwija, a stan dziecka pogarsza, przychodz\u0105 do nas szuka\u0107 ratunku. Wydatki na leczenie s\u0105 wtedy du\u017co wy\u017csze, a oni nie maj\u0105 za co kupi\u0107 lek\u00f3w.<\/p>\n<h4>Pom\u00f3\u017cmy dzieciom<\/h4>\n<p>Moim g\u0142\u00f3wnym uzasadnieniem zwracaj\u0105c si\u0119 do Was o pomoc jest moja mi\u0142o\u015b\u0107 do tych maluczkich. To do nich pos\u0142a\u0142 mnie Pan B\u00f3g, abym nie tylko g\u0142osi\u0142a im Dobr\u0105 Nowin\u0119, ale czyni\u0142a to nios\u0105c konkretn\u0105 pomoc i okazuj\u0105c mi\u0142osierdzie. Sprawa misji to pos\u0142anie od samego Boga, ale jedna osoba nie zawsze mo\u017ce wiele zdzia\u0142a\u0107, za to z Waszym wsparciem finansowym, mo\u017cemy odmieni\u0107 ten skrawek ziemi i uczyni\u0107 \u017cycie tych dzieci lepszym. Z wielk\u0105 wdzi\u0119czno\u015bci\u0105 za ka\u017cd\u0105 otrzyman\u0105 do tej pory pomoc dzi\u0119kuj\u0119. Bardzo licz\u0119 na kontynuacj\u0119 pomocy w kolejnym roku. Osobi\u015bcie, ale r\u00f3wnie\u017c ze wszystkimi dzie\u0107mi polecam ka\u017cdego Dobroczy\u0144c\u0119 Panu Bogu bogatemu z mi\u0142osierdzie.<\/p>\n<p>&nbsp;<\/p>\n<p><img loading=\"lazy\" decoding=\"async\" class=\"alignnone wp-image-34375 size-full\" src=\"https:\/\/www.maitri.pl\/wp-content\/uploads\/2025\/11\/467-palls.png\" alt=\"\" width=\"955\" height=\"765\" srcset=\"https:\/\/www.maitri.pl\/wp-content\/uploads\/2025\/11\/467-palls.png 955w, https:\/\/www.maitri.pl\/wp-content\/uploads\/2025\/11\/467-palls-300x240.png 300w, https:\/\/www.maitri.pl\/wp-content\/uploads\/2025\/11\/467-palls-768x615.png 768w, https:\/\/www.maitri.pl\/wp-content\/uploads\/2025\/11\/467-palls-600x481.png 600w\" sizes=\"auto, (max-width: 955px) 100vw, 955px\" \/><\/p>\n<p><em>Siostra Fabiana Leitgbeer, <a href=\"http:\/\/www.u-pallotynek.pl\/\" target=\"_blank\" rel=\"noopener\">Zgromadzenie Si\u00f3str Misjonarek Apostolstwa Katolickiego<\/a><\/em><\/p>\n<p><b style=\"font-size: large; color: #ff0000;\">Kwota: 28 615 z\u0142<\/b><\/p>\n<p>Zbi\u00f3rka zako\u0144czona. Przekazano 5000 \u20ac<\/p>\n<p><strong>Numer projektu: 467\/PALLS<\/strong><\/p>\n<p style=\"text-align: justify;\"><strong>Podsumowanie w miejscowej walucie &#8211; 3 889 000 frank\u00f3w CFA<\/strong><\/p>\n<h3 style=\"text-align: justify;\" align=\"JUSTIFY\"><span style=\"color: #808080;\">Do\u017cywianie 200 dzieci w przedszkolu i pomoc \u015bwi\u0105teczna dla najbiedniejszych w Doume w Kamerunie- pallotynki<\/span><\/h3>\n","protected":false},"excerpt":{"rendered":"<p><strong>Projekt:<\/strong> Siostra Fabiana Leitgeber, <a href=\"http:\/\/www.u-pallotynek.pl\/\" target=\"_blank\" rel=\"noopener\">Zgromadzenie Si\u00f3str Misjonarek Apostolstwa Katolickiego<\/a><br \/>\n<strong>Misja:<\/strong> Doume, <a href=\"https:\/\/www.maitri.pl\/gdzie-pomagamy\/\" target=\"_blank\" rel=\"noopener noreferrer\">Kamerun<\/a><br \/>\n<strong>Zbierana kwota:<\/strong> <span style=\"color: #ff0000;\"><strong>28 615 z\u0142<\/strong><\/span><\/p>\n","protected":false},"featured_media":34385,"template":"","meta":[],"product_brand":[],"product_cat":[661,674],"product_tag":[687,676,658,847,867,689],"class_list":{"0":"post-34374","1":"product","2":"type-product","3":"status-publish","4":"has-post-thumbnail","6":"product_cat-dozywianie","7":"product_cat-projekty-zrealizowane-w-biezacym-roku","8":"product_tag-doume","9":"product_tag-dozywianie","10":"product_tag-kamerun","11":"product_tag-pallotynki","12":"product_tag-siostra-fabiana-leitgeber","13":"product_tag-zgromadzenie-siostr-misjonarek-apostolstwa-katolickiego","15":"first","16":"instock","17":"virtual","18":"purchasable","19":"product-type-simple"},"yoast_head":"<!-- This site is optimized with the Yoast SEO plugin v27.2 - https:\/\/yoast.com\/product\/yoast-seo-wordpress\/ -->\n<title>Do\u017cywianie 200 dzieci w przedszkolu i pomoc \u015bwi\u0105teczna w Doume<\/title>\n<meta name=\"description\" content=\"Do\u017cywianie 200 dzieci w przedszkolu i pomoc \u015bwi\u0105teczna dla najbiedniejszych w Doume. G\u0142odnych nakarmi\u0107 - o wsparcie prosz\u0105 Siostry Pallotynki.\" \/>\n<meta name=\"robots\" content=\"index, follow, max-snippet:-1, max-image-preview:large, max-video-preview:-1\" \/>\n<link rel=\"canonical\" href=\"https:\/\/www.maitri.pl\/projekt\/dozywianie-200-dzieci-kamerun\/\" \/>\n<meta property=\"og:locale\" content=\"fr_FR\" \/>\n<meta property=\"og:type\" content=\"article\" \/>\n<meta property=\"og:title\" content=\"Do\u017cywianie 200 dzieci w przedszkolu i pomoc \u015bwi\u0105teczna w Doume\" \/>\n<meta property=\"og:description\" content=\"Do\u017cywianie 200 dzieci w przedszkolu i pomoc \u015bwi\u0105teczna dla najbiedniejszych w Doume. G\u0142odnych nakarmi\u0107 - o wsparcie prosz\u0105 Siostry Pallotynki.\" \/>\n<meta property=\"og:url\" content=\"https:\/\/www.maitri.pl\/projekt\/dozywianie-200-dzieci-kamerun\/\" \/>\n<meta property=\"og:site_name\" content=\"Ruch Maitri - Adopcja Serca pomoc Afryce\" \/>\n<meta property=\"article:publisher\" content=\"https:\/\/www.facebook.com\/MAITRI.Adopcja.Serca.dzieci.Afryki\/\" \/>\n<meta property=\"article:modified_time\" content=\"2026-02-26T10:13:52+00:00\" \/>\n<meta property=\"og:image\" content=\"https:\/\/www.maitri.pl\/wp-content\/uploads\/2025\/11\/467-palls_1.jpg\" \/>\n\t<meta property=\"og:image:width\" content=\"717\" \/>\n\t<meta property=\"og:image:height\" content=\"1132\" \/>\n\t<meta property=\"og:image:type\" content=\"image\/jpeg\" \/>\n<meta name=\"twitter:card\" content=\"summary_large_image\" \/>\n<meta name=\"twitter:label1\" content=\"Dur\u00e9e de lecture estim\u00e9e\" \/>\n\t<meta name=\"twitter:data1\" content=\"3 minutes\" \/>\n<script type=\"application\/ld+json\" class=\"yoast-schema-graph\">{\"@context\":\"https:\/\/schema.org\",\"@graph\":[{\"@type\":\"WebPage\",\"@id\":\"https:\/\/www.maitri.pl\/projekt\/dozywianie-200-dzieci-kamerun\/\",\"url\":\"https:\/\/www.maitri.pl\/projekt\/dozywianie-200-dzieci-kamerun\/\",\"name\":\"Do\u017cywianie 200 dzieci w przedszkolu i pomoc \u015bwi\u0105teczna w Doume\",\"isPartOf\":{\"@id\":\"https:\/\/www.maitri.pl\/#website\"},\"primaryImageOfPage\":{\"@id\":\"https:\/\/www.maitri.pl\/projekt\/dozywianie-200-dzieci-kamerun\/#primaryimage\"},\"image\":{\"@id\":\"https:\/\/www.maitri.pl\/projekt\/dozywianie-200-dzieci-kamerun\/#primaryimage\"},\"thumbnailUrl\":\"https:\/\/www.maitri.pl\/wp-content\/uploads\/2025\/11\/467-palls_1.jpg\",\"datePublished\":\"2025-11-12T18:59:57+00:00\",\"dateModified\":\"2026-02-26T10:13:52+00:00\",\"description\":\"Do\u017cywianie 200 dzieci w przedszkolu i pomoc \u015bwi\u0105teczna dla najbiedniejszych w Doume. G\u0142odnych nakarmi\u0107 - o wsparcie prosz\u0105 Siostry Pallotynki.\",\"breadcrumb\":{\"@id\":\"https:\/\/www.maitri.pl\/projekt\/dozywianie-200-dzieci-kamerun\/#breadcrumb\"},\"inLanguage\":\"fr-FR\",\"potentialAction\":[{\"@type\":\"ReadAction\",\"target\":[\"https:\/\/www.maitri.pl\/projekt\/dozywianie-200-dzieci-kamerun\/\"]}]},{\"@type\":\"ImageObject\",\"inLanguage\":\"fr-FR\",\"@id\":\"https:\/\/www.maitri.pl\/projekt\/dozywianie-200-dzieci-kamerun\/#primaryimage\",\"url\":\"https:\/\/www.maitri.pl\/wp-content\/uploads\/2025\/11\/467-palls_1.jpg\",\"contentUrl\":\"https:\/\/www.maitri.pl\/wp-content\/uploads\/2025\/11\/467-palls_1.jpg\",\"width\":717,\"height\":1132,\"caption\":\"Do\u017cywianie 200 dzieci w przedszkolu i pomoc \u015bwi\u0105teczna dla najbiedniejszych w Doume w Kamerunie- pallotynki pomoc Afryce pomoc ubogim Maitri Adocpja Serca 01\"},{\"@type\":\"BreadcrumbList\",\"@id\":\"https:\/\/www.maitri.pl\/projekt\/dozywianie-200-dzieci-kamerun\/#breadcrumb\",\"itemListElement\":[{\"@type\":\"ListItem\",\"position\":1,\"name\":\"Strona g\u0142\u00f3wna\",\"item\":\"https:\/\/www.maitri.pl\/\"},{\"@type\":\"ListItem\",\"position\":2,\"name\":\"Sklep\",\"item\":\"https:\/\/www.maitri.pl\/sklep\/\"},{\"@type\":\"ListItem\",\"position\":3,\"name\":\"Do\u017cywianie 200 dzieci w przedszkolu i pomoc \u015bwi\u0105teczna w Doume\"}]},{\"@type\":\"WebSite\",\"@id\":\"https:\/\/www.maitri.pl\/#website\",\"url\":\"https:\/\/www.maitri.pl\/\",\"name\":\"Adopcja Serca Maitri \u2013 pomoc dzieciom w Afryce\",\"description\":\"Adopcja Serca \u2013 adopcja na odleg\u0142o\u015b\u0107, pomoc Afryce, do\u017cywianie i edukacja w Afryce\",\"publisher\":{\"@id\":\"https:\/\/www.maitri.pl\/#organization\"},\"potentialAction\":[{\"@type\":\"SearchAction\",\"target\":{\"@type\":\"EntryPoint\",\"urlTemplate\":\"https:\/\/www.maitri.pl\/?s={search_term_string}\"},\"query-input\":{\"@type\":\"PropertyValueSpecification\",\"valueRequired\":true,\"valueName\":\"search_term_string\"}}],\"inLanguage\":\"fr-FR\"},{\"@type\":\"Organization\",\"@id\":\"https:\/\/www.maitri.pl\/#organization\",\"name\":\"Stowarzyszenie Ruchu Maitri\",\"url\":\"https:\/\/www.maitri.pl\/\",\"logo\":{\"@type\":\"ImageObject\",\"inLanguage\":\"fr-FR\",\"@id\":\"https:\/\/www.maitri.pl\/#\/schema\/logo\/image\/\",\"url\":\"https:\/\/www.maitri.pl\/wp-content\/uploads\/2020\/04\/duze_logo-81.png\",\"contentUrl\":\"https:\/\/www.maitri.pl\/wp-content\/uploads\/2020\/04\/duze_logo-81.png\",\"width\":339,\"height\":321,\"caption\":\"Stowarzyszenie Ruchu Maitri\"},\"image\":{\"@id\":\"https:\/\/www.maitri.pl\/#\/schema\/logo\/image\/\"},\"sameAs\":[\"https:\/\/www.facebook.com\/MAITRI.Adopcja.Serca.dzieci.Afryki\/\"]}]}<\/script>\n<!-- \/ Yoast SEO plugin. -->","yoast_head_json":{"title":"Do\u017cywianie 200 dzieci w przedszkolu i pomoc \u015bwi\u0105teczna w Doume","description":"Do\u017cywianie 200 dzieci w przedszkolu i pomoc \u015bwi\u0105teczna dla najbiedniejszych w Doume. G\u0142odnych nakarmi\u0107 - o wsparcie prosz\u0105 Siostry Pallotynki.","robots":{"index":"index","follow":"follow","max-snippet":"max-snippet:-1","max-image-preview":"max-image-preview:large","max-video-preview":"max-video-preview:-1"},"canonical":"https:\/\/www.maitri.pl\/projekt\/dozywianie-200-dzieci-kamerun\/","og_locale":"fr_FR","og_type":"article","og_title":"Do\u017cywianie 200 dzieci w przedszkolu i pomoc \u015bwi\u0105teczna w Doume","og_description":"Do\u017cywianie 200 dzieci w przedszkolu i pomoc \u015bwi\u0105teczna dla najbiedniejszych w Doume. G\u0142odnych nakarmi\u0107 - o wsparcie prosz\u0105 Siostry Pallotynki.","og_url":"https:\/\/www.maitri.pl\/projekt\/dozywianie-200-dzieci-kamerun\/","og_site_name":"Ruch Maitri - Adopcja Serca pomoc Afryce","article_publisher":"https:\/\/www.facebook.com\/MAITRI.Adopcja.Serca.dzieci.Afryki\/","article_modified_time":"2026-02-26T10:13:52+00:00","og_image":[{"width":717,"height":1132,"url":"https:\/\/www.maitri.pl\/wp-content\/uploads\/2025\/11\/467-palls_1.jpg","type":"image\/jpeg"}],"twitter_card":"summary_large_image","twitter_misc":{"Dur\u00e9e de lecture estim\u00e9e":"3 minutes"},"schema":{"@context":"https:\/\/schema.org","@graph":[{"@type":"WebPage","@id":"https:\/\/www.maitri.pl\/projekt\/dozywianie-200-dzieci-kamerun\/","url":"https:\/\/www.maitri.pl\/projekt\/dozywianie-200-dzieci-kamerun\/","name":"Do\u017cywianie 200 dzieci w przedszkolu i pomoc \u015bwi\u0105teczna w Doume","isPartOf":{"@id":"https:\/\/www.maitri.pl\/#website"},"primaryImageOfPage":{"@id":"https:\/\/www.maitri.pl\/projekt\/dozywianie-200-dzieci-kamerun\/#primaryimage"},"image":{"@id":"https:\/\/www.maitri.pl\/projekt\/dozywianie-200-dzieci-kamerun\/#primaryimage"},"thumbnailUrl":"https:\/\/www.maitri.pl\/wp-content\/uploads\/2025\/11\/467-palls_1.jpg","datePublished":"2025-11-12T18:59:57+00:00","dateModified":"2026-02-26T10:13:52+00:00","description":"Do\u017cywianie 200 dzieci w przedszkolu i pomoc \u015bwi\u0105teczna dla najbiedniejszych w Doume. G\u0142odnych nakarmi\u0107 - o wsparcie prosz\u0105 Siostry Pallotynki.","breadcrumb":{"@id":"https:\/\/www.maitri.pl\/projekt\/dozywianie-200-dzieci-kamerun\/#breadcrumb"},"inLanguage":"fr-FR","potentialAction":[{"@type":"ReadAction","target":["https:\/\/www.maitri.pl\/projekt\/dozywianie-200-dzieci-kamerun\/"]}]},{"@type":"ImageObject","inLanguage":"fr-FR","@id":"https:\/\/www.maitri.pl\/projekt\/dozywianie-200-dzieci-kamerun\/#primaryimage","url":"https:\/\/www.maitri.pl\/wp-content\/uploads\/2025\/11\/467-palls_1.jpg","contentUrl":"https:\/\/www.maitri.pl\/wp-content\/uploads\/2025\/11\/467-palls_1.jpg","width":717,"height":1132,"caption":"Do\u017cywianie 200 dzieci w przedszkolu i pomoc \u015bwi\u0105teczna dla najbiedniejszych w Doume w Kamerunie- pallotynki pomoc Afryce pomoc ubogim Maitri Adocpja Serca 01"},{"@type":"BreadcrumbList","@id":"https:\/\/www.maitri.pl\/projekt\/dozywianie-200-dzieci-kamerun\/#breadcrumb","itemListElement":[{"@type":"ListItem","position":1,"name":"Strona g\u0142\u00f3wna","item":"https:\/\/www.maitri.pl\/"},{"@type":"ListItem","position":2,"name":"Sklep","item":"https:\/\/www.maitri.pl\/sklep\/"},{"@type":"ListItem","position":3,"name":"Do\u017cywianie 200 dzieci w przedszkolu i pomoc \u015bwi\u0105teczna w Doume"}]},{"@type":"WebSite","@id":"https:\/\/www.maitri.pl\/#website","url":"https:\/\/www.maitri.pl\/","name":"Adopcja Serca Maitri \u2013 pomoc dzieciom w Afryce","description":"Adopcja Serca \u2013 adopcja na odleg\u0142o\u015b\u0107, pomoc Afryce, do\u017cywianie i edukacja w Afryce","publisher":{"@id":"https:\/\/www.maitri.pl\/#organization"},"potentialAction":[{"@type":"SearchAction","target":{"@type":"EntryPoint","urlTemplate":"https:\/\/www.maitri.pl\/?s={search_term_string}"},"query-input":{"@type":"PropertyValueSpecification","valueRequired":true,"valueName":"search_term_string"}}],"inLanguage":"fr-FR"},{"@type":"Organization","@id":"https:\/\/www.maitri.pl\/#organization","name":"Stowarzyszenie Ruchu Maitri","url":"https:\/\/www.maitri.pl\/","logo":{"@type":"ImageObject","inLanguage":"fr-FR","@id":"https:\/\/www.maitri.pl\/#\/schema\/logo\/image\/","url":"https:\/\/www.maitri.pl\/wp-content\/uploads\/2020\/04\/duze_logo-81.png","contentUrl":"https:\/\/www.maitri.pl\/wp-content\/uploads\/2020\/04\/duze_logo-81.png","width":339,"height":321,"caption":"Stowarzyszenie Ruchu Maitri"},"image":{"@id":"https:\/\/www.maitri.pl\/#\/schema\/logo\/image\/"},"sameAs":["https:\/\/www.facebook.com\/MAITRI.Adopcja.Serca.dzieci.Afryki\/"]}]}},"_links":{"self":[{"href":"https:\/\/www.maitri.pl\/fr\/wp-json\/wp\/v2\/product\/34374","targetHints":{"allow":["GET"]}}],"collection":[{"href":"https:\/\/www.maitri.pl\/fr\/wp-json\/wp\/v2\/product"}],"about":[{"href":"https:\/\/www.maitri.pl\/fr\/wp-json\/wp\/v2\/types\/product"}],"wp:featuredmedia":[{"embeddable":true,"href":"https:\/\/www.maitri.pl\/fr\/wp-json\/wp\/v2\/media\/34385"}],"wp:attachment":[{"href":"https:\/\/www.maitri.pl\/fr\/wp-json\/wp\/v2\/media?parent=34374"}],"wp:term":[{"taxonomy":"product_brand","embeddable":true,"href":"https:\/\/www.maitri.pl\/fr\/wp-json\/wp\/v2\/product_brand?post=34374"},{"taxonomy":"product_cat","embeddable":true,"href":"https:\/\/www.maitri.pl\/fr\/wp-json\/wp\/v2\/product_cat?post=34374"},{"taxonomy":"product_tag","embeddable":true,"href":"https:\/\/www.maitri.pl\/fr\/wp-json\/wp\/v2\/product_tag?post=34374"}],"curies":[{"name":"wp","href":"https:\/\/api.w.org\/{rel}","templated":true}]}}