{"id":34370,"date":"2025-11-12T13:16:24","date_gmt":"2025-11-12T12:16:24","guid":{"rendered":"https:\/\/www.maitri.pl\/?post_type=product&#038;p=34370"},"modified":"2025-11-12T13:17:47","modified_gmt":"2025-11-12T12:17:47","slug":"kontynuacja-pomocy-dla-aleppo-wsparcie-dla-osob-dotknietych-wojna-2","status":"publish","type":"product","link":"https:\/\/www.maitri.pl\/fr\/projekt\/kontynuacja-pomocy-dla-aleppo-wsparcie-dla-osob-dotknietych-wojna-2\/","title":{"rendered":"Kontynuacja pomocy dla Aleppo &#8211; wsparcie dla os\u00f3b dotkni\u0119tych wojn\u0105"},"content":{"rendered":"<div class=\"flex max-w-full flex-col flex-grow\">\n<div class=\"min-h-8 text-message flex w-full flex-col items-end gap-2 whitespace-normal break-words text-start [.text-message+&amp;]:mt-5\" dir=\"auto\" data-message-author-role=\"assistant\" data-message-id=\"61af4f3d-19b9-43a3-a4eb-0d237f9e7f15\" data-message-model-slug=\"gpt-4o\">\n<div class=\"flex w-full flex-col gap-1 empty:hidden first:pt-[3px]\">\n<div class=\"markdown prose w-full break-words dark:prose-invert dark\">\n<h3><strong>Pomoc Syrii: wsparcie dla os\u00f3b dotkni\u0119tych wojn\u0105 w Aleppo<\/strong><\/h3>\n<p>Od ponad dekady Syria zmaga si\u0119 z dramatycznymi skutkami wyniszczaj\u0105cej wojny domowej. Jej ci\u0119\u017car spada przede wszystkim na ludno\u015b\u0107 cywiln\u0105 \u2013 najs\u0142abszych, bezbronnych, cz\u0119sto pozbawionych jakiejkolwiek nadziei na lepsze jutro. W\u015br\u00f3d ofiar s\u0105 osoby starsze, chore, niepe\u0142nosprawne, a tak\u017ce dzieci, kt\u00f3re dorastaj\u0105 w cieniu ruin i codziennych dramat\u00f3w. Cho\u0107 konflikt stopniowo wygasa, a nowe w\u0142adze zapewniaj\u0105, \u017ce wprowadz\u0105 pok\u00f3j i b\u0119d\u0105 tolerancyjne, to sytuacja w Aleppo pozostaje niespokojna, a mieszka\u0144cy wci\u0105\u017c s\u0142ysz\u0105 wybuchy. Wcze\u015bniejsze wieloletnie zmagania zbrojne przynios\u0142y miastu zniszczenia na niewyobra\u017caln\u0105 skal\u0119 \u2013 domy, szko\u0142y, szpitale zamieni\u0142y si\u0119 w gruzowiska, a infrastruktura pozostaje w stanie ca\u0142kowitego rozk\u0142adu. Codzienne \u017cycie mieszka\u0144c\u00f3w to nieustanna walka z g\u0142odem, bied\u0105 i brakiem perspektyw. <strong>Bezrobocie, ogromna inflacja i brak dost\u0119pu do podstawowych towar\u00f3w sprawiaj\u0105, \u017ce przetrwanie sta\u0142o si\u0119 najwi\u0119kszym wyzwaniem miejscowej ludno\u015bci.<\/strong><\/p>\n<h3><strong>Tragedia mieszka\u0144c\u00f3w Aleppo<\/strong><\/h3>\n<p>Od 2017 roku Ruch Solidarno\u015bci z Ubogimi Trzeciego \u015awiata MAITRI niesie pomoc mieszka\u0144com Aleppo, kt\u00f3rzy do\u015bwiadczaj\u0105 skutk\u00f3w wojny oraz niedawnych kl\u0119sk \u017cywio\u0142owych. Sytuacja humanitarna jest krytyczna. Warto\u015b\u0107 syryjskiego funta dramatycznie spad\u0142a, a ceny \u017cywno\u015bci wzros\u0142y nawet czterokrotnie. Nawet najbardziej podstawowe produkty s\u0105 poza zasi\u0119giem wi\u0119kszo\u015bci rodzin. Wiele os\u00f3b straci\u0142o prac\u0119, a pa\u0144stwowi pracownicy od miesi\u0119cy nie otrzymuj\u0105 wynagrodzenia.<\/p>\n<p><strong>Mimo tych dramatycznych warunk\u00f3w, syryjscy chrze\u015bcijanie staraj\u0105 si\u0119 by\u0107 \u015bwiat\u0142em w mroku. <\/strong><a href=\"http:\/\/www.facebook.com\/latinparish.aleppo\">Parafia \u015awi\u0119tego Franciszka z Asy\u017cu<\/a>, w zachodniej cz\u0119\u015bci Aleppo organizuje inicjatywy, kt\u00f3re przynosz\u0105 mieszka\u0144com nadziej\u0119 i ulg\u0119. Kuchnia dla ubogich codziennie karmi ponad 1 500 os\u00f3b, a zgromadzenie zakonne aktywnie wspiera rodziny, m\u0142odzie\u017c i dzieci, staraj\u0105c si\u0119 przywraca\u0107 poczucie normalno\u015bci. Pomoc ta trafia do najbardziej potrzebuj\u0105cych \u2013 wd\u00f3w, sierot, os\u00f3b starszych i niepe\u0142nosprawnych. W mie\u015bcie, gdzie rodzice rezygnuj\u0105 z w\u0142asnych posi\u0142k\u00f3w, aby wykarmi\u0107 dzieci, ka\u017cde wsparcie ma ogromne znaczenie. Wi\u0119cej na temat sytuacji lokalnej ludno\u015bci mo\u017cna przeczyta\u0107 w artykule &#8211; <a href=\"https:\/\/www.maitri.pl\/wsparcie-dla-wspolnoty-chrzescijanskiej-w-syrii-list-od-nadine-z-aleppo\/\">Wsparcie dla wsp\u00f3lnoty chrze\u015bcija\u0144skiej w Syrii \u2013 list od Nadine z Aleppo<\/a>.<\/p>\n<h3><strong>Nowe wyzwania i przysz\u0142o\u015b\u0107 Syrii<\/strong><\/h3>\n<p>Przysz\u0142o\u015b\u0107 kraju jest niepewna. Cho\u0107 pojawiaj\u0105 si\u0119 obietnice, \u017ce Syria stanie si\u0119 pa\u0144stwem tolerancyjnym i zapewni wolno\u015b\u0107 religijn\u0105, strach przed nadchodz\u0105cymi zmianami jest g\u0142\u0119boko zakorzeniony w sercach mieszka\u0144c\u00f3w. Chrze\u015bcijanie, kt\u00f3rzy przez lata stanowili integraln\u0105 cz\u0119\u015b\u0107 syryjskiego spo\u0142ecze\u0144stwa, teraz musz\u0105 zmierzy\u0107 si\u0119 z nowymi wyzwaniami w pluralistycznym, a jednocze\u015bnie wci\u0105\u017c naznaczonym ekstremizmem spo\u0142ecze\u0144stwie.<strong> Misj\u0105 wsp\u00f3lnot chrze\u015bcija\u0144skich w Syrii jest bycie dobrym zaczynem \u2013 nios\u0105cym pok\u00f3j, nadziej\u0119 i pomoc. Jednak by m\u00f3c kontynuowa\u0107 to dzie\u0142o, potrzebuj\u0105 wsparcia mi\u0119dzynarodowej spo\u0142eczno\u015bci ludzi dobrej woli.<\/strong><\/p>\n<h3><strong>Wyci\u0105gnijmy pomocn\u0105 d\u0142o\u0144<\/strong><\/h3>\n<p>Mieszka\u0144cy Aleppo \u017cyj\u0105 w ruinach i nie maj\u0105 dok\u0105d uciec, a jednocze\u015bnie chc\u0105 pozosta\u0107 na ziemi swoich przodk\u00f3w. Prosimy o wsparcie finansowe, kt\u00f3re umo\u017cliwi zakup \u017cywno\u015bci, lek\u00f3w i innych najpotrzebniejszych artyku\u0142\u00f3w. Ka\u017cda z\u0142ot\u00f3wka przekazana na ten cel to realna pomoc \u2013 wsparcie, kt\u00f3re mo\u017ce uratowa\u0107 \u017cycie i przywr\u00f3ci\u0107 nadziej\u0119. Dzi\u0119ki naszej pomocy dzieci b\u0119d\u0105 mog\u0142y zasi\u0105\u015b\u0107 w szkolnych \u0142awkach, a rodziny zyskaj\u0105 szans\u0119 na przetrwanie tego trudnego czasu. <strong>Razem mo\u017cemy ul\u017cy\u0107 cierpieniu tych ludzi, daj\u0105c im nie tylko \u015brodki do \u017cycia, lecz tak\u017ce poczucie, \u017ce nie s\u0105 sami.<\/strong><\/p>\n<\/div>\n<\/div>\n<\/div>\n<\/div>\n<h3><span style=\"color: #ff0000;\"><b><i>Ca\u0142kowity koszt projektu: 50 000 PLN<\/i><\/b><\/span><\/h3>\n<p><strong>Numer projektu: 18\/FRACH<\/strong><\/p>\n<p>Zbi\u00f3rka zako\u0144czona, kwota zebrana i przekazana: 6 000 \u20ac<\/p>\n<h3 style=\"text-align: center;\"><b><i>Wesprzyj potrzebuj\u0105cych mieszka\u0144c\u00f3w Aleppo, liczy si\u0119 ka\u017cda z\u0142ot\u00f3wka!<\/i><\/b><\/h3>\n<p><b><i>Stowarzyszenie Ruchu Maitri przeznacza do 10% otrzymanych \u015brodk\u00f3w na koszty funkcjonowania biura i pozyskiwanie funduszy pomocowych.<\/i><\/b><\/p>\n","protected":false},"excerpt":{"rendered":"<p><strong>Projekt:<\/strong> Nadine Khoudary<br \/>\n<strong>Miejsce:<\/strong> <a href=\"https:\/\/latinparishaleppo.org\/en\/home\/\">Parafia \u015aw. Franciszka<\/a> w Aleppo w Syrii<\/p>\n<p><strong>Kwota projektu:<\/strong> <span style=\"color: #ff0000;\"><strong>50 000 PLN<\/strong><\/span><\/p>\n","protected":false},"featured_media":24848,"template":"","meta":[],"product_brand":[],"product_cat":[674],"product_tag":[725,809,956,728,810],"class_list":{"0":"post-34370","1":"product","2":"type-product","3":"status-publish","4":"has-post-thumbnail","6":"product_cat-projekty-zrealizowane-w-biezacym-roku","7":"product_tag-aleppo","8":"product_tag-pomoc-syrii","9":"product_tag-pomoc-ubogim","10":"product_tag-syria","11":"product_tag-zgromadzenie-siostr-franciszkanek","13":"first","14":"instock","15":"virtual","16":"purchasable","17":"product-type-simple"},"yoast_head":"<!-- This site is optimized with the Yoast SEO plugin v27.2 - https:\/\/yoast.com\/product\/yoast-seo-wordpress\/ -->\n<title>Fundusz dla Aleppo - pomoc Syrii - wsparcie dla niepe\u0142nosprawnych<\/title>\n<meta name=\"description\" content=\"Pomoc Syrii - wsparcie dla niepe\u0142nosprawnych i ich rodzin z Aleppo. \u015arodki na rehabilitacj\u0119, leczenie, \u017cywno\u015b\u0107 i zaspokojenie innych podstawowych potrzeb.\" \/>\n<meta name=\"robots\" content=\"index, follow, max-snippet:-1, max-image-preview:large, max-video-preview:-1\" \/>\n<link rel=\"canonical\" href=\"https:\/\/www.maitri.pl\/projekt\/kontynuacja-pomocy-dla-aleppo-wsparcie-dla-osob-dotknietych-wojna-2\/\" \/>\n<meta property=\"og:locale\" content=\"fr_FR\" \/>\n<meta property=\"og:type\" content=\"article\" \/>\n<meta property=\"og:title\" content=\"Fundusz dla Aleppo - pomoc Syrii - wsparcie dla niepe\u0142nosprawnych\" \/>\n<meta property=\"og:description\" content=\"Pomoc Syrii - wsparcie dla niepe\u0142nosprawnych i ich rodzin z Aleppo. \u015arodki na rehabilitacj\u0119, leczenie, \u017cywno\u015b\u0107 i zaspokojenie innych podstawowych potrzeb.\" \/>\n<meta property=\"og:url\" content=\"https:\/\/www.maitri.pl\/projekt\/kontynuacja-pomocy-dla-aleppo-wsparcie-dla-osob-dotknietych-wojna-2\/\" \/>\n<meta property=\"og:site_name\" content=\"Ruch Maitri - Adopcja Serca pomoc Afryce\" \/>\n<meta property=\"article:publisher\" content=\"https:\/\/www.facebook.com\/MAITRI.Adopcja.Serca.dzieci.Afryki\/\" \/>\n<meta property=\"article:modified_time\" content=\"2025-11-12T12:17:47+00:00\" \/>\n<meta property=\"og:image\" content=\"https:\/\/www.maitri.pl\/wp-content\/uploads\/2022\/07\/31b-scaled.jpg\" \/>\n\t<meta property=\"og:image:width\" content=\"2560\" \/>\n\t<meta property=\"og:image:height\" content=\"1709\" \/>\n\t<meta property=\"og:image:type\" content=\"image\/jpeg\" \/>\n<meta name=\"twitter:card\" content=\"summary_large_image\" \/>\n<meta name=\"twitter:label1\" content=\"Dur\u00e9e de lecture estim\u00e9e\" \/>\n\t<meta name=\"twitter:data1\" content=\"4 minutes\" \/>\n<script type=\"application\/ld+json\" class=\"yoast-schema-graph\">{\"@context\":\"https:\/\/schema.org\",\"@graph\":[{\"@type\":\"WebPage\",\"@id\":\"https:\/\/www.maitri.pl\/projekt\/kontynuacja-pomocy-dla-aleppo-wsparcie-dla-osob-dotknietych-wojna-2\/\",\"url\":\"https:\/\/www.maitri.pl\/projekt\/kontynuacja-pomocy-dla-aleppo-wsparcie-dla-osob-dotknietych-wojna-2\/\",\"name\":\"Fundusz dla Aleppo - pomoc Syrii - wsparcie dla niepe\u0142nosprawnych\",\"isPartOf\":{\"@id\":\"https:\/\/www.maitri.pl\/#website\"},\"primaryImageOfPage\":{\"@id\":\"https:\/\/www.maitri.pl\/projekt\/kontynuacja-pomocy-dla-aleppo-wsparcie-dla-osob-dotknietych-wojna-2\/#primaryimage\"},\"image\":{\"@id\":\"https:\/\/www.maitri.pl\/projekt\/kontynuacja-pomocy-dla-aleppo-wsparcie-dla-osob-dotknietych-wojna-2\/#primaryimage\"},\"thumbnailUrl\":\"https:\/\/www.maitri.pl\/wp-content\/uploads\/2022\/07\/31b-scaled.jpg\",\"datePublished\":\"2025-11-12T12:16:24+00:00\",\"dateModified\":\"2025-11-12T12:17:47+00:00\",\"description\":\"Pomoc Syrii - wsparcie dla niepe\u0142nosprawnych i ich rodzin z Aleppo. \u015arodki na rehabilitacj\u0119, leczenie, \u017cywno\u015b\u0107 i zaspokojenie innych podstawowych potrzeb.\",\"breadcrumb\":{\"@id\":\"https:\/\/www.maitri.pl\/projekt\/kontynuacja-pomocy-dla-aleppo-wsparcie-dla-osob-dotknietych-wojna-2\/#breadcrumb\"},\"inLanguage\":\"fr-FR\",\"potentialAction\":[{\"@type\":\"ReadAction\",\"target\":[\"https:\/\/www.maitri.pl\/projekt\/kontynuacja-pomocy-dla-aleppo-wsparcie-dla-osob-dotknietych-wojna-2\/\"]}]},{\"@type\":\"ImageObject\",\"inLanguage\":\"fr-FR\",\"@id\":\"https:\/\/www.maitri.pl\/projekt\/kontynuacja-pomocy-dla-aleppo-wsparcie-dla-osob-dotknietych-wojna-2\/#primaryimage\",\"url\":\"https:\/\/www.maitri.pl\/wp-content\/uploads\/2022\/07\/31b-scaled.jpg\",\"contentUrl\":\"https:\/\/www.maitri.pl\/wp-content\/uploads\/2022\/07\/31b-scaled.jpg\",\"width\":2560,\"height\":1709,\"caption\":\"Pomoc dla niepe\u0142nosprawnych z Aleppo - obdaruj najs\u0142abszych! Ruch Maitri Adopcja Serca pomoc Syrii 03\"},{\"@type\":\"BreadcrumbList\",\"@id\":\"https:\/\/www.maitri.pl\/projekt\/kontynuacja-pomocy-dla-aleppo-wsparcie-dla-osob-dotknietych-wojna-2\/#breadcrumb\",\"itemListElement\":[{\"@type\":\"ListItem\",\"position\":1,\"name\":\"Strona g\u0142\u00f3wna\",\"item\":\"https:\/\/www.maitri.pl\/\"},{\"@type\":\"ListItem\",\"position\":2,\"name\":\"Sklep\",\"item\":\"https:\/\/www.maitri.pl\/sklep\/\"},{\"@type\":\"ListItem\",\"position\":3,\"name\":\"Kontynuacja pomocy dla Aleppo &#8211; wsparcie dla os\u00f3b dotkni\u0119tych wojn\u0105\"}]},{\"@type\":\"WebSite\",\"@id\":\"https:\/\/www.maitri.pl\/#website\",\"url\":\"https:\/\/www.maitri.pl\/\",\"name\":\"Adopcja Serca Maitri \u2013 pomoc dzieciom w Afryce\",\"description\":\"Adopcja Serca \u2013 adopcja na odleg\u0142o\u015b\u0107, pomoc Afryce, do\u017cywianie i edukacja w Afryce\",\"publisher\":{\"@id\":\"https:\/\/www.maitri.pl\/#organization\"},\"potentialAction\":[{\"@type\":\"SearchAction\",\"target\":{\"@type\":\"EntryPoint\",\"urlTemplate\":\"https:\/\/www.maitri.pl\/?s={search_term_string}\"},\"query-input\":{\"@type\":\"PropertyValueSpecification\",\"valueRequired\":true,\"valueName\":\"search_term_string\"}}],\"inLanguage\":\"fr-FR\"},{\"@type\":\"Organization\",\"@id\":\"https:\/\/www.maitri.pl\/#organization\",\"name\":\"Stowarzyszenie Ruchu Maitri\",\"url\":\"https:\/\/www.maitri.pl\/\",\"logo\":{\"@type\":\"ImageObject\",\"inLanguage\":\"fr-FR\",\"@id\":\"https:\/\/www.maitri.pl\/#\/schema\/logo\/image\/\",\"url\":\"https:\/\/www.maitri.pl\/wp-content\/uploads\/2020\/04\/duze_logo-81.png\",\"contentUrl\":\"https:\/\/www.maitri.pl\/wp-content\/uploads\/2020\/04\/duze_logo-81.png\",\"width\":339,\"height\":321,\"caption\":\"Stowarzyszenie Ruchu Maitri\"},\"image\":{\"@id\":\"https:\/\/www.maitri.pl\/#\/schema\/logo\/image\/\"},\"sameAs\":[\"https:\/\/www.facebook.com\/MAITRI.Adopcja.Serca.dzieci.Afryki\/\"]}]}<\/script>\n<!-- \/ Yoast SEO plugin. -->","yoast_head_json":{"title":"Fundusz dla Aleppo - pomoc Syrii - wsparcie dla niepe\u0142nosprawnych","description":"Pomoc Syrii - wsparcie dla niepe\u0142nosprawnych i ich rodzin z Aleppo. \u015arodki na rehabilitacj\u0119, leczenie, \u017cywno\u015b\u0107 i zaspokojenie innych podstawowych potrzeb.","robots":{"index":"index","follow":"follow","max-snippet":"max-snippet:-1","max-image-preview":"max-image-preview:large","max-video-preview":"max-video-preview:-1"},"canonical":"https:\/\/www.maitri.pl\/projekt\/kontynuacja-pomocy-dla-aleppo-wsparcie-dla-osob-dotknietych-wojna-2\/","og_locale":"fr_FR","og_type":"article","og_title":"Fundusz dla Aleppo - pomoc Syrii - wsparcie dla niepe\u0142nosprawnych","og_description":"Pomoc Syrii - wsparcie dla niepe\u0142nosprawnych i ich rodzin z Aleppo. \u015arodki na rehabilitacj\u0119, leczenie, \u017cywno\u015b\u0107 i zaspokojenie innych podstawowych potrzeb.","og_url":"https:\/\/www.maitri.pl\/projekt\/kontynuacja-pomocy-dla-aleppo-wsparcie-dla-osob-dotknietych-wojna-2\/","og_site_name":"Ruch Maitri - Adopcja Serca pomoc Afryce","article_publisher":"https:\/\/www.facebook.com\/MAITRI.Adopcja.Serca.dzieci.Afryki\/","article_modified_time":"2025-11-12T12:17:47+00:00","og_image":[{"width":2560,"height":1709,"url":"https:\/\/www.maitri.pl\/wp-content\/uploads\/2022\/07\/31b-scaled.jpg","type":"image\/jpeg"}],"twitter_card":"summary_large_image","twitter_misc":{"Dur\u00e9e de lecture estim\u00e9e":"4 minutes"},"schema":{"@context":"https:\/\/schema.org","@graph":[{"@type":"WebPage","@id":"https:\/\/www.maitri.pl\/projekt\/kontynuacja-pomocy-dla-aleppo-wsparcie-dla-osob-dotknietych-wojna-2\/","url":"https:\/\/www.maitri.pl\/projekt\/kontynuacja-pomocy-dla-aleppo-wsparcie-dla-osob-dotknietych-wojna-2\/","name":"Fundusz dla Aleppo - pomoc Syrii - wsparcie dla niepe\u0142nosprawnych","isPartOf":{"@id":"https:\/\/www.maitri.pl\/#website"},"primaryImageOfPage":{"@id":"https:\/\/www.maitri.pl\/projekt\/kontynuacja-pomocy-dla-aleppo-wsparcie-dla-osob-dotknietych-wojna-2\/#primaryimage"},"image":{"@id":"https:\/\/www.maitri.pl\/projekt\/kontynuacja-pomocy-dla-aleppo-wsparcie-dla-osob-dotknietych-wojna-2\/#primaryimage"},"thumbnailUrl":"https:\/\/www.maitri.pl\/wp-content\/uploads\/2022\/07\/31b-scaled.jpg","datePublished":"2025-11-12T12:16:24+00:00","dateModified":"2025-11-12T12:17:47+00:00","description":"Pomoc Syrii - wsparcie dla niepe\u0142nosprawnych i ich rodzin z Aleppo. \u015arodki na rehabilitacj\u0119, leczenie, \u017cywno\u015b\u0107 i zaspokojenie innych podstawowych potrzeb.","breadcrumb":{"@id":"https:\/\/www.maitri.pl\/projekt\/kontynuacja-pomocy-dla-aleppo-wsparcie-dla-osob-dotknietych-wojna-2\/#breadcrumb"},"inLanguage":"fr-FR","potentialAction":[{"@type":"ReadAction","target":["https:\/\/www.maitri.pl\/projekt\/kontynuacja-pomocy-dla-aleppo-wsparcie-dla-osob-dotknietych-wojna-2\/"]}]},{"@type":"ImageObject","inLanguage":"fr-FR","@id":"https:\/\/www.maitri.pl\/projekt\/kontynuacja-pomocy-dla-aleppo-wsparcie-dla-osob-dotknietych-wojna-2\/#primaryimage","url":"https:\/\/www.maitri.pl\/wp-content\/uploads\/2022\/07\/31b-scaled.jpg","contentUrl":"https:\/\/www.maitri.pl\/wp-content\/uploads\/2022\/07\/31b-scaled.jpg","width":2560,"height":1709,"caption":"Pomoc dla niepe\u0142nosprawnych z Aleppo - obdaruj najs\u0142abszych! Ruch Maitri Adopcja Serca pomoc Syrii 03"},{"@type":"BreadcrumbList","@id":"https:\/\/www.maitri.pl\/projekt\/kontynuacja-pomocy-dla-aleppo-wsparcie-dla-osob-dotknietych-wojna-2\/#breadcrumb","itemListElement":[{"@type":"ListItem","position":1,"name":"Strona g\u0142\u00f3wna","item":"https:\/\/www.maitri.pl\/"},{"@type":"ListItem","position":2,"name":"Sklep","item":"https:\/\/www.maitri.pl\/sklep\/"},{"@type":"ListItem","position":3,"name":"Kontynuacja pomocy dla Aleppo &#8211; wsparcie dla os\u00f3b dotkni\u0119tych wojn\u0105"}]},{"@type":"WebSite","@id":"https:\/\/www.maitri.pl\/#website","url":"https:\/\/www.maitri.pl\/","name":"Adopcja Serca Maitri \u2013 pomoc dzieciom w Afryce","description":"Adopcja Serca \u2013 adopcja na odleg\u0142o\u015b\u0107, pomoc Afryce, do\u017cywianie i edukacja w Afryce","publisher":{"@id":"https:\/\/www.maitri.pl\/#organization"},"potentialAction":[{"@type":"SearchAction","target":{"@type":"EntryPoint","urlTemplate":"https:\/\/www.maitri.pl\/?s={search_term_string}"},"query-input":{"@type":"PropertyValueSpecification","valueRequired":true,"valueName":"search_term_string"}}],"inLanguage":"fr-FR"},{"@type":"Organization","@id":"https:\/\/www.maitri.pl\/#organization","name":"Stowarzyszenie Ruchu Maitri","url":"https:\/\/www.maitri.pl\/","logo":{"@type":"ImageObject","inLanguage":"fr-FR","@id":"https:\/\/www.maitri.pl\/#\/schema\/logo\/image\/","url":"https:\/\/www.maitri.pl\/wp-content\/uploads\/2020\/04\/duze_logo-81.png","contentUrl":"https:\/\/www.maitri.pl\/wp-content\/uploads\/2020\/04\/duze_logo-81.png","width":339,"height":321,"caption":"Stowarzyszenie Ruchu Maitri"},"image":{"@id":"https:\/\/www.maitri.pl\/#\/schema\/logo\/image\/"},"sameAs":["https:\/\/www.facebook.com\/MAITRI.Adopcja.Serca.dzieci.Afryki\/"]}]}},"_links":{"self":[{"href":"https:\/\/www.maitri.pl\/fr\/wp-json\/wp\/v2\/product\/34370","targetHints":{"allow":["GET"]}}],"collection":[{"href":"https:\/\/www.maitri.pl\/fr\/wp-json\/wp\/v2\/product"}],"about":[{"href":"https:\/\/www.maitri.pl\/fr\/wp-json\/wp\/v2\/types\/product"}],"wp:featuredmedia":[{"embeddable":true,"href":"https:\/\/www.maitri.pl\/fr\/wp-json\/wp\/v2\/media\/24848"}],"wp:attachment":[{"href":"https:\/\/www.maitri.pl\/fr\/wp-json\/wp\/v2\/media?parent=34370"}],"wp:term":[{"taxonomy":"product_brand","embeddable":true,"href":"https:\/\/www.maitri.pl\/fr\/wp-json\/wp\/v2\/product_brand?post=34370"},{"taxonomy":"product_cat","embeddable":true,"href":"https:\/\/www.maitri.pl\/fr\/wp-json\/wp\/v2\/product_cat?post=34370"},{"taxonomy":"product_tag","embeddable":true,"href":"https:\/\/www.maitri.pl\/fr\/wp-json\/wp\/v2\/product_tag?post=34370"}],"curies":[{"name":"wp","href":"https:\/\/api.w.org\/{rel}","templated":true}]}}