{"id":33962,"date":"2025-09-22T10:15:03","date_gmt":"2025-09-22T08:15:03","guid":{"rendered":"https:\/\/www.maitri.pl\/?post_type=product&#038;p=33962"},"modified":"2026-02-25T14:44:22","modified_gmt":"2026-02-25T13:44:22","slug":"dofinansowanie-wyposazenia-internatu-dla-dzieci-w-shaktikhor-w-nepalu","status":"publish","type":"product","link":"https:\/\/www.maitri.pl\/fr\/projekt\/dofinansowanie-wyposazenia-internatu-dla-dzieci-w-shaktikhor-w-nepalu\/","title":{"rendered":"Dofinansowanie wyposa\u017cenia internatu dla dzieci w Shaktikhor w Nepalu"},"content":{"rendered":"<h3 data-start=\"267\" data-end=\"310\">Bezpieczny dom i edukacja dla 33 dzieci<\/h3>\n<p data-start=\"312\" data-end=\"590\">W dystrykcie Chitwan, w miejscowo\u015bci Shaktikhor, powstaje hostel dla dzieci ze spo\u0142eczno\u015bci Chepang \u2013 jednej z najbardziej marginalizowanych grup w Nepalu. Dzieci te dorastaj\u0105 w skrajnej biedzie, z ograniczonym dost\u0119pem do szko\u0142y, opieki zdrowotnej i bezpiecznego schronienia.<\/p>\n<p data-start=\"592\" data-end=\"973\"><strong data-start=\"592\" data-end=\"717\">33 dzieci znajdzie w hostelu miejsce, kt\u00f3re da im ca\u0142odobow\u0105 opiek\u0119, edukacj\u0119 i bezpieczne warunki \u017cycia.<\/strong> Projekt powi\u0105zany jest z inicjatyw\u0105 <strong data-start=\"754\" data-end=\"788\">Udaan \u2013 Skrzyd\u0142a dla Dziewcz\u0105t<\/strong> oraz z programem <a href=\"http:\/\/www.maitri.pl\/adopcjaserca\"><strong data-start=\"806\" data-end=\"823\">Adopcja Serca<\/strong><\/a> i dzia\u0142aniami Karunika Foundation w zakresie do\u017cywiania dzieci w szko\u0142ach. Dzi\u0119ki temu tworzymy sp\u00f3jne i d\u0142ugofalowe podej\u015bcie do wsparcia spo\u0142eczno\u015bci Chepang.<\/p>\n<h3 data-start=\"980\" data-end=\"996\">Cele projektu<\/h3>\n<ul>\n<li data-start=\"980\" data-end=\"996\">zapewnienie dzieciom odpowiedniego wy\u017cywienia, edukacji i zakwaterowania,<\/li>\n<li data-start=\"980\" data-end=\"996\">stworzenie bezpiecznego \u015brodowiska do nauki i rozwoju,<\/li>\n<li data-start=\"980\" data-end=\"996\">przygotowanie modelu hostelu, kt\u00f3ry w przysz\u0142o\u015bci b\u0119dzie funkcjonowa\u0142 dzi\u0119ki lokalnym sponsorom, darczy\u0144com i grantom instytucjonalnym.<\/li>\n<\/ul>\n<h3 data-start=\"1359\" data-end=\"1381\">Jak b\u0119dzie dzia\u0142a\u0142 hostel?<\/h3>\n<p data-start=\"1383\" data-end=\"2232\">Hostel w Shaktikhor zapewni dzieciom ca\u0142odobow\u0105 opiek\u0119. Podopieczni b\u0119d\u0105 mieli zagwarantowane wy\u017cywienie, bezpieczne zakwaterowanie i wsparcie wychowawcze, a tak\u017ce mo\u017cliwo\u015b\u0107 regularnej nauki w pobliskiej szkole. Opiekunki oraz personel przejd\u0105 specjalne szkolenia z zakresu higieny, \u017cywienia, pierwszej pomocy i wsparcia emocjonalnego, co pozwoli im lepiej troszczy\u0107 si\u0119 o dzieci. W prowadzenie hostelu aktywnie w\u0142\u0105cz\u0105 si\u0119 r\u00f3wnie\u017c rodzice i liderzy spo\u0142eczno\u015bci Chepang \u2013 tworz\u0105 oni Komitet Wsparcia, kt\u00f3ry czuwa nad dzia\u0142aniem plac\u00f3wki, pe\u0142ni dy\u017cury i wspiera personel w codziennych obowi\u0105zkach. Dzi\u0119ki temu hostel stanie si\u0119 wsp\u00f3lnym wysi\u0142kiem ca\u0142ej lokalnej spo\u0142eczno\u015bci, a nie tylko zewn\u0119trznym projektem pomocowym.<\/p>\n<h3 data-start=\"2239\" data-end=\"2271\">Plan dalszej edukacji dzieci<\/h3>\n<p data-start=\"2273\" data-end=\"2808\">Planowana pomoc nie zako\u0144czy si\u0119 na etapie szko\u0142y podstawowej. Dzieci, kt\u00f3re j\u0105 uko\u0144cz\u0105, b\u0119d\u0105 mog\u0142y liczy\u0107 na wsparcie w dalszej edukacji. Wsp\u00f3\u0142praca z w ramach Adopcji Serca otwiera mo\u017cliwo\u015b\u0107 kontynuowania nauki w szko\u0142ach \u015brednich, a tak\u017ce uczestnictwa w mentoringu, szczeg\u00f3lnie wa\u017cnym dla dziewcz\u0105t, kt\u00f3re cz\u0119sto jako pierwsze rezygnuj\u0105 z nauki. Dzi\u0119ki temu projekt nie ogranicza si\u0119 do zapewnienia podstawowych potrzeb, ale daje dzieciom realn\u0105 szans\u0119 na rozw\u00f3j i zmian\u0119 ich przysz\u0142o\u015bci.<\/p>\n<h3 data-start=\"3014\" data-end=\"3036\">Dlaczego to wa\u017cne?<\/h3>\n<p data-start=\"3038\" data-end=\"3254\">Dzieci Chepang bez naszej pomocy pozostan\u0105 bez dost\u0119pu do edukacji i szans na lepsze \u017cycie. Hostel w Shaktikhor to nie tylko budynek \u2013 to miejsce, kt\u00f3re da im nadziej\u0119, bezpiecze\u0144stwo i perspektyw\u0119 na przysz\u0142o\u015b\u0107.<\/p>\n<h3 style=\"text-align: center;\" data-start=\"3256\" data-end=\"3348\"><strong data-start=\"3259\" data-end=\"3346\">Razem mo\u017cemy sprawi\u0107, \u017ce 33 dzieci w Nepalu odzyska dzieci\u0144stwo i szans\u0119 na rozw\u00f3j.<\/strong><\/h3>\n<p>&nbsp;<\/p>\n<p><b><span style=\"color: #ff0000;\"><span style=\"font-size: large;\">Zebrana kwota: 13 272 z\u0142<\/span><\/span><\/b><\/p>\n<p><strong>Numer projektu 64\/KARTC<\/strong><\/p>\n<h2><strong><span style=\"color: #999999;\">Internat dla dzieci z ubogich rodzin przy szkole podstawowej w Shaktikhor w Nepalu akcja wsp\u00f3\u0142organizowana przez Karunika Foundation Nepal<\/span><\/strong><\/h2>\n","protected":false},"excerpt":{"rendered":"<p><strong>Projekt: <\/strong><em>Aleksandra<\/em><em>\u00a0Kurnicka, <a href=\"https:\/\/www.facebook.com\/karunikatuitioncenterNEPAL\" target=\"_blank\" rel=\"noopener\">Karunika Foundation<\/a><\/em><br \/>\n<strong>Miejsce:<\/strong> Kathmandu, <a href=\"https:\/\/www.maitri.pl\/gdzie-pomagamy\/\" target=\"_blank\" rel=\"noopener\">Nepal<\/a><br \/>\n<strong>Kwota projektu: <span style=\"color: #ff0000;\">13 272 z\u0142<\/span><\/strong><\/p>\n","protected":false},"featured_media":33969,"template":"","meta":[],"product_brand":[],"product_cat":[674],"product_tag":[760,1032,1010,672,1033],"class_list":{"0":"post-33962","1":"product","2":"type-product","3":"status-publish","4":"has-post-thumbnail","6":"product_cat-projekty-zrealizowane-w-biezacym-roku","7":"product_tag-edukacja","8":"product_tag-internat","9":"product_tag-karunika","10":"product_tag-nepal","11":"product_tag-pomoc-dzieciom","13":"first","14":"instock","15":"virtual","16":"purchasable","17":"product-type-simple"},"yoast_head":"<!-- This site is optimized with the Yoast SEO plugin v27.2 - https:\/\/yoast.com\/product\/yoast-seo-wordpress\/ -->\n<title>Dofinansowanie wyposa\u017cenia internatu dla dzieci w Shaktikhor w Nepalu &#8211; Ruch Maitri - Adopcja Serca pomoc Afryce<\/title>\n<meta name=\"robots\" content=\"index, follow, max-snippet:-1, max-image-preview:large, max-video-preview:-1\" \/>\n<link rel=\"canonical\" href=\"https:\/\/www.maitri.pl\/projekt\/dofinansowanie-wyposazenia-internatu-dla-dzieci-w-shaktikhor-w-nepalu\/\" \/>\n<meta property=\"og:locale\" content=\"fr_FR\" \/>\n<meta property=\"og:type\" content=\"article\" \/>\n<meta property=\"og:title\" content=\"Dofinansowanie wyposa\u017cenia internatu dla dzieci w Shaktikhor w Nepalu &#8211; Ruch Maitri - Adopcja Serca pomoc Afryce\" \/>\n<meta property=\"og:description\" content=\"Projekt: Aleksandra\u00a0Kurnicka, Karunika Foundation Miejsce: Kathmandu, Nepal Kwota projektu: 13 272 z\u0142\" \/>\n<meta property=\"og:url\" content=\"https:\/\/www.maitri.pl\/projekt\/dofinansowanie-wyposazenia-internatu-dla-dzieci-w-shaktikhor-w-nepalu\/\" \/>\n<meta property=\"og:site_name\" content=\"Ruch Maitri - Adopcja Serca pomoc Afryce\" \/>\n<meta property=\"article:publisher\" content=\"https:\/\/www.facebook.com\/MAITRI.Adopcja.Serca.dzieci.Afryki\/\" \/>\n<meta property=\"article:modified_time\" content=\"2026-02-25T13:44:22+00:00\" \/>\n<meta property=\"og:image\" content=\"https:\/\/www.maitri.pl\/wp-content\/uploads\/2025\/09\/3-a10b6337-943e-4557-8d9e-7b1eb0b782a2.jpg\" \/>\n\t<meta property=\"og:image:width\" content=\"1536\" \/>\n\t<meta property=\"og:image:height\" content=\"2048\" \/>\n\t<meta property=\"og:image:type\" content=\"image\/jpeg\" \/>\n<meta name=\"twitter:card\" content=\"summary_large_image\" \/>\n<meta name=\"twitter:label1\" content=\"Dur\u00e9e de lecture estim\u00e9e\" \/>\n\t<meta name=\"twitter:data1\" content=\"3 minutes\" \/>\n<script type=\"application\/ld+json\" class=\"yoast-schema-graph\">{\"@context\":\"https:\/\/schema.org\",\"@graph\":[{\"@type\":\"WebPage\",\"@id\":\"https:\/\/www.maitri.pl\/projekt\/dofinansowanie-wyposazenia-internatu-dla-dzieci-w-shaktikhor-w-nepalu\/\",\"url\":\"https:\/\/www.maitri.pl\/projekt\/dofinansowanie-wyposazenia-internatu-dla-dzieci-w-shaktikhor-w-nepalu\/\",\"name\":\"Dofinansowanie wyposa\u017cenia internatu dla dzieci w Shaktikhor w Nepalu &#8211; Ruch Maitri - Adopcja Serca pomoc Afryce\",\"isPartOf\":{\"@id\":\"https:\/\/www.maitri.pl\/#website\"},\"primaryImageOfPage\":{\"@id\":\"https:\/\/www.maitri.pl\/projekt\/dofinansowanie-wyposazenia-internatu-dla-dzieci-w-shaktikhor-w-nepalu\/#primaryimage\"},\"image\":{\"@id\":\"https:\/\/www.maitri.pl\/projekt\/dofinansowanie-wyposazenia-internatu-dla-dzieci-w-shaktikhor-w-nepalu\/#primaryimage\"},\"thumbnailUrl\":\"https:\/\/www.maitri.pl\/wp-content\/uploads\/2025\/09\/3-a10b6337-943e-4557-8d9e-7b1eb0b782a2.jpg\",\"datePublished\":\"2025-09-22T08:15:03+00:00\",\"dateModified\":\"2026-02-25T13:44:22+00:00\",\"breadcrumb\":{\"@id\":\"https:\/\/www.maitri.pl\/projekt\/dofinansowanie-wyposazenia-internatu-dla-dzieci-w-shaktikhor-w-nepalu\/#breadcrumb\"},\"inLanguage\":\"fr-FR\",\"potentialAction\":[{\"@type\":\"ReadAction\",\"target\":[\"https:\/\/www.maitri.pl\/projekt\/dofinansowanie-wyposazenia-internatu-dla-dzieci-w-shaktikhor-w-nepalu\/\"]}]},{\"@type\":\"ImageObject\",\"inLanguage\":\"fr-FR\",\"@id\":\"https:\/\/www.maitri.pl\/projekt\/dofinansowanie-wyposazenia-internatu-dla-dzieci-w-shaktikhor-w-nepalu\/#primaryimage\",\"url\":\"https:\/\/www.maitri.pl\/wp-content\/uploads\/2025\/09\/3-a10b6337-943e-4557-8d9e-7b1eb0b782a2.jpg\",\"contentUrl\":\"https:\/\/www.maitri.pl\/wp-content\/uploads\/2025\/09\/3-a10b6337-943e-4557-8d9e-7b1eb0b782a2.jpg\",\"width\":1536,\"height\":2048},{\"@type\":\"BreadcrumbList\",\"@id\":\"https:\/\/www.maitri.pl\/projekt\/dofinansowanie-wyposazenia-internatu-dla-dzieci-w-shaktikhor-w-nepalu\/#breadcrumb\",\"itemListElement\":[{\"@type\":\"ListItem\",\"position\":1,\"name\":\"Strona g\u0142\u00f3wna\",\"item\":\"https:\/\/www.maitri.pl\/\"},{\"@type\":\"ListItem\",\"position\":2,\"name\":\"Sklep\",\"item\":\"https:\/\/www.maitri.pl\/sklep\/\"},{\"@type\":\"ListItem\",\"position\":3,\"name\":\"Dofinansowanie wyposa\u017cenia internatu dla dzieci w Shaktikhor w Nepalu\"}]},{\"@type\":\"WebSite\",\"@id\":\"https:\/\/www.maitri.pl\/#website\",\"url\":\"https:\/\/www.maitri.pl\/\",\"name\":\"Adopcja Serca Maitri \u2013 pomoc dzieciom w Afryce\",\"description\":\"Adopcja Serca \u2013 adopcja na odleg\u0142o\u015b\u0107, pomoc Afryce, do\u017cywianie i edukacja w Afryce\",\"publisher\":{\"@id\":\"https:\/\/www.maitri.pl\/#organization\"},\"potentialAction\":[{\"@type\":\"SearchAction\",\"target\":{\"@type\":\"EntryPoint\",\"urlTemplate\":\"https:\/\/www.maitri.pl\/?s={search_term_string}\"},\"query-input\":{\"@type\":\"PropertyValueSpecification\",\"valueRequired\":true,\"valueName\":\"search_term_string\"}}],\"inLanguage\":\"fr-FR\"},{\"@type\":\"Organization\",\"@id\":\"https:\/\/www.maitri.pl\/#organization\",\"name\":\"Stowarzyszenie Ruchu Maitri\",\"url\":\"https:\/\/www.maitri.pl\/\",\"logo\":{\"@type\":\"ImageObject\",\"inLanguage\":\"fr-FR\",\"@id\":\"https:\/\/www.maitri.pl\/#\/schema\/logo\/image\/\",\"url\":\"https:\/\/www.maitri.pl\/wp-content\/uploads\/2020\/04\/duze_logo-81.png\",\"contentUrl\":\"https:\/\/www.maitri.pl\/wp-content\/uploads\/2020\/04\/duze_logo-81.png\",\"width\":339,\"height\":321,\"caption\":\"Stowarzyszenie Ruchu Maitri\"},\"image\":{\"@id\":\"https:\/\/www.maitri.pl\/#\/schema\/logo\/image\/\"},\"sameAs\":[\"https:\/\/www.facebook.com\/MAITRI.Adopcja.Serca.dzieci.Afryki\/\"]}]}<\/script>\n<!-- \/ Yoast SEO plugin. -->","yoast_head_json":{"title":"Dofinansowanie wyposa\u017cenia internatu dla dzieci w Shaktikhor w Nepalu &#8211; Ruch Maitri - Adopcja Serca pomoc Afryce","robots":{"index":"index","follow":"follow","max-snippet":"max-snippet:-1","max-image-preview":"max-image-preview:large","max-video-preview":"max-video-preview:-1"},"canonical":"https:\/\/www.maitri.pl\/projekt\/dofinansowanie-wyposazenia-internatu-dla-dzieci-w-shaktikhor-w-nepalu\/","og_locale":"fr_FR","og_type":"article","og_title":"Dofinansowanie wyposa\u017cenia internatu dla dzieci w Shaktikhor w Nepalu &#8211; Ruch Maitri - Adopcja Serca pomoc Afryce","og_description":"Projekt: Aleksandra\u00a0Kurnicka, Karunika Foundation Miejsce: Kathmandu, Nepal Kwota projektu: 13 272 z\u0142","og_url":"https:\/\/www.maitri.pl\/projekt\/dofinansowanie-wyposazenia-internatu-dla-dzieci-w-shaktikhor-w-nepalu\/","og_site_name":"Ruch Maitri - Adopcja Serca pomoc Afryce","article_publisher":"https:\/\/www.facebook.com\/MAITRI.Adopcja.Serca.dzieci.Afryki\/","article_modified_time":"2026-02-25T13:44:22+00:00","og_image":[{"width":1536,"height":2048,"url":"https:\/\/www.maitri.pl\/wp-content\/uploads\/2025\/09\/3-a10b6337-943e-4557-8d9e-7b1eb0b782a2.jpg","type":"image\/jpeg"}],"twitter_card":"summary_large_image","twitter_misc":{"Dur\u00e9e de lecture estim\u00e9e":"3 minutes"},"schema":{"@context":"https:\/\/schema.org","@graph":[{"@type":"WebPage","@id":"https:\/\/www.maitri.pl\/projekt\/dofinansowanie-wyposazenia-internatu-dla-dzieci-w-shaktikhor-w-nepalu\/","url":"https:\/\/www.maitri.pl\/projekt\/dofinansowanie-wyposazenia-internatu-dla-dzieci-w-shaktikhor-w-nepalu\/","name":"Dofinansowanie wyposa\u017cenia internatu dla dzieci w Shaktikhor w Nepalu &#8211; Ruch Maitri - Adopcja Serca pomoc Afryce","isPartOf":{"@id":"https:\/\/www.maitri.pl\/#website"},"primaryImageOfPage":{"@id":"https:\/\/www.maitri.pl\/projekt\/dofinansowanie-wyposazenia-internatu-dla-dzieci-w-shaktikhor-w-nepalu\/#primaryimage"},"image":{"@id":"https:\/\/www.maitri.pl\/projekt\/dofinansowanie-wyposazenia-internatu-dla-dzieci-w-shaktikhor-w-nepalu\/#primaryimage"},"thumbnailUrl":"https:\/\/www.maitri.pl\/wp-content\/uploads\/2025\/09\/3-a10b6337-943e-4557-8d9e-7b1eb0b782a2.jpg","datePublished":"2025-09-22T08:15:03+00:00","dateModified":"2026-02-25T13:44:22+00:00","breadcrumb":{"@id":"https:\/\/www.maitri.pl\/projekt\/dofinansowanie-wyposazenia-internatu-dla-dzieci-w-shaktikhor-w-nepalu\/#breadcrumb"},"inLanguage":"fr-FR","potentialAction":[{"@type":"ReadAction","target":["https:\/\/www.maitri.pl\/projekt\/dofinansowanie-wyposazenia-internatu-dla-dzieci-w-shaktikhor-w-nepalu\/"]}]},{"@type":"ImageObject","inLanguage":"fr-FR","@id":"https:\/\/www.maitri.pl\/projekt\/dofinansowanie-wyposazenia-internatu-dla-dzieci-w-shaktikhor-w-nepalu\/#primaryimage","url":"https:\/\/www.maitri.pl\/wp-content\/uploads\/2025\/09\/3-a10b6337-943e-4557-8d9e-7b1eb0b782a2.jpg","contentUrl":"https:\/\/www.maitri.pl\/wp-content\/uploads\/2025\/09\/3-a10b6337-943e-4557-8d9e-7b1eb0b782a2.jpg","width":1536,"height":2048},{"@type":"BreadcrumbList","@id":"https:\/\/www.maitri.pl\/projekt\/dofinansowanie-wyposazenia-internatu-dla-dzieci-w-shaktikhor-w-nepalu\/#breadcrumb","itemListElement":[{"@type":"ListItem","position":1,"name":"Strona g\u0142\u00f3wna","item":"https:\/\/www.maitri.pl\/"},{"@type":"ListItem","position":2,"name":"Sklep","item":"https:\/\/www.maitri.pl\/sklep\/"},{"@type":"ListItem","position":3,"name":"Dofinansowanie wyposa\u017cenia internatu dla dzieci w Shaktikhor w Nepalu"}]},{"@type":"WebSite","@id":"https:\/\/www.maitri.pl\/#website","url":"https:\/\/www.maitri.pl\/","name":"Adopcja Serca Maitri \u2013 pomoc dzieciom w Afryce","description":"Adopcja Serca \u2013 adopcja na odleg\u0142o\u015b\u0107, pomoc Afryce, do\u017cywianie i edukacja w Afryce","publisher":{"@id":"https:\/\/www.maitri.pl\/#organization"},"potentialAction":[{"@type":"SearchAction","target":{"@type":"EntryPoint","urlTemplate":"https:\/\/www.maitri.pl\/?s={search_term_string}"},"query-input":{"@type":"PropertyValueSpecification","valueRequired":true,"valueName":"search_term_string"}}],"inLanguage":"fr-FR"},{"@type":"Organization","@id":"https:\/\/www.maitri.pl\/#organization","name":"Stowarzyszenie Ruchu Maitri","url":"https:\/\/www.maitri.pl\/","logo":{"@type":"ImageObject","inLanguage":"fr-FR","@id":"https:\/\/www.maitri.pl\/#\/schema\/logo\/image\/","url":"https:\/\/www.maitri.pl\/wp-content\/uploads\/2020\/04\/duze_logo-81.png","contentUrl":"https:\/\/www.maitri.pl\/wp-content\/uploads\/2020\/04\/duze_logo-81.png","width":339,"height":321,"caption":"Stowarzyszenie Ruchu Maitri"},"image":{"@id":"https:\/\/www.maitri.pl\/#\/schema\/logo\/image\/"},"sameAs":["https:\/\/www.facebook.com\/MAITRI.Adopcja.Serca.dzieci.Afryki\/"]}]}},"_links":{"self":[{"href":"https:\/\/www.maitri.pl\/fr\/wp-json\/wp\/v2\/product\/33962","targetHints":{"allow":["GET"]}}],"collection":[{"href":"https:\/\/www.maitri.pl\/fr\/wp-json\/wp\/v2\/product"}],"about":[{"href":"https:\/\/www.maitri.pl\/fr\/wp-json\/wp\/v2\/types\/product"}],"wp:featuredmedia":[{"embeddable":true,"href":"https:\/\/www.maitri.pl\/fr\/wp-json\/wp\/v2\/media\/33969"}],"wp:attachment":[{"href":"https:\/\/www.maitri.pl\/fr\/wp-json\/wp\/v2\/media?parent=33962"}],"wp:term":[{"taxonomy":"product_brand","embeddable":true,"href":"https:\/\/www.maitri.pl\/fr\/wp-json\/wp\/v2\/product_brand?post=33962"},{"taxonomy":"product_cat","embeddable":true,"href":"https:\/\/www.maitri.pl\/fr\/wp-json\/wp\/v2\/product_cat?post=33962"},{"taxonomy":"product_tag","embeddable":true,"href":"https:\/\/www.maitri.pl\/fr\/wp-json\/wp\/v2\/product_tag?post=33962"}],"curies":[{"name":"wp","href":"https:\/\/api.w.org\/{rel}","templated":true}]}}