{"id":33855,"date":"2025-08-14T15:58:45","date_gmt":"2025-08-14T13:58:45","guid":{"rendered":"https:\/\/www.maitri.pl\/?post_type=product&#038;p=33855"},"modified":"2025-11-18T11:36:23","modified_gmt":"2025-11-18T10:36:23","slug":"dozywianie-dzieci-dimako","status":"publish","type":"product","link":"https:\/\/www.maitri.pl\/fr\/projekt\/dozywianie-dzieci-dimako\/","title":{"rendered":"Do\u017cywianie dzieci w Kamerunie &#8211; nakarm z nami 450 uczni\u00f3w z Dimako"},"content":{"rendered":"<h4>Ci\u0119\u017cko uczy\u0107 si\u0119 b\u0119d\u0105c g\u0142odnym<\/h4>\n<p>Ponawiamy, jak co roku, nasz\u0105 pro\u015bb\u0119 o pomoc w do\u017cywianiu naszych dzieci z przedszkola i ze szko\u0142y podstawowej. Ten projekt do\u017cywiania jest wielkim dobrodziejstwem. Na pewno przek\u0142ada si\u0119 na dobre wyniki w nauce, bo dzieci nie s\u0105 g\u0142odne i ka\u017cdego dnia otrzymuj\u0105 skromny posi\u0142ek. Do szko\u0142y id\u0105 wi\u0119c ch\u0119tnie, bo gdy ub\u00f3stwo rodzic\u00f3w nie pozwala na kupienie chleba czy czego\u015b do zjedzenia, to maj\u0105 t\u0105 nadziej\u0119, \u017ce w szkole dostan\u0105 posi\u0142ek i nie b\u0119d\u0105 g\u0142odne. Dla cz\u0119\u015bci uczni\u00f3w szkolny posi\u0142ek jest jedynym w ci\u0105gu dnia. Do\u017cywianie dzieci przek\u0142ada si\u0119 na ich obecno\u015b\u0107 w szkole.<\/p>\n<h4>Do\u017cywianie dzieci to wielkie dobrodziejstwo<\/h4>\n<p>My staramy si\u0119 w przygotowaniu posi\u0142k\u00f3w korzysta\u0107 z produkt\u00f3w lokalnych takich, jak: kukurydza, orzechy arachidowe, sorgo, tak\u017ce sami wypracowali\u015bmy sk\u0142ad bouille. To co\u015b podobnego do kaszki z dodatkiem cukru. Takie bouille jest bardzo po\u017cywne i bogate w sk\u0142adniki od\u017cywcze. Ta pomoc zmienia nastawienie dzieci i pomaga w ich rozwoju. Zauwa\u017camy, \u017ce stan zdrowia dzieci polepsza si\u0119, gdy zaczyna si\u0119 rok szkolny i do\u017cywianie. Dotyczy to r\u00f3wnie\u017c podopiecznych programu <a href=\"https:\/\/www.maitri.pl\/adopcja-serca\/\" target=\"_blank\" rel=\"noopener\">Adopcja Serca<\/a>. Potrzebna jest pomoc w do\u017cywianiu 300 dzieci ze Szko\u0142y Podstawowej oraz 150 dzieci z przedszkola w Dimako.<\/p>\n<h4>Podaruj im posi\u0142ek<\/h4>\n<p>Dzieci w Kamerunie cz\u0119sto przychodz\u0105 do szko\u0142y g\u0142odne. Nie dlatego, \u017ce zapomnia\u0142y \u015bniadania. Po prostu w domu nie ma jedzenia. Niekt\u00f3re z nich przybywaj\u0105 z odleg\u0142ych wiosek. Bardzo du\u017co naszych dzieci pochodzi z bardzo biednych rodzin, gdzie najcz\u0119\u015bciej spo\u017cywaj\u0105 posi\u0142ek raz dziennie, wieczorem. Rodzic\u00f3w nie sta\u0107, aby dziecku da\u0107 co\u015b z \u017cywno\u015bci do szko\u0142y. Gdyby nie nasze do\u017cywianie, ca\u0142y dzie\u0144 siedzia\u0142y by na g\u0142odniaka. To nie sprzyja nauce i prawid\u0142owemu rozwojowi m\u0142odych organizm\u00f3w. Zdajemy sobie spraw\u0119, \u017ce dla niekt\u00f3rych dzieci ten szkolny posi\u0142ek jest g\u0142\u00f3wnym posi\u0142kiem dnia. Do\u017cywianie dzieci w szkole jest jednym z element\u00f3w sukcesu w naszych szko\u0142ach.\u00a0Wdzi\u0119czni za ten dar dla naszych szk\u00f3\u0142, ka\u017cdego dnia wyra\u017camy wdzi\u0119czno\u015b\u0107 poprzez codzienn\u0105 modlitw\u0119 za naszych Dobrodziei.<\/p>\n<p>&nbsp;<\/p>\n<h4>Kosztorys:<\/h4>\n<p><img loading=\"lazy\" decoding=\"async\" class=\"alignnone wp-image-33856 size-full\" src=\"https:\/\/www.maitri.pl\/wp-content\/uploads\/2025\/08\/159-karml.png\" alt=\"\" width=\"959\" height=\"723\" srcset=\"https:\/\/www.maitri.pl\/wp-content\/uploads\/2025\/08\/159-karml.png 959w, https:\/\/www.maitri.pl\/wp-content\/uploads\/2025\/08\/159-karml-300x226.png 300w, https:\/\/www.maitri.pl\/wp-content\/uploads\/2025\/08\/159-karml-768x579.png 768w, https:\/\/www.maitri.pl\/wp-content\/uploads\/2025\/08\/159-karml-600x452.png 600w\" sizes=\"auto, (max-width: 959px) 100vw, 959px\" \/><\/p>\n<p>&nbsp;<\/p>\n<h4><em>s. Wirgilia Bondel, <a href=\"http:\/\/www.karmelitanki.pl\/\" target=\"_blank\" rel=\"noopener noreferrer\">Zgromadzenie Si\u00f3str Karmelitanek Dzieci\u0105tka Jezus<\/a><\/em><\/h4>\n<p><strong>Podsumowanie w miejscowej walucie: 5 240 000 frank\u00f3w CFA<\/strong><\/p>\n<p>Numer projektu:\u00a0<strong>159\/KARML<\/strong><\/p>\n<p style=\"text-align: justify;\"><span style=\"color: #ff0000;\"><span style=\"font-size: large;\"><b>Kwota projektu : 8 890 \u20ac<\/b><\/span><\/span><\/p>\n<p>Kwota przekazana: 8 890 \u20ac<\/p>\n<p style=\"text-align: justify;\"><span style=\"font-size: large;\"><em><span style=\"color: #999999;\"><span style=\"font-size: medium;\">Stowarzyszenie Ruchu Maitri przeznacza do 10% otrzymanych \u015brodk\u00f3w na koszty funkcjonowania biura i pozyskiwanie funduszy pomocowych.<\/span><\/span><\/em><\/span><\/p>\n<h3 style=\"text-align: justify;\" align=\"JUSTIFY\"><span style=\"color: #808080;\">Do\u017cywianie dzieci w Kamerunie &#8211; nakarm z nami 450 uczni\u00f3w ze szko\u0142y i przedszkola w Dimako<\/span><\/h3>\n<p>&nbsp;<\/p>\n","protected":false},"excerpt":{"rendered":"<p><strong>Projekt:\u00a0<\/strong> <em>s. Wirgilia Bondel, <a href=\"http:\/\/www.karmelitanki.pl\/\" target=\"_blank\" rel=\"noopener noreferrer\">Zgromadzenie Si\u00f3str Karmelitanek Dzieci\u0105tka Jezus<\/a><\/em><br \/>\n<strong>Misja:<\/strong> Dimako, <a href=\"https:\/\/www.maitri.pl\/gdzie-pomagamy\/\" target=\"_blank\" rel=\"noopener noreferrer\">Kamerun<\/a><br \/>\n<strong>Kwota projektu: <span style=\"color: #ff0000;\">\u00a08 890 \u20ac<\/span><\/strong><\/p>\n","protected":false},"featured_media":33862,"template":"","meta":[],"product_brand":[],"product_cat":[661,674],"product_tag":[676,658,680,677],"class_list":{"0":"post-33855","1":"product","2":"type-product","3":"status-publish","4":"has-post-thumbnail","6":"product_cat-dozywianie","7":"product_cat-projekty-zrealizowane-w-biezacym-roku","8":"product_tag-dozywianie","9":"product_tag-kamerun","10":"product_tag-siostra-wirgilia-bondel","11":"product_tag-zgromadzenie-siostr-karmelitanek-dzieciatka-jezus","13":"first","14":"instock","15":"virtual","16":"purchasable","17":"product-type-simple"},"yoast_head":"<!-- This site is optimized with the Yoast SEO plugin v27.2 - https:\/\/yoast.com\/product\/yoast-seo-wordpress\/ -->\n<title>Do\u017cywianie dzieci w Kamerunie. Nakarm z nami 450 uczni\u00f3w<\/title>\n<meta name=\"description\" content=\"Do\u017cywianie dzieci w Kamerunie. Nakarm z nami 300 uczni\u00f3w podstaw\u00f3wki i 150 przedszkolak\u00f3w z Dimako. O pomoc prosz\u0105 Siostry Karmelitanki.\" \/>\n<meta name=\"robots\" content=\"index, follow, max-snippet:-1, max-image-preview:large, max-video-preview:-1\" \/>\n<link rel=\"canonical\" href=\"https:\/\/www.maitri.pl\/projekt\/dozywianie-dzieci-dimako\/\" \/>\n<meta property=\"og:locale\" content=\"fr_FR\" \/>\n<meta property=\"og:type\" content=\"article\" \/>\n<meta property=\"og:title\" content=\"Do\u017cywianie dzieci w Kamerunie. Nakarm z nami 450 uczni\u00f3w\" \/>\n<meta property=\"og:description\" content=\"Do\u017cywianie dzieci w Kamerunie. Nakarm z nami 300 uczni\u00f3w podstaw\u00f3wki i 150 przedszkolak\u00f3w z Dimako. O pomoc prosz\u0105 Siostry Karmelitanki.\" \/>\n<meta property=\"og:url\" content=\"https:\/\/www.maitri.pl\/projekt\/dozywianie-dzieci-dimako\/\" \/>\n<meta property=\"og:site_name\" content=\"Ruch Maitri - Adopcja Serca pomoc Afryce\" \/>\n<meta property=\"article:publisher\" content=\"https:\/\/www.facebook.com\/MAITRI.Adopcja.Serca.dzieci.Afryki\/\" \/>\n<meta property=\"article:modified_time\" content=\"2025-11-18T10:36:23+00:00\" \/>\n<meta property=\"og:image\" content=\"https:\/\/www.maitri.pl\/wp-content\/uploads\/2025\/08\/159-karml-2.jpg\" \/>\n\t<meta property=\"og:image:width\" content=\"1020\" \/>\n\t<meta property=\"og:image:height\" content=\"765\" \/>\n\t<meta property=\"og:image:type\" content=\"image\/jpeg\" \/>\n<meta name=\"twitter:card\" content=\"summary_large_image\" \/>\n<meta name=\"twitter:label1\" content=\"Dur\u00e9e de lecture estim\u00e9e\" \/>\n\t<meta name=\"twitter:data1\" content=\"3 minutes\" \/>\n<script type=\"application\/ld+json\" class=\"yoast-schema-graph\">{\"@context\":\"https:\/\/schema.org\",\"@graph\":[{\"@type\":\"WebPage\",\"@id\":\"https:\/\/www.maitri.pl\/projekt\/dozywianie-dzieci-dimako\/\",\"url\":\"https:\/\/www.maitri.pl\/projekt\/dozywianie-dzieci-dimako\/\",\"name\":\"Do\u017cywianie dzieci w Kamerunie. Nakarm z nami 450 uczni\u00f3w\",\"isPartOf\":{\"@id\":\"https:\/\/www.maitri.pl\/#website\"},\"primaryImageOfPage\":{\"@id\":\"https:\/\/www.maitri.pl\/projekt\/dozywianie-dzieci-dimako\/#primaryimage\"},\"image\":{\"@id\":\"https:\/\/www.maitri.pl\/projekt\/dozywianie-dzieci-dimako\/#primaryimage\"},\"thumbnailUrl\":\"https:\/\/www.maitri.pl\/wp-content\/uploads\/2025\/08\/159-karml-2.jpg\",\"datePublished\":\"2025-08-14T13:58:45+00:00\",\"dateModified\":\"2025-11-18T10:36:23+00:00\",\"description\":\"Do\u017cywianie dzieci w Kamerunie. Nakarm z nami 300 uczni\u00f3w podstaw\u00f3wki i 150 przedszkolak\u00f3w z Dimako. O pomoc prosz\u0105 Siostry Karmelitanki.\",\"breadcrumb\":{\"@id\":\"https:\/\/www.maitri.pl\/projekt\/dozywianie-dzieci-dimako\/#breadcrumb\"},\"inLanguage\":\"fr-FR\",\"potentialAction\":[{\"@type\":\"ReadAction\",\"target\":[\"https:\/\/www.maitri.pl\/projekt\/dozywianie-dzieci-dimako\/\"]}]},{\"@type\":\"ImageObject\",\"inLanguage\":\"fr-FR\",\"@id\":\"https:\/\/www.maitri.pl\/projekt\/dozywianie-dzieci-dimako\/#primaryimage\",\"url\":\"https:\/\/www.maitri.pl\/wp-content\/uploads\/2025\/08\/159-karml-2.jpg\",\"contentUrl\":\"https:\/\/www.maitri.pl\/wp-content\/uploads\/2025\/08\/159-karml-2.jpg\",\"width\":1020,\"height\":765,\"caption\":\"Do\u017cywianie dzieci w Kamerunie - nakarm z nami 450 podopiecznych z Dimako pomoc Afryce pomoc ubogim Adopcja Serca Adopcja duchowa ja\u0142mu\u017cna Siostry Karmelitanki 02\"},{\"@type\":\"BreadcrumbList\",\"@id\":\"https:\/\/www.maitri.pl\/projekt\/dozywianie-dzieci-dimako\/#breadcrumb\",\"itemListElement\":[{\"@type\":\"ListItem\",\"position\":1,\"name\":\"Strona g\u0142\u00f3wna\",\"item\":\"https:\/\/www.maitri.pl\/\"},{\"@type\":\"ListItem\",\"position\":2,\"name\":\"Sklep\",\"item\":\"https:\/\/www.maitri.pl\/sklep\/\"},{\"@type\":\"ListItem\",\"position\":3,\"name\":\"Do\u017cywianie dzieci w Kamerunie &#8211; nakarm z nami 450 uczni\u00f3w z Dimako\"}]},{\"@type\":\"WebSite\",\"@id\":\"https:\/\/www.maitri.pl\/#website\",\"url\":\"https:\/\/www.maitri.pl\/\",\"name\":\"Adopcja Serca Maitri \u2013 pomoc dzieciom w Afryce\",\"description\":\"Adopcja Serca \u2013 adopcja na odleg\u0142o\u015b\u0107, pomoc Afryce, do\u017cywianie i edukacja w Afryce\",\"publisher\":{\"@id\":\"https:\/\/www.maitri.pl\/#organization\"},\"potentialAction\":[{\"@type\":\"SearchAction\",\"target\":{\"@type\":\"EntryPoint\",\"urlTemplate\":\"https:\/\/www.maitri.pl\/?s={search_term_string}\"},\"query-input\":{\"@type\":\"PropertyValueSpecification\",\"valueRequired\":true,\"valueName\":\"search_term_string\"}}],\"inLanguage\":\"fr-FR\"},{\"@type\":\"Organization\",\"@id\":\"https:\/\/www.maitri.pl\/#organization\",\"name\":\"Stowarzyszenie Ruchu Maitri\",\"url\":\"https:\/\/www.maitri.pl\/\",\"logo\":{\"@type\":\"ImageObject\",\"inLanguage\":\"fr-FR\",\"@id\":\"https:\/\/www.maitri.pl\/#\/schema\/logo\/image\/\",\"url\":\"https:\/\/www.maitri.pl\/wp-content\/uploads\/2020\/04\/duze_logo-81.png\",\"contentUrl\":\"https:\/\/www.maitri.pl\/wp-content\/uploads\/2020\/04\/duze_logo-81.png\",\"width\":339,\"height\":321,\"caption\":\"Stowarzyszenie Ruchu Maitri\"},\"image\":{\"@id\":\"https:\/\/www.maitri.pl\/#\/schema\/logo\/image\/\"},\"sameAs\":[\"https:\/\/www.facebook.com\/MAITRI.Adopcja.Serca.dzieci.Afryki\/\"]}]}<\/script>\n<!-- \/ Yoast SEO plugin. -->","yoast_head_json":{"title":"Do\u017cywianie dzieci w Kamerunie. Nakarm z nami 450 uczni\u00f3w","description":"Do\u017cywianie dzieci w Kamerunie. Nakarm z nami 300 uczni\u00f3w podstaw\u00f3wki i 150 przedszkolak\u00f3w z Dimako. O pomoc prosz\u0105 Siostry Karmelitanki.","robots":{"index":"index","follow":"follow","max-snippet":"max-snippet:-1","max-image-preview":"max-image-preview:large","max-video-preview":"max-video-preview:-1"},"canonical":"https:\/\/www.maitri.pl\/projekt\/dozywianie-dzieci-dimako\/","og_locale":"fr_FR","og_type":"article","og_title":"Do\u017cywianie dzieci w Kamerunie. Nakarm z nami 450 uczni\u00f3w","og_description":"Do\u017cywianie dzieci w Kamerunie. Nakarm z nami 300 uczni\u00f3w podstaw\u00f3wki i 150 przedszkolak\u00f3w z Dimako. O pomoc prosz\u0105 Siostry Karmelitanki.","og_url":"https:\/\/www.maitri.pl\/projekt\/dozywianie-dzieci-dimako\/","og_site_name":"Ruch Maitri - Adopcja Serca pomoc Afryce","article_publisher":"https:\/\/www.facebook.com\/MAITRI.Adopcja.Serca.dzieci.Afryki\/","article_modified_time":"2025-11-18T10:36:23+00:00","og_image":[{"width":1020,"height":765,"url":"https:\/\/www.maitri.pl\/wp-content\/uploads\/2025\/08\/159-karml-2.jpg","type":"image\/jpeg"}],"twitter_card":"summary_large_image","twitter_misc":{"Dur\u00e9e de lecture estim\u00e9e":"3 minutes"},"schema":{"@context":"https:\/\/schema.org","@graph":[{"@type":"WebPage","@id":"https:\/\/www.maitri.pl\/projekt\/dozywianie-dzieci-dimako\/","url":"https:\/\/www.maitri.pl\/projekt\/dozywianie-dzieci-dimako\/","name":"Do\u017cywianie dzieci w Kamerunie. Nakarm z nami 450 uczni\u00f3w","isPartOf":{"@id":"https:\/\/www.maitri.pl\/#website"},"primaryImageOfPage":{"@id":"https:\/\/www.maitri.pl\/projekt\/dozywianie-dzieci-dimako\/#primaryimage"},"image":{"@id":"https:\/\/www.maitri.pl\/projekt\/dozywianie-dzieci-dimako\/#primaryimage"},"thumbnailUrl":"https:\/\/www.maitri.pl\/wp-content\/uploads\/2025\/08\/159-karml-2.jpg","datePublished":"2025-08-14T13:58:45+00:00","dateModified":"2025-11-18T10:36:23+00:00","description":"Do\u017cywianie dzieci w Kamerunie. Nakarm z nami 300 uczni\u00f3w podstaw\u00f3wki i 150 przedszkolak\u00f3w z Dimako. O pomoc prosz\u0105 Siostry Karmelitanki.","breadcrumb":{"@id":"https:\/\/www.maitri.pl\/projekt\/dozywianie-dzieci-dimako\/#breadcrumb"},"inLanguage":"fr-FR","potentialAction":[{"@type":"ReadAction","target":["https:\/\/www.maitri.pl\/projekt\/dozywianie-dzieci-dimako\/"]}]},{"@type":"ImageObject","inLanguage":"fr-FR","@id":"https:\/\/www.maitri.pl\/projekt\/dozywianie-dzieci-dimako\/#primaryimage","url":"https:\/\/www.maitri.pl\/wp-content\/uploads\/2025\/08\/159-karml-2.jpg","contentUrl":"https:\/\/www.maitri.pl\/wp-content\/uploads\/2025\/08\/159-karml-2.jpg","width":1020,"height":765,"caption":"Do\u017cywianie dzieci w Kamerunie - nakarm z nami 450 podopiecznych z Dimako pomoc Afryce pomoc ubogim Adopcja Serca Adopcja duchowa ja\u0142mu\u017cna Siostry Karmelitanki 02"},{"@type":"BreadcrumbList","@id":"https:\/\/www.maitri.pl\/projekt\/dozywianie-dzieci-dimako\/#breadcrumb","itemListElement":[{"@type":"ListItem","position":1,"name":"Strona g\u0142\u00f3wna","item":"https:\/\/www.maitri.pl\/"},{"@type":"ListItem","position":2,"name":"Sklep","item":"https:\/\/www.maitri.pl\/sklep\/"},{"@type":"ListItem","position":3,"name":"Do\u017cywianie dzieci w Kamerunie &#8211; nakarm z nami 450 uczni\u00f3w z Dimako"}]},{"@type":"WebSite","@id":"https:\/\/www.maitri.pl\/#website","url":"https:\/\/www.maitri.pl\/","name":"Adopcja Serca Maitri \u2013 pomoc dzieciom w Afryce","description":"Adopcja Serca \u2013 adopcja na odleg\u0142o\u015b\u0107, pomoc Afryce, do\u017cywianie i edukacja w Afryce","publisher":{"@id":"https:\/\/www.maitri.pl\/#organization"},"potentialAction":[{"@type":"SearchAction","target":{"@type":"EntryPoint","urlTemplate":"https:\/\/www.maitri.pl\/?s={search_term_string}"},"query-input":{"@type":"PropertyValueSpecification","valueRequired":true,"valueName":"search_term_string"}}],"inLanguage":"fr-FR"},{"@type":"Organization","@id":"https:\/\/www.maitri.pl\/#organization","name":"Stowarzyszenie Ruchu Maitri","url":"https:\/\/www.maitri.pl\/","logo":{"@type":"ImageObject","inLanguage":"fr-FR","@id":"https:\/\/www.maitri.pl\/#\/schema\/logo\/image\/","url":"https:\/\/www.maitri.pl\/wp-content\/uploads\/2020\/04\/duze_logo-81.png","contentUrl":"https:\/\/www.maitri.pl\/wp-content\/uploads\/2020\/04\/duze_logo-81.png","width":339,"height":321,"caption":"Stowarzyszenie Ruchu Maitri"},"image":{"@id":"https:\/\/www.maitri.pl\/#\/schema\/logo\/image\/"},"sameAs":["https:\/\/www.facebook.com\/MAITRI.Adopcja.Serca.dzieci.Afryki\/"]}]}},"_links":{"self":[{"href":"https:\/\/www.maitri.pl\/fr\/wp-json\/wp\/v2\/product\/33855","targetHints":{"allow":["GET"]}}],"collection":[{"href":"https:\/\/www.maitri.pl\/fr\/wp-json\/wp\/v2\/product"}],"about":[{"href":"https:\/\/www.maitri.pl\/fr\/wp-json\/wp\/v2\/types\/product"}],"wp:featuredmedia":[{"embeddable":true,"href":"https:\/\/www.maitri.pl\/fr\/wp-json\/wp\/v2\/media\/33862"}],"wp:attachment":[{"href":"https:\/\/www.maitri.pl\/fr\/wp-json\/wp\/v2\/media?parent=33855"}],"wp:term":[{"taxonomy":"product_brand","embeddable":true,"href":"https:\/\/www.maitri.pl\/fr\/wp-json\/wp\/v2\/product_brand?post=33855"},{"taxonomy":"product_cat","embeddable":true,"href":"https:\/\/www.maitri.pl\/fr\/wp-json\/wp\/v2\/product_cat?post=33855"},{"taxonomy":"product_tag","embeddable":true,"href":"https:\/\/www.maitri.pl\/fr\/wp-json\/wp\/v2\/product_tag?post=33855"}],"curies":[{"name":"wp","href":"https:\/\/api.w.org\/{rel}","templated":true}]}}