{"id":33593,"date":"2025-07-22T11:24:07","date_gmt":"2025-07-22T09:24:07","guid":{"rendered":"https:\/\/www.maitri.pl\/?post_type=product&#038;p=33593"},"modified":"2026-03-11T11:52:51","modified_gmt":"2026-03-11T10:52:51","slug":"dozywianie-abong-mbang","status":"publish","type":"product","link":"https:\/\/www.maitri.pl\/fr\/projekt\/dozywianie-abong-mbang\/","title":{"rendered":"Do\u017cywianie 600 dzieci ze Szko\u0142y Podstawowej i przedszkola w Abong-Mbang"},"content":{"rendered":"<h4>Dzieci jedz\u0105 tylko w szkole<\/h4>\n<p>Z ogromn\u0105 wdzi\u0119czno\u015bci\u0105, ale te\u017c nadziej\u0105, zwracamy si\u0119 z pro\u015bb\u0105 o kontynuacj\u0119 wsparcia programu do\u017cywiania dzieci w Szkole Podstawowej \u015bw. Aloys i Przedszkolu w Abong Mbang, w Kamerunie. Ju\u017c od 14 lat, dzi\u0119ki Waszemu sercu i hojno\u015bci, oko\u0142o 600 dzieci ka\u017cdego dnia otrzymuje ciep\u0142y posi\u0142ek, kt\u00f3ry cz\u0119sto bywa jedynym w ci\u0105gu ca\u0142ej doby. Na zmian\u0119 kupujemy ry\u017c z fasol\u0105, ryby, a czasem \u2014 je\u015bli pozwala bud\u017cet \u2014 chleb z czekolad\u0105, mleko (cho\u0107 rzadko, bo jest bardzo drogie), olej i inne niezb\u0119dne produkty. Ten prosty posi\u0142ek ma ogromn\u0105 warto\u015b\u0107 \u2013 to nie tylko jedzenie, to szansa na zdrowie, rozw\u00f3j i edukacj\u0119. Dzieci, kt\u00f3re maj\u0105 co zje\u015b\u0107, nie mdlej\u0105 z g\u0142odu podczas lekcji, rzadziej choruj\u0105, lepiej si\u0119 ucz\u0105 i przede wszystkim \u2013 chc\u0105 chodzi\u0107 do szko\u0142y. Dla wielu dzieci jest to jedyny posi\u0142ek w ci\u0105gu dnia, pomimo \u017ce szko\u0142a znajduje si\u0119 w miasteczku. Dlatego do\u017cywianie naszych uczni\u00f3w jest tak wa\u017cne.<\/p>\n<h4>Jedzenie przyci\u0105ga do nauki<\/h4>\n<p data-start=\"991\" data-end=\"1345\">Dla wielu z nich to w\u0142a\u015bnie szko\u0142a jest bezpieczn\u0105 przystani\u0105 \u2013 miejscem, gdzie mog\u0105 na chwil\u0119 zapomnie\u0107 o niedostatku, a poczu\u0107 si\u0119 po prostu dzie\u0107mi. Cho\u0107 szko\u0142a znajduje si\u0119 w miasteczku, wi\u0119kszo\u015b\u0107 uczni\u00f3w pochodzi z okolicznych wiosek, gdzie nie ma katolickich plac\u00f3wek edukacyjnych, a poziom nauczania w publicznych szko\u0142ach jest dramatycznie niski. Czasem\u00a0 pojawia\u0142y si\u0119 przypadki ucieczki dzieci ze szko\u0142y, aby poszuka\u0107 co\u015b do zjedzenia. Dlatego wp\u0142yw programu do\u017cywiania jest widoczny go\u0142ym okiem \u2013 liczba uczni\u00f3w wzros\u0142a z 140 do 450 w szkole podstawowej i do 150 w przedszkolu. Wierzymy, \u017ce od wrze\u015bnia 2025 roku ta liczba jeszcze si\u0119 zwi\u0119kszy. Dzi\u0119ki codziennemu posi\u0142kowi dzieci przestaj\u0105 ucieka\u0107 z lekcji w poszukiwaniu czegokolwiek do jedzenia. Zamiast tego zostaj\u0105 w klasie \u2013 ucz\u0105 si\u0119, rozwijaj\u0105, rosn\u0105 w si\u0142\u0119. Dzi\u0119ki temu, \u017ce dzieci otrzymuj\u0105 posi\u0142ek w szkole, mo\u017cemy zapobiec przem\u0119czeniu w trakcie godzin nauki.<\/p>\n<h4 data-start=\"991\" data-end=\"1345\">Realna szansa na lepsze jutro<\/h4>\n<p data-start=\"1721\" data-end=\"1969\">Przez te wszystkie lata obserwujemy, jak regularne do\u017cywianie zmienia \u017cycie \u2013 nie tylko dzieci, ale ca\u0142ych rodzin. Rodzice zaczynaj\u0105 wierzy\u0107, \u017ce edukacja to realna szansa na lepsze jutro. Wzrasta ich zaufanie do szko\u0142y i zaanga\u017cowanie w jej rozw\u00f3j. W\u015br\u00f3d nich s\u0105 podopieczni programu <a href=\"https:\/\/www.maitri.pl\/adopcja-serca\/\" target=\"_blank\" rel=\"noopener\">Adopcja Serca<\/a>. Wzros\u0142o te\u017c poczucie warto\u015bci w\u015br\u00f3d nauczycieli \u2013 r\u00f3wnie\u017c oni otrzymuj\u0105 od nas skromny posi\u0142ek (talerz ry\u017cu lub kubek mleka) za symboliczn\u0105 op\u0142at\u0105, co ma ogromny wp\u0142yw na ich codzienne funkcjonowanie i zaanga\u017cowanie w prac\u0119.<\/p>\n<h4 data-start=\"1721\" data-end=\"1969\">Najlepsza szko\u0142a w regionie<\/h4>\n<p data-start=\"2198\" data-end=\"2456\">\u00a0Wzrost poziomu nauczania zmieni\u0142 obraz i renom\u0119 naszej szko\u0142y. Dzi\u0119ki wsp\u00f3lnemu wysi\u0142kowi osi\u0105gn\u0119li\u015bmy co\u015b niesamowitego. Od kilku lat jeste\u015bmy jedn\u0105 z najlepszych szk\u00f3\u0142 w miasteczku, jak r\u00f3wnie\u017c w diecezji. Wszyscy uczniowie zdali egzaminy wst\u0119pne do szk\u00f3\u0142 \u015brednich i taki samo 100% zda\u0142o egzamin uko\u0144czenia Szko\u0142y Podstawowej.\u00a0 To du\u017cy sukces. Do\u017cywianie sprawia, \u017ce nie tylko dzieci s\u0105 mniej zm\u0119czone, ale r\u00f3wnie\u017c\u00a0 nauczyciele, bo i tym przy okazji ofiarujemy talerz ry\u017cu b\u0105d\u017a kubek mleka za niewielk\u0105 op\u0142at\u0105 (1500 frank\u00f3w CFA).<\/p>\n<h4 data-start=\"2198\" data-end=\"2456\">Podaruj im normalne dzieci\u0144stwo<\/h4>\n<p data-start=\"2198\" data-end=\"2456\">Ten sukces jest Waszym udzia\u0142em. Dzieci, kt\u00f3re kiedy\u015b pracowa\u0142y, by zdoby\u0107 kilka cent\u00f3w na lokalne p\u0105czki, dzi\u015b sp\u0119dzaj\u0105 czas nad ksi\u0105\u017ckami. Chc\u0105 si\u0119 uczy\u0107. Marz\u0105. Przestaj\u0105 by\u0107 g\u0142odne \u2013 i cia\u0142em, i duchem.\u00a0Z ca\u0142ego serca prosimy o wsparcie projektu na kolejny rok szkolny: wrzesie\u0144 2025 \u2013 sierpie\u0144 2026. Niech ta misja trwa. Niech te dzieci nadal maj\u0105 si\u0142\u0119 \u017cy\u0107, uczy\u0107 si\u0119 i \u015bni\u0107 o lepszym \u015bwiecie.<\/p>\n<p>Realizacja projektu przewidziana jest w okresie wrzesie\u0144 2025 \u2013 sierpie\u0144 2026.<\/p>\n<h4>Kosztorys:<\/h4>\n<p><img loading=\"lazy\" decoding=\"async\" class=\"alignnone wp-image-33594 size-full\" src=\"https:\/\/www.maitri.pl\/wp-content\/uploads\/2025\/07\/168-chrys.png\" alt=\"\" width=\"947\" height=\"403\" srcset=\"https:\/\/www.maitri.pl\/wp-content\/uploads\/2025\/07\/168-chrys.png 947w, https:\/\/www.maitri.pl\/wp-content\/uploads\/2025\/07\/168-chrys-300x128.png 300w, https:\/\/www.maitri.pl\/wp-content\/uploads\/2025\/07\/168-chrys-768x327.png 768w, https:\/\/www.maitri.pl\/wp-content\/uploads\/2025\/07\/168-chrys-600x255.png 600w\" sizes=\"auto, (max-width: 947px) 100vw, 947px\" \/><\/p>\n<p><em style=\"font-size: 16px;\">s. Alicja Adamska, <a href=\"http:\/\/duszajezusa.pl\/\" target=\"_blank\" rel=\"noopener noreferrer\">Zgromadzenie Si\u00f3str Naj\u015bwi\u0119tszej Duszy Chrystusa Pana<\/a><\/em><\/p>\n<p style=\"text-align: justify;\" align=\"JUSTIFY\"><span style=\"color: #ff0000;\"><span style=\"font-size: large;\"><b>Kwota projektu: 41 929 z\u0142<br \/>\n<\/b><\/span><\/span><\/p>\n<p align=\"JUSTIFY\">Zbi\u00f3rka zako\u0144czona. Kwota przekazana: 100%<\/p>\n<p style=\"text-align: justify;\"><strong>Numer projektu: 168\/CHRYS <\/strong><\/p>\n<h3 style=\"text-align: justify;\" align=\"JUSTIFY\"><span style=\"color: #808080;\">Do\u017cywianie 600 dzieci ze Szko\u0142y Podstawowej i przedszkola w Abong-Mbang w Kamerunie<\/span><\/h3>\n<p>&nbsp;<\/p>\n","protected":false},"excerpt":{"rendered":"<p><strong>Projekt: <\/strong><em>s. Alicja Adamska, <a href=\"http:\/\/duszajezusa.pl\/\" target=\"_blank\" rel=\"noopener noreferrer\">Zgromadzenie Si\u00f3str Naj\u015bwi\u0119tszej Duszy Chrystusa Pana<\/a><\/em><br \/>\n<strong>Misja:<\/strong> Abong Mbang, <a href=\"https:\/\/www.maitri.pl\/gdzie-pomagamy\/\" target=\"_blank\" rel=\"noopener noreferrer\">Kamerun<\/a><br \/>\n<strong>Kwota projektu: <span style=\"color: #ff0000;\">41 929 z\u0142<\/span><\/strong><\/p>\n","protected":false},"featured_media":33600,"template":"","meta":[],"product_brand":[],"product_cat":[661,674],"product_tag":[676,658,659,660],"class_list":{"0":"post-33593","1":"product","2":"type-product","3":"status-publish","4":"has-post-thumbnail","6":"product_cat-dozywianie","7":"product_cat-projekty-zrealizowane-w-biezacym-roku","8":"product_tag-dozywianie","9":"product_tag-kamerun","10":"product_tag-siostra-alicja-adamska","11":"product_tag-zgromadzenie-siostr-najswietszej-duszy-chrystusa-pana","13":"first","14":"instock","15":"virtual","16":"purchasable","17":"product-type-simple"},"yoast_head":"<!-- This site is optimized with the Yoast SEO plugin v27.2 - https:\/\/yoast.com\/product\/yoast-seo-wordpress\/ -->\n<title>Do\u017cywianie 600 dzieci ze szko\u0142y i przedszkola w Abong-Mbang<\/title>\n<meta name=\"description\" content=\"Do\u017cywianie 600 dzieci ze Szko\u0142y Podstawowej i przedszkola w Abong-Mbang. O wsparcie prosz\u0105 Siostry Duszy Chrystusowej. Pom\u00f3\u017c nakarmi\u0107 uczni\u00f3w!\" \/>\n<meta name=\"robots\" content=\"index, follow, max-snippet:-1, max-image-preview:large, max-video-preview:-1\" \/>\n<link rel=\"canonical\" href=\"https:\/\/www.maitri.pl\/projekt\/dozywianie-abong-mbang\/\" \/>\n<meta property=\"og:locale\" content=\"fr_FR\" \/>\n<meta property=\"og:type\" content=\"article\" \/>\n<meta property=\"og:title\" content=\"Do\u017cywianie 600 dzieci ze szko\u0142y i przedszkola w Abong-Mbang\" \/>\n<meta property=\"og:description\" content=\"Do\u017cywianie 600 dzieci ze Szko\u0142y Podstawowej i przedszkola w Abong-Mbang. O wsparcie prosz\u0105 Siostry Duszy Chrystusowej. Pom\u00f3\u017c nakarmi\u0107 uczni\u00f3w!\" \/>\n<meta property=\"og:url\" content=\"https:\/\/www.maitri.pl\/projekt\/dozywianie-abong-mbang\/\" \/>\n<meta property=\"og:site_name\" content=\"Ruch Maitri - Adopcja Serca pomoc Afryce\" \/>\n<meta property=\"article:publisher\" content=\"https:\/\/www.facebook.com\/MAITRI.Adopcja.Serca.dzieci.Afryki\/\" \/>\n<meta property=\"article:modified_time\" content=\"2026-03-11T10:52:51+00:00\" \/>\n<meta property=\"og:image\" content=\"https:\/\/www.maitri.pl\/wp-content\/uploads\/2025\/07\/168-chrys-2.jpg\" \/>\n\t<meta property=\"og:image:width\" content=\"800\" \/>\n\t<meta property=\"og:image:height\" content=\"600\" \/>\n\t<meta property=\"og:image:type\" content=\"image\/jpeg\" \/>\n<meta name=\"twitter:card\" content=\"summary_large_image\" \/>\n<meta name=\"twitter:label1\" content=\"Dur\u00e9e de lecture estim\u00e9e\" \/>\n\t<meta name=\"twitter:data1\" content=\"4 minutes\" \/>\n<script type=\"application\/ld+json\" class=\"yoast-schema-graph\">{\"@context\":\"https:\/\/schema.org\",\"@graph\":[{\"@type\":\"WebPage\",\"@id\":\"https:\/\/www.maitri.pl\/projekt\/dozywianie-abong-mbang\/\",\"url\":\"https:\/\/www.maitri.pl\/projekt\/dozywianie-abong-mbang\/\",\"name\":\"Do\u017cywianie 600 dzieci ze szko\u0142y i przedszkola w Abong-Mbang\",\"isPartOf\":{\"@id\":\"https:\/\/www.maitri.pl\/#website\"},\"primaryImageOfPage\":{\"@id\":\"https:\/\/www.maitri.pl\/projekt\/dozywianie-abong-mbang\/#primaryimage\"},\"image\":{\"@id\":\"https:\/\/www.maitri.pl\/projekt\/dozywianie-abong-mbang\/#primaryimage\"},\"thumbnailUrl\":\"https:\/\/www.maitri.pl\/wp-content\/uploads\/2025\/07\/168-chrys-2.jpg\",\"datePublished\":\"2025-07-22T09:24:07+00:00\",\"dateModified\":\"2026-03-11T10:52:51+00:00\",\"description\":\"Do\u017cywianie 600 dzieci ze Szko\u0142y Podstawowej i przedszkola w Abong-Mbang. O wsparcie prosz\u0105 Siostry Duszy Chrystusowej. Pom\u00f3\u017c nakarmi\u0107 uczni\u00f3w!\",\"breadcrumb\":{\"@id\":\"https:\/\/www.maitri.pl\/projekt\/dozywianie-abong-mbang\/#breadcrumb\"},\"inLanguage\":\"fr-FR\",\"potentialAction\":[{\"@type\":\"ReadAction\",\"target\":[\"https:\/\/www.maitri.pl\/projekt\/dozywianie-abong-mbang\/\"]}]},{\"@type\":\"ImageObject\",\"inLanguage\":\"fr-FR\",\"@id\":\"https:\/\/www.maitri.pl\/projekt\/dozywianie-abong-mbang\/#primaryimage\",\"url\":\"https:\/\/www.maitri.pl\/wp-content\/uploads\/2025\/07\/168-chrys-2.jpg\",\"contentUrl\":\"https:\/\/www.maitri.pl\/wp-content\/uploads\/2025\/07\/168-chrys-2.jpg\",\"width\":800,\"height\":600,\"caption\":\"Do\u017cywianie 600 dzieci ze Szko\u0142y Podstawowej i przedszkola w Abong-Mbang Adopcja Serca Adopcja Duchowa pomoc Afryce pomoc ubogim do\u017cywianie dzieci Kamerun dobroczynno\u015b\u0107 ja\u0142mu\u017cna 02\"},{\"@type\":\"BreadcrumbList\",\"@id\":\"https:\/\/www.maitri.pl\/projekt\/dozywianie-abong-mbang\/#breadcrumb\",\"itemListElement\":[{\"@type\":\"ListItem\",\"position\":1,\"name\":\"Strona g\u0142\u00f3wna\",\"item\":\"https:\/\/www.maitri.pl\/\"},{\"@type\":\"ListItem\",\"position\":2,\"name\":\"Sklep\",\"item\":\"https:\/\/www.maitri.pl\/sklep\/\"},{\"@type\":\"ListItem\",\"position\":3,\"name\":\"Do\u017cywianie 600 dzieci ze Szko\u0142y Podstawowej i przedszkola w Abong-Mbang\"}]},{\"@type\":\"WebSite\",\"@id\":\"https:\/\/www.maitri.pl\/#website\",\"url\":\"https:\/\/www.maitri.pl\/\",\"name\":\"Adopcja Serca Maitri \u2013 pomoc dzieciom w Afryce\",\"description\":\"Adopcja Serca \u2013 adopcja na odleg\u0142o\u015b\u0107, pomoc Afryce, do\u017cywianie i edukacja w Afryce\",\"publisher\":{\"@id\":\"https:\/\/www.maitri.pl\/#organization\"},\"potentialAction\":[{\"@type\":\"SearchAction\",\"target\":{\"@type\":\"EntryPoint\",\"urlTemplate\":\"https:\/\/www.maitri.pl\/?s={search_term_string}\"},\"query-input\":{\"@type\":\"PropertyValueSpecification\",\"valueRequired\":true,\"valueName\":\"search_term_string\"}}],\"inLanguage\":\"fr-FR\"},{\"@type\":\"Organization\",\"@id\":\"https:\/\/www.maitri.pl\/#organization\",\"name\":\"Stowarzyszenie Ruchu Maitri\",\"url\":\"https:\/\/www.maitri.pl\/\",\"logo\":{\"@type\":\"ImageObject\",\"inLanguage\":\"fr-FR\",\"@id\":\"https:\/\/www.maitri.pl\/#\/schema\/logo\/image\/\",\"url\":\"https:\/\/www.maitri.pl\/wp-content\/uploads\/2020\/04\/duze_logo-81.png\",\"contentUrl\":\"https:\/\/www.maitri.pl\/wp-content\/uploads\/2020\/04\/duze_logo-81.png\",\"width\":339,\"height\":321,\"caption\":\"Stowarzyszenie Ruchu Maitri\"},\"image\":{\"@id\":\"https:\/\/www.maitri.pl\/#\/schema\/logo\/image\/\"},\"sameAs\":[\"https:\/\/www.facebook.com\/MAITRI.Adopcja.Serca.dzieci.Afryki\/\"]}]}<\/script>\n<!-- \/ Yoast SEO plugin. -->","yoast_head_json":{"title":"Do\u017cywianie 600 dzieci ze szko\u0142y i przedszkola w Abong-Mbang","description":"Do\u017cywianie 600 dzieci ze Szko\u0142y Podstawowej i przedszkola w Abong-Mbang. O wsparcie prosz\u0105 Siostry Duszy Chrystusowej. Pom\u00f3\u017c nakarmi\u0107 uczni\u00f3w!","robots":{"index":"index","follow":"follow","max-snippet":"max-snippet:-1","max-image-preview":"max-image-preview:large","max-video-preview":"max-video-preview:-1"},"canonical":"https:\/\/www.maitri.pl\/projekt\/dozywianie-abong-mbang\/","og_locale":"fr_FR","og_type":"article","og_title":"Do\u017cywianie 600 dzieci ze szko\u0142y i przedszkola w Abong-Mbang","og_description":"Do\u017cywianie 600 dzieci ze Szko\u0142y Podstawowej i przedszkola w Abong-Mbang. O wsparcie prosz\u0105 Siostry Duszy Chrystusowej. Pom\u00f3\u017c nakarmi\u0107 uczni\u00f3w!","og_url":"https:\/\/www.maitri.pl\/projekt\/dozywianie-abong-mbang\/","og_site_name":"Ruch Maitri - Adopcja Serca pomoc Afryce","article_publisher":"https:\/\/www.facebook.com\/MAITRI.Adopcja.Serca.dzieci.Afryki\/","article_modified_time":"2026-03-11T10:52:51+00:00","og_image":[{"width":800,"height":600,"url":"https:\/\/www.maitri.pl\/wp-content\/uploads\/2025\/07\/168-chrys-2.jpg","type":"image\/jpeg"}],"twitter_card":"summary_large_image","twitter_misc":{"Dur\u00e9e de lecture estim\u00e9e":"4 minutes"},"schema":{"@context":"https:\/\/schema.org","@graph":[{"@type":"WebPage","@id":"https:\/\/www.maitri.pl\/projekt\/dozywianie-abong-mbang\/","url":"https:\/\/www.maitri.pl\/projekt\/dozywianie-abong-mbang\/","name":"Do\u017cywianie 600 dzieci ze szko\u0142y i przedszkola w Abong-Mbang","isPartOf":{"@id":"https:\/\/www.maitri.pl\/#website"},"primaryImageOfPage":{"@id":"https:\/\/www.maitri.pl\/projekt\/dozywianie-abong-mbang\/#primaryimage"},"image":{"@id":"https:\/\/www.maitri.pl\/projekt\/dozywianie-abong-mbang\/#primaryimage"},"thumbnailUrl":"https:\/\/www.maitri.pl\/wp-content\/uploads\/2025\/07\/168-chrys-2.jpg","datePublished":"2025-07-22T09:24:07+00:00","dateModified":"2026-03-11T10:52:51+00:00","description":"Do\u017cywianie 600 dzieci ze Szko\u0142y Podstawowej i przedszkola w Abong-Mbang. O wsparcie prosz\u0105 Siostry Duszy Chrystusowej. Pom\u00f3\u017c nakarmi\u0107 uczni\u00f3w!","breadcrumb":{"@id":"https:\/\/www.maitri.pl\/projekt\/dozywianie-abong-mbang\/#breadcrumb"},"inLanguage":"fr-FR","potentialAction":[{"@type":"ReadAction","target":["https:\/\/www.maitri.pl\/projekt\/dozywianie-abong-mbang\/"]}]},{"@type":"ImageObject","inLanguage":"fr-FR","@id":"https:\/\/www.maitri.pl\/projekt\/dozywianie-abong-mbang\/#primaryimage","url":"https:\/\/www.maitri.pl\/wp-content\/uploads\/2025\/07\/168-chrys-2.jpg","contentUrl":"https:\/\/www.maitri.pl\/wp-content\/uploads\/2025\/07\/168-chrys-2.jpg","width":800,"height":600,"caption":"Do\u017cywianie 600 dzieci ze Szko\u0142y Podstawowej i przedszkola w Abong-Mbang Adopcja Serca Adopcja Duchowa pomoc Afryce pomoc ubogim do\u017cywianie dzieci Kamerun dobroczynno\u015b\u0107 ja\u0142mu\u017cna 02"},{"@type":"BreadcrumbList","@id":"https:\/\/www.maitri.pl\/projekt\/dozywianie-abong-mbang\/#breadcrumb","itemListElement":[{"@type":"ListItem","position":1,"name":"Strona g\u0142\u00f3wna","item":"https:\/\/www.maitri.pl\/"},{"@type":"ListItem","position":2,"name":"Sklep","item":"https:\/\/www.maitri.pl\/sklep\/"},{"@type":"ListItem","position":3,"name":"Do\u017cywianie 600 dzieci ze Szko\u0142y Podstawowej i przedszkola w Abong-Mbang"}]},{"@type":"WebSite","@id":"https:\/\/www.maitri.pl\/#website","url":"https:\/\/www.maitri.pl\/","name":"Adopcja Serca Maitri \u2013 pomoc dzieciom w Afryce","description":"Adopcja Serca \u2013 adopcja na odleg\u0142o\u015b\u0107, pomoc Afryce, do\u017cywianie i edukacja w Afryce","publisher":{"@id":"https:\/\/www.maitri.pl\/#organization"},"potentialAction":[{"@type":"SearchAction","target":{"@type":"EntryPoint","urlTemplate":"https:\/\/www.maitri.pl\/?s={search_term_string}"},"query-input":{"@type":"PropertyValueSpecification","valueRequired":true,"valueName":"search_term_string"}}],"inLanguage":"fr-FR"},{"@type":"Organization","@id":"https:\/\/www.maitri.pl\/#organization","name":"Stowarzyszenie Ruchu Maitri","url":"https:\/\/www.maitri.pl\/","logo":{"@type":"ImageObject","inLanguage":"fr-FR","@id":"https:\/\/www.maitri.pl\/#\/schema\/logo\/image\/","url":"https:\/\/www.maitri.pl\/wp-content\/uploads\/2020\/04\/duze_logo-81.png","contentUrl":"https:\/\/www.maitri.pl\/wp-content\/uploads\/2020\/04\/duze_logo-81.png","width":339,"height":321,"caption":"Stowarzyszenie Ruchu Maitri"},"image":{"@id":"https:\/\/www.maitri.pl\/#\/schema\/logo\/image\/"},"sameAs":["https:\/\/www.facebook.com\/MAITRI.Adopcja.Serca.dzieci.Afryki\/"]}]}},"_links":{"self":[{"href":"https:\/\/www.maitri.pl\/fr\/wp-json\/wp\/v2\/product\/33593","targetHints":{"allow":["GET"]}}],"collection":[{"href":"https:\/\/www.maitri.pl\/fr\/wp-json\/wp\/v2\/product"}],"about":[{"href":"https:\/\/www.maitri.pl\/fr\/wp-json\/wp\/v2\/types\/product"}],"wp:featuredmedia":[{"embeddable":true,"href":"https:\/\/www.maitri.pl\/fr\/wp-json\/wp\/v2\/media\/33600"}],"wp:attachment":[{"href":"https:\/\/www.maitri.pl\/fr\/wp-json\/wp\/v2\/media?parent=33593"}],"wp:term":[{"taxonomy":"product_brand","embeddable":true,"href":"https:\/\/www.maitri.pl\/fr\/wp-json\/wp\/v2\/product_brand?post=33593"},{"taxonomy":"product_cat","embeddable":true,"href":"https:\/\/www.maitri.pl\/fr\/wp-json\/wp\/v2\/product_cat?post=33593"},{"taxonomy":"product_tag","embeddable":true,"href":"https:\/\/www.maitri.pl\/fr\/wp-json\/wp\/v2\/product_tag?post=33593"}],"curies":[{"name":"wp","href":"https:\/\/api.w.org\/{rel}","templated":true}]}}