{"id":33558,"date":"2025-07-11T18:28:45","date_gmt":"2025-07-11T16:28:45","guid":{"rendered":"https:\/\/www.maitri.pl\/?post_type=product&#038;p=33558"},"modified":"2026-03-10T17:31:01","modified_gmt":"2026-03-10T16:31:01","slug":"internat-nepal","status":"publish","type":"product","link":"https:\/\/www.maitri.pl\/fr\/projekt\/internat-nepal\/","title":{"rendered":"Utrzymanie dzieci z ubogich rodzin w internacie przy szkole podstawowej w Shaktikhor w Nepalu"},"content":{"rendered":"<h4><strong>Daleko i niebezpiecznie<\/strong><\/h4>\n<p>Dzieci z odleg\u0142ych spo\u0142eczno\u015bci Chepang napotykaj\u0105 powa\u017cne bariery w dost\u0119pie do edukacji. Wi\u0119kszo\u015b\u0107 z nich musi codziennie pokonywa\u0107 pieszo 3-4 godziny w jedn\u0105 stron\u0119 w g\u00f3rzystym terenie, co jest szczeg\u00f3lnie uci\u0105\u017cliwe i niebezpieczne dla dzieci w wieku 3-7 lat. W tym roku czw\u00f3rka dzieci z tego rejonu sta\u0142 si\u0119 ofiarami wypadku. Tragicznie zgin\u0119\u0142y w wyniku osuwiska podczas powrotu ze szko\u0142y. W efekcie, mimo oficjalnego zapisu do szko\u0142y, wiele z nich nie ucz\u0119szcza regularnie lub ca\u0142kowicie rezygnuje z nauki. Rozwi\u0105zaniem jest internat.<\/p>\n<h4>Szko\u0142a pe\u0142ni funkcj\u0119 przedszkola<\/h4>\n<p>Niestety dzieci te cierpi\u0105 r\u00f3wnie\u017c na przewlek\u0142e niedo\u017cywienie, a tak\u017ce z\u0142e zdrowie, brak odpowiedniej odzie\u017cy oraz bardzo ograniczony dost\u0119p do materia\u0142\u00f3w edukacyjnych. W Shaktikhor mamy bardzo ma\u0142e dzieci. Zaczynaj\u0105 ucz\u0119szcza\u0107 do szko\u0142y, jak tylko naucz\u0105 si\u0119 chodzi\u0107, a cz\u0119sto ju\u017c w wieku 3 lub 4 lat. Nie ma tam oddzielnego przedszkola, ale szko\u0142a pe\u0142ni r\u00f3wnie\u017c funkcj\u0119 przedszkola, nazywanego wczesn\u0105 nauk\u0105. Oko\u0142o 6 roku \u017cycia rozpoczynaj\u0105 klas\u0119 1 szko\u0142y podstawowej. Niestety powszechna jest wczesna \u015bmiertelno\u015b\u0107 dzieci, co warunkuje\u00a0 brak opieki medycznej i nadmierne obci\u0105\u017cenie prac\u0105. W odpowiedzi na t\u0119 piln\u0105 sytuacj\u0119, lokalna Szko\u0142a Podstawowa w Shaktikhor uzyska\u0142a oficjalne pozwolenie rz\u0105dowe na utworzenie i prowadzenie ca\u0142odobowego internatu dla 15 dzieci z grupy Chepang. Zapewni to bezpieczne zakwaterowanie w pobli\u017cu szko\u0142y i regularn\u0105 obecno\u015b\u0107 na zaj\u0119ciach wczesnoszkolnych.<\/p>\n<h4>Bezpieczny start w \u017cycie<\/h4>\n<p>Fundacja partnerska niedawno wybudowa\u0142a niewielki budynek z dwoma pokojami przeznaczonymi na ten cel. W szkole wyremontowane zosta\u0142y r\u00f3wnie\u017c stare klasy, zbudowane nowe uj\u0119cie wody oraz toalet\u0119. Budynek nadal wymaga monta\u017cu okien, drzwi oraz wyposa\u017cenia wn\u0119trza. Obecnie nie ma \u0142\u00f3\u017cek, sto\u0142\u00f3w ani krzese\u0142; jedynie dost\u0119pny jest stary dywan. Internat b\u0119dzie dzia\u0142a\u0142 ca\u0142\u0105 dob\u0119. Dwie kobiety b\u0119d\u0105 tam przebywa\u0107 na nocnych zmianach, a w ci\u0105gu dnia obecni b\u0119d\u0105 nauczyciele oraz kucharka.<\/p>\n<p>My zwracamy si\u0119 z gor\u0105c\u0105 pro\u015bb\u0105 o wsparcie w zakresie wy\u017cywienia, podstawowej odzie\u017cy, materia\u0142\u00f3w edukacyjnych i higienicznych oraz wynagrodze\u0144 dla kadry. Dzi\u0119ki temu projektowi, dzieci otrzymaj\u0105 realn\u0105 mo\u017cliwo\u015b\u0107 zdobycia edukacji i lepszego startu w \u017cyciu.<\/p>\n<p><em>Aleksandra<\/em><em>\u00a0Kurnicka, <a href=\"https:\/\/www.facebook.com\/karunikatuitioncenterNEPAL\" target=\"_blank\" rel=\"noopener\">Karunika Foundation<\/a>,<\/em>\u00a0Kathmandu, <a href=\"https:\/\/www.maitri.pl\/gdzie-pomagamy\/\" target=\"_blank\" rel=\"noopener\">Nepal<\/a><\/p>\n<h4>Kosztorys:<\/h4>\n<p><img loading=\"lazy\" decoding=\"async\" class=\"alignnone wp-image-33559 size-full\" src=\"https:\/\/www.maitri.pl\/wp-content\/uploads\/2025\/07\/59-kartc.png\" alt=\"\" width=\"983\" height=\"426\" srcset=\"https:\/\/www.maitri.pl\/wp-content\/uploads\/2025\/07\/59-kartc.png 983w, https:\/\/www.maitri.pl\/wp-content\/uploads\/2025\/07\/59-kartc-300x130.png 300w, https:\/\/www.maitri.pl\/wp-content\/uploads\/2025\/07\/59-kartc-768x333.png 768w, https:\/\/www.maitri.pl\/wp-content\/uploads\/2025\/07\/59-kartc-600x260.png 600w\" sizes=\"auto, (max-width: 983px) 100vw, 983px\" \/><\/p>\n<p><b><span style=\"color: #ff0000;\"><span style=\"font-size: large;\">Wnioskowana kwota: 57 737 z\u0142<\/span><\/span><\/b><\/p>\n<p><strong>Numer projektu 58\/KARTC<\/strong><\/p>\n<h2><strong><span style=\"color: #999999;\">Internat dla dzieci z ubogich rodzin przy szkole podstawowej w Shaktikhor w Nepalu akcja wsp\u00f3\u0142organizowana przez Karunika Foundation Nepal<\/span><\/strong><\/h2>\n","protected":false},"excerpt":{"rendered":"<p><strong>Projekt: <\/strong><em>Aleksandra<\/em><em>\u00a0Kurnicka, <a href=\"https:\/\/www.facebook.com\/karunikatuitioncenterNEPAL\" target=\"_blank\" rel=\"noopener\">Karunika Foundation<\/a><\/em><br \/>\n<strong>Miejsce:<\/strong> Kathmandu, <a href=\"https:\/\/www.maitri.pl\/gdzie-pomagamy\/\" target=\"_blank\" rel=\"noopener\">Nepal<\/a><br \/>\n<strong>Kwota projektu: <span style=\"color: #ff0000;\">57 737 z\u0142<\/span><\/strong><\/p>\n","protected":false},"featured_media":33568,"template":"","meta":[],"product_brand":[],"product_cat":[657],"product_tag":[670,1010,928,672],"class_list":{"0":"post-33558","1":"product","2":"type-product","3":"status-publish","4":"has-post-thumbnail","6":"product_cat-projekty","7":"product_tag-aleksandra-kurnicka","8":"product_tag-karunika","9":"product_tag-karunika-foundation","10":"product_tag-nepal","12":"first","13":"instock","14":"virtual","15":"purchasable","16":"product-type-simple"},"yoast_head":"<!-- This site is optimized with the Yoast SEO plugin v27.2 - https:\/\/yoast.com\/product\/yoast-seo-wordpress\/ -->\n<title>Internat dla dzieci z ubogich rodzin przy szkole w Shaktikhor<\/title>\n<meta name=\"description\" content=\"Internat dla dzieci z ubogich rodzin przy szkole podstawowej w Shaktikhor w Nepalu. Chcemy sfinansowa\u0107 dzia\u0142alno\u015b\u0107 plac\u00f3wki. Ka\u017cda wp\u0142ata pomaga!\" \/>\n<meta name=\"robots\" content=\"index, follow, max-snippet:-1, max-image-preview:large, max-video-preview:-1\" \/>\n<link rel=\"canonical\" href=\"https:\/\/www.maitri.pl\/projekt\/internat-nepal\/\" \/>\n<meta property=\"og:locale\" content=\"fr_FR\" \/>\n<meta property=\"og:type\" content=\"article\" \/>\n<meta property=\"og:title\" content=\"Internat dla dzieci z ubogich rodzin przy szkole w Shaktikhor\" \/>\n<meta property=\"og:description\" content=\"Internat dla dzieci z ubogich rodzin przy szkole podstawowej w Shaktikhor w Nepalu. Chcemy sfinansowa\u0107 dzia\u0142alno\u015b\u0107 plac\u00f3wki. Ka\u017cda wp\u0142ata pomaga!\" \/>\n<meta property=\"og:url\" content=\"https:\/\/www.maitri.pl\/projekt\/internat-nepal\/\" \/>\n<meta property=\"og:site_name\" content=\"Ruch Maitri - Adopcja Serca pomoc Afryce\" \/>\n<meta property=\"article:publisher\" content=\"https:\/\/www.facebook.com\/MAITRI.Adopcja.Serca.dzieci.Afryki\/\" \/>\n<meta property=\"article:modified_time\" content=\"2026-03-10T16:31:01+00:00\" \/>\n<meta property=\"og:image\" content=\"https:\/\/www.maitri.pl\/wp-content\/uploads\/2025\/07\/59-kartc-3.jpg\" \/>\n\t<meta property=\"og:image:width\" content=\"1130\" \/>\n\t<meta property=\"og:image:height\" content=\"2048\" \/>\n\t<meta property=\"og:image:type\" content=\"image\/jpeg\" \/>\n<meta name=\"twitter:card\" content=\"summary_large_image\" \/>\n<meta name=\"twitter:label1\" content=\"Dur\u00e9e de lecture estim\u00e9e\" \/>\n\t<meta name=\"twitter:data1\" content=\"3 minutes\" \/>\n<script type=\"application\/ld+json\" class=\"yoast-schema-graph\">{\"@context\":\"https:\/\/schema.org\",\"@graph\":[{\"@type\":\"WebPage\",\"@id\":\"https:\/\/www.maitri.pl\/projekt\/internat-nepal\/\",\"url\":\"https:\/\/www.maitri.pl\/projekt\/internat-nepal\/\",\"name\":\"Internat dla dzieci z ubogich rodzin przy szkole w Shaktikhor\",\"isPartOf\":{\"@id\":\"https:\/\/www.maitri.pl\/#website\"},\"primaryImageOfPage\":{\"@id\":\"https:\/\/www.maitri.pl\/projekt\/internat-nepal\/#primaryimage\"},\"image\":{\"@id\":\"https:\/\/www.maitri.pl\/projekt\/internat-nepal\/#primaryimage\"},\"thumbnailUrl\":\"https:\/\/www.maitri.pl\/wp-content\/uploads\/2025\/07\/59-kartc-3.jpg\",\"datePublished\":\"2025-07-11T16:28:45+00:00\",\"dateModified\":\"2026-03-10T16:31:01+00:00\",\"description\":\"Internat dla dzieci z ubogich rodzin przy szkole podstawowej w Shaktikhor w Nepalu. Chcemy sfinansowa\u0107 dzia\u0142alno\u015b\u0107 plac\u00f3wki. Ka\u017cda wp\u0142ata pomaga!\",\"breadcrumb\":{\"@id\":\"https:\/\/www.maitri.pl\/projekt\/internat-nepal\/#breadcrumb\"},\"inLanguage\":\"fr-FR\",\"potentialAction\":[{\"@type\":\"ReadAction\",\"target\":[\"https:\/\/www.maitri.pl\/projekt\/internat-nepal\/\"]}]},{\"@type\":\"ImageObject\",\"inLanguage\":\"fr-FR\",\"@id\":\"https:\/\/www.maitri.pl\/projekt\/internat-nepal\/#primaryimage\",\"url\":\"https:\/\/www.maitri.pl\/wp-content\/uploads\/2025\/07\/59-kartc-3.jpg\",\"contentUrl\":\"https:\/\/www.maitri.pl\/wp-content\/uploads\/2025\/07\/59-kartc-3.jpg\",\"width\":1130,\"height\":2048,\"caption\":\"Internat dla dzieci z ubogich rodzin przy szkole podstawowej w Shaktikhor w Nepalu pomoc ubogim pomoc sierotom dobroczynno\u015b\u0107 ja\u0142mu\u017cna Adopcja Serca Adopcja duchowa 03\"},{\"@type\":\"BreadcrumbList\",\"@id\":\"https:\/\/www.maitri.pl\/projekt\/internat-nepal\/#breadcrumb\",\"itemListElement\":[{\"@type\":\"ListItem\",\"position\":1,\"name\":\"Strona g\u0142\u00f3wna\",\"item\":\"https:\/\/www.maitri.pl\/\"},{\"@type\":\"ListItem\",\"position\":2,\"name\":\"Sklep\",\"item\":\"https:\/\/www.maitri.pl\/sklep\/\"},{\"@type\":\"ListItem\",\"position\":3,\"name\":\"Utrzymanie dzieci z ubogich rodzin w internacie przy szkole podstawowej w Shaktikhor w Nepalu\"}]},{\"@type\":\"WebSite\",\"@id\":\"https:\/\/www.maitri.pl\/#website\",\"url\":\"https:\/\/www.maitri.pl\/\",\"name\":\"Adopcja Serca Maitri \u2013 pomoc dzieciom w Afryce\",\"description\":\"Adopcja Serca \u2013 adopcja na odleg\u0142o\u015b\u0107, pomoc Afryce, do\u017cywianie i edukacja w Afryce\",\"publisher\":{\"@id\":\"https:\/\/www.maitri.pl\/#organization\"},\"potentialAction\":[{\"@type\":\"SearchAction\",\"target\":{\"@type\":\"EntryPoint\",\"urlTemplate\":\"https:\/\/www.maitri.pl\/?s={search_term_string}\"},\"query-input\":{\"@type\":\"PropertyValueSpecification\",\"valueRequired\":true,\"valueName\":\"search_term_string\"}}],\"inLanguage\":\"fr-FR\"},{\"@type\":\"Organization\",\"@id\":\"https:\/\/www.maitri.pl\/#organization\",\"name\":\"Stowarzyszenie Ruchu Maitri\",\"url\":\"https:\/\/www.maitri.pl\/\",\"logo\":{\"@type\":\"ImageObject\",\"inLanguage\":\"fr-FR\",\"@id\":\"https:\/\/www.maitri.pl\/#\/schema\/logo\/image\/\",\"url\":\"https:\/\/www.maitri.pl\/wp-content\/uploads\/2020\/04\/duze_logo-81.png\",\"contentUrl\":\"https:\/\/www.maitri.pl\/wp-content\/uploads\/2020\/04\/duze_logo-81.png\",\"width\":339,\"height\":321,\"caption\":\"Stowarzyszenie Ruchu Maitri\"},\"image\":{\"@id\":\"https:\/\/www.maitri.pl\/#\/schema\/logo\/image\/\"},\"sameAs\":[\"https:\/\/www.facebook.com\/MAITRI.Adopcja.Serca.dzieci.Afryki\/\"]}]}<\/script>\n<!-- \/ Yoast SEO plugin. -->","yoast_head_json":{"title":"Internat dla dzieci z ubogich rodzin przy szkole w Shaktikhor","description":"Internat dla dzieci z ubogich rodzin przy szkole podstawowej w Shaktikhor w Nepalu. Chcemy sfinansowa\u0107 dzia\u0142alno\u015b\u0107 plac\u00f3wki. Ka\u017cda wp\u0142ata pomaga!","robots":{"index":"index","follow":"follow","max-snippet":"max-snippet:-1","max-image-preview":"max-image-preview:large","max-video-preview":"max-video-preview:-1"},"canonical":"https:\/\/www.maitri.pl\/projekt\/internat-nepal\/","og_locale":"fr_FR","og_type":"article","og_title":"Internat dla dzieci z ubogich rodzin przy szkole w Shaktikhor","og_description":"Internat dla dzieci z ubogich rodzin przy szkole podstawowej w Shaktikhor w Nepalu. Chcemy sfinansowa\u0107 dzia\u0142alno\u015b\u0107 plac\u00f3wki. Ka\u017cda wp\u0142ata pomaga!","og_url":"https:\/\/www.maitri.pl\/projekt\/internat-nepal\/","og_site_name":"Ruch Maitri - Adopcja Serca pomoc Afryce","article_publisher":"https:\/\/www.facebook.com\/MAITRI.Adopcja.Serca.dzieci.Afryki\/","article_modified_time":"2026-03-10T16:31:01+00:00","og_image":[{"width":1130,"height":2048,"url":"https:\/\/www.maitri.pl\/wp-content\/uploads\/2025\/07\/59-kartc-3.jpg","type":"image\/jpeg"}],"twitter_card":"summary_large_image","twitter_misc":{"Dur\u00e9e de lecture estim\u00e9e":"3 minutes"},"schema":{"@context":"https:\/\/schema.org","@graph":[{"@type":"WebPage","@id":"https:\/\/www.maitri.pl\/projekt\/internat-nepal\/","url":"https:\/\/www.maitri.pl\/projekt\/internat-nepal\/","name":"Internat dla dzieci z ubogich rodzin przy szkole w Shaktikhor","isPartOf":{"@id":"https:\/\/www.maitri.pl\/#website"},"primaryImageOfPage":{"@id":"https:\/\/www.maitri.pl\/projekt\/internat-nepal\/#primaryimage"},"image":{"@id":"https:\/\/www.maitri.pl\/projekt\/internat-nepal\/#primaryimage"},"thumbnailUrl":"https:\/\/www.maitri.pl\/wp-content\/uploads\/2025\/07\/59-kartc-3.jpg","datePublished":"2025-07-11T16:28:45+00:00","dateModified":"2026-03-10T16:31:01+00:00","description":"Internat dla dzieci z ubogich rodzin przy szkole podstawowej w Shaktikhor w Nepalu. Chcemy sfinansowa\u0107 dzia\u0142alno\u015b\u0107 plac\u00f3wki. Ka\u017cda wp\u0142ata pomaga!","breadcrumb":{"@id":"https:\/\/www.maitri.pl\/projekt\/internat-nepal\/#breadcrumb"},"inLanguage":"fr-FR","potentialAction":[{"@type":"ReadAction","target":["https:\/\/www.maitri.pl\/projekt\/internat-nepal\/"]}]},{"@type":"ImageObject","inLanguage":"fr-FR","@id":"https:\/\/www.maitri.pl\/projekt\/internat-nepal\/#primaryimage","url":"https:\/\/www.maitri.pl\/wp-content\/uploads\/2025\/07\/59-kartc-3.jpg","contentUrl":"https:\/\/www.maitri.pl\/wp-content\/uploads\/2025\/07\/59-kartc-3.jpg","width":1130,"height":2048,"caption":"Internat dla dzieci z ubogich rodzin przy szkole podstawowej w Shaktikhor w Nepalu pomoc ubogim pomoc sierotom dobroczynno\u015b\u0107 ja\u0142mu\u017cna Adopcja Serca Adopcja duchowa 03"},{"@type":"BreadcrumbList","@id":"https:\/\/www.maitri.pl\/projekt\/internat-nepal\/#breadcrumb","itemListElement":[{"@type":"ListItem","position":1,"name":"Strona g\u0142\u00f3wna","item":"https:\/\/www.maitri.pl\/"},{"@type":"ListItem","position":2,"name":"Sklep","item":"https:\/\/www.maitri.pl\/sklep\/"},{"@type":"ListItem","position":3,"name":"Utrzymanie dzieci z ubogich rodzin w internacie przy szkole podstawowej w Shaktikhor w Nepalu"}]},{"@type":"WebSite","@id":"https:\/\/www.maitri.pl\/#website","url":"https:\/\/www.maitri.pl\/","name":"Adopcja Serca Maitri \u2013 pomoc dzieciom w Afryce","description":"Adopcja Serca \u2013 adopcja na odleg\u0142o\u015b\u0107, pomoc Afryce, do\u017cywianie i edukacja w Afryce","publisher":{"@id":"https:\/\/www.maitri.pl\/#organization"},"potentialAction":[{"@type":"SearchAction","target":{"@type":"EntryPoint","urlTemplate":"https:\/\/www.maitri.pl\/?s={search_term_string}"},"query-input":{"@type":"PropertyValueSpecification","valueRequired":true,"valueName":"search_term_string"}}],"inLanguage":"fr-FR"},{"@type":"Organization","@id":"https:\/\/www.maitri.pl\/#organization","name":"Stowarzyszenie Ruchu Maitri","url":"https:\/\/www.maitri.pl\/","logo":{"@type":"ImageObject","inLanguage":"fr-FR","@id":"https:\/\/www.maitri.pl\/#\/schema\/logo\/image\/","url":"https:\/\/www.maitri.pl\/wp-content\/uploads\/2020\/04\/duze_logo-81.png","contentUrl":"https:\/\/www.maitri.pl\/wp-content\/uploads\/2020\/04\/duze_logo-81.png","width":339,"height":321,"caption":"Stowarzyszenie Ruchu Maitri"},"image":{"@id":"https:\/\/www.maitri.pl\/#\/schema\/logo\/image\/"},"sameAs":["https:\/\/www.facebook.com\/MAITRI.Adopcja.Serca.dzieci.Afryki\/"]}]}},"_links":{"self":[{"href":"https:\/\/www.maitri.pl\/fr\/wp-json\/wp\/v2\/product\/33558","targetHints":{"allow":["GET"]}}],"collection":[{"href":"https:\/\/www.maitri.pl\/fr\/wp-json\/wp\/v2\/product"}],"about":[{"href":"https:\/\/www.maitri.pl\/fr\/wp-json\/wp\/v2\/types\/product"}],"wp:featuredmedia":[{"embeddable":true,"href":"https:\/\/www.maitri.pl\/fr\/wp-json\/wp\/v2\/media\/33568"}],"wp:attachment":[{"href":"https:\/\/www.maitri.pl\/fr\/wp-json\/wp\/v2\/media?parent=33558"}],"wp:term":[{"taxonomy":"product_brand","embeddable":true,"href":"https:\/\/www.maitri.pl\/fr\/wp-json\/wp\/v2\/product_brand?post=33558"},{"taxonomy":"product_cat","embeddable":true,"href":"https:\/\/www.maitri.pl\/fr\/wp-json\/wp\/v2\/product_cat?post=33558"},{"taxonomy":"product_tag","embeddable":true,"href":"https:\/\/www.maitri.pl\/fr\/wp-json\/wp\/v2\/product_tag?post=33558"}],"curies":[{"name":"wp","href":"https:\/\/api.w.org\/{rel}","templated":true}]}}