{"id":33545,"date":"2025-07-11T12:35:35","date_gmt":"2025-07-11T10:35:35","guid":{"rendered":"https:\/\/www.maitri.pl\/?post_type=product&#038;p=33545"},"modified":"2026-02-05T12:34:53","modified_gmt":"2026-02-05T11:34:53","slug":"budowa-kurnika-dr-kongo","status":"publish","type":"product","link":"https:\/\/www.maitri.pl\/fr\/projekt\/budowa-kurnika-dr-kongo\/","title":{"rendered":"Budowa kurnika i za\u0142o\u017cenie hodowli kurczak\u00f3w dla sieroci\u0144ca AFEOA w Lubumbashi"},"content":{"rendered":"<h3 data-start=\"136\" data-end=\"198\">Krok w stron\u0119 samowystarczalno\u015bci<\/h3>\n<p data-start=\"200\" data-end=\"584\">Od 2022 roku, przy wsparciu Maitri, staramy si\u0119 kupowa\u0107 kurczaka na niedziele i \u015bwi\u0119ta dla naszych dzieci.\u00a0Niestety, stale pogarszaj\u0105ca si\u0119 sytuacja gospodarcza w Demokratycznej Republice Konga, spowodowana inflacj\u0105 oraz trwaj\u0105cym konfliktem na wschodzie kraju, znacz\u0105co wp\u0142ywa na koszty \u017cywno\u015bci. Starania, aby zapewni\u0107 dzieciom posi\u0142ki z kurczaka w niedziele oraz dni \u015bwi\u0105teczne to du\u017cy wydatek, kt\u00f3ry ma wp\u0142yw na nasze finanse.\u00a0Ceny mi\u0119sa rosn\u0105 z roku na rok \u2013 podczas gdy w 2022 roku 3 kg kurczaka kosztowa\u0142o 15 000 frank\u00f3w kongijskich, w 2025 roku ta sama ilo\u015b\u0107 kosztuje ju\u017c 30 000 frank\u00f3w. Jednocze\u015bnie ro\u015bnie liczba dzieci oraz ich zapotrzebowanie na \u017cywno\u015b\u0107. Z up\u0142ywem czasu rosn\u0105 te\u017c dzieci, wi\u0119c i one potrzebuj\u0105 wi\u0119kszych porcji. Odpowiedzi\u0105 na te problemy jest budowa kurnika.<\/p>\n<h4 data-start=\"586\" data-end=\"821\">W\u0142asne \u017ar\u00f3d\u0142o mi\u0119sa<\/h4>\n<p data-start=\"823\" data-end=\"1176\">Celem inicjatywy jest uniezale\u017cnienie si\u0119 od drogich dostawc\u00f3w oraz stworzenie w\u0142asnego \u017ar\u00f3d\u0142a mi\u0119sa drobiowego dla dzieci. Dodatkowo cz\u0119\u015b\u0107 kurczak\u00f3w b\u0119dzie przeznaczona do sprzeda\u017cy lokalnej spo\u0142eczno\u015bci \u2013 w tym ubogim rodzinom \u2013 w przyst\u0119pnych cenach. Projekt budowy kurnika stanowi kolejny krok ku samowystarczalno\u015bci o\u015brodka, podobnie jak wcze\u015bniejsza inicjatywa rolnicza. Dzi\u0119ki niej AFEOA nie musi ju\u017c kupowa\u0107 m\u0105ki, fasoli czy s\u0142odkich ziemniak\u00f3w, bo produkty te pochodz\u0105 teraz z w\u0142asnych upraw. Budowa kurnika pozwoli na hodowl\u0119 drobiu, a ta stanie si\u0119 tak\u017ce miejscem zatrudnienia i nauki dla m\u0142odzie\u017cy z sieroci\u0144ca oraz lokalnych m\u0142odych ludzi. Projekt ma wi\u0119c na celu nie tylko walk\u0119 z kryzysem \u017cywno\u015bciowym, ale r\u00f3wnie\u017c przeciwdzia\u0142anie bezrobociu w\u015br\u00f3d m\u0142odych mieszka\u0144c\u00f3w regionu.<\/p>\n<h4 data-start=\"1687\" data-end=\"1972\">Hodowla dla sierot<\/h4>\n<p data-start=\"1687\" data-end=\"1972\">Zysk z nadwy\u017cek sprzeda\u017cy pomo\u017ce w pokrywaniu innych potrzeb sieroci\u0144ca \u2013 takich jak leki, serwisowanie maszyn i narz\u0119dzi czy podstawowe wydatki. Dzi\u0119ki temu dzieci b\u0119d\u0105 mog\u0142y otrzymywa\u0107 pe\u0142nowarto\u015bciowe posi\u0142ki, a instytucja b\u0119dzie mog\u0142a dzia\u0142a\u0107 z wi\u0119ksz\u0105 stabilno\u015bci\u0105 i niezale\u017cno\u015bci\u0105. Chcemy wzmocni\u0107 nasze dzia\u0142ania na rzecz samowystarczalno\u015bci. To pomo\u017ce nam dodatkowo rozwi\u0105za\u0107 inne problemy sieroci\u0144ca AFEOA , takie jak op\u0142acanie rachunk\u00f3w za opiek\u0119 medyczn\u0105,\u00a0 naprawy i inne.\u00a0 A my b\u0119dziemy mieli podstawowe produkty spo\u017cywcze wyprodukowane przez nas samych, bez konieczno\u015bci ich kupowania. Dzieci b\u0119d\u0105 mog\u0142y si\u0119 naje\u015b\u0107, a jednocze\u015bnie b\u0119dziemy mogli uzyska\u0107 \u015brodki finansowe ze sprzeda\u017cy nadwy\u017cek. Po dokonaniu oceny sytuacji pomy\u015bleli\u015bmy, \u017ce budowa kurnika, pozwoli nie tylko taniej zaopatrywa\u0107 si\u0119 w mi\u0119so potrzebne do wy\u017cywienia dzieci, ale tak\u017ce na sprzeda\u017c okolicznym mieszka\u0144com i ubogim rodzinom w dobrej cenie.<\/p>\n<p><strong>Kosztorys:<\/strong><\/p>\n<p><img loading=\"lazy\" decoding=\"async\" class=\"alignnone wp-image-33546 size-full\" src=\"https:\/\/www.maitri.pl\/wp-content\/uploads\/2025\/07\/27-parak.png\" alt=\"\" width=\"792\" height=\"539\" srcset=\"https:\/\/www.maitri.pl\/wp-content\/uploads\/2025\/07\/27-parak.png 792w, https:\/\/www.maitri.pl\/wp-content\/uploads\/2025\/07\/27-parak-300x204.png 300w, https:\/\/www.maitri.pl\/wp-content\/uploads\/2025\/07\/27-parak-768x523.png 768w, https:\/\/www.maitri.pl\/wp-content\/uploads\/2025\/07\/27-parak-600x408.png 600w\" sizes=\"auto, (max-width: 792px) 100vw, 792px\" \/><\/p>\n<p>&nbsp;<\/p>\n<p><strong>Therese Manyingu, dyrektorka sieroci\u0144ca AFEOA, parafia \u015bw. Andrzeja Kima, <a href=\"https:\/\/www.maitri.pl\/gdzie-pomagamy\/\" target=\"_blank\" rel=\"noopener noreferrer\">Lubumbashi, DR Kongo<\/a><\/strong><\/p>\n<p>Dzi\u0119kuj\u0119 za ca\u0142\u0105 wasz\u0105 wsp\u00f3\u0142prac\u0119, kt\u00f3ra bez mi\u0142o\u015bci i po\u015bwi\u0119cenia nie mog\u0142aby si\u0119 spe\u0142ni\u0107.<\/p>\n<p>Z ca\u0142ego serca dzi\u0119kujemy ofiarodawcom. Liczymy na Wasze wsparcie i tym razem<strong>.<\/strong><\/p>\n<p><b style=\"font-size: large; color: #ff0000;\">Kwota: 72 784 z\u0142<\/b><\/p>\n<p style=\"text-align: justify;\"><strong>Podsumowanie w miejscowej walucie &#8211; 44 175 000 frank\u00f3w CF<\/strong><\/p>\n<p style=\"text-align: justify;\" align=\"JUSTIFY\">Numer projektu: <strong>27\/PARAK<\/strong><\/p>\n<h3 style=\"text-align: justify;\" align=\"JUSTIFY\"><span style=\"color: #808080;\">Budowa kurnika i za\u0142o\u017cenie hodowli kurczak\u00f3w dla sieroci\u0144ca AFEOA w Lubumbashi w DR Kongo &#8211; do\u017cywianie g\u0142odnych dzieci<\/span><\/h3>\n","protected":false},"excerpt":{"rendered":"<p><strong>Projekt:<\/strong> Therese Manyingu, Parafia \u015bw. Andrzeja Kima<br \/>\n<strong>Misja:<\/strong> <a href=\"https:\/\/www.maitri.pl\/gdzie-pomagamy\/\" target=\"_blank\" rel=\"noopener noreferrer\">Lubumbashi, DR Kongo<\/a><br \/>\n<strong>Kwota projektu:<\/strong> <span style=\"color: #ff0000;\"><strong>72 784 z\u0142<\/strong><\/span><\/p>\n","protected":false},"featured_media":33553,"template":"","meta":[],"product_brand":[],"product_cat":[674],"product_tag":[890,690,692,1028,892],"class_list":{"0":"post-33545","1":"product","2":"type-product","3":"status-publish","4":"has-post-thumbnail","6":"product_cat-projekty-zrealizowane-w-biezacym-roku","7":"product_tag-centrum-afeoa","8":"product_tag-dr-kongo","9":"product_tag-lubumbashi","10":"product_tag-sierociniec-afeoa","11":"product_tag-therese-manyingu","13":"first","14":"instock","15":"virtual","16":"purchasable","17":"product-type-simple"},"yoast_head":"<!-- This site is optimized with the Yoast SEO plugin v27.2 - https:\/\/yoast.com\/product\/yoast-seo-wordpress\/ -->\n<title>Budowa kurnika i za\u0142o\u017cenie hodowli kurczak\u00f3w w sieroci\u0144cu AFEOA<\/title>\n<meta name=\"description\" content=\"Budowa kurnika i za\u0142o\u017cenie hodowli kurczak\u00f3w dla sieroci\u0144ca AFEOA w Lubumbashi. Pom\u00f3\u017c Ka\u017cda wp\u0142ata pomaga!\" \/>\n<meta name=\"robots\" content=\"index, follow, max-snippet:-1, max-image-preview:large, max-video-preview:-1\" \/>\n<link rel=\"canonical\" href=\"https:\/\/www.maitri.pl\/projekt\/budowa-kurnika-dr-kongo\/\" \/>\n<meta property=\"og:locale\" content=\"fr_FR\" \/>\n<meta property=\"og:type\" content=\"article\" \/>\n<meta property=\"og:title\" content=\"Budowa kurnika i za\u0142o\u017cenie hodowli kurczak\u00f3w w sieroci\u0144cu AFEOA\" \/>\n<meta property=\"og:description\" content=\"Budowa kurnika i za\u0142o\u017cenie hodowli kurczak\u00f3w dla sieroci\u0144ca AFEOA w Lubumbashi. Pom\u00f3\u017c Ka\u017cda wp\u0142ata pomaga!\" \/>\n<meta property=\"og:url\" content=\"https:\/\/www.maitri.pl\/projekt\/budowa-kurnika-dr-kongo\/\" \/>\n<meta property=\"og:site_name\" content=\"Ruch Maitri - Adopcja Serca pomoc Afryce\" \/>\n<meta property=\"article:publisher\" content=\"https:\/\/www.facebook.com\/MAITRI.Adopcja.Serca.dzieci.Afryki\/\" \/>\n<meta property=\"article:modified_time\" content=\"2026-02-05T11:34:53+00:00\" \/>\n<meta property=\"og:image\" content=\"https:\/\/www.maitri.pl\/wp-content\/uploads\/2025\/07\/27parak-2.jpg\" \/>\n\t<meta property=\"og:image:width\" content=\"1040\" \/>\n\t<meta property=\"og:image:height\" content=\"780\" \/>\n\t<meta property=\"og:image:type\" content=\"image\/jpeg\" \/>\n<meta name=\"twitter:card\" content=\"summary_large_image\" \/>\n<meta name=\"twitter:label1\" content=\"Dur\u00e9e de lecture estim\u00e9e\" \/>\n\t<meta name=\"twitter:data1\" content=\"4 minutes\" \/>\n<script type=\"application\/ld+json\" class=\"yoast-schema-graph\">{\"@context\":\"https:\/\/schema.org\",\"@graph\":[{\"@type\":\"WebPage\",\"@id\":\"https:\/\/www.maitri.pl\/projekt\/budowa-kurnika-dr-kongo\/\",\"url\":\"https:\/\/www.maitri.pl\/projekt\/budowa-kurnika-dr-kongo\/\",\"name\":\"Budowa kurnika i za\u0142o\u017cenie hodowli kurczak\u00f3w w sieroci\u0144cu AFEOA\",\"isPartOf\":{\"@id\":\"https:\/\/www.maitri.pl\/#website\"},\"primaryImageOfPage\":{\"@id\":\"https:\/\/www.maitri.pl\/projekt\/budowa-kurnika-dr-kongo\/#primaryimage\"},\"image\":{\"@id\":\"https:\/\/www.maitri.pl\/projekt\/budowa-kurnika-dr-kongo\/#primaryimage\"},\"thumbnailUrl\":\"https:\/\/www.maitri.pl\/wp-content\/uploads\/2025\/07\/27parak-2.jpg\",\"datePublished\":\"2025-07-11T10:35:35+00:00\",\"dateModified\":\"2026-02-05T11:34:53+00:00\",\"description\":\"Budowa kurnika i za\u0142o\u017cenie hodowli kurczak\u00f3w dla sieroci\u0144ca AFEOA w Lubumbashi. Pom\u00f3\u017c Ka\u017cda wp\u0142ata pomaga!\",\"breadcrumb\":{\"@id\":\"https:\/\/www.maitri.pl\/projekt\/budowa-kurnika-dr-kongo\/#breadcrumb\"},\"inLanguage\":\"fr-FR\",\"potentialAction\":[{\"@type\":\"ReadAction\",\"target\":[\"https:\/\/www.maitri.pl\/projekt\/budowa-kurnika-dr-kongo\/\"]}]},{\"@type\":\"ImageObject\",\"inLanguage\":\"fr-FR\",\"@id\":\"https:\/\/www.maitri.pl\/projekt\/budowa-kurnika-dr-kongo\/#primaryimage\",\"url\":\"https:\/\/www.maitri.pl\/wp-content\/uploads\/2025\/07\/27parak-2.jpg\",\"contentUrl\":\"https:\/\/www.maitri.pl\/wp-content\/uploads\/2025\/07\/27parak-2.jpg\",\"width\":1040,\"height\":780,\"caption\":\"Budowa kurnika i za\u0142o\u017cenie hodowli kurczak\u00f3w dla sieroci\u0144ca AFEOA w Lubumbashi 01 pomoc ubogim pomoc Afryce Adopcja Serca ja\u0142mu\u017cna Adopcja Duchowa DR Kongo 01\"},{\"@type\":\"BreadcrumbList\",\"@id\":\"https:\/\/www.maitri.pl\/projekt\/budowa-kurnika-dr-kongo\/#breadcrumb\",\"itemListElement\":[{\"@type\":\"ListItem\",\"position\":1,\"name\":\"Strona g\u0142\u00f3wna\",\"item\":\"https:\/\/www.maitri.pl\/\"},{\"@type\":\"ListItem\",\"position\":2,\"name\":\"Sklep\",\"item\":\"https:\/\/www.maitri.pl\/sklep\/\"},{\"@type\":\"ListItem\",\"position\":3,\"name\":\"Budowa kurnika i za\u0142o\u017cenie hodowli kurczak\u00f3w dla sieroci\u0144ca AFEOA w Lubumbashi\"}]},{\"@type\":\"WebSite\",\"@id\":\"https:\/\/www.maitri.pl\/#website\",\"url\":\"https:\/\/www.maitri.pl\/\",\"name\":\"Adopcja Serca Maitri \u2013 pomoc dzieciom w Afryce\",\"description\":\"Adopcja Serca \u2013 adopcja na odleg\u0142o\u015b\u0107, pomoc Afryce, do\u017cywianie i edukacja w Afryce\",\"publisher\":{\"@id\":\"https:\/\/www.maitri.pl\/#organization\"},\"potentialAction\":[{\"@type\":\"SearchAction\",\"target\":{\"@type\":\"EntryPoint\",\"urlTemplate\":\"https:\/\/www.maitri.pl\/?s={search_term_string}\"},\"query-input\":{\"@type\":\"PropertyValueSpecification\",\"valueRequired\":true,\"valueName\":\"search_term_string\"}}],\"inLanguage\":\"fr-FR\"},{\"@type\":\"Organization\",\"@id\":\"https:\/\/www.maitri.pl\/#organization\",\"name\":\"Stowarzyszenie Ruchu Maitri\",\"url\":\"https:\/\/www.maitri.pl\/\",\"logo\":{\"@type\":\"ImageObject\",\"inLanguage\":\"fr-FR\",\"@id\":\"https:\/\/www.maitri.pl\/#\/schema\/logo\/image\/\",\"url\":\"https:\/\/www.maitri.pl\/wp-content\/uploads\/2020\/04\/duze_logo-81.png\",\"contentUrl\":\"https:\/\/www.maitri.pl\/wp-content\/uploads\/2020\/04\/duze_logo-81.png\",\"width\":339,\"height\":321,\"caption\":\"Stowarzyszenie Ruchu Maitri\"},\"image\":{\"@id\":\"https:\/\/www.maitri.pl\/#\/schema\/logo\/image\/\"},\"sameAs\":[\"https:\/\/www.facebook.com\/MAITRI.Adopcja.Serca.dzieci.Afryki\/\"]}]}<\/script>\n<!-- \/ Yoast SEO plugin. -->","yoast_head_json":{"title":"Budowa kurnika i za\u0142o\u017cenie hodowli kurczak\u00f3w w sieroci\u0144cu AFEOA","description":"Budowa kurnika i za\u0142o\u017cenie hodowli kurczak\u00f3w dla sieroci\u0144ca AFEOA w Lubumbashi. Pom\u00f3\u017c Ka\u017cda wp\u0142ata pomaga!","robots":{"index":"index","follow":"follow","max-snippet":"max-snippet:-1","max-image-preview":"max-image-preview:large","max-video-preview":"max-video-preview:-1"},"canonical":"https:\/\/www.maitri.pl\/projekt\/budowa-kurnika-dr-kongo\/","og_locale":"fr_FR","og_type":"article","og_title":"Budowa kurnika i za\u0142o\u017cenie hodowli kurczak\u00f3w w sieroci\u0144cu AFEOA","og_description":"Budowa kurnika i za\u0142o\u017cenie hodowli kurczak\u00f3w dla sieroci\u0144ca AFEOA w Lubumbashi. Pom\u00f3\u017c Ka\u017cda wp\u0142ata pomaga!","og_url":"https:\/\/www.maitri.pl\/projekt\/budowa-kurnika-dr-kongo\/","og_site_name":"Ruch Maitri - Adopcja Serca pomoc Afryce","article_publisher":"https:\/\/www.facebook.com\/MAITRI.Adopcja.Serca.dzieci.Afryki\/","article_modified_time":"2026-02-05T11:34:53+00:00","og_image":[{"width":1040,"height":780,"url":"https:\/\/www.maitri.pl\/wp-content\/uploads\/2025\/07\/27parak-2.jpg","type":"image\/jpeg"}],"twitter_card":"summary_large_image","twitter_misc":{"Dur\u00e9e de lecture estim\u00e9e":"4 minutes"},"schema":{"@context":"https:\/\/schema.org","@graph":[{"@type":"WebPage","@id":"https:\/\/www.maitri.pl\/projekt\/budowa-kurnika-dr-kongo\/","url":"https:\/\/www.maitri.pl\/projekt\/budowa-kurnika-dr-kongo\/","name":"Budowa kurnika i za\u0142o\u017cenie hodowli kurczak\u00f3w w sieroci\u0144cu AFEOA","isPartOf":{"@id":"https:\/\/www.maitri.pl\/#website"},"primaryImageOfPage":{"@id":"https:\/\/www.maitri.pl\/projekt\/budowa-kurnika-dr-kongo\/#primaryimage"},"image":{"@id":"https:\/\/www.maitri.pl\/projekt\/budowa-kurnika-dr-kongo\/#primaryimage"},"thumbnailUrl":"https:\/\/www.maitri.pl\/wp-content\/uploads\/2025\/07\/27parak-2.jpg","datePublished":"2025-07-11T10:35:35+00:00","dateModified":"2026-02-05T11:34:53+00:00","description":"Budowa kurnika i za\u0142o\u017cenie hodowli kurczak\u00f3w dla sieroci\u0144ca AFEOA w Lubumbashi. Pom\u00f3\u017c Ka\u017cda wp\u0142ata pomaga!","breadcrumb":{"@id":"https:\/\/www.maitri.pl\/projekt\/budowa-kurnika-dr-kongo\/#breadcrumb"},"inLanguage":"fr-FR","potentialAction":[{"@type":"ReadAction","target":["https:\/\/www.maitri.pl\/projekt\/budowa-kurnika-dr-kongo\/"]}]},{"@type":"ImageObject","inLanguage":"fr-FR","@id":"https:\/\/www.maitri.pl\/projekt\/budowa-kurnika-dr-kongo\/#primaryimage","url":"https:\/\/www.maitri.pl\/wp-content\/uploads\/2025\/07\/27parak-2.jpg","contentUrl":"https:\/\/www.maitri.pl\/wp-content\/uploads\/2025\/07\/27parak-2.jpg","width":1040,"height":780,"caption":"Budowa kurnika i za\u0142o\u017cenie hodowli kurczak\u00f3w dla sieroci\u0144ca AFEOA w Lubumbashi 01 pomoc ubogim pomoc Afryce Adopcja Serca ja\u0142mu\u017cna Adopcja Duchowa DR Kongo 01"},{"@type":"BreadcrumbList","@id":"https:\/\/www.maitri.pl\/projekt\/budowa-kurnika-dr-kongo\/#breadcrumb","itemListElement":[{"@type":"ListItem","position":1,"name":"Strona g\u0142\u00f3wna","item":"https:\/\/www.maitri.pl\/"},{"@type":"ListItem","position":2,"name":"Sklep","item":"https:\/\/www.maitri.pl\/sklep\/"},{"@type":"ListItem","position":3,"name":"Budowa kurnika i za\u0142o\u017cenie hodowli kurczak\u00f3w dla sieroci\u0144ca AFEOA w Lubumbashi"}]},{"@type":"WebSite","@id":"https:\/\/www.maitri.pl\/#website","url":"https:\/\/www.maitri.pl\/","name":"Adopcja Serca Maitri \u2013 pomoc dzieciom w Afryce","description":"Adopcja Serca \u2013 adopcja na odleg\u0142o\u015b\u0107, pomoc Afryce, do\u017cywianie i edukacja w Afryce","publisher":{"@id":"https:\/\/www.maitri.pl\/#organization"},"potentialAction":[{"@type":"SearchAction","target":{"@type":"EntryPoint","urlTemplate":"https:\/\/www.maitri.pl\/?s={search_term_string}"},"query-input":{"@type":"PropertyValueSpecification","valueRequired":true,"valueName":"search_term_string"}}],"inLanguage":"fr-FR"},{"@type":"Organization","@id":"https:\/\/www.maitri.pl\/#organization","name":"Stowarzyszenie Ruchu Maitri","url":"https:\/\/www.maitri.pl\/","logo":{"@type":"ImageObject","inLanguage":"fr-FR","@id":"https:\/\/www.maitri.pl\/#\/schema\/logo\/image\/","url":"https:\/\/www.maitri.pl\/wp-content\/uploads\/2020\/04\/duze_logo-81.png","contentUrl":"https:\/\/www.maitri.pl\/wp-content\/uploads\/2020\/04\/duze_logo-81.png","width":339,"height":321,"caption":"Stowarzyszenie Ruchu Maitri"},"image":{"@id":"https:\/\/www.maitri.pl\/#\/schema\/logo\/image\/"},"sameAs":["https:\/\/www.facebook.com\/MAITRI.Adopcja.Serca.dzieci.Afryki\/"]}]}},"_links":{"self":[{"href":"https:\/\/www.maitri.pl\/fr\/wp-json\/wp\/v2\/product\/33545","targetHints":{"allow":["GET"]}}],"collection":[{"href":"https:\/\/www.maitri.pl\/fr\/wp-json\/wp\/v2\/product"}],"about":[{"href":"https:\/\/www.maitri.pl\/fr\/wp-json\/wp\/v2\/types\/product"}],"wp:featuredmedia":[{"embeddable":true,"href":"https:\/\/www.maitri.pl\/fr\/wp-json\/wp\/v2\/media\/33553"}],"wp:attachment":[{"href":"https:\/\/www.maitri.pl\/fr\/wp-json\/wp\/v2\/media?parent=33545"}],"wp:term":[{"taxonomy":"product_brand","embeddable":true,"href":"https:\/\/www.maitri.pl\/fr\/wp-json\/wp\/v2\/product_brand?post=33545"},{"taxonomy":"product_cat","embeddable":true,"href":"https:\/\/www.maitri.pl\/fr\/wp-json\/wp\/v2\/product_cat?post=33545"},{"taxonomy":"product_tag","embeddable":true,"href":"https:\/\/www.maitri.pl\/fr\/wp-json\/wp\/v2\/product_tag?post=33545"}],"curies":[{"name":"wp","href":"https:\/\/api.w.org\/{rel}","templated":true}]}}