{"id":33379,"date":"2025-06-20T17:24:49","date_gmt":"2025-06-20T15:24:49","guid":{"rendered":"https:\/\/www.maitri.pl\/?post_type=product&#038;p=33379"},"modified":"2025-09-03T14:53:03","modified_gmt":"2025-09-03T12:53:03","slug":"ubrania-nepal","status":"publish","type":"product","link":"https:\/\/www.maitri.pl\/fr\/projekt\/ubrania-nepal\/","title":{"rendered":"Podaruj ubrania dzieciom w Nepalu \u2014 podaruj im godno\u015b\u0107 i bezpiecze\u0144stwo!"},"content":{"rendered":"<h3 data-start=\"151\" data-end=\"202\"><strong data-start=\"155\" data-end=\"202\">Bo nikt nie powinien chodzi\u0107 boso do szko\u0142y!<\/strong><\/h3>\n<p data-start=\"204\" data-end=\"700\">W Nepalu, w ma\u0142ej miejscowo\u015bci Shaktikhor, 88 dzieci codziennie pokonuje drog\u0119 do szko\u0142y\u2026 na bosaka. Wi\u0119kszo\u015b\u0107 z nich nie ma but\u00f3w. Ich stopy przecinaj\u0105 kamienie, \u017cwir i ostre trawy. Sk\u00f3ra p\u0119ka, pojawiaj\u0105 si\u0119 rany, infekcje i b\u00f3l, kt\u00f3ry staje si\u0119 cz\u0119\u015bci\u0105 codzienno\u015bci. To dzieci, kt\u00f3re nie maj\u0105 nic \u2013 poza marzeniem o normalnym dzieci\u0144stwie. Ich ubrania s\u0105 brudne, podarte, cz\u0119sto zbyt ma\u0142e lub za du\u017ce. Cz\u0119sto to jedyny komplet, jaki posiadaj\u0105, chodz\u0105 w nich ca\u0142y rok. Ubrania, kt\u00f3re otrzymali wiele lat temu, z dar\u00f3w lub po starszym rodze\u0144stwie, s\u0105 ca\u0142kowicie zu\u017cyte. Ich codzienno\u015b\u0107 to skrajne ub\u00f3stwo. Ten projekt powsta\u0142 po to, by to zmieni\u0107. W ten spos\u00f3b zapewnimy dzieciom minimum higieny, bezpiecze\u0144stwa i godno\u015bci na co dzie\u0144 oraz umo\u017cliwimy im ucz\u0119szczanie do szko\u0142y w bardziej komfortowych warunkach.<\/p>\n<h3 data-start=\"747\" data-end=\"772\"><strong data-start=\"751\" data-end=\"772\">Co chcemy zrobi\u0107? Podarowa\u0107 ubrania<\/strong><\/h3>\n<p data-start=\"774\" data-end=\"1065\">Chcemy zapewni\u0107 podstawowe ubranie i par\u0119 klapek lub lekkich but\u00f3w dla ka\u017cdego z tych 88 dzieci. To prosty zestaw: koszulka, spodnie lub sp\u00f3dniczka oraz obuwie, ale jego znaczenie jest ogromne. To nie tylko tkanina i guma, bo dla tych dzieci to bezpiecze\u0144stwo, a tak\u017ce higiena, szansa na nauk\u0119 i rado\u015b\u0107 bez wstydu. Zapewnienie podstawowego ubrania tym dzieciom bezpo\u015brednio odpowiada na ich pilne potrzeby. Ubrania i buty zostan\u0105 kupione lokalnie i przekazane dzieciom podczas zorganizowanego dnia dystrybucji w szkole. Pomagaj\u0105 nam w tym lokalni nauczyciele, kt\u00f3rzy znaj\u0105 dzieci, ich historie i potrzeby. Dzi\u0119ki temu mamy pewno\u015b\u0107, \u017ce wsparcie trafi dok\u0142adnie tam, gdzie trzeba. Ca\u0142o\u015b\u0107 b\u0119dzie dokumentowana fotograficznie, zapewniaj\u0105c przejrzysto\u015b\u0107 i skuteczno\u015b\u0107 pomocy.<\/p>\n<h3 data-start=\"1325\" data-end=\"1355\"><strong data-start=\"1329\" data-end=\"1355\">Dlaczego to tak wa\u017cne?<\/strong><\/h3>\n<p data-start=\"1357\" data-end=\"1547\">Bo godno\u015b\u0107 zaczyna si\u0119 od rzeczy podstawowych. Bezpo\u015brednimi beneficjentami projektu b\u0119dzie 88 dzieci z rodzin \u017cyj\u0105cych w skrajnym<br \/>\nub\u00f3stwie, kt\u00f3re cz\u0119sto nie posiadaj\u0105 \u017cadnego nadaj\u0105cego si\u0119 do u\u017cytku ubrania ani obuwia. Czyste ubranie i ochrona st\u00f3p to warunek, by dziecko mog\u0142o chodzi\u0107 do szko\u0142y, czu\u0107 si\u0119 bezpiecznie i mie\u0107 szans\u0119 na rozw\u00f3j. Ubrania i klapki ochroni\u0105 stopy przed skaleczeniami i zaka\u017ceniami, poprawi\u0105 komfort codziennych doj\u015b\u0107 o szko\u0142y oraz umo\u017cliwi\u0105 dzieciom regularne ucz\u0119szczanie na zaj\u0119cia w poczuciu wi\u0119kszego bezpiecze\u0144stwa i akceptacji. Dzi\u0119ki temu projektowi dajemy dzieciom co\u015b wi\u0119cej ni\u017c rzeczy materialne. Dajemy im sygna\u0142: nie jeste\u015bcie sami. Kto\u015b o Was my\u015bli!<\/p>\n<p data-start=\"702\" data-end=\"745\"><em>Aleksandra<\/em><em>\u00a0Kurnicka, <a href=\"https:\/\/www.facebook.com\/karunikatuitioncenterNEPAL\" target=\"_blank\" rel=\"noopener\">Karunika Foundation<\/a>,<\/em>\u00a0Kathmandu, <a href=\"https:\/\/www.maitri.pl\/gdzie-pomagamy\/\" target=\"_blank\" rel=\"noopener\">Nepal<\/a><\/p>\n<h4 data-start=\"702\" data-end=\"745\">Kosztorys:<\/h4>\n<p data-start=\"702\" data-end=\"745\"><img loading=\"lazy\" decoding=\"async\" class=\"alignnone wp-image-33380 size-full\" src=\"https:\/\/www.maitri.pl\/wp-content\/uploads\/2025\/06\/60kartc.png\" alt=\"\" width=\"978\" height=\"283\" srcset=\"https:\/\/www.maitri.pl\/wp-content\/uploads\/2025\/06\/60kartc.png 978w, https:\/\/www.maitri.pl\/wp-content\/uploads\/2025\/06\/60kartc-300x87.png 300w, https:\/\/www.maitri.pl\/wp-content\/uploads\/2025\/06\/60kartc-768x222.png 768w, https:\/\/www.maitri.pl\/wp-content\/uploads\/2025\/06\/60kartc-600x174.png 600w\" sizes=\"auto, (max-width: 978px) 100vw, 978px\" \/><\/p>\n<p><b><span style=\"color: #ff0000;\"><span style=\"font-size: large;\">Wnioskowana kwota: 1 870 \u20ac<\/span><\/span><\/b><\/p>\n<p><strong>Numer projektu 60\/KARTC<\/strong><\/p>\n<p>Stowarzyszenie Ruchu\u00a0<em>Maitri<\/em>\u00a0przeznacza do 10% otrzymanych \u015brodk\u00f3w na koszty funkcjonowania biura i pozyskiwanie funduszy pomocowych.<\/p>\n<h2><strong><span style=\"color: #999999;\">Podaruj ubrania dzieciom w Nepalu \u2014 podaruj im godno\u015b\u0107 i bezpiecze\u0144stwo! akcja wsp\u00f3\u0142organizowana przez Karunika Foundation Nepal<\/span><\/strong><\/h2>\n<p>&nbsp;<\/p>\n","protected":false},"excerpt":{"rendered":"<p><strong>Projekt: <\/strong><em>Aleksandra<\/em><em>\u00a0Kurnicka, <a href=\"https:\/\/www.facebook.com\/karunikatuitioncenterNEPAL\" target=\"_blank\" rel=\"noopener\">Karunika Foundation<\/a><\/em><br \/>\n<strong>Miejsce:<\/strong> Kathmandu, <a href=\"https:\/\/www.maitri.pl\/gdzie-pomagamy\/\" target=\"_blank\" rel=\"noopener\">Nepal<\/a><br \/>\n<strong>Kwota projektu: <span style=\"color: #ff0000;\">1 870 \u20ac<\/span><\/strong><\/p>\n","protected":false},"featured_media":33393,"template":"","meta":[],"product_brand":[],"product_cat":[674],"product_tag":[670,928,672],"class_list":{"0":"post-33379","1":"product","2":"type-product","3":"status-publish","4":"has-post-thumbnail","6":"product_cat-projekty-zrealizowane-w-biezacym-roku","7":"product_tag-aleksandra-kurnicka","8":"product_tag-karunika-foundation","9":"product_tag-nepal","11":"first","12":"instock","13":"virtual","14":"purchasable","15":"product-type-simple"},"yoast_head":"<!-- This site is optimized with the Yoast SEO plugin v27.2 - https:\/\/yoast.com\/product\/yoast-seo-wordpress\/ -->\n<title>Podaruj ubrania dzieciom w Nepalu \u2014 podaruj im godno\u015b\u0107!<\/title>\n<meta name=\"description\" content=\"Podaruj ubrania dzieciom w Nepalu! Chcemy zapewni\u0107 podstawowe ubranie i par\u0119 klapek lub lekkich but\u00f3w dla ka\u017cdego z 88 dzieci z Shaktikhor.\" \/>\n<meta name=\"robots\" content=\"index, follow, max-snippet:-1, max-image-preview:large, max-video-preview:-1\" \/>\n<link rel=\"canonical\" href=\"https:\/\/www.maitri.pl\/projekt\/ubrania-nepal\/\" \/>\n<meta property=\"og:locale\" content=\"fr_FR\" \/>\n<meta property=\"og:type\" content=\"article\" \/>\n<meta property=\"og:title\" content=\"Podaruj ubrania dzieciom w Nepalu \u2014 podaruj im godno\u015b\u0107!\" \/>\n<meta property=\"og:description\" content=\"Podaruj ubrania dzieciom w Nepalu! Chcemy zapewni\u0107 podstawowe ubranie i par\u0119 klapek lub lekkich but\u00f3w dla ka\u017cdego z 88 dzieci z Shaktikhor.\" \/>\n<meta property=\"og:url\" content=\"https:\/\/www.maitri.pl\/projekt\/ubrania-nepal\/\" \/>\n<meta property=\"og:site_name\" content=\"Ruch Maitri - Adopcja Serca pomoc Afryce\" \/>\n<meta property=\"article:publisher\" content=\"https:\/\/www.facebook.com\/MAITRI.Adopcja.Serca.dzieci.Afryki\/\" \/>\n<meta property=\"article:modified_time\" content=\"2025-09-03T12:53:03+00:00\" \/>\n<meta property=\"og:image\" content=\"https:\/\/www.maitri.pl\/wp-content\/uploads\/2025\/06\/60-kartc_3.jpg\" \/>\n\t<meta property=\"og:image:width\" content=\"960\" \/>\n\t<meta property=\"og:image:height\" content=\"1280\" \/>\n\t<meta property=\"og:image:type\" content=\"image\/jpeg\" \/>\n<meta name=\"twitter:card\" content=\"summary_large_image\" \/>\n<meta name=\"twitter:label1\" content=\"Dur\u00e9e de lecture estim\u00e9e\" \/>\n\t<meta name=\"twitter:data1\" content=\"3 minutes\" \/>\n<script type=\"application\/ld+json\" class=\"yoast-schema-graph\">{\"@context\":\"https:\/\/schema.org\",\"@graph\":[{\"@type\":\"WebPage\",\"@id\":\"https:\/\/www.maitri.pl\/projekt\/ubrania-nepal\/\",\"url\":\"https:\/\/www.maitri.pl\/projekt\/ubrania-nepal\/\",\"name\":\"Podaruj ubrania dzieciom w Nepalu \u2014 podaruj im godno\u015b\u0107!\",\"isPartOf\":{\"@id\":\"https:\/\/www.maitri.pl\/#website\"},\"primaryImageOfPage\":{\"@id\":\"https:\/\/www.maitri.pl\/projekt\/ubrania-nepal\/#primaryimage\"},\"image\":{\"@id\":\"https:\/\/www.maitri.pl\/projekt\/ubrania-nepal\/#primaryimage\"},\"thumbnailUrl\":\"https:\/\/www.maitri.pl\/wp-content\/uploads\/2025\/06\/60-kartc_3.jpg\",\"datePublished\":\"2025-06-20T15:24:49+00:00\",\"dateModified\":\"2025-09-03T12:53:03+00:00\",\"description\":\"Podaruj ubrania dzieciom w Nepalu! Chcemy zapewni\u0107 podstawowe ubranie i par\u0119 klapek lub lekkich but\u00f3w dla ka\u017cdego z 88 dzieci z Shaktikhor.\",\"breadcrumb\":{\"@id\":\"https:\/\/www.maitri.pl\/projekt\/ubrania-nepal\/#breadcrumb\"},\"inLanguage\":\"fr-FR\",\"potentialAction\":[{\"@type\":\"ReadAction\",\"target\":[\"https:\/\/www.maitri.pl\/projekt\/ubrania-nepal\/\"]}]},{\"@type\":\"ImageObject\",\"inLanguage\":\"fr-FR\",\"@id\":\"https:\/\/www.maitri.pl\/projekt\/ubrania-nepal\/#primaryimage\",\"url\":\"https:\/\/www.maitri.pl\/wp-content\/uploads\/2025\/06\/60-kartc_3.jpg\",\"contentUrl\":\"https:\/\/www.maitri.pl\/wp-content\/uploads\/2025\/06\/60-kartc_3.jpg\",\"width\":960,\"height\":1280,\"caption\":\"Podaruj ubrania dzieciom w Nepalu pomoc ubogim Adopcja Serca Nepal ja\u0142mu\u017cna Maitri pomaga dobroczynno\u015b\u0107 04\"},{\"@type\":\"BreadcrumbList\",\"@id\":\"https:\/\/www.maitri.pl\/projekt\/ubrania-nepal\/#breadcrumb\",\"itemListElement\":[{\"@type\":\"ListItem\",\"position\":1,\"name\":\"Strona g\u0142\u00f3wna\",\"item\":\"https:\/\/www.maitri.pl\/\"},{\"@type\":\"ListItem\",\"position\":2,\"name\":\"Sklep\",\"item\":\"https:\/\/www.maitri.pl\/sklep\/\"},{\"@type\":\"ListItem\",\"position\":3,\"name\":\"Podaruj ubrania dzieciom w Nepalu \u2014 podaruj im godno\u015b\u0107 i bezpiecze\u0144stwo!\"}]},{\"@type\":\"WebSite\",\"@id\":\"https:\/\/www.maitri.pl\/#website\",\"url\":\"https:\/\/www.maitri.pl\/\",\"name\":\"Adopcja Serca Maitri \u2013 pomoc dzieciom w Afryce\",\"description\":\"Adopcja Serca \u2013 adopcja na odleg\u0142o\u015b\u0107, pomoc Afryce, do\u017cywianie i edukacja w Afryce\",\"publisher\":{\"@id\":\"https:\/\/www.maitri.pl\/#organization\"},\"potentialAction\":[{\"@type\":\"SearchAction\",\"target\":{\"@type\":\"EntryPoint\",\"urlTemplate\":\"https:\/\/www.maitri.pl\/?s={search_term_string}\"},\"query-input\":{\"@type\":\"PropertyValueSpecification\",\"valueRequired\":true,\"valueName\":\"search_term_string\"}}],\"inLanguage\":\"fr-FR\"},{\"@type\":\"Organization\",\"@id\":\"https:\/\/www.maitri.pl\/#organization\",\"name\":\"Stowarzyszenie Ruchu Maitri\",\"url\":\"https:\/\/www.maitri.pl\/\",\"logo\":{\"@type\":\"ImageObject\",\"inLanguage\":\"fr-FR\",\"@id\":\"https:\/\/www.maitri.pl\/#\/schema\/logo\/image\/\",\"url\":\"https:\/\/www.maitri.pl\/wp-content\/uploads\/2020\/04\/duze_logo-81.png\",\"contentUrl\":\"https:\/\/www.maitri.pl\/wp-content\/uploads\/2020\/04\/duze_logo-81.png\",\"width\":339,\"height\":321,\"caption\":\"Stowarzyszenie Ruchu Maitri\"},\"image\":{\"@id\":\"https:\/\/www.maitri.pl\/#\/schema\/logo\/image\/\"},\"sameAs\":[\"https:\/\/www.facebook.com\/MAITRI.Adopcja.Serca.dzieci.Afryki\/\"]}]}<\/script>\n<!-- \/ Yoast SEO plugin. -->","yoast_head_json":{"title":"Podaruj ubrania dzieciom w Nepalu \u2014 podaruj im godno\u015b\u0107!","description":"Podaruj ubrania dzieciom w Nepalu! Chcemy zapewni\u0107 podstawowe ubranie i par\u0119 klapek lub lekkich but\u00f3w dla ka\u017cdego z 88 dzieci z Shaktikhor.","robots":{"index":"index","follow":"follow","max-snippet":"max-snippet:-1","max-image-preview":"max-image-preview:large","max-video-preview":"max-video-preview:-1"},"canonical":"https:\/\/www.maitri.pl\/projekt\/ubrania-nepal\/","og_locale":"fr_FR","og_type":"article","og_title":"Podaruj ubrania dzieciom w Nepalu \u2014 podaruj im godno\u015b\u0107!","og_description":"Podaruj ubrania dzieciom w Nepalu! Chcemy zapewni\u0107 podstawowe ubranie i par\u0119 klapek lub lekkich but\u00f3w dla ka\u017cdego z 88 dzieci z Shaktikhor.","og_url":"https:\/\/www.maitri.pl\/projekt\/ubrania-nepal\/","og_site_name":"Ruch Maitri - Adopcja Serca pomoc Afryce","article_publisher":"https:\/\/www.facebook.com\/MAITRI.Adopcja.Serca.dzieci.Afryki\/","article_modified_time":"2025-09-03T12:53:03+00:00","og_image":[{"width":960,"height":1280,"url":"https:\/\/www.maitri.pl\/wp-content\/uploads\/2025\/06\/60-kartc_3.jpg","type":"image\/jpeg"}],"twitter_card":"summary_large_image","twitter_misc":{"Dur\u00e9e de lecture estim\u00e9e":"3 minutes"},"schema":{"@context":"https:\/\/schema.org","@graph":[{"@type":"WebPage","@id":"https:\/\/www.maitri.pl\/projekt\/ubrania-nepal\/","url":"https:\/\/www.maitri.pl\/projekt\/ubrania-nepal\/","name":"Podaruj ubrania dzieciom w Nepalu \u2014 podaruj im godno\u015b\u0107!","isPartOf":{"@id":"https:\/\/www.maitri.pl\/#website"},"primaryImageOfPage":{"@id":"https:\/\/www.maitri.pl\/projekt\/ubrania-nepal\/#primaryimage"},"image":{"@id":"https:\/\/www.maitri.pl\/projekt\/ubrania-nepal\/#primaryimage"},"thumbnailUrl":"https:\/\/www.maitri.pl\/wp-content\/uploads\/2025\/06\/60-kartc_3.jpg","datePublished":"2025-06-20T15:24:49+00:00","dateModified":"2025-09-03T12:53:03+00:00","description":"Podaruj ubrania dzieciom w Nepalu! Chcemy zapewni\u0107 podstawowe ubranie i par\u0119 klapek lub lekkich but\u00f3w dla ka\u017cdego z 88 dzieci z Shaktikhor.","breadcrumb":{"@id":"https:\/\/www.maitri.pl\/projekt\/ubrania-nepal\/#breadcrumb"},"inLanguage":"fr-FR","potentialAction":[{"@type":"ReadAction","target":["https:\/\/www.maitri.pl\/projekt\/ubrania-nepal\/"]}]},{"@type":"ImageObject","inLanguage":"fr-FR","@id":"https:\/\/www.maitri.pl\/projekt\/ubrania-nepal\/#primaryimage","url":"https:\/\/www.maitri.pl\/wp-content\/uploads\/2025\/06\/60-kartc_3.jpg","contentUrl":"https:\/\/www.maitri.pl\/wp-content\/uploads\/2025\/06\/60-kartc_3.jpg","width":960,"height":1280,"caption":"Podaruj ubrania dzieciom w Nepalu pomoc ubogim Adopcja Serca Nepal ja\u0142mu\u017cna Maitri pomaga dobroczynno\u015b\u0107 04"},{"@type":"BreadcrumbList","@id":"https:\/\/www.maitri.pl\/projekt\/ubrania-nepal\/#breadcrumb","itemListElement":[{"@type":"ListItem","position":1,"name":"Strona g\u0142\u00f3wna","item":"https:\/\/www.maitri.pl\/"},{"@type":"ListItem","position":2,"name":"Sklep","item":"https:\/\/www.maitri.pl\/sklep\/"},{"@type":"ListItem","position":3,"name":"Podaruj ubrania dzieciom w Nepalu \u2014 podaruj im godno\u015b\u0107 i bezpiecze\u0144stwo!"}]},{"@type":"WebSite","@id":"https:\/\/www.maitri.pl\/#website","url":"https:\/\/www.maitri.pl\/","name":"Adopcja Serca Maitri \u2013 pomoc dzieciom w Afryce","description":"Adopcja Serca \u2013 adopcja na odleg\u0142o\u015b\u0107, pomoc Afryce, do\u017cywianie i edukacja w Afryce","publisher":{"@id":"https:\/\/www.maitri.pl\/#organization"},"potentialAction":[{"@type":"SearchAction","target":{"@type":"EntryPoint","urlTemplate":"https:\/\/www.maitri.pl\/?s={search_term_string}"},"query-input":{"@type":"PropertyValueSpecification","valueRequired":true,"valueName":"search_term_string"}}],"inLanguage":"fr-FR"},{"@type":"Organization","@id":"https:\/\/www.maitri.pl\/#organization","name":"Stowarzyszenie Ruchu Maitri","url":"https:\/\/www.maitri.pl\/","logo":{"@type":"ImageObject","inLanguage":"fr-FR","@id":"https:\/\/www.maitri.pl\/#\/schema\/logo\/image\/","url":"https:\/\/www.maitri.pl\/wp-content\/uploads\/2020\/04\/duze_logo-81.png","contentUrl":"https:\/\/www.maitri.pl\/wp-content\/uploads\/2020\/04\/duze_logo-81.png","width":339,"height":321,"caption":"Stowarzyszenie Ruchu Maitri"},"image":{"@id":"https:\/\/www.maitri.pl\/#\/schema\/logo\/image\/"},"sameAs":["https:\/\/www.facebook.com\/MAITRI.Adopcja.Serca.dzieci.Afryki\/"]}]}},"_links":{"self":[{"href":"https:\/\/www.maitri.pl\/fr\/wp-json\/wp\/v2\/product\/33379","targetHints":{"allow":["GET"]}}],"collection":[{"href":"https:\/\/www.maitri.pl\/fr\/wp-json\/wp\/v2\/product"}],"about":[{"href":"https:\/\/www.maitri.pl\/fr\/wp-json\/wp\/v2\/types\/product"}],"wp:featuredmedia":[{"embeddable":true,"href":"https:\/\/www.maitri.pl\/fr\/wp-json\/wp\/v2\/media\/33393"}],"wp:attachment":[{"href":"https:\/\/www.maitri.pl\/fr\/wp-json\/wp\/v2\/media?parent=33379"}],"wp:term":[{"taxonomy":"product_brand","embeddable":true,"href":"https:\/\/www.maitri.pl\/fr\/wp-json\/wp\/v2\/product_brand?post=33379"},{"taxonomy":"product_cat","embeddable":true,"href":"https:\/\/www.maitri.pl\/fr\/wp-json\/wp\/v2\/product_cat?post=33379"},{"taxonomy":"product_tag","embeddable":true,"href":"https:\/\/www.maitri.pl\/fr\/wp-json\/wp\/v2\/product_tag?post=33379"}],"curies":[{"name":"wp","href":"https:\/\/api.w.org\/{rel}","templated":true}]}}