{"id":33308,"date":"2025-06-09T18:42:08","date_gmt":"2025-06-09T16:42:08","guid":{"rendered":"https:\/\/www.maitri.pl\/?post_type=product&#038;p=33308"},"modified":"2025-11-18T11:35:28","modified_gmt":"2025-11-18T10:35:28","slug":"wyprawka-na-start-buraniro","status":"publish","type":"product","link":"https:\/\/www.maitri.pl\/fr\/projekt\/wyprawka-na-start-buraniro\/","title":{"rendered":"Wyprawka na start \u2013 realna pomoc dla m\u0142odych absolwent\u00f3w z Buraniro w Burundi"},"content":{"rendered":"<h3 data-start=\"267\" data-end=\"331\"><strong data-start=\"271\" data-end=\"331\">Wyprawka na start \u2013 realna pomoc dla m\u0142odych absolwent\u00f3w<\/strong><\/h3>\n<p data-start=\"333\" data-end=\"863\">W tym roku 20 uczni\u00f3w ko\u0144czy nauk\u0119 w naszej szkole zawodowej. Dzi\u0119ki programowi <strong data-start=\"413\" data-end=\"430\">Adopcja Serca<\/strong> otrzymuj\u0105 oni sta\u0142e wsparcie finansowe, kt\u00f3re pozwala pokry\u0107 podstawowe koszty edukacji, jak op\u0142acenie nauczyciela, zakup materia\u0142\u00f3w do nauki oraz bie\u017c\u0105ce potrzeby zwi\u0105zane z \u017cyciem szkolnym. M\u0142odzie\u017c uczy si\u0119 zawodu z pe\u0142nym zaanga\u017cowaniem, wykorzystuj\u0105c dost\u0119pne na miejscu wyposa\u017cenie. Co wi\u0119cej, uczniowie samodzielnie wykonuj\u0105 sto\u0142y, krzes\u0142a, \u0142\u00f3\u017cka, a dziewcz\u0119ta szyj\u0105 w\u0142asne ubrania \u2013 ucz\u0105c si\u0119 nie tylko fachu, ale i zaradno\u015bci.<\/p>\n<p data-start=\"865\" data-end=\"1204\">Niestety, szko\u0142a nie dysponuje \u015brodkami, kt\u00f3re pozwoli\u0142yby wyposa\u017cy\u0107 ka\u017cdego absolwenta w podstawowe narz\u0119dzia po zako\u0144czeniu nauki. A w\u0142a\u015bnie taka wyprawka na start, czyli zestaw sprz\u0119tu, jest kluczowy, by m\u0142odzi ludzie mogli rozpocz\u0105\u0107 samodzielne \u017cycie i wykorzysta\u0107 zdobyt\u0105 wiedz\u0119 w praktyce. Dzi\u0119ki narz\u0119dziom b\u0119d\u0105 mogli zarabia\u0107 na w\u0142asne utrzymanie i wspieraj\u0105c swoje rodziny.<\/p>\n<h3 data-start=\"1206\" data-end=\"1247\"><strong data-start=\"1210\" data-end=\"1247\">Czego potrzebuj\u0105 nasi absolwenci?<\/strong><\/h3>\n<p data-start=\"1249\" data-end=\"1354\">Ch\u0142opcy ucz\u0105cy si\u0119 zawodu stolarza, aby m\u00f3c pracowa\u0107 po szkole, potrzebuj\u0105 zestawu podstawowych narz\u0119dzi:<\/p>\n<p data-start=\"1357\" data-end=\"1363\">hebel,<\/p>\n<p data-start=\"1366\" data-end=\"1372\">d\u0142uta,<\/p>\n<p data-start=\"1375\" data-end=\"1382\">m\u0142otek,<\/p>\n<p data-start=\"1385\" data-end=\"1397\">pi\u0142a r\u0119czna,<\/p>\n<p data-start=\"1400\" data-end=\"1427\">wiertarka r\u0119czna i wiert\u0142a,<\/p>\n<p data-start=\"1430\" data-end=\"1437\">obc\u0119gi,<\/p>\n<p data-start=\"1440\" data-end=\"1448\">pilniki.<\/p>\n<p data-start=\"1450\" data-end=\"1553\">Dziewcz\u0119ta, kt\u00f3re ko\u0144cz\u0105 szko\u0142\u0119 krawieck\u0105, marz\u0105 o w\u0142asnym zestawie do szycia, w sk\u0142ad kt\u00f3rego wchodzi:<\/p>\n<p data-start=\"1556\" data-end=\"1574\">maszyna do szycia,<\/p>\n<p data-start=\"1577\" data-end=\"1595\">no\u017cyce krawieckie,<\/p>\n<p data-start=\"1598\" data-end=\"1603\">nici,<\/p>\n<p data-start=\"1606\" data-end=\"1629\">miara krawiecka (metr),<\/p>\n<p data-start=\"1632\" data-end=\"1660\">2 kupony materia\u0142u na start.<\/p>\n<p data-start=\"1662\" data-end=\"1866\">Taka <strong data-start=\"1667\" data-end=\"1688\">wyprawka zawodowa<\/strong> to dla nich co\u015b znacznie wi\u0119cej ni\u017c tylko narz\u0119dzia, to szansa na niezale\u017cno\u015b\u0107, godne \u017cycie i przysz\u0142o\u015b\u0107 bez biedy. To symbol zaufania i realnej nadziei, kt\u00f3r\u0105 nios\u0105 Darczy\u0144cy, bo w\u00a0ubieg\u0142ym roku dzi\u0119ki hojno\u015bci ludzi dobrej woli uda\u0142o si\u0119 wyposa\u017cy\u0107 grup\u0119 absolwent\u00f3w. Ich wdzi\u0119czno\u015b\u0107 i rado\u015b\u0107 by\u0142y ogromne, a zdj\u0119cia, kt\u00f3re do\u0142\u0105czamy poni\u017cej, m\u00f3wi\u0105 wi\u0119cej ni\u017c s\u0142owa.<\/p>\n<h3 data-start=\"2056\" data-end=\"2084\"><strong data-start=\"2060\" data-end=\"2084\">Ty te\u017c mo\u017cesz pom\u00f3c!<\/strong><\/h3>\n<p data-start=\"2086\" data-end=\"2260\">Drodzy Przyjaciele, z ca\u0142ego serca prosimy o wsparcie r\u00f3wnie\u017c w tym roku. Ka\u017cda wp\u0142ata przybli\u017ca naszych uczni\u00f3w do samodzielno\u015bci i pozwala im z odwag\u0105 wkroczy\u0107 w doros\u0142o\u015b\u0107.<\/p>\n<p data-start=\"2262\" data-end=\"2315\">Z modlitw\u0105 i wdzi\u0119czno\u015bci\u0105,<br data-start=\"2289\" data-end=\"2292\" \/><strong data-start=\"2292\" data-end=\"2315\">s. Ezechiela Pyszka<\/strong><\/p>\n<h3>Kosztorys:<\/h3>\n<ol>\n<li>Maszyny do szycia dla 15 uczni\u00f3w &#8211; \u0142\u0105cznie 14 800 000 fbu<\/li>\n<li>Narz\u0119dzia dla stolarzy 5 uczni\u00f3w &#8211; \u0142\u0105cznie 5 000 000 fbu<\/li>\n<\/ol>\n<p><strong>RAZEM 19 800 000 frank\u00f3w burundyjskich<\/strong><\/p>\n<p><em><strong>Podsumowanie w miejscowej walucie: 19 800 000 frank\u00f3w burundyjskich<\/strong><\/em><\/p>\n<p><em>Siostra Ezechiela Pyszka<\/em>, <a href=\"http:\/\/kanoniczki.pl\/index.php\/pojdz-za-mna\/moje-powolanie\/260-jestem-afrykanka\"> Zgromadzenie Si\u00f3str Kanoniczek Ducha \u015awi\u0119tego de Saxia<\/a>, Buraniro, <a href=\"https:\/\/www.maitri.pl\/gdzie-pomagamy\/\" target=\"_blank\" rel=\"noopener noreferrer\">Burundi<\/a><\/p>\n<p style=\"text-align: justify;\" align=\"JUSTIFY\"><span style=\"color: #ff0000;\"><span style=\"font-size: large;\"><b>Kwota projektu: 3 340 \u20ac<br \/>\n<\/b><\/span><\/span><\/p>\n<p style=\"text-align: justify;\"><strong>Numer projektu: 247\/DUCHA<\/strong><\/p>\n<p align=\"JUSTIFY\">Kwota przekazana: 2 662 \u20ac<\/p>\n<p style=\"text-align: justify;\" align=\"JUSTIFY\"><span style=\"color: #808080;\">Stowarzyszenie Ruchu\u00a0<em>Maitri<\/em>\u00a0przeznacza do 10% otrzymanych \u015brodk\u00f3w na koszty funkcjonowania biura i pozyskiwanie funduszy pomocowych.<\/span><\/p>\n<h3 style=\"text-align: justify;\" align=\"JUSTIFY\"><span style=\"color: #808080;\">Wyprawka na start \u2013 realna pomoc dla m\u0142odych absolwent\u00f3w z Buraniro w Burundi, Siostry Kanoniczki<\/span><\/h3>\n","protected":false},"excerpt":{"rendered":"<p><strong>Projekt:<\/strong> <em>Siostra Ezechiela Pyszka<\/em>, <a href=\"http:\/\/kanoniczki.pl\/index.php\/pojdz-za-mna\/moje-powolanie\/260-jestem-afrykanka\"> Zgromadzenie Si\u00f3str Kanoniczek Ducha \u015awi\u0119tego de Saxia<\/a><br \/>\n<strong>Misja:<\/strong> Buraniro, <a href=\"https:\/\/www.maitri.pl\/gdzie-pomagamy\/\" target=\"_blank\" rel=\"noopener noreferrer\">Burundi<\/a><br \/>\n<strong>Zbierana kwota: <span style=\"color: #ff0000;\">3 340\u20ac<\/span><\/strong><\/p>\n","protected":false},"featured_media":33313,"template":"","meta":[],"product_brand":[],"product_cat":[674],"product_tag":[666,667,668,845],"class_list":{"0":"post-33308","1":"product","2":"type-product","3":"status-publish","4":"has-post-thumbnail","6":"product_cat-projekty-zrealizowane-w-biezacym-roku","7":"product_tag-buraniro","8":"product_tag-burundi","9":"product_tag-siostra-ezechiela-pyszka","10":"product_tag-zgromadzenie-siostr-kanoniczek-ducha-swietego","12":"first","13":"instock","14":"virtual","15":"purchasable","16":"product-type-simple"},"yoast_head":"<!-- This site is optimized with the Yoast SEO plugin v27.2 - https:\/\/yoast.com\/product\/yoast-seo-wordpress\/ -->\n<title>Wyprawka na start \u2013 realna pomoc dla m\u0142odych absolwent\u00f3w<\/title>\n<meta name=\"description\" content=\"Wyprawka na start \u2013 realna pomoc dla m\u0142odych absolwent\u00f3w z Buraniro w Burundi. O pomoc prosz\u0105 Siostry Kanoniczki. Ka\u017cda wp\u0142ata pomaga!\" \/>\n<meta name=\"robots\" content=\"index, follow, max-snippet:-1, max-image-preview:large, max-video-preview:-1\" \/>\n<link rel=\"canonical\" href=\"https:\/\/www.maitri.pl\/projekt\/wyprawka-na-start-buraniro\/\" \/>\n<meta property=\"og:locale\" content=\"fr_FR\" \/>\n<meta property=\"og:type\" content=\"article\" \/>\n<meta property=\"og:title\" content=\"Wyprawka na start \u2013 realna pomoc dla m\u0142odych absolwent\u00f3w\" \/>\n<meta property=\"og:description\" content=\"Wyprawka na start \u2013 realna pomoc dla m\u0142odych absolwent\u00f3w z Buraniro w Burundi. O pomoc prosz\u0105 Siostry Kanoniczki. Ka\u017cda wp\u0142ata pomaga!\" \/>\n<meta property=\"og:url\" content=\"https:\/\/www.maitri.pl\/projekt\/wyprawka-na-start-buraniro\/\" \/>\n<meta property=\"og:site_name\" content=\"Ruch Maitri - Adopcja Serca pomoc Afryce\" \/>\n<meta property=\"article:publisher\" content=\"https:\/\/www.facebook.com\/MAITRI.Adopcja.Serca.dzieci.Afryki\/\" \/>\n<meta property=\"article:modified_time\" content=\"2025-11-18T10:35:28+00:00\" \/>\n<meta property=\"og:image\" content=\"https:\/\/www.maitri.pl\/wp-content\/uploads\/2025\/06\/247-ducha-2.jpg\" \/>\n\t<meta property=\"og:image:width\" content=\"1849\" \/>\n\t<meta property=\"og:image:height\" content=\"833\" \/>\n\t<meta property=\"og:image:type\" content=\"image\/jpeg\" \/>\n<meta name=\"twitter:card\" content=\"summary_large_image\" \/>\n<meta name=\"twitter:label1\" content=\"Dur\u00e9e de lecture estim\u00e9e\" \/>\n\t<meta name=\"twitter:data1\" content=\"3 minutes\" \/>\n<script type=\"application\/ld+json\" class=\"yoast-schema-graph\">{\"@context\":\"https:\/\/schema.org\",\"@graph\":[{\"@type\":\"WebPage\",\"@id\":\"https:\/\/www.maitri.pl\/projekt\/wyprawka-na-start-buraniro\/\",\"url\":\"https:\/\/www.maitri.pl\/projekt\/wyprawka-na-start-buraniro\/\",\"name\":\"Wyprawka na start \u2013 realna pomoc dla m\u0142odych absolwent\u00f3w\",\"isPartOf\":{\"@id\":\"https:\/\/www.maitri.pl\/#website\"},\"primaryImageOfPage\":{\"@id\":\"https:\/\/www.maitri.pl\/projekt\/wyprawka-na-start-buraniro\/#primaryimage\"},\"image\":{\"@id\":\"https:\/\/www.maitri.pl\/projekt\/wyprawka-na-start-buraniro\/#primaryimage\"},\"thumbnailUrl\":\"https:\/\/www.maitri.pl\/wp-content\/uploads\/2025\/06\/247-ducha-2.jpg\",\"datePublished\":\"2025-06-09T16:42:08+00:00\",\"dateModified\":\"2025-11-18T10:35:28+00:00\",\"description\":\"Wyprawka na start \u2013 realna pomoc dla m\u0142odych absolwent\u00f3w z Buraniro w Burundi. O pomoc prosz\u0105 Siostry Kanoniczki. Ka\u017cda wp\u0142ata pomaga!\",\"breadcrumb\":{\"@id\":\"https:\/\/www.maitri.pl\/projekt\/wyprawka-na-start-buraniro\/#breadcrumb\"},\"inLanguage\":\"fr-FR\",\"potentialAction\":[{\"@type\":\"ReadAction\",\"target\":[\"https:\/\/www.maitri.pl\/projekt\/wyprawka-na-start-buraniro\/\"]}]},{\"@type\":\"ImageObject\",\"inLanguage\":\"fr-FR\",\"@id\":\"https:\/\/www.maitri.pl\/projekt\/wyprawka-na-start-buraniro\/#primaryimage\",\"url\":\"https:\/\/www.maitri.pl\/wp-content\/uploads\/2025\/06\/247-ducha-2.jpg\",\"contentUrl\":\"https:\/\/www.maitri.pl\/wp-content\/uploads\/2025\/06\/247-ducha-2.jpg\",\"width\":1849,\"height\":833,\"caption\":\"Wyprawka na start \u2013 realna pomoc dla m\u0142odych absolwent\u00f3w z Buraniro w Burundi Siostry Kanoniczki Adopcja Serca Adopcja Duchowa ja\u0142mu\u017cna pomoc ubogim pomoc od serca Maitri pomaga 02\"},{\"@type\":\"BreadcrumbList\",\"@id\":\"https:\/\/www.maitri.pl\/projekt\/wyprawka-na-start-buraniro\/#breadcrumb\",\"itemListElement\":[{\"@type\":\"ListItem\",\"position\":1,\"name\":\"Strona g\u0142\u00f3wna\",\"item\":\"https:\/\/www.maitri.pl\/\"},{\"@type\":\"ListItem\",\"position\":2,\"name\":\"Sklep\",\"item\":\"https:\/\/www.maitri.pl\/sklep\/\"},{\"@type\":\"ListItem\",\"position\":3,\"name\":\"Wyprawka na start \u2013 realna pomoc dla m\u0142odych absolwent\u00f3w z Buraniro w Burundi\"}]},{\"@type\":\"WebSite\",\"@id\":\"https:\/\/www.maitri.pl\/#website\",\"url\":\"https:\/\/www.maitri.pl\/\",\"name\":\"Adopcja Serca Maitri \u2013 pomoc dzieciom w Afryce\",\"description\":\"Adopcja Serca \u2013 adopcja na odleg\u0142o\u015b\u0107, pomoc Afryce, do\u017cywianie i edukacja w Afryce\",\"publisher\":{\"@id\":\"https:\/\/www.maitri.pl\/#organization\"},\"potentialAction\":[{\"@type\":\"SearchAction\",\"target\":{\"@type\":\"EntryPoint\",\"urlTemplate\":\"https:\/\/www.maitri.pl\/?s={search_term_string}\"},\"query-input\":{\"@type\":\"PropertyValueSpecification\",\"valueRequired\":true,\"valueName\":\"search_term_string\"}}],\"inLanguage\":\"fr-FR\"},{\"@type\":\"Organization\",\"@id\":\"https:\/\/www.maitri.pl\/#organization\",\"name\":\"Stowarzyszenie Ruchu Maitri\",\"url\":\"https:\/\/www.maitri.pl\/\",\"logo\":{\"@type\":\"ImageObject\",\"inLanguage\":\"fr-FR\",\"@id\":\"https:\/\/www.maitri.pl\/#\/schema\/logo\/image\/\",\"url\":\"https:\/\/www.maitri.pl\/wp-content\/uploads\/2020\/04\/duze_logo-81.png\",\"contentUrl\":\"https:\/\/www.maitri.pl\/wp-content\/uploads\/2020\/04\/duze_logo-81.png\",\"width\":339,\"height\":321,\"caption\":\"Stowarzyszenie Ruchu Maitri\"},\"image\":{\"@id\":\"https:\/\/www.maitri.pl\/#\/schema\/logo\/image\/\"},\"sameAs\":[\"https:\/\/www.facebook.com\/MAITRI.Adopcja.Serca.dzieci.Afryki\/\"]}]}<\/script>\n<!-- \/ Yoast SEO plugin. -->","yoast_head_json":{"title":"Wyprawka na start \u2013 realna pomoc dla m\u0142odych absolwent\u00f3w","description":"Wyprawka na start \u2013 realna pomoc dla m\u0142odych absolwent\u00f3w z Buraniro w Burundi. O pomoc prosz\u0105 Siostry Kanoniczki. Ka\u017cda wp\u0142ata pomaga!","robots":{"index":"index","follow":"follow","max-snippet":"max-snippet:-1","max-image-preview":"max-image-preview:large","max-video-preview":"max-video-preview:-1"},"canonical":"https:\/\/www.maitri.pl\/projekt\/wyprawka-na-start-buraniro\/","og_locale":"fr_FR","og_type":"article","og_title":"Wyprawka na start \u2013 realna pomoc dla m\u0142odych absolwent\u00f3w","og_description":"Wyprawka na start \u2013 realna pomoc dla m\u0142odych absolwent\u00f3w z Buraniro w Burundi. O pomoc prosz\u0105 Siostry Kanoniczki. Ka\u017cda wp\u0142ata pomaga!","og_url":"https:\/\/www.maitri.pl\/projekt\/wyprawka-na-start-buraniro\/","og_site_name":"Ruch Maitri - Adopcja Serca pomoc Afryce","article_publisher":"https:\/\/www.facebook.com\/MAITRI.Adopcja.Serca.dzieci.Afryki\/","article_modified_time":"2025-11-18T10:35:28+00:00","og_image":[{"width":1849,"height":833,"url":"https:\/\/www.maitri.pl\/wp-content\/uploads\/2025\/06\/247-ducha-2.jpg","type":"image\/jpeg"}],"twitter_card":"summary_large_image","twitter_misc":{"Dur\u00e9e de lecture estim\u00e9e":"3 minutes"},"schema":{"@context":"https:\/\/schema.org","@graph":[{"@type":"WebPage","@id":"https:\/\/www.maitri.pl\/projekt\/wyprawka-na-start-buraniro\/","url":"https:\/\/www.maitri.pl\/projekt\/wyprawka-na-start-buraniro\/","name":"Wyprawka na start \u2013 realna pomoc dla m\u0142odych absolwent\u00f3w","isPartOf":{"@id":"https:\/\/www.maitri.pl\/#website"},"primaryImageOfPage":{"@id":"https:\/\/www.maitri.pl\/projekt\/wyprawka-na-start-buraniro\/#primaryimage"},"image":{"@id":"https:\/\/www.maitri.pl\/projekt\/wyprawka-na-start-buraniro\/#primaryimage"},"thumbnailUrl":"https:\/\/www.maitri.pl\/wp-content\/uploads\/2025\/06\/247-ducha-2.jpg","datePublished":"2025-06-09T16:42:08+00:00","dateModified":"2025-11-18T10:35:28+00:00","description":"Wyprawka na start \u2013 realna pomoc dla m\u0142odych absolwent\u00f3w z Buraniro w Burundi. O pomoc prosz\u0105 Siostry Kanoniczki. Ka\u017cda wp\u0142ata pomaga!","breadcrumb":{"@id":"https:\/\/www.maitri.pl\/projekt\/wyprawka-na-start-buraniro\/#breadcrumb"},"inLanguage":"fr-FR","potentialAction":[{"@type":"ReadAction","target":["https:\/\/www.maitri.pl\/projekt\/wyprawka-na-start-buraniro\/"]}]},{"@type":"ImageObject","inLanguage":"fr-FR","@id":"https:\/\/www.maitri.pl\/projekt\/wyprawka-na-start-buraniro\/#primaryimage","url":"https:\/\/www.maitri.pl\/wp-content\/uploads\/2025\/06\/247-ducha-2.jpg","contentUrl":"https:\/\/www.maitri.pl\/wp-content\/uploads\/2025\/06\/247-ducha-2.jpg","width":1849,"height":833,"caption":"Wyprawka na start \u2013 realna pomoc dla m\u0142odych absolwent\u00f3w z Buraniro w Burundi Siostry Kanoniczki Adopcja Serca Adopcja Duchowa ja\u0142mu\u017cna pomoc ubogim pomoc od serca Maitri pomaga 02"},{"@type":"BreadcrumbList","@id":"https:\/\/www.maitri.pl\/projekt\/wyprawka-na-start-buraniro\/#breadcrumb","itemListElement":[{"@type":"ListItem","position":1,"name":"Strona g\u0142\u00f3wna","item":"https:\/\/www.maitri.pl\/"},{"@type":"ListItem","position":2,"name":"Sklep","item":"https:\/\/www.maitri.pl\/sklep\/"},{"@type":"ListItem","position":3,"name":"Wyprawka na start \u2013 realna pomoc dla m\u0142odych absolwent\u00f3w z Buraniro w Burundi"}]},{"@type":"WebSite","@id":"https:\/\/www.maitri.pl\/#website","url":"https:\/\/www.maitri.pl\/","name":"Adopcja Serca Maitri \u2013 pomoc dzieciom w Afryce","description":"Adopcja Serca \u2013 adopcja na odleg\u0142o\u015b\u0107, pomoc Afryce, do\u017cywianie i edukacja w Afryce","publisher":{"@id":"https:\/\/www.maitri.pl\/#organization"},"potentialAction":[{"@type":"SearchAction","target":{"@type":"EntryPoint","urlTemplate":"https:\/\/www.maitri.pl\/?s={search_term_string}"},"query-input":{"@type":"PropertyValueSpecification","valueRequired":true,"valueName":"search_term_string"}}],"inLanguage":"fr-FR"},{"@type":"Organization","@id":"https:\/\/www.maitri.pl\/#organization","name":"Stowarzyszenie Ruchu Maitri","url":"https:\/\/www.maitri.pl\/","logo":{"@type":"ImageObject","inLanguage":"fr-FR","@id":"https:\/\/www.maitri.pl\/#\/schema\/logo\/image\/","url":"https:\/\/www.maitri.pl\/wp-content\/uploads\/2020\/04\/duze_logo-81.png","contentUrl":"https:\/\/www.maitri.pl\/wp-content\/uploads\/2020\/04\/duze_logo-81.png","width":339,"height":321,"caption":"Stowarzyszenie Ruchu Maitri"},"image":{"@id":"https:\/\/www.maitri.pl\/#\/schema\/logo\/image\/"},"sameAs":["https:\/\/www.facebook.com\/MAITRI.Adopcja.Serca.dzieci.Afryki\/"]}]}},"_links":{"self":[{"href":"https:\/\/www.maitri.pl\/fr\/wp-json\/wp\/v2\/product\/33308","targetHints":{"allow":["GET"]}}],"collection":[{"href":"https:\/\/www.maitri.pl\/fr\/wp-json\/wp\/v2\/product"}],"about":[{"href":"https:\/\/www.maitri.pl\/fr\/wp-json\/wp\/v2\/types\/product"}],"wp:featuredmedia":[{"embeddable":true,"href":"https:\/\/www.maitri.pl\/fr\/wp-json\/wp\/v2\/media\/33313"}],"wp:attachment":[{"href":"https:\/\/www.maitri.pl\/fr\/wp-json\/wp\/v2\/media?parent=33308"}],"wp:term":[{"taxonomy":"product_brand","embeddable":true,"href":"https:\/\/www.maitri.pl\/fr\/wp-json\/wp\/v2\/product_brand?post=33308"},{"taxonomy":"product_cat","embeddable":true,"href":"https:\/\/www.maitri.pl\/fr\/wp-json\/wp\/v2\/product_cat?post=33308"},{"taxonomy":"product_tag","embeddable":true,"href":"https:\/\/www.maitri.pl\/fr\/wp-json\/wp\/v2\/product_tag?post=33308"}],"curies":[{"name":"wp","href":"https:\/\/api.w.org\/{rel}","templated":true}]}}