{"id":33271,"date":"2025-05-26T13:42:49","date_gmt":"2025-05-26T11:42:49","guid":{"rendered":"https:\/\/www.maitri.pl\/?post_type=product&#038;p=33271"},"modified":"2026-03-10T17:42:57","modified_gmt":"2026-03-10T16:42:57","slug":"kontynuacja-pomocy-dla-aleppo-wsparcie-dla-osob-dotknietych-wojna","status":"publish","type":"product","link":"https:\/\/www.maitri.pl\/fr\/projekt\/kontynuacja-pomocy-dla-aleppo-wsparcie-dla-osob-dotknietych-wojna\/","title":{"rendered":"Kontynuacja pomocy dla Aleppo &#8211; wsparcie dla os\u00f3b dotkni\u0119tych wojn\u0105"},"content":{"rendered":"<div class=\"flex max-w-full flex-col flex-grow\">\n<div class=\"min-h-8 text-message flex w-full flex-col items-end gap-2 whitespace-normal break-words text-start [.text-message+&amp;]:mt-5\" dir=\"auto\" data-message-author-role=\"assistant\" data-message-id=\"61af4f3d-19b9-43a3-a4eb-0d237f9e7f15\" data-message-model-slug=\"gpt-4o\">\n<div class=\"flex w-full flex-col gap-1 empty:hidden first:pt-[3px]\">\n<div class=\"markdown prose w-full break-words dark:prose-invert dark\">\n<h3><strong>Pomoc Syrii: wsparcie dla os\u00f3b dotkni\u0119tych wojn\u0105 w Aleppo<\/strong><\/h3>\n<p>Od ponad dekady Syria zmaga si\u0119 z dramatycznymi skutkami wyniszczaj\u0105cej wojny domowej. Jej ci\u0119\u017car spada przede wszystkim na ludno\u015b\u0107 cywiln\u0105 \u2013 najs\u0142abszych, bezbronnych, cz\u0119sto pozbawionych jakiejkolwiek nadziei na lepsze jutro. W\u015br\u00f3d ofiar s\u0105 osoby starsze, chore, niepe\u0142nosprawne, a tak\u017ce dzieci, kt\u00f3re dorastaj\u0105 w cieniu ruin i codziennych dramat\u00f3w. Cho\u0107 konflikt stopniowo wygasa, a nowe w\u0142adze zapewniaj\u0105, \u017ce wprowadz\u0105 pok\u00f3j i b\u0119d\u0105 tolerancyjne, to sytuacja w Aleppo pozostaje niespokojna, a mieszka\u0144cy wci\u0105\u017c s\u0142ysz\u0105 wybuchy. Wcze\u015bniejsze wieloletnie zmagania zbrojne przynios\u0142y miastu zniszczenia na niewyobra\u017caln\u0105 skal\u0119 \u2013 domy, szko\u0142y, szpitale zamieni\u0142y si\u0119 w gruzowiska, a infrastruktura pozostaje w stanie ca\u0142kowitego rozk\u0142adu. Codzienne \u017cycie mieszka\u0144c\u00f3w to nieustanna walka z g\u0142odem, bied\u0105 i brakiem perspektyw. <strong>Bezrobocie, ogromna inflacja i brak dost\u0119pu do podstawowych towar\u00f3w sprawiaj\u0105, \u017ce przetrwanie sta\u0142o si\u0119 najwi\u0119kszym wyzwaniem miejscowej ludno\u015bci.<\/strong><\/p>\n<h3><strong>Tragedia mieszka\u0144c\u00f3w Aleppo<\/strong><\/h3>\n<p>Od 2017 roku Ruch Solidarno\u015bci z Ubogimi Trzeciego \u015awiata MAITRI niesie pomoc mieszka\u0144com Aleppo, kt\u00f3rzy do\u015bwiadczaj\u0105 skutk\u00f3w wojny oraz niedawnych kl\u0119sk \u017cywio\u0142owych. Sytuacja humanitarna jest krytyczna. Warto\u015b\u0107 syryjskiego funta dramatycznie spad\u0142a, a ceny \u017cywno\u015bci wzros\u0142y nawet czterokrotnie. Nawet najbardziej podstawowe produkty s\u0105 poza zasi\u0119giem wi\u0119kszo\u015bci rodzin. Wiele os\u00f3b straci\u0142o prac\u0119, a pa\u0144stwowi pracownicy od miesi\u0119cy nie otrzymuj\u0105 wynagrodzenia.<\/p>\n<p><strong>Mimo tych dramatycznych warunk\u00f3w, syryjscy chrze\u015bcijanie staraj\u0105 si\u0119 by\u0107 \u015bwiat\u0142em w mroku. <\/strong><a href=\"http:\/\/www.facebook.com\/latinparish.aleppo\">Parafia \u015awi\u0119tego Franciszka z Asy\u017cu<\/a>, w zachodniej cz\u0119\u015bci Aleppo organizuje inicjatywy, kt\u00f3re przynosz\u0105 mieszka\u0144com nadziej\u0119 i ulg\u0119. Kuchnia dla ubogich codziennie karmi ponad 1 500 os\u00f3b, a zgromadzenie zakonne aktywnie wspiera rodziny, m\u0142odzie\u017c i dzieci, staraj\u0105c si\u0119 przywraca\u0107 poczucie normalno\u015bci. Pomoc ta trafia do najbardziej potrzebuj\u0105cych \u2013 wd\u00f3w, sierot, os\u00f3b starszych i niepe\u0142nosprawnych. W mie\u015bcie, gdzie rodzice rezygnuj\u0105 z w\u0142asnych posi\u0142k\u00f3w, aby wykarmi\u0107 dzieci, ka\u017cde wsparcie ma ogromne znaczenie. Wi\u0119cej na temat sytuacji lokalnej ludno\u015bci mo\u017cna przeczyta\u0107 w artykule &#8211; <a href=\"https:\/\/www.maitri.pl\/wsparcie-dla-wspolnoty-chrzescijanskiej-w-syrii-list-od-nadine-z-aleppo\/\">Wsparcie dla wsp\u00f3lnoty chrze\u015bcija\u0144skiej w Syrii \u2013 list od Nadine z Aleppo<\/a>.<\/p>\n<h3><strong>Nowe wyzwania i przysz\u0142o\u015b\u0107 Syrii<\/strong><\/h3>\n<p>Przysz\u0142o\u015b\u0107 kraju jest niepewna. Cho\u0107 pojawiaj\u0105 si\u0119 obietnice, \u017ce Syria stanie si\u0119 pa\u0144stwem tolerancyjnym i zapewni wolno\u015b\u0107 religijn\u0105, strach przed nadchodz\u0105cymi zmianami jest g\u0142\u0119boko zakorzeniony w sercach mieszka\u0144c\u00f3w. Chrze\u015bcijanie, kt\u00f3rzy przez lata stanowili integraln\u0105 cz\u0119\u015b\u0107 syryjskiego spo\u0142ecze\u0144stwa, teraz musz\u0105 zmierzy\u0107 si\u0119 z nowymi wyzwaniami w pluralistycznym, a jednocze\u015bnie wci\u0105\u017c naznaczonym ekstremizmem spo\u0142ecze\u0144stwie.<strong> Misj\u0105 wsp\u00f3lnot chrze\u015bcija\u0144skich w Syrii jest bycie dobrym zaczynem \u2013 nios\u0105cym pok\u00f3j, nadziej\u0119 i pomoc. Jednak by m\u00f3c kontynuowa\u0107 to dzie\u0142o, potrzebuj\u0105 wsparcia mi\u0119dzynarodowej spo\u0142eczno\u015bci ludzi dobrej woli.<\/strong><\/p>\n<h3>Aktualizacja<\/h3>\n<\/div>\n<p><strong>Poni\u017cej przedstawiamy list z Aleppo na temat aktualnej sytuacji w mie\u015bcie. (z 04.11.2025)<\/strong><\/p>\n<div class=\"markdown prose w-full break-words dark:prose-invert dark\">\n<p><em>Drodzy bracia i siostry w Chrystusie,<\/em><br \/>\n<em>Niech pok\u00f3j Pa\u0144ski wype\u0142ni Wasze serca.<\/em><\/p>\n<p><em>Pisz\u0119 do Was dzisiaj z wdzi\u0119czno\u015bci\u0105 i g\u0142\u0119bokim zaniepokojeniem. <strong>Wdzi\u0119czno\u015bci\u0105 \u2013 za Wasz\u0105 nies\u0142abn\u0105c\u0105 hojno\u015b\u0107 i przyja\u017a\u0144 przez lata, a tak\u017ce trosk\u0105 \u2013 za pogarszaj\u0105c\u0105 si\u0119 sytuacj\u0119 humanitarn\u0105 i ekonomiczn\u0105, z kt\u00f3r\u0105 obecnie zmagamy si\u0119 tutaj, w Syrii.<\/strong> <\/em><em>W ci\u0105gu ostatnich lat Wasze wsparcie by\u0142o ko\u0142em ratunkowym dla niezliczonych rodzin, kt\u00f3re straci\u0142y niemal wszystko. Dzi\u0119ki Waszej \u017cyczliwo\u015bci mogli\u015bmy zapewni\u0107 paczki \u017cywno\u015bciowe, pomoc medyczn\u0105, remonty dom\u00f3w i pomoc osobom starszym, kt\u00f3re nie maj\u0105 si\u0119 do kogo zwr\u00f3ci\u0107. Byli\u015bcie r\u0119kami i sercem Chrystusa dla tak wielu potrzebuj\u0105cych.<\/em><\/p>\n<p><em>Jednak dzi\u015b sytuacja osi\u0105gn\u0119\u0142a jeszcze bardziej krytyczny etap. <strong>Ceny dramatycznie wzros\u0142y<\/strong> \u2013 \u017cywno\u015b\u0107, leki i podstawowe potrzeby s\u0105 teraz poza zasi\u0119giem przeci\u0119tnych rodzin. Pensje tych, kt\u00f3rzy nadal pracuj\u0105, s\u0105 warte mniej ni\u017c 25 dolar\u00f3w miesi\u0119cznie. Pr\u0105d i paliwo s\u0105 rzadko\u015bci\u0105, a wiele rodzin utrzymuje si\u0119 z jednego posi\u0142ku dziennie. Rozpacz narasta, zw\u0142aszcza w\u015br\u00f3d najs\u0142abszych \u2013 dzieci, os\u00f3b starszych i niepe\u0142nosprawnych. <\/em><em><strong>Niekt\u00f3rzy uwa\u017caj\u0105, \u017ce sytuacja humanitarna w Syrii poprawi\u0142a si\u0119 po zmianie w\u0142adzy, ale to dalekie od prawdy.<\/strong> Got\u00f3wka jest niezwykle trudno dost\u0119pna. Urz\u0119dnicy pa\u0144stwowi zmuszeni s\u0105 sta\u0107 godzinami w d\u0142ugich kolejkach bankowych, aby wyp\u0142aci\u0107 niewielk\u0105 cz\u0119\u015b\u0107 swoich i tak ju\u017c niewystarczaj\u0105cych pensji \u2013 \u015brodk\u00f3w, kt\u00f3re ledwo pokrywaj\u0105 nawet najbardziej podstawowe wydatki.<\/em><\/p>\n<p><em>Co wi\u0119cej, w ca\u0142ym kraju panuje wszechobecne poczucie niepewno\u015bci z powodu obecno\u015bci uzbrojonych gang\u00f3w, kt\u00f3re porywaj\u0105 i terroryzuj\u0105 ludno\u015b\u0107 cywiln\u0105. W rezultacie m\u0142odzi ludzie nie widz\u0105 dla siebie przysz\u0142o\u015bci i czuj\u0105 si\u0119 zmuszeni do ucieczki z kraju. <strong>T\u0119 rozpacz pog\u0142\u0119biaj\u0105 narastaj\u0105ce napi\u0119cia na tle religijnym i religijnym,<\/strong> kt\u00f3re nara\u017caj\u0105 wielu \u2013 zw\u0142aszcza mniejszo\u015bci religijne \u2013 na ci\u0105g\u0142e prze\u015bladowania i strach. <\/em><em>Jednocze\u015bnie pomoc humanitarna dla Syrii drastycznie spad\u0142a w ci\u0105gu ostatniego roku. Z tego powodu byli\u015bmy zmuszeni ograniczy\u0107 skal\u0119 naszej pomocy, w tym niezb\u0119dne wsparcie medyczne. To nak\u0142ada niezno\u015bny ci\u0119\u017car na pacjent\u00f3w, kt\u00f3rzy teraz musz\u0105 ponosi\u0107 pe\u0142ne \u2013 cz\u0119sto wyg\u00f3rowane \u2013 koszty hospitalizacji i operacji. \u015awiadkowanie temu cierpieniu g\u0142\u0119boko nas boli.<\/em><\/p>\n<p><em>Bez natychmiastowej pomocy mo\u017cemy by\u0107 zmuszeni do zmniejszenia liczby rodzin, kt\u00f3rym pomagamy \u2013 decyzja, kt\u00f3ra bardzo ci\u0105\u017cy nam na sercach. Zawsze ufali\u015bmy Bo\u017cej Opatrzno\u015bci i to dzi\u0119ki Waszej hojno\u015bci ta Opatrzno\u015b\u0107 dociera\u0142a do naszych ludzi wielokrotnie. <\/em><em><strong>Dzi\u015b prosz\u0119 Was \u2013 pokornie, ale pilnie \u2013 o pomoc raz jeszcze. Ka\u017cda darowizna, nawet najmniejsza, mo\u017ce przes\u0105dzi\u0107 o tym, czy b\u0119dziemy g\u0142odni, czy po\u017cywieni, czy b\u0119dziemy mieli nadziej\u0119.<\/strong> <\/em><em>Wasza nieustanna solidarno\u015b\u0107 przypomina naszym ludziom, \u017ce nie zostali zapomniani. Daje nam si\u0142\u0119 do wytrwania w naszej misji s\u0142u\u017cby i pokoju, nawet w obliczu trudno\u015bci i niepewno\u015bci.<\/em><\/p>\n<p><em>W imieniu wszystkich rodzin, wolontariuszy i wsp\u00f3lnoty franciszka\u0144skiej w Aleppo,<strong> dzi\u0119kuj\u0119 Wam za to, \u017ce byli\u015bcie z nami przez te lata b\u00f3lu i wytrwa\u0142o\u015bci.<\/strong> Byli\u015bcie naszymi partnerami w wierze, wsp\u00f3\u0142czuciu i nadziei. <\/em><em>Zach\u0119cam Was, je\u015bli mo\u017cecie, by\u015bcie szli z nami jeszcze troch\u0119. Razem mo\u017cemy podtrzyma\u0107 p\u0142omie\u0144 nadziei w Syrii \u2013 i pom\u00f3c budowa\u0107 przysz\u0142o\u015b\u0107, w kt\u00f3rej ka\u017cdy b\u0119dzie m\u00f3g\u0142 \u017cy\u0107 w godno\u015bci, bezpiecze\u0144stwie i pokoju.<\/em><\/p>\n<p style=\"text-align: right;\"><strong>o. <em>Bahjat<\/em> Elia Karakach, proboszcz parafii \u015bw. Franciszka z Asy\u017cu w Aleppo<\/strong><\/p>\n<h3><strong>Wyci\u0105gnijmy pomocn\u0105 d\u0142o\u0144<\/strong><\/h3>\n<p>Mieszka\u0144cy Aleppo \u017cyj\u0105 w ruinach i nie maj\u0105 dok\u0105d uciec, a jednocze\u015bnie chc\u0105 pozosta\u0107 na ziemi swoich przodk\u00f3w. Prosimy o wsparcie finansowe, kt\u00f3re umo\u017cliwi zakup \u017cywno\u015bci, lek\u00f3w i innych najpotrzebniejszych artyku\u0142\u00f3w. Ka\u017cda z\u0142ot\u00f3wka przekazana na ten cel to realna pomoc \u2013 wsparcie, kt\u00f3re mo\u017ce uratowa\u0107 \u017cycie i przywr\u00f3ci\u0107 nadziej\u0119. Dzi\u0119ki naszej pomocy dzieci b\u0119d\u0105 mog\u0142y zasi\u0105\u015b\u0107 w szkolnych \u0142awkach, a rodziny zyskaj\u0105 szans\u0119 na przetrwanie tego trudnego czasu. <strong>Razem mo\u017cemy ul\u017cy\u0107 cierpieniu tych ludzi, daj\u0105c im nie tylko \u015brodki do \u017cycia, lecz tak\u017ce poczucie, \u017ce nie s\u0105 sami.<\/strong><\/p>\n<\/div>\n<\/div>\n<\/div>\n<\/div>\n<h3><span style=\"color: #ff0000;\"><b><i>Ca\u0142kowity koszt projektu: 50 000 z\u0142<\/i><\/b><\/span><\/h3>\n<p><strong>Numer projektu: 19\/FRACH<\/strong><\/p>\n<h3 style=\"text-align: center;\"><b><i>Wesprzyj potrzebuj\u0105cych mieszka\u0144c\u00f3w Aleppo, liczy si\u0119 ka\u017cda z\u0142ot\u00f3wka!<\/i><\/b><\/h3>\n<p><b><i>Stowarzyszenie Ruchu Maitri przeznacza do 10% otrzymanych \u015brodk\u00f3w na koszty funkcjonowania biura i pozyskiwanie funduszy pomocowych.<\/i><\/b><\/p>\n","protected":false},"excerpt":{"rendered":"<p><strong>Projekt:<\/strong> Nadine Khoudary<br \/>\n<strong>Miejsce:<\/strong> <a href=\"https:\/\/latinparishaleppo.org\/en\/home\/\">Parafia \u015aw. Franciszka<\/a> w Aleppo w Syrii<\/p>\n<p><strong>Kwota projektu:<\/strong> <span style=\"color: #ff0000;\"><strong>50 000 z\u0142<\/strong><\/span><\/p>\n","protected":false},"featured_media":24848,"template":"","meta":[],"product_brand":[],"product_cat":[657],"product_tag":[725,809,956,728,810],"class_list":{"0":"post-33271","1":"product","2":"type-product","3":"status-publish","4":"has-post-thumbnail","6":"product_cat-projekty","7":"product_tag-aleppo","8":"product_tag-pomoc-syrii","9":"product_tag-pomoc-ubogim","10":"product_tag-syria","11":"product_tag-zgromadzenie-siostr-franciszkanek","13":"first","14":"instock","15":"virtual","16":"purchasable","17":"product-type-simple"},"yoast_head":"<!-- This site is optimized with the Yoast SEO plugin v27.2 - https:\/\/yoast.com\/product\/yoast-seo-wordpress\/ -->\n<title>Fundusz dla Aleppo - pomoc Syrii - wsparcie dla niepe\u0142nosprawnych<\/title>\n<meta name=\"description\" content=\"Pomoc Syrii - wsparcie dla niepe\u0142nosprawnych i ich rodzin z Aleppo. \u015arodki na rehabilitacj\u0119, leczenie, \u017cywno\u015b\u0107 i zaspokojenie innych podstawowych potrzeb.\" \/>\n<meta name=\"robots\" content=\"index, follow, max-snippet:-1, max-image-preview:large, max-video-preview:-1\" \/>\n<link rel=\"canonical\" href=\"https:\/\/www.maitri.pl\/projekt\/kontynuacja-pomocy-dla-aleppo-wsparcie-dla-osob-dotknietych-wojna\/\" \/>\n<meta property=\"og:locale\" content=\"fr_FR\" \/>\n<meta property=\"og:type\" content=\"article\" \/>\n<meta property=\"og:title\" content=\"Fundusz dla Aleppo - pomoc Syrii - wsparcie dla niepe\u0142nosprawnych\" \/>\n<meta property=\"og:description\" content=\"Pomoc Syrii - wsparcie dla niepe\u0142nosprawnych i ich rodzin z Aleppo. \u015arodki na rehabilitacj\u0119, leczenie, \u017cywno\u015b\u0107 i zaspokojenie innych podstawowych potrzeb.\" \/>\n<meta property=\"og:url\" content=\"https:\/\/www.maitri.pl\/projekt\/kontynuacja-pomocy-dla-aleppo-wsparcie-dla-osob-dotknietych-wojna\/\" \/>\n<meta property=\"og:site_name\" content=\"Ruch Maitri - Adopcja Serca pomoc Afryce\" \/>\n<meta property=\"article:publisher\" content=\"https:\/\/www.facebook.com\/MAITRI.Adopcja.Serca.dzieci.Afryki\/\" \/>\n<meta property=\"article:modified_time\" content=\"2026-03-10T16:42:57+00:00\" \/>\n<meta property=\"og:image\" content=\"https:\/\/www.maitri.pl\/wp-content\/uploads\/2022\/07\/31b-scaled.jpg\" \/>\n\t<meta property=\"og:image:width\" content=\"2560\" \/>\n\t<meta property=\"og:image:height\" content=\"1709\" \/>\n\t<meta property=\"og:image:type\" content=\"image\/jpeg\" \/>\n<meta name=\"twitter:card\" content=\"summary_large_image\" \/>\n<meta name=\"twitter:label1\" content=\"Dur\u00e9e de lecture estim\u00e9e\" \/>\n\t<meta name=\"twitter:data1\" content=\"7 minutes\" \/>\n<script type=\"application\/ld+json\" class=\"yoast-schema-graph\">{\"@context\":\"https:\/\/schema.org\",\"@graph\":[{\"@type\":\"WebPage\",\"@id\":\"https:\/\/www.maitri.pl\/projekt\/kontynuacja-pomocy-dla-aleppo-wsparcie-dla-osob-dotknietych-wojna\/\",\"url\":\"https:\/\/www.maitri.pl\/projekt\/kontynuacja-pomocy-dla-aleppo-wsparcie-dla-osob-dotknietych-wojna\/\",\"name\":\"Fundusz dla Aleppo - pomoc Syrii - wsparcie dla niepe\u0142nosprawnych\",\"isPartOf\":{\"@id\":\"https:\/\/www.maitri.pl\/#website\"},\"primaryImageOfPage\":{\"@id\":\"https:\/\/www.maitri.pl\/projekt\/kontynuacja-pomocy-dla-aleppo-wsparcie-dla-osob-dotknietych-wojna\/#primaryimage\"},\"image\":{\"@id\":\"https:\/\/www.maitri.pl\/projekt\/kontynuacja-pomocy-dla-aleppo-wsparcie-dla-osob-dotknietych-wojna\/#primaryimage\"},\"thumbnailUrl\":\"https:\/\/www.maitri.pl\/wp-content\/uploads\/2022\/07\/31b-scaled.jpg\",\"datePublished\":\"2025-05-26T11:42:49+00:00\",\"dateModified\":\"2026-03-10T16:42:57+00:00\",\"description\":\"Pomoc Syrii - wsparcie dla niepe\u0142nosprawnych i ich rodzin z Aleppo. \u015arodki na rehabilitacj\u0119, leczenie, \u017cywno\u015b\u0107 i zaspokojenie innych podstawowych potrzeb.\",\"breadcrumb\":{\"@id\":\"https:\/\/www.maitri.pl\/projekt\/kontynuacja-pomocy-dla-aleppo-wsparcie-dla-osob-dotknietych-wojna\/#breadcrumb\"},\"inLanguage\":\"fr-FR\",\"potentialAction\":[{\"@type\":\"ReadAction\",\"target\":[\"https:\/\/www.maitri.pl\/projekt\/kontynuacja-pomocy-dla-aleppo-wsparcie-dla-osob-dotknietych-wojna\/\"]}]},{\"@type\":\"ImageObject\",\"inLanguage\":\"fr-FR\",\"@id\":\"https:\/\/www.maitri.pl\/projekt\/kontynuacja-pomocy-dla-aleppo-wsparcie-dla-osob-dotknietych-wojna\/#primaryimage\",\"url\":\"https:\/\/www.maitri.pl\/wp-content\/uploads\/2022\/07\/31b-scaled.jpg\",\"contentUrl\":\"https:\/\/www.maitri.pl\/wp-content\/uploads\/2022\/07\/31b-scaled.jpg\",\"width\":2560,\"height\":1709,\"caption\":\"Pomoc dla niepe\u0142nosprawnych z Aleppo - obdaruj najs\u0142abszych! Ruch Maitri Adopcja Serca pomoc Syrii 03\"},{\"@type\":\"BreadcrumbList\",\"@id\":\"https:\/\/www.maitri.pl\/projekt\/kontynuacja-pomocy-dla-aleppo-wsparcie-dla-osob-dotknietych-wojna\/#breadcrumb\",\"itemListElement\":[{\"@type\":\"ListItem\",\"position\":1,\"name\":\"Strona g\u0142\u00f3wna\",\"item\":\"https:\/\/www.maitri.pl\/\"},{\"@type\":\"ListItem\",\"position\":2,\"name\":\"Sklep\",\"item\":\"https:\/\/www.maitri.pl\/sklep\/\"},{\"@type\":\"ListItem\",\"position\":3,\"name\":\"Kontynuacja pomocy dla Aleppo &#8211; wsparcie dla os\u00f3b dotkni\u0119tych wojn\u0105\"}]},{\"@type\":\"WebSite\",\"@id\":\"https:\/\/www.maitri.pl\/#website\",\"url\":\"https:\/\/www.maitri.pl\/\",\"name\":\"Adopcja Serca Maitri \u2013 pomoc dzieciom w Afryce\",\"description\":\"Adopcja Serca \u2013 adopcja na odleg\u0142o\u015b\u0107, pomoc Afryce, do\u017cywianie i edukacja w Afryce\",\"publisher\":{\"@id\":\"https:\/\/www.maitri.pl\/#organization\"},\"potentialAction\":[{\"@type\":\"SearchAction\",\"target\":{\"@type\":\"EntryPoint\",\"urlTemplate\":\"https:\/\/www.maitri.pl\/?s={search_term_string}\"},\"query-input\":{\"@type\":\"PropertyValueSpecification\",\"valueRequired\":true,\"valueName\":\"search_term_string\"}}],\"inLanguage\":\"fr-FR\"},{\"@type\":\"Organization\",\"@id\":\"https:\/\/www.maitri.pl\/#organization\",\"name\":\"Stowarzyszenie Ruchu Maitri\",\"url\":\"https:\/\/www.maitri.pl\/\",\"logo\":{\"@type\":\"ImageObject\",\"inLanguage\":\"fr-FR\",\"@id\":\"https:\/\/www.maitri.pl\/#\/schema\/logo\/image\/\",\"url\":\"https:\/\/www.maitri.pl\/wp-content\/uploads\/2020\/04\/duze_logo-81.png\",\"contentUrl\":\"https:\/\/www.maitri.pl\/wp-content\/uploads\/2020\/04\/duze_logo-81.png\",\"width\":339,\"height\":321,\"caption\":\"Stowarzyszenie Ruchu Maitri\"},\"image\":{\"@id\":\"https:\/\/www.maitri.pl\/#\/schema\/logo\/image\/\"},\"sameAs\":[\"https:\/\/www.facebook.com\/MAITRI.Adopcja.Serca.dzieci.Afryki\/\"]}]}<\/script>\n<!-- \/ Yoast SEO plugin. -->","yoast_head_json":{"title":"Fundusz dla Aleppo - pomoc Syrii - wsparcie dla niepe\u0142nosprawnych","description":"Pomoc Syrii - wsparcie dla niepe\u0142nosprawnych i ich rodzin z Aleppo. \u015arodki na rehabilitacj\u0119, leczenie, \u017cywno\u015b\u0107 i zaspokojenie innych podstawowych potrzeb.","robots":{"index":"index","follow":"follow","max-snippet":"max-snippet:-1","max-image-preview":"max-image-preview:large","max-video-preview":"max-video-preview:-1"},"canonical":"https:\/\/www.maitri.pl\/projekt\/kontynuacja-pomocy-dla-aleppo-wsparcie-dla-osob-dotknietych-wojna\/","og_locale":"fr_FR","og_type":"article","og_title":"Fundusz dla Aleppo - pomoc Syrii - wsparcie dla niepe\u0142nosprawnych","og_description":"Pomoc Syrii - wsparcie dla niepe\u0142nosprawnych i ich rodzin z Aleppo. \u015arodki na rehabilitacj\u0119, leczenie, \u017cywno\u015b\u0107 i zaspokojenie innych podstawowych potrzeb.","og_url":"https:\/\/www.maitri.pl\/projekt\/kontynuacja-pomocy-dla-aleppo-wsparcie-dla-osob-dotknietych-wojna\/","og_site_name":"Ruch Maitri - Adopcja Serca pomoc Afryce","article_publisher":"https:\/\/www.facebook.com\/MAITRI.Adopcja.Serca.dzieci.Afryki\/","article_modified_time":"2026-03-10T16:42:57+00:00","og_image":[{"width":2560,"height":1709,"url":"https:\/\/www.maitri.pl\/wp-content\/uploads\/2022\/07\/31b-scaled.jpg","type":"image\/jpeg"}],"twitter_card":"summary_large_image","twitter_misc":{"Dur\u00e9e de lecture estim\u00e9e":"7 minutes"},"schema":{"@context":"https:\/\/schema.org","@graph":[{"@type":"WebPage","@id":"https:\/\/www.maitri.pl\/projekt\/kontynuacja-pomocy-dla-aleppo-wsparcie-dla-osob-dotknietych-wojna\/","url":"https:\/\/www.maitri.pl\/projekt\/kontynuacja-pomocy-dla-aleppo-wsparcie-dla-osob-dotknietych-wojna\/","name":"Fundusz dla Aleppo - pomoc Syrii - wsparcie dla niepe\u0142nosprawnych","isPartOf":{"@id":"https:\/\/www.maitri.pl\/#website"},"primaryImageOfPage":{"@id":"https:\/\/www.maitri.pl\/projekt\/kontynuacja-pomocy-dla-aleppo-wsparcie-dla-osob-dotknietych-wojna\/#primaryimage"},"image":{"@id":"https:\/\/www.maitri.pl\/projekt\/kontynuacja-pomocy-dla-aleppo-wsparcie-dla-osob-dotknietych-wojna\/#primaryimage"},"thumbnailUrl":"https:\/\/www.maitri.pl\/wp-content\/uploads\/2022\/07\/31b-scaled.jpg","datePublished":"2025-05-26T11:42:49+00:00","dateModified":"2026-03-10T16:42:57+00:00","description":"Pomoc Syrii - wsparcie dla niepe\u0142nosprawnych i ich rodzin z Aleppo. \u015arodki na rehabilitacj\u0119, leczenie, \u017cywno\u015b\u0107 i zaspokojenie innych podstawowych potrzeb.","breadcrumb":{"@id":"https:\/\/www.maitri.pl\/projekt\/kontynuacja-pomocy-dla-aleppo-wsparcie-dla-osob-dotknietych-wojna\/#breadcrumb"},"inLanguage":"fr-FR","potentialAction":[{"@type":"ReadAction","target":["https:\/\/www.maitri.pl\/projekt\/kontynuacja-pomocy-dla-aleppo-wsparcie-dla-osob-dotknietych-wojna\/"]}]},{"@type":"ImageObject","inLanguage":"fr-FR","@id":"https:\/\/www.maitri.pl\/projekt\/kontynuacja-pomocy-dla-aleppo-wsparcie-dla-osob-dotknietych-wojna\/#primaryimage","url":"https:\/\/www.maitri.pl\/wp-content\/uploads\/2022\/07\/31b-scaled.jpg","contentUrl":"https:\/\/www.maitri.pl\/wp-content\/uploads\/2022\/07\/31b-scaled.jpg","width":2560,"height":1709,"caption":"Pomoc dla niepe\u0142nosprawnych z Aleppo - obdaruj najs\u0142abszych! Ruch Maitri Adopcja Serca pomoc Syrii 03"},{"@type":"BreadcrumbList","@id":"https:\/\/www.maitri.pl\/projekt\/kontynuacja-pomocy-dla-aleppo-wsparcie-dla-osob-dotknietych-wojna\/#breadcrumb","itemListElement":[{"@type":"ListItem","position":1,"name":"Strona g\u0142\u00f3wna","item":"https:\/\/www.maitri.pl\/"},{"@type":"ListItem","position":2,"name":"Sklep","item":"https:\/\/www.maitri.pl\/sklep\/"},{"@type":"ListItem","position":3,"name":"Kontynuacja pomocy dla Aleppo &#8211; wsparcie dla os\u00f3b dotkni\u0119tych wojn\u0105"}]},{"@type":"WebSite","@id":"https:\/\/www.maitri.pl\/#website","url":"https:\/\/www.maitri.pl\/","name":"Adopcja Serca Maitri \u2013 pomoc dzieciom w Afryce","description":"Adopcja Serca \u2013 adopcja na odleg\u0142o\u015b\u0107, pomoc Afryce, do\u017cywianie i edukacja w Afryce","publisher":{"@id":"https:\/\/www.maitri.pl\/#organization"},"potentialAction":[{"@type":"SearchAction","target":{"@type":"EntryPoint","urlTemplate":"https:\/\/www.maitri.pl\/?s={search_term_string}"},"query-input":{"@type":"PropertyValueSpecification","valueRequired":true,"valueName":"search_term_string"}}],"inLanguage":"fr-FR"},{"@type":"Organization","@id":"https:\/\/www.maitri.pl\/#organization","name":"Stowarzyszenie Ruchu Maitri","url":"https:\/\/www.maitri.pl\/","logo":{"@type":"ImageObject","inLanguage":"fr-FR","@id":"https:\/\/www.maitri.pl\/#\/schema\/logo\/image\/","url":"https:\/\/www.maitri.pl\/wp-content\/uploads\/2020\/04\/duze_logo-81.png","contentUrl":"https:\/\/www.maitri.pl\/wp-content\/uploads\/2020\/04\/duze_logo-81.png","width":339,"height":321,"caption":"Stowarzyszenie Ruchu Maitri"},"image":{"@id":"https:\/\/www.maitri.pl\/#\/schema\/logo\/image\/"},"sameAs":["https:\/\/www.facebook.com\/MAITRI.Adopcja.Serca.dzieci.Afryki\/"]}]}},"_links":{"self":[{"href":"https:\/\/www.maitri.pl\/fr\/wp-json\/wp\/v2\/product\/33271","targetHints":{"allow":["GET"]}}],"collection":[{"href":"https:\/\/www.maitri.pl\/fr\/wp-json\/wp\/v2\/product"}],"about":[{"href":"https:\/\/www.maitri.pl\/fr\/wp-json\/wp\/v2\/types\/product"}],"wp:featuredmedia":[{"embeddable":true,"href":"https:\/\/www.maitri.pl\/fr\/wp-json\/wp\/v2\/media\/24848"}],"wp:attachment":[{"href":"https:\/\/www.maitri.pl\/fr\/wp-json\/wp\/v2\/media?parent=33271"}],"wp:term":[{"taxonomy":"product_brand","embeddable":true,"href":"https:\/\/www.maitri.pl\/fr\/wp-json\/wp\/v2\/product_brand?post=33271"},{"taxonomy":"product_cat","embeddable":true,"href":"https:\/\/www.maitri.pl\/fr\/wp-json\/wp\/v2\/product_cat?post=33271"},{"taxonomy":"product_tag","embeddable":true,"href":"https:\/\/www.maitri.pl\/fr\/wp-json\/wp\/v2\/product_tag?post=33271"}],"curies":[{"name":"wp","href":"https:\/\/api.w.org\/{rel}","templated":true}]}}