{"id":33120,"date":"2025-04-08T12:15:53","date_gmt":"2025-04-08T10:15:53","guid":{"rendered":"https:\/\/www.maitri.pl\/?post_type=product&#038;p=33120"},"modified":"2025-05-30T17:00:10","modified_gmt":"2025-05-30T15:00:10","slug":"pomoc-nyakinama","status":"publish","type":"product","link":"https:\/\/www.maitri.pl\/fr\/projekt\/pomoc-nyakinama\/","title":{"rendered":"Pomoc w op\u0142aceniu internatu dla 17 niepe\u0142nosprawnych dzieci z Nyakinama w Rwandzie"},"content":{"rendered":"<h4>Pomoc z Polski jedyn\u0105 szans\u0105<\/h4>\n<p>Serdecznie pozdrawiam i dzi\u0119kuj\u0119 wszystkim ofiarodawcom za pomoc, dzi\u0119ki kt\u00f3rej nasze dzieci chore maj\u0105 szans\u0119 na edukacj\u0119, na bycie ze swoimi r\u00f3wie\u015bnikami i tworzenie wsp\u00f3lnoty wzajemnego wsparcia. W Nyakinama nasz\u0105 opiek\u0105 otaczamy g\u0142\u00f3wnie dzieci z kalectwem fizycznym, z wrodzonymi deformacjami ko\u0144czyn dolnych i g\u00f3rnych, po pra\u017ceniu m\u00f3zgowym itd. Sytuacja niepe\u0142nosprawnych dzieci w Afryce jest naprawd\u0119 dramatyczna, a najgorzej jest wtedy, gdy mamy do czynienia z upo\u015bledzeniem umys\u0142owym. Program Adopcja Medyczna daje tym dzieciom szans\u0119 na lepszy rozw\u00f3j.<\/p>\n<h4>Tam leczenie to luksus<\/h4>\n<p>W Rwandzie koszty leczenia specjalistycznego, operacji chirurgicznych i rehabilitacji s\u0105 bardzo wysokie, przez co wi\u0119kszo\u015b\u0107 miejscowej ludno\u015bci nie sta\u0107 na korzystanie z niego. Wiele rodzin naszych chorych dzieci \u017cyje w skrajnej biedzie, bo cz\u0119sto brakuje im \u015brodk\u00f3w nawet na jedzenie czy leki. Jednak wiele dzieci z kalectwem fizycznym pragnie ucz\u0119szcza\u0107 do szko\u0142y, aby zdoby\u0107 wiedz\u0119, tak jak inne, zdrowe dzieci. Szko\u0142a daje im zawsze wi\u0119cej rado\u015bci ni\u017c bezczynne pozostawanie w domu. Dobrym rozwi\u0105zaniem jest szko\u0142a z internatem. Oczywi\u015bcie, op\u0142aty za tego rodzaju szko\u0142\u0119 s\u0105 wysokie i rodzice nie s\u0105 w stanie op\u0142aci\u0107 czesnego. Dlatego te\u017c w ich imieniu zwracam si\u0119 do Was z gor\u0105c\u0105 pro\u015bb\u0105 o pomoc w sfinansowaniu nauki w szkole z internatem dla takich dzieci.<\/p>\n<h4>Szko\u0142a to dla nich rado\u015b\u0107<\/h4>\n<p>To nasza kolejna pro\u015bba o op\u0142aty za internat. Mamy w tym roku szkolnym 17 uczni\u00f3w, kt\u00f3rzy ucz\u0105 si\u0119 w r\u00f3\u017cnych szko\u0142ach i potrzebuj\u0105 wsparcia w pokryciu czesnego. Dzi\u0119kujemy bardzo za t\u0119 pomoc. Dzi\u0119ki niej dzieci mog\u0105 pozostawa\u0107 w szkole z internatem i skorzysta\u0107 z edukacji na miar\u0119 ich mo\u017cliwo\u015bci. B\u00f3g zap\u0142a\u0107 wszystkim Darczy\u0144com.<\/p>\n<p class=\"Zawartotabeli\" style=\"layout-grid-mode: char;\"><b>Kosztorys:<\/b><\/p>\n<p class=\"Zawartotabeli\" style=\"layout-grid-mode: char;\">Pomoc w op\u0142aceniu szko\u0142y z internatem za okres 10 miesi\u0119cy dla 17 podopiecznych \u2013 <strong>4 037 500 frank\u00f3w CFA<\/strong><\/p>\n<p class=\"Zawartotabeli\" style=\"layout-grid-mode: char;\">Z pami\u0119ci\u0105 w modlitwie i wdzi\u0119czno\u015bci\u0105 pozostaje.<\/p>\n<p><em>Siostra Agnieszka Czajkowska<\/em>, <a href=\"https:\/\/www.siostryodaniolow.pl\/\" target=\"_blank\" rel=\"noopener noreferrer\">Zgromadzenie Si\u00f3str od Anio\u0142\u00f3w<\/a>,\u00a0Nyakinama, <a href=\"https:\/\/www.maitri.pl\/gdzie-pomagamy\/\" target=\"_blank\" rel=\"noopener noreferrer\">Rwanda<\/a><\/p>\n<p style=\"text-align: justify;\" align=\"JUSTIFY\"><span style=\"color: #ff0000;\"><span style=\"font-size: large;\"><b>Kwota projektu: 3 204 \u20ac<br \/>\n<\/b><\/span><\/span><\/p>\n<p align=\"JUSTIFY\">Przekazana kwota: 100%<\/p>\n<p style=\"text-align: justify;\"><strong>Numer projektu: 164\/ANIOL <\/strong><\/p>\n<p style=\"text-align: justify;\" align=\"JUSTIFY\"><span style=\"color: #808080;\">Stowarzyszenie Ruchu\u00a0<em>Maitri<\/em>\u00a0przeznacza do 10% otrzymanych \u015brodk\u00f3w na koszty funkcjonowania biura i pozyskiwanie funduszy pomocowych.<\/span><\/p>\n<h3 style=\"text-align: justify;\" align=\"JUSTIFY\"><span style=\"color: #808080;\">Pomoc w op\u0142aceniu internatu dla 17 niepe\u0142nosprawnych dzieci z Nyakinama w Rwandzie &#8211; Siostry od Anio\u0142\u00f3w<\/span><\/h3>\n","protected":false},"excerpt":{"rendered":"<p><strong>Projekt:<\/strong> Siostra Agnieszka Czajkowska, <a href=\"https:\/\/www.siostryodaniolow.pl\/\" target=\"_blank\" rel=\"noopener noreferrer\">Zgromadzenie Si\u00f3str od Anio\u0142\u00f3w<\/a><br \/>\n<strong>Misja:<\/strong> Nyakinama, <a href=\"https:\/\/www.maitri.pl\/gdzie-pomagamy\/\" target=\"_blank\" rel=\"noopener noreferrer\">Rwanda<\/a><br \/>\n<strong>Kwota projektu:<\/strong> <span style=\"color: #ff0000;\"><strong>3 204 \u20ac<\/strong><\/span><\/p>\n","protected":false},"featured_media":33136,"template":"","meta":[],"product_brand":[],"product_cat":[674],"product_tag":[705,707,708,716],"class_list":{"0":"post-33120","1":"product","2":"type-product","3":"status-publish","4":"has-post-thumbnail","6":"product_cat-projekty-zrealizowane-w-biezacym-roku","7":"product_tag-nyakinama","8":"product_tag-rwanda","9":"product_tag-siostra-agnieszka-czajkowska","10":"product_tag-siostry-od-aniolow","12":"first","13":"instock","14":"virtual","15":"purchasable","16":"product-type-simple"},"yoast_head":"<!-- This site is optimized with the Yoast SEO plugin v27.2 - https:\/\/yoast.com\/product\/yoast-seo-wordpress\/ -->\n<title>Pomoc w op\u0142aceniu internatu dla 17 niepe\u0142nosprawnych dzieci<\/title>\n<meta name=\"description\" content=\"Pomoc w op\u0142aceniu internatu dla 17 niepe\u0142nosprawnych dzieci z Nyakinama w Rwandzie. O wsparcie prosz\u0105 Siostry od Anio\u0142\u00f3w. Ka\u017cda wp\u0142ata pomaga!\" \/>\n<meta name=\"robots\" content=\"index, follow, max-snippet:-1, max-image-preview:large, max-video-preview:-1\" \/>\n<link rel=\"canonical\" href=\"https:\/\/www.maitri.pl\/projekt\/pomoc-nyakinama\/\" \/>\n<meta property=\"og:locale\" content=\"fr_FR\" \/>\n<meta property=\"og:type\" content=\"article\" \/>\n<meta property=\"og:title\" content=\"Pomoc w op\u0142aceniu internatu dla 17 niepe\u0142nosprawnych dzieci\" \/>\n<meta property=\"og:description\" content=\"Pomoc w op\u0142aceniu internatu dla 17 niepe\u0142nosprawnych dzieci z Nyakinama w Rwandzie. O wsparcie prosz\u0105 Siostry od Anio\u0142\u00f3w. Ka\u017cda wp\u0142ata pomaga!\" \/>\n<meta property=\"og:url\" content=\"https:\/\/www.maitri.pl\/projekt\/pomoc-nyakinama\/\" \/>\n<meta property=\"og:site_name\" content=\"Ruch Maitri - Adopcja Serca pomoc Afryce\" \/>\n<meta property=\"article:publisher\" content=\"https:\/\/www.facebook.com\/MAITRI.Adopcja.Serca.dzieci.Afryki\/\" \/>\n<meta property=\"article:modified_time\" content=\"2025-05-30T15:00:10+00:00\" \/>\n<meta property=\"og:image\" content=\"https:\/\/www.maitri.pl\/wp-content\/uploads\/2025\/04\/164aniol-IZalacznik-bez-tytulu-00086.png\" \/>\n\t<meta property=\"og:image:width\" content=\"952\" \/>\n\t<meta property=\"og:image:height\" content=\"714\" \/>\n\t<meta property=\"og:image:type\" content=\"image\/png\" \/>\n<meta name=\"twitter:card\" content=\"summary_large_image\" \/>\n<meta name=\"twitter:label1\" content=\"Dur\u00e9e de lecture estim\u00e9e\" \/>\n\t<meta name=\"twitter:data1\" content=\"3 minutes\" \/>\n<script type=\"application\/ld+json\" class=\"yoast-schema-graph\">{\"@context\":\"https:\/\/schema.org\",\"@graph\":[{\"@type\":\"WebPage\",\"@id\":\"https:\/\/www.maitri.pl\/projekt\/pomoc-nyakinama\/\",\"url\":\"https:\/\/www.maitri.pl\/projekt\/pomoc-nyakinama\/\",\"name\":\"Pomoc w op\u0142aceniu internatu dla 17 niepe\u0142nosprawnych dzieci\",\"isPartOf\":{\"@id\":\"https:\/\/www.maitri.pl\/#website\"},\"primaryImageOfPage\":{\"@id\":\"https:\/\/www.maitri.pl\/projekt\/pomoc-nyakinama\/#primaryimage\"},\"image\":{\"@id\":\"https:\/\/www.maitri.pl\/projekt\/pomoc-nyakinama\/#primaryimage\"},\"thumbnailUrl\":\"https:\/\/www.maitri.pl\/wp-content\/uploads\/2025\/04\/164aniol-IZalacznik-bez-tytulu-00086.png\",\"datePublished\":\"2025-04-08T10:15:53+00:00\",\"dateModified\":\"2025-05-30T15:00:10+00:00\",\"description\":\"Pomoc w op\u0142aceniu internatu dla 17 niepe\u0142nosprawnych dzieci z Nyakinama w Rwandzie. O wsparcie prosz\u0105 Siostry od Anio\u0142\u00f3w. Ka\u017cda wp\u0142ata pomaga!\",\"breadcrumb\":{\"@id\":\"https:\/\/www.maitri.pl\/projekt\/pomoc-nyakinama\/#breadcrumb\"},\"inLanguage\":\"fr-FR\",\"potentialAction\":[{\"@type\":\"ReadAction\",\"target\":[\"https:\/\/www.maitri.pl\/projekt\/pomoc-nyakinama\/\"]}]},{\"@type\":\"ImageObject\",\"inLanguage\":\"fr-FR\",\"@id\":\"https:\/\/www.maitri.pl\/projekt\/pomoc-nyakinama\/#primaryimage\",\"url\":\"https:\/\/www.maitri.pl\/wp-content\/uploads\/2025\/04\/164aniol-IZalacznik-bez-tytulu-00086.png\",\"contentUrl\":\"https:\/\/www.maitri.pl\/wp-content\/uploads\/2025\/04\/164aniol-IZalacznik-bez-tytulu-00086.png\",\"width\":952,\"height\":714,\"caption\":\"Pomoc w op\u0142aceniu internatu dla 17 niepe\u0142nosprawnych dzieci z Nyakinama w Rwandzie pomoc Afryce pomoc ubogim ja\u0142mu\u017cna Adopcja Serca Adopcja Duchowa 06\"},{\"@type\":\"BreadcrumbList\",\"@id\":\"https:\/\/www.maitri.pl\/projekt\/pomoc-nyakinama\/#breadcrumb\",\"itemListElement\":[{\"@type\":\"ListItem\",\"position\":1,\"name\":\"Strona g\u0142\u00f3wna\",\"item\":\"https:\/\/www.maitri.pl\/\"},{\"@type\":\"ListItem\",\"position\":2,\"name\":\"Sklep\",\"item\":\"https:\/\/www.maitri.pl\/sklep\/\"},{\"@type\":\"ListItem\",\"position\":3,\"name\":\"Pomoc w op\u0142aceniu internatu dla 17 niepe\u0142nosprawnych dzieci z Nyakinama w Rwandzie\"}]},{\"@type\":\"WebSite\",\"@id\":\"https:\/\/www.maitri.pl\/#website\",\"url\":\"https:\/\/www.maitri.pl\/\",\"name\":\"Adopcja Serca Maitri \u2013 pomoc dzieciom w Afryce\",\"description\":\"Adopcja Serca \u2013 adopcja na odleg\u0142o\u015b\u0107, pomoc Afryce, do\u017cywianie i edukacja w Afryce\",\"publisher\":{\"@id\":\"https:\/\/www.maitri.pl\/#organization\"},\"potentialAction\":[{\"@type\":\"SearchAction\",\"target\":{\"@type\":\"EntryPoint\",\"urlTemplate\":\"https:\/\/www.maitri.pl\/?s={search_term_string}\"},\"query-input\":{\"@type\":\"PropertyValueSpecification\",\"valueRequired\":true,\"valueName\":\"search_term_string\"}}],\"inLanguage\":\"fr-FR\"},{\"@type\":\"Organization\",\"@id\":\"https:\/\/www.maitri.pl\/#organization\",\"name\":\"Stowarzyszenie Ruchu Maitri\",\"url\":\"https:\/\/www.maitri.pl\/\",\"logo\":{\"@type\":\"ImageObject\",\"inLanguage\":\"fr-FR\",\"@id\":\"https:\/\/www.maitri.pl\/#\/schema\/logo\/image\/\",\"url\":\"https:\/\/www.maitri.pl\/wp-content\/uploads\/2020\/04\/duze_logo-81.png\",\"contentUrl\":\"https:\/\/www.maitri.pl\/wp-content\/uploads\/2020\/04\/duze_logo-81.png\",\"width\":339,\"height\":321,\"caption\":\"Stowarzyszenie Ruchu Maitri\"},\"image\":{\"@id\":\"https:\/\/www.maitri.pl\/#\/schema\/logo\/image\/\"},\"sameAs\":[\"https:\/\/www.facebook.com\/MAITRI.Adopcja.Serca.dzieci.Afryki\/\"]}]}<\/script>\n<!-- \/ Yoast SEO plugin. -->","yoast_head_json":{"title":"Pomoc w op\u0142aceniu internatu dla 17 niepe\u0142nosprawnych dzieci","description":"Pomoc w op\u0142aceniu internatu dla 17 niepe\u0142nosprawnych dzieci z Nyakinama w Rwandzie. O wsparcie prosz\u0105 Siostry od Anio\u0142\u00f3w. Ka\u017cda wp\u0142ata pomaga!","robots":{"index":"index","follow":"follow","max-snippet":"max-snippet:-1","max-image-preview":"max-image-preview:large","max-video-preview":"max-video-preview:-1"},"canonical":"https:\/\/www.maitri.pl\/projekt\/pomoc-nyakinama\/","og_locale":"fr_FR","og_type":"article","og_title":"Pomoc w op\u0142aceniu internatu dla 17 niepe\u0142nosprawnych dzieci","og_description":"Pomoc w op\u0142aceniu internatu dla 17 niepe\u0142nosprawnych dzieci z Nyakinama w Rwandzie. O wsparcie prosz\u0105 Siostry od Anio\u0142\u00f3w. Ka\u017cda wp\u0142ata pomaga!","og_url":"https:\/\/www.maitri.pl\/projekt\/pomoc-nyakinama\/","og_site_name":"Ruch Maitri - Adopcja Serca pomoc Afryce","article_publisher":"https:\/\/www.facebook.com\/MAITRI.Adopcja.Serca.dzieci.Afryki\/","article_modified_time":"2025-05-30T15:00:10+00:00","og_image":[{"width":952,"height":714,"url":"https:\/\/www.maitri.pl\/wp-content\/uploads\/2025\/04\/164aniol-IZalacznik-bez-tytulu-00086.png","type":"image\/png"}],"twitter_card":"summary_large_image","twitter_misc":{"Dur\u00e9e de lecture estim\u00e9e":"3 minutes"},"schema":{"@context":"https:\/\/schema.org","@graph":[{"@type":"WebPage","@id":"https:\/\/www.maitri.pl\/projekt\/pomoc-nyakinama\/","url":"https:\/\/www.maitri.pl\/projekt\/pomoc-nyakinama\/","name":"Pomoc w op\u0142aceniu internatu dla 17 niepe\u0142nosprawnych dzieci","isPartOf":{"@id":"https:\/\/www.maitri.pl\/#website"},"primaryImageOfPage":{"@id":"https:\/\/www.maitri.pl\/projekt\/pomoc-nyakinama\/#primaryimage"},"image":{"@id":"https:\/\/www.maitri.pl\/projekt\/pomoc-nyakinama\/#primaryimage"},"thumbnailUrl":"https:\/\/www.maitri.pl\/wp-content\/uploads\/2025\/04\/164aniol-IZalacznik-bez-tytulu-00086.png","datePublished":"2025-04-08T10:15:53+00:00","dateModified":"2025-05-30T15:00:10+00:00","description":"Pomoc w op\u0142aceniu internatu dla 17 niepe\u0142nosprawnych dzieci z Nyakinama w Rwandzie. O wsparcie prosz\u0105 Siostry od Anio\u0142\u00f3w. Ka\u017cda wp\u0142ata pomaga!","breadcrumb":{"@id":"https:\/\/www.maitri.pl\/projekt\/pomoc-nyakinama\/#breadcrumb"},"inLanguage":"fr-FR","potentialAction":[{"@type":"ReadAction","target":["https:\/\/www.maitri.pl\/projekt\/pomoc-nyakinama\/"]}]},{"@type":"ImageObject","inLanguage":"fr-FR","@id":"https:\/\/www.maitri.pl\/projekt\/pomoc-nyakinama\/#primaryimage","url":"https:\/\/www.maitri.pl\/wp-content\/uploads\/2025\/04\/164aniol-IZalacznik-bez-tytulu-00086.png","contentUrl":"https:\/\/www.maitri.pl\/wp-content\/uploads\/2025\/04\/164aniol-IZalacznik-bez-tytulu-00086.png","width":952,"height":714,"caption":"Pomoc w op\u0142aceniu internatu dla 17 niepe\u0142nosprawnych dzieci z Nyakinama w Rwandzie pomoc Afryce pomoc ubogim ja\u0142mu\u017cna Adopcja Serca Adopcja Duchowa 06"},{"@type":"BreadcrumbList","@id":"https:\/\/www.maitri.pl\/projekt\/pomoc-nyakinama\/#breadcrumb","itemListElement":[{"@type":"ListItem","position":1,"name":"Strona g\u0142\u00f3wna","item":"https:\/\/www.maitri.pl\/"},{"@type":"ListItem","position":2,"name":"Sklep","item":"https:\/\/www.maitri.pl\/sklep\/"},{"@type":"ListItem","position":3,"name":"Pomoc w op\u0142aceniu internatu dla 17 niepe\u0142nosprawnych dzieci z Nyakinama w Rwandzie"}]},{"@type":"WebSite","@id":"https:\/\/www.maitri.pl\/#website","url":"https:\/\/www.maitri.pl\/","name":"Adopcja Serca Maitri \u2013 pomoc dzieciom w Afryce","description":"Adopcja Serca \u2013 adopcja na odleg\u0142o\u015b\u0107, pomoc Afryce, do\u017cywianie i edukacja w Afryce","publisher":{"@id":"https:\/\/www.maitri.pl\/#organization"},"potentialAction":[{"@type":"SearchAction","target":{"@type":"EntryPoint","urlTemplate":"https:\/\/www.maitri.pl\/?s={search_term_string}"},"query-input":{"@type":"PropertyValueSpecification","valueRequired":true,"valueName":"search_term_string"}}],"inLanguage":"fr-FR"},{"@type":"Organization","@id":"https:\/\/www.maitri.pl\/#organization","name":"Stowarzyszenie Ruchu Maitri","url":"https:\/\/www.maitri.pl\/","logo":{"@type":"ImageObject","inLanguage":"fr-FR","@id":"https:\/\/www.maitri.pl\/#\/schema\/logo\/image\/","url":"https:\/\/www.maitri.pl\/wp-content\/uploads\/2020\/04\/duze_logo-81.png","contentUrl":"https:\/\/www.maitri.pl\/wp-content\/uploads\/2020\/04\/duze_logo-81.png","width":339,"height":321,"caption":"Stowarzyszenie Ruchu Maitri"},"image":{"@id":"https:\/\/www.maitri.pl\/#\/schema\/logo\/image\/"},"sameAs":["https:\/\/www.facebook.com\/MAITRI.Adopcja.Serca.dzieci.Afryki\/"]}]}},"_links":{"self":[{"href":"https:\/\/www.maitri.pl\/fr\/wp-json\/wp\/v2\/product\/33120","targetHints":{"allow":["GET"]}}],"collection":[{"href":"https:\/\/www.maitri.pl\/fr\/wp-json\/wp\/v2\/product"}],"about":[{"href":"https:\/\/www.maitri.pl\/fr\/wp-json\/wp\/v2\/types\/product"}],"wp:featuredmedia":[{"embeddable":true,"href":"https:\/\/www.maitri.pl\/fr\/wp-json\/wp\/v2\/media\/33136"}],"wp:attachment":[{"href":"https:\/\/www.maitri.pl\/fr\/wp-json\/wp\/v2\/media?parent=33120"}],"wp:term":[{"taxonomy":"product_brand","embeddable":true,"href":"https:\/\/www.maitri.pl\/fr\/wp-json\/wp\/v2\/product_brand?post=33120"},{"taxonomy":"product_cat","embeddable":true,"href":"https:\/\/www.maitri.pl\/fr\/wp-json\/wp\/v2\/product_cat?post=33120"},{"taxonomy":"product_tag","embeddable":true,"href":"https:\/\/www.maitri.pl\/fr\/wp-json\/wp\/v2\/product_tag?post=33120"}],"curies":[{"name":"wp","href":"https:\/\/api.w.org\/{rel}","templated":true}]}}