{"id":33104,"date":"2025-04-08T11:54:17","date_gmt":"2025-04-08T09:54:17","guid":{"rendered":"https:\/\/www.maitri.pl\/?post_type=product&#038;p=33104"},"modified":"2025-11-12T08:28:02","modified_gmt":"2025-11-12T07:28:02","slug":"leki-koudandeng-kamerun","status":"publish","type":"product","link":"https:\/\/www.maitri.pl\/fr\/projekt\/leki-koudandeng-kamerun\/","title":{"rendered":"Leki dla potrzebuj\u0105cych! Wesprzyj pacjent\u00f3w O\u015brodka Zdrowia w Koudandeng w Kamerunie"},"content":{"rendered":"<h4>Nios\u0105 pomoc ka\u017cdemu, kto jej potrzebuje<\/h4>\n<p>Zwracamy si\u0119 z pro\u015bba o pomoc w zakupie lekarstw dla o\u015brodka zdrowia Opatrzno\u015bci Bo\u017cej w Koudandeng. Nasz o\u015brodek znajduje si\u0119 w wiosce zamieszkanej w wi\u0119kszo\u015bci przez osoby starsze, kt\u00f3rym najcz\u0119\u015bciej zosta\u0142y powierzone do opieki dzieci, gdy\u017c ich mamy wyjecha\u0142y do miasta w poszukiwaniu pracy. Osoby te cz\u0119sto same potrzebuj\u0105 pomocy i nie s\u0105 w stanie zapewni\u0107 swoim wnukom nale\u017cytej edukacji czy opieki zdrowotnej. Ich mo\u017cliwo\u015bci finansowe s\u0105 bardzo skromne, \u017cyj\u0105 w ub\u00f3stwie, a leki niestety s\u0105 bardzo drogie. Dlatego zwracam si\u0119 z gor\u0105c\u0105 pro\u015bb\u0105 do <a href=\"https:\/\/www.maitri.pl\/projekty-pomocowe\/\" target=\"_blank\" rel=\"noopener\">darczy\u0144c\u00f3w Maitri<\/a> o dofinansowanie zakupu lek\u00f3w i \u015brodk\u00f3w opatrunkowych, aby nasz o\u015brodek zdrowia m\u00f3g\u0142 dobrze funkcjonowa\u0107 i s\u0142u\u017cy\u0107 pomoc\u0105 medyczn\u0105 ka\u017cdemu choremu, kt\u00f3ry tego potrzebuje, nie patrz\u0105c czy mo\u017ce on zap\u0142aci\u0107 za leki.<\/p>\n<h4>Na szali ludzkie \u017cycie<\/h4>\n<p>Od kilku miesi\u0119cy podj\u0119li\u015bmy si\u0119 przeprowadzania transfuzji, zabiegu ratuj\u0105cego \u017cycie. To zabieg, kt\u00f3ry wymaga wielu bada\u0144 laboratoryjnych. Takie badania s\u0105 bardzo kosztowne, ale nie zwa\u017camy na to, wiedz\u0105c, \u017ce na szali jest ludzkie \u017cycie. Przeprowadzamy zabiegi nawet wtedy, gdy wiemy, \u017ce pacjent nie mo\u017ce za nie zap\u0142aci\u0107. Dzi\u0119ki Waszemu wsparciu i pomocy, co roku mo\u017cemy zakupi\u0107 leki, kt\u00f3re s\u0105 konieczne do dobrego funkcjonowania o\u015brodka zdrowia. Wasze wsparcie pozwala nam nadal pomaga\u0107 tym, kt\u00f3rzy tego potrzebuj\u0105, a nie maj\u0105 \u015brodk\u00f3w finansowych. Mam nadziej\u0119, \u017ce i tym razem nasi chorzy nie pozostan\u0105 bez pomocnej d\u0142oni, za co z ca\u0142ego serca dzi\u0119kuj\u0119 wszystkim dobroczy\u0144com.<\/p>\n<h4>Tam leki s\u0105 luksusem<\/h4>\n<p>Nasz O\u015brodek Zdrowia s\u0142u\u017cy pomoc\u0105 chorym z kilku s\u0105siednich wiosek. Plac\u00f3wka w Koudadeng \u015bwiadczy ca\u0142odobow\u0105 pomoc dla wszystkich chorych. W naszym regionie ludzie najcz\u0119\u015bciej choruj\u0105 na malari\u0119, choroby salmonellozowe i anemi\u0119. Schorzenia znacznie cz\u0119\u015bciej dotykaj\u0105 dzieci. Rodzice, z powodu braku \u015brodk\u00f3w finansowych cz\u0119sto docieraj\u0105 z nimi do o\u015brodka zdrowia za p\u00f3\u017ano. Wtedy zwykle stan dziecka jest bardzo ci\u0119\u017cki, a leczenie d\u0142u\u017csze i du\u017co dro\u017csze. Staramy si\u0119 u\u015bwiadamia\u0107 tutejsz\u0105 ludno\u015b\u0107, jak wa\u017cne jest to, by w por\u0119 zdiagnozowa\u0107 i zacz\u0105\u0107 leczenie. Realia s\u0105 jednak takie, \u017ce leki s\u0105 za drogie w stosunku do mo\u017cliwo\u015bci finansowych tutejszych ludzi. Ub\u00f3stwo miejscowego spo\u0142ecze\u0144stwa, kt\u00f3re utrzymuje si\u0119 jedynie z uprawy ziemi, daje o sobie zna\u0107 coraz bardziej. Dla cz\u0119\u015bci rodzin wybawieniem jest program\u00a0<a href=\"https:\/\/www.maitri.pl\/adopcja-serca\/\" target=\"_blank\" rel=\"noopener\">Adopcja Serca<\/a>, ale aby pom\u00f3c pozosta\u0142ym konieczny jest zakup lek\u00f3w dla miejscowych chorych.<\/p>\n<h4>Kosztorys:<\/h4>\n<p><img loading=\"lazy\" decoding=\"async\" class=\"alignnone size-medium wp-image-33105\" src=\"https:\/\/www.maitri.pl\/wp-content\/uploads\/2025\/04\/152-karml-300x133.png\" alt=\"\" width=\"300\" height=\"133\" srcset=\"https:\/\/www.maitri.pl\/wp-content\/uploads\/2025\/04\/152-karml-300x133.png 300w, https:\/\/www.maitri.pl\/wp-content\/uploads\/2025\/04\/152-karml-768x340.png 768w, https:\/\/www.maitri.pl\/wp-content\/uploads\/2025\/04\/152-karml-600x266.png 600w, https:\/\/www.maitri.pl\/wp-content\/uploads\/2025\/04\/152-karml.png 983w\" sizes=\"auto, (max-width: 300px) 100vw, 300px\" \/><\/p>\n<p><em>Siostra Krescencja Konderak<\/em>, <a href=\"http:\/\/www.karmelitanki.pl\/\" target=\"_blank\" rel=\"noopener noreferrer\">Zgromadzenie Si\u00f3str Karmelitanek Dzieci\u0105tka Jezus<\/a><\/p>\n<p>Zwracam si\u0119 z gor\u0105c\u0105 pro\u015bb\u0105 o pomoc!<\/p>\n<p style=\"text-align: justify;\" align=\"JUSTIFY\"><span style=\"color: #ff0000;\"><span style=\"font-size: large;\"><b>Kwota projektu: 4740 \u20ac<\/b><\/span><\/span><\/p>\n<p style=\"text-align: justify;\"><strong>Numer projektu: 152\/KARML<\/strong><\/p>\n<p>Zbi\u00f3rka zako\u0144czona, kwota zebrana i przekazana: 4 740 \u20ac<\/p>\n<p style=\"text-align: justify;\" align=\"JUSTIFY\"><span style=\"color: #808080;\">Stowarzyszenie Ruchu\u00a0<em>Maitri<\/em>\u00a0przeznacza do 10% otrzymanych \u015brodk\u00f3w na koszty funkcjonowania biura i pozyskiwanie funduszy pomocowych.<\/span><\/p>\n<h3 style=\"text-align: justify;\" align=\"JUSTIFY\"><span style=\"color: #808080;\">Leki dla potrzebuj\u0105cych! Wesprzyj pacjent\u00f3w O\u015brodka Zdrowia w Koudandeng w Kamerunie &#8211; Siostry Karmelitanki<\/span><\/h3>\n","protected":false},"excerpt":{"rendered":"<p><strong>Projekt:<\/strong> s. Krescencja Konderak, <a href=\"http:\/\/www.karmelitanki.pl\/\" target=\"_blank\" rel=\"noopener noreferrer\">Zgromadzenie Si\u00f3str Karmelitanek Dzieci\u0105tka Jezus<\/a><br \/>\n<strong>Misja:<\/strong> Koudadeng, <a href=\"https:\/\/www.maitri.pl\/gdzie-pomagamy\/\" target=\"_blank\" rel=\"noopener noreferrer\">Kamerun<\/a><br \/>\n<strong>Kwota projektu: <span style=\"color: #ff0000;\">4 740 \u20ac<\/span><\/strong><\/p>\n","protected":false},"featured_media":33117,"template":"","meta":[],"product_brand":[],"product_cat":[674],"product_tag":[658,710,711],"class_list":{"0":"post-33104","1":"product","2":"type-product","3":"status-publish","4":"has-post-thumbnail","6":"product_cat-projekty-zrealizowane-w-biezacym-roku","7":"product_tag-kamerun","8":"product_tag-koudandeng","9":"product_tag-siostra-krescencja-konderak","11":"first","12":"instock","13":"virtual","14":"purchasable","15":"product-type-simple"},"yoast_head":"<!-- This site is optimized with the Yoast SEO plugin v27.2 - https:\/\/yoast.com\/product\/yoast-seo-wordpress\/ -->\n<title>Leki dla potrzebuj\u0105cych! Wesprzyj pacjent\u00f3w z Koudandeng<\/title>\n<meta name=\"description\" content=\"Leki dla potrzebuj\u0105cych! Wesprzyj pacjent\u00f3w O\u015brodka Zdrowia w Koudandeng w Kamerunie. O pomoc prosz\u0105 Siostry Karmelitanki. Ka\u017cda wp\u0142ata pomaga!\" \/>\n<meta name=\"robots\" content=\"index, follow, max-snippet:-1, max-image-preview:large, max-video-preview:-1\" \/>\n<link rel=\"canonical\" href=\"https:\/\/www.maitri.pl\/projekt\/leki-koudandeng-kamerun\/\" \/>\n<meta property=\"og:locale\" content=\"fr_FR\" \/>\n<meta property=\"og:type\" content=\"article\" \/>\n<meta property=\"og:title\" content=\"Leki dla potrzebuj\u0105cych! Wesprzyj pacjent\u00f3w z Koudandeng\" \/>\n<meta property=\"og:description\" content=\"Leki dla potrzebuj\u0105cych! Wesprzyj pacjent\u00f3w O\u015brodka Zdrowia w Koudandeng w Kamerunie. O pomoc prosz\u0105 Siostry Karmelitanki. Ka\u017cda wp\u0142ata pomaga!\" \/>\n<meta property=\"og:url\" content=\"https:\/\/www.maitri.pl\/projekt\/leki-koudandeng-kamerun\/\" \/>\n<meta property=\"og:site_name\" content=\"Ruch Maitri - Adopcja Serca pomoc Afryce\" \/>\n<meta property=\"article:publisher\" content=\"https:\/\/www.facebook.com\/MAITRI.Adopcja.Serca.dzieci.Afryki\/\" \/>\n<meta property=\"article:modified_time\" content=\"2025-11-12T07:28:02+00:00\" \/>\n<meta property=\"og:image\" content=\"https:\/\/www.maitri.pl\/wp-content\/uploads\/2025\/04\/152-karml-4.jpg\" \/>\n\t<meta property=\"og:image:width\" content=\"432\" \/>\n\t<meta property=\"og:image:height\" content=\"960\" \/>\n\t<meta property=\"og:image:type\" content=\"image\/jpeg\" \/>\n<meta name=\"twitter:card\" content=\"summary_large_image\" \/>\n<meta name=\"twitter:label1\" content=\"Dur\u00e9e de lecture estim\u00e9e\" \/>\n\t<meta name=\"twitter:data1\" content=\"3 minutes\" \/>\n<script type=\"application\/ld+json\" class=\"yoast-schema-graph\">{\"@context\":\"https:\/\/schema.org\",\"@graph\":[{\"@type\":\"WebPage\",\"@id\":\"https:\/\/www.maitri.pl\/projekt\/leki-koudandeng-kamerun\/\",\"url\":\"https:\/\/www.maitri.pl\/projekt\/leki-koudandeng-kamerun\/\",\"name\":\"Leki dla potrzebuj\u0105cych! Wesprzyj pacjent\u00f3w z Koudandeng\",\"isPartOf\":{\"@id\":\"https:\/\/www.maitri.pl\/#website\"},\"primaryImageOfPage\":{\"@id\":\"https:\/\/www.maitri.pl\/projekt\/leki-koudandeng-kamerun\/#primaryimage\"},\"image\":{\"@id\":\"https:\/\/www.maitri.pl\/projekt\/leki-koudandeng-kamerun\/#primaryimage\"},\"thumbnailUrl\":\"https:\/\/www.maitri.pl\/wp-content\/uploads\/2025\/04\/152-karml-4.jpg\",\"datePublished\":\"2025-04-08T09:54:17+00:00\",\"dateModified\":\"2025-11-12T07:28:02+00:00\",\"description\":\"Leki dla potrzebuj\u0105cych! Wesprzyj pacjent\u00f3w O\u015brodka Zdrowia w Koudandeng w Kamerunie. O pomoc prosz\u0105 Siostry Karmelitanki. Ka\u017cda wp\u0142ata pomaga!\",\"breadcrumb\":{\"@id\":\"https:\/\/www.maitri.pl\/projekt\/leki-koudandeng-kamerun\/#breadcrumb\"},\"inLanguage\":\"fr-FR\",\"potentialAction\":[{\"@type\":\"ReadAction\",\"target\":[\"https:\/\/www.maitri.pl\/projekt\/leki-koudandeng-kamerun\/\"]}]},{\"@type\":\"ImageObject\",\"inLanguage\":\"fr-FR\",\"@id\":\"https:\/\/www.maitri.pl\/projekt\/leki-koudandeng-kamerun\/#primaryimage\",\"url\":\"https:\/\/www.maitri.pl\/wp-content\/uploads\/2025\/04\/152-karml-4.jpg\",\"contentUrl\":\"https:\/\/www.maitri.pl\/wp-content\/uploads\/2025\/04\/152-karml-4.jpg\",\"width\":432,\"height\":960,\"caption\":\"Leki dla potrzebuj\u0105cych! Wesprzyj pacjent\u00f3w O\u015brodka Zdrowia w Koudandeng w Kamerunie - Siostry Karmelitanki pomoc Afryce Adopcja Serca ja\u0142mu\u017cna pomoc ubogim Adopcja Duchowa 01\"},{\"@type\":\"BreadcrumbList\",\"@id\":\"https:\/\/www.maitri.pl\/projekt\/leki-koudandeng-kamerun\/#breadcrumb\",\"itemListElement\":[{\"@type\":\"ListItem\",\"position\":1,\"name\":\"Strona g\u0142\u00f3wna\",\"item\":\"https:\/\/www.maitri.pl\/\"},{\"@type\":\"ListItem\",\"position\":2,\"name\":\"Sklep\",\"item\":\"https:\/\/www.maitri.pl\/sklep\/\"},{\"@type\":\"ListItem\",\"position\":3,\"name\":\"Leki dla potrzebuj\u0105cych! Wesprzyj pacjent\u00f3w O\u015brodka Zdrowia w Koudandeng w Kamerunie\"}]},{\"@type\":\"WebSite\",\"@id\":\"https:\/\/www.maitri.pl\/#website\",\"url\":\"https:\/\/www.maitri.pl\/\",\"name\":\"Adopcja Serca Maitri \u2013 pomoc dzieciom w Afryce\",\"description\":\"Adopcja Serca \u2013 adopcja na odleg\u0142o\u015b\u0107, pomoc Afryce, do\u017cywianie i edukacja w Afryce\",\"publisher\":{\"@id\":\"https:\/\/www.maitri.pl\/#organization\"},\"potentialAction\":[{\"@type\":\"SearchAction\",\"target\":{\"@type\":\"EntryPoint\",\"urlTemplate\":\"https:\/\/www.maitri.pl\/?s={search_term_string}\"},\"query-input\":{\"@type\":\"PropertyValueSpecification\",\"valueRequired\":true,\"valueName\":\"search_term_string\"}}],\"inLanguage\":\"fr-FR\"},{\"@type\":\"Organization\",\"@id\":\"https:\/\/www.maitri.pl\/#organization\",\"name\":\"Stowarzyszenie Ruchu Maitri\",\"url\":\"https:\/\/www.maitri.pl\/\",\"logo\":{\"@type\":\"ImageObject\",\"inLanguage\":\"fr-FR\",\"@id\":\"https:\/\/www.maitri.pl\/#\/schema\/logo\/image\/\",\"url\":\"https:\/\/www.maitri.pl\/wp-content\/uploads\/2020\/04\/duze_logo-81.png\",\"contentUrl\":\"https:\/\/www.maitri.pl\/wp-content\/uploads\/2020\/04\/duze_logo-81.png\",\"width\":339,\"height\":321,\"caption\":\"Stowarzyszenie Ruchu Maitri\"},\"image\":{\"@id\":\"https:\/\/www.maitri.pl\/#\/schema\/logo\/image\/\"},\"sameAs\":[\"https:\/\/www.facebook.com\/MAITRI.Adopcja.Serca.dzieci.Afryki\/\"]}]}<\/script>\n<!-- \/ Yoast SEO plugin. -->","yoast_head_json":{"title":"Leki dla potrzebuj\u0105cych! Wesprzyj pacjent\u00f3w z Koudandeng","description":"Leki dla potrzebuj\u0105cych! Wesprzyj pacjent\u00f3w O\u015brodka Zdrowia w Koudandeng w Kamerunie. O pomoc prosz\u0105 Siostry Karmelitanki. Ka\u017cda wp\u0142ata pomaga!","robots":{"index":"index","follow":"follow","max-snippet":"max-snippet:-1","max-image-preview":"max-image-preview:large","max-video-preview":"max-video-preview:-1"},"canonical":"https:\/\/www.maitri.pl\/projekt\/leki-koudandeng-kamerun\/","og_locale":"fr_FR","og_type":"article","og_title":"Leki dla potrzebuj\u0105cych! Wesprzyj pacjent\u00f3w z Koudandeng","og_description":"Leki dla potrzebuj\u0105cych! Wesprzyj pacjent\u00f3w O\u015brodka Zdrowia w Koudandeng w Kamerunie. O pomoc prosz\u0105 Siostry Karmelitanki. Ka\u017cda wp\u0142ata pomaga!","og_url":"https:\/\/www.maitri.pl\/projekt\/leki-koudandeng-kamerun\/","og_site_name":"Ruch Maitri - Adopcja Serca pomoc Afryce","article_publisher":"https:\/\/www.facebook.com\/MAITRI.Adopcja.Serca.dzieci.Afryki\/","article_modified_time":"2025-11-12T07:28:02+00:00","og_image":[{"width":432,"height":960,"url":"https:\/\/www.maitri.pl\/wp-content\/uploads\/2025\/04\/152-karml-4.jpg","type":"image\/jpeg"}],"twitter_card":"summary_large_image","twitter_misc":{"Dur\u00e9e de lecture estim\u00e9e":"3 minutes"},"schema":{"@context":"https:\/\/schema.org","@graph":[{"@type":"WebPage","@id":"https:\/\/www.maitri.pl\/projekt\/leki-koudandeng-kamerun\/","url":"https:\/\/www.maitri.pl\/projekt\/leki-koudandeng-kamerun\/","name":"Leki dla potrzebuj\u0105cych! Wesprzyj pacjent\u00f3w z Koudandeng","isPartOf":{"@id":"https:\/\/www.maitri.pl\/#website"},"primaryImageOfPage":{"@id":"https:\/\/www.maitri.pl\/projekt\/leki-koudandeng-kamerun\/#primaryimage"},"image":{"@id":"https:\/\/www.maitri.pl\/projekt\/leki-koudandeng-kamerun\/#primaryimage"},"thumbnailUrl":"https:\/\/www.maitri.pl\/wp-content\/uploads\/2025\/04\/152-karml-4.jpg","datePublished":"2025-04-08T09:54:17+00:00","dateModified":"2025-11-12T07:28:02+00:00","description":"Leki dla potrzebuj\u0105cych! Wesprzyj pacjent\u00f3w O\u015brodka Zdrowia w Koudandeng w Kamerunie. O pomoc prosz\u0105 Siostry Karmelitanki. Ka\u017cda wp\u0142ata pomaga!","breadcrumb":{"@id":"https:\/\/www.maitri.pl\/projekt\/leki-koudandeng-kamerun\/#breadcrumb"},"inLanguage":"fr-FR","potentialAction":[{"@type":"ReadAction","target":["https:\/\/www.maitri.pl\/projekt\/leki-koudandeng-kamerun\/"]}]},{"@type":"ImageObject","inLanguage":"fr-FR","@id":"https:\/\/www.maitri.pl\/projekt\/leki-koudandeng-kamerun\/#primaryimage","url":"https:\/\/www.maitri.pl\/wp-content\/uploads\/2025\/04\/152-karml-4.jpg","contentUrl":"https:\/\/www.maitri.pl\/wp-content\/uploads\/2025\/04\/152-karml-4.jpg","width":432,"height":960,"caption":"Leki dla potrzebuj\u0105cych! Wesprzyj pacjent\u00f3w O\u015brodka Zdrowia w Koudandeng w Kamerunie - Siostry Karmelitanki pomoc Afryce Adopcja Serca ja\u0142mu\u017cna pomoc ubogim Adopcja Duchowa 01"},{"@type":"BreadcrumbList","@id":"https:\/\/www.maitri.pl\/projekt\/leki-koudandeng-kamerun\/#breadcrumb","itemListElement":[{"@type":"ListItem","position":1,"name":"Strona g\u0142\u00f3wna","item":"https:\/\/www.maitri.pl\/"},{"@type":"ListItem","position":2,"name":"Sklep","item":"https:\/\/www.maitri.pl\/sklep\/"},{"@type":"ListItem","position":3,"name":"Leki dla potrzebuj\u0105cych! Wesprzyj pacjent\u00f3w O\u015brodka Zdrowia w Koudandeng w Kamerunie"}]},{"@type":"WebSite","@id":"https:\/\/www.maitri.pl\/#website","url":"https:\/\/www.maitri.pl\/","name":"Adopcja Serca Maitri \u2013 pomoc dzieciom w Afryce","description":"Adopcja Serca \u2013 adopcja na odleg\u0142o\u015b\u0107, pomoc Afryce, do\u017cywianie i edukacja w Afryce","publisher":{"@id":"https:\/\/www.maitri.pl\/#organization"},"potentialAction":[{"@type":"SearchAction","target":{"@type":"EntryPoint","urlTemplate":"https:\/\/www.maitri.pl\/?s={search_term_string}"},"query-input":{"@type":"PropertyValueSpecification","valueRequired":true,"valueName":"search_term_string"}}],"inLanguage":"fr-FR"},{"@type":"Organization","@id":"https:\/\/www.maitri.pl\/#organization","name":"Stowarzyszenie Ruchu Maitri","url":"https:\/\/www.maitri.pl\/","logo":{"@type":"ImageObject","inLanguage":"fr-FR","@id":"https:\/\/www.maitri.pl\/#\/schema\/logo\/image\/","url":"https:\/\/www.maitri.pl\/wp-content\/uploads\/2020\/04\/duze_logo-81.png","contentUrl":"https:\/\/www.maitri.pl\/wp-content\/uploads\/2020\/04\/duze_logo-81.png","width":339,"height":321,"caption":"Stowarzyszenie Ruchu Maitri"},"image":{"@id":"https:\/\/www.maitri.pl\/#\/schema\/logo\/image\/"},"sameAs":["https:\/\/www.facebook.com\/MAITRI.Adopcja.Serca.dzieci.Afryki\/"]}]}},"_links":{"self":[{"href":"https:\/\/www.maitri.pl\/fr\/wp-json\/wp\/v2\/product\/33104","targetHints":{"allow":["GET"]}}],"collection":[{"href":"https:\/\/www.maitri.pl\/fr\/wp-json\/wp\/v2\/product"}],"about":[{"href":"https:\/\/www.maitri.pl\/fr\/wp-json\/wp\/v2\/types\/product"}],"wp:featuredmedia":[{"embeddable":true,"href":"https:\/\/www.maitri.pl\/fr\/wp-json\/wp\/v2\/media\/33117"}],"wp:attachment":[{"href":"https:\/\/www.maitri.pl\/fr\/wp-json\/wp\/v2\/media?parent=33104"}],"wp:term":[{"taxonomy":"product_brand","embeddable":true,"href":"https:\/\/www.maitri.pl\/fr\/wp-json\/wp\/v2\/product_brand?post=33104"},{"taxonomy":"product_cat","embeddable":true,"href":"https:\/\/www.maitri.pl\/fr\/wp-json\/wp\/v2\/product_cat?post=33104"},{"taxonomy":"product_tag","embeddable":true,"href":"https:\/\/www.maitri.pl\/fr\/wp-json\/wp\/v2\/product_tag?post=33104"}],"curies":[{"name":"wp","href":"https:\/\/api.w.org\/{rel}","templated":true}]}}