{"id":33087,"date":"2025-04-08T11:36:46","date_gmt":"2025-04-08T09:36:46","guid":{"rendered":"https:\/\/www.maitri.pl\/?post_type=product&#038;p=33087"},"modified":"2025-07-04T10:34:06","modified_gmt":"2025-07-04T08:34:06","slug":"dofinansowanie-hodowli-gitega","status":"publish","type":"product","link":"https:\/\/www.maitri.pl\/fr\/projekt\/dofinansowanie-hodowli-gitega\/","title":{"rendered":"Dofinansowanie hodowli \u015bwi\u0144 na potrzeby nauczycieli ze szko\u0142y Dzieci\u0105tka Jezus w Gitega"},"content":{"rendered":"<h4>Bieda w\u015br\u00f3d nauczycieli<\/h4>\n<p>Szanowni Darczy\u0144cy, pok\u00f3j i rado\u015b\u0107 Chrystusa. W naszej szkole Notre Dame du Mont Carmel zatrudniamy 26 nauczycieli \u015bwieckich w 15 klasach. Wi\u0119kszo\u015b\u0107 z tych nauczycieli pochodzi z ubogich rodzin. W czasach, gdy ceny \u017cywno\u015bci na rynku s\u0105 bardzo wysokie, a nauczyciel nie ma \u015brodk\u00f3w na zaspokojenie swych podstawowych potrzeb, mo\u017ce nawet odej\u015b\u0107 z pracy. Brak nauczycieli mo\u017ce spowodowa\u0107 znaczne obni\u017cenie jako\u015bci edukacji. Dlatego prosimy o dofinansowanie, kt\u00f3re pomo\u017ce nam zatrzyma\u0107 nauczycieli.<\/p>\n<h4>W trosce o uczni\u00f3w<\/h4>\n<p>Wpadli\u015bmy wi\u0119c na pomys\u0142, aby\u015bmy mogli razem zrobi\u0107 co\u015b, co pomo\u017ce im zapewni\u0107 sobie utrzymanie. Niestety ich zwyczajowa pensja, kt\u00f3ra wynosi 180 000 frank\u00f3w burundyjskich na nauczyciela, nie pokrywa minimalnych miesi\u0119cznych potrzeb. Dlatego zwracam si\u0119 do Was z pro\u015bb\u0105 o wsparcie dla tej grupy nauczycieli, aby mogli pozosta\u0107 w swoich miejscach pracy. Za stosunkowo niedu\u017c\u0105 kwot\u0119 b\u0119dziemy mogli pom\u00f3c kilkunastu nauczycielom i w ten spos\u00f3b zapewni\u0107 ich prac\u0119 w szkole. Licz\u0119 na Wasz\u0105 hojno\u015b\u0107. Niech B\u00f3g Wam b\u0142ogos\u0142awi.<\/p>\n<h4>Hodowla zapewni \u017cywno\u015b\u0107<\/h4>\n<p>Dofinansowanie chcemy spo\u017cytkowa\u0107 na za\u0142o\u017cenie hodowli \u015bwi\u0144. To pozwoli nam otrzymywa\u0107 \u017cywno\u015b\u0107 do spo\u017cycia i naw\u00f3z do u\u017cy\u017aniania gleby. Projekt obejmuje zakup dzia\u0142ki o powierzchni mniejszej ni\u017c 25 m x 15 m, a tak\u017ce budow\u0119 chlewni sk\u0142adaj\u0105cej si\u0119 z 5 boks\u00f3w, jak r\u00f3wnie\u017c zakup 4 \u015bwi\u0144, niezb\u0119dnych materia\u0142\u00f3w i budow\u0119 str\u00f3\u017c\u00f3wki.\u00a0Niestety z powodu braku \u015brodk\u00f3w finansowych i rosn\u0105cych cen mamy trudno\u015bci z zaspokojeniem potrzeb bytowych naszych nauczycieli. Zdajemy sobie spraw\u0119, \u017ce mo\u017ce to utrudnia\u0107 realizacj\u0119 naszego celu, gdy nauczyciele martwi\u0105 si\u0119 o swoje podstawowe potrzeby. Dlatego prosimy o dofinansowanie. Bardzo dzi\u0119kujemy za hojno\u015b\u0107 i nieustaj\u0105ce wsparcie. Naprawd\u0119 doceniamy wasz\u0105 pomoc i jeste\u015bmy bardzo wdzi\u0119czni za nieustaj\u0105ce wsparcie i b\u0119dziemy o Was pami\u0119ta\u0107 w modlitwie.<\/p>\n<h4>Kosztorys:<\/h4>\n<p><img loading=\"lazy\" decoding=\"async\" class=\"alignnone wp-image-33089 size-full\" src=\"https:\/\/www.maitri.pl\/wp-content\/uploads\/2025\/04\/151-karml.png\" alt=\"\" width=\"959\" height=\"425\" srcset=\"https:\/\/www.maitri.pl\/wp-content\/uploads\/2025\/04\/151-karml.png 959w, https:\/\/www.maitri.pl\/wp-content\/uploads\/2025\/04\/151-karml-300x133.png 300w, https:\/\/www.maitri.pl\/wp-content\/uploads\/2025\/04\/151-karml-768x340.png 768w, https:\/\/www.maitri.pl\/wp-content\/uploads\/2025\/04\/151-karml-600x266.png 600w\" sizes=\"auto, (max-width: 959px) 100vw, 959px\" \/><\/p>\n<p><em><span style=\"font-size: 16px;\">s. Marie Rose Ngendakumana<\/span><\/em>, <a href=\"https:\/\/www.karmel.pl\/rodzina-karmelu\/zgromadzenie-siostr-karmelitanek-dzieciatka-jezus\/\" target=\"_blank\" rel=\"noopener noreferrer\">Zgromadzenie Si\u00f3str Karmelitanek Dzieci\u0105tka Jezus<\/a>, Gitega Songa, <a href=\"https:\/\/www.maitri.pl\/gdzie-pomagamy\/\" target=\"_blank\" rel=\"noopener\">Burundi<\/a><\/p>\n<p style=\"text-align: justify;\"><span style=\"color: #ff0000;\"><span style=\"font-size: large;\"><b>Kwota projektu: 2 530 \u20ac<\/b><\/span><\/span><em>\u00a0<\/em><\/p>\n<p style=\"text-align: justify;\"><span style=\"font-size: large;\"><em><span style=\"color: #999999;\"><span style=\"font-size: medium;\">Stowarzyszenie Ruchu Maitri przeznacza do 10% otrzymanych \u015brodk\u00f3w na koszty funkcjonowania biura i pozyskiwanie funduszy pomocowych.<\/span><\/span><\/em><\/span><\/p>\n<h3 style=\"text-align: justify;\" align=\"JUSTIFY\"><span style=\"color: #808080;\">Dofinansowanie hodowli \u015bwi\u0144 na potrzeby nauczycieli ze szko\u0142y Dzieci\u0105tka Jezus w Gitega w Burundi &#8211; Karmelitanki<\/span><\/h3>\n","protected":false},"excerpt":{"rendered":"<p><strong>Projekt: <\/strong><em>s. Marie Rose Ngendakumana<\/em><strong>, <a href=\"https:\/\/www.karmel.pl\/rodzina-karmelu\/zgromadzenie-siostr-karmelitanek-dzieciatka-jezus\/\" target=\"_blank\" rel=\"noopener noreferrer\">Zgromadzenie Si\u00f3str Karmelitanek Dzieci\u0105tka Jezus<\/a><\/strong><br \/>\n<strong>Miejsce:<\/strong> Gitega Songa, <a href=\"https:\/\/www.maitri.pl\/gdzie-pomagamy\/\" target=\"_blank\" rel=\"noopener\">Burundi<\/a><br \/>\n<strong>Kwota projektu: <span style=\"color: #ff0000;\">2 530 \u20ac<\/span><\/strong><\/p>\n","protected":false},"featured_media":33092,"template":"","meta":[],"product_brand":[],"product_cat":[674],"product_tag":[667,869,1002,677],"class_list":{"0":"post-33087","1":"product","2":"type-product","3":"status-publish","4":"has-post-thumbnail","6":"product_cat-projekty-zrealizowane-w-biezacym-roku","7":"product_tag-burundi","8":"product_tag-gitega","9":"product_tag-siostra-marie-rose-ngendakumana","10":"product_tag-zgromadzenie-siostr-karmelitanek-dzieciatka-jezus","12":"first","13":"instock","14":"virtual","15":"purchasable","16":"product-type-simple"},"yoast_head":"<!-- This site is optimized with the Yoast SEO plugin v27.2 - https:\/\/yoast.com\/product\/yoast-seo-wordpress\/ -->\n<title>Dofinansowanie hodowli \u015bwi\u0144 na potrzeby nauczycieli z Gitega<\/title>\n<meta name=\"description\" content=\"Dofinansowanie hodowli \u015bwi\u0144 na potrzeby nauczycieli ze szko\u0142y Dzieci\u0105tka Jezus w Gitega. O pomoc prosz\u0105 Siostry Karmelitanki. Ka\u017cda wp\u0142ata pomaga!\" \/>\n<meta name=\"robots\" content=\"index, follow, max-snippet:-1, max-image-preview:large, max-video-preview:-1\" \/>\n<link rel=\"canonical\" href=\"https:\/\/www.maitri.pl\/projekt\/dofinansowanie-hodowli-gitega\/\" \/>\n<meta property=\"og:locale\" content=\"fr_FR\" \/>\n<meta property=\"og:type\" content=\"article\" \/>\n<meta property=\"og:title\" content=\"Dofinansowanie hodowli \u015bwi\u0144 na potrzeby nauczycieli z Gitega\" \/>\n<meta property=\"og:description\" content=\"Dofinansowanie hodowli \u015bwi\u0144 na potrzeby nauczycieli ze szko\u0142y Dzieci\u0105tka Jezus w Gitega. O pomoc prosz\u0105 Siostry Karmelitanki. Ka\u017cda wp\u0142ata pomaga!\" \/>\n<meta property=\"og:url\" content=\"https:\/\/www.maitri.pl\/projekt\/dofinansowanie-hodowli-gitega\/\" \/>\n<meta property=\"og:site_name\" content=\"Ruch Maitri - Adopcja Serca pomoc Afryce\" \/>\n<meta property=\"article:publisher\" content=\"https:\/\/www.facebook.com\/MAITRI.Adopcja.Serca.dzieci.Afryki\/\" \/>\n<meta property=\"article:modified_time\" content=\"2025-07-04T08:34:06+00:00\" \/>\n<meta property=\"og:image\" content=\"https:\/\/www.maitri.pl\/wp-content\/uploads\/2025\/04\/151-karml-1.jpg\" \/>\n\t<meta property=\"og:image:width\" content=\"1857\" \/>\n\t<meta property=\"og:image:height\" content=\"1393\" \/>\n\t<meta property=\"og:image:type\" content=\"image\/jpeg\" \/>\n<meta name=\"twitter:card\" content=\"summary_large_image\" \/>\n<meta name=\"twitter:label1\" content=\"Dur\u00e9e de lecture estim\u00e9e\" \/>\n\t<meta name=\"twitter:data1\" content=\"3 minutes\" \/>\n<script type=\"application\/ld+json\" class=\"yoast-schema-graph\">{\"@context\":\"https:\/\/schema.org\",\"@graph\":[{\"@type\":\"WebPage\",\"@id\":\"https:\/\/www.maitri.pl\/projekt\/dofinansowanie-hodowli-gitega\/\",\"url\":\"https:\/\/www.maitri.pl\/projekt\/dofinansowanie-hodowli-gitega\/\",\"name\":\"Dofinansowanie hodowli \u015bwi\u0144 na potrzeby nauczycieli z Gitega\",\"isPartOf\":{\"@id\":\"https:\/\/www.maitri.pl\/#website\"},\"primaryImageOfPage\":{\"@id\":\"https:\/\/www.maitri.pl\/projekt\/dofinansowanie-hodowli-gitega\/#primaryimage\"},\"image\":{\"@id\":\"https:\/\/www.maitri.pl\/projekt\/dofinansowanie-hodowli-gitega\/#primaryimage\"},\"thumbnailUrl\":\"https:\/\/www.maitri.pl\/wp-content\/uploads\/2025\/04\/151-karml-1.jpg\",\"datePublished\":\"2025-04-08T09:36:46+00:00\",\"dateModified\":\"2025-07-04T08:34:06+00:00\",\"description\":\"Dofinansowanie hodowli \u015bwi\u0144 na potrzeby nauczycieli ze szko\u0142y Dzieci\u0105tka Jezus w Gitega. O pomoc prosz\u0105 Siostry Karmelitanki. Ka\u017cda wp\u0142ata pomaga!\",\"breadcrumb\":{\"@id\":\"https:\/\/www.maitri.pl\/projekt\/dofinansowanie-hodowli-gitega\/#breadcrumb\"},\"inLanguage\":\"fr-FR\",\"potentialAction\":[{\"@type\":\"ReadAction\",\"target\":[\"https:\/\/www.maitri.pl\/projekt\/dofinansowanie-hodowli-gitega\/\"]}]},{\"@type\":\"ImageObject\",\"inLanguage\":\"fr-FR\",\"@id\":\"https:\/\/www.maitri.pl\/projekt\/dofinansowanie-hodowli-gitega\/#primaryimage\",\"url\":\"https:\/\/www.maitri.pl\/wp-content\/uploads\/2025\/04\/151-karml-1.jpg\",\"contentUrl\":\"https:\/\/www.maitri.pl\/wp-content\/uploads\/2025\/04\/151-karml-1.jpg\",\"width\":1857,\"height\":1393,\"caption\":\"aT\"},{\"@type\":\"BreadcrumbList\",\"@id\":\"https:\/\/www.maitri.pl\/projekt\/dofinansowanie-hodowli-gitega\/#breadcrumb\",\"itemListElement\":[{\"@type\":\"ListItem\",\"position\":1,\"name\":\"Strona g\u0142\u00f3wna\",\"item\":\"https:\/\/www.maitri.pl\/\"},{\"@type\":\"ListItem\",\"position\":2,\"name\":\"Sklep\",\"item\":\"https:\/\/www.maitri.pl\/sklep\/\"},{\"@type\":\"ListItem\",\"position\":3,\"name\":\"Dofinansowanie hodowli \u015bwi\u0144 na potrzeby nauczycieli ze szko\u0142y Dzieci\u0105tka Jezus w Gitega\"}]},{\"@type\":\"WebSite\",\"@id\":\"https:\/\/www.maitri.pl\/#website\",\"url\":\"https:\/\/www.maitri.pl\/\",\"name\":\"Adopcja Serca Maitri \u2013 pomoc dzieciom w Afryce\",\"description\":\"Adopcja Serca \u2013 adopcja na odleg\u0142o\u015b\u0107, pomoc Afryce, do\u017cywianie i edukacja w Afryce\",\"publisher\":{\"@id\":\"https:\/\/www.maitri.pl\/#organization\"},\"potentialAction\":[{\"@type\":\"SearchAction\",\"target\":{\"@type\":\"EntryPoint\",\"urlTemplate\":\"https:\/\/www.maitri.pl\/?s={search_term_string}\"},\"query-input\":{\"@type\":\"PropertyValueSpecification\",\"valueRequired\":true,\"valueName\":\"search_term_string\"}}],\"inLanguage\":\"fr-FR\"},{\"@type\":\"Organization\",\"@id\":\"https:\/\/www.maitri.pl\/#organization\",\"name\":\"Stowarzyszenie Ruchu Maitri\",\"url\":\"https:\/\/www.maitri.pl\/\",\"logo\":{\"@type\":\"ImageObject\",\"inLanguage\":\"fr-FR\",\"@id\":\"https:\/\/www.maitri.pl\/#\/schema\/logo\/image\/\",\"url\":\"https:\/\/www.maitri.pl\/wp-content\/uploads\/2020\/04\/duze_logo-81.png\",\"contentUrl\":\"https:\/\/www.maitri.pl\/wp-content\/uploads\/2020\/04\/duze_logo-81.png\",\"width\":339,\"height\":321,\"caption\":\"Stowarzyszenie Ruchu Maitri\"},\"image\":{\"@id\":\"https:\/\/www.maitri.pl\/#\/schema\/logo\/image\/\"},\"sameAs\":[\"https:\/\/www.facebook.com\/MAITRI.Adopcja.Serca.dzieci.Afryki\/\"]}]}<\/script>\n<!-- \/ Yoast SEO plugin. -->","yoast_head_json":{"title":"Dofinansowanie hodowli \u015bwi\u0144 na potrzeby nauczycieli z Gitega","description":"Dofinansowanie hodowli \u015bwi\u0144 na potrzeby nauczycieli ze szko\u0142y Dzieci\u0105tka Jezus w Gitega. O pomoc prosz\u0105 Siostry Karmelitanki. Ka\u017cda wp\u0142ata pomaga!","robots":{"index":"index","follow":"follow","max-snippet":"max-snippet:-1","max-image-preview":"max-image-preview:large","max-video-preview":"max-video-preview:-1"},"canonical":"https:\/\/www.maitri.pl\/projekt\/dofinansowanie-hodowli-gitega\/","og_locale":"fr_FR","og_type":"article","og_title":"Dofinansowanie hodowli \u015bwi\u0144 na potrzeby nauczycieli z Gitega","og_description":"Dofinansowanie hodowli \u015bwi\u0144 na potrzeby nauczycieli ze szko\u0142y Dzieci\u0105tka Jezus w Gitega. O pomoc prosz\u0105 Siostry Karmelitanki. Ka\u017cda wp\u0142ata pomaga!","og_url":"https:\/\/www.maitri.pl\/projekt\/dofinansowanie-hodowli-gitega\/","og_site_name":"Ruch Maitri - Adopcja Serca pomoc Afryce","article_publisher":"https:\/\/www.facebook.com\/MAITRI.Adopcja.Serca.dzieci.Afryki\/","article_modified_time":"2025-07-04T08:34:06+00:00","og_image":[{"width":1857,"height":1393,"url":"https:\/\/www.maitri.pl\/wp-content\/uploads\/2025\/04\/151-karml-1.jpg","type":"image\/jpeg"}],"twitter_card":"summary_large_image","twitter_misc":{"Dur\u00e9e de lecture estim\u00e9e":"3 minutes"},"schema":{"@context":"https:\/\/schema.org","@graph":[{"@type":"WebPage","@id":"https:\/\/www.maitri.pl\/projekt\/dofinansowanie-hodowli-gitega\/","url":"https:\/\/www.maitri.pl\/projekt\/dofinansowanie-hodowli-gitega\/","name":"Dofinansowanie hodowli \u015bwi\u0144 na potrzeby nauczycieli z Gitega","isPartOf":{"@id":"https:\/\/www.maitri.pl\/#website"},"primaryImageOfPage":{"@id":"https:\/\/www.maitri.pl\/projekt\/dofinansowanie-hodowli-gitega\/#primaryimage"},"image":{"@id":"https:\/\/www.maitri.pl\/projekt\/dofinansowanie-hodowli-gitega\/#primaryimage"},"thumbnailUrl":"https:\/\/www.maitri.pl\/wp-content\/uploads\/2025\/04\/151-karml-1.jpg","datePublished":"2025-04-08T09:36:46+00:00","dateModified":"2025-07-04T08:34:06+00:00","description":"Dofinansowanie hodowli \u015bwi\u0144 na potrzeby nauczycieli ze szko\u0142y Dzieci\u0105tka Jezus w Gitega. O pomoc prosz\u0105 Siostry Karmelitanki. Ka\u017cda wp\u0142ata pomaga!","breadcrumb":{"@id":"https:\/\/www.maitri.pl\/projekt\/dofinansowanie-hodowli-gitega\/#breadcrumb"},"inLanguage":"fr-FR","potentialAction":[{"@type":"ReadAction","target":["https:\/\/www.maitri.pl\/projekt\/dofinansowanie-hodowli-gitega\/"]}]},{"@type":"ImageObject","inLanguage":"fr-FR","@id":"https:\/\/www.maitri.pl\/projekt\/dofinansowanie-hodowli-gitega\/#primaryimage","url":"https:\/\/www.maitri.pl\/wp-content\/uploads\/2025\/04\/151-karml-1.jpg","contentUrl":"https:\/\/www.maitri.pl\/wp-content\/uploads\/2025\/04\/151-karml-1.jpg","width":1857,"height":1393,"caption":"aT"},{"@type":"BreadcrumbList","@id":"https:\/\/www.maitri.pl\/projekt\/dofinansowanie-hodowli-gitega\/#breadcrumb","itemListElement":[{"@type":"ListItem","position":1,"name":"Strona g\u0142\u00f3wna","item":"https:\/\/www.maitri.pl\/"},{"@type":"ListItem","position":2,"name":"Sklep","item":"https:\/\/www.maitri.pl\/sklep\/"},{"@type":"ListItem","position":3,"name":"Dofinansowanie hodowli \u015bwi\u0144 na potrzeby nauczycieli ze szko\u0142y Dzieci\u0105tka Jezus w Gitega"}]},{"@type":"WebSite","@id":"https:\/\/www.maitri.pl\/#website","url":"https:\/\/www.maitri.pl\/","name":"Adopcja Serca Maitri \u2013 pomoc dzieciom w Afryce","description":"Adopcja Serca \u2013 adopcja na odleg\u0142o\u015b\u0107, pomoc Afryce, do\u017cywianie i edukacja w Afryce","publisher":{"@id":"https:\/\/www.maitri.pl\/#organization"},"potentialAction":[{"@type":"SearchAction","target":{"@type":"EntryPoint","urlTemplate":"https:\/\/www.maitri.pl\/?s={search_term_string}"},"query-input":{"@type":"PropertyValueSpecification","valueRequired":true,"valueName":"search_term_string"}}],"inLanguage":"fr-FR"},{"@type":"Organization","@id":"https:\/\/www.maitri.pl\/#organization","name":"Stowarzyszenie Ruchu Maitri","url":"https:\/\/www.maitri.pl\/","logo":{"@type":"ImageObject","inLanguage":"fr-FR","@id":"https:\/\/www.maitri.pl\/#\/schema\/logo\/image\/","url":"https:\/\/www.maitri.pl\/wp-content\/uploads\/2020\/04\/duze_logo-81.png","contentUrl":"https:\/\/www.maitri.pl\/wp-content\/uploads\/2020\/04\/duze_logo-81.png","width":339,"height":321,"caption":"Stowarzyszenie Ruchu Maitri"},"image":{"@id":"https:\/\/www.maitri.pl\/#\/schema\/logo\/image\/"},"sameAs":["https:\/\/www.facebook.com\/MAITRI.Adopcja.Serca.dzieci.Afryki\/"]}]}},"_links":{"self":[{"href":"https:\/\/www.maitri.pl\/fr\/wp-json\/wp\/v2\/product\/33087","targetHints":{"allow":["GET"]}}],"collection":[{"href":"https:\/\/www.maitri.pl\/fr\/wp-json\/wp\/v2\/product"}],"about":[{"href":"https:\/\/www.maitri.pl\/fr\/wp-json\/wp\/v2\/types\/product"}],"wp:featuredmedia":[{"embeddable":true,"href":"https:\/\/www.maitri.pl\/fr\/wp-json\/wp\/v2\/media\/33092"}],"wp:attachment":[{"href":"https:\/\/www.maitri.pl\/fr\/wp-json\/wp\/v2\/media?parent=33087"}],"wp:term":[{"taxonomy":"product_brand","embeddable":true,"href":"https:\/\/www.maitri.pl\/fr\/wp-json\/wp\/v2\/product_brand?post=33087"},{"taxonomy":"product_cat","embeddable":true,"href":"https:\/\/www.maitri.pl\/fr\/wp-json\/wp\/v2\/product_cat?post=33087"},{"taxonomy":"product_tag","embeddable":true,"href":"https:\/\/www.maitri.pl\/fr\/wp-json\/wp\/v2\/product_tag?post=33087"}],"curies":[{"name":"wp","href":"https:\/\/api.w.org\/{rel}","templated":true}]}}