{"id":33062,"date":"2025-04-07T20:32:13","date_gmt":"2025-04-07T18:32:13","guid":{"rendered":"https:\/\/www.maitri.pl\/?post_type=product&#038;p=33062"},"modified":"2025-04-25T17:46:41","modified_gmt":"2025-04-25T15:46:41","slug":"remont-zniszczonego-dachu-kamerun","status":"publish","type":"product","link":"https:\/\/www.maitri.pl\/fr\/projekt\/remont-zniszczonego-dachu-kamerun\/","title":{"rendered":"Remont zniszczonego dachu szko\u0142y \u015bw. Aloys w Abong Mbang w Kamerunie"},"content":{"rendered":"<h4>Kataklizm w misji Abong-Mbang<\/h4>\n<p>To sta\u0142o si\u0119 w nocy z 16 na 17 marca 2025. Pot\u0119\u017cna burza zniszczy\u0142a doszcz\u0119tnie dach naszej szko\u0142y. Obudzili\u015bmy si\u0119 rano i wsz\u0119dzie sta\u0142a woda, a po misji hula\u0142 wiatr. Wszystkie 6 klas naszej szko\u0142y podstawowej i biuro nauczycieli zosta\u0142y doszcz\u0119tnie zalane. Deszcz zniszczy\u0142 klasy lekcyjne, wyposa\u017cenie szkolne i wiele dokument\u00f3w. Dotkn\u0105\u0142 nas prawdziwy kataklizm. Z tego powodu o\u015bmielam si\u0119 przed\u0142o\u017cy\u0107 moj\u0105 pro\u015bb\u0119 o pomoc dla dzieci ze szko\u0142y \u015bw. Aloys w Abong Mbang. Konieczny jest pilny remont zniszczonego dachu.<\/p>\n<h4>Lekcje bez okien i drzwi<\/h4>\n<p>Chocia\u017c jest ci\u0119\u017cko trzeba \u017cy\u0107. Dzi\u015b porozsy\u0142a\u0142am dzieci gdzie si\u0119 da\u0142o. Jedna klasa jest u nas w domu zakonnym. Kolejne 4 klasy s\u0105 u siostry Nazariuszy, na budowie centrum medycznego, w prowizorycznych budynkach, kt\u00f3re nie maj\u0105 okien i drzwi. Tam zanie\u015bli\u015bmy \u0142awki. Jedna klasa w sali spotka\u0144. Uszkodzonych jest 6 klas. Dzi\u015b obiecano mi drzewo w tartaku na ca\u0142y dach. Poza tym trzeba zakupi\u0107 blach\u0119, gwo\u017adzie i inne rzeczy. Koszt zakupu materia\u0142\u00f3w oszacowano na 4,67 mln frank\u00f3w CFA, a jeszcze do tego trzeba doliczy\u0107 op\u0142at\u0119 za prac\u0119 robotnik\u00f3w. Taki koszt jest ponad si\u0142y naszej misji. Dlatego o\u015bmielam si\u0119 pyta\u0107 i prosi\u0107 o wsparcie na remont zniszczonego dachu chocia\u017c w cz\u0119\u015bci.<\/p>\n<h4>Uczniowie musz\u0105 si\u0119 uczy\u0107<\/h4>\n<p>Mo\u017ce jeszcze gdzie\u015b kto\u015b nas wesprze. Na razie morale jest s\u0142abe. Trudno mi prosi\u0107, nie umiem nawet wyrazi\u0107 tego co czuj\u0119. Jednak oko\u0142o 350 naszych dzieci musi kontynuowa\u0107 nauk\u0119, bo rok szkolny na p\u00f3\u0142metku do wakacji. W\u015br\u00f3d nich s\u0105 r\u00f3wnie\u017c podopieczni programu <a href=\"https:\/\/www.maitri.pl\/adopcja-serca\/\" target=\"_blank\" rel=\"noopener\">Adopcja Serca<\/a>, a kt\u00f3rych wspieracie. Dzi\u0119kuj\u0119 za pami\u0119\u0107. Prosz\u0119 o modlitw\u0119 abym umia\u0142a znosi\u0107 przeszkody. Pozdrawiam.\u00a0\u00a0S.\u00a0Alicja<\/p>\n<h4>Kosztorys:<\/h4>\n<p><img loading=\"lazy\" decoding=\"async\" class=\"alignnone wp-image-33066 size-full\" src=\"https:\/\/www.maitri.pl\/wp-content\/uploads\/2025\/04\/167-chrys.png\" alt=\"\" width=\"959\" height=\"575\" srcset=\"https:\/\/www.maitri.pl\/wp-content\/uploads\/2025\/04\/167-chrys.png 959w, https:\/\/www.maitri.pl\/wp-content\/uploads\/2025\/04\/167-chrys-300x180.png 300w, https:\/\/www.maitri.pl\/wp-content\/uploads\/2025\/04\/167-chrys-768x460.png 768w, https:\/\/www.maitri.pl\/wp-content\/uploads\/2025\/04\/167-chrys-600x360.png 600w\" sizes=\"auto, (max-width: 959px) 100vw, 959px\" \/><\/p>\n<p><em style=\"font-size: 16px;\">s. Alicja Adamska, <a href=\"http:\/\/duszajezusa.pl\/\" target=\"_blank\" rel=\"noopener noreferrer\">Zgromadzenie Si\u00f3str Naj\u015bwi\u0119tszej Duszy Chrystusa Pana<\/a><\/em><\/p>\n<p><strong>PODSUMOWANIE<\/strong> (w miejscowej walucie) &#8211; razem <strong>4 670 500 frank\u00f3w CFA<\/strong><\/p>\n<p style=\"text-align: justify;\" align=\"JUSTIFY\"><span style=\"color: #ff0000;\"><span style=\"font-size: large;\"><b>Kwota projektu: 7 920 \u20ac<br \/>\n<\/b><\/span><\/span><\/p>\n<p align=\"JUSTIFY\"><strong>przekazana kwota 5.000 \u20ac<\/strong><\/p>\n<p style=\"text-align: justify;\"><strong>Numer projektu: 167\/CHRYS <\/strong><\/p>\n<p style=\"text-align: justify;\" align=\"JUSTIFY\"><span style=\"color: #808080;\">Stowarzyszenie Ruchu\u00a0<em>Maitri<\/em>\u00a0przeznacza do 10% otrzymanych \u015brodk\u00f3w na koszty funkcjonowania biura i pozyskiwanie funduszy pomocowych.<\/span><\/p>\n<h3 style=\"text-align: justify;\" align=\"JUSTIFY\"><span style=\"color: #808080;\">Remont zniszczonego dachu szko\u0142y \u015bw. Aloys w Abong Mbang w Kamerunie<\/span><\/h3>\n","protected":false},"excerpt":{"rendered":"<p><strong>Projekt: <\/strong><em>s. Alicja Adamska, <a href=\"http:\/\/duszajezusa.pl\/\" target=\"_blank\" rel=\"noopener noreferrer\">Zgromadzenie Si\u00f3str Naj\u015bwi\u0119tszej Duszy Chrystusa Pana<\/a><\/em><br \/>\n<strong>Misja:<\/strong> Abong Mbang, <a href=\"https:\/\/www.maitri.pl\/gdzie-pomagamy\/\" target=\"_blank\" rel=\"noopener noreferrer\">Kamerun<\/a><br \/>\n<strong>Kwota projektu: <span style=\"color: #ff0000;\">7 920 \u20ac<\/span><\/strong><\/p>\n","protected":false},"featured_media":33076,"template":"","meta":[],"product_brand":[],"product_cat":[674],"product_tag":[662,658,659,875,660],"class_list":{"0":"post-33062","1":"product","2":"type-product","3":"status-publish","4":"has-post-thumbnail","6":"product_cat-projekty-zrealizowane-w-biezacym-roku","7":"product_tag-abong-mbang","8":"product_tag-kamerun","9":"product_tag-siostra-alicja-adamska","10":"product_tag-zgromadzenie-siostr-duszy-chrystusowej","11":"product_tag-zgromadzenie-siostr-najswietszej-duszy-chrystusa-pana","13":"first","14":"instock","15":"virtual","16":"purchasable","17":"product-type-simple"},"yoast_head":"<!-- This site is optimized with the Yoast SEO plugin v27.2 - https:\/\/yoast.com\/product\/yoast-seo-wordpress\/ -->\n<title>Remont zniszczonego dachu szko\u0142y \u015bw. Aloys w Abong Mbang<\/title>\n<meta name=\"description\" content=\"Remont zniszczonego dachu szko\u0142y \u015bw. Aloys w Abong Mbang w Kamerunie. O wsparcie prosz\u0105 Siostry Duszy Chrystusowej. Pom\u00f3\u017c zlikwidowa\u0107 skutki kataklizmu.\" \/>\n<meta name=\"robots\" content=\"index, follow, max-snippet:-1, max-image-preview:large, max-video-preview:-1\" \/>\n<link rel=\"canonical\" href=\"https:\/\/www.maitri.pl\/projekt\/remont-zniszczonego-dachu-kamerun\/\" \/>\n<meta property=\"og:locale\" content=\"fr_FR\" \/>\n<meta property=\"og:type\" content=\"article\" \/>\n<meta property=\"og:title\" content=\"Remont zniszczonego dachu szko\u0142y \u015bw. Aloys w Abong Mbang\" \/>\n<meta property=\"og:description\" content=\"Remont zniszczonego dachu szko\u0142y \u015bw. Aloys w Abong Mbang w Kamerunie. O wsparcie prosz\u0105 Siostry Duszy Chrystusowej. Pom\u00f3\u017c zlikwidowa\u0107 skutki kataklizmu.\" \/>\n<meta property=\"og:url\" content=\"https:\/\/www.maitri.pl\/projekt\/remont-zniszczonego-dachu-kamerun\/\" \/>\n<meta property=\"og:site_name\" content=\"Ruch Maitri - Adopcja Serca pomoc Afryce\" \/>\n<meta property=\"article:publisher\" content=\"https:\/\/www.facebook.com\/MAITRI.Adopcja.Serca.dzieci.Afryki\/\" \/>\n<meta property=\"article:modified_time\" content=\"2025-04-25T15:46:41+00:00\" \/>\n<meta property=\"og:image\" content=\"https:\/\/www.maitri.pl\/wp-content\/uploads\/2025\/04\/167-chrys-3.jpg\" \/>\n\t<meta property=\"og:image:width\" content=\"1080\" \/>\n\t<meta property=\"og:image:height\" content=\"486\" \/>\n\t<meta property=\"og:image:type\" content=\"image\/jpeg\" \/>\n<meta name=\"twitter:card\" content=\"summary_large_image\" \/>\n<meta name=\"twitter:label1\" content=\"Dur\u00e9e de lecture estim\u00e9e\" \/>\n\t<meta name=\"twitter:data1\" content=\"3 minutes\" \/>\n<script type=\"application\/ld+json\" class=\"yoast-schema-graph\">{\"@context\":\"https:\/\/schema.org\",\"@graph\":[{\"@type\":\"WebPage\",\"@id\":\"https:\/\/www.maitri.pl\/projekt\/remont-zniszczonego-dachu-kamerun\/\",\"url\":\"https:\/\/www.maitri.pl\/projekt\/remont-zniszczonego-dachu-kamerun\/\",\"name\":\"Remont zniszczonego dachu szko\u0142y \u015bw. Aloys w Abong Mbang\",\"isPartOf\":{\"@id\":\"https:\/\/www.maitri.pl\/#website\"},\"primaryImageOfPage\":{\"@id\":\"https:\/\/www.maitri.pl\/projekt\/remont-zniszczonego-dachu-kamerun\/#primaryimage\"},\"image\":{\"@id\":\"https:\/\/www.maitri.pl\/projekt\/remont-zniszczonego-dachu-kamerun\/#primaryimage\"},\"thumbnailUrl\":\"https:\/\/www.maitri.pl\/wp-content\/uploads\/2025\/04\/167-chrys-3.jpg\",\"datePublished\":\"2025-04-07T18:32:13+00:00\",\"dateModified\":\"2025-04-25T15:46:41+00:00\",\"description\":\"Remont zniszczonego dachu szko\u0142y \u015bw. Aloys w Abong Mbang w Kamerunie. O wsparcie prosz\u0105 Siostry Duszy Chrystusowej. Pom\u00f3\u017c zlikwidowa\u0107 skutki kataklizmu.\",\"breadcrumb\":{\"@id\":\"https:\/\/www.maitri.pl\/projekt\/remont-zniszczonego-dachu-kamerun\/#breadcrumb\"},\"inLanguage\":\"fr-FR\",\"potentialAction\":[{\"@type\":\"ReadAction\",\"target\":[\"https:\/\/www.maitri.pl\/projekt\/remont-zniszczonego-dachu-kamerun\/\"]}]},{\"@type\":\"ImageObject\",\"inLanguage\":\"fr-FR\",\"@id\":\"https:\/\/www.maitri.pl\/projekt\/remont-zniszczonego-dachu-kamerun\/#primaryimage\",\"url\":\"https:\/\/www.maitri.pl\/wp-content\/uploads\/2025\/04\/167-chrys-3.jpg\",\"contentUrl\":\"https:\/\/www.maitri.pl\/wp-content\/uploads\/2025\/04\/167-chrys-3.jpg\",\"width\":1080,\"height\":486,\"caption\":\"Remont zniszczonego dachu szko\u0142y \u015bw. Aloys w Abong Mbang 01 Adopcja Serca pomoc ubogim pomoc Afryce Siostry Duszy Chrystusa 03\"},{\"@type\":\"BreadcrumbList\",\"@id\":\"https:\/\/www.maitri.pl\/projekt\/remont-zniszczonego-dachu-kamerun\/#breadcrumb\",\"itemListElement\":[{\"@type\":\"ListItem\",\"position\":1,\"name\":\"Strona g\u0142\u00f3wna\",\"item\":\"https:\/\/www.maitri.pl\/\"},{\"@type\":\"ListItem\",\"position\":2,\"name\":\"Sklep\",\"item\":\"https:\/\/www.maitri.pl\/sklep\/\"},{\"@type\":\"ListItem\",\"position\":3,\"name\":\"Remont zniszczonego dachu szko\u0142y \u015bw. Aloys w Abong Mbang w Kamerunie\"}]},{\"@type\":\"WebSite\",\"@id\":\"https:\/\/www.maitri.pl\/#website\",\"url\":\"https:\/\/www.maitri.pl\/\",\"name\":\"Adopcja Serca Maitri \u2013 pomoc dzieciom w Afryce\",\"description\":\"Adopcja Serca \u2013 adopcja na odleg\u0142o\u015b\u0107, pomoc Afryce, do\u017cywianie i edukacja w Afryce\",\"publisher\":{\"@id\":\"https:\/\/www.maitri.pl\/#organization\"},\"potentialAction\":[{\"@type\":\"SearchAction\",\"target\":{\"@type\":\"EntryPoint\",\"urlTemplate\":\"https:\/\/www.maitri.pl\/?s={search_term_string}\"},\"query-input\":{\"@type\":\"PropertyValueSpecification\",\"valueRequired\":true,\"valueName\":\"search_term_string\"}}],\"inLanguage\":\"fr-FR\"},{\"@type\":\"Organization\",\"@id\":\"https:\/\/www.maitri.pl\/#organization\",\"name\":\"Stowarzyszenie Ruchu Maitri\",\"url\":\"https:\/\/www.maitri.pl\/\",\"logo\":{\"@type\":\"ImageObject\",\"inLanguage\":\"fr-FR\",\"@id\":\"https:\/\/www.maitri.pl\/#\/schema\/logo\/image\/\",\"url\":\"https:\/\/www.maitri.pl\/wp-content\/uploads\/2020\/04\/duze_logo-81.png\",\"contentUrl\":\"https:\/\/www.maitri.pl\/wp-content\/uploads\/2020\/04\/duze_logo-81.png\",\"width\":339,\"height\":321,\"caption\":\"Stowarzyszenie Ruchu Maitri\"},\"image\":{\"@id\":\"https:\/\/www.maitri.pl\/#\/schema\/logo\/image\/\"},\"sameAs\":[\"https:\/\/www.facebook.com\/MAITRI.Adopcja.Serca.dzieci.Afryki\/\"]}]}<\/script>\n<!-- \/ Yoast SEO plugin. -->","yoast_head_json":{"title":"Remont zniszczonego dachu szko\u0142y \u015bw. Aloys w Abong Mbang","description":"Remont zniszczonego dachu szko\u0142y \u015bw. Aloys w Abong Mbang w Kamerunie. O wsparcie prosz\u0105 Siostry Duszy Chrystusowej. Pom\u00f3\u017c zlikwidowa\u0107 skutki kataklizmu.","robots":{"index":"index","follow":"follow","max-snippet":"max-snippet:-1","max-image-preview":"max-image-preview:large","max-video-preview":"max-video-preview:-1"},"canonical":"https:\/\/www.maitri.pl\/projekt\/remont-zniszczonego-dachu-kamerun\/","og_locale":"fr_FR","og_type":"article","og_title":"Remont zniszczonego dachu szko\u0142y \u015bw. Aloys w Abong Mbang","og_description":"Remont zniszczonego dachu szko\u0142y \u015bw. Aloys w Abong Mbang w Kamerunie. O wsparcie prosz\u0105 Siostry Duszy Chrystusowej. Pom\u00f3\u017c zlikwidowa\u0107 skutki kataklizmu.","og_url":"https:\/\/www.maitri.pl\/projekt\/remont-zniszczonego-dachu-kamerun\/","og_site_name":"Ruch Maitri - Adopcja Serca pomoc Afryce","article_publisher":"https:\/\/www.facebook.com\/MAITRI.Adopcja.Serca.dzieci.Afryki\/","article_modified_time":"2025-04-25T15:46:41+00:00","og_image":[{"width":1080,"height":486,"url":"https:\/\/www.maitri.pl\/wp-content\/uploads\/2025\/04\/167-chrys-3.jpg","type":"image\/jpeg"}],"twitter_card":"summary_large_image","twitter_misc":{"Dur\u00e9e de lecture estim\u00e9e":"3 minutes"},"schema":{"@context":"https:\/\/schema.org","@graph":[{"@type":"WebPage","@id":"https:\/\/www.maitri.pl\/projekt\/remont-zniszczonego-dachu-kamerun\/","url":"https:\/\/www.maitri.pl\/projekt\/remont-zniszczonego-dachu-kamerun\/","name":"Remont zniszczonego dachu szko\u0142y \u015bw. Aloys w Abong Mbang","isPartOf":{"@id":"https:\/\/www.maitri.pl\/#website"},"primaryImageOfPage":{"@id":"https:\/\/www.maitri.pl\/projekt\/remont-zniszczonego-dachu-kamerun\/#primaryimage"},"image":{"@id":"https:\/\/www.maitri.pl\/projekt\/remont-zniszczonego-dachu-kamerun\/#primaryimage"},"thumbnailUrl":"https:\/\/www.maitri.pl\/wp-content\/uploads\/2025\/04\/167-chrys-3.jpg","datePublished":"2025-04-07T18:32:13+00:00","dateModified":"2025-04-25T15:46:41+00:00","description":"Remont zniszczonego dachu szko\u0142y \u015bw. Aloys w Abong Mbang w Kamerunie. O wsparcie prosz\u0105 Siostry Duszy Chrystusowej. Pom\u00f3\u017c zlikwidowa\u0107 skutki kataklizmu.","breadcrumb":{"@id":"https:\/\/www.maitri.pl\/projekt\/remont-zniszczonego-dachu-kamerun\/#breadcrumb"},"inLanguage":"fr-FR","potentialAction":[{"@type":"ReadAction","target":["https:\/\/www.maitri.pl\/projekt\/remont-zniszczonego-dachu-kamerun\/"]}]},{"@type":"ImageObject","inLanguage":"fr-FR","@id":"https:\/\/www.maitri.pl\/projekt\/remont-zniszczonego-dachu-kamerun\/#primaryimage","url":"https:\/\/www.maitri.pl\/wp-content\/uploads\/2025\/04\/167-chrys-3.jpg","contentUrl":"https:\/\/www.maitri.pl\/wp-content\/uploads\/2025\/04\/167-chrys-3.jpg","width":1080,"height":486,"caption":"Remont zniszczonego dachu szko\u0142y \u015bw. Aloys w Abong Mbang 01 Adopcja Serca pomoc ubogim pomoc Afryce Siostry Duszy Chrystusa 03"},{"@type":"BreadcrumbList","@id":"https:\/\/www.maitri.pl\/projekt\/remont-zniszczonego-dachu-kamerun\/#breadcrumb","itemListElement":[{"@type":"ListItem","position":1,"name":"Strona g\u0142\u00f3wna","item":"https:\/\/www.maitri.pl\/"},{"@type":"ListItem","position":2,"name":"Sklep","item":"https:\/\/www.maitri.pl\/sklep\/"},{"@type":"ListItem","position":3,"name":"Remont zniszczonego dachu szko\u0142y \u015bw. Aloys w Abong Mbang w Kamerunie"}]},{"@type":"WebSite","@id":"https:\/\/www.maitri.pl\/#website","url":"https:\/\/www.maitri.pl\/","name":"Adopcja Serca Maitri \u2013 pomoc dzieciom w Afryce","description":"Adopcja Serca \u2013 adopcja na odleg\u0142o\u015b\u0107, pomoc Afryce, do\u017cywianie i edukacja w Afryce","publisher":{"@id":"https:\/\/www.maitri.pl\/#organization"},"potentialAction":[{"@type":"SearchAction","target":{"@type":"EntryPoint","urlTemplate":"https:\/\/www.maitri.pl\/?s={search_term_string}"},"query-input":{"@type":"PropertyValueSpecification","valueRequired":true,"valueName":"search_term_string"}}],"inLanguage":"fr-FR"},{"@type":"Organization","@id":"https:\/\/www.maitri.pl\/#organization","name":"Stowarzyszenie Ruchu Maitri","url":"https:\/\/www.maitri.pl\/","logo":{"@type":"ImageObject","inLanguage":"fr-FR","@id":"https:\/\/www.maitri.pl\/#\/schema\/logo\/image\/","url":"https:\/\/www.maitri.pl\/wp-content\/uploads\/2020\/04\/duze_logo-81.png","contentUrl":"https:\/\/www.maitri.pl\/wp-content\/uploads\/2020\/04\/duze_logo-81.png","width":339,"height":321,"caption":"Stowarzyszenie Ruchu Maitri"},"image":{"@id":"https:\/\/www.maitri.pl\/#\/schema\/logo\/image\/"},"sameAs":["https:\/\/www.facebook.com\/MAITRI.Adopcja.Serca.dzieci.Afryki\/"]}]}},"_links":{"self":[{"href":"https:\/\/www.maitri.pl\/fr\/wp-json\/wp\/v2\/product\/33062","targetHints":{"allow":["GET"]}}],"collection":[{"href":"https:\/\/www.maitri.pl\/fr\/wp-json\/wp\/v2\/product"}],"about":[{"href":"https:\/\/www.maitri.pl\/fr\/wp-json\/wp\/v2\/types\/product"}],"wp:featuredmedia":[{"embeddable":true,"href":"https:\/\/www.maitri.pl\/fr\/wp-json\/wp\/v2\/media\/33076"}],"wp:attachment":[{"href":"https:\/\/www.maitri.pl\/fr\/wp-json\/wp\/v2\/media?parent=33062"}],"wp:term":[{"taxonomy":"product_brand","embeddable":true,"href":"https:\/\/www.maitri.pl\/fr\/wp-json\/wp\/v2\/product_brand?post=33062"},{"taxonomy":"product_cat","embeddable":true,"href":"https:\/\/www.maitri.pl\/fr\/wp-json\/wp\/v2\/product_cat?post=33062"},{"taxonomy":"product_tag","embeddable":true,"href":"https:\/\/www.maitri.pl\/fr\/wp-json\/wp\/v2\/product_tag?post=33062"}],"curies":[{"name":"wp","href":"https:\/\/api.w.org\/{rel}","templated":true}]}}