{"id":32868,"date":"2025-02-20T19:06:12","date_gmt":"2025-02-20T18:06:12","guid":{"rendered":"https:\/\/www.maitri.pl\/?post_type=product&#038;p=32868"},"modified":"2025-05-30T14:45:27","modified_gmt":"2025-05-30T12:45:27","slug":"zeszyty-burundi-zbiorka","status":"publish","type":"product","link":"https:\/\/www.maitri.pl\/fr\/projekt\/zeszyty-burundi-zbiorka\/","title":{"rendered":"Zeszyty dla dzieci z ubogich rodzin z Burundi na rok szkolny 2025\/2026"},"content":{"rendered":"<h4 data-start=\"0\" data-end=\"318\">Tam zeszyty to luksus<\/h4>\n<p data-start=\"0\" data-end=\"318\">Je\u017celi zastanawiasz si\u0119 czasem, kt\u00f3ry kraj na \u015bwiecie jest najbiedniejszy, odpowiedzi\u0105 jest w\u0142a\u015bnie Burundi. G\u0142\u00f3wne przyczyny tego stanu to d\u0142ugotrwa\u0142e konflikty polityczne, rozwini\u0119ta korupcja, brak zasob\u00f3w naturalnych i s\u0142abo rozwini\u0119ta infrastruktura. Pod wzgl\u0119dem PKB na mieszka\u0144ca Burundi jest biedniejsze od Polski ok. 30 razy. Gospodarka tego kraju opiera si\u0119 g\u0142\u00f3wnie na prymitywnym rolnictwie, kt\u00f3re jest ma\u0142o wydajne i podatne na zmiany klimatu. Z tego powodu panuje tam ogromna bieda, a poziom \u017cycia jest niski. Szczeg\u00f3lnie ci\u0119\u017cko jest dzieciom, z kt\u00f3rych wiele cierpi na niedo\u017cywienie. Tamtejsze szko\u0142y zmagaj\u0105 si\u0119 z brakami, a zeszyty dla uczni\u00f3w to zupe\u0142ny luksus.<\/p>\n<h4>Nie ich wina, \u017ce s\u0105 biedni<\/h4>\n<p>W zwi\u0105zku z wielokrotn\u0105 podwy\u017ck\u0105 cen \u017cywno\u015bci i innych produkt\u00f3w, prosz\u0119 o dodatkowe wsparcie dla dzieci z biednych rodzin, kt\u00f3re borykaj\u0105 si\u0119 z bied\u0105 i problemem g\u0142odu. Wi\u0119kszo\u015b\u0107 ludno\u015bci \u017cyje tutaj poni\u017cej granicy ub\u00f3stwa. Nie maj\u0105 dost\u0119pu do bie\u017c\u0105cej wody, opieki zdrowotnej. Wiele dzieci pracuje, \u017ceby wspom\u00f3c domowy bud\u017cet. W innym razie nie mia\u0142yby co je\u015b\u0107. Niestety praca zamiast szko\u0142y oznacza pogr\u0105\u017canie si\u0119 w analfabetyzmie. Chcemy pom\u00f3c naszym uczniom. Dla tych dzieci potrzebne s\u0105 zeszyty do ka\u017cdej klasy: 100, 60,48, 24-kartkowe.<\/p>\n<h4>Pisz\u0105 na tabliczkach<\/h4>\n<p>Zeszyty w tutejszych warunkach kosztuj\u0105 fortun\u0119. W zale\u017cno\u015bci od klasy, koszt wszystkich potrzebnych zeszyt\u00f3w to nawet 60 000 fbu. To dla por\u00f3wnania r\u00f3wnowarto\u015b\u0107 p\u00f3\u0142tora miesi\u0105ca pracy str\u00f3\u017ca nocnego.\u00a0Wiele rodzin \u017cyje na granicy n\u0119dzy i nie mog\u0142o pos\u0142a\u0107 swoich dzieci do szko\u0142y od nowego roku. Gdy rodzina nie ma na jedzenie, to nikt nie kupi dziecku zeszyt\u00f3w, dlatego w szko\u0142ach pisz\u0105 na tabliczkach.\u00a0W Burundi sytuacja z brakiem paliw na stacjach benzynowych stale si\u0119 pogarsza, transport jest prawie niemo\u017cliwy i st\u0105d podwy\u017cki cen wszystkich produkt\u00f3w. Ta sytuacja pog\u0142\u0119bia wszechobecn\u0105 bied\u0119 spo\u0142ecze\u0144stwa. Apelujemy o wsparcie.<\/p>\n<h4>Kosztorys:<\/h4>\n<ol>\n<li>Zeszyty dla dzieci z misji w Buraniro &#8211; 3 000 000 frank\u00f3w burundyjskich<\/li>\n<li>Zeszyty dla dzieci z misji w Kayanza &#8211; 3 000 000 frank\u00f3w burundysjkich<\/li>\n<\/ol>\n<p><em><strong>Podsumowanie w miejscowej walucie: 6 000 000 frank\u00f3w burundyjskich<\/strong><\/em><\/p>\n<p><em>Siostra Ezechiela Pyszka<\/em>, <a href=\"http:\/\/kanoniczki.pl\/index.php\/pojdz-za-mna\/moje-powolanie\/260-jestem-afrykanka\"> Zgromadzenie Si\u00f3str Kanoniczek Ducha \u015awi\u0119tego de Saxia<\/a>, Buraniro, <a href=\"https:\/\/www.maitri.pl\/gdzie-pomagamy\/\" target=\"_blank\" rel=\"noopener noreferrer\">Burundi<\/a><\/p>\n<p style=\"text-align: justify;\" align=\"JUSTIFY\"><span style=\"color: #ff0000;\"><span style=\"font-size: large;\"><b>Kwota projektu: 1 020 \u20ac<br \/>\n<\/b><\/span><\/span><\/p>\n<p align=\"JUSTIFY\">Przekazana kwota: 100%<\/p>\n<p style=\"text-align: justify;\"><strong>Numer projektu: 244-245\/DUCHA<\/strong><\/p>\n<p style=\"text-align: justify;\" align=\"JUSTIFY\"><span style=\"color: #808080;\">Stowarzyszenie Ruchu\u00a0<em>Maitri<\/em>\u00a0przeznacza do 10% otrzymanych \u015brodk\u00f3w na koszty funkcjonowania biura i pozyskiwanie funduszy pomocowych.<\/span><\/p>\n<h3 style=\"text-align: justify;\" align=\"JUSTIFY\"><span style=\"color: #808080;\">Zeszyty dla dzieci z ubogich rodzin z Burundi na rok szkolny 2025\/2026 &#8211; Buraniro i Kayanza, Siostry Kanoniczki<\/span><\/h3>\n","protected":false},"excerpt":{"rendered":"<p><strong>Projekt:<\/strong> <em>Siostra Ezechiela Pyszka<\/em>, <a href=\"http:\/\/kanoniczki.pl\/index.php\/pojdz-za-mna\/moje-powolanie\/260-jestem-afrykanka\"> Zgromadzenie Si\u00f3str Kanoniczek Ducha \u015awi\u0119tego de Saxia<\/a><br \/>\n<strong>Misja:<\/strong> Buraniro i Kayanza, <a href=\"https:\/\/www.maitri.pl\/gdzie-pomagamy\/\" target=\"_blank\" rel=\"noopener noreferrer\">Burundi<\/a><br \/>\n<strong>Zbierana kwota: <span style=\"color: #ff0000;\">1 120\u20ac<\/span><\/strong><\/p>\n","protected":false},"featured_media":32872,"template":"","meta":[],"product_brand":[],"product_cat":[674],"product_tag":[666,667,1003,668,845],"class_list":{"0":"post-32868","1":"product","2":"type-product","3":"status-publish","4":"has-post-thumbnail","6":"product_cat-projekty-zrealizowane-w-biezacym-roku","7":"product_tag-buraniro","8":"product_tag-burundi","9":"product_tag-kayanza","10":"product_tag-siostra-ezechiela-pyszka","11":"product_tag-zgromadzenie-siostr-kanoniczek-ducha-swietego","13":"first","14":"instock","15":"virtual","16":"purchasable","17":"product-type-simple"},"yoast_head":"<!-- This site is optimized with the Yoast SEO plugin v27.2 - https:\/\/yoast.com\/product\/yoast-seo-wordpress\/ -->\n<title>Zeszyty dla dzieci z ubogich rodzin z Burundi na 2025-26<\/title>\n<meta name=\"description\" content=\"Zeszyty dla dzieci z ubogich rodzin z Burundi na rok szkolny 2025\/2026. O pomoc prosz\u0105 Siostry Kanoniczki z misji Buraniro i Kayanza. Ka\u017cda wp\u0142ata pomaga!\" \/>\n<meta name=\"robots\" content=\"index, follow, max-snippet:-1, max-image-preview:large, max-video-preview:-1\" \/>\n<link rel=\"canonical\" href=\"https:\/\/www.maitri.pl\/projekt\/zeszyty-burundi-zbiorka\/\" \/>\n<meta property=\"og:locale\" content=\"fr_FR\" \/>\n<meta property=\"og:type\" content=\"article\" \/>\n<meta property=\"og:title\" content=\"Zeszyty dla dzieci z ubogich rodzin z Burundi na 2025-26\" \/>\n<meta property=\"og:description\" content=\"Zeszyty dla dzieci z ubogich rodzin z Burundi na rok szkolny 2025\/2026. O pomoc prosz\u0105 Siostry Kanoniczki z misji Buraniro i Kayanza. Ka\u017cda wp\u0142ata pomaga!\" \/>\n<meta property=\"og:url\" content=\"https:\/\/www.maitri.pl\/projekt\/zeszyty-burundi-zbiorka\/\" \/>\n<meta property=\"og:site_name\" content=\"Ruch Maitri - Adopcja Serca pomoc Afryce\" \/>\n<meta property=\"article:publisher\" content=\"https:\/\/www.facebook.com\/MAITRI.Adopcja.Serca.dzieci.Afryki\/\" \/>\n<meta property=\"article:modified_time\" content=\"2025-05-30T12:45:27+00:00\" \/>\n<meta property=\"og:image\" content=\"https:\/\/www.maitri.pl\/wp-content\/uploads\/2025\/02\/zeszyty.jpg\" \/>\n\t<meta property=\"og:image:width\" content=\"1824\" \/>\n\t<meta property=\"og:image:height\" content=\"1368\" \/>\n\t<meta property=\"og:image:type\" content=\"image\/jpeg\" \/>\n<meta name=\"twitter:card\" content=\"summary_large_image\" \/>\n<meta name=\"twitter:label1\" content=\"Dur\u00e9e de lecture estim\u00e9e\" \/>\n\t<meta name=\"twitter:data1\" content=\"3 minutes\" \/>\n<script type=\"application\/ld+json\" class=\"yoast-schema-graph\">{\"@context\":\"https:\/\/schema.org\",\"@graph\":[{\"@type\":\"WebPage\",\"@id\":\"https:\/\/www.maitri.pl\/projekt\/zeszyty-burundi-zbiorka\/\",\"url\":\"https:\/\/www.maitri.pl\/projekt\/zeszyty-burundi-zbiorka\/\",\"name\":\"Zeszyty dla dzieci z ubogich rodzin z Burundi na 2025-26\",\"isPartOf\":{\"@id\":\"https:\/\/www.maitri.pl\/#website\"},\"primaryImageOfPage\":{\"@id\":\"https:\/\/www.maitri.pl\/projekt\/zeszyty-burundi-zbiorka\/#primaryimage\"},\"image\":{\"@id\":\"https:\/\/www.maitri.pl\/projekt\/zeszyty-burundi-zbiorka\/#primaryimage\"},\"thumbnailUrl\":\"https:\/\/www.maitri.pl\/wp-content\/uploads\/2025\/02\/zeszyty.jpg\",\"datePublished\":\"2025-02-20T18:06:12+00:00\",\"dateModified\":\"2025-05-30T12:45:27+00:00\",\"description\":\"Zeszyty dla dzieci z ubogich rodzin z Burundi na rok szkolny 2025\/2026. O pomoc prosz\u0105 Siostry Kanoniczki z misji Buraniro i Kayanza. Ka\u017cda wp\u0142ata pomaga!\",\"breadcrumb\":{\"@id\":\"https:\/\/www.maitri.pl\/projekt\/zeszyty-burundi-zbiorka\/#breadcrumb\"},\"inLanguage\":\"fr-FR\",\"potentialAction\":[{\"@type\":\"ReadAction\",\"target\":[\"https:\/\/www.maitri.pl\/projekt\/zeszyty-burundi-zbiorka\/\"]}]},{\"@type\":\"ImageObject\",\"inLanguage\":\"fr-FR\",\"@id\":\"https:\/\/www.maitri.pl\/projekt\/zeszyty-burundi-zbiorka\/#primaryimage\",\"url\":\"https:\/\/www.maitri.pl\/wp-content\/uploads\/2025\/02\/zeszyty.jpg\",\"contentUrl\":\"https:\/\/www.maitri.pl\/wp-content\/uploads\/2025\/02\/zeszyty.jpg\",\"width\":1824,\"height\":1368,\"caption\":\"Zeszyty dla dzieci z ubogich rodzin z Burundi na rok szkolny 2025\/2026 pomoc Afryce Adopcja Serca Maitri pomoc ubogim Adopcja Duchowa ja\u0142mu\u017cna 02\"},{\"@type\":\"BreadcrumbList\",\"@id\":\"https:\/\/www.maitri.pl\/projekt\/zeszyty-burundi-zbiorka\/#breadcrumb\",\"itemListElement\":[{\"@type\":\"ListItem\",\"position\":1,\"name\":\"Strona g\u0142\u00f3wna\",\"item\":\"https:\/\/www.maitri.pl\/\"},{\"@type\":\"ListItem\",\"position\":2,\"name\":\"Sklep\",\"item\":\"https:\/\/www.maitri.pl\/sklep\/\"},{\"@type\":\"ListItem\",\"position\":3,\"name\":\"Zeszyty dla dzieci z ubogich rodzin z Burundi na rok szkolny 2025\/2026\"}]},{\"@type\":\"WebSite\",\"@id\":\"https:\/\/www.maitri.pl\/#website\",\"url\":\"https:\/\/www.maitri.pl\/\",\"name\":\"Adopcja Serca Maitri \u2013 pomoc dzieciom w Afryce\",\"description\":\"Adopcja Serca \u2013 adopcja na odleg\u0142o\u015b\u0107, pomoc Afryce, do\u017cywianie i edukacja w Afryce\",\"publisher\":{\"@id\":\"https:\/\/www.maitri.pl\/#organization\"},\"potentialAction\":[{\"@type\":\"SearchAction\",\"target\":{\"@type\":\"EntryPoint\",\"urlTemplate\":\"https:\/\/www.maitri.pl\/?s={search_term_string}\"},\"query-input\":{\"@type\":\"PropertyValueSpecification\",\"valueRequired\":true,\"valueName\":\"search_term_string\"}}],\"inLanguage\":\"fr-FR\"},{\"@type\":\"Organization\",\"@id\":\"https:\/\/www.maitri.pl\/#organization\",\"name\":\"Stowarzyszenie Ruchu Maitri\",\"url\":\"https:\/\/www.maitri.pl\/\",\"logo\":{\"@type\":\"ImageObject\",\"inLanguage\":\"fr-FR\",\"@id\":\"https:\/\/www.maitri.pl\/#\/schema\/logo\/image\/\",\"url\":\"https:\/\/www.maitri.pl\/wp-content\/uploads\/2020\/04\/duze_logo-81.png\",\"contentUrl\":\"https:\/\/www.maitri.pl\/wp-content\/uploads\/2020\/04\/duze_logo-81.png\",\"width\":339,\"height\":321,\"caption\":\"Stowarzyszenie Ruchu Maitri\"},\"image\":{\"@id\":\"https:\/\/www.maitri.pl\/#\/schema\/logo\/image\/\"},\"sameAs\":[\"https:\/\/www.facebook.com\/MAITRI.Adopcja.Serca.dzieci.Afryki\/\"]}]}<\/script>\n<!-- \/ Yoast SEO plugin. -->","yoast_head_json":{"title":"Zeszyty dla dzieci z ubogich rodzin z Burundi na 2025-26","description":"Zeszyty dla dzieci z ubogich rodzin z Burundi na rok szkolny 2025\/2026. O pomoc prosz\u0105 Siostry Kanoniczki z misji Buraniro i Kayanza. Ka\u017cda wp\u0142ata pomaga!","robots":{"index":"index","follow":"follow","max-snippet":"max-snippet:-1","max-image-preview":"max-image-preview:large","max-video-preview":"max-video-preview:-1"},"canonical":"https:\/\/www.maitri.pl\/projekt\/zeszyty-burundi-zbiorka\/","og_locale":"fr_FR","og_type":"article","og_title":"Zeszyty dla dzieci z ubogich rodzin z Burundi na 2025-26","og_description":"Zeszyty dla dzieci z ubogich rodzin z Burundi na rok szkolny 2025\/2026. O pomoc prosz\u0105 Siostry Kanoniczki z misji Buraniro i Kayanza. Ka\u017cda wp\u0142ata pomaga!","og_url":"https:\/\/www.maitri.pl\/projekt\/zeszyty-burundi-zbiorka\/","og_site_name":"Ruch Maitri - Adopcja Serca pomoc Afryce","article_publisher":"https:\/\/www.facebook.com\/MAITRI.Adopcja.Serca.dzieci.Afryki\/","article_modified_time":"2025-05-30T12:45:27+00:00","og_image":[{"width":1824,"height":1368,"url":"https:\/\/www.maitri.pl\/wp-content\/uploads\/2025\/02\/zeszyty.jpg","type":"image\/jpeg"}],"twitter_card":"summary_large_image","twitter_misc":{"Dur\u00e9e de lecture estim\u00e9e":"3 minutes"},"schema":{"@context":"https:\/\/schema.org","@graph":[{"@type":"WebPage","@id":"https:\/\/www.maitri.pl\/projekt\/zeszyty-burundi-zbiorka\/","url":"https:\/\/www.maitri.pl\/projekt\/zeszyty-burundi-zbiorka\/","name":"Zeszyty dla dzieci z ubogich rodzin z Burundi na 2025-26","isPartOf":{"@id":"https:\/\/www.maitri.pl\/#website"},"primaryImageOfPage":{"@id":"https:\/\/www.maitri.pl\/projekt\/zeszyty-burundi-zbiorka\/#primaryimage"},"image":{"@id":"https:\/\/www.maitri.pl\/projekt\/zeszyty-burundi-zbiorka\/#primaryimage"},"thumbnailUrl":"https:\/\/www.maitri.pl\/wp-content\/uploads\/2025\/02\/zeszyty.jpg","datePublished":"2025-02-20T18:06:12+00:00","dateModified":"2025-05-30T12:45:27+00:00","description":"Zeszyty dla dzieci z ubogich rodzin z Burundi na rok szkolny 2025\/2026. O pomoc prosz\u0105 Siostry Kanoniczki z misji Buraniro i Kayanza. Ka\u017cda wp\u0142ata pomaga!","breadcrumb":{"@id":"https:\/\/www.maitri.pl\/projekt\/zeszyty-burundi-zbiorka\/#breadcrumb"},"inLanguage":"fr-FR","potentialAction":[{"@type":"ReadAction","target":["https:\/\/www.maitri.pl\/projekt\/zeszyty-burundi-zbiorka\/"]}]},{"@type":"ImageObject","inLanguage":"fr-FR","@id":"https:\/\/www.maitri.pl\/projekt\/zeszyty-burundi-zbiorka\/#primaryimage","url":"https:\/\/www.maitri.pl\/wp-content\/uploads\/2025\/02\/zeszyty.jpg","contentUrl":"https:\/\/www.maitri.pl\/wp-content\/uploads\/2025\/02\/zeszyty.jpg","width":1824,"height":1368,"caption":"Zeszyty dla dzieci z ubogich rodzin z Burundi na rok szkolny 2025\/2026 pomoc Afryce Adopcja Serca Maitri pomoc ubogim Adopcja Duchowa ja\u0142mu\u017cna 02"},{"@type":"BreadcrumbList","@id":"https:\/\/www.maitri.pl\/projekt\/zeszyty-burundi-zbiorka\/#breadcrumb","itemListElement":[{"@type":"ListItem","position":1,"name":"Strona g\u0142\u00f3wna","item":"https:\/\/www.maitri.pl\/"},{"@type":"ListItem","position":2,"name":"Sklep","item":"https:\/\/www.maitri.pl\/sklep\/"},{"@type":"ListItem","position":3,"name":"Zeszyty dla dzieci z ubogich rodzin z Burundi na rok szkolny 2025\/2026"}]},{"@type":"WebSite","@id":"https:\/\/www.maitri.pl\/#website","url":"https:\/\/www.maitri.pl\/","name":"Adopcja Serca Maitri \u2013 pomoc dzieciom w Afryce","description":"Adopcja Serca \u2013 adopcja na odleg\u0142o\u015b\u0107, pomoc Afryce, do\u017cywianie i edukacja w Afryce","publisher":{"@id":"https:\/\/www.maitri.pl\/#organization"},"potentialAction":[{"@type":"SearchAction","target":{"@type":"EntryPoint","urlTemplate":"https:\/\/www.maitri.pl\/?s={search_term_string}"},"query-input":{"@type":"PropertyValueSpecification","valueRequired":true,"valueName":"search_term_string"}}],"inLanguage":"fr-FR"},{"@type":"Organization","@id":"https:\/\/www.maitri.pl\/#organization","name":"Stowarzyszenie Ruchu Maitri","url":"https:\/\/www.maitri.pl\/","logo":{"@type":"ImageObject","inLanguage":"fr-FR","@id":"https:\/\/www.maitri.pl\/#\/schema\/logo\/image\/","url":"https:\/\/www.maitri.pl\/wp-content\/uploads\/2020\/04\/duze_logo-81.png","contentUrl":"https:\/\/www.maitri.pl\/wp-content\/uploads\/2020\/04\/duze_logo-81.png","width":339,"height":321,"caption":"Stowarzyszenie Ruchu Maitri"},"image":{"@id":"https:\/\/www.maitri.pl\/#\/schema\/logo\/image\/"},"sameAs":["https:\/\/www.facebook.com\/MAITRI.Adopcja.Serca.dzieci.Afryki\/"]}]}},"_links":{"self":[{"href":"https:\/\/www.maitri.pl\/fr\/wp-json\/wp\/v2\/product\/32868","targetHints":{"allow":["GET"]}}],"collection":[{"href":"https:\/\/www.maitri.pl\/fr\/wp-json\/wp\/v2\/product"}],"about":[{"href":"https:\/\/www.maitri.pl\/fr\/wp-json\/wp\/v2\/types\/product"}],"wp:featuredmedia":[{"embeddable":true,"href":"https:\/\/www.maitri.pl\/fr\/wp-json\/wp\/v2\/media\/32872"}],"wp:attachment":[{"href":"https:\/\/www.maitri.pl\/fr\/wp-json\/wp\/v2\/media?parent=32868"}],"wp:term":[{"taxonomy":"product_brand","embeddable":true,"href":"https:\/\/www.maitri.pl\/fr\/wp-json\/wp\/v2\/product_brand?post=32868"},{"taxonomy":"product_cat","embeddable":true,"href":"https:\/\/www.maitri.pl\/fr\/wp-json\/wp\/v2\/product_cat?post=32868"},{"taxonomy":"product_tag","embeddable":true,"href":"https:\/\/www.maitri.pl\/fr\/wp-json\/wp\/v2\/product_tag?post=32868"}],"curies":[{"name":"wp","href":"https:\/\/api.w.org\/{rel}","templated":true}]}}