{"id":32835,"date":"2025-02-13T18:47:18","date_gmt":"2025-02-13T17:47:18","guid":{"rendered":"https:\/\/www.maitri.pl\/?post_type=product&#038;p=32835"},"modified":"2025-04-03T11:21:19","modified_gmt":"2025-04-03T09:21:19","slug":"karmelitanki-gitega","status":"publish","type":"product","link":"https:\/\/www.maitri.pl\/fr\/projekt\/karmelitanki-gitega\/","title":{"rendered":"Karmelitanki prosz\u0105 o maszyny do szycia dla uczni\u00f3w z Gitega w Burundi"},"content":{"rendered":"<h4>Umiej\u0119tno\u015bci s\u0105, sprz\u0119tu brak<\/h4>\n<p>Co czwarta osoba zamieszkuj\u0105ca Burundi nie potrafi czyta\u0107 ani pisa\u0107, a edukacja to jedno z najwa\u017cniejszych zada\u0144, jakie stoj\u0105 przed krajami Afryki. Bez wykszta\u0142cenia m\u0142ode pokolenia nie b\u0119d\u0105 w stanie wyrwa\u0107 si\u0119 z biedy. Od lat kszta\u0142cenie podstawowe i \u015brednie organizuj\u0105 tam Karmelitanki, a my pomagamy im od pocz\u0105tku. Teraz zwracamy si\u0119 z pro\u015bb\u0105 o pomoc dla zdolnych uczennic Szko\u0142y Zawodowej Kroju i Szycia w Gitega-Songa. M\u0142odzie\u017c garnie si\u0119 tam do nauki, bo wiedz\u0105, \u017ce umiej\u0119tno\u015b\u0107 obs\u0142ugi maszyny do szycia i krawiectwa znakomicie przyda si\u0119 w doros\u0142ym \u017cyciu. Maj\u0105 nadziej\u0119 na zmian\u0119 na lepsze \u017cycie, ale start bywa trudny, zw\u0142aszcza, gdy nie ma \u017cadnego wsparcia. Nie jeste\u015bmy w stanie wyci\u0105gn\u0105\u0107 z biedy ca\u0142ej ubogiej ludno\u015bci, ale mo\u017cemy wsp\u00f3lnie pom\u00f3c tym dziewczynom wej\u015b\u0107 mocnym krokiem w doros\u0142o\u015b\u0107.<\/p>\n<h4>List od Siostry Krystyny<\/h4>\n<p>Drodzy przyjaciele! Dzi\u0119kuj\u0119 ca\u0142ym sercem za otrzymywan\u0105 przez wiele lat pomoc finansow\u0105. Umo\u017cliwia ona naszej Szkole Kroju i Szycia w Gitega w Burundi zakup maszyn dla naszych absolwent\u00f3w pochodz\u0105cych z ubogich rodzin. Ponownie zwracam si\u0119 do Was z t\u0105 sam\u0105 pro\u015bb\u0105, dlatego \u017ce w tym roku w lipcu szko\u0142\u0119 sko\u0144czy 32 uczni\u00f3w. Zar\u00f3wno my, jak i oni, czekaj\u0105 z nadziej\u0105 w sercu, bo podczas ceremonii uko\u0144czenia 2-letniej szko\u0142y zawodowej ka\u017cdy z nich otrzyma na w\u0142asno\u015b\u0107 wymarzon\u0105 maszyn\u0119 do szycia. Jest nadzieja w sercach tegorocznych absolwent\u00f3w. Uczniom, kt\u00f3rzy wcze\u015bniej uko\u0144czyli nasz\u0105 szko\u0142\u0119 zawodow\u0105, zawsze jako\u015b udawa\u0142o si\u0119 kupi\u0107 te maszyny.<\/p>\n<h4>Maszyna do szycia to luksus<\/h4>\n<p>Zakup maszyny jednak przerasta ich mo\u017cliwo\u015bci, to kwota nieosi\u0105galna nawet, gdyby ca\u0142a rodzina chcia\u0142a si\u0119 z\u0142o\u017cy\u0107. Tym ludziom cz\u0119sto nie wystarcza \u015brodk\u00f3w finansowych, aby codziennie m\u00f3c co\u015b zje\u015b\u0107. To naprawd\u0119 wa\u017cne, by m\u0142oda dziewczyna uzyska\u0142a niezale\u017cno\u015b\u0107 i mog\u0142a samodzielnie zarobi\u0107 na swoje utrzymanie. Chcemy, aby wszyscy nasi uczniowie dostali narz\u0119dzia pracy, bo ich przysz\u0142o\u015b\u0107 zale\u017cy od wsparcia, kt\u00f3re otrzymaj\u0105 od innych ludzi. Wierz\u0119, \u017ce w tym roku r\u00f3wnie\u017c b\u0119d\u0105 mogli liczy\u0107 na Wasz\u0105 pomoc i serce. \u0141\u0105cz\u0119 serdeczne pozdrowienia, pami\u0119taj\u0105c w modlitwie.<\/p>\n<h4>Kosztorys:<\/h4>\n<p>Maszyny do szycia &#8211; 32 szt. x 800 000 \u2013 25\u00a0600 000 frank\u00f3w burundyjskich<\/p>\n<p>Nazwa projektu:<strong> 149\/KARML<\/strong><\/p>\n<p><em>s. Krystyna Pop\u0142awska<\/em>, <a href=\"https:\/\/www.karmel.pl\/rodzina-karmelu\/zgromadzenie-siostr-karmelitanek-dzieciatka-jezus\/\" target=\"_blank\" rel=\"noopener noreferrer\">Zgromadzenie Si\u00f3str Karmelitanek Dzieci\u0105tka Jezus<\/a>, Gitega Songa, <a href=\"https:\/\/www.maitri.pl\/gdzie-pomagamy\/\" target=\"_blank\" rel=\"noopener\">Burundi<\/a><\/p>\n<p style=\"text-align: justify;\"><span style=\"color: #ff0000;\"><span style=\"font-size: large;\"><b>Kwota projektu: 7 488 \u20ac<\/b><\/span><\/span><em>\u00a0<\/em><\/p>\n<p style=\"text-align: justify;\"><span style=\"font-size: large;\"><em><span style=\"color: #999999;\"><span style=\"font-size: medium;\">Stowarzyszenie Ruchu Maitri przeznacza do 10% otrzymanych \u015brodk\u00f3w na koszty funkcjonowania biura i pozyskiwanie funduszy pomocowych.<\/span><\/span><\/em><\/span><\/p>\n<h3 style=\"text-align: justify;\" align=\"JUSTIFY\"><span style=\"color: #808080;\">Karmelitanki prosz\u0105 o maszyny do szycia dla uczni\u00f3w ze szko\u0142y w Gitega Songa w Burundi<\/span><\/h3>\n","protected":false},"excerpt":{"rendered":"<p><strong>Projekt:<\/strong><em>s. Krystyna Pop\u0142awska<\/em><strong>, <\/strong><a href=\"https:\/\/www.karmel.pl\/rodzina-karmelu\/zgromadzenie-siostr-karmelitanek-dzieciatka-jezus\/\" target=\"_blank\" rel=\"noopener noreferrer\">Zgromadzenie Si\u00f3str Karmelitanek Dzieci\u0105tka Jezus<\/a><br \/>\n<strong>Miejsce:<\/strong> Gitega Songa, <a href=\"https:\/\/www.maitri.pl\/gdzie-pomagamy\/\" target=\"_blank\" rel=\"noopener\">Burundi<\/a><br \/>\n<strong>Kwota projektu: <span style=\"color: #ff0000;\">7 488 \u20ac<\/span><\/strong><\/p>\n","protected":false},"featured_media":32836,"template":"","meta":[],"product_brand":[],"product_cat":[674],"product_tag":[667,714,866,677],"class_list":{"0":"post-32835","1":"product","2":"type-product","3":"status-publish","4":"has-post-thumbnail","6":"product_cat-projekty-zrealizowane-w-biezacym-roku","7":"product_tag-burundi","8":"product_tag-gitega-songa","9":"product_tag-siostra-krystyna-poplawska","10":"product_tag-zgromadzenie-siostr-karmelitanek-dzieciatka-jezus","12":"first","13":"instock","14":"virtual","15":"purchasable","16":"product-type-simple"},"yoast_head":"<!-- This site is optimized with the Yoast SEO plugin v27.2 - https:\/\/yoast.com\/product\/yoast-seo-wordpress\/ -->\n<title>Karmelitanki prosz\u0105 o maszyny do szycia dla uczni\u00f3w z w Gitega<\/title>\n<meta name=\"description\" content=\"Karmelitanki prosz\u0105 o maszyny do szycia dla uczni\u00f3w z w Gitega w Burundi. Wsparcie organizuje Siostra Krystyna Pop\u0142awska. Ka\u017cda wp\u0142ata pomaga!\" \/>\n<meta name=\"robots\" content=\"index, follow, max-snippet:-1, max-image-preview:large, max-video-preview:-1\" \/>\n<link rel=\"canonical\" href=\"https:\/\/www.maitri.pl\/projekt\/karmelitanki-gitega\/\" \/>\n<meta property=\"og:locale\" content=\"fr_FR\" \/>\n<meta property=\"og:type\" content=\"article\" \/>\n<meta property=\"og:title\" content=\"Karmelitanki prosz\u0105 o maszyny do szycia dla uczni\u00f3w z w Gitega\" \/>\n<meta property=\"og:description\" content=\"Karmelitanki prosz\u0105 o maszyny do szycia dla uczni\u00f3w z w Gitega w Burundi. Wsparcie organizuje Siostra Krystyna Pop\u0142awska. Ka\u017cda wp\u0142ata pomaga!\" \/>\n<meta property=\"og:url\" content=\"https:\/\/www.maitri.pl\/projekt\/karmelitanki-gitega\/\" \/>\n<meta property=\"og:site_name\" content=\"Ruch Maitri - Adopcja Serca pomoc Afryce\" \/>\n<meta property=\"article:publisher\" content=\"https:\/\/www.facebook.com\/MAITRI.Adopcja.Serca.dzieci.Afryki\/\" \/>\n<meta property=\"article:modified_time\" content=\"2025-04-03T09:21:19+00:00\" \/>\n<meta property=\"og:image\" content=\"https:\/\/www.maitri.pl\/wp-content\/uploads\/2025\/02\/149-karml_1.jpg\" \/>\n\t<meta property=\"og:image:width\" content=\"2312\" \/>\n\t<meta property=\"og:image:height\" content=\"1302\" \/>\n\t<meta property=\"og:image:type\" content=\"image\/jpeg\" \/>\n<meta name=\"twitter:card\" content=\"summary_large_image\" \/>\n<meta name=\"twitter:label1\" content=\"Dur\u00e9e de lecture estim\u00e9e\" \/>\n\t<meta name=\"twitter:data1\" content=\"3 minutes\" \/>\n<script type=\"application\/ld+json\" class=\"yoast-schema-graph\">{\"@context\":\"https:\/\/schema.org\",\"@graph\":[{\"@type\":\"WebPage\",\"@id\":\"https:\/\/www.maitri.pl\/projekt\/karmelitanki-gitega\/\",\"url\":\"https:\/\/www.maitri.pl\/projekt\/karmelitanki-gitega\/\",\"name\":\"Karmelitanki prosz\u0105 o maszyny do szycia dla uczni\u00f3w z w Gitega\",\"isPartOf\":{\"@id\":\"https:\/\/www.maitri.pl\/#website\"},\"primaryImageOfPage\":{\"@id\":\"https:\/\/www.maitri.pl\/projekt\/karmelitanki-gitega\/#primaryimage\"},\"image\":{\"@id\":\"https:\/\/www.maitri.pl\/projekt\/karmelitanki-gitega\/#primaryimage\"},\"thumbnailUrl\":\"https:\/\/www.maitri.pl\/wp-content\/uploads\/2025\/02\/149-karml_1.jpg\",\"datePublished\":\"2025-02-13T17:47:18+00:00\",\"dateModified\":\"2025-04-03T09:21:19+00:00\",\"description\":\"Karmelitanki prosz\u0105 o maszyny do szycia dla uczni\u00f3w z w Gitega w Burundi. Wsparcie organizuje Siostra Krystyna Pop\u0142awska. Ka\u017cda wp\u0142ata pomaga!\",\"breadcrumb\":{\"@id\":\"https:\/\/www.maitri.pl\/projekt\/karmelitanki-gitega\/#breadcrumb\"},\"inLanguage\":\"fr-FR\",\"potentialAction\":[{\"@type\":\"ReadAction\",\"target\":[\"https:\/\/www.maitri.pl\/projekt\/karmelitanki-gitega\/\"]}]},{\"@type\":\"ImageObject\",\"inLanguage\":\"fr-FR\",\"@id\":\"https:\/\/www.maitri.pl\/projekt\/karmelitanki-gitega\/#primaryimage\",\"url\":\"https:\/\/www.maitri.pl\/wp-content\/uploads\/2025\/02\/149-karml_1.jpg\",\"contentUrl\":\"https:\/\/www.maitri.pl\/wp-content\/uploads\/2025\/02\/149-karml_1.jpg\",\"width\":2312,\"height\":1302,\"caption\":\"Karmelitanki prosz\u0105 o maszyny do szycia dla uczni\u00f3w z Gitega w Burundi pomoc Afryce Maitri Adopcja Serca Adopcja Duchowa ja\u0142mu\u017cna pomoc ubogim 01\"},{\"@type\":\"BreadcrumbList\",\"@id\":\"https:\/\/www.maitri.pl\/projekt\/karmelitanki-gitega\/#breadcrumb\",\"itemListElement\":[{\"@type\":\"ListItem\",\"position\":1,\"name\":\"Strona g\u0142\u00f3wna\",\"item\":\"https:\/\/www.maitri.pl\/\"},{\"@type\":\"ListItem\",\"position\":2,\"name\":\"Sklep\",\"item\":\"https:\/\/www.maitri.pl\/sklep\/\"},{\"@type\":\"ListItem\",\"position\":3,\"name\":\"Karmelitanki prosz\u0105 o maszyny do szycia dla uczni\u00f3w z Gitega w Burundi\"}]},{\"@type\":\"WebSite\",\"@id\":\"https:\/\/www.maitri.pl\/#website\",\"url\":\"https:\/\/www.maitri.pl\/\",\"name\":\"Adopcja Serca Maitri \u2013 pomoc dzieciom w Afryce\",\"description\":\"Adopcja Serca \u2013 adopcja na odleg\u0142o\u015b\u0107, pomoc Afryce, do\u017cywianie i edukacja w Afryce\",\"publisher\":{\"@id\":\"https:\/\/www.maitri.pl\/#organization\"},\"potentialAction\":[{\"@type\":\"SearchAction\",\"target\":{\"@type\":\"EntryPoint\",\"urlTemplate\":\"https:\/\/www.maitri.pl\/?s={search_term_string}\"},\"query-input\":{\"@type\":\"PropertyValueSpecification\",\"valueRequired\":true,\"valueName\":\"search_term_string\"}}],\"inLanguage\":\"fr-FR\"},{\"@type\":\"Organization\",\"@id\":\"https:\/\/www.maitri.pl\/#organization\",\"name\":\"Stowarzyszenie Ruchu Maitri\",\"url\":\"https:\/\/www.maitri.pl\/\",\"logo\":{\"@type\":\"ImageObject\",\"inLanguage\":\"fr-FR\",\"@id\":\"https:\/\/www.maitri.pl\/#\/schema\/logo\/image\/\",\"url\":\"https:\/\/www.maitri.pl\/wp-content\/uploads\/2020\/04\/duze_logo-81.png\",\"contentUrl\":\"https:\/\/www.maitri.pl\/wp-content\/uploads\/2020\/04\/duze_logo-81.png\",\"width\":339,\"height\":321,\"caption\":\"Stowarzyszenie Ruchu Maitri\"},\"image\":{\"@id\":\"https:\/\/www.maitri.pl\/#\/schema\/logo\/image\/\"},\"sameAs\":[\"https:\/\/www.facebook.com\/MAITRI.Adopcja.Serca.dzieci.Afryki\/\"]}]}<\/script>\n<!-- \/ Yoast SEO plugin. -->","yoast_head_json":{"title":"Karmelitanki prosz\u0105 o maszyny do szycia dla uczni\u00f3w z w Gitega","description":"Karmelitanki prosz\u0105 o maszyny do szycia dla uczni\u00f3w z w Gitega w Burundi. Wsparcie organizuje Siostra Krystyna Pop\u0142awska. Ka\u017cda wp\u0142ata pomaga!","robots":{"index":"index","follow":"follow","max-snippet":"max-snippet:-1","max-image-preview":"max-image-preview:large","max-video-preview":"max-video-preview:-1"},"canonical":"https:\/\/www.maitri.pl\/projekt\/karmelitanki-gitega\/","og_locale":"fr_FR","og_type":"article","og_title":"Karmelitanki prosz\u0105 o maszyny do szycia dla uczni\u00f3w z w Gitega","og_description":"Karmelitanki prosz\u0105 o maszyny do szycia dla uczni\u00f3w z w Gitega w Burundi. Wsparcie organizuje Siostra Krystyna Pop\u0142awska. Ka\u017cda wp\u0142ata pomaga!","og_url":"https:\/\/www.maitri.pl\/projekt\/karmelitanki-gitega\/","og_site_name":"Ruch Maitri - Adopcja Serca pomoc Afryce","article_publisher":"https:\/\/www.facebook.com\/MAITRI.Adopcja.Serca.dzieci.Afryki\/","article_modified_time":"2025-04-03T09:21:19+00:00","og_image":[{"width":2312,"height":1302,"url":"https:\/\/www.maitri.pl\/wp-content\/uploads\/2025\/02\/149-karml_1.jpg","type":"image\/jpeg"}],"twitter_card":"summary_large_image","twitter_misc":{"Dur\u00e9e de lecture estim\u00e9e":"3 minutes"},"schema":{"@context":"https:\/\/schema.org","@graph":[{"@type":"WebPage","@id":"https:\/\/www.maitri.pl\/projekt\/karmelitanki-gitega\/","url":"https:\/\/www.maitri.pl\/projekt\/karmelitanki-gitega\/","name":"Karmelitanki prosz\u0105 o maszyny do szycia dla uczni\u00f3w z w Gitega","isPartOf":{"@id":"https:\/\/www.maitri.pl\/#website"},"primaryImageOfPage":{"@id":"https:\/\/www.maitri.pl\/projekt\/karmelitanki-gitega\/#primaryimage"},"image":{"@id":"https:\/\/www.maitri.pl\/projekt\/karmelitanki-gitega\/#primaryimage"},"thumbnailUrl":"https:\/\/www.maitri.pl\/wp-content\/uploads\/2025\/02\/149-karml_1.jpg","datePublished":"2025-02-13T17:47:18+00:00","dateModified":"2025-04-03T09:21:19+00:00","description":"Karmelitanki prosz\u0105 o maszyny do szycia dla uczni\u00f3w z w Gitega w Burundi. Wsparcie organizuje Siostra Krystyna Pop\u0142awska. Ka\u017cda wp\u0142ata pomaga!","breadcrumb":{"@id":"https:\/\/www.maitri.pl\/projekt\/karmelitanki-gitega\/#breadcrumb"},"inLanguage":"fr-FR","potentialAction":[{"@type":"ReadAction","target":["https:\/\/www.maitri.pl\/projekt\/karmelitanki-gitega\/"]}]},{"@type":"ImageObject","inLanguage":"fr-FR","@id":"https:\/\/www.maitri.pl\/projekt\/karmelitanki-gitega\/#primaryimage","url":"https:\/\/www.maitri.pl\/wp-content\/uploads\/2025\/02\/149-karml_1.jpg","contentUrl":"https:\/\/www.maitri.pl\/wp-content\/uploads\/2025\/02\/149-karml_1.jpg","width":2312,"height":1302,"caption":"Karmelitanki prosz\u0105 o maszyny do szycia dla uczni\u00f3w z Gitega w Burundi pomoc Afryce Maitri Adopcja Serca Adopcja Duchowa ja\u0142mu\u017cna pomoc ubogim 01"},{"@type":"BreadcrumbList","@id":"https:\/\/www.maitri.pl\/projekt\/karmelitanki-gitega\/#breadcrumb","itemListElement":[{"@type":"ListItem","position":1,"name":"Strona g\u0142\u00f3wna","item":"https:\/\/www.maitri.pl\/"},{"@type":"ListItem","position":2,"name":"Sklep","item":"https:\/\/www.maitri.pl\/sklep\/"},{"@type":"ListItem","position":3,"name":"Karmelitanki prosz\u0105 o maszyny do szycia dla uczni\u00f3w z Gitega w Burundi"}]},{"@type":"WebSite","@id":"https:\/\/www.maitri.pl\/#website","url":"https:\/\/www.maitri.pl\/","name":"Adopcja Serca Maitri \u2013 pomoc dzieciom w Afryce","description":"Adopcja Serca \u2013 adopcja na odleg\u0142o\u015b\u0107, pomoc Afryce, do\u017cywianie i edukacja w Afryce","publisher":{"@id":"https:\/\/www.maitri.pl\/#organization"},"potentialAction":[{"@type":"SearchAction","target":{"@type":"EntryPoint","urlTemplate":"https:\/\/www.maitri.pl\/?s={search_term_string}"},"query-input":{"@type":"PropertyValueSpecification","valueRequired":true,"valueName":"search_term_string"}}],"inLanguage":"fr-FR"},{"@type":"Organization","@id":"https:\/\/www.maitri.pl\/#organization","name":"Stowarzyszenie Ruchu Maitri","url":"https:\/\/www.maitri.pl\/","logo":{"@type":"ImageObject","inLanguage":"fr-FR","@id":"https:\/\/www.maitri.pl\/#\/schema\/logo\/image\/","url":"https:\/\/www.maitri.pl\/wp-content\/uploads\/2020\/04\/duze_logo-81.png","contentUrl":"https:\/\/www.maitri.pl\/wp-content\/uploads\/2020\/04\/duze_logo-81.png","width":339,"height":321,"caption":"Stowarzyszenie Ruchu Maitri"},"image":{"@id":"https:\/\/www.maitri.pl\/#\/schema\/logo\/image\/"},"sameAs":["https:\/\/www.facebook.com\/MAITRI.Adopcja.Serca.dzieci.Afryki\/"]}]}},"_links":{"self":[{"href":"https:\/\/www.maitri.pl\/fr\/wp-json\/wp\/v2\/product\/32835","targetHints":{"allow":["GET"]}}],"collection":[{"href":"https:\/\/www.maitri.pl\/fr\/wp-json\/wp\/v2\/product"}],"about":[{"href":"https:\/\/www.maitri.pl\/fr\/wp-json\/wp\/v2\/types\/product"}],"wp:featuredmedia":[{"embeddable":true,"href":"https:\/\/www.maitri.pl\/fr\/wp-json\/wp\/v2\/media\/32836"}],"wp:attachment":[{"href":"https:\/\/www.maitri.pl\/fr\/wp-json\/wp\/v2\/media?parent=32835"}],"wp:term":[{"taxonomy":"product_brand","embeddable":true,"href":"https:\/\/www.maitri.pl\/fr\/wp-json\/wp\/v2\/product_brand?post=32835"},{"taxonomy":"product_cat","embeddable":true,"href":"https:\/\/www.maitri.pl\/fr\/wp-json\/wp\/v2\/product_cat?post=32835"},{"taxonomy":"product_tag","embeddable":true,"href":"https:\/\/www.maitri.pl\/fr\/wp-json\/wp\/v2\/product_tag?post=32835"}],"curies":[{"name":"wp","href":"https:\/\/api.w.org\/{rel}","templated":true}]}}