{"id":32806,"date":"2025-02-13T17:08:30","date_gmt":"2025-02-13T16:08:30","guid":{"rendered":"https:\/\/www.maitri.pl\/?post_type=product&#038;p=32806"},"modified":"2025-04-03T11:18:22","modified_gmt":"2025-04-03T09:18:22","slug":"maszyny-do-szycia-musongati-2","status":"publish","type":"product","link":"https:\/\/www.maitri.pl\/fr\/projekt\/maszyny-do-szycia-musongati-2\/","title":{"rendered":"Maszyny do szycia dla absolwent\u00f3w szk\u00f3\u0142 zawodowych w Musongati"},"content":{"rendered":"<h4>Krawiectwo jest tam potrzebne<\/h4>\n<p>Ju\u017c od ponad 50 lat przy misji w Musongati zdolna m\u0142odzie\u017c zdobywa niezb\u0119dne kwalifikacje i uczy si\u0119 zawodu. Tamtejsza Szko\u0142a Centrum Nauczania Zawodu w Musongati powsta\u0142a w latach 1973-1975. Jednym z najcz\u0119\u015bciej wybieranych zaj\u0119\u0107 przez absolwentki i absolwent\u00f3w szko\u0142y jest krawiectwo. To nie przypadek. W tym regionie, podobnie jak w wielu innych miejscach Afryki, krawcowe i krawcy maj\u0105 spore wzi\u0119cie. Bez nich ci\u0119\u017cko by\u0142oby my\u015ble\u0107 o naprawach odzie\u017cy, czy przygotowaniu od\u015bwi\u0119tnych stroj\u00f3w. Osoby z umiej\u0119tno\u015bciami szycia maj\u0105 zapewnion\u0105 prac\u0119, bo popyt na ich us\u0142ugi nie spada. Dzi\u0119ki kwalifikacjom zdobytym w szkole przy misji mog\u0105 wyj\u015b\u0107 z biedy. To o czym marz\u0105 po zako\u0144czeniu nauki to w\u0142asna maszyna do szycia. Chcemy spe\u0142ni\u0107 ich \u017cyczenia i podarowa\u0107 im maszyny do szycia dla absolwent\u00f3w ze Szko\u0142y Zawodowej Kroju i Szycia w Musongati.<\/p>\n<h4>List od Siostry Krystyny<\/h4>\n<p><em>W taki spos\u00f3b szanuje si\u0119 godno\u015b\u0107 cz\u0142owieka, \u017ce zarabia w\u0142asnymi r\u0119kami, a nie tylko otrzymuje.<\/em><\/p>\n<p>\u00ab\u00a0Drodzy przyjaciele i ofiarodawcy MAITRI! Pragn\u0119 podzi\u0119kowa\u0107 ca\u0142ym sercem za wsp\u00f3\u0142prac\u0119 i otrzymywan\u0105 przez tyle lat pomoc na zakup maszyn dla naszych absolwent\u00f3w Szko\u0142y Kroju i Szycia w Musongati w Burundi. W tym roku r\u00f3wnie\u017c przychodzimy do Was z pro\u015bb\u0105.\u00a0 bli\u017camy si\u0119 powoli do ko\u0144ca roku szkolnego, dlatego odwa\u017cam si\u0119 po raz kolejny prosi\u0107 o pomoc w zakupie 25 maszyn dla uczni\u00f3w, kt\u00f3rzy w lipcu 2025 roku zako\u0144cz\u0105 2-letni\u0105 szko\u0142\u0119 zawodow\u0105 i z ufno\u015bci\u0105 czekaj\u0105 na maszyny do szycia.<\/p>\n<h4>Marz\u0105 o w\u0142asnej maszynie<\/h4>\n<p>Ka\u017cda z tych dziewcz\u0105t liczy, \u017ce otrzyma na w\u0142asno\u015b\u0107 maszyn\u0119, kt\u00f3r\u0105 b\u0119dzie mog\u0142a zabra\u0107 do domu. Taka maszyna to prawdziwy skarb dla dziewcz\u0105t i ich rodzin, kt\u00f3rych nie sta\u0107 na jej zakup. Dla nich to nie jest dar na raz, lecz pozwoli im przez d\u0142ugie lata zarabia\u0107 na utrzymanie swoje i rodziny. Mam nadziej\u0119, \u017ce pomimo kryzys\u00f3w \u015bwiatowych, MAITRI wyci\u0105gnie do nas pomocn\u0105 d\u0142o\u0144 i sfinansuje narz\u0119dzia pracy dla ubogich dziewcz\u0105t z naszej szko\u0142y. Wierz\u0119, \u017ce t\u0105 pomoc otrzymaj\u0105. Z g\u00f3ry dzi\u0119kuj\u0119 za okazane serce.<\/p>\n<h4>Kosztorys:<\/h4>\n<p>25 maszyn do szycia &#8211; 25 szt. x 800 000 \u2013 20 000 000 frank\u00f3w burundyjskich<\/p>\n<p><em>s. Krystyna Pop\u0142awska<\/em>, <a href=\"https:\/\/www.karmel.pl\/rodzina-karmelu\/zgromadzenie-siostr-karmelitanek-dzieciatka-jezus\/\" target=\"_blank\" rel=\"noopener noreferrer\">Zgromadzenie Si\u00f3str Karmelitanek Dzieci\u0105tka Jezus<\/a>, Musongati, <a href=\"https:\/\/www.maitri.pl\/gdzie-pomagamy\/\" target=\"_blank\" rel=\"noopener\">Burundi<\/a><\/p>\n<p style=\"text-align: justify;\"><span style=\"color: #ff0000;\"><span style=\"font-size: large;\"><b>Kwota projektu: 5 850 \u20ac<\/b><\/span><\/span><\/p>\n<p style=\"text-align: justify;\"><span style=\"font-size: large;\"><em><span style=\"color: #999999;\"><span style=\"font-size: medium;\">Stowarzyszenie Ruchu Maitri przeznacza do 10% otrzymanych \u015brodk\u00f3w na koszty funkcjonowania biura i pozyskiwanie funduszy pomocowych.<\/span><\/span><\/em><\/span><\/p>\n<h3 style=\"text-align: justify;\" align=\"JUSTIFY\"><span style=\"color: #808080;\">Maszyny do szycia dla absolwent\u00f3w szko\u0142y zawodowych w Musongati w Burundi<\/span><\/h3>\n","protected":false},"excerpt":{"rendered":"<p><strong>Projekt:<\/strong> <em>s. Krystyna Pop\u0142awska<\/em>, <a href=\"https:\/\/www.karmel.pl\/rodzina-karmelu\/zgromadzenie-siostr-karmelitanek-dzieciatka-jezus\/\" target=\"_blank\" rel=\"noopener noreferrer\">Zgromadzenie Si\u00f3str Karmelitanek Dzieci\u0105tka Jezus<\/a><br \/>\n<strong>Misja:<\/strong> Musongati, <a href=\"https:\/\/www.maitri.pl\/gdzie-pomagamy\/\" target=\"_blank\" rel=\"noopener\">Burundi<\/a><br \/>\n<strong>Zbierana kwota: <span style=\"color: #ff0000;\">5 850 \u20ac<\/span><\/strong><\/p>\n","protected":false},"featured_media":32813,"template":"","meta":[],"product_brand":[],"product_cat":[674],"product_tag":[667,712,866,677],"class_list":{"0":"post-32806","1":"product","2":"type-product","3":"status-publish","4":"has-post-thumbnail","6":"product_cat-projekty-zrealizowane-w-biezacym-roku","7":"product_tag-burundi","8":"product_tag-musongati","9":"product_tag-siostra-krystyna-poplawska","10":"product_tag-zgromadzenie-siostr-karmelitanek-dzieciatka-jezus","12":"first","13":"instock","14":"virtual","15":"purchasable","16":"product-type-simple"},"yoast_head":"<!-- This site is optimized with the Yoast SEO plugin v27.2 - https:\/\/yoast.com\/product\/yoast-seo-wordpress\/ -->\n<title>Maszyny do szycia dla uczni\u00f3w szko\u0142y zawodowej w Musongati<\/title>\n<meta name=\"description\" content=\"Maszyny do szycia dla absolwent\u00f3w szk\u00f3\u0142 zawodowych w Musongati w Burundi. O wsparcie prosz\u0105 Siostry Karmelitanki. Ka\u017cda wp\u0142ata pomaga!\" \/>\n<meta name=\"robots\" content=\"index, follow, max-snippet:-1, max-image-preview:large, max-video-preview:-1\" \/>\n<link rel=\"canonical\" href=\"https:\/\/www.maitri.pl\/projekt\/maszyny-do-szycia-musongati-2\/\" \/>\n<meta property=\"og:locale\" content=\"fr_FR\" \/>\n<meta property=\"og:type\" content=\"article\" \/>\n<meta property=\"og:title\" content=\"Maszyny do szycia dla uczni\u00f3w szko\u0142y zawodowej w Musongati\" \/>\n<meta property=\"og:description\" content=\"Maszyny do szycia dla absolwent\u00f3w szk\u00f3\u0142 zawodowych w Musongati w Burundi. O wsparcie prosz\u0105 Siostry Karmelitanki. Ka\u017cda wp\u0142ata pomaga!\" \/>\n<meta property=\"og:url\" content=\"https:\/\/www.maitri.pl\/projekt\/maszyny-do-szycia-musongati-2\/\" \/>\n<meta property=\"og:site_name\" content=\"Ruch Maitri - Adopcja Serca pomoc Afryce\" \/>\n<meta property=\"article:publisher\" content=\"https:\/\/www.facebook.com\/MAITRI.Adopcja.Serca.dzieci.Afryki\/\" \/>\n<meta property=\"article:modified_time\" content=\"2025-04-03T09:18:22+00:00\" \/>\n<meta property=\"og:image\" content=\"https:\/\/www.maitri.pl\/wp-content\/uploads\/2025\/02\/148-karml_2.jpg\" \/>\n\t<meta property=\"og:image:width\" content=\"2312\" \/>\n\t<meta property=\"og:image:height\" content=\"1302\" \/>\n\t<meta property=\"og:image:type\" content=\"image\/jpeg\" \/>\n<meta name=\"twitter:card\" content=\"summary_large_image\" \/>\n<meta name=\"twitter:label1\" content=\"Dur\u00e9e de lecture estim\u00e9e\" \/>\n\t<meta name=\"twitter:data1\" content=\"3 minutes\" \/>\n<script type=\"application\/ld+json\" class=\"yoast-schema-graph\">{\"@context\":\"https:\/\/schema.org\",\"@graph\":[{\"@type\":\"WebPage\",\"@id\":\"https:\/\/www.maitri.pl\/projekt\/maszyny-do-szycia-musongati-2\/\",\"url\":\"https:\/\/www.maitri.pl\/projekt\/maszyny-do-szycia-musongati-2\/\",\"name\":\"Maszyny do szycia dla uczni\u00f3w szko\u0142y zawodowej w Musongati\",\"isPartOf\":{\"@id\":\"https:\/\/www.maitri.pl\/#website\"},\"primaryImageOfPage\":{\"@id\":\"https:\/\/www.maitri.pl\/projekt\/maszyny-do-szycia-musongati-2\/#primaryimage\"},\"image\":{\"@id\":\"https:\/\/www.maitri.pl\/projekt\/maszyny-do-szycia-musongati-2\/#primaryimage\"},\"thumbnailUrl\":\"https:\/\/www.maitri.pl\/wp-content\/uploads\/2025\/02\/148-karml_2.jpg\",\"datePublished\":\"2025-02-13T16:08:30+00:00\",\"dateModified\":\"2025-04-03T09:18:22+00:00\",\"description\":\"Maszyny do szycia dla absolwent\u00f3w szk\u00f3\u0142 zawodowych w Musongati w Burundi. O wsparcie prosz\u0105 Siostry Karmelitanki. Ka\u017cda wp\u0142ata pomaga!\",\"breadcrumb\":{\"@id\":\"https:\/\/www.maitri.pl\/projekt\/maszyny-do-szycia-musongati-2\/#breadcrumb\"},\"inLanguage\":\"fr-FR\",\"potentialAction\":[{\"@type\":\"ReadAction\",\"target\":[\"https:\/\/www.maitri.pl\/projekt\/maszyny-do-szycia-musongati-2\/\"]}]},{\"@type\":\"ImageObject\",\"inLanguage\":\"fr-FR\",\"@id\":\"https:\/\/www.maitri.pl\/projekt\/maszyny-do-szycia-musongati-2\/#primaryimage\",\"url\":\"https:\/\/www.maitri.pl\/wp-content\/uploads\/2025\/02\/148-karml_2.jpg\",\"contentUrl\":\"https:\/\/www.maitri.pl\/wp-content\/uploads\/2025\/02\/148-karml_2.jpg\",\"width\":2312,\"height\":1302,\"caption\":\"Maszyny do szycia dla absolwent\u00f3w szk\u00f3\u0142 zawodowych w Musongati Adopcja Serca Maitri Adocpja duchowa ja\u0142mu\u017cna pomoc ubogim Burundi pomoc Afryce 02\"},{\"@type\":\"BreadcrumbList\",\"@id\":\"https:\/\/www.maitri.pl\/projekt\/maszyny-do-szycia-musongati-2\/#breadcrumb\",\"itemListElement\":[{\"@type\":\"ListItem\",\"position\":1,\"name\":\"Strona g\u0142\u00f3wna\",\"item\":\"https:\/\/www.maitri.pl\/\"},{\"@type\":\"ListItem\",\"position\":2,\"name\":\"Sklep\",\"item\":\"https:\/\/www.maitri.pl\/sklep\/\"},{\"@type\":\"ListItem\",\"position\":3,\"name\":\"Maszyny do szycia dla absolwent\u00f3w szk\u00f3\u0142 zawodowych w Musongati\"}]},{\"@type\":\"WebSite\",\"@id\":\"https:\/\/www.maitri.pl\/#website\",\"url\":\"https:\/\/www.maitri.pl\/\",\"name\":\"Adopcja Serca Maitri \u2013 pomoc dzieciom w Afryce\",\"description\":\"Adopcja Serca \u2013 adopcja na odleg\u0142o\u015b\u0107, pomoc Afryce, do\u017cywianie i edukacja w Afryce\",\"publisher\":{\"@id\":\"https:\/\/www.maitri.pl\/#organization\"},\"potentialAction\":[{\"@type\":\"SearchAction\",\"target\":{\"@type\":\"EntryPoint\",\"urlTemplate\":\"https:\/\/www.maitri.pl\/?s={search_term_string}\"},\"query-input\":{\"@type\":\"PropertyValueSpecification\",\"valueRequired\":true,\"valueName\":\"search_term_string\"}}],\"inLanguage\":\"fr-FR\"},{\"@type\":\"Organization\",\"@id\":\"https:\/\/www.maitri.pl\/#organization\",\"name\":\"Stowarzyszenie Ruchu Maitri\",\"url\":\"https:\/\/www.maitri.pl\/\",\"logo\":{\"@type\":\"ImageObject\",\"inLanguage\":\"fr-FR\",\"@id\":\"https:\/\/www.maitri.pl\/#\/schema\/logo\/image\/\",\"url\":\"https:\/\/www.maitri.pl\/wp-content\/uploads\/2020\/04\/duze_logo-81.png\",\"contentUrl\":\"https:\/\/www.maitri.pl\/wp-content\/uploads\/2020\/04\/duze_logo-81.png\",\"width\":339,\"height\":321,\"caption\":\"Stowarzyszenie Ruchu Maitri\"},\"image\":{\"@id\":\"https:\/\/www.maitri.pl\/#\/schema\/logo\/image\/\"},\"sameAs\":[\"https:\/\/www.facebook.com\/MAITRI.Adopcja.Serca.dzieci.Afryki\/\"]}]}<\/script>\n<!-- \/ Yoast SEO plugin. -->","yoast_head_json":{"title":"Maszyny do szycia dla uczni\u00f3w szko\u0142y zawodowej w Musongati","description":"Maszyny do szycia dla absolwent\u00f3w szk\u00f3\u0142 zawodowych w Musongati w Burundi. O wsparcie prosz\u0105 Siostry Karmelitanki. Ka\u017cda wp\u0142ata pomaga!","robots":{"index":"index","follow":"follow","max-snippet":"max-snippet:-1","max-image-preview":"max-image-preview:large","max-video-preview":"max-video-preview:-1"},"canonical":"https:\/\/www.maitri.pl\/projekt\/maszyny-do-szycia-musongati-2\/","og_locale":"fr_FR","og_type":"article","og_title":"Maszyny do szycia dla uczni\u00f3w szko\u0142y zawodowej w Musongati","og_description":"Maszyny do szycia dla absolwent\u00f3w szk\u00f3\u0142 zawodowych w Musongati w Burundi. O wsparcie prosz\u0105 Siostry Karmelitanki. Ka\u017cda wp\u0142ata pomaga!","og_url":"https:\/\/www.maitri.pl\/projekt\/maszyny-do-szycia-musongati-2\/","og_site_name":"Ruch Maitri - Adopcja Serca pomoc Afryce","article_publisher":"https:\/\/www.facebook.com\/MAITRI.Adopcja.Serca.dzieci.Afryki\/","article_modified_time":"2025-04-03T09:18:22+00:00","og_image":[{"width":2312,"height":1302,"url":"https:\/\/www.maitri.pl\/wp-content\/uploads\/2025\/02\/148-karml_2.jpg","type":"image\/jpeg"}],"twitter_card":"summary_large_image","twitter_misc":{"Dur\u00e9e de lecture estim\u00e9e":"3 minutes"},"schema":{"@context":"https:\/\/schema.org","@graph":[{"@type":"WebPage","@id":"https:\/\/www.maitri.pl\/projekt\/maszyny-do-szycia-musongati-2\/","url":"https:\/\/www.maitri.pl\/projekt\/maszyny-do-szycia-musongati-2\/","name":"Maszyny do szycia dla uczni\u00f3w szko\u0142y zawodowej w Musongati","isPartOf":{"@id":"https:\/\/www.maitri.pl\/#website"},"primaryImageOfPage":{"@id":"https:\/\/www.maitri.pl\/projekt\/maszyny-do-szycia-musongati-2\/#primaryimage"},"image":{"@id":"https:\/\/www.maitri.pl\/projekt\/maszyny-do-szycia-musongati-2\/#primaryimage"},"thumbnailUrl":"https:\/\/www.maitri.pl\/wp-content\/uploads\/2025\/02\/148-karml_2.jpg","datePublished":"2025-02-13T16:08:30+00:00","dateModified":"2025-04-03T09:18:22+00:00","description":"Maszyny do szycia dla absolwent\u00f3w szk\u00f3\u0142 zawodowych w Musongati w Burundi. O wsparcie prosz\u0105 Siostry Karmelitanki. Ka\u017cda wp\u0142ata pomaga!","breadcrumb":{"@id":"https:\/\/www.maitri.pl\/projekt\/maszyny-do-szycia-musongati-2\/#breadcrumb"},"inLanguage":"fr-FR","potentialAction":[{"@type":"ReadAction","target":["https:\/\/www.maitri.pl\/projekt\/maszyny-do-szycia-musongati-2\/"]}]},{"@type":"ImageObject","inLanguage":"fr-FR","@id":"https:\/\/www.maitri.pl\/projekt\/maszyny-do-szycia-musongati-2\/#primaryimage","url":"https:\/\/www.maitri.pl\/wp-content\/uploads\/2025\/02\/148-karml_2.jpg","contentUrl":"https:\/\/www.maitri.pl\/wp-content\/uploads\/2025\/02\/148-karml_2.jpg","width":2312,"height":1302,"caption":"Maszyny do szycia dla absolwent\u00f3w szk\u00f3\u0142 zawodowych w Musongati Adopcja Serca Maitri Adocpja duchowa ja\u0142mu\u017cna pomoc ubogim Burundi pomoc Afryce 02"},{"@type":"BreadcrumbList","@id":"https:\/\/www.maitri.pl\/projekt\/maszyny-do-szycia-musongati-2\/#breadcrumb","itemListElement":[{"@type":"ListItem","position":1,"name":"Strona g\u0142\u00f3wna","item":"https:\/\/www.maitri.pl\/"},{"@type":"ListItem","position":2,"name":"Sklep","item":"https:\/\/www.maitri.pl\/sklep\/"},{"@type":"ListItem","position":3,"name":"Maszyny do szycia dla absolwent\u00f3w szk\u00f3\u0142 zawodowych w Musongati"}]},{"@type":"WebSite","@id":"https:\/\/www.maitri.pl\/#website","url":"https:\/\/www.maitri.pl\/","name":"Adopcja Serca Maitri \u2013 pomoc dzieciom w Afryce","description":"Adopcja Serca \u2013 adopcja na odleg\u0142o\u015b\u0107, pomoc Afryce, do\u017cywianie i edukacja w Afryce","publisher":{"@id":"https:\/\/www.maitri.pl\/#organization"},"potentialAction":[{"@type":"SearchAction","target":{"@type":"EntryPoint","urlTemplate":"https:\/\/www.maitri.pl\/?s={search_term_string}"},"query-input":{"@type":"PropertyValueSpecification","valueRequired":true,"valueName":"search_term_string"}}],"inLanguage":"fr-FR"},{"@type":"Organization","@id":"https:\/\/www.maitri.pl\/#organization","name":"Stowarzyszenie Ruchu Maitri","url":"https:\/\/www.maitri.pl\/","logo":{"@type":"ImageObject","inLanguage":"fr-FR","@id":"https:\/\/www.maitri.pl\/#\/schema\/logo\/image\/","url":"https:\/\/www.maitri.pl\/wp-content\/uploads\/2020\/04\/duze_logo-81.png","contentUrl":"https:\/\/www.maitri.pl\/wp-content\/uploads\/2020\/04\/duze_logo-81.png","width":339,"height":321,"caption":"Stowarzyszenie Ruchu Maitri"},"image":{"@id":"https:\/\/www.maitri.pl\/#\/schema\/logo\/image\/"},"sameAs":["https:\/\/www.facebook.com\/MAITRI.Adopcja.Serca.dzieci.Afryki\/"]}]}},"_links":{"self":[{"href":"https:\/\/www.maitri.pl\/fr\/wp-json\/wp\/v2\/product\/32806","targetHints":{"allow":["GET"]}}],"collection":[{"href":"https:\/\/www.maitri.pl\/fr\/wp-json\/wp\/v2\/product"}],"about":[{"href":"https:\/\/www.maitri.pl\/fr\/wp-json\/wp\/v2\/types\/product"}],"wp:featuredmedia":[{"embeddable":true,"href":"https:\/\/www.maitri.pl\/fr\/wp-json\/wp\/v2\/media\/32813"}],"wp:attachment":[{"href":"https:\/\/www.maitri.pl\/fr\/wp-json\/wp\/v2\/media?parent=32806"}],"wp:term":[{"taxonomy":"product_brand","embeddable":true,"href":"https:\/\/www.maitri.pl\/fr\/wp-json\/wp\/v2\/product_brand?post=32806"},{"taxonomy":"product_cat","embeddable":true,"href":"https:\/\/www.maitri.pl\/fr\/wp-json\/wp\/v2\/product_cat?post=32806"},{"taxonomy":"product_tag","embeddable":true,"href":"https:\/\/www.maitri.pl\/fr\/wp-json\/wp\/v2\/product_tag?post=32806"}],"curies":[{"name":"wp","href":"https:\/\/api.w.org\/{rel}","templated":true}]}}