{"id":32776,"date":"2025-02-06T18:11:38","date_gmt":"2025-02-06T17:11:38","guid":{"rendered":"https:\/\/www.maitri.pl\/?post_type=product&#038;p=32776"},"modified":"2025-02-14T10:07:09","modified_gmt":"2025-02-14T09:07:09","slug":"odbudowa-domu-podopiecznych-adopcji-serca-po-pozarze","status":"publish","type":"product","link":"https:\/\/www.maitri.pl\/fr\/projekt\/odbudowa-domu-podopiecznych-adopcji-serca-po-pozarze\/","title":{"rendered":"Odbudowa domu podopiecznych Adopcji Serca po po\u017carze"},"content":{"rendered":"<p><strong>Rodzina, z kt\u00f3rej pochodz\u0105 dzieci obj\u0119te programem Adopcji Serca, od stycznia boryka\u0142a si\u0119 z powa\u017cnymi trudno\u015bciami finansowymi, kt\u00f3re wp\u0142yn\u0119\u0142y na utrzymanie wynajmowanego domu. Ojciec rodziny nie dok\u0142ada\u0142 si\u0119 do prowadzenia gospodarstwa domowego, w wyniku czego matka dzieci kaza\u0142a mu si\u0119 wyprowadzi\u0107. W wyniku eskalacji konfliktu, kilka dni temu o godzinie 2:00 w nocy m\u0119\u017cczyzna podpali\u0142 dom. Dzi\u0119ki ostrze\u017ceniu przez kota, kt\u00f3ry wyczu\u0142 dym, mo\u017cliwa by\u0142a ewakuacja rodziny \u2013 uda\u0142o si\u0119 uratowa\u0107 sze\u015b\u0107 os\u00f3b. Niestety, po\u017car spowodowa\u0142 ca\u0142kowite zniszczenie mienia: utracono m.in. meble, maszyn\u0119 do szycia, artyku\u0142y codziennego u\u017cytku oraz materia\u0142y wspieraj\u0105ce edukacj\u0119 dzieci.<\/strong><\/p>\n<h3>Pomoc jest niezb\u0119dna<\/h3>\n<p>Dramatyczne zdarzenia doprowadzi\u0142y do utraty ca\u0142ego maj\u0105tku rodziny podopiecznych Adopcji Serca. Aby umo\u017cliwi\u0107 im zaspokojenie podstawowych potrzeb, niezb\u0119dne jest wsparcie finansowe na zakup m.in.:<\/p>\n<ul>\n<li>Nowego wyposa\u017cenia domu (materac, meble, podstawowe artyku\u0142y u\u017cytkowe),<\/li>\n<li>Materia\u0142\u00f3w edukacyjnych (zeszyty, przybory szkolne, ubrania),<\/li>\n<li>\u017bywno\u015bci oraz wsparcia psychologicznego.<\/li>\n<\/ul>\n<h3><strong>Razem mo\u017cemy pom\u00f3c rodzinie w potrzebie<\/strong><\/h3>\n<p>Projekt ma na celu przywr\u00f3cenie stabilno\u015bci i bezpiecze\u0144stwa rodzinie oraz zapewnienie warunk\u00f3w niezb\u0119dnych do dalszego rozwoju dzieci. Inicjatywa ta jest realizowana przez Stowarzyszenie Ruchu Maitri, we wsp\u00f3\u0142pracy z Siostr\u0105 Irm\u0105 Rosine ze Zgromadzenia Si\u00f3str \u015aw. J\u00f3zefa, kt\u00f3ra koordynuje program Adopcji Serca na misji Omvan w Kamerunie. <strong>Realizacja projektu umo\u017cliwi szybkie odbudowanie materialnych fundament\u00f3w rodziny, co przyczyni si\u0119 do poprawy jako\u015bci \u017cycia dzieci. Zach\u0119camy do wsparcia tej inicjatywy oraz do dzielenia si\u0119 linkiem do zbi\u00f3rki z bliskimi i znajomymi.<\/strong><\/p>\n<p style=\"text-align: center;\"><strong>Przeka\u017c darowizn\u0119 ju\u017c dzi\u015b i pom\u00f3\u017c potrzebuj\u0105cej rodzinie w Kamerunie!<\/strong><\/p>\n<p align=\"JUSTIFY\"><strong>Numer projektu 31\/JOZEF<\/strong><\/p>\n<p align=\"JUSTIFY\"><b>Kwota projektu: 2250 \u20ac<\/b><\/p>\n<p align=\"JUSTIFY\">Stowarzyszenie Ruchu\u00a0<em>Maitri<\/em>\u00a0przeznacza do 10% otrzymanych \u015brodk\u00f3w na koszty funkcjonowania biura i pozyskiwanie funduszy pomocowych.<\/p>\n<h3 style=\"text-align: center;\" align=\"JUSTIFY\">Odbudowa domu podopiecznych Adopcji Serca po po\u017carze<\/h3>\n","protected":false},"excerpt":{"rendered":"<p><strong>Projekt: Zgromadzenie Si\u00f3str \u015awi\u0119tego J\u00f3zefa<\/strong><br \/>\n<strong>Misja:<\/strong> Omvan, <a href=\"https:\/\/www.maitri.pl\/gdzie-pomagamy\/\" target=\"_blank\" rel=\"noopener noreferrer\">Kamerun<\/a><br \/>\n<strong>Kwota projektu: <span style=\"color: #ff0000;\">2250 \u20ac<\/span><\/strong><br \/>\n<strong>Numer projektu 31\/JOZEF<\/strong><\/p>\n","protected":false},"featured_media":32778,"template":"","meta":[],"product_brand":[],"product_cat":[674],"product_tag":[861,658,1018,931],"class_list":{"0":"post-32776","1":"product","2":"type-product","3":"status-publish","4":"has-post-thumbnail","6":"product_cat-projekty-zrealizowane-w-biezacym-roku","7":"product_tag-adopcja-serca","8":"product_tag-kamerun","9":"product_tag-omvan","10":"product_tag-projekt-pomocowy","12":"first","13":"instock","14":"shipping-taxable","15":"product-type-simple"},"yoast_head":"<!-- This site is optimized with the Yoast SEO plugin v27.2 - https:\/\/yoast.com\/product\/yoast-seo-wordpress\/ -->\n<title>Odbudowa domu podopiecznych Adopcji Serca po po\u017carze &#8211; Ruch Maitri - Adopcja Serca pomoc Afryce<\/title>\n<meta name=\"description\" content=\"Wesprzyj zbi\u00f3rk\u0119 na rzecz odbudowy domu podopiecznych Adopcji Serca po po\u017carze w Omvan w Kamerunie.\" \/>\n<meta name=\"robots\" content=\"index, follow, max-snippet:-1, max-image-preview:large, max-video-preview:-1\" \/>\n<link rel=\"canonical\" href=\"https:\/\/www.maitri.pl\/projekt\/odbudowa-domu-podopiecznych-adopcji-serca-po-pozarze\/\" \/>\n<meta property=\"og:locale\" content=\"fr_FR\" \/>\n<meta property=\"og:type\" content=\"article\" \/>\n<meta property=\"og:title\" content=\"Odbudowa domu podopiecznych Adopcji Serca po po\u017carze &#8211; Ruch Maitri - Adopcja Serca pomoc Afryce\" \/>\n<meta property=\"og:description\" content=\"Wesprzyj zbi\u00f3rk\u0119 na rzecz odbudowy domu podopiecznych Adopcji Serca po po\u017carze w Omvan w Kamerunie.\" \/>\n<meta property=\"og:url\" content=\"https:\/\/www.maitri.pl\/projekt\/odbudowa-domu-podopiecznych-adopcji-serca-po-pozarze\/\" \/>\n<meta property=\"og:site_name\" content=\"Ruch Maitri - Adopcja Serca pomoc Afryce\" \/>\n<meta property=\"article:publisher\" content=\"https:\/\/www.facebook.com\/MAITRI.Adopcja.Serca.dzieci.Afryki\/\" \/>\n<meta property=\"article:modified_time\" content=\"2025-02-14T09:07:09+00:00\" \/>\n<meta property=\"og:image\" content=\"https:\/\/www.maitri.pl\/wp-content\/uploads\/2025\/02\/WhatsApp-Image-2025-02-02-at-15.02.57.jpeg\" \/>\n\t<meta property=\"og:image:width\" content=\"2560\" \/>\n\t<meta property=\"og:image:height\" content=\"1920\" \/>\n\t<meta property=\"og:image:type\" content=\"image\/jpeg\" \/>\n<meta name=\"twitter:card\" content=\"summary_large_image\" \/>\n<meta name=\"twitter:label1\" content=\"Dur\u00e9e de lecture estim\u00e9e\" \/>\n\t<meta name=\"twitter:data1\" content=\"2 minutes\" \/>\n<script type=\"application\/ld+json\" class=\"yoast-schema-graph\">{\"@context\":\"https:\/\/schema.org\",\"@graph\":[{\"@type\":\"WebPage\",\"@id\":\"https:\/\/www.maitri.pl\/projekt\/odbudowa-domu-podopiecznych-adopcji-serca-po-pozarze\/\",\"url\":\"https:\/\/www.maitri.pl\/projekt\/odbudowa-domu-podopiecznych-adopcji-serca-po-pozarze\/\",\"name\":\"Odbudowa domu podopiecznych Adopcji Serca po po\u017carze &#8211; Ruch Maitri - Adopcja Serca pomoc Afryce\",\"isPartOf\":{\"@id\":\"https:\/\/www.maitri.pl\/#website\"},\"primaryImageOfPage\":{\"@id\":\"https:\/\/www.maitri.pl\/projekt\/odbudowa-domu-podopiecznych-adopcji-serca-po-pozarze\/#primaryimage\"},\"image\":{\"@id\":\"https:\/\/www.maitri.pl\/projekt\/odbudowa-domu-podopiecznych-adopcji-serca-po-pozarze\/#primaryimage\"},\"thumbnailUrl\":\"https:\/\/www.maitri.pl\/wp-content\/uploads\/2025\/02\/WhatsApp-Image-2025-02-02-at-15.02.57.jpeg\",\"datePublished\":\"2025-02-06T17:11:38+00:00\",\"dateModified\":\"2025-02-14T09:07:09+00:00\",\"description\":\"Wesprzyj zbi\u00f3rk\u0119 na rzecz odbudowy domu podopiecznych Adopcji Serca po po\u017carze w Omvan w Kamerunie.\",\"breadcrumb\":{\"@id\":\"https:\/\/www.maitri.pl\/projekt\/odbudowa-domu-podopiecznych-adopcji-serca-po-pozarze\/#breadcrumb\"},\"inLanguage\":\"fr-FR\",\"potentialAction\":[{\"@type\":\"ReadAction\",\"target\":[\"https:\/\/www.maitri.pl\/projekt\/odbudowa-domu-podopiecznych-adopcji-serca-po-pozarze\/\"]}]},{\"@type\":\"ImageObject\",\"inLanguage\":\"fr-FR\",\"@id\":\"https:\/\/www.maitri.pl\/projekt\/odbudowa-domu-podopiecznych-adopcji-serca-po-pozarze\/#primaryimage\",\"url\":\"https:\/\/www.maitri.pl\/wp-content\/uploads\/2025\/02\/WhatsApp-Image-2025-02-02-at-15.02.57.jpeg\",\"contentUrl\":\"https:\/\/www.maitri.pl\/wp-content\/uploads\/2025\/02\/WhatsApp-Image-2025-02-02-at-15.02.57.jpeg\",\"width\":2560,\"height\":1920,\"caption\":\"Omvan\"},{\"@type\":\"BreadcrumbList\",\"@id\":\"https:\/\/www.maitri.pl\/projekt\/odbudowa-domu-podopiecznych-adopcji-serca-po-pozarze\/#breadcrumb\",\"itemListElement\":[{\"@type\":\"ListItem\",\"position\":1,\"name\":\"Strona g\u0142\u00f3wna\",\"item\":\"https:\/\/www.maitri.pl\/\"},{\"@type\":\"ListItem\",\"position\":2,\"name\":\"Sklep\",\"item\":\"https:\/\/www.maitri.pl\/sklep\/\"},{\"@type\":\"ListItem\",\"position\":3,\"name\":\"Odbudowa domu podopiecznych Adopcji Serca po po\u017carze\"}]},{\"@type\":\"WebSite\",\"@id\":\"https:\/\/www.maitri.pl\/#website\",\"url\":\"https:\/\/www.maitri.pl\/\",\"name\":\"Adopcja Serca Maitri \u2013 pomoc dzieciom w Afryce\",\"description\":\"Adopcja Serca \u2013 adopcja na odleg\u0142o\u015b\u0107, pomoc Afryce, do\u017cywianie i edukacja w Afryce\",\"publisher\":{\"@id\":\"https:\/\/www.maitri.pl\/#organization\"},\"potentialAction\":[{\"@type\":\"SearchAction\",\"target\":{\"@type\":\"EntryPoint\",\"urlTemplate\":\"https:\/\/www.maitri.pl\/?s={search_term_string}\"},\"query-input\":{\"@type\":\"PropertyValueSpecification\",\"valueRequired\":true,\"valueName\":\"search_term_string\"}}],\"inLanguage\":\"fr-FR\"},{\"@type\":\"Organization\",\"@id\":\"https:\/\/www.maitri.pl\/#organization\",\"name\":\"Stowarzyszenie Ruchu Maitri\",\"url\":\"https:\/\/www.maitri.pl\/\",\"logo\":{\"@type\":\"ImageObject\",\"inLanguage\":\"fr-FR\",\"@id\":\"https:\/\/www.maitri.pl\/#\/schema\/logo\/image\/\",\"url\":\"https:\/\/www.maitri.pl\/wp-content\/uploads\/2020\/04\/duze_logo-81.png\",\"contentUrl\":\"https:\/\/www.maitri.pl\/wp-content\/uploads\/2020\/04\/duze_logo-81.png\",\"width\":339,\"height\":321,\"caption\":\"Stowarzyszenie Ruchu Maitri\"},\"image\":{\"@id\":\"https:\/\/www.maitri.pl\/#\/schema\/logo\/image\/\"},\"sameAs\":[\"https:\/\/www.facebook.com\/MAITRI.Adopcja.Serca.dzieci.Afryki\/\"]}]}<\/script>\n<!-- \/ Yoast SEO plugin. -->","yoast_head_json":{"title":"Odbudowa domu podopiecznych Adopcji Serca po po\u017carze &#8211; Ruch Maitri - Adopcja Serca pomoc Afryce","description":"Wesprzyj zbi\u00f3rk\u0119 na rzecz odbudowy domu podopiecznych Adopcji Serca po po\u017carze w Omvan w Kamerunie.","robots":{"index":"index","follow":"follow","max-snippet":"max-snippet:-1","max-image-preview":"max-image-preview:large","max-video-preview":"max-video-preview:-1"},"canonical":"https:\/\/www.maitri.pl\/projekt\/odbudowa-domu-podopiecznych-adopcji-serca-po-pozarze\/","og_locale":"fr_FR","og_type":"article","og_title":"Odbudowa domu podopiecznych Adopcji Serca po po\u017carze &#8211; Ruch Maitri - Adopcja Serca pomoc Afryce","og_description":"Wesprzyj zbi\u00f3rk\u0119 na rzecz odbudowy domu podopiecznych Adopcji Serca po po\u017carze w Omvan w Kamerunie.","og_url":"https:\/\/www.maitri.pl\/projekt\/odbudowa-domu-podopiecznych-adopcji-serca-po-pozarze\/","og_site_name":"Ruch Maitri - Adopcja Serca pomoc Afryce","article_publisher":"https:\/\/www.facebook.com\/MAITRI.Adopcja.Serca.dzieci.Afryki\/","article_modified_time":"2025-02-14T09:07:09+00:00","og_image":[{"width":2560,"height":1920,"url":"https:\/\/www.maitri.pl\/wp-content\/uploads\/2025\/02\/WhatsApp-Image-2025-02-02-at-15.02.57.jpeg","type":"image\/jpeg"}],"twitter_card":"summary_large_image","twitter_misc":{"Dur\u00e9e de lecture estim\u00e9e":"2 minutes"},"schema":{"@context":"https:\/\/schema.org","@graph":[{"@type":"WebPage","@id":"https:\/\/www.maitri.pl\/projekt\/odbudowa-domu-podopiecznych-adopcji-serca-po-pozarze\/","url":"https:\/\/www.maitri.pl\/projekt\/odbudowa-domu-podopiecznych-adopcji-serca-po-pozarze\/","name":"Odbudowa domu podopiecznych Adopcji Serca po po\u017carze &#8211; Ruch Maitri - Adopcja Serca pomoc Afryce","isPartOf":{"@id":"https:\/\/www.maitri.pl\/#website"},"primaryImageOfPage":{"@id":"https:\/\/www.maitri.pl\/projekt\/odbudowa-domu-podopiecznych-adopcji-serca-po-pozarze\/#primaryimage"},"image":{"@id":"https:\/\/www.maitri.pl\/projekt\/odbudowa-domu-podopiecznych-adopcji-serca-po-pozarze\/#primaryimage"},"thumbnailUrl":"https:\/\/www.maitri.pl\/wp-content\/uploads\/2025\/02\/WhatsApp-Image-2025-02-02-at-15.02.57.jpeg","datePublished":"2025-02-06T17:11:38+00:00","dateModified":"2025-02-14T09:07:09+00:00","description":"Wesprzyj zbi\u00f3rk\u0119 na rzecz odbudowy domu podopiecznych Adopcji Serca po po\u017carze w Omvan w Kamerunie.","breadcrumb":{"@id":"https:\/\/www.maitri.pl\/projekt\/odbudowa-domu-podopiecznych-adopcji-serca-po-pozarze\/#breadcrumb"},"inLanguage":"fr-FR","potentialAction":[{"@type":"ReadAction","target":["https:\/\/www.maitri.pl\/projekt\/odbudowa-domu-podopiecznych-adopcji-serca-po-pozarze\/"]}]},{"@type":"ImageObject","inLanguage":"fr-FR","@id":"https:\/\/www.maitri.pl\/projekt\/odbudowa-domu-podopiecznych-adopcji-serca-po-pozarze\/#primaryimage","url":"https:\/\/www.maitri.pl\/wp-content\/uploads\/2025\/02\/WhatsApp-Image-2025-02-02-at-15.02.57.jpeg","contentUrl":"https:\/\/www.maitri.pl\/wp-content\/uploads\/2025\/02\/WhatsApp-Image-2025-02-02-at-15.02.57.jpeg","width":2560,"height":1920,"caption":"Omvan"},{"@type":"BreadcrumbList","@id":"https:\/\/www.maitri.pl\/projekt\/odbudowa-domu-podopiecznych-adopcji-serca-po-pozarze\/#breadcrumb","itemListElement":[{"@type":"ListItem","position":1,"name":"Strona g\u0142\u00f3wna","item":"https:\/\/www.maitri.pl\/"},{"@type":"ListItem","position":2,"name":"Sklep","item":"https:\/\/www.maitri.pl\/sklep\/"},{"@type":"ListItem","position":3,"name":"Odbudowa domu podopiecznych Adopcji Serca po po\u017carze"}]},{"@type":"WebSite","@id":"https:\/\/www.maitri.pl\/#website","url":"https:\/\/www.maitri.pl\/","name":"Adopcja Serca Maitri \u2013 pomoc dzieciom w Afryce","description":"Adopcja Serca \u2013 adopcja na odleg\u0142o\u015b\u0107, pomoc Afryce, do\u017cywianie i edukacja w Afryce","publisher":{"@id":"https:\/\/www.maitri.pl\/#organization"},"potentialAction":[{"@type":"SearchAction","target":{"@type":"EntryPoint","urlTemplate":"https:\/\/www.maitri.pl\/?s={search_term_string}"},"query-input":{"@type":"PropertyValueSpecification","valueRequired":true,"valueName":"search_term_string"}}],"inLanguage":"fr-FR"},{"@type":"Organization","@id":"https:\/\/www.maitri.pl\/#organization","name":"Stowarzyszenie Ruchu Maitri","url":"https:\/\/www.maitri.pl\/","logo":{"@type":"ImageObject","inLanguage":"fr-FR","@id":"https:\/\/www.maitri.pl\/#\/schema\/logo\/image\/","url":"https:\/\/www.maitri.pl\/wp-content\/uploads\/2020\/04\/duze_logo-81.png","contentUrl":"https:\/\/www.maitri.pl\/wp-content\/uploads\/2020\/04\/duze_logo-81.png","width":339,"height":321,"caption":"Stowarzyszenie Ruchu Maitri"},"image":{"@id":"https:\/\/www.maitri.pl\/#\/schema\/logo\/image\/"},"sameAs":["https:\/\/www.facebook.com\/MAITRI.Adopcja.Serca.dzieci.Afryki\/"]}]}},"_links":{"self":[{"href":"https:\/\/www.maitri.pl\/fr\/wp-json\/wp\/v2\/product\/32776","targetHints":{"allow":["GET"]}}],"collection":[{"href":"https:\/\/www.maitri.pl\/fr\/wp-json\/wp\/v2\/product"}],"about":[{"href":"https:\/\/www.maitri.pl\/fr\/wp-json\/wp\/v2\/types\/product"}],"wp:featuredmedia":[{"embeddable":true,"href":"https:\/\/www.maitri.pl\/fr\/wp-json\/wp\/v2\/media\/32778"}],"wp:attachment":[{"href":"https:\/\/www.maitri.pl\/fr\/wp-json\/wp\/v2\/media?parent=32776"}],"wp:term":[{"taxonomy":"product_brand","embeddable":true,"href":"https:\/\/www.maitri.pl\/fr\/wp-json\/wp\/v2\/product_brand?post=32776"},{"taxonomy":"product_cat","embeddable":true,"href":"https:\/\/www.maitri.pl\/fr\/wp-json\/wp\/v2\/product_cat?post=32776"},{"taxonomy":"product_tag","embeddable":true,"href":"https:\/\/www.maitri.pl\/fr\/wp-json\/wp\/v2\/product_tag?post=32776"}],"curies":[{"name":"wp","href":"https:\/\/api.w.org\/{rel}","templated":true}]}}