{"id":32744,"date":"2025-02-04T09:21:23","date_gmt":"2025-02-04T08:21:23","guid":{"rendered":"https:\/\/www.maitri.pl\/?post_type=product&#038;p=32744"},"modified":"2025-11-12T08:24:16","modified_gmt":"2025-11-12T07:24:16","slug":"rozbudowa-internatu-madagaskar","status":"publish","type":"product","link":"https:\/\/www.maitri.pl\/fr\/projekt\/rozbudowa-internatu-madagaskar\/","title":{"rendered":"Rozbudowa przyszkolnego internatu dla dzieci z ubogich rodzin w Tandrano na Madagaskarze"},"content":{"rendered":"<h4>Madagaskar przoduje w analfabetyzmie<\/h4>\n<p>W\u015br\u00f3d wielu problem\u00f3w z jakimi zmagaj\u0105 si\u0119 kraje Trzeciego \u015awiata jest na pewno brak edukacji. Niestety Madagaskar przoduje w analfabetyzmie. Oficjalnie, w ka\u017cdej wi\u0119kszej wiosce jest pa\u0144stwowa szko\u0142a podstawowa, lecz \u017cadne dziecko, kt\u00f3re widnieje na li\u015bcie uczni\u00f3w, nie umie si\u0119 nawet podpisa\u0107. To wynik panuj\u0105cej korupcji, a owocem tego s\u0105 bandy nastolatk\u00f3w, kt\u00f3rzy nie maj\u0105c co ze sob\u0105 zrobi\u0107, wa\u0142\u0119saj\u0105 si\u0119 gotowe do rozboju, picia alkoholu, brania narkotyk\u00f3w, rozwi\u0105z\u0142o\u015bci seksualnej itd. Aby zaradzi\u0107 tej sytuacji, w Tandrano powsta\u0142a szko\u0142a katolicka wraz z internatem dla dzieci i m\u0142odzie\u017cy z okolicznych wiosek oddalonych do 60 km od centrum. Szko\u0142a jest jednak za ma\u0142a na nasze potrzeby i konieczna jest jej rozbudowa.<\/p>\n<h4>Kilka razy wi\u0119cej uczni\u00f3w<\/h4>\n<p>Dzi\u0119ki wsparciu Maitri dwa lata temu postawili\u015bmy budynek, kt\u00f3ry by\u0142 przewidywany dla 30 wychowank\u00f3w wraz z wychowawc\u0105. Jednak\u017ce od tego czasu liczba dzieci i m\u0142odzie\u017cy ubiegaj\u0105cych si\u0119 o miejsce w internacie wzros\u0142a o 100% i przypuszczalnie w nast\u0119pnym roku szkolnym ponownie wzro\u015bnie. Aby nie pozostawi\u0107 samych sobie dzieci i m\u0142odzie\u017c malgask\u0105, pragniemy dobudowa\u0107 kolejny budynek internatu sk\u0142adaj\u0105cy si\u0119 z trzech pomieszcze\u0144. Przewidywany koszt wybudowania budynku w miejscowej walucie to 46 000 000 ariary. Rozbudowa jest niezb\u0119dna. Obecnie, w naszym regionie mamy 18 szk\u00f3\u0142ek przyko\u015bcielnych, w kt\u00f3rych dzieci z ubogich rodzin rolniczych maj\u0105 szans\u0119 na nauk\u0119 czytania i pisania u siebie. Aby kontynuowa\u0107 nauk\u0119, musz\u0105 przenie\u015b\u0107 si\u0119 do Tandrano, do zbiorczej szko\u0142y katolickiej. W\u015br\u00f3d nich s\u0105 podopieczni programu <a href=\"https:\/\/www.maitri.pl\/adopcja-serca\/\" target=\"_blank\" rel=\"noopener\">Adopcja Serca<\/a>.<\/p>\n<h4>Niezb\u0119dny internat<\/h4>\n<p>W tym celu przy szkole powsta\u0142 internat, imieniem ks. Jana Berthiera MS. Zacz\u0119li\u015bmy skromnie od kilkunastu uczni\u00f3w, poma\u0142u zdobywaj\u0105c sobie zaufanie w\u015br\u00f3d tutejszej ludno\u015bci. Z ka\u017cdym rokiem liczba dzieci przybywaj\u0105cych do internatu wzrasta. Obecnie, po o\u015bmiu latach pracy, liczba mieszka\u0144c\u00f3w internatu przekroczy\u0142a 80. Przypuszczalnie wraz z rozpocz\u0119ciem nowego roku szkolnego liczba uczni\u00f3w ponownie wzro\u015bnie. Chcemy kontynuowa\u0107 przyj\u0119cia tych, kt\u00f3rzy chc\u0105 si\u0119 uczy\u0107 pod \u201enasz wsp\u00f3lny dach\u201d. W tym celu konieczna jest rozbudowa internatu o nast\u0119pny budynek, kt\u00f3ry b\u0119dzie m\u00f3g\u0142 ich pomie\u015bci\u0107. Sk\u0105d znale\u017a\u0107 si\u0142y i pieni\u0105dze na te konieczne budowy? Lecz bez tego, dzieci z wiosek nie maj\u0105 mo\u017cliwo\u015bci na zdobycie wiedzy. B\u00f3g zap\u0142a\u0107 za wszelkie dobro jakie dla nas czynicie.<\/p>\n<h4>Kosztorys:<\/h4>\n<p><img loading=\"lazy\" decoding=\"async\" class=\"alignnone wp-image-32752 size-full\" src=\"https:\/\/www.maitri.pl\/wp-content\/uploads\/2025\/02\/08-missr-08.png\" alt=\"\" width=\"991\" height=\"790\" srcset=\"https:\/\/www.maitri.pl\/wp-content\/uploads\/2025\/02\/08-missr-08.png 991w, https:\/\/www.maitri.pl\/wp-content\/uploads\/2025\/02\/08-missr-08-300x239.png 300w, https:\/\/www.maitri.pl\/wp-content\/uploads\/2025\/02\/08-missr-08-768x612.png 768w, https:\/\/www.maitri.pl\/wp-content\/uploads\/2025\/02\/08-missr-08-600x478.png 600w\" sizes=\"auto, (max-width: 991px) 100vw, 991px\" \/><\/p>\n<p>&nbsp;<\/p>\n<p>ks. Ludwik Wawrzeczko<em>, <a href=\"https:\/\/www.misjonarzemsf.pl\/\" target=\"_blank\" rel=\"noopener\">Zgromadzenie Misjonarzy \u015bw. Rodziny<\/a>, misja Tandrano, Madagaskar<\/em><\/p>\n<p style=\"text-align: justify;\" align=\"JUSTIFY\"><span style=\"color: #ff0000;\"><span style=\"font-size: large;\"><b>Ca\u0142kowity koszt projektu: 11 110 \u20ac<\/b><\/span><\/span><\/p>\n<p style=\"text-align: justify;\" align=\"JUSTIFY\">Numer projektu: <strong>08\/MISSR<\/strong><\/p>\n<p align=\"JUSTIFY\">Zbi\u00f3rka zako\u0144czona, kwota zebrana i przekazana: 2 000 \u20ac<\/p>\n<p style=\"text-align: justify;\" align=\"JUSTIFY\"><span style=\"color: #808080;\">Stowarzyszenie Ruchu\u00a0<em>Maitri<\/em> przeznacza do 10% otrzymanych \u015brodk\u00f3w na koszty funkcjonowania biura i pozyskiwanie funduszy pomocowych. <\/span><\/p>\n<h3 style=\"text-align: justify;\" align=\"JUSTIFY\"><span style=\"color: #808080;\">Rozbudowa przyszkolnego internatu dla dzieci z ubogich rodzin w Tandrano na Madagaskarze<\/span><\/h3>\n","protected":false},"excerpt":{"rendered":"<p><strong>Projekt: <\/strong>ks. Ludwik Wawrzeczko<em>, <a href=\"https:\/\/www.misjonarzemsf.pl\/\" target=\"_blank\" rel=\"noopener\">Zgromadzenie \u015bw. Rodziny<\/a><\/em><br \/>\n<strong>Misja:<\/strong> Tandrano, <a href=\"https:\/\/www.maitri.pl\/gdzie-pomagamy\/\" target=\"_blank\" rel=\"noopener\">Madagaskar<\/a><br \/>\n<strong>Kwota projektu: <span style=\"color: #ff0000;\">11 110 \u20ac<\/span><\/strong><\/p>\n","protected":false},"featured_media":32758,"template":"","meta":[],"product_brand":[],"product_cat":[674],"product_tag":[1016,693,1017],"class_list":{"0":"post-32744","1":"product","2":"type-product","3":"status-publish","4":"has-post-thumbnail","6":"product_cat-projekty-zrealizowane-w-biezacym-roku","7":"product_tag-ks-ludwik-wawrzeczko","8":"product_tag-madagaskar","9":"product_tag-zgromadzenie-misjonarzy-sw-rodziny","11":"first","12":"instock","13":"virtual","14":"purchasable","15":"product-type-simple"},"yoast_head":"<!-- This site is optimized with the Yoast SEO plugin v27.2 - https:\/\/yoast.com\/product\/yoast-seo-wordpress\/ -->\n<title>Rozbudowa przyszkolnego internatu w Tandrano na Madagaskarze<\/title>\n<meta name=\"description\" content=\"Rozbudowa przyszkolnego internatu dla dzieci z ubogich rodzin w Tandrano na Madagaskarze. O pomoc prosi polski misjonarz ks. Ludwik Wawrzeczko.\" \/>\n<meta name=\"robots\" content=\"index, follow, max-snippet:-1, max-image-preview:large, max-video-preview:-1\" \/>\n<link rel=\"canonical\" href=\"https:\/\/www.maitri.pl\/projekt\/rozbudowa-internatu-madagaskar\/\" \/>\n<meta property=\"og:locale\" content=\"fr_FR\" \/>\n<meta property=\"og:type\" content=\"article\" \/>\n<meta property=\"og:title\" content=\"Rozbudowa przyszkolnego internatu w Tandrano na Madagaskarze\" \/>\n<meta property=\"og:description\" content=\"Rozbudowa przyszkolnego internatu dla dzieci z ubogich rodzin w Tandrano na Madagaskarze. O pomoc prosi polski misjonarz ks. Ludwik Wawrzeczko.\" \/>\n<meta property=\"og:url\" content=\"https:\/\/www.maitri.pl\/projekt\/rozbudowa-internatu-madagaskar\/\" \/>\n<meta property=\"og:site_name\" content=\"Ruch Maitri - Adopcja Serca pomoc Afryce\" \/>\n<meta property=\"article:publisher\" content=\"https:\/\/www.facebook.com\/MAITRI.Adopcja.Serca.dzieci.Afryki\/\" \/>\n<meta property=\"article:modified_time\" content=\"2025-11-12T07:24:16+00:00\" \/>\n<meta property=\"og:image\" content=\"https:\/\/www.maitri.pl\/wp-content\/uploads\/2025\/02\/08-missr-internat-posilek.jpg\" \/>\n\t<meta property=\"og:image:width\" content=\"1600\" \/>\n\t<meta property=\"og:image:height\" content=\"900\" \/>\n\t<meta property=\"og:image:type\" content=\"image\/jpeg\" \/>\n<meta name=\"twitter:card\" content=\"summary_large_image\" \/>\n<meta name=\"twitter:label1\" content=\"Dur\u00e9e de lecture estim\u00e9e\" \/>\n\t<meta name=\"twitter:data1\" content=\"3 minutes\" \/>\n<script type=\"application\/ld+json\" class=\"yoast-schema-graph\">{\"@context\":\"https:\/\/schema.org\",\"@graph\":[{\"@type\":\"WebPage\",\"@id\":\"https:\/\/www.maitri.pl\/projekt\/rozbudowa-internatu-madagaskar\/\",\"url\":\"https:\/\/www.maitri.pl\/projekt\/rozbudowa-internatu-madagaskar\/\",\"name\":\"Rozbudowa przyszkolnego internatu w Tandrano na Madagaskarze\",\"isPartOf\":{\"@id\":\"https:\/\/www.maitri.pl\/#website\"},\"primaryImageOfPage\":{\"@id\":\"https:\/\/www.maitri.pl\/projekt\/rozbudowa-internatu-madagaskar\/#primaryimage\"},\"image\":{\"@id\":\"https:\/\/www.maitri.pl\/projekt\/rozbudowa-internatu-madagaskar\/#primaryimage\"},\"thumbnailUrl\":\"https:\/\/www.maitri.pl\/wp-content\/uploads\/2025\/02\/08-missr-internat-posilek.jpg\",\"datePublished\":\"2025-02-04T08:21:23+00:00\",\"dateModified\":\"2025-11-12T07:24:16+00:00\",\"description\":\"Rozbudowa przyszkolnego internatu dla dzieci z ubogich rodzin w Tandrano na Madagaskarze. O pomoc prosi polski misjonarz ks. Ludwik Wawrzeczko.\",\"breadcrumb\":{\"@id\":\"https:\/\/www.maitri.pl\/projekt\/rozbudowa-internatu-madagaskar\/#breadcrumb\"},\"inLanguage\":\"fr-FR\",\"potentialAction\":[{\"@type\":\"ReadAction\",\"target\":[\"https:\/\/www.maitri.pl\/projekt\/rozbudowa-internatu-madagaskar\/\"]}]},{\"@type\":\"ImageObject\",\"inLanguage\":\"fr-FR\",\"@id\":\"https:\/\/www.maitri.pl\/projekt\/rozbudowa-internatu-madagaskar\/#primaryimage\",\"url\":\"https:\/\/www.maitri.pl\/wp-content\/uploads\/2025\/02\/08-missr-internat-posilek.jpg\",\"contentUrl\":\"https:\/\/www.maitri.pl\/wp-content\/uploads\/2025\/02\/08-missr-internat-posilek.jpg\",\"width\":1600,\"height\":900,\"caption\":\"Rozbudowa przyszkolnego internatu dla dzieci z ubogich rodzin w Tandrano na Madagaskarze Adopcja Serca Adopcja duchowa ja\u0142mu\u017cna pomoc ubogim Maitri 01\"},{\"@type\":\"BreadcrumbList\",\"@id\":\"https:\/\/www.maitri.pl\/projekt\/rozbudowa-internatu-madagaskar\/#breadcrumb\",\"itemListElement\":[{\"@type\":\"ListItem\",\"position\":1,\"name\":\"Strona g\u0142\u00f3wna\",\"item\":\"https:\/\/www.maitri.pl\/\"},{\"@type\":\"ListItem\",\"position\":2,\"name\":\"Sklep\",\"item\":\"https:\/\/www.maitri.pl\/sklep\/\"},{\"@type\":\"ListItem\",\"position\":3,\"name\":\"Rozbudowa przyszkolnego internatu dla dzieci z ubogich rodzin w Tandrano na Madagaskarze\"}]},{\"@type\":\"WebSite\",\"@id\":\"https:\/\/www.maitri.pl\/#website\",\"url\":\"https:\/\/www.maitri.pl\/\",\"name\":\"Adopcja Serca Maitri \u2013 pomoc dzieciom w Afryce\",\"description\":\"Adopcja Serca \u2013 adopcja na odleg\u0142o\u015b\u0107, pomoc Afryce, do\u017cywianie i edukacja w Afryce\",\"publisher\":{\"@id\":\"https:\/\/www.maitri.pl\/#organization\"},\"potentialAction\":[{\"@type\":\"SearchAction\",\"target\":{\"@type\":\"EntryPoint\",\"urlTemplate\":\"https:\/\/www.maitri.pl\/?s={search_term_string}\"},\"query-input\":{\"@type\":\"PropertyValueSpecification\",\"valueRequired\":true,\"valueName\":\"search_term_string\"}}],\"inLanguage\":\"fr-FR\"},{\"@type\":\"Organization\",\"@id\":\"https:\/\/www.maitri.pl\/#organization\",\"name\":\"Stowarzyszenie Ruchu Maitri\",\"url\":\"https:\/\/www.maitri.pl\/\",\"logo\":{\"@type\":\"ImageObject\",\"inLanguage\":\"fr-FR\",\"@id\":\"https:\/\/www.maitri.pl\/#\/schema\/logo\/image\/\",\"url\":\"https:\/\/www.maitri.pl\/wp-content\/uploads\/2020\/04\/duze_logo-81.png\",\"contentUrl\":\"https:\/\/www.maitri.pl\/wp-content\/uploads\/2020\/04\/duze_logo-81.png\",\"width\":339,\"height\":321,\"caption\":\"Stowarzyszenie Ruchu Maitri\"},\"image\":{\"@id\":\"https:\/\/www.maitri.pl\/#\/schema\/logo\/image\/\"},\"sameAs\":[\"https:\/\/www.facebook.com\/MAITRI.Adopcja.Serca.dzieci.Afryki\/\"]}]}<\/script>\n<!-- \/ Yoast SEO plugin. -->","yoast_head_json":{"title":"Rozbudowa przyszkolnego internatu w Tandrano na Madagaskarze","description":"Rozbudowa przyszkolnego internatu dla dzieci z ubogich rodzin w Tandrano na Madagaskarze. O pomoc prosi polski misjonarz ks. Ludwik Wawrzeczko.","robots":{"index":"index","follow":"follow","max-snippet":"max-snippet:-1","max-image-preview":"max-image-preview:large","max-video-preview":"max-video-preview:-1"},"canonical":"https:\/\/www.maitri.pl\/projekt\/rozbudowa-internatu-madagaskar\/","og_locale":"fr_FR","og_type":"article","og_title":"Rozbudowa przyszkolnego internatu w Tandrano na Madagaskarze","og_description":"Rozbudowa przyszkolnego internatu dla dzieci z ubogich rodzin w Tandrano na Madagaskarze. O pomoc prosi polski misjonarz ks. Ludwik Wawrzeczko.","og_url":"https:\/\/www.maitri.pl\/projekt\/rozbudowa-internatu-madagaskar\/","og_site_name":"Ruch Maitri - Adopcja Serca pomoc Afryce","article_publisher":"https:\/\/www.facebook.com\/MAITRI.Adopcja.Serca.dzieci.Afryki\/","article_modified_time":"2025-11-12T07:24:16+00:00","og_image":[{"width":1600,"height":900,"url":"https:\/\/www.maitri.pl\/wp-content\/uploads\/2025\/02\/08-missr-internat-posilek.jpg","type":"image\/jpeg"}],"twitter_card":"summary_large_image","twitter_misc":{"Dur\u00e9e de lecture estim\u00e9e":"3 minutes"},"schema":{"@context":"https:\/\/schema.org","@graph":[{"@type":"WebPage","@id":"https:\/\/www.maitri.pl\/projekt\/rozbudowa-internatu-madagaskar\/","url":"https:\/\/www.maitri.pl\/projekt\/rozbudowa-internatu-madagaskar\/","name":"Rozbudowa przyszkolnego internatu w Tandrano na Madagaskarze","isPartOf":{"@id":"https:\/\/www.maitri.pl\/#website"},"primaryImageOfPage":{"@id":"https:\/\/www.maitri.pl\/projekt\/rozbudowa-internatu-madagaskar\/#primaryimage"},"image":{"@id":"https:\/\/www.maitri.pl\/projekt\/rozbudowa-internatu-madagaskar\/#primaryimage"},"thumbnailUrl":"https:\/\/www.maitri.pl\/wp-content\/uploads\/2025\/02\/08-missr-internat-posilek.jpg","datePublished":"2025-02-04T08:21:23+00:00","dateModified":"2025-11-12T07:24:16+00:00","description":"Rozbudowa przyszkolnego internatu dla dzieci z ubogich rodzin w Tandrano na Madagaskarze. O pomoc prosi polski misjonarz ks. Ludwik Wawrzeczko.","breadcrumb":{"@id":"https:\/\/www.maitri.pl\/projekt\/rozbudowa-internatu-madagaskar\/#breadcrumb"},"inLanguage":"fr-FR","potentialAction":[{"@type":"ReadAction","target":["https:\/\/www.maitri.pl\/projekt\/rozbudowa-internatu-madagaskar\/"]}]},{"@type":"ImageObject","inLanguage":"fr-FR","@id":"https:\/\/www.maitri.pl\/projekt\/rozbudowa-internatu-madagaskar\/#primaryimage","url":"https:\/\/www.maitri.pl\/wp-content\/uploads\/2025\/02\/08-missr-internat-posilek.jpg","contentUrl":"https:\/\/www.maitri.pl\/wp-content\/uploads\/2025\/02\/08-missr-internat-posilek.jpg","width":1600,"height":900,"caption":"Rozbudowa przyszkolnego internatu dla dzieci z ubogich rodzin w Tandrano na Madagaskarze Adopcja Serca Adopcja duchowa ja\u0142mu\u017cna pomoc ubogim Maitri 01"},{"@type":"BreadcrumbList","@id":"https:\/\/www.maitri.pl\/projekt\/rozbudowa-internatu-madagaskar\/#breadcrumb","itemListElement":[{"@type":"ListItem","position":1,"name":"Strona g\u0142\u00f3wna","item":"https:\/\/www.maitri.pl\/"},{"@type":"ListItem","position":2,"name":"Sklep","item":"https:\/\/www.maitri.pl\/sklep\/"},{"@type":"ListItem","position":3,"name":"Rozbudowa przyszkolnego internatu dla dzieci z ubogich rodzin w Tandrano na Madagaskarze"}]},{"@type":"WebSite","@id":"https:\/\/www.maitri.pl\/#website","url":"https:\/\/www.maitri.pl\/","name":"Adopcja Serca Maitri \u2013 pomoc dzieciom w Afryce","description":"Adopcja Serca \u2013 adopcja na odleg\u0142o\u015b\u0107, pomoc Afryce, do\u017cywianie i edukacja w Afryce","publisher":{"@id":"https:\/\/www.maitri.pl\/#organization"},"potentialAction":[{"@type":"SearchAction","target":{"@type":"EntryPoint","urlTemplate":"https:\/\/www.maitri.pl\/?s={search_term_string}"},"query-input":{"@type":"PropertyValueSpecification","valueRequired":true,"valueName":"search_term_string"}}],"inLanguage":"fr-FR"},{"@type":"Organization","@id":"https:\/\/www.maitri.pl\/#organization","name":"Stowarzyszenie Ruchu Maitri","url":"https:\/\/www.maitri.pl\/","logo":{"@type":"ImageObject","inLanguage":"fr-FR","@id":"https:\/\/www.maitri.pl\/#\/schema\/logo\/image\/","url":"https:\/\/www.maitri.pl\/wp-content\/uploads\/2020\/04\/duze_logo-81.png","contentUrl":"https:\/\/www.maitri.pl\/wp-content\/uploads\/2020\/04\/duze_logo-81.png","width":339,"height":321,"caption":"Stowarzyszenie Ruchu Maitri"},"image":{"@id":"https:\/\/www.maitri.pl\/#\/schema\/logo\/image\/"},"sameAs":["https:\/\/www.facebook.com\/MAITRI.Adopcja.Serca.dzieci.Afryki\/"]}]}},"_links":{"self":[{"href":"https:\/\/www.maitri.pl\/fr\/wp-json\/wp\/v2\/product\/32744","targetHints":{"allow":["GET"]}}],"collection":[{"href":"https:\/\/www.maitri.pl\/fr\/wp-json\/wp\/v2\/product"}],"about":[{"href":"https:\/\/www.maitri.pl\/fr\/wp-json\/wp\/v2\/types\/product"}],"wp:featuredmedia":[{"embeddable":true,"href":"https:\/\/www.maitri.pl\/fr\/wp-json\/wp\/v2\/media\/32758"}],"wp:attachment":[{"href":"https:\/\/www.maitri.pl\/fr\/wp-json\/wp\/v2\/media?parent=32744"}],"wp:term":[{"taxonomy":"product_brand","embeddable":true,"href":"https:\/\/www.maitri.pl\/fr\/wp-json\/wp\/v2\/product_brand?post=32744"},{"taxonomy":"product_cat","embeddable":true,"href":"https:\/\/www.maitri.pl\/fr\/wp-json\/wp\/v2\/product_cat?post=32744"},{"taxonomy":"product_tag","embeddable":true,"href":"https:\/\/www.maitri.pl\/fr\/wp-json\/wp\/v2\/product_tag?post=32744"}],"curies":[{"name":"wp","href":"https:\/\/api.w.org\/{rel}","templated":true}]}}