{"id":32690,"date":"2025-01-30T18:21:00","date_gmt":"2025-01-30T17:21:00","guid":{"rendered":"https:\/\/www.maitri.pl\/?post_type=product&#038;p=32690"},"modified":"2025-04-25T19:01:19","modified_gmt":"2025-04-25T17:01:19","slug":"zakup-lekow-dla-osrodka-zdrowia-w-buraniro-w-2025-roku","status":"publish","type":"product","link":"https:\/\/www.maitri.pl\/fr\/projekt\/zakup-lekow-dla-osrodka-zdrowia-w-buraniro-w-2025-roku\/","title":{"rendered":"Zakup lek\u00f3w dla O\u015brodka Zdrowia w Buraniro w 2025 roku"},"content":{"rendered":"<h4>Wci\u0105\u017c biedniej<\/h4>\n<p>Przez ostatni rok kraj zubo\u017ca\u0142 jeszcze bardziej. Pisz\u0119 to ka\u017cdego roku, ale to jest czysta prawda. Brak paliwa przyczynia si\u0119 do nagminnego wzrostu cen i to zar\u00f3wno \u017cywno\u015bci jak i lek\u00f3w. Nie mo\u017cna wiele zaplanowa\u0107, bo z tygodnia na tydzie\u0144 wszystko si\u0119 zmienia. Sytuacja finansowa ludzi nie uleg\u0142a poprawie, a wr\u0119cz przeciwnie. Ludzie s\u0105 coraz bardziej biedni, a zw\u0142aszcza na wsiach. Wida\u0107 to jeszcze wyra\u017aniej po ubiorach i wygl\u0105dzie zewn\u0119trznym. Ludzie s\u0105 coraz bardziej chudzi i cz\u0119sto prosz\u0105 o leczenie (darmowe lub za prac\u0119), a tak\u017ce o jedzenie. M\u00f3wi\u0105, \u017ce s\u0105 g\u0142odni, a to wzrusza najbardziej. I to nie jest przesada. Wszelkie op\u0142aty wzros\u0142y i nawet ci\u00a0 najbardziej ubodzy nie s\u0105 z nich zwolnieni. Ceny lek\u00f3w tak\u017ce ci\u0105gle rosn\u0105, na co wp\u0142yw maj\u0105 wahania kursu tutejszej waluty. Prosimy o wsparcie na zakup lek\u00f3w dla chorych.<\/p>\n<h4>Tam leki to luksus<\/h4>\n<p>Nasi chorzy cz\u0119sto nie s\u0105 w stanie zap\u0142aci\u0107 za podstawowe leczenie. Na szcz\u0119\u015bcie uda\u0142o si\u0119 prawie opanowa\u0107 malari\u0119, poniewa\u017c przez ostatnie 3 lata zosta\u0142y rozdane rodzinom moskitiery. Nadal najbardziej potrzebuj\u0105cy to ci, kt\u00f3rzy wymagaj\u0105 leczenia w szpitalu. Faktury dochodz\u0105 do 30-40 tys. frank\u00f3w burundyjskich i wi\u0119cej, bior\u0105c pod uwag\u0119 zakup lek\u00f3w. Leczenie ambulatoryjne \u015brednio kosztuje 6.5 do 10 tys. frank\u00f3w burundyjskich, a dni\u00f3wka pracy, czy kilogram fasoli 5 tys. frank\u00f3w burundyjskich. To r\u00f3wnowarto\u015b\u0107 0.7 euro. Ludzie niedo\u017cywieni cz\u0119\u015bciej zapadaj\u0105 na choroby spo\u0142eczne, jak gru\u017alica, czy cz\u0119ste przezi\u0119bienia oraz robaczyce. Wprawdzie pa\u0144stwo wspomaga proces odrobaczania raz na rok, ale warunkom \u017cycia, higienie otoczenia i od\u017cywiania mo\u017cna by jeszcze wiele zarzuci\u0107.<\/p>\n<h4>Niszczy ich gru\u017alica<\/h4>\n<p>Zapadalno\u015b\u0107 na choroby jest o wiele wi\u0119ksza zw\u0142aszcza u m\u0142odych, udaj\u0105cych si\u0119 do miast w poszukiwaniu zarobku. Przyje\u017cd\u017caj\u0105 do rodzin bardzo wycie\u0144czeni m\u00f3wi\u0105c, \u017ce zostali otruci, a to najcz\u0119\u015bciej gru\u017alica w stadium bardzo zaawansowanym. Leczenie jest d\u0142ugotrwa\u0142e, poch\u0142ania wiele pieni\u0119dzy i troski od rodziny. Niedo\u017cywiony os\u0142abiony organizm jest podatny na cz\u0119stsz\u0105 zapadalno\u015b\u0107 na wszelkie choroby. Dlatego prosimy o \u015brodki na zakup lek\u00f3w.\u00a0Z otrzymanej sumy mo\u017cna b\u0119dzie pom\u00f3c w ci\u0105gu roku oko\u0142o 6720 chorym, a mo\u017ce i wi\u0119cej. W leczeniu szpitalnym chorzy dostaj\u0105 drogie antybiotyki i koszt dni\u00f3wki leczenia mo\u017ce dochodzi\u0107 nawet do 8 tys. dziennie, a najkr\u00f3tsze leczenie antybiotykami wynosi najmniej 5 dni.<\/p>\n<h4>Chcemy pom\u00f3c<\/h4>\n<p>Z powodu wysokich koszt\u00f3w nie mo\u017cemy pom\u00f3c wszystkim chorym, ale cho\u0107 cz\u0119\u015bci, tym najbardziej potrzebuj\u0105cym. W ubieg\u0142ym roku z opieki szpitalnej skorzysta\u0142o 9970 os\u00f3b, w tym r\u00f3wnie\u017c du\u017ca ilo\u015b\u0107 dzieci. A\u017c 80% z nich to byli chorzy na zapalenie g\u00f3rnych i dolnych dr\u00f3g oddechowych, a tak\u017ce z biegunk\u0105, na kt\u00f3r\u0105 cierpia\u0142y zw\u0142aszcza dzieci do lat 5, jak r\u00f3wnie\u017c z malari\u0105 i gru\u017alic\u0105. Dzi\u0119kuj\u0119 z ca\u0142ego serca za szczodro\u015b\u0107 i hojno\u015b\u0107 serc wielu darczy\u0144c\u00f3w z Polski. Dzi\u0119ki Waszym ofiarom mog\u0142y\u015bmy zakupi\u0107 w 2024 roku sporo lek\u00f3w, kt\u00f3re uratowa\u0142y \u017cycie biednym z naszego regionu, nie tylko tym z pobliskich okolic, ale r\u00f3wnie\u017c tym, kt\u00f3rzy dotarli z daleka.\u00a0Za ka\u017cdy gest \u017cyczliwo\u015bci w imieniu chorych m\u00f3wimy B\u00f3g Zap\u0142a\u0107. W duchu wdzi\u0119czno\u015bci kilka razy w ci\u0105gu roku w kaplicy szpitalnej jest odprawiana Msza \u015awi\u0119ta za darczy\u0144c\u00f3w z Polski.<\/p>\n<h4>Kosztorys:<\/h4>\n<p><img loading=\"lazy\" decoding=\"async\" class=\"alignnone wp-image-32691 size-full\" src=\"https:\/\/www.maitri.pl\/wp-content\/uploads\/2025\/01\/243-ducha.png\" alt=\"\" width=\"971\" height=\"994\" srcset=\"https:\/\/www.maitri.pl\/wp-content\/uploads\/2025\/01\/243-ducha.png 971w, https:\/\/www.maitri.pl\/wp-content\/uploads\/2025\/01\/243-ducha-293x300.png 293w, https:\/\/www.maitri.pl\/wp-content\/uploads\/2025\/01\/243-ducha-768x786.png 768w, https:\/\/www.maitri.pl\/wp-content\/uploads\/2025\/01\/243-ducha-600x614.png 600w\" sizes=\"auto, (max-width: 971px) 100vw, 971px\" \/><\/p>\n<p><em><strong>Podsumowanie w miejscowej walucie: 29 160 000 frank\u00f3w burundyjskich<\/strong><\/em><\/p>\n<p><em>Siostra Janina Zakrzewska<\/em>, <a href=\"http:\/\/kanoniczki.pl\/index.php\/pojdz-za-mna\/moje-powolanie\/260-jestem-afrykanka\"> Zgromadzenie Si\u00f3str Kanoniczek Ducha \u015awi\u0119tego de Saxia<\/a>, misja Buraniro, <a href=\"https:\/\/www.maitri.pl\/gdzie-pomagamy\/\" target=\"_blank\" rel=\"noopener\">Burundi<\/a><\/p>\n<p style=\"text-align: justify;\" align=\"JUSTIFY\"><span style=\"color: #ff0000;\"><span style=\"font-size: large;\"><b>Kwota projektu: 4 500 \u20ac<br \/>\n<\/b><\/span><\/span><\/p>\n<p align=\"JUSTIFY\"><strong>przekazana kwota 4.040 \u20ac<\/strong><\/p>\n<p style=\"text-align: justify;\"><strong>Numer projektu: 243\/DUCHA<\/strong><\/p>\n<p style=\"text-align: justify;\" align=\"JUSTIFY\"><span style=\"color: #808080;\">Stowarzyszenie Ruchu\u00a0<em>Maitri<\/em>\u00a0przeznacza do 10% otrzymanych \u015brodk\u00f3w na koszty funkcjonowania biura i pozyskiwanie funduszy pomocowych.<\/span><\/p>\n<h3 style=\"text-align: justify;\" align=\"JUSTIFY\"><span style=\"color: #808080;\"><strong>Zakup lek\u00f3w dla O\u015brodka Zdrowia w Buraniro w 2025 roku, Burundi<\/strong><\/span><\/h3>\n","protected":false},"excerpt":{"rendered":"<p><strong>Projekt:<\/strong> <em>Siostra Janina Zakrzewska<\/em>, <a href=\"http:\/\/kanoniczki.pl\/index.php\/pojdz-za-mna\/moje-powolanie\/260-jestem-afrykanka\"> Zgromadzenie Si\u00f3str Kanoniczek Ducha \u015awi\u0119tego de Saxia<\/a><br \/>\n<strong>Misja:<\/strong> Buraniro, <a href=\"https:\/\/www.maitri.pl\/gdzie-pomagamy\/\" target=\"_blank\" rel=\"noopener noreferrer\">Burundi<\/a><br \/>\n<strong>Zbierana kwota: <span style=\"color: #ff0000;\">4 500 \u20ac<\/span><\/strong><\/p>\n","protected":false},"featured_media":32695,"template":"","meta":[],"product_brand":[],"product_cat":[674],"product_tag":[666,667,854,845],"class_list":{"0":"post-32690","1":"product","2":"type-product","3":"status-publish","4":"has-post-thumbnail","6":"product_cat-projekty-zrealizowane-w-biezacym-roku","7":"product_tag-buraniro","8":"product_tag-burundi","9":"product_tag-siostra-janina-zakrzewska","10":"product_tag-zgromadzenie-siostr-kanoniczek-ducha-swietego","12":"first","13":"instock","14":"virtual","15":"purchasable","16":"product-type-simple"},"yoast_head":"<!-- This site is optimized with the Yoast SEO plugin v27.2 - https:\/\/yoast.com\/product\/yoast-seo-wordpress\/ -->\n<title>Zakup lek\u00f3w dla O\u015brodka Zdrowia w Buraniro w 2025 roku<\/title>\n<meta name=\"description\" content=\"Zakup lek\u00f3w dla O\u015brodka Zdrowia w Buraniro w 2025 roku. O pomoc prosz\u0105 misjonarki ze Zgromadzenia Si\u00f3str Kanoniczek Ducha \u015awi\u0119tego. Ka\u017cda wp\u0142ata pomaga!\" \/>\n<meta name=\"robots\" content=\"index, follow, max-snippet:-1, max-image-preview:large, max-video-preview:-1\" \/>\n<link rel=\"canonical\" href=\"https:\/\/www.maitri.pl\/projekt\/zakup-lekow-dla-osrodka-zdrowia-w-buraniro-w-2025-roku\/\" \/>\n<meta property=\"og:locale\" content=\"fr_FR\" \/>\n<meta property=\"og:type\" content=\"article\" \/>\n<meta property=\"og:title\" content=\"Zakup lek\u00f3w dla O\u015brodka Zdrowia w Buraniro w 2025 roku\" \/>\n<meta property=\"og:description\" content=\"Zakup lek\u00f3w dla O\u015brodka Zdrowia w Buraniro w 2025 roku. O pomoc prosz\u0105 misjonarki ze Zgromadzenia Si\u00f3str Kanoniczek Ducha \u015awi\u0119tego. Ka\u017cda wp\u0142ata pomaga!\" \/>\n<meta property=\"og:url\" content=\"https:\/\/www.maitri.pl\/projekt\/zakup-lekow-dla-osrodka-zdrowia-w-buraniro-w-2025-roku\/\" \/>\n<meta property=\"og:site_name\" content=\"Ruch Maitri - Adopcja Serca pomoc Afryce\" \/>\n<meta property=\"article:publisher\" content=\"https:\/\/www.facebook.com\/MAITRI.Adopcja.Serca.dzieci.Afryki\/\" \/>\n<meta property=\"article:modified_time\" content=\"2025-04-25T17:01:19+00:00\" \/>\n<meta property=\"og:image\" content=\"https:\/\/www.maitri.pl\/wp-content\/uploads\/2025\/01\/243-ducha-leki.jpg\" \/>\n\t<meta property=\"og:image:width\" content=\"1041\" \/>\n\t<meta property=\"og:image:height\" content=\"1849\" \/>\n\t<meta property=\"og:image:type\" content=\"image\/jpeg\" \/>\n<meta name=\"twitter:card\" content=\"summary_large_image\" \/>\n<meta name=\"twitter:label1\" content=\"Dur\u00e9e de lecture estim\u00e9e\" \/>\n\t<meta name=\"twitter:data1\" content=\"4 minutes\" \/>\n<script type=\"application\/ld+json\" class=\"yoast-schema-graph\">{\"@context\":\"https:\/\/schema.org\",\"@graph\":[{\"@type\":\"WebPage\",\"@id\":\"https:\/\/www.maitri.pl\/projekt\/zakup-lekow-dla-osrodka-zdrowia-w-buraniro-w-2025-roku\/\",\"url\":\"https:\/\/www.maitri.pl\/projekt\/zakup-lekow-dla-osrodka-zdrowia-w-buraniro-w-2025-roku\/\",\"name\":\"Zakup lek\u00f3w dla O\u015brodka Zdrowia w Buraniro w 2025 roku\",\"isPartOf\":{\"@id\":\"https:\/\/www.maitri.pl\/#website\"},\"primaryImageOfPage\":{\"@id\":\"https:\/\/www.maitri.pl\/projekt\/zakup-lekow-dla-osrodka-zdrowia-w-buraniro-w-2025-roku\/#primaryimage\"},\"image\":{\"@id\":\"https:\/\/www.maitri.pl\/projekt\/zakup-lekow-dla-osrodka-zdrowia-w-buraniro-w-2025-roku\/#primaryimage\"},\"thumbnailUrl\":\"https:\/\/www.maitri.pl\/wp-content\/uploads\/2025\/01\/243-ducha-leki.jpg\",\"datePublished\":\"2025-01-30T17:21:00+00:00\",\"dateModified\":\"2025-04-25T17:01:19+00:00\",\"description\":\"Zakup lek\u00f3w dla O\u015brodka Zdrowia w Buraniro w 2025 roku. O pomoc prosz\u0105 misjonarki ze Zgromadzenia Si\u00f3str Kanoniczek Ducha \u015awi\u0119tego. Ka\u017cda wp\u0142ata pomaga!\",\"breadcrumb\":{\"@id\":\"https:\/\/www.maitri.pl\/projekt\/zakup-lekow-dla-osrodka-zdrowia-w-buraniro-w-2025-roku\/#breadcrumb\"},\"inLanguage\":\"fr-FR\",\"potentialAction\":[{\"@type\":\"ReadAction\",\"target\":[\"https:\/\/www.maitri.pl\/projekt\/zakup-lekow-dla-osrodka-zdrowia-w-buraniro-w-2025-roku\/\"]}]},{\"@type\":\"ImageObject\",\"inLanguage\":\"fr-FR\",\"@id\":\"https:\/\/www.maitri.pl\/projekt\/zakup-lekow-dla-osrodka-zdrowia-w-buraniro-w-2025-roku\/#primaryimage\",\"url\":\"https:\/\/www.maitri.pl\/wp-content\/uploads\/2025\/01\/243-ducha-leki.jpg\",\"contentUrl\":\"https:\/\/www.maitri.pl\/wp-content\/uploads\/2025\/01\/243-ducha-leki.jpg\",\"width\":1041,\"height\":1849,\"caption\":\"Zakup lek\u00f3w dla O\u015brodka Zdrowia w Buraniro w 2025 roku pomoc ubogim ja\u0142mu\u017cna Adopcja Serca pomoc Afryce Adopcja Duchowa pomoc chorym 01\"},{\"@type\":\"BreadcrumbList\",\"@id\":\"https:\/\/www.maitri.pl\/projekt\/zakup-lekow-dla-osrodka-zdrowia-w-buraniro-w-2025-roku\/#breadcrumb\",\"itemListElement\":[{\"@type\":\"ListItem\",\"position\":1,\"name\":\"Strona g\u0142\u00f3wna\",\"item\":\"https:\/\/www.maitri.pl\/\"},{\"@type\":\"ListItem\",\"position\":2,\"name\":\"Sklep\",\"item\":\"https:\/\/www.maitri.pl\/sklep\/\"},{\"@type\":\"ListItem\",\"position\":3,\"name\":\"Zakup lek\u00f3w dla O\u015brodka Zdrowia w Buraniro w 2025 roku\"}]},{\"@type\":\"WebSite\",\"@id\":\"https:\/\/www.maitri.pl\/#website\",\"url\":\"https:\/\/www.maitri.pl\/\",\"name\":\"Adopcja Serca Maitri \u2013 pomoc dzieciom w Afryce\",\"description\":\"Adopcja Serca \u2013 adopcja na odleg\u0142o\u015b\u0107, pomoc Afryce, do\u017cywianie i edukacja w Afryce\",\"publisher\":{\"@id\":\"https:\/\/www.maitri.pl\/#organization\"},\"potentialAction\":[{\"@type\":\"SearchAction\",\"target\":{\"@type\":\"EntryPoint\",\"urlTemplate\":\"https:\/\/www.maitri.pl\/?s={search_term_string}\"},\"query-input\":{\"@type\":\"PropertyValueSpecification\",\"valueRequired\":true,\"valueName\":\"search_term_string\"}}],\"inLanguage\":\"fr-FR\"},{\"@type\":\"Organization\",\"@id\":\"https:\/\/www.maitri.pl\/#organization\",\"name\":\"Stowarzyszenie Ruchu Maitri\",\"url\":\"https:\/\/www.maitri.pl\/\",\"logo\":{\"@type\":\"ImageObject\",\"inLanguage\":\"fr-FR\",\"@id\":\"https:\/\/www.maitri.pl\/#\/schema\/logo\/image\/\",\"url\":\"https:\/\/www.maitri.pl\/wp-content\/uploads\/2020\/04\/duze_logo-81.png\",\"contentUrl\":\"https:\/\/www.maitri.pl\/wp-content\/uploads\/2020\/04\/duze_logo-81.png\",\"width\":339,\"height\":321,\"caption\":\"Stowarzyszenie Ruchu Maitri\"},\"image\":{\"@id\":\"https:\/\/www.maitri.pl\/#\/schema\/logo\/image\/\"},\"sameAs\":[\"https:\/\/www.facebook.com\/MAITRI.Adopcja.Serca.dzieci.Afryki\/\"]}]}<\/script>\n<!-- \/ Yoast SEO plugin. -->","yoast_head_json":{"title":"Zakup lek\u00f3w dla O\u015brodka Zdrowia w Buraniro w 2025 roku","description":"Zakup lek\u00f3w dla O\u015brodka Zdrowia w Buraniro w 2025 roku. O pomoc prosz\u0105 misjonarki ze Zgromadzenia Si\u00f3str Kanoniczek Ducha \u015awi\u0119tego. Ka\u017cda wp\u0142ata pomaga!","robots":{"index":"index","follow":"follow","max-snippet":"max-snippet:-1","max-image-preview":"max-image-preview:large","max-video-preview":"max-video-preview:-1"},"canonical":"https:\/\/www.maitri.pl\/projekt\/zakup-lekow-dla-osrodka-zdrowia-w-buraniro-w-2025-roku\/","og_locale":"fr_FR","og_type":"article","og_title":"Zakup lek\u00f3w dla O\u015brodka Zdrowia w Buraniro w 2025 roku","og_description":"Zakup lek\u00f3w dla O\u015brodka Zdrowia w Buraniro w 2025 roku. O pomoc prosz\u0105 misjonarki ze Zgromadzenia Si\u00f3str Kanoniczek Ducha \u015awi\u0119tego. Ka\u017cda wp\u0142ata pomaga!","og_url":"https:\/\/www.maitri.pl\/projekt\/zakup-lekow-dla-osrodka-zdrowia-w-buraniro-w-2025-roku\/","og_site_name":"Ruch Maitri - Adopcja Serca pomoc Afryce","article_publisher":"https:\/\/www.facebook.com\/MAITRI.Adopcja.Serca.dzieci.Afryki\/","article_modified_time":"2025-04-25T17:01:19+00:00","og_image":[{"width":1041,"height":1849,"url":"https:\/\/www.maitri.pl\/wp-content\/uploads\/2025\/01\/243-ducha-leki.jpg","type":"image\/jpeg"}],"twitter_card":"summary_large_image","twitter_misc":{"Dur\u00e9e de lecture estim\u00e9e":"4 minutes"},"schema":{"@context":"https:\/\/schema.org","@graph":[{"@type":"WebPage","@id":"https:\/\/www.maitri.pl\/projekt\/zakup-lekow-dla-osrodka-zdrowia-w-buraniro-w-2025-roku\/","url":"https:\/\/www.maitri.pl\/projekt\/zakup-lekow-dla-osrodka-zdrowia-w-buraniro-w-2025-roku\/","name":"Zakup lek\u00f3w dla O\u015brodka Zdrowia w Buraniro w 2025 roku","isPartOf":{"@id":"https:\/\/www.maitri.pl\/#website"},"primaryImageOfPage":{"@id":"https:\/\/www.maitri.pl\/projekt\/zakup-lekow-dla-osrodka-zdrowia-w-buraniro-w-2025-roku\/#primaryimage"},"image":{"@id":"https:\/\/www.maitri.pl\/projekt\/zakup-lekow-dla-osrodka-zdrowia-w-buraniro-w-2025-roku\/#primaryimage"},"thumbnailUrl":"https:\/\/www.maitri.pl\/wp-content\/uploads\/2025\/01\/243-ducha-leki.jpg","datePublished":"2025-01-30T17:21:00+00:00","dateModified":"2025-04-25T17:01:19+00:00","description":"Zakup lek\u00f3w dla O\u015brodka Zdrowia w Buraniro w 2025 roku. O pomoc prosz\u0105 misjonarki ze Zgromadzenia Si\u00f3str Kanoniczek Ducha \u015awi\u0119tego. Ka\u017cda wp\u0142ata pomaga!","breadcrumb":{"@id":"https:\/\/www.maitri.pl\/projekt\/zakup-lekow-dla-osrodka-zdrowia-w-buraniro-w-2025-roku\/#breadcrumb"},"inLanguage":"fr-FR","potentialAction":[{"@type":"ReadAction","target":["https:\/\/www.maitri.pl\/projekt\/zakup-lekow-dla-osrodka-zdrowia-w-buraniro-w-2025-roku\/"]}]},{"@type":"ImageObject","inLanguage":"fr-FR","@id":"https:\/\/www.maitri.pl\/projekt\/zakup-lekow-dla-osrodka-zdrowia-w-buraniro-w-2025-roku\/#primaryimage","url":"https:\/\/www.maitri.pl\/wp-content\/uploads\/2025\/01\/243-ducha-leki.jpg","contentUrl":"https:\/\/www.maitri.pl\/wp-content\/uploads\/2025\/01\/243-ducha-leki.jpg","width":1041,"height":1849,"caption":"Zakup lek\u00f3w dla O\u015brodka Zdrowia w Buraniro w 2025 roku pomoc ubogim ja\u0142mu\u017cna Adopcja Serca pomoc Afryce Adopcja Duchowa pomoc chorym 01"},{"@type":"BreadcrumbList","@id":"https:\/\/www.maitri.pl\/projekt\/zakup-lekow-dla-osrodka-zdrowia-w-buraniro-w-2025-roku\/#breadcrumb","itemListElement":[{"@type":"ListItem","position":1,"name":"Strona g\u0142\u00f3wna","item":"https:\/\/www.maitri.pl\/"},{"@type":"ListItem","position":2,"name":"Sklep","item":"https:\/\/www.maitri.pl\/sklep\/"},{"@type":"ListItem","position":3,"name":"Zakup lek\u00f3w dla O\u015brodka Zdrowia w Buraniro w 2025 roku"}]},{"@type":"WebSite","@id":"https:\/\/www.maitri.pl\/#website","url":"https:\/\/www.maitri.pl\/","name":"Adopcja Serca Maitri \u2013 pomoc dzieciom w Afryce","description":"Adopcja Serca \u2013 adopcja na odleg\u0142o\u015b\u0107, pomoc Afryce, do\u017cywianie i edukacja w Afryce","publisher":{"@id":"https:\/\/www.maitri.pl\/#organization"},"potentialAction":[{"@type":"SearchAction","target":{"@type":"EntryPoint","urlTemplate":"https:\/\/www.maitri.pl\/?s={search_term_string}"},"query-input":{"@type":"PropertyValueSpecification","valueRequired":true,"valueName":"search_term_string"}}],"inLanguage":"fr-FR"},{"@type":"Organization","@id":"https:\/\/www.maitri.pl\/#organization","name":"Stowarzyszenie Ruchu Maitri","url":"https:\/\/www.maitri.pl\/","logo":{"@type":"ImageObject","inLanguage":"fr-FR","@id":"https:\/\/www.maitri.pl\/#\/schema\/logo\/image\/","url":"https:\/\/www.maitri.pl\/wp-content\/uploads\/2020\/04\/duze_logo-81.png","contentUrl":"https:\/\/www.maitri.pl\/wp-content\/uploads\/2020\/04\/duze_logo-81.png","width":339,"height":321,"caption":"Stowarzyszenie Ruchu Maitri"},"image":{"@id":"https:\/\/www.maitri.pl\/#\/schema\/logo\/image\/"},"sameAs":["https:\/\/www.facebook.com\/MAITRI.Adopcja.Serca.dzieci.Afryki\/"]}]}},"_links":{"self":[{"href":"https:\/\/www.maitri.pl\/fr\/wp-json\/wp\/v2\/product\/32690","targetHints":{"allow":["GET"]}}],"collection":[{"href":"https:\/\/www.maitri.pl\/fr\/wp-json\/wp\/v2\/product"}],"about":[{"href":"https:\/\/www.maitri.pl\/fr\/wp-json\/wp\/v2\/types\/product"}],"wp:featuredmedia":[{"embeddable":true,"href":"https:\/\/www.maitri.pl\/fr\/wp-json\/wp\/v2\/media\/32695"}],"wp:attachment":[{"href":"https:\/\/www.maitri.pl\/fr\/wp-json\/wp\/v2\/media?parent=32690"}],"wp:term":[{"taxonomy":"product_brand","embeddable":true,"href":"https:\/\/www.maitri.pl\/fr\/wp-json\/wp\/v2\/product_brand?post=32690"},{"taxonomy":"product_cat","embeddable":true,"href":"https:\/\/www.maitri.pl\/fr\/wp-json\/wp\/v2\/product_cat?post=32690"},{"taxonomy":"product_tag","embeddable":true,"href":"https:\/\/www.maitri.pl\/fr\/wp-json\/wp\/v2\/product_tag?post=32690"}],"curies":[{"name":"wp","href":"https:\/\/api.w.org\/{rel}","templated":true}]}}