{"id":32674,"date":"2025-01-30T17:16:43","date_gmt":"2025-01-30T16:16:43","guid":{"rendered":"https:\/\/www.maitri.pl\/?post_type=product&#038;p=32674"},"modified":"2025-05-30T14:37:35","modified_gmt":"2025-05-30T12:37:35","slug":"dozywianie-chorych-buraniro","status":"publish","type":"product","link":"https:\/\/www.maitri.pl\/fr\/projekt\/dozywianie-chorych-buraniro\/","title":{"rendered":"Do\u017cywianie chorych w O\u015brodku Zdrowia w Buraniro w 2025 roku"},"content":{"rendered":"<h4>Fala niedo\u017cywienia<\/h4>\n<p>W ci\u0105gu ostatniego roku zauwa\u017cy\u0142y\u015bmy rosn\u0105ce niedo\u017cywienie zar\u00f3wno chorych przebywaj\u0105cych w naszym szpitalu,\u00a0 jak i dzieci w wieku od 1 do 5 lat. Mamy teraz wiele dzieci z chorob\u0105 g\u0142odow\u0105, a tak\u017ce choruj\u0105cych na marazmy (ot\u0119pienie). Zwracamy si\u0119 o pomoc i do\u017cywianie chorych dzieci. Obecnie na tutejszym rynku mo\u017cna zakupi\u0107 ju\u017c przygotowane jednokilogramowe mieszanki od\u017cywcze (musalak), sk\u0142adaj\u0105ce si\u0119 z wielu zb\u00f3\u017c, mleka w proszku i cukru. Rozdajemy je we wtorek ka\u017cdego tygodnia dla dzieci od 1 do 5 roku \u017cycia. Pod nasz\u0105 opiek\u0105 mamy 86 dzieci i im pomagamy przez okres 8 miesi\u0119cy.<\/p>\n<h4>Pomoc chorym na AIDS<\/h4>\n<p>Za\u015b chorzy na gru\u017alic\u0119 otrzymuj\u0105 mieszank\u0119 do domu raz na dwa tygodnie. Odbieraj\u0105 po jeden kilogram przez czas ca\u0142ego leczenia tj przez okres 6 miesi\u0119cy. Planujemy pomoc dla 64 chorych na gru\u017alic\u0119 oraz 94 os\u00f3b z ADIS w 2025 roku. Przewidujemy w sumie zakup dla nich 5150 kg tej mieszanki w 2025 roku, a ponadto chcemy udzieli\u0107 jednorazowej pomocy oko\u0142o 500 chorym. Do\u017cywianie chorych to bardzo potrzebna inicjatywa. Prosimy o wsparcie.<\/p>\n<h4>Wok\u00f3\u0142 coraz biedniej<\/h4>\n<p>Jednocze\u015bnie dwa razy do roku rozdajemy ry\u017c, fasol\u0119 i rybki suszone. Najcz\u0119\u015bciej rozdajemy w \u015awi\u0119ta Wielkanocne i Bo\u017ce Narodzenie po 1 kg ry\u017cu, 1 kg fasoli i 50 dkg rybek dla 120 os\u00f3b. Jest to pomoc jednorazowa, ale niezb\u0119dna. Bo kraj ubo\u017ceje coraz bardziej .Ceny \u017cywno\u015bciowe pozostaj\u0105 bardzo wysokie. Pomoc w postaci mieszanki od\u017cywczej przygotowanej z r\u00f3\u017cnego rodzaju m\u0105k, po\u0142\u0105czonych z mlekiem i cukrem okazuje si\u0119 bardzo praktyczna i pomaga w powrocie do zdrowia w czasie leczenia i rekonwalescencji. Prosz\u0119 wi\u0119c cho\u0107 o symboliczn\u0105\u00a0 sum\u0119 na zakup mieszanki dla najbardziej potrzebuj\u0105cych. Do\u017cywianie chorych stanowi ogromn\u0105 pomoc w powrocie do zdrowia.<\/p>\n<h4>Wdzi\u0119czni za hojn\u0105 pomoc<\/h4>\n<p>Og\u00f3lnie pomoc\u0105 z wnioskowanej sumy pieni\u0119\u017cnej zostanie obj\u0119te 984 os\u00f3b z r\u00f3\u017cnych grup wiekowych przez okres 12 miesi\u0119cy. Jako wyraz wdzi\u0119czno\u015bci w tym okresie jest odprawiana Msza \u015bwi\u0119ta wraz z chorymi za dobrodziej\u00f3w Maitri.\u00a0 Jednocze\u015bnie dzi\u0119kuj\u0119 z ca\u0142ego serca za szczodro\u015b\u0107 i hojno\u015b\u0107 serc wielu darczy\u0144c\u00f3w z Polski. Dzi\u0119ki Waszym ofiarom w roku 2024 mog\u0142y\u015bmy zakupi\u0107 musalak dla dzieci niedo\u017cywionych. Dzi\u0119ki Wam od choroby g\u0142odowej zosta\u0142y uratowane 115 dzieci otrzymuj\u0105c t\u0105 od\u017cywk\u0119 raz na dwa\u00a0 tygodnie przez okres 3 miesi\u0119cy. Musalak by pomocny tak\u017ce dla chorych na gru\u017alic\u0119 i aids &#8211; 121 os\u00f3b po 1 kg na miesi\u0105c. Inne produkty dostali chorzy w okresie Wielkanocy i Bo\u017cego Narodzenia &#8211; 400 os\u00f3b. Wasza pomoc trafia do najbardziej potrzebuj\u0105cych. Nie przerywajcie jej!<\/p>\n<h4>Kosztorys:<\/h4>\n<p><img loading=\"lazy\" decoding=\"async\" class=\"alignnone wp-image-32675 size-full\" src=\"https:\/\/www.maitri.pl\/wp-content\/uploads\/2025\/01\/242-ducha.png\" alt=\"\" width=\"976\" height=\"449\" srcset=\"https:\/\/www.maitri.pl\/wp-content\/uploads\/2025\/01\/242-ducha.png 976w, https:\/\/www.maitri.pl\/wp-content\/uploads\/2025\/01\/242-ducha-300x138.png 300w, https:\/\/www.maitri.pl\/wp-content\/uploads\/2025\/01\/242-ducha-768x353.png 768w, https:\/\/www.maitri.pl\/wp-content\/uploads\/2025\/01\/242-ducha-600x276.png 600w\" sizes=\"auto, (max-width: 976px) 100vw, 976px\" \/><\/p>\n<p><em><strong>Podsumowanie w miejscowej walucie: 33 840 000 frank\u00f3w burundyjskich<\/strong><\/em><\/p>\n<p><em>Siostra Janina Zakrzewska<\/em>, <a href=\"http:\/\/kanoniczki.pl\/index.php\/pojdz-za-mna\/moje-powolanie\/260-jestem-afrykanka\"> Zgromadzenie Si\u00f3str Kanoniczek Ducha \u015awi\u0119tego de Saxia<\/a>, misja Buraniro, <a href=\"https:\/\/www.maitri.pl\/gdzie-pomagamy\/\" target=\"_blank\" rel=\"noopener\">Burundi<\/a><\/p>\n<p style=\"text-align: justify;\" align=\"JUSTIFY\"><span style=\"color: #ff0000;\"><span style=\"font-size: large;\"><b>Kwota projektu: 5 220 \u20ac<br \/>\n<\/b><\/span><\/span><\/p>\n<p align=\"JUSTIFY\">Przekazana kwota: 4 780\u20ac<\/p>\n<p style=\"text-align: justify;\"><strong>Numer projektu: 242\/DUCHA<\/strong><\/p>\n<p style=\"text-align: justify;\" align=\"JUSTIFY\"><span style=\"color: #808080;\">Stowarzyszenie Ruchu\u00a0<em>Maitri<\/em>\u00a0przeznacza do 10% otrzymanych \u015brodk\u00f3w na koszty funkcjonowania biura i pozyskiwanie funduszy pomocowych.<\/span><\/p>\n<h3 style=\"text-align: justify;\" align=\"JUSTIFY\"><span style=\"color: #808080;\"><strong>Do\u017cywianie chorych w O\u015brodku Zdrowia w Buraniro w 2025 roku, Burundi &#8211; Siostry Kanoniczki<\/strong><\/span><\/h3>\n","protected":false},"excerpt":{"rendered":"<p><strong>Projekt:<\/strong> <em>Siostra Janina Zakrzewska<\/em>, <a href=\"http:\/\/kanoniczki.pl\/index.php\/pojdz-za-mna\/moje-powolanie\/260-jestem-afrykanka\"> Zgromadzenie Si\u00f3str Kanoniczek Ducha \u015awi\u0119tego de Saxia<\/a><br \/>\n<strong>Misja:<\/strong> Buraniro, <a href=\"https:\/\/www.maitri.pl\/gdzie-pomagamy\/\" target=\"_blank\" rel=\"noopener noreferrer\">Burundi<\/a><br \/>\n<strong>Zbierana kwota: <span style=\"color: #ff0000;\">5 220 \u20ac<\/span><\/strong><\/p>\n","protected":false},"featured_media":32678,"template":"","meta":[],"product_brand":[],"product_cat":[661,674],"product_tag":[666,667,854,845],"class_list":{"0":"post-32674","1":"product","2":"type-product","3":"status-publish","4":"has-post-thumbnail","6":"product_cat-dozywianie","7":"product_cat-projekty-zrealizowane-w-biezacym-roku","8":"product_tag-buraniro","9":"product_tag-burundi","10":"product_tag-siostra-janina-zakrzewska","11":"product_tag-zgromadzenie-siostr-kanoniczek-ducha-swietego","13":"first","14":"instock","15":"virtual","16":"purchasable","17":"product-type-simple"},"yoast_head":"<!-- This site is optimized with the Yoast SEO plugin v27.2 - https:\/\/yoast.com\/product\/yoast-seo-wordpress\/ -->\n<title>Do\u017cywianie chorych w O\u015brodku Zdrowia w Buraniro w 2025 roku<\/title>\n<meta name=\"description\" content=\"Do\u017cywianie chorych w O\u015brodku Zdrowia w Buraniro w 2025. O pomoc prosz\u0105 misjonarki ze Zgromadzenia Si\u00f3str Kanoniczek Ducha \u015awi\u0119tego. Ka\u017cda wp\u0142ata pomaga!\" \/>\n<meta name=\"robots\" content=\"index, follow, max-snippet:-1, max-image-preview:large, max-video-preview:-1\" \/>\n<link rel=\"canonical\" href=\"https:\/\/www.maitri.pl\/projekt\/dozywianie-chorych-buraniro\/\" \/>\n<meta property=\"og:locale\" content=\"fr_FR\" \/>\n<meta property=\"og:type\" content=\"article\" \/>\n<meta property=\"og:title\" content=\"Do\u017cywianie chorych w O\u015brodku Zdrowia w Buraniro w 2025 roku\" \/>\n<meta property=\"og:description\" content=\"Do\u017cywianie chorych w O\u015brodku Zdrowia w Buraniro w 2025. O pomoc prosz\u0105 misjonarki ze Zgromadzenia Si\u00f3str Kanoniczek Ducha \u015awi\u0119tego. Ka\u017cda wp\u0142ata pomaga!\" \/>\n<meta property=\"og:url\" content=\"https:\/\/www.maitri.pl\/projekt\/dozywianie-chorych-buraniro\/\" \/>\n<meta property=\"og:site_name\" content=\"Ruch Maitri - Adopcja Serca pomoc Afryce\" \/>\n<meta property=\"article:publisher\" content=\"https:\/\/www.facebook.com\/MAITRI.Adopcja.Serca.dzieci.Afryki\/\" \/>\n<meta property=\"article:modified_time\" content=\"2025-05-30T12:37:35+00:00\" \/>\n<meta property=\"og:image\" content=\"https:\/\/www.maitri.pl\/wp-content\/uploads\/2025\/01\/242-ducha-ma-9-lat-i-wazy-10-kg.jpg\" \/>\n\t<meta property=\"og:image:width\" content=\"1736\" \/>\n\t<meta property=\"og:image:height\" content=\"2312\" \/>\n\t<meta property=\"og:image:type\" content=\"image\/jpeg\" \/>\n<meta name=\"twitter:card\" content=\"summary_large_image\" \/>\n<meta name=\"twitter:label1\" content=\"Dur\u00e9e de lecture estim\u00e9e\" \/>\n\t<meta name=\"twitter:data1\" content=\"4 minutes\" \/>\n<script type=\"application\/ld+json\" class=\"yoast-schema-graph\">{\"@context\":\"https:\/\/schema.org\",\"@graph\":[{\"@type\":\"WebPage\",\"@id\":\"https:\/\/www.maitri.pl\/projekt\/dozywianie-chorych-buraniro\/\",\"url\":\"https:\/\/www.maitri.pl\/projekt\/dozywianie-chorych-buraniro\/\",\"name\":\"Do\u017cywianie chorych w O\u015brodku Zdrowia w Buraniro w 2025 roku\",\"isPartOf\":{\"@id\":\"https:\/\/www.maitri.pl\/#website\"},\"primaryImageOfPage\":{\"@id\":\"https:\/\/www.maitri.pl\/projekt\/dozywianie-chorych-buraniro\/#primaryimage\"},\"image\":{\"@id\":\"https:\/\/www.maitri.pl\/projekt\/dozywianie-chorych-buraniro\/#primaryimage\"},\"thumbnailUrl\":\"https:\/\/www.maitri.pl\/wp-content\/uploads\/2025\/01\/242-ducha-ma-9-lat-i-wazy-10-kg.jpg\",\"datePublished\":\"2025-01-30T16:16:43+00:00\",\"dateModified\":\"2025-05-30T12:37:35+00:00\",\"description\":\"Do\u017cywianie chorych w O\u015brodku Zdrowia w Buraniro w 2025. O pomoc prosz\u0105 misjonarki ze Zgromadzenia Si\u00f3str Kanoniczek Ducha \u015awi\u0119tego. Ka\u017cda wp\u0142ata pomaga!\",\"breadcrumb\":{\"@id\":\"https:\/\/www.maitri.pl\/projekt\/dozywianie-chorych-buraniro\/#breadcrumb\"},\"inLanguage\":\"fr-FR\",\"potentialAction\":[{\"@type\":\"ReadAction\",\"target\":[\"https:\/\/www.maitri.pl\/projekt\/dozywianie-chorych-buraniro\/\"]}]},{\"@type\":\"ImageObject\",\"inLanguage\":\"fr-FR\",\"@id\":\"https:\/\/www.maitri.pl\/projekt\/dozywianie-chorych-buraniro\/#primaryimage\",\"url\":\"https:\/\/www.maitri.pl\/wp-content\/uploads\/2025\/01\/242-ducha-ma-9-lat-i-wazy-10-kg.jpg\",\"contentUrl\":\"https:\/\/www.maitri.pl\/wp-content\/uploads\/2025\/01\/242-ducha-ma-9-lat-i-wazy-10-kg.jpg\",\"width\":1736,\"height\":2312,\"caption\":\"Do\u017cywianie chorych w O\u015brodku Zdrowia w Buraniro w 2025 roku pomoc ubogim Adopcja Serca Adocpja duchowa ja\u0142mu\u017cna do\u017cywianie Burundi 01\"},{\"@type\":\"BreadcrumbList\",\"@id\":\"https:\/\/www.maitri.pl\/projekt\/dozywianie-chorych-buraniro\/#breadcrumb\",\"itemListElement\":[{\"@type\":\"ListItem\",\"position\":1,\"name\":\"Strona g\u0142\u00f3wna\",\"item\":\"https:\/\/www.maitri.pl\/\"},{\"@type\":\"ListItem\",\"position\":2,\"name\":\"Sklep\",\"item\":\"https:\/\/www.maitri.pl\/sklep\/\"},{\"@type\":\"ListItem\",\"position\":3,\"name\":\"Do\u017cywianie chorych w O\u015brodku Zdrowia w Buraniro w 2025 roku\"}]},{\"@type\":\"WebSite\",\"@id\":\"https:\/\/www.maitri.pl\/#website\",\"url\":\"https:\/\/www.maitri.pl\/\",\"name\":\"Adopcja Serca Maitri \u2013 pomoc dzieciom w Afryce\",\"description\":\"Adopcja Serca \u2013 adopcja na odleg\u0142o\u015b\u0107, pomoc Afryce, do\u017cywianie i edukacja w Afryce\",\"publisher\":{\"@id\":\"https:\/\/www.maitri.pl\/#organization\"},\"potentialAction\":[{\"@type\":\"SearchAction\",\"target\":{\"@type\":\"EntryPoint\",\"urlTemplate\":\"https:\/\/www.maitri.pl\/?s={search_term_string}\"},\"query-input\":{\"@type\":\"PropertyValueSpecification\",\"valueRequired\":true,\"valueName\":\"search_term_string\"}}],\"inLanguage\":\"fr-FR\"},{\"@type\":\"Organization\",\"@id\":\"https:\/\/www.maitri.pl\/#organization\",\"name\":\"Stowarzyszenie Ruchu Maitri\",\"url\":\"https:\/\/www.maitri.pl\/\",\"logo\":{\"@type\":\"ImageObject\",\"inLanguage\":\"fr-FR\",\"@id\":\"https:\/\/www.maitri.pl\/#\/schema\/logo\/image\/\",\"url\":\"https:\/\/www.maitri.pl\/wp-content\/uploads\/2020\/04\/duze_logo-81.png\",\"contentUrl\":\"https:\/\/www.maitri.pl\/wp-content\/uploads\/2020\/04\/duze_logo-81.png\",\"width\":339,\"height\":321,\"caption\":\"Stowarzyszenie Ruchu Maitri\"},\"image\":{\"@id\":\"https:\/\/www.maitri.pl\/#\/schema\/logo\/image\/\"},\"sameAs\":[\"https:\/\/www.facebook.com\/MAITRI.Adopcja.Serca.dzieci.Afryki\/\"]}]}<\/script>\n<!-- \/ Yoast SEO plugin. -->","yoast_head_json":{"title":"Do\u017cywianie chorych w O\u015brodku Zdrowia w Buraniro w 2025 roku","description":"Do\u017cywianie chorych w O\u015brodku Zdrowia w Buraniro w 2025. O pomoc prosz\u0105 misjonarki ze Zgromadzenia Si\u00f3str Kanoniczek Ducha \u015awi\u0119tego. Ka\u017cda wp\u0142ata pomaga!","robots":{"index":"index","follow":"follow","max-snippet":"max-snippet:-1","max-image-preview":"max-image-preview:large","max-video-preview":"max-video-preview:-1"},"canonical":"https:\/\/www.maitri.pl\/projekt\/dozywianie-chorych-buraniro\/","og_locale":"fr_FR","og_type":"article","og_title":"Do\u017cywianie chorych w O\u015brodku Zdrowia w Buraniro w 2025 roku","og_description":"Do\u017cywianie chorych w O\u015brodku Zdrowia w Buraniro w 2025. O pomoc prosz\u0105 misjonarki ze Zgromadzenia Si\u00f3str Kanoniczek Ducha \u015awi\u0119tego. Ka\u017cda wp\u0142ata pomaga!","og_url":"https:\/\/www.maitri.pl\/projekt\/dozywianie-chorych-buraniro\/","og_site_name":"Ruch Maitri - Adopcja Serca pomoc Afryce","article_publisher":"https:\/\/www.facebook.com\/MAITRI.Adopcja.Serca.dzieci.Afryki\/","article_modified_time":"2025-05-30T12:37:35+00:00","og_image":[{"width":1736,"height":2312,"url":"https:\/\/www.maitri.pl\/wp-content\/uploads\/2025\/01\/242-ducha-ma-9-lat-i-wazy-10-kg.jpg","type":"image\/jpeg"}],"twitter_card":"summary_large_image","twitter_misc":{"Dur\u00e9e de lecture estim\u00e9e":"4 minutes"},"schema":{"@context":"https:\/\/schema.org","@graph":[{"@type":"WebPage","@id":"https:\/\/www.maitri.pl\/projekt\/dozywianie-chorych-buraniro\/","url":"https:\/\/www.maitri.pl\/projekt\/dozywianie-chorych-buraniro\/","name":"Do\u017cywianie chorych w O\u015brodku Zdrowia w Buraniro w 2025 roku","isPartOf":{"@id":"https:\/\/www.maitri.pl\/#website"},"primaryImageOfPage":{"@id":"https:\/\/www.maitri.pl\/projekt\/dozywianie-chorych-buraniro\/#primaryimage"},"image":{"@id":"https:\/\/www.maitri.pl\/projekt\/dozywianie-chorych-buraniro\/#primaryimage"},"thumbnailUrl":"https:\/\/www.maitri.pl\/wp-content\/uploads\/2025\/01\/242-ducha-ma-9-lat-i-wazy-10-kg.jpg","datePublished":"2025-01-30T16:16:43+00:00","dateModified":"2025-05-30T12:37:35+00:00","description":"Do\u017cywianie chorych w O\u015brodku Zdrowia w Buraniro w 2025. O pomoc prosz\u0105 misjonarki ze Zgromadzenia Si\u00f3str Kanoniczek Ducha \u015awi\u0119tego. Ka\u017cda wp\u0142ata pomaga!","breadcrumb":{"@id":"https:\/\/www.maitri.pl\/projekt\/dozywianie-chorych-buraniro\/#breadcrumb"},"inLanguage":"fr-FR","potentialAction":[{"@type":"ReadAction","target":["https:\/\/www.maitri.pl\/projekt\/dozywianie-chorych-buraniro\/"]}]},{"@type":"ImageObject","inLanguage":"fr-FR","@id":"https:\/\/www.maitri.pl\/projekt\/dozywianie-chorych-buraniro\/#primaryimage","url":"https:\/\/www.maitri.pl\/wp-content\/uploads\/2025\/01\/242-ducha-ma-9-lat-i-wazy-10-kg.jpg","contentUrl":"https:\/\/www.maitri.pl\/wp-content\/uploads\/2025\/01\/242-ducha-ma-9-lat-i-wazy-10-kg.jpg","width":1736,"height":2312,"caption":"Do\u017cywianie chorych w O\u015brodku Zdrowia w Buraniro w 2025 roku pomoc ubogim Adopcja Serca Adocpja duchowa ja\u0142mu\u017cna do\u017cywianie Burundi 01"},{"@type":"BreadcrumbList","@id":"https:\/\/www.maitri.pl\/projekt\/dozywianie-chorych-buraniro\/#breadcrumb","itemListElement":[{"@type":"ListItem","position":1,"name":"Strona g\u0142\u00f3wna","item":"https:\/\/www.maitri.pl\/"},{"@type":"ListItem","position":2,"name":"Sklep","item":"https:\/\/www.maitri.pl\/sklep\/"},{"@type":"ListItem","position":3,"name":"Do\u017cywianie chorych w O\u015brodku Zdrowia w Buraniro w 2025 roku"}]},{"@type":"WebSite","@id":"https:\/\/www.maitri.pl\/#website","url":"https:\/\/www.maitri.pl\/","name":"Adopcja Serca Maitri \u2013 pomoc dzieciom w Afryce","description":"Adopcja Serca \u2013 adopcja na odleg\u0142o\u015b\u0107, pomoc Afryce, do\u017cywianie i edukacja w Afryce","publisher":{"@id":"https:\/\/www.maitri.pl\/#organization"},"potentialAction":[{"@type":"SearchAction","target":{"@type":"EntryPoint","urlTemplate":"https:\/\/www.maitri.pl\/?s={search_term_string}"},"query-input":{"@type":"PropertyValueSpecification","valueRequired":true,"valueName":"search_term_string"}}],"inLanguage":"fr-FR"},{"@type":"Organization","@id":"https:\/\/www.maitri.pl\/#organization","name":"Stowarzyszenie Ruchu Maitri","url":"https:\/\/www.maitri.pl\/","logo":{"@type":"ImageObject","inLanguage":"fr-FR","@id":"https:\/\/www.maitri.pl\/#\/schema\/logo\/image\/","url":"https:\/\/www.maitri.pl\/wp-content\/uploads\/2020\/04\/duze_logo-81.png","contentUrl":"https:\/\/www.maitri.pl\/wp-content\/uploads\/2020\/04\/duze_logo-81.png","width":339,"height":321,"caption":"Stowarzyszenie Ruchu Maitri"},"image":{"@id":"https:\/\/www.maitri.pl\/#\/schema\/logo\/image\/"},"sameAs":["https:\/\/www.facebook.com\/MAITRI.Adopcja.Serca.dzieci.Afryki\/"]}]}},"_links":{"self":[{"href":"https:\/\/www.maitri.pl\/fr\/wp-json\/wp\/v2\/product\/32674","targetHints":{"allow":["GET"]}}],"collection":[{"href":"https:\/\/www.maitri.pl\/fr\/wp-json\/wp\/v2\/product"}],"about":[{"href":"https:\/\/www.maitri.pl\/fr\/wp-json\/wp\/v2\/types\/product"}],"wp:featuredmedia":[{"embeddable":true,"href":"https:\/\/www.maitri.pl\/fr\/wp-json\/wp\/v2\/media\/32678"}],"wp:attachment":[{"href":"https:\/\/www.maitri.pl\/fr\/wp-json\/wp\/v2\/media?parent=32674"}],"wp:term":[{"taxonomy":"product_brand","embeddable":true,"href":"https:\/\/www.maitri.pl\/fr\/wp-json\/wp\/v2\/product_brand?post=32674"},{"taxonomy":"product_cat","embeddable":true,"href":"https:\/\/www.maitri.pl\/fr\/wp-json\/wp\/v2\/product_cat?post=32674"},{"taxonomy":"product_tag","embeddable":true,"href":"https:\/\/www.maitri.pl\/fr\/wp-json\/wp\/v2\/product_tag?post=32674"}],"curies":[{"name":"wp","href":"https:\/\/api.w.org\/{rel}","templated":true}]}}