{"id":32641,"date":"2025-01-23T14:08:59","date_gmt":"2025-01-23T13:08:59","guid":{"rendered":"https:\/\/www.maitri.pl\/?post_type=product&#038;p=32641"},"modified":"2025-02-14T10:09:36","modified_gmt":"2025-02-14T09:09:36","slug":"operacja-studenta","status":"publish","type":"product","link":"https:\/\/www.maitri.pl\/fr\/projekt\/operacja-studenta\/","title":{"rendered":"Operacja chorego studenta z misji Pallotynek w Rutshuru w DR Kongo"},"content":{"rendered":"<h4>Ci\u0119\u017cko chory i ubogi<\/h4>\n<p>Zwracamy si\u0119 do Was, aby przedstawi\u0107 spraw\u0119 chorego studenta. Temu m\u0142odemu, utalentowanemu cz\u0142owiekowi niezb\u0119dna jest operacja. Ch\u0142opiec nazywa si\u0119 Ndayishimiye Chrispain i pochodzi z rodziny, kt\u00f3ra \u017cyje w wielkim ub\u00f3stwie. Ma 5 braci i 4 siostry, ju\u017c pe\u0142noletnie. Chrispain choruje od dw\u00f3ch lat, a diagnoza jego choroby nie jest jeszcze znana. Mia\u0142 guza w nosie. W kwietniu 2023 r. przeszed\u0142 operacj\u0119, kt\u00f3ra zako\u0144czy\u0142a si\u0119 niepowodzeniem, dlatego kontynuowa\u0142 leczenie, ale nadal nie przynios\u0142o ono rezultat\u00f3w. Jego rodzina zabra\u0142a go do Kigali na dalsze testy, lecz one r\u00f3wnie\u017c nie wypad\u0142y dobrze. Potrzebna jest Wasza pomoc.<\/p>\n<h4>Unieruchomiony od dw\u00f3ch lat<\/h4>\n<p>Chrispain mieszka w Rutshuru w DR Kongo. Miejscowo\u015b\u0107, w kt\u00f3rej dzia\u0142a nasza misja, jest po\u0142o\u017cona na terenach obj\u0119tych dzia\u0142alno\u015bci\u0105 zbrojnej rebelii, a fale pomocy nie pozwalaj\u0105 na normalne \u017cycie. W tych warunkach ci\u0119\u017cko o lekarzy i w\u0142a\u015bciw\u0105 diagnoz\u0119, bo leczenie jest konieczne poza Rutshuru. W 2024 r. Chrispain przeszed\u0142 jeszcze trzy operacje tego samego schorzenia w trzech r\u00f3\u017cnych szpitalach, w tym w Charit\u00e9 Maternelle w Gomie, w Burundi i w szpitalu prowincjonalnym w Bukavu.\u00a0 Po wszystkich wysi\u0142kach rodziny w\u0142o\u017conych w leczenie Chrispain nadal cierpi. Ju\u017c dwa lata sp\u0119dzi\u0142 w \u0142\u00f3\u017cku w wyniku swojej choroby.<\/p>\n<h4>Rodziny nie sta\u0107 na operacj\u0119<\/h4>\n<p>Bliscy nadal zbieraj\u0105 fundusze gdzie tylko mog\u0105, aby kontynuowa\u0107 leczenie Chrispaina i sprawdzi\u0107, czy mog\u0105 zapewni\u0107 mu leczenie w innych krajach. Stan zdrowia Chrispaina staje si\u0119 coraz bardziej niepokoj\u0105cy, a nowotw\u00f3r mo\u017ce zagrozi\u0107 jego \u017cyciu. Jego lekarz chcia\u0142by przeprowadzi\u0107 kolejn\u0105 operacj\u0119, ale na to niestety rodzinie ju\u017c brakuje funduszy. Maj\u0105c nadziej\u0119 \u017ce nie zostanie bez pomocy, zwracamy si\u0119 z pro\u015bb\u0105 o \u015brodki na przeprowadzenie operacji. Jeszcze raz dzi\u0119kuj\u0105c, prosz\u0119 o wsparcie.<\/p>\n<p>Adelard Matsipa, pracownik misji <a href=\"http:\/\/www.pallotynki.pl\/\" target=\"_blank\" rel=\"noopener noreferrer\">Zgromadzenia Si\u00f3str Misjonarek Apostolstwa Katolickiego<\/a>, misja Rutshuru, <a href=\"https:\/\/www.maitri.pl\/gdzie-pomagamy\/\" target=\"_blank\" rel=\"noopener noreferrer\">DR Kongo<\/a><\/p>\n<h4>Kosztorys:<\/h4>\n<p>Przewidywany koszt leczenia to oko\u0142o 2.220 \u20ac.<\/p>\n<p style=\"text-align: justify;\" align=\"JUSTIFY\"><strong>Numer projektu 441\/PALLS<\/strong><\/p>\n<p style=\"text-align: justify;\" align=\"JUSTIFY\"><span style=\"color: #ff0000;\"><span style=\"font-size: large;\"><b>Kwota projektu: 2200 \u20ac<\/b><\/span><\/span><\/p>\n<p style=\"text-align: justify;\" align=\"JUSTIFY\"><span style=\"color: #808080;\">Stowarzyszenie Ruchu\u00a0<em>Maitri<\/em>\u00a0przeznacza do 10% otrzymanych \u015brodk\u00f3w na koszty funkcjonowania biura i pozyskiwanie funduszy pomocowych.<\/span><\/p>\n<h3 style=\"text-align: justify;\" align=\"JUSTIFY\"><span style=\"color: #808080;\">Operacja chorego studenta z misji Si\u00f3str Pallotynek w Rutshuru w DR Kongo<\/span><\/h3>\n","protected":false},"excerpt":{"rendered":"<p><strong>Projekt:<\/strong> Adelard Matsipa, pracownik misji <a href=\"http:\/\/www.pallotynki.pl\/\" target=\"_blank\" rel=\"noopener noreferrer\">Zgromadzenia Si\u00f3str Misjonarek Apostolstwa Katolickiego<\/a><br \/>\n<strong>Misja:<\/strong> Rutshuru, <a href=\"https:\/\/www.maitri.pl\/gdzie-pomagamy\/\" target=\"_blank\" rel=\"noopener noreferrer\">DR Kongo<\/a><br \/>\n<strong>Kwota projektu: <span style=\"color: #ff0000;\">2200 \u20ac<\/span><\/strong><\/p>\n","protected":false},"featured_media":32644,"template":"","meta":[],"product_brand":[],"product_cat":[674],"product_tag":[1014,690,847,764],"class_list":{"0":"post-32641","1":"product","2":"type-product","3":"status-publish","4":"has-post-thumbnail","6":"product_cat-projekty-zrealizowane-w-biezacym-roku","7":"product_tag-adelard-matsipa","8":"product_tag-dr-kongo","9":"product_tag-pallotynki","10":"product_tag-rutshuru","12":"first","13":"instock","14":"virtual","15":"purchasable","16":"product-type-simple"},"yoast_head":"<!-- This site is optimized with the Yoast SEO plugin v27.2 - https:\/\/yoast.com\/product\/yoast-seo-wordpress\/ -->\n<title>Operacja chorego studenta z Rutshuru w DR Kongo<\/title>\n<meta name=\"description\" content=\"Operacja chorego studenta z w Rutshuru w DR Kongo. O pomoc prosz\u0105 Siostry Pallotynki. Ka\u017cda wp\u0142ata pomaga. Przywr\u00f3\u0107my zdrowie m\u0142odemu cz\u0142owiekowi!\" \/>\n<meta name=\"robots\" content=\"index, follow, max-snippet:-1, max-image-preview:large, max-video-preview:-1\" \/>\n<link rel=\"canonical\" href=\"https:\/\/www.maitri.pl\/projekt\/operacja-studenta\/\" \/>\n<meta property=\"og:locale\" content=\"fr_FR\" \/>\n<meta property=\"og:type\" content=\"article\" \/>\n<meta property=\"og:title\" content=\"Operacja chorego studenta z Rutshuru w DR Kongo\" \/>\n<meta property=\"og:description\" content=\"Operacja chorego studenta z w Rutshuru w DR Kongo. O pomoc prosz\u0105 Siostry Pallotynki. Ka\u017cda wp\u0142ata pomaga. Przywr\u00f3\u0107my zdrowie m\u0142odemu cz\u0142owiekowi!\" \/>\n<meta property=\"og:url\" content=\"https:\/\/www.maitri.pl\/projekt\/operacja-studenta\/\" \/>\n<meta property=\"og:site_name\" content=\"Ruch Maitri - Adopcja Serca pomoc Afryce\" \/>\n<meta property=\"article:publisher\" content=\"https:\/\/www.facebook.com\/MAITRI.Adopcja.Serca.dzieci.Afryki\/\" \/>\n<meta property=\"article:modified_time\" content=\"2025-02-14T09:09:36+00:00\" \/>\n<meta property=\"og:image\" content=\"https:\/\/www.maitri.pl\/wp-content\/uploads\/2025\/01\/1.jpg\" \/>\n\t<meta property=\"og:image:width\" content=\"810\" \/>\n\t<meta property=\"og:image:height\" content=\"1080\" \/>\n\t<meta property=\"og:image:type\" content=\"image\/jpeg\" \/>\n<meta name=\"twitter:card\" content=\"summary_large_image\" \/>\n<meta name=\"twitter:label1\" content=\"Dur\u00e9e de lecture estim\u00e9e\" \/>\n\t<meta name=\"twitter:data1\" content=\"3 minutes\" \/>\n<script type=\"application\/ld+json\" class=\"yoast-schema-graph\">{\"@context\":\"https:\/\/schema.org\",\"@graph\":[{\"@type\":\"WebPage\",\"@id\":\"https:\/\/www.maitri.pl\/projekt\/operacja-studenta\/\",\"url\":\"https:\/\/www.maitri.pl\/projekt\/operacja-studenta\/\",\"name\":\"Operacja chorego studenta z Rutshuru w DR Kongo\",\"isPartOf\":{\"@id\":\"https:\/\/www.maitri.pl\/#website\"},\"primaryImageOfPage\":{\"@id\":\"https:\/\/www.maitri.pl\/projekt\/operacja-studenta\/#primaryimage\"},\"image\":{\"@id\":\"https:\/\/www.maitri.pl\/projekt\/operacja-studenta\/#primaryimage\"},\"thumbnailUrl\":\"https:\/\/www.maitri.pl\/wp-content\/uploads\/2025\/01\/1.jpg\",\"datePublished\":\"2025-01-23T13:08:59+00:00\",\"dateModified\":\"2025-02-14T09:09:36+00:00\",\"description\":\"Operacja chorego studenta z w Rutshuru w DR Kongo. O pomoc prosz\u0105 Siostry Pallotynki. Ka\u017cda wp\u0142ata pomaga. Przywr\u00f3\u0107my zdrowie m\u0142odemu cz\u0142owiekowi!\",\"breadcrumb\":{\"@id\":\"https:\/\/www.maitri.pl\/projekt\/operacja-studenta\/#breadcrumb\"},\"inLanguage\":\"fr-FR\",\"potentialAction\":[{\"@type\":\"ReadAction\",\"target\":[\"https:\/\/www.maitri.pl\/projekt\/operacja-studenta\/\"]}]},{\"@type\":\"ImageObject\",\"inLanguage\":\"fr-FR\",\"@id\":\"https:\/\/www.maitri.pl\/projekt\/operacja-studenta\/#primaryimage\",\"url\":\"https:\/\/www.maitri.pl\/wp-content\/uploads\/2025\/01\/1.jpg\",\"contentUrl\":\"https:\/\/www.maitri.pl\/wp-content\/uploads\/2025\/01\/1.jpg\",\"width\":810,\"height\":1080,\"caption\":\"Operacja chorego studenta z misji Pallotynek w Rutshuru w DR Kongo pomoc Afryce pomoc ubogim Maitri Adopcja Duchowa Adopcja Serca ja\u0142mu\u017cna 01\"},{\"@type\":\"BreadcrumbList\",\"@id\":\"https:\/\/www.maitri.pl\/projekt\/operacja-studenta\/#breadcrumb\",\"itemListElement\":[{\"@type\":\"ListItem\",\"position\":1,\"name\":\"Strona g\u0142\u00f3wna\",\"item\":\"https:\/\/www.maitri.pl\/\"},{\"@type\":\"ListItem\",\"position\":2,\"name\":\"Sklep\",\"item\":\"https:\/\/www.maitri.pl\/sklep\/\"},{\"@type\":\"ListItem\",\"position\":3,\"name\":\"Operacja chorego studenta z misji Pallotynek w Rutshuru w DR Kongo\"}]},{\"@type\":\"WebSite\",\"@id\":\"https:\/\/www.maitri.pl\/#website\",\"url\":\"https:\/\/www.maitri.pl\/\",\"name\":\"Adopcja Serca Maitri \u2013 pomoc dzieciom w Afryce\",\"description\":\"Adopcja Serca \u2013 adopcja na odleg\u0142o\u015b\u0107, pomoc Afryce, do\u017cywianie i edukacja w Afryce\",\"publisher\":{\"@id\":\"https:\/\/www.maitri.pl\/#organization\"},\"potentialAction\":[{\"@type\":\"SearchAction\",\"target\":{\"@type\":\"EntryPoint\",\"urlTemplate\":\"https:\/\/www.maitri.pl\/?s={search_term_string}\"},\"query-input\":{\"@type\":\"PropertyValueSpecification\",\"valueRequired\":true,\"valueName\":\"search_term_string\"}}],\"inLanguage\":\"fr-FR\"},{\"@type\":\"Organization\",\"@id\":\"https:\/\/www.maitri.pl\/#organization\",\"name\":\"Stowarzyszenie Ruchu Maitri\",\"url\":\"https:\/\/www.maitri.pl\/\",\"logo\":{\"@type\":\"ImageObject\",\"inLanguage\":\"fr-FR\",\"@id\":\"https:\/\/www.maitri.pl\/#\/schema\/logo\/image\/\",\"url\":\"https:\/\/www.maitri.pl\/wp-content\/uploads\/2020\/04\/duze_logo-81.png\",\"contentUrl\":\"https:\/\/www.maitri.pl\/wp-content\/uploads\/2020\/04\/duze_logo-81.png\",\"width\":339,\"height\":321,\"caption\":\"Stowarzyszenie Ruchu Maitri\"},\"image\":{\"@id\":\"https:\/\/www.maitri.pl\/#\/schema\/logo\/image\/\"},\"sameAs\":[\"https:\/\/www.facebook.com\/MAITRI.Adopcja.Serca.dzieci.Afryki\/\"]}]}<\/script>\n<!-- \/ Yoast SEO plugin. -->","yoast_head_json":{"title":"Operacja chorego studenta z Rutshuru w DR Kongo","description":"Operacja chorego studenta z w Rutshuru w DR Kongo. O pomoc prosz\u0105 Siostry Pallotynki. Ka\u017cda wp\u0142ata pomaga. Przywr\u00f3\u0107my zdrowie m\u0142odemu cz\u0142owiekowi!","robots":{"index":"index","follow":"follow","max-snippet":"max-snippet:-1","max-image-preview":"max-image-preview:large","max-video-preview":"max-video-preview:-1"},"canonical":"https:\/\/www.maitri.pl\/projekt\/operacja-studenta\/","og_locale":"fr_FR","og_type":"article","og_title":"Operacja chorego studenta z Rutshuru w DR Kongo","og_description":"Operacja chorego studenta z w Rutshuru w DR Kongo. O pomoc prosz\u0105 Siostry Pallotynki. Ka\u017cda wp\u0142ata pomaga. Przywr\u00f3\u0107my zdrowie m\u0142odemu cz\u0142owiekowi!","og_url":"https:\/\/www.maitri.pl\/projekt\/operacja-studenta\/","og_site_name":"Ruch Maitri - Adopcja Serca pomoc Afryce","article_publisher":"https:\/\/www.facebook.com\/MAITRI.Adopcja.Serca.dzieci.Afryki\/","article_modified_time":"2025-02-14T09:09:36+00:00","og_image":[{"width":810,"height":1080,"url":"https:\/\/www.maitri.pl\/wp-content\/uploads\/2025\/01\/1.jpg","type":"image\/jpeg"}],"twitter_card":"summary_large_image","twitter_misc":{"Dur\u00e9e de lecture estim\u00e9e":"3 minutes"},"schema":{"@context":"https:\/\/schema.org","@graph":[{"@type":"WebPage","@id":"https:\/\/www.maitri.pl\/projekt\/operacja-studenta\/","url":"https:\/\/www.maitri.pl\/projekt\/operacja-studenta\/","name":"Operacja chorego studenta z Rutshuru w DR Kongo","isPartOf":{"@id":"https:\/\/www.maitri.pl\/#website"},"primaryImageOfPage":{"@id":"https:\/\/www.maitri.pl\/projekt\/operacja-studenta\/#primaryimage"},"image":{"@id":"https:\/\/www.maitri.pl\/projekt\/operacja-studenta\/#primaryimage"},"thumbnailUrl":"https:\/\/www.maitri.pl\/wp-content\/uploads\/2025\/01\/1.jpg","datePublished":"2025-01-23T13:08:59+00:00","dateModified":"2025-02-14T09:09:36+00:00","description":"Operacja chorego studenta z w Rutshuru w DR Kongo. O pomoc prosz\u0105 Siostry Pallotynki. Ka\u017cda wp\u0142ata pomaga. Przywr\u00f3\u0107my zdrowie m\u0142odemu cz\u0142owiekowi!","breadcrumb":{"@id":"https:\/\/www.maitri.pl\/projekt\/operacja-studenta\/#breadcrumb"},"inLanguage":"fr-FR","potentialAction":[{"@type":"ReadAction","target":["https:\/\/www.maitri.pl\/projekt\/operacja-studenta\/"]}]},{"@type":"ImageObject","inLanguage":"fr-FR","@id":"https:\/\/www.maitri.pl\/projekt\/operacja-studenta\/#primaryimage","url":"https:\/\/www.maitri.pl\/wp-content\/uploads\/2025\/01\/1.jpg","contentUrl":"https:\/\/www.maitri.pl\/wp-content\/uploads\/2025\/01\/1.jpg","width":810,"height":1080,"caption":"Operacja chorego studenta z misji Pallotynek w Rutshuru w DR Kongo pomoc Afryce pomoc ubogim Maitri Adopcja Duchowa Adopcja Serca ja\u0142mu\u017cna 01"},{"@type":"BreadcrumbList","@id":"https:\/\/www.maitri.pl\/projekt\/operacja-studenta\/#breadcrumb","itemListElement":[{"@type":"ListItem","position":1,"name":"Strona g\u0142\u00f3wna","item":"https:\/\/www.maitri.pl\/"},{"@type":"ListItem","position":2,"name":"Sklep","item":"https:\/\/www.maitri.pl\/sklep\/"},{"@type":"ListItem","position":3,"name":"Operacja chorego studenta z misji Pallotynek w Rutshuru w DR Kongo"}]},{"@type":"WebSite","@id":"https:\/\/www.maitri.pl\/#website","url":"https:\/\/www.maitri.pl\/","name":"Adopcja Serca Maitri \u2013 pomoc dzieciom w Afryce","description":"Adopcja Serca \u2013 adopcja na odleg\u0142o\u015b\u0107, pomoc Afryce, do\u017cywianie i edukacja w Afryce","publisher":{"@id":"https:\/\/www.maitri.pl\/#organization"},"potentialAction":[{"@type":"SearchAction","target":{"@type":"EntryPoint","urlTemplate":"https:\/\/www.maitri.pl\/?s={search_term_string}"},"query-input":{"@type":"PropertyValueSpecification","valueRequired":true,"valueName":"search_term_string"}}],"inLanguage":"fr-FR"},{"@type":"Organization","@id":"https:\/\/www.maitri.pl\/#organization","name":"Stowarzyszenie Ruchu Maitri","url":"https:\/\/www.maitri.pl\/","logo":{"@type":"ImageObject","inLanguage":"fr-FR","@id":"https:\/\/www.maitri.pl\/#\/schema\/logo\/image\/","url":"https:\/\/www.maitri.pl\/wp-content\/uploads\/2020\/04\/duze_logo-81.png","contentUrl":"https:\/\/www.maitri.pl\/wp-content\/uploads\/2020\/04\/duze_logo-81.png","width":339,"height":321,"caption":"Stowarzyszenie Ruchu Maitri"},"image":{"@id":"https:\/\/www.maitri.pl\/#\/schema\/logo\/image\/"},"sameAs":["https:\/\/www.facebook.com\/MAITRI.Adopcja.Serca.dzieci.Afryki\/"]}]}},"_links":{"self":[{"href":"https:\/\/www.maitri.pl\/fr\/wp-json\/wp\/v2\/product\/32641","targetHints":{"allow":["GET"]}}],"collection":[{"href":"https:\/\/www.maitri.pl\/fr\/wp-json\/wp\/v2\/product"}],"about":[{"href":"https:\/\/www.maitri.pl\/fr\/wp-json\/wp\/v2\/types\/product"}],"wp:featuredmedia":[{"embeddable":true,"href":"https:\/\/www.maitri.pl\/fr\/wp-json\/wp\/v2\/media\/32644"}],"wp:attachment":[{"href":"https:\/\/www.maitri.pl\/fr\/wp-json\/wp\/v2\/media?parent=32641"}],"wp:term":[{"taxonomy":"product_brand","embeddable":true,"href":"https:\/\/www.maitri.pl\/fr\/wp-json\/wp\/v2\/product_brand?post=32641"},{"taxonomy":"product_cat","embeddable":true,"href":"https:\/\/www.maitri.pl\/fr\/wp-json\/wp\/v2\/product_cat?post=32641"},{"taxonomy":"product_tag","embeddable":true,"href":"https:\/\/www.maitri.pl\/fr\/wp-json\/wp\/v2\/product_tag?post=32641"}],"curies":[{"name":"wp","href":"https:\/\/api.w.org\/{rel}","templated":true}]}}