{"id":32550,"date":"2025-01-03T09:48:42","date_gmt":"2025-01-03T08:48:42","guid":{"rendered":"https:\/\/www.maitri.pl\/?post_type=product&#038;p=32550"},"modified":"2025-01-31T20:21:25","modified_gmt":"2025-01-31T19:21:25","slug":"komputery-kamerun","status":"publish","type":"product","link":"https:\/\/www.maitri.pl\/fr\/projekt\/komputery-kamerun\/","title":{"rendered":"Komputery dla szko\u0142y w Dimako w Kamerunie &#8211; o wsparcie prosz\u0105 Karmelitanki"},"content":{"rendered":"<p><strong>Nauka na sprz\u0119cie sprzed 30 lat<\/strong><\/p>\n<p>Dimako to niewielkie miasteczko po\u0142o\u017cone na wschodzie Kamerunu. Od wielu lat dzia\u0142a tam misja Si\u00f3str Karmelitanek, za\u0142o\u017cona przez misjonarki z Polski. Siostry prowadz\u0105 tam m.in. O\u015brodek Zdrowia, kt\u00f3ry obs\u0142uguje ca\u0142\u0105 okolic\u0119, jak r\u00f3wnie\u017c Szko\u0142\u0119 Podstawow\u0105 i Przedszkole, do kt\u00f3rych \u0142\u0105cznie ucz\u0119szcza ok. 500 dzieci. Podczas niedawnej wizyty w Dimako zobaczyli\u015bmy, jak wygl\u0105da tamtejsza sala komputerowa. Zdali\u015bmy sobie spraw\u0119, \u017ce z powod\u00f3w braku sprz\u0119tu, w Dimako uczy si\u0119 raczej historii informatyki ni\u017c praktycznych umiej\u0119tno\u015bci, potrzebnych w obecnym \u015bwiecie. Postanowili\u015bmy pom\u00f3c im to zmieni\u0107 i st\u0105d zbi\u00f3rka sprz\u0119tu. Zakupione komputery b\u0119d\u0105 s\u0142u\u017cy\u0107 latami.<\/p>\n<h4>7 komputer\u00f3w na 230 uczni\u00f3w<\/h4>\n<p>Obecnie w szkole misyjnej w Dimako dzia\u0142a sala komputerowa. Maszyny, do kt\u00f3rych maj\u0105 dost\u0119p uczniowie to stary sprz\u0119t, kt\u00f3ry pracuje na przestarza\u0142ym systemie operacyjnym. Dodatkowo komputer\u00f3w jest bardzo niewiele. Warunki w sali komputerowej przypominaj\u0105 po\u0142ow\u0119 lat 90. i pierwsze lekcje informatyki w polskich szko\u0142ach. Dlatego zwracamy si\u0119 z pro\u015bb\u0105 o wsparcie finansowe inicjatywy zakupu komputer\u00f3w. Katolicka Szko\u0142a Podstawowa l\u2019Enfant Jesus w Dimako prosi o pomoc w celu zapewnienia niezawodnego szkolenia dla uczni\u00f3w. Uznali\u015bmy \u017ce nie wykorzystane \u015brodki z z przekazanego 1,5% podatku przeznaczymy w\u0142a\u015bnie na komputery w Dimako.<\/p>\n<h4>List od Siostry Elisabeth<\/h4>\n<p>\u00ab\u00a0W tym roku mamy 230 uczni\u00f3w i tylko 7 starych komputer\u00f3w stacjonarnych z systemem Windows 7, kt\u00f3re nie pozwalaj\u0105 nam ju\u017c dobrze pracowa\u0107 ze wzgl\u0119du na wiek sprz\u0119tu oraz program\u00f3w. Jak wszyscy wiemy, \u015bwiat technologii idzie naprz\u00f3d, zachodz\u0105 powa\u017cne zmiany dzi\u0119ki medialnemu przekazowi informacji. Dlatego zwracamy si\u0119 do Pa\u0144stwa z pro\u015bb\u0105 o pomoc w wyposa\u017ceniu naszej sali komputerowej w lepszy sprz\u0119t, aby nasi uczniowie mogli otrzyma\u0107 najlepsz\u0105 mo\u017cliw\u0105 edukacj\u0119.<br \/>\nDrodzy Darczy\u0144cy, czekamy na Wasz\u0105 przychyln\u0105 odpowied\u017a; Prosimy o przyj\u0119cie wyraz\u00f3w naszego g\u0142\u0119bokiego szacunku i szczerego przywi\u0105zania do stowarzyszenia MAITRI, kt\u00f3re nam pomaga. Niech Bo\u017ce b\u0142ogos\u0142awie\u0144stwo b\u0119dzie z wami.\u00a0\u00bb<\/p>\n<p>Elisabeth Carm\u00e9lite de l&rsquo;Enfant J\u00e9sus<\/p>\n<p><em>s. Elisabeth Niyonzima, <a href=\"http:\/\/www.karmelitanki.pl\/\" target=\"_blank\" rel=\"noopener noreferrer\">Zgromadzenie Si\u00f3str Karmelitanek Dzieci\u0105tka Jezus<\/a>,<\/em>\u00a0Dimako, <a href=\"https:\/\/www.maitri.pl\/gdzie-pomagamy\/\" target=\"_blank\" rel=\"noopener noreferrer\">Kamerun<\/a><\/p>\n<h4>Kosztorys:<\/h4>\n<p><img loading=\"lazy\" decoding=\"async\" class=\"alignnone wp-image-32551 size-full\" src=\"https:\/\/www.maitri.pl\/wp-content\/uploads\/2025\/01\/142-karml.png\" alt=\"\" width=\"959\" height=\"370\" srcset=\"https:\/\/www.maitri.pl\/wp-content\/uploads\/2025\/01\/142-karml.png 959w, https:\/\/www.maitri.pl\/wp-content\/uploads\/2025\/01\/142-karml-300x116.png 300w, https:\/\/www.maitri.pl\/wp-content\/uploads\/2025\/01\/142-karml-768x296.png 768w, https:\/\/www.maitri.pl\/wp-content\/uploads\/2025\/01\/142-karml-600x231.png 600w\" sizes=\"auto, (max-width: 959px) 100vw, 959px\" \/><\/p>\n<p><strong>Podsumowanie w miejscowej walucie: 4 490 000 frank\u00f3w CFA<\/strong><\/p>\n<p>Numer projektu:\u00a0<strong>142\/KARML<\/strong><\/p>\n<p style=\"text-align: justify;\"><span style=\"color: #ff0000;\"><span style=\"font-size: large;\"><b>Kwota projektu : 7 610 \u20ac<\/b><\/span><\/span><\/p>\n<p style=\"text-align: justify;\"><span style=\"font-size: large;\"><em><span style=\"color: #999999;\"><span style=\"font-size: medium;\">Stowarzyszenie Ruchu Maitri przeznacza do 10% otrzymanych \u015brodk\u00f3w na koszty funkcjonowania biura i pozyskiwanie funduszy pomocowych.<\/span><\/span><\/em><\/span><\/p>\n<h3 style=\"text-align: justify;\" align=\"JUSTIFY\"><span style=\"color: #808080;\">Komputery dla szko\u0142y w Dimako w Kamerunie &#8211; o wsparcie prosz\u0105 Karmelitanki<\/span><\/h3>\n<p>&nbsp;<\/p>\n<p>&nbsp;<\/p>\n","protected":false},"excerpt":{"rendered":"<p><strong>Projekt:\u00a0<\/strong> <em>s. Elisabeth Niyonzima, <a href=\"http:\/\/www.karmelitanki.pl\/\" target=\"_blank\" rel=\"noopener noreferrer\">Zgromadzenie Si\u00f3str Karmelitanek Dzieci\u0105tka Jezus<\/a><\/em><br \/>\n<strong>Misja:<\/strong> Dimako, <a href=\"https:\/\/www.maitri.pl\/gdzie-pomagamy\/\" target=\"_blank\" rel=\"noopener noreferrer\">Kamerun<\/a><br \/>\n<strong>Kwota projektu: <span style=\"color: #ff0000;\">\u00a07 610 \u20ac<\/span><\/strong><\/p>\n","protected":false},"featured_media":32560,"template":"","meta":[],"product_brand":[],"product_cat":[674],"product_tag":[675,658,790,1013,677],"class_list":{"0":"post-32550","1":"product","2":"type-product","3":"status-publish","4":"has-post-thumbnail","6":"product_cat-projekty-zrealizowane-w-biezacym-roku","7":"product_tag-dimako","8":"product_tag-kamerun","9":"product_tag-karmelitanki","10":"product_tag-siostra-elisabeth-niyonzima","11":"product_tag-zgromadzenie-siostr-karmelitanek-dzieciatka-jezus","13":"first","14":"instock","15":"virtual","16":"purchasable","17":"product-type-simple"},"yoast_head":"<!-- This site is optimized with the Yoast SEO plugin v27.2 - https:\/\/yoast.com\/product\/yoast-seo-wordpress\/ -->\n<title>Komputery dla szko\u0142y w Dimako w Kamerunie - o wsparcie prosz\u0105 Karmelitanki<\/title>\n<meta name=\"description\" content=\"Komputery dla szko\u0142y w Dimako w Kamerunie - o wsparcie prosz\u0105 Karmelitanki. Pom\u00f3\u017c zakupi\u0107 nowy sprz\u0119t do sali informatycznej w szkole podstawowej.\" \/>\n<meta name=\"robots\" content=\"index, follow, max-snippet:-1, max-image-preview:large, max-video-preview:-1\" \/>\n<link rel=\"canonical\" href=\"https:\/\/www.maitri.pl\/projekt\/komputery-kamerun\/\" \/>\n<meta property=\"og:locale\" content=\"fr_FR\" \/>\n<meta property=\"og:type\" content=\"article\" \/>\n<meta property=\"og:title\" content=\"Komputery dla szko\u0142y w Dimako w Kamerunie - o wsparcie prosz\u0105 Karmelitanki\" \/>\n<meta property=\"og:description\" content=\"Komputery dla szko\u0142y w Dimako w Kamerunie - o wsparcie prosz\u0105 Karmelitanki. Pom\u00f3\u017c zakupi\u0107 nowy sprz\u0119t do sali informatycznej w szkole podstawowej.\" \/>\n<meta property=\"og:url\" content=\"https:\/\/www.maitri.pl\/projekt\/komputery-kamerun\/\" \/>\n<meta property=\"og:site_name\" content=\"Ruch Maitri - Adopcja Serca pomoc Afryce\" \/>\n<meta property=\"article:publisher\" content=\"https:\/\/www.facebook.com\/MAITRI.Adopcja.Serca.dzieci.Afryki\/\" \/>\n<meta property=\"article:modified_time\" content=\"2025-01-31T19:21:25+00:00\" \/>\n<meta property=\"og:image\" content=\"https:\/\/www.maitri.pl\/wp-content\/uploads\/2025\/01\/20241108_121036.jpg\" \/>\n\t<meta property=\"og:image:width\" content=\"2000\" \/>\n\t<meta property=\"og:image:height\" content=\"1500\" \/>\n\t<meta property=\"og:image:type\" content=\"image\/jpeg\" \/>\n<meta name=\"twitter:card\" content=\"summary_large_image\" \/>\n<meta name=\"twitter:label1\" content=\"Dur\u00e9e de lecture estim\u00e9e\" \/>\n\t<meta name=\"twitter:data1\" content=\"3 minutes\" \/>\n<script type=\"application\/ld+json\" class=\"yoast-schema-graph\">{\"@context\":\"https:\/\/schema.org\",\"@graph\":[{\"@type\":\"WebPage\",\"@id\":\"https:\/\/www.maitri.pl\/projekt\/komputery-kamerun\/\",\"url\":\"https:\/\/www.maitri.pl\/projekt\/komputery-kamerun\/\",\"name\":\"Komputery dla szko\u0142y w Dimako w Kamerunie - o wsparcie prosz\u0105 Karmelitanki\",\"isPartOf\":{\"@id\":\"https:\/\/www.maitri.pl\/#website\"},\"primaryImageOfPage\":{\"@id\":\"https:\/\/www.maitri.pl\/projekt\/komputery-kamerun\/#primaryimage\"},\"image\":{\"@id\":\"https:\/\/www.maitri.pl\/projekt\/komputery-kamerun\/#primaryimage\"},\"thumbnailUrl\":\"https:\/\/www.maitri.pl\/wp-content\/uploads\/2025\/01\/20241108_121036.jpg\",\"datePublished\":\"2025-01-03T08:48:42+00:00\",\"dateModified\":\"2025-01-31T19:21:25+00:00\",\"description\":\"Komputery dla szko\u0142y w Dimako w Kamerunie - o wsparcie prosz\u0105 Karmelitanki. Pom\u00f3\u017c zakupi\u0107 nowy sprz\u0119t do sali informatycznej w szkole podstawowej.\",\"breadcrumb\":{\"@id\":\"https:\/\/www.maitri.pl\/projekt\/komputery-kamerun\/#breadcrumb\"},\"inLanguage\":\"fr-FR\",\"potentialAction\":[{\"@type\":\"ReadAction\",\"target\":[\"https:\/\/www.maitri.pl\/projekt\/komputery-kamerun\/\"]}]},{\"@type\":\"ImageObject\",\"inLanguage\":\"fr-FR\",\"@id\":\"https:\/\/www.maitri.pl\/projekt\/komputery-kamerun\/#primaryimage\",\"url\":\"https:\/\/www.maitri.pl\/wp-content\/uploads\/2025\/01\/20241108_121036.jpg\",\"contentUrl\":\"https:\/\/www.maitri.pl\/wp-content\/uploads\/2025\/01\/20241108_121036.jpg\",\"width\":2000,\"height\":1500,\"caption\":\"Komputery dla szko\u0142y w Dimako w Kamerunie - o wsparcie prosz\u0105 Karmelitanki pomoc Afryce pomoc ubogim Adopcja Serca Adopcja Duchowa ja\u0142mu\u017cna pomoc humanitarna komputery Kamerun 03\"},{\"@type\":\"BreadcrumbList\",\"@id\":\"https:\/\/www.maitri.pl\/projekt\/komputery-kamerun\/#breadcrumb\",\"itemListElement\":[{\"@type\":\"ListItem\",\"position\":1,\"name\":\"Strona g\u0142\u00f3wna\",\"item\":\"https:\/\/www.maitri.pl\/\"},{\"@type\":\"ListItem\",\"position\":2,\"name\":\"Sklep\",\"item\":\"https:\/\/www.maitri.pl\/sklep\/\"},{\"@type\":\"ListItem\",\"position\":3,\"name\":\"Komputery dla szko\u0142y w Dimako w Kamerunie &#8211; o wsparcie prosz\u0105 Karmelitanki\"}]},{\"@type\":\"WebSite\",\"@id\":\"https:\/\/www.maitri.pl\/#website\",\"url\":\"https:\/\/www.maitri.pl\/\",\"name\":\"Adopcja Serca Maitri \u2013 pomoc dzieciom w Afryce\",\"description\":\"Adopcja Serca \u2013 adopcja na odleg\u0142o\u015b\u0107, pomoc Afryce, do\u017cywianie i edukacja w Afryce\",\"publisher\":{\"@id\":\"https:\/\/www.maitri.pl\/#organization\"},\"potentialAction\":[{\"@type\":\"SearchAction\",\"target\":{\"@type\":\"EntryPoint\",\"urlTemplate\":\"https:\/\/www.maitri.pl\/?s={search_term_string}\"},\"query-input\":{\"@type\":\"PropertyValueSpecification\",\"valueRequired\":true,\"valueName\":\"search_term_string\"}}],\"inLanguage\":\"fr-FR\"},{\"@type\":\"Organization\",\"@id\":\"https:\/\/www.maitri.pl\/#organization\",\"name\":\"Stowarzyszenie Ruchu Maitri\",\"url\":\"https:\/\/www.maitri.pl\/\",\"logo\":{\"@type\":\"ImageObject\",\"inLanguage\":\"fr-FR\",\"@id\":\"https:\/\/www.maitri.pl\/#\/schema\/logo\/image\/\",\"url\":\"https:\/\/www.maitri.pl\/wp-content\/uploads\/2020\/04\/duze_logo-81.png\",\"contentUrl\":\"https:\/\/www.maitri.pl\/wp-content\/uploads\/2020\/04\/duze_logo-81.png\",\"width\":339,\"height\":321,\"caption\":\"Stowarzyszenie Ruchu Maitri\"},\"image\":{\"@id\":\"https:\/\/www.maitri.pl\/#\/schema\/logo\/image\/\"},\"sameAs\":[\"https:\/\/www.facebook.com\/MAITRI.Adopcja.Serca.dzieci.Afryki\/\"]}]}<\/script>\n<!-- \/ Yoast SEO plugin. -->","yoast_head_json":{"title":"Komputery dla szko\u0142y w Dimako w Kamerunie - o wsparcie prosz\u0105 Karmelitanki","description":"Komputery dla szko\u0142y w Dimako w Kamerunie - o wsparcie prosz\u0105 Karmelitanki. Pom\u00f3\u017c zakupi\u0107 nowy sprz\u0119t do sali informatycznej w szkole podstawowej.","robots":{"index":"index","follow":"follow","max-snippet":"max-snippet:-1","max-image-preview":"max-image-preview:large","max-video-preview":"max-video-preview:-1"},"canonical":"https:\/\/www.maitri.pl\/projekt\/komputery-kamerun\/","og_locale":"fr_FR","og_type":"article","og_title":"Komputery dla szko\u0142y w Dimako w Kamerunie - o wsparcie prosz\u0105 Karmelitanki","og_description":"Komputery dla szko\u0142y w Dimako w Kamerunie - o wsparcie prosz\u0105 Karmelitanki. Pom\u00f3\u017c zakupi\u0107 nowy sprz\u0119t do sali informatycznej w szkole podstawowej.","og_url":"https:\/\/www.maitri.pl\/projekt\/komputery-kamerun\/","og_site_name":"Ruch Maitri - Adopcja Serca pomoc Afryce","article_publisher":"https:\/\/www.facebook.com\/MAITRI.Adopcja.Serca.dzieci.Afryki\/","article_modified_time":"2025-01-31T19:21:25+00:00","og_image":[{"width":2000,"height":1500,"url":"https:\/\/www.maitri.pl\/wp-content\/uploads\/2025\/01\/20241108_121036.jpg","type":"image\/jpeg"}],"twitter_card":"summary_large_image","twitter_misc":{"Dur\u00e9e de lecture estim\u00e9e":"3 minutes"},"schema":{"@context":"https:\/\/schema.org","@graph":[{"@type":"WebPage","@id":"https:\/\/www.maitri.pl\/projekt\/komputery-kamerun\/","url":"https:\/\/www.maitri.pl\/projekt\/komputery-kamerun\/","name":"Komputery dla szko\u0142y w Dimako w Kamerunie - o wsparcie prosz\u0105 Karmelitanki","isPartOf":{"@id":"https:\/\/www.maitri.pl\/#website"},"primaryImageOfPage":{"@id":"https:\/\/www.maitri.pl\/projekt\/komputery-kamerun\/#primaryimage"},"image":{"@id":"https:\/\/www.maitri.pl\/projekt\/komputery-kamerun\/#primaryimage"},"thumbnailUrl":"https:\/\/www.maitri.pl\/wp-content\/uploads\/2025\/01\/20241108_121036.jpg","datePublished":"2025-01-03T08:48:42+00:00","dateModified":"2025-01-31T19:21:25+00:00","description":"Komputery dla szko\u0142y w Dimako w Kamerunie - o wsparcie prosz\u0105 Karmelitanki. Pom\u00f3\u017c zakupi\u0107 nowy sprz\u0119t do sali informatycznej w szkole podstawowej.","breadcrumb":{"@id":"https:\/\/www.maitri.pl\/projekt\/komputery-kamerun\/#breadcrumb"},"inLanguage":"fr-FR","potentialAction":[{"@type":"ReadAction","target":["https:\/\/www.maitri.pl\/projekt\/komputery-kamerun\/"]}]},{"@type":"ImageObject","inLanguage":"fr-FR","@id":"https:\/\/www.maitri.pl\/projekt\/komputery-kamerun\/#primaryimage","url":"https:\/\/www.maitri.pl\/wp-content\/uploads\/2025\/01\/20241108_121036.jpg","contentUrl":"https:\/\/www.maitri.pl\/wp-content\/uploads\/2025\/01\/20241108_121036.jpg","width":2000,"height":1500,"caption":"Komputery dla szko\u0142y w Dimako w Kamerunie - o wsparcie prosz\u0105 Karmelitanki pomoc Afryce pomoc ubogim Adopcja Serca Adopcja Duchowa ja\u0142mu\u017cna pomoc humanitarna komputery Kamerun 03"},{"@type":"BreadcrumbList","@id":"https:\/\/www.maitri.pl\/projekt\/komputery-kamerun\/#breadcrumb","itemListElement":[{"@type":"ListItem","position":1,"name":"Strona g\u0142\u00f3wna","item":"https:\/\/www.maitri.pl\/"},{"@type":"ListItem","position":2,"name":"Sklep","item":"https:\/\/www.maitri.pl\/sklep\/"},{"@type":"ListItem","position":3,"name":"Komputery dla szko\u0142y w Dimako w Kamerunie &#8211; o wsparcie prosz\u0105 Karmelitanki"}]},{"@type":"WebSite","@id":"https:\/\/www.maitri.pl\/#website","url":"https:\/\/www.maitri.pl\/","name":"Adopcja Serca Maitri \u2013 pomoc dzieciom w Afryce","description":"Adopcja Serca \u2013 adopcja na odleg\u0142o\u015b\u0107, pomoc Afryce, do\u017cywianie i edukacja w Afryce","publisher":{"@id":"https:\/\/www.maitri.pl\/#organization"},"potentialAction":[{"@type":"SearchAction","target":{"@type":"EntryPoint","urlTemplate":"https:\/\/www.maitri.pl\/?s={search_term_string}"},"query-input":{"@type":"PropertyValueSpecification","valueRequired":true,"valueName":"search_term_string"}}],"inLanguage":"fr-FR"},{"@type":"Organization","@id":"https:\/\/www.maitri.pl\/#organization","name":"Stowarzyszenie Ruchu Maitri","url":"https:\/\/www.maitri.pl\/","logo":{"@type":"ImageObject","inLanguage":"fr-FR","@id":"https:\/\/www.maitri.pl\/#\/schema\/logo\/image\/","url":"https:\/\/www.maitri.pl\/wp-content\/uploads\/2020\/04\/duze_logo-81.png","contentUrl":"https:\/\/www.maitri.pl\/wp-content\/uploads\/2020\/04\/duze_logo-81.png","width":339,"height":321,"caption":"Stowarzyszenie Ruchu Maitri"},"image":{"@id":"https:\/\/www.maitri.pl\/#\/schema\/logo\/image\/"},"sameAs":["https:\/\/www.facebook.com\/MAITRI.Adopcja.Serca.dzieci.Afryki\/"]}]}},"_links":{"self":[{"href":"https:\/\/www.maitri.pl\/fr\/wp-json\/wp\/v2\/product\/32550","targetHints":{"allow":["GET"]}}],"collection":[{"href":"https:\/\/www.maitri.pl\/fr\/wp-json\/wp\/v2\/product"}],"about":[{"href":"https:\/\/www.maitri.pl\/fr\/wp-json\/wp\/v2\/types\/product"}],"wp:featuredmedia":[{"embeddable":true,"href":"https:\/\/www.maitri.pl\/fr\/wp-json\/wp\/v2\/media\/32560"}],"wp:attachment":[{"href":"https:\/\/www.maitri.pl\/fr\/wp-json\/wp\/v2\/media?parent=32550"}],"wp:term":[{"taxonomy":"product_brand","embeddable":true,"href":"https:\/\/www.maitri.pl\/fr\/wp-json\/wp\/v2\/product_brand?post=32550"},{"taxonomy":"product_cat","embeddable":true,"href":"https:\/\/www.maitri.pl\/fr\/wp-json\/wp\/v2\/product_cat?post=32550"},{"taxonomy":"product_tag","embeddable":true,"href":"https:\/\/www.maitri.pl\/fr\/wp-json\/wp\/v2\/product_tag?post=32550"}],"curies":[{"name":"wp","href":"https:\/\/api.w.org\/{rel}","templated":true}]}}