{"id":32298,"date":"2024-11-04T17:45:24","date_gmt":"2024-11-04T16:45:24","guid":{"rendered":"https:\/\/www.maitri.pl\/?post_type=product&#038;p=32298"},"modified":"2025-03-31T14:12:25","modified_gmt":"2025-03-31T12:12:25","slug":"pomoc-zywnosciowa-kamerun","status":"publish","type":"product","link":"https:\/\/www.maitri.pl\/fr\/projekt\/pomoc-zywnosciowa-kamerun\/","title":{"rendered":"Pomoc \u017cywno\u015bciowa dla uczni\u00f3w z ubogich rodzin w Nkoum w Kamerunie"},"content":{"rendered":"<h4>Marzenia o pe\u0142nym talerzu<\/h4>\n<p>Kilka razy w tygodniu doje\u017cd\u017cam do szko\u0142y podstawowej \u015bw. Paw\u0142a w Nkoum. Dzi\u0119ki pracom, jakie podj\u0119li\u015bmy w ostatnich latach, do szko\u0142y przychodzi coraz wi\u0119cej dzieci. Tutaj zdobywaj\u0105 wykszta\u0142cenie na dobrym poziomie i mog\u0105 z \u0142atwo\u015bci\u0105 otrzyma\u0107 promocj\u0119 do szk\u00f3\u0142 \u015brednich jakie sobie wybior\u0105. Taka sytuacja cieszy serce, ale te\u017c i wymaga du\u017cego nak\u0142adu ekonomicznego. Staram si\u0119, aby te dzieci otrzymywa\u0142y codziennie po\u017cywienie, kt\u00f3rego cz\u0119sto nie maj\u0105 w domach, a pe\u0142ny talerz to ich marzenie. Pomoc \u017cywno\u015bciowa to dla nich wielki dar. One s\u0105 bardzo wdzi\u0119czne, przybiegaj\u0105 do mnie z daleka widz\u0105c jak podje\u017cd\u017cam do szko\u0142y. Warto dla nich si\u0119 stara\u0107, bo przedstawiaj\u0105 \u017cyw\u0105 Ewangeli\u0119, o kt\u00f3rej m\u00f3wi\u0142 sam Pan Jezus: pozw\u00f3lcie dzieciom przychodzi\u0107 do mnie.<\/p>\n<h4>Tam je si\u0119 tylko wieczorem<\/h4>\n<p>Dzieci, jak wsz\u0119dzie na wioskach, jedz\u0105 w domach tylko wieczorem. Czasami, w zale\u017cno\u015bci od domowej sytuacji, chodz\u0105 g\u0142odne przez kilka dni. Znam dobrze takie przypadki. Pracuj\u0105c z nimi pozna\u0142am ju\u017c \u015brodowisko i wiem, \u017ce wiele jest w\u015br\u00f3d nich sierot, p\u00f3\u0142sierot lub dzieci pochodz\u0105cych z bardzo licznych rodzin. Dlatego bardzo zale\u017cy mi na tym, by dzieci w trakcie godzin szkolnych mia\u0142y gor\u0105cy posi\u0142ek. Nasza pomoc \u017cywno\u015bciowa bywa skromna, ale nieodzowna. Podajemy im gor\u0105cy ry\u017c z odrobin\u0105 ryby lub sosem arachidowym. Marzeniem jest do\u0142o\u017cy\u0107 do tego cho\u0107 od czasu do czasu kawa\u0142ek mi\u0119ska, sprezentowa\u0107 cukierka lub kruche ciastko.<\/p>\n<h4>Brakuje funduszy na posi\u0142ki w szkole<\/h4>\n<p>Rodzice p\u0142ac\u0105c czesne pokrywaj\u0105 jak\u0105\u015b niewielk\u0105 cz\u0119\u015b\u0107 op\u0142at, czyli 4,5 \u20ac na rok. Reszt\u0119 musz\u0119 jako\u015b uzbiera\u0107. Ufam, \u017ce moi przyjaciele-dobroczy\u0144cy z <a href=\"https:\/\/www.maitri.pl\/projekt\/fundusz-dozywianie-glodujacych-dzieci-2\/\" target=\"_blank\" rel=\"noopener\">Maitri<\/a> pokryj\u0105 potrzebn\u0105 kwot\u0119. Pracuj\u0119 w najbardziej eksploatowanej cz\u0119\u015bci Kamerunu. St\u0105d wywo\u017cone s\u0105 przepi\u0119kne drzewa i inne cenne produkty jak z\u0142oto i diamenty. Niestety, ludzie pracuj\u0105 na roli w taki sam spos\u00f3b przed wiekami. Motyka i maczeta s\u0105 jedynymi narz\u0119dziami tej ci\u0119\u017ckiej pracy. Tak w\u0142a\u015bnie pracuje ludno\u015b\u0107 w Nkoum, id\u0105c na odleg\u0142e pola. Oni nie maj\u0105 udzia\u0142 w bogactwach kraju. Dlatego moja serdeczna pro\u015bba do Was o pomoc finansow\u0105 w zakupie \u017cywno\u015bci dla tych dzieci. Podaj\u0119 wi\u0119c cennik produkt\u00f3w, jakie kupuj\u0119 dla dzieci.<\/p>\n<p><img loading=\"lazy\" decoding=\"async\" class=\"alignnone wp-image-32300 size-full\" src=\"https:\/\/www.maitri.pl\/wp-content\/uploads\/2024\/11\/430-palls.png\" alt=\"\" width=\"959\" height=\"568\" srcset=\"https:\/\/www.maitri.pl\/wp-content\/uploads\/2024\/11\/430-palls.png 959w, https:\/\/www.maitri.pl\/wp-content\/uploads\/2024\/11\/430-palls-300x178.png 300w, https:\/\/www.maitri.pl\/wp-content\/uploads\/2024\/11\/430-palls-768x455.png 768w, https:\/\/www.maitri.pl\/wp-content\/uploads\/2024\/11\/430-palls-600x355.png 600w\" sizes=\"auto, (max-width: 959px) 100vw, 959px\" \/><\/p>\n<p>O pomoc prosi:<\/p>\n<p>Siostra Hanna Teresa Gnatowska, <a href=\"http:\/\/www.pallotynki.pl\/\" target=\"_blank\" rel=\"noopener noreferrer\">Zgromadzenie Si\u00f3str Misjonarek Apostolstwa Katolickiego<\/a>, Nkoum, <a href=\"https:\/\/www.maitri.pl\/gdzie-pomagamy\/\" target=\"_blank\" rel=\"noopener noreferrer\">Kamerun<\/a><\/p>\n<p style=\"text-align: justify;\" align=\"JUSTIFY\"><strong>Numer projektu 430\/PALLS<\/strong><\/p>\n<p style=\"text-align: justify;\" align=\"JUSTIFY\"><span style=\"color: #ff0000;\"><span style=\"font-size: large;\"><b>Kwota projektu: 3 330 \u20ac<br \/>\n<\/b><\/span><\/span><\/p>\n<p style=\"text-align: justify;\" align=\"JUSTIFY\"><span style=\"color: #808080;\">Stowarzyszenie Ruchu\u00a0<em>Maitri<\/em>\u00a0przeznacza do 10% otrzymanych \u015brodk\u00f3w na koszty funkcjonowania biura i pozyskiwanie funduszy pomocowych.<\/span><\/p>\n<h3 style=\"text-align: justify;\" align=\"JUSTIFY\"><span style=\"color: #808080;\">Pomoc \u017cywno\u015bciowa dla uczni\u00f3w z ubogich rodzin ze szko\u0142y podstawowej w Nkoum w Kamerunie<\/span><\/h3>\n","protected":false},"excerpt":{"rendered":"<p><strong>Projekt:\u00a0<\/strong> Siostra Hanna Teresa Gnatowska, <a href=\"http:\/\/www.pallotynki.pl\/\" target=\"_blank\" rel=\"noopener noreferrer\">Zgromadzenie Si\u00f3str Misjonarek Apostolstwa Katolickiego<\/a><br \/>\n<strong>Misja:<\/strong> Nkoum, <a href=\"https:\/\/www.maitri.pl\/gdzie-pomagamy\/\" target=\"_blank\" rel=\"noopener noreferrer\">Kamerun<\/a><br \/>\n<strong>Kwota projektu: <span style=\"color: #ff0000;\">3 330 \u20ac<\/span><\/strong><\/p>\n","protected":false},"featured_media":32303,"template":"","meta":[],"product_brand":[],"product_cat":[656],"product_tag":[658,776,847,913,689],"class_list":{"0":"post-32298","1":"product","2":"type-product","3":"status-publish","4":"has-post-thumbnail","6":"product_cat-bez-kategorii","7":"product_tag-kamerun","8":"product_tag-nkoum","9":"product_tag-pallotynki","10":"product_tag-siostra-hanna-teresa-gnatowska","11":"product_tag-zgromadzenie-siostr-misjonarek-apostolstwa-katolickiego","13":"first","14":"instock","15":"virtual","16":"purchasable","17":"product-type-simple"},"yoast_head":"<!-- This site is optimized with the Yoast SEO plugin v27.2 - https:\/\/yoast.com\/product\/yoast-seo-wordpress\/ -->\n<title>Pomoc \u017cywno\u015bciowa dla uczni\u00f3w z ubogich rodzin w Nkoum<\/title>\n<meta name=\"description\" content=\"Pomoc \u017cywno\u015bciowa dla uczni\u00f3w z ubogich rodzin ze szko\u0142y podstawowej w Nkoum w Kamerunie. O wsparcie prosz\u0105 Siostry Pallotynki. Ka\u017cda wp\u0142ata pomaga!\" \/>\n<meta name=\"robots\" content=\"index, follow, max-snippet:-1, max-image-preview:large, max-video-preview:-1\" \/>\n<link rel=\"canonical\" href=\"https:\/\/www.maitri.pl\/projekt\/pomoc-zywnosciowa-kamerun\/\" \/>\n<meta property=\"og:locale\" content=\"fr_FR\" \/>\n<meta property=\"og:type\" content=\"article\" \/>\n<meta property=\"og:title\" content=\"Pomoc \u017cywno\u015bciowa dla uczni\u00f3w z ubogich rodzin w Nkoum\" \/>\n<meta property=\"og:description\" content=\"Pomoc \u017cywno\u015bciowa dla uczni\u00f3w z ubogich rodzin ze szko\u0142y podstawowej w Nkoum w Kamerunie. O wsparcie prosz\u0105 Siostry Pallotynki. Ka\u017cda wp\u0142ata pomaga!\" \/>\n<meta property=\"og:url\" content=\"https:\/\/www.maitri.pl\/projekt\/pomoc-zywnosciowa-kamerun\/\" \/>\n<meta property=\"og:site_name\" content=\"Ruch Maitri - Adopcja Serca pomoc Afryce\" \/>\n<meta property=\"article:publisher\" content=\"https:\/\/www.facebook.com\/MAITRI.Adopcja.Serca.dzieci.Afryki\/\" \/>\n<meta property=\"article:modified_time\" content=\"2025-03-31T12:12:25+00:00\" \/>\n<meta property=\"og:image\" content=\"https:\/\/www.maitri.pl\/wp-content\/uploads\/2024\/11\/430-palls_1.jpeg\" \/>\n\t<meta property=\"og:image:width\" content=\"1600\" \/>\n\t<meta property=\"og:image:height\" content=\"1200\" \/>\n\t<meta property=\"og:image:type\" content=\"image\/jpeg\" \/>\n<meta name=\"twitter:card\" content=\"summary_large_image\" \/>\n<meta name=\"twitter:label1\" content=\"Dur\u00e9e de lecture estim\u00e9e\" \/>\n\t<meta name=\"twitter:data1\" content=\"3 minutes\" \/>\n<script type=\"application\/ld+json\" class=\"yoast-schema-graph\">{\"@context\":\"https:\/\/schema.org\",\"@graph\":[{\"@type\":\"WebPage\",\"@id\":\"https:\/\/www.maitri.pl\/projekt\/pomoc-zywnosciowa-kamerun\/\",\"url\":\"https:\/\/www.maitri.pl\/projekt\/pomoc-zywnosciowa-kamerun\/\",\"name\":\"Pomoc \u017cywno\u015bciowa dla uczni\u00f3w z ubogich rodzin w Nkoum\",\"isPartOf\":{\"@id\":\"https:\/\/www.maitri.pl\/#website\"},\"primaryImageOfPage\":{\"@id\":\"https:\/\/www.maitri.pl\/projekt\/pomoc-zywnosciowa-kamerun\/#primaryimage\"},\"image\":{\"@id\":\"https:\/\/www.maitri.pl\/projekt\/pomoc-zywnosciowa-kamerun\/#primaryimage\"},\"thumbnailUrl\":\"https:\/\/www.maitri.pl\/wp-content\/uploads\/2024\/11\/430-palls_1.jpeg\",\"datePublished\":\"2024-11-04T16:45:24+00:00\",\"dateModified\":\"2025-03-31T12:12:25+00:00\",\"description\":\"Pomoc \u017cywno\u015bciowa dla uczni\u00f3w z ubogich rodzin ze szko\u0142y podstawowej w Nkoum w Kamerunie. O wsparcie prosz\u0105 Siostry Pallotynki. Ka\u017cda wp\u0142ata pomaga!\",\"breadcrumb\":{\"@id\":\"https:\/\/www.maitri.pl\/projekt\/pomoc-zywnosciowa-kamerun\/#breadcrumb\"},\"inLanguage\":\"fr-FR\",\"potentialAction\":[{\"@type\":\"ReadAction\",\"target\":[\"https:\/\/www.maitri.pl\/projekt\/pomoc-zywnosciowa-kamerun\/\"]}]},{\"@type\":\"ImageObject\",\"inLanguage\":\"fr-FR\",\"@id\":\"https:\/\/www.maitri.pl\/projekt\/pomoc-zywnosciowa-kamerun\/#primaryimage\",\"url\":\"https:\/\/www.maitri.pl\/wp-content\/uploads\/2024\/11\/430-palls_1.jpeg\",\"contentUrl\":\"https:\/\/www.maitri.pl\/wp-content\/uploads\/2024\/11\/430-palls_1.jpeg\",\"width\":1600,\"height\":1200,\"caption\":\"Pomoc \u017cywno\u015bciowa dla uczni\u00f3w z ubogich rodzin w Nkoum pallotynki pomoc Afryce Maitri Adopcja Serca Adopcja duchowa ja\u0142mu\u017cna Kamerun 01\"},{\"@type\":\"BreadcrumbList\",\"@id\":\"https:\/\/www.maitri.pl\/projekt\/pomoc-zywnosciowa-kamerun\/#breadcrumb\",\"itemListElement\":[{\"@type\":\"ListItem\",\"position\":1,\"name\":\"Strona g\u0142\u00f3wna\",\"item\":\"https:\/\/www.maitri.pl\/\"},{\"@type\":\"ListItem\",\"position\":2,\"name\":\"Sklep\",\"item\":\"https:\/\/www.maitri.pl\/sklep\/\"},{\"@type\":\"ListItem\",\"position\":3,\"name\":\"Pomoc \u017cywno\u015bciowa dla uczni\u00f3w z ubogich rodzin w Nkoum w Kamerunie\"}]},{\"@type\":\"WebSite\",\"@id\":\"https:\/\/www.maitri.pl\/#website\",\"url\":\"https:\/\/www.maitri.pl\/\",\"name\":\"Adopcja Serca Maitri \u2013 pomoc dzieciom w Afryce\",\"description\":\"Adopcja Serca \u2013 adopcja na odleg\u0142o\u015b\u0107, pomoc Afryce, do\u017cywianie i edukacja w Afryce\",\"publisher\":{\"@id\":\"https:\/\/www.maitri.pl\/#organization\"},\"potentialAction\":[{\"@type\":\"SearchAction\",\"target\":{\"@type\":\"EntryPoint\",\"urlTemplate\":\"https:\/\/www.maitri.pl\/?s={search_term_string}\"},\"query-input\":{\"@type\":\"PropertyValueSpecification\",\"valueRequired\":true,\"valueName\":\"search_term_string\"}}],\"inLanguage\":\"fr-FR\"},{\"@type\":\"Organization\",\"@id\":\"https:\/\/www.maitri.pl\/#organization\",\"name\":\"Stowarzyszenie Ruchu Maitri\",\"url\":\"https:\/\/www.maitri.pl\/\",\"logo\":{\"@type\":\"ImageObject\",\"inLanguage\":\"fr-FR\",\"@id\":\"https:\/\/www.maitri.pl\/#\/schema\/logo\/image\/\",\"url\":\"https:\/\/www.maitri.pl\/wp-content\/uploads\/2020\/04\/duze_logo-81.png\",\"contentUrl\":\"https:\/\/www.maitri.pl\/wp-content\/uploads\/2020\/04\/duze_logo-81.png\",\"width\":339,\"height\":321,\"caption\":\"Stowarzyszenie Ruchu Maitri\"},\"image\":{\"@id\":\"https:\/\/www.maitri.pl\/#\/schema\/logo\/image\/\"},\"sameAs\":[\"https:\/\/www.facebook.com\/MAITRI.Adopcja.Serca.dzieci.Afryki\/\"]}]}<\/script>\n<!-- \/ Yoast SEO plugin. -->","yoast_head_json":{"title":"Pomoc \u017cywno\u015bciowa dla uczni\u00f3w z ubogich rodzin w Nkoum","description":"Pomoc \u017cywno\u015bciowa dla uczni\u00f3w z ubogich rodzin ze szko\u0142y podstawowej w Nkoum w Kamerunie. O wsparcie prosz\u0105 Siostry Pallotynki. Ka\u017cda wp\u0142ata pomaga!","robots":{"index":"index","follow":"follow","max-snippet":"max-snippet:-1","max-image-preview":"max-image-preview:large","max-video-preview":"max-video-preview:-1"},"canonical":"https:\/\/www.maitri.pl\/projekt\/pomoc-zywnosciowa-kamerun\/","og_locale":"fr_FR","og_type":"article","og_title":"Pomoc \u017cywno\u015bciowa dla uczni\u00f3w z ubogich rodzin w Nkoum","og_description":"Pomoc \u017cywno\u015bciowa dla uczni\u00f3w z ubogich rodzin ze szko\u0142y podstawowej w Nkoum w Kamerunie. O wsparcie prosz\u0105 Siostry Pallotynki. Ka\u017cda wp\u0142ata pomaga!","og_url":"https:\/\/www.maitri.pl\/projekt\/pomoc-zywnosciowa-kamerun\/","og_site_name":"Ruch Maitri - Adopcja Serca pomoc Afryce","article_publisher":"https:\/\/www.facebook.com\/MAITRI.Adopcja.Serca.dzieci.Afryki\/","article_modified_time":"2025-03-31T12:12:25+00:00","og_image":[{"width":1600,"height":1200,"url":"https:\/\/www.maitri.pl\/wp-content\/uploads\/2024\/11\/430-palls_1.jpeg","type":"image\/jpeg"}],"twitter_card":"summary_large_image","twitter_misc":{"Dur\u00e9e de lecture estim\u00e9e":"3 minutes"},"schema":{"@context":"https:\/\/schema.org","@graph":[{"@type":"WebPage","@id":"https:\/\/www.maitri.pl\/projekt\/pomoc-zywnosciowa-kamerun\/","url":"https:\/\/www.maitri.pl\/projekt\/pomoc-zywnosciowa-kamerun\/","name":"Pomoc \u017cywno\u015bciowa dla uczni\u00f3w z ubogich rodzin w Nkoum","isPartOf":{"@id":"https:\/\/www.maitri.pl\/#website"},"primaryImageOfPage":{"@id":"https:\/\/www.maitri.pl\/projekt\/pomoc-zywnosciowa-kamerun\/#primaryimage"},"image":{"@id":"https:\/\/www.maitri.pl\/projekt\/pomoc-zywnosciowa-kamerun\/#primaryimage"},"thumbnailUrl":"https:\/\/www.maitri.pl\/wp-content\/uploads\/2024\/11\/430-palls_1.jpeg","datePublished":"2024-11-04T16:45:24+00:00","dateModified":"2025-03-31T12:12:25+00:00","description":"Pomoc \u017cywno\u015bciowa dla uczni\u00f3w z ubogich rodzin ze szko\u0142y podstawowej w Nkoum w Kamerunie. O wsparcie prosz\u0105 Siostry Pallotynki. Ka\u017cda wp\u0142ata pomaga!","breadcrumb":{"@id":"https:\/\/www.maitri.pl\/projekt\/pomoc-zywnosciowa-kamerun\/#breadcrumb"},"inLanguage":"fr-FR","potentialAction":[{"@type":"ReadAction","target":["https:\/\/www.maitri.pl\/projekt\/pomoc-zywnosciowa-kamerun\/"]}]},{"@type":"ImageObject","inLanguage":"fr-FR","@id":"https:\/\/www.maitri.pl\/projekt\/pomoc-zywnosciowa-kamerun\/#primaryimage","url":"https:\/\/www.maitri.pl\/wp-content\/uploads\/2024\/11\/430-palls_1.jpeg","contentUrl":"https:\/\/www.maitri.pl\/wp-content\/uploads\/2024\/11\/430-palls_1.jpeg","width":1600,"height":1200,"caption":"Pomoc \u017cywno\u015bciowa dla uczni\u00f3w z ubogich rodzin w Nkoum pallotynki pomoc Afryce Maitri Adopcja Serca Adopcja duchowa ja\u0142mu\u017cna Kamerun 01"},{"@type":"BreadcrumbList","@id":"https:\/\/www.maitri.pl\/projekt\/pomoc-zywnosciowa-kamerun\/#breadcrumb","itemListElement":[{"@type":"ListItem","position":1,"name":"Strona g\u0142\u00f3wna","item":"https:\/\/www.maitri.pl\/"},{"@type":"ListItem","position":2,"name":"Sklep","item":"https:\/\/www.maitri.pl\/sklep\/"},{"@type":"ListItem","position":3,"name":"Pomoc \u017cywno\u015bciowa dla uczni\u00f3w z ubogich rodzin w Nkoum w Kamerunie"}]},{"@type":"WebSite","@id":"https:\/\/www.maitri.pl\/#website","url":"https:\/\/www.maitri.pl\/","name":"Adopcja Serca Maitri \u2013 pomoc dzieciom w Afryce","description":"Adopcja Serca \u2013 adopcja na odleg\u0142o\u015b\u0107, pomoc Afryce, do\u017cywianie i edukacja w Afryce","publisher":{"@id":"https:\/\/www.maitri.pl\/#organization"},"potentialAction":[{"@type":"SearchAction","target":{"@type":"EntryPoint","urlTemplate":"https:\/\/www.maitri.pl\/?s={search_term_string}"},"query-input":{"@type":"PropertyValueSpecification","valueRequired":true,"valueName":"search_term_string"}}],"inLanguage":"fr-FR"},{"@type":"Organization","@id":"https:\/\/www.maitri.pl\/#organization","name":"Stowarzyszenie Ruchu Maitri","url":"https:\/\/www.maitri.pl\/","logo":{"@type":"ImageObject","inLanguage":"fr-FR","@id":"https:\/\/www.maitri.pl\/#\/schema\/logo\/image\/","url":"https:\/\/www.maitri.pl\/wp-content\/uploads\/2020\/04\/duze_logo-81.png","contentUrl":"https:\/\/www.maitri.pl\/wp-content\/uploads\/2020\/04\/duze_logo-81.png","width":339,"height":321,"caption":"Stowarzyszenie Ruchu Maitri"},"image":{"@id":"https:\/\/www.maitri.pl\/#\/schema\/logo\/image\/"},"sameAs":["https:\/\/www.facebook.com\/MAITRI.Adopcja.Serca.dzieci.Afryki\/"]}]}},"_links":{"self":[{"href":"https:\/\/www.maitri.pl\/fr\/wp-json\/wp\/v2\/product\/32298","targetHints":{"allow":["GET"]}}],"collection":[{"href":"https:\/\/www.maitri.pl\/fr\/wp-json\/wp\/v2\/product"}],"about":[{"href":"https:\/\/www.maitri.pl\/fr\/wp-json\/wp\/v2\/types\/product"}],"wp:featuredmedia":[{"embeddable":true,"href":"https:\/\/www.maitri.pl\/fr\/wp-json\/wp\/v2\/media\/32303"}],"wp:attachment":[{"href":"https:\/\/www.maitri.pl\/fr\/wp-json\/wp\/v2\/media?parent=32298"}],"wp:term":[{"taxonomy":"product_brand","embeddable":true,"href":"https:\/\/www.maitri.pl\/fr\/wp-json\/wp\/v2\/product_brand?post=32298"},{"taxonomy":"product_cat","embeddable":true,"href":"https:\/\/www.maitri.pl\/fr\/wp-json\/wp\/v2\/product_cat?post=32298"},{"taxonomy":"product_tag","embeddable":true,"href":"https:\/\/www.maitri.pl\/fr\/wp-json\/wp\/v2\/product_tag?post=32298"}],"curies":[{"name":"wp","href":"https:\/\/api.w.org\/{rel}","templated":true}]}}