{"id":32294,"date":"2024-11-04T19:09:25","date_gmt":"2024-11-04T18:09:25","guid":{"rendered":"https:\/\/www.maitri.pl\/?post_type=product&#038;p=32294"},"modified":"2025-03-31T14:12:13","modified_gmt":"2025-03-31T12:12:13","slug":"pomoc-swiateczna-kamerun-2","status":"publish","type":"product","link":"https:\/\/www.maitri.pl\/fr\/projekt\/pomoc-swiateczna-kamerun-2\/","title":{"rendered":"Pomoc \u015bwi\u0105teczna i do\u017cywianie 200 dzieci w przedszkolu w Doume w Kamerunie"},"content":{"rendered":"<h4>G\u0142odnych nakarmi\u0107&#8230;<\/h4>\n<p>\u201eWY DAJCIE IM JE\u015a\u0106\u201d \u2013 to s\u0142owa samego Pana Jezusa skierowane do Jego uczni\u00f3w. Dzisiaj my misjonarze chcemy by\u0107 przed\u0142u\u017ceniem Jego r\u0105k i te\u017c wspom\u00f3c maluchy w do\u017cywianiu. Jak wszyscy mo\u017cemy sobie wyobrazi\u0107, kwestia do\u017cywiania w przedszkolu jest zawsze aktualna, a wr\u0119cz konieczny. Dzieci w domach jedz\u0105 tylko raz dziennie, zwykle wieczorem. Rano przychodz\u0105 do przedszkola g\u0142odne, bez zjedzonego \u015bniadania. Rodzice albo co rano id\u0105 na pola, albo nawet zostaj\u0105 tam na par\u0119 dni w zale\u017cno\u015bci od sezonu. Rodzice pracuj\u0105 na polach bardzo oddalonych, wi\u0119c nie s\u0105 w stanie przychodzi\u0107 i ugotowa\u0107 co\u015b w ci\u0105gu dnia. W tej sytuacji potrzebne jest do\u017cywianie i pomoc \u015bwi\u0105teczna dla dzieci w przedszkolu w Doume.<\/p>\n<h4>Przykro patrze\u0107 na g\u0142odne dzieci<\/h4>\n<p>W przedszkolu maluchy przebywaj\u0105 od 7:30 do 15:00 po po\u0142udniu. W ci\u0105gu tak d\u0142ugiego czasu przykro jest patrze\u0107 na to, \u017ce nie mia\u0142yby co zje\u015b\u0107. Chodzi g\u0142\u00f3wnie o ciep\u0142\u0105 straw\u0119 oraz ma\u0142y cukierek czy ciasteczko. Nadto prosz\u0119 o wsparcie dla najubo\u017cszych dzieci, kt\u00f3re wspieram w czasie \u015awiat Bo\u017cego Narodzenia. Kupujemy im \u015bwi\u0105teczne ubranka i drobn\u0105 zabawk\u0119 oraz robimy paczki, tak by mog\u0142y si\u0119 cieszy\u0107 jak inne dzieci. Pomoc \u015bwi\u0105teczna raduje ich serca, cho\u0107 pochodz\u0105 z najbiedniejszych rodzin, kt\u00f3re \u017cyj\u0105 w niewyobra\u017calnej biedzie.<\/p>\n<h4>Pomoc \u015bwi\u0105teczna dla najbiedniejszych<\/h4>\n<p>Co roku organizuj\u0119 Chrzest \u015awi\u0119ty w przedszkolu. G\u0142\u00f3wnie chodzi mi o to, by maluchy, kt\u00f3re s\u0105 zaniedbane przez rodzic\u00f3w, mia\u0142y szans\u0119 sta\u0107 si\u0119 dzie\u0107mi Bo\u017cymi poprzez ten sakrament. Z tej okazji pomagam tak\u017ce dzieciom najbardziej zaniedbanym oraz z wielodzietnych rodzin. Trzeci problem to konieczno\u015b\u0107 zakupu specjalnych myde\u0142 dla dzieci, co maj\u0105 \u0142uszczyc\u0119, kt\u00f3ra z \u0142atwo\u015bci\u0105 przenosi si\u0119 na inne dzieci. Uwa\u017cam ten problem za pilny i wa\u017cny w przedszkolu\u00a0 i bardzo prosz\u0119 o \u015brodki na ten cel.<\/p>\n<h4>Tam si\u0119 nie przelewa&#8230;<\/h4>\n<p>Region wschodni Kamerunu jest regionem najubo\u017cszym, gdzie ludno\u015b\u0107 \u017cyje z pracy r\u0105k uprawiaj\u0105c pola. Odleg\u0142o\u015bci s\u0105 wielokilometrowe. Dlatego jak rodzice id\u0105 na pola, to czasem na ca\u0142y tydzie\u0144, zostawiaj\u0105c maluchy pod opiek\u0105 starszych dzieci lub schorowanych dziadk\u00f3w. Z wielk\u0105 wdzi\u0119czno\u015bci\u0105 dzi\u0119kuj\u0119 za ka\u017cd\u0105 otrzyman\u0105 <a href=\"https:\/\/www.maitri.pl\/projekt\/fundusz-dozywianie-glodujacych-dzieci-2\/\" target=\"_blank\" rel=\"noopener\">pomoc<\/a>. Dzi\u0119kuj\u0119 ka\u017cdemu, kto pomaga naszym maluchom w ich codziennym do\u017cywianiu. Przesy\u0142am wiele modlitw zanoszonych przez nasze dzieci ka\u017cdego dnia za Was, niech B\u00f3g Wam b\u0142ogos\u0142awi i wspiera w waszych codziennych trudach.<\/p>\n<p><em>Siostra Fabiana Leitgbeer, <a href=\"http:\/\/www.u-pallotynek.pl\/\" target=\"_blank\" rel=\"noopener\">Zgromadzenie Si\u00f3str Misjonarek Apostolstwa Katolickiego<\/a><\/em><\/p>\n<p><b style=\"font-size: large; color: #ff0000;\">Kwota: 6 360 \u20ac <\/b><\/p>\n<p style=\"text-align: justify;\"><strong>Podsumowanie w miejscowej walucie &#8211; 3 677 000 frank\u00f3w CFA<\/strong><\/p>\n<p style=\"text-align: justify;\" align=\"JUSTIFY\"><span style=\"color: #808080;\">Stowarzyszenie Ruchu\u00a0<em>Maitri<\/em> przeznacza do 10% otrzymanych \u015brodk\u00f3w na koszty funkcjonowania biura i pozyskiwanie funduszy pomocowych. <\/span><\/p>\n<h3 style=\"text-align: justify;\" align=\"JUSTIFY\"><span style=\"color: #808080;\">Pomoc \u015bwi\u0105teczna i do\u017cywianie 200 dzieci w przedszkolu w Doume w Kamerunie &#8211; pallotynki<\/span><\/h3>\n","protected":false},"excerpt":{"rendered":"<p><strong>Projekt:<\/strong> Siostra Fabiana Leitgeber, <a href=\"http:\/\/www.u-pallotynek.pl\/\" target=\"_blank\" rel=\"noopener\">Zgromadzenie Si\u00f3str Misjonarek Apostolstwa Katolickiego<\/a><br \/>\n<strong>Misja:<\/strong> Doume, <a href=\"https:\/\/www.maitri.pl\/gdzie-pomagamy\/\" target=\"_blank\" rel=\"noopener noreferrer\">Kamerun<\/a><br \/>\n<strong>Zbierana kwota:<\/strong> <span style=\"color: #ff0000;\"><strong>6360 \u20ac<\/strong><\/span><\/p>\n","protected":false},"featured_media":32318,"template":"","meta":[],"product_brand":[],"product_cat":[656],"product_tag":[687,658,847,867,689],"class_list":{"0":"post-32294","1":"product","2":"type-product","3":"status-publish","4":"has-post-thumbnail","6":"product_cat-bez-kategorii","7":"product_tag-doume","8":"product_tag-kamerun","9":"product_tag-pallotynki","10":"product_tag-siostra-fabiana-leitgeber","11":"product_tag-zgromadzenie-siostr-misjonarek-apostolstwa-katolickiego","13":"first","14":"instock","15":"virtual","16":"purchasable","17":"product-type-simple"},"yoast_head":"<!-- This site is optimized with the Yoast SEO plugin v27.2 - https:\/\/yoast.com\/product\/yoast-seo-wordpress\/ -->\n<title>Pomoc \u015bwi\u0105teczna i do\u017cywianie 200 dzieci w przedszkolu w Doume<\/title>\n<meta name=\"description\" content=\"Pomoc \u015bwi\u0105teczna i do\u017cywianie 200 dzieci w przedszkolu w Doume w Kamerunie. O wsparcie prosz\u0105 Siostry Pallotynki. Ka\u017cda wp\u0142ata pomaga!\" \/>\n<meta name=\"robots\" content=\"index, follow, max-snippet:-1, max-image-preview:large, max-video-preview:-1\" \/>\n<link rel=\"canonical\" href=\"https:\/\/www.maitri.pl\/projekt\/pomoc-swiateczna-kamerun-2\/\" \/>\n<meta property=\"og:locale\" content=\"fr_FR\" \/>\n<meta property=\"og:type\" content=\"article\" \/>\n<meta property=\"og:title\" content=\"Pomoc \u015bwi\u0105teczna i do\u017cywianie 200 dzieci w przedszkolu w Doume\" \/>\n<meta property=\"og:description\" content=\"Pomoc \u015bwi\u0105teczna i do\u017cywianie 200 dzieci w przedszkolu w Doume w Kamerunie. O wsparcie prosz\u0105 Siostry Pallotynki. Ka\u017cda wp\u0142ata pomaga!\" \/>\n<meta property=\"og:url\" content=\"https:\/\/www.maitri.pl\/projekt\/pomoc-swiateczna-kamerun-2\/\" \/>\n<meta property=\"og:site_name\" content=\"Ruch Maitri - Adopcja Serca pomoc Afryce\" \/>\n<meta property=\"article:publisher\" content=\"https:\/\/www.facebook.com\/MAITRI.Adopcja.Serca.dzieci.Afryki\/\" \/>\n<meta property=\"article:modified_time\" content=\"2025-03-31T12:12:13+00:00\" \/>\n<meta property=\"og:image\" content=\"https:\/\/www.maitri.pl\/wp-content\/uploads\/2024\/11\/doume-2021-02-rotated.jpeg\" \/>\n\t<meta property=\"og:image:width\" content=\"1080\" \/>\n\t<meta property=\"og:image:height\" content=\"810\" \/>\n\t<meta property=\"og:image:type\" content=\"image\/jpeg\" \/>\n<meta name=\"twitter:card\" content=\"summary_large_image\" \/>\n<meta name=\"twitter:label1\" content=\"Dur\u00e9e de lecture estim\u00e9e\" \/>\n\t<meta name=\"twitter:data1\" content=\"3 minutes\" \/>\n<script type=\"application\/ld+json\" class=\"yoast-schema-graph\">{\"@context\":\"https:\/\/schema.org\",\"@graph\":[{\"@type\":\"WebPage\",\"@id\":\"https:\/\/www.maitri.pl\/projekt\/pomoc-swiateczna-kamerun-2\/\",\"url\":\"https:\/\/www.maitri.pl\/projekt\/pomoc-swiateczna-kamerun-2\/\",\"name\":\"Pomoc \u015bwi\u0105teczna i do\u017cywianie 200 dzieci w przedszkolu w Doume\",\"isPartOf\":{\"@id\":\"https:\/\/www.maitri.pl\/#website\"},\"primaryImageOfPage\":{\"@id\":\"https:\/\/www.maitri.pl\/projekt\/pomoc-swiateczna-kamerun-2\/#primaryimage\"},\"image\":{\"@id\":\"https:\/\/www.maitri.pl\/projekt\/pomoc-swiateczna-kamerun-2\/#primaryimage\"},\"thumbnailUrl\":\"https:\/\/www.maitri.pl\/wp-content\/uploads\/2024\/11\/doume-2021-02-rotated.jpeg\",\"datePublished\":\"2024-11-04T18:09:25+00:00\",\"dateModified\":\"2025-03-31T12:12:13+00:00\",\"description\":\"Pomoc \u015bwi\u0105teczna i do\u017cywianie 200 dzieci w przedszkolu w Doume w Kamerunie. O wsparcie prosz\u0105 Siostry Pallotynki. Ka\u017cda wp\u0142ata pomaga!\",\"breadcrumb\":{\"@id\":\"https:\/\/www.maitri.pl\/projekt\/pomoc-swiateczna-kamerun-2\/#breadcrumb\"},\"inLanguage\":\"fr-FR\",\"potentialAction\":[{\"@type\":\"ReadAction\",\"target\":[\"https:\/\/www.maitri.pl\/projekt\/pomoc-swiateczna-kamerun-2\/\"]}]},{\"@type\":\"ImageObject\",\"inLanguage\":\"fr-FR\",\"@id\":\"https:\/\/www.maitri.pl\/projekt\/pomoc-swiateczna-kamerun-2\/#primaryimage\",\"url\":\"https:\/\/www.maitri.pl\/wp-content\/uploads\/2024\/11\/doume-2021-02-rotated.jpeg\",\"contentUrl\":\"https:\/\/www.maitri.pl\/wp-content\/uploads\/2024\/11\/doume-2021-02-rotated.jpeg\",\"width\":1080,\"height\":810,\"caption\":\"Pomoc \u015bwi\u0105teczna i do\u017cywianie 200 dzieci w przedszkolu w Doume w Kamerunie - pallotynki 01 Maitri Adopcja Serca pomoc Afryce pomoc ubogim ja\u0142mu\u017cna Adopcja duchowa Kamerun 6\"},{\"@type\":\"BreadcrumbList\",\"@id\":\"https:\/\/www.maitri.pl\/projekt\/pomoc-swiateczna-kamerun-2\/#breadcrumb\",\"itemListElement\":[{\"@type\":\"ListItem\",\"position\":1,\"name\":\"Strona g\u0142\u00f3wna\",\"item\":\"https:\/\/www.maitri.pl\/\"},{\"@type\":\"ListItem\",\"position\":2,\"name\":\"Sklep\",\"item\":\"https:\/\/www.maitri.pl\/sklep\/\"},{\"@type\":\"ListItem\",\"position\":3,\"name\":\"Pomoc \u015bwi\u0105teczna i do\u017cywianie 200 dzieci w przedszkolu w Doume w Kamerunie\"}]},{\"@type\":\"WebSite\",\"@id\":\"https:\/\/www.maitri.pl\/#website\",\"url\":\"https:\/\/www.maitri.pl\/\",\"name\":\"Adopcja Serca Maitri \u2013 pomoc dzieciom w Afryce\",\"description\":\"Adopcja Serca \u2013 adopcja na odleg\u0142o\u015b\u0107, pomoc Afryce, do\u017cywianie i edukacja w Afryce\",\"publisher\":{\"@id\":\"https:\/\/www.maitri.pl\/#organization\"},\"potentialAction\":[{\"@type\":\"SearchAction\",\"target\":{\"@type\":\"EntryPoint\",\"urlTemplate\":\"https:\/\/www.maitri.pl\/?s={search_term_string}\"},\"query-input\":{\"@type\":\"PropertyValueSpecification\",\"valueRequired\":true,\"valueName\":\"search_term_string\"}}],\"inLanguage\":\"fr-FR\"},{\"@type\":\"Organization\",\"@id\":\"https:\/\/www.maitri.pl\/#organization\",\"name\":\"Stowarzyszenie Ruchu Maitri\",\"url\":\"https:\/\/www.maitri.pl\/\",\"logo\":{\"@type\":\"ImageObject\",\"inLanguage\":\"fr-FR\",\"@id\":\"https:\/\/www.maitri.pl\/#\/schema\/logo\/image\/\",\"url\":\"https:\/\/www.maitri.pl\/wp-content\/uploads\/2020\/04\/duze_logo-81.png\",\"contentUrl\":\"https:\/\/www.maitri.pl\/wp-content\/uploads\/2020\/04\/duze_logo-81.png\",\"width\":339,\"height\":321,\"caption\":\"Stowarzyszenie Ruchu Maitri\"},\"image\":{\"@id\":\"https:\/\/www.maitri.pl\/#\/schema\/logo\/image\/\"},\"sameAs\":[\"https:\/\/www.facebook.com\/MAITRI.Adopcja.Serca.dzieci.Afryki\/\"]}]}<\/script>\n<!-- \/ Yoast SEO plugin. -->","yoast_head_json":{"title":"Pomoc \u015bwi\u0105teczna i do\u017cywianie 200 dzieci w przedszkolu w Doume","description":"Pomoc \u015bwi\u0105teczna i do\u017cywianie 200 dzieci w przedszkolu w Doume w Kamerunie. O wsparcie prosz\u0105 Siostry Pallotynki. Ka\u017cda wp\u0142ata pomaga!","robots":{"index":"index","follow":"follow","max-snippet":"max-snippet:-1","max-image-preview":"max-image-preview:large","max-video-preview":"max-video-preview:-1"},"canonical":"https:\/\/www.maitri.pl\/projekt\/pomoc-swiateczna-kamerun-2\/","og_locale":"fr_FR","og_type":"article","og_title":"Pomoc \u015bwi\u0105teczna i do\u017cywianie 200 dzieci w przedszkolu w Doume","og_description":"Pomoc \u015bwi\u0105teczna i do\u017cywianie 200 dzieci w przedszkolu w Doume w Kamerunie. O wsparcie prosz\u0105 Siostry Pallotynki. Ka\u017cda wp\u0142ata pomaga!","og_url":"https:\/\/www.maitri.pl\/projekt\/pomoc-swiateczna-kamerun-2\/","og_site_name":"Ruch Maitri - Adopcja Serca pomoc Afryce","article_publisher":"https:\/\/www.facebook.com\/MAITRI.Adopcja.Serca.dzieci.Afryki\/","article_modified_time":"2025-03-31T12:12:13+00:00","og_image":[{"width":1080,"height":810,"url":"https:\/\/www.maitri.pl\/wp-content\/uploads\/2024\/11\/doume-2021-02-rotated.jpeg","type":"image\/jpeg"}],"twitter_card":"summary_large_image","twitter_misc":{"Dur\u00e9e de lecture estim\u00e9e":"3 minutes"},"schema":{"@context":"https:\/\/schema.org","@graph":[{"@type":"WebPage","@id":"https:\/\/www.maitri.pl\/projekt\/pomoc-swiateczna-kamerun-2\/","url":"https:\/\/www.maitri.pl\/projekt\/pomoc-swiateczna-kamerun-2\/","name":"Pomoc \u015bwi\u0105teczna i do\u017cywianie 200 dzieci w przedszkolu w Doume","isPartOf":{"@id":"https:\/\/www.maitri.pl\/#website"},"primaryImageOfPage":{"@id":"https:\/\/www.maitri.pl\/projekt\/pomoc-swiateczna-kamerun-2\/#primaryimage"},"image":{"@id":"https:\/\/www.maitri.pl\/projekt\/pomoc-swiateczna-kamerun-2\/#primaryimage"},"thumbnailUrl":"https:\/\/www.maitri.pl\/wp-content\/uploads\/2024\/11\/doume-2021-02-rotated.jpeg","datePublished":"2024-11-04T18:09:25+00:00","dateModified":"2025-03-31T12:12:13+00:00","description":"Pomoc \u015bwi\u0105teczna i do\u017cywianie 200 dzieci w przedszkolu w Doume w Kamerunie. O wsparcie prosz\u0105 Siostry Pallotynki. Ka\u017cda wp\u0142ata pomaga!","breadcrumb":{"@id":"https:\/\/www.maitri.pl\/projekt\/pomoc-swiateczna-kamerun-2\/#breadcrumb"},"inLanguage":"fr-FR","potentialAction":[{"@type":"ReadAction","target":["https:\/\/www.maitri.pl\/projekt\/pomoc-swiateczna-kamerun-2\/"]}]},{"@type":"ImageObject","inLanguage":"fr-FR","@id":"https:\/\/www.maitri.pl\/projekt\/pomoc-swiateczna-kamerun-2\/#primaryimage","url":"https:\/\/www.maitri.pl\/wp-content\/uploads\/2024\/11\/doume-2021-02-rotated.jpeg","contentUrl":"https:\/\/www.maitri.pl\/wp-content\/uploads\/2024\/11\/doume-2021-02-rotated.jpeg","width":1080,"height":810,"caption":"Pomoc \u015bwi\u0105teczna i do\u017cywianie 200 dzieci w przedszkolu w Doume w Kamerunie - pallotynki 01 Maitri Adopcja Serca pomoc Afryce pomoc ubogim ja\u0142mu\u017cna Adopcja duchowa Kamerun 6"},{"@type":"BreadcrumbList","@id":"https:\/\/www.maitri.pl\/projekt\/pomoc-swiateczna-kamerun-2\/#breadcrumb","itemListElement":[{"@type":"ListItem","position":1,"name":"Strona g\u0142\u00f3wna","item":"https:\/\/www.maitri.pl\/"},{"@type":"ListItem","position":2,"name":"Sklep","item":"https:\/\/www.maitri.pl\/sklep\/"},{"@type":"ListItem","position":3,"name":"Pomoc \u015bwi\u0105teczna i do\u017cywianie 200 dzieci w przedszkolu w Doume w Kamerunie"}]},{"@type":"WebSite","@id":"https:\/\/www.maitri.pl\/#website","url":"https:\/\/www.maitri.pl\/","name":"Adopcja Serca Maitri \u2013 pomoc dzieciom w Afryce","description":"Adopcja Serca \u2013 adopcja na odleg\u0142o\u015b\u0107, pomoc Afryce, do\u017cywianie i edukacja w Afryce","publisher":{"@id":"https:\/\/www.maitri.pl\/#organization"},"potentialAction":[{"@type":"SearchAction","target":{"@type":"EntryPoint","urlTemplate":"https:\/\/www.maitri.pl\/?s={search_term_string}"},"query-input":{"@type":"PropertyValueSpecification","valueRequired":true,"valueName":"search_term_string"}}],"inLanguage":"fr-FR"},{"@type":"Organization","@id":"https:\/\/www.maitri.pl\/#organization","name":"Stowarzyszenie Ruchu Maitri","url":"https:\/\/www.maitri.pl\/","logo":{"@type":"ImageObject","inLanguage":"fr-FR","@id":"https:\/\/www.maitri.pl\/#\/schema\/logo\/image\/","url":"https:\/\/www.maitri.pl\/wp-content\/uploads\/2020\/04\/duze_logo-81.png","contentUrl":"https:\/\/www.maitri.pl\/wp-content\/uploads\/2020\/04\/duze_logo-81.png","width":339,"height":321,"caption":"Stowarzyszenie Ruchu Maitri"},"image":{"@id":"https:\/\/www.maitri.pl\/#\/schema\/logo\/image\/"},"sameAs":["https:\/\/www.facebook.com\/MAITRI.Adopcja.Serca.dzieci.Afryki\/"]}]}},"_links":{"self":[{"href":"https:\/\/www.maitri.pl\/fr\/wp-json\/wp\/v2\/product\/32294","targetHints":{"allow":["GET"]}}],"collection":[{"href":"https:\/\/www.maitri.pl\/fr\/wp-json\/wp\/v2\/product"}],"about":[{"href":"https:\/\/www.maitri.pl\/fr\/wp-json\/wp\/v2\/types\/product"}],"wp:featuredmedia":[{"embeddable":true,"href":"https:\/\/www.maitri.pl\/fr\/wp-json\/wp\/v2\/media\/32318"}],"wp:attachment":[{"href":"https:\/\/www.maitri.pl\/fr\/wp-json\/wp\/v2\/media?parent=32294"}],"wp:term":[{"taxonomy":"product_brand","embeddable":true,"href":"https:\/\/www.maitri.pl\/fr\/wp-json\/wp\/v2\/product_brand?post=32294"},{"taxonomy":"product_cat","embeddable":true,"href":"https:\/\/www.maitri.pl\/fr\/wp-json\/wp\/v2\/product_cat?post=32294"},{"taxonomy":"product_tag","embeddable":true,"href":"https:\/\/www.maitri.pl\/fr\/wp-json\/wp\/v2\/product_tag?post=32294"}],"curies":[{"name":"wp","href":"https:\/\/api.w.org\/{rel}","templated":true}]}}