{"id":32278,"date":"2024-10-31T18:39:23","date_gmt":"2024-10-31T17:39:23","guid":{"rendered":"https:\/\/www.maitri.pl\/?post_type=product&#038;p=32278"},"modified":"2025-11-12T08:21:48","modified_gmt":"2025-11-12T07:21:48","slug":"uratuj-dzieci-nepal","status":"publish","type":"product","link":"https:\/\/www.maitri.pl\/fr\/projekt\/uratuj-dzieci-nepal\/","title":{"rendered":"Uratuj dzieci przed g\u0142odem: codzienna miska ry\u017cu z warzywami dla 360 uczni\u00f3w w Nepalu"},"content":{"rendered":"<h4>Potrzebna pomoc dla niedo\u017cywionych<\/h4>\n<p>Uratuj dzieci z Nepalu przed g\u0142odem! Od 2020 roku wraz z nepalsk\u0105 Fundacj\u0105 Karunika do\u017cywiamy dzieci w czterech oddalonych od cywilizacji, trudno dost\u0119pnych osadach g\u00f3rskich w Nepalu. Dzieci \u017cyj\u0105 tam w skrajnej n\u0119dzy i g\u0142odzie. Aby do nich dotrze\u0107 trzeba jecha\u0107 drogami terenowymi, przep\u0142yn\u0105\u0107 \u0142odzi\u0105, a nast\u0119pnie wspina\u0107 si\u0119 pieszo ponad godzin\u0119. Szko\u0142y posiadaj\u0105 podstawowe wyposa\u017cenie, lecz s\u0105 zaniedbane, nieogrzewane, co szczeg\u00f3lnie utrudnia nauk\u0119 w zimie. Ub\u00f3stwo jest powszechne w tej spo\u0142eczno\u015bci. Dzieci w zasadzie nie by\u0142y wysy\u0142ane do szko\u0142y. W ci\u0119\u017ckich warunkach pracowa\u0142y na polu i przy zwierz\u0119tach. Poziom analfabetyzmu wynosi\u0142 niemal 100%.<\/p>\n<h4>Rzadko jedz\u0105, bo nie maj\u0105 nic<\/h4>\n<p>Program do\u017cywiania nie tylko zapewnia dzieciom edukacj\u0119, ale r\u00f3wnie\u017c ratuje ich \u017cycie, umo\u017cliwiaj\u0105c przetrwanie w ekstremalnych warunkach. W tych regionach zimy s\u0105 szczeg\u00f3lnie ci\u0119\u017ckie, a wi\u0119kszo\u015b\u0107 dzieci nie otrzymuje po\u017cywnego posi\u0142ku nawet raz dziennie. Dziewczynki w wieku 9-12 lat wydaje si\u0119 za m\u0105\u017c, aby w domu by\u0142o mniej os\u00f3b do wykarmienia. W tych warunkach niesiemy apel: uratuj dzieci przed g\u0142odem i wspom\u00f3\u017c nasza akcj\u0119 do\u017cywiania.<\/p>\n<h4>Zbawienna akcja do\u017cywiania \u2014 codzienna miska ry\u017cu<\/h4>\n<p>Nasza pomoc przynios\u0142a ogromn\u0105 zmian\u0119, kilkukrotnie wzros\u0142a liczba uczni\u00f3w w szko\u0142ach. Dzieci wcze\u015bniej by\u0142y ospa\u0142e i os\u0142abione z powodu niedo\u017cywienia. Brak \u017cywno\u015bci powodowa\u0142 du\u017c\u0105 niedowag\u0119 i op\u00f3\u017anienia w rozwoju. Teraz dzieci s\u0105 bardziej aktywne i regularnie ucz\u0119szczaj\u0105 do szko\u0142y. W wielu domach brakuje dost\u0119pu do podstawowych produkt\u00f3w \u017cywno\u015bciowych, a dzieci chodz\u0105 do szko\u0142y g\u0142\u00f3wnie dlatego, \u017ce otrzymuj\u0105 tam jedyny ciep\u0142y posi\u0142ek w ci\u0105gu dnia. Rodziny nawet z odleg\u0142ych obszar\u00f3w wysy\u0142aj\u0105 swoje dzieci do szko\u0142y. Niekt\u00f3re dzieci musz\u0105 pieszo i\u015b\u0107 a\u017c 2 godziny w jedn\u0105 stron\u0119, aby dotrze\u0107 do plac\u00f3wki. Jednak wiedz\u0105, \u017ce w szkole czeka na nich nie tylko opieka i nauka, ale r\u00f3wnie\u017c ciep\u0142y, codzienny obiad.<\/p>\n<h4>Istotna poprawa dzi\u0119ki Wam<\/h4>\n<p>Dzi\u0119ki naszym dzia\u0142aniom i ofiarno\u015bci darczy\u0144c\u00f3w <a href=\"https:\/\/www.maitri.pl\/projekty-pomocowe\/\" target=\"_blank\" rel=\"noopener\">Maitri<\/a> , W ci\u0105gu jednego roku wsparcia nast\u0105pi\u0142a znaczna poprawa w zdrowiu tych dzieci, zmniejszenie liczby zachorowa\u0144, a tak\u017ce zwi\u0119kszona motywacja do nauki.\u00a0Jednak\u017ce sytuacja w ich domach nadal pozostaje tragiczna. Bez dalszego wsparcia dzieci wr\u00f3c\u0105 do biedy. To warunki, kt\u00f3re zagra\u017caj\u0105 ich \u017cyciu i przysz\u0142o\u015bci. Bardzo prosimy o kontynuacj\u0119 pomocy \u017cywieniowej. Uratuj dzieci z Nepalu przed g\u0142odem.<\/p>\n<h4>Ponad 100 tysi\u0119cy posi\u0142k\u00f3w<\/h4>\n<p>Kontynuacja jest kluczowa, aby dzieci mog\u0142y rozwija\u0107 si\u0119 w godnych warunkach. W szkole dzieci otrzymuj\u0105 ciep\u0142e, pe\u0142nowarto\u015bciowe posi\u0142ki, sk\u0142adaj\u0105ce si\u0119 z ry\u017cu, soczewicy, warzyw oraz chleba. Posi\u0142ki s\u0105 gotowane rano i wydawane ok. godziny 13:00. Przygotowaniem zajmuje si\u0119 kucharka, a wydawanie posi\u0142k\u00f3w nadzoruje kadra nauczycielska. Kondycja zdrowotna i przysz\u0142o\u015b\u0107 dzieci zale\u017cy od kontynuacji programu do\u017cywiania. Jedynie regularna, ci\u0105g\u0142a pomoc warunkuje zdrowie, nauk\u0119 i przysz\u0142o\u015b\u0107 tych dzieci. Bez naszego wsparcia wr\u00f3c\u0105 do analfabetyzmu. Bardzo prosimy o kontynuacj\u0119 pomocy!<\/p>\n<p><em>Aleksandra<\/em><em>\u00a0Kurnicka, <a href=\"https:\/\/www.facebook.com\/karunikatuitioncenterNEPAL\" target=\"_blank\" rel=\"noopener\">Karunika Foundation<\/a>,<\/em>\u00a0Kathmandu, <a href=\"https:\/\/www.maitri.pl\/gdzie-pomagamy\/\" target=\"_blank\" rel=\"noopener\">Nepal<\/a><\/p>\n<p><img loading=\"lazy\" decoding=\"async\" class=\"alignnone wp-image-32279 size-full\" src=\"https:\/\/www.maitri.pl\/wp-content\/uploads\/2024\/10\/52-kartc.png\" alt=\"\" width=\"983\" height=\"310\" srcset=\"https:\/\/www.maitri.pl\/wp-content\/uploads\/2024\/10\/52-kartc.png 983w, https:\/\/www.maitri.pl\/wp-content\/uploads\/2024\/10\/52-kartc-300x95.png 300w, https:\/\/www.maitri.pl\/wp-content\/uploads\/2024\/10\/52-kartc-768x242.png 768w, https:\/\/www.maitri.pl\/wp-content\/uploads\/2024\/10\/52-kartc-600x189.png 600w\" sizes=\"auto, (max-width: 983px) 100vw, 983px\" \/><\/p>\n<p><b><span style=\"color: #ff0000;\"><span style=\"font-size: large;\">Wnioskowana kwota: 43 780 \u20ac<\/span><\/span><\/b><\/p>\n<p><b>Za t\u0119 kwot\u0119 dzieciom wydanych zostanie 103 320 posi\u0142k\u00f3w.\u00a0 \u015arednia cena jednego posi\u0142ku to 0,42 \u20ac, czyli ok. 2 z\u0142.<\/b><\/p>\n<p><strong>Numer projektu 52\/KARTC<\/strong><\/p>\n<p>Kwota zebrana i przekazana: 12 140 \u20ac<\/p>\n<p>Stowarzyszenie Ruchu\u00a0<em>Maitri<\/em>\u00a0przeznacza do 10% otrzymanych \u015brodk\u00f3w na koszty funkcjonowania biura i pozyskiwanie funduszy pomocowych.<\/p>\n<h3><strong><span style=\"color: #999999;\">Uratuj dzieci z Nepalu przed g\u0142odem: codzienna miska ry\u017cu z warzywami dla 360 uczni\u00f3w z Dakshinkali, Shaktikhor, Kulekhani oraz Gorkha &#8211; o wsparcie prosi Karunika Fundation<\/span><\/strong><\/h3>\n<p>&nbsp;<\/p>\n","protected":false},"excerpt":{"rendered":"<p><strong>Projekt: <\/strong><em>Aleksandra<\/em><em>\u00a0Kurnicka, <a href=\"https:\/\/www.facebook.com\/karunikatuitioncenterNEPAL\" target=\"_blank\" rel=\"noopener\">Karunika Foundation<\/a><\/em><br \/>\n<strong>Miejsce:<\/strong> Kathmandu, <a href=\"https:\/\/www.maitri.pl\/gdzie-pomagamy\/\" target=\"_blank\" rel=\"noopener\">Nepal<\/a><br \/>\n<strong>Kwota projektu: <span style=\"color: #ff0000;\">43 780 \u20ac<\/span><\/strong><\/p>\n","protected":false},"featured_media":32285,"template":"","meta":[],"product_brand":[],"product_cat":[661,674],"product_tag":[670,1010,928,672],"class_list":{"0":"post-32278","1":"product","2":"type-product","3":"status-publish","4":"has-post-thumbnail","6":"product_cat-dozywianie","7":"product_cat-projekty-zrealizowane-w-biezacym-roku","8":"product_tag-aleksandra-kurnicka","9":"product_tag-karunika","10":"product_tag-karunika-foundation","11":"product_tag-nepal","13":"first","14":"instock","15":"virtual","16":"purchasable","17":"product-type-simple"},"yoast_head":"<!-- This site is optimized with the Yoast SEO plugin v27.2 - https:\/\/yoast.com\/product\/yoast-seo-wordpress\/ -->\n<title>Uratuj dzieci przed g\u0142odem: codzienna miska ry\u017cu z warzywami dla 360 uczni\u00f3w<\/title>\n<meta name=\"description\" content=\"Uratuj dzieci przed g\u0142odem: codzienna miska ry\u017cu z warzywami dla 360 uczni\u00f3w ze szk\u00f3\u0142 w miejscowo\u015bciach Dashinkali, Sakthikhor, Kulekhani i Gorkha w Nepalu.\" \/>\n<meta name=\"robots\" content=\"index, follow, max-snippet:-1, max-image-preview:large, max-video-preview:-1\" \/>\n<link rel=\"canonical\" href=\"https:\/\/www.maitri.pl\/projekt\/uratuj-dzieci-nepal\/\" \/>\n<meta property=\"og:locale\" content=\"fr_FR\" \/>\n<meta property=\"og:type\" content=\"article\" \/>\n<meta property=\"og:title\" content=\"Uratuj dzieci przed g\u0142odem: codzienna miska ry\u017cu z warzywami dla 360 uczni\u00f3w\" \/>\n<meta property=\"og:description\" content=\"Uratuj dzieci przed g\u0142odem: codzienna miska ry\u017cu z warzywami dla 360 uczni\u00f3w ze szk\u00f3\u0142 w miejscowo\u015bciach Dashinkali, Sakthikhor, Kulekhani i Gorkha w Nepalu.\" \/>\n<meta property=\"og:url\" content=\"https:\/\/www.maitri.pl\/projekt\/uratuj-dzieci-nepal\/\" \/>\n<meta property=\"og:site_name\" content=\"Ruch Maitri - Adopcja Serca pomoc Afryce\" \/>\n<meta property=\"article:publisher\" content=\"https:\/\/www.facebook.com\/MAITRI.Adopcja.Serca.dzieci.Afryki\/\" \/>\n<meta property=\"article:modified_time\" content=\"2025-11-12T07:21:48+00:00\" \/>\n<meta property=\"og:image\" content=\"https:\/\/www.maitri.pl\/wp-content\/uploads\/2024\/10\/52-kartc2.jpg\" \/>\n\t<meta property=\"og:image:width\" content=\"768\" \/>\n\t<meta property=\"og:image:height\" content=\"1024\" \/>\n\t<meta property=\"og:image:type\" content=\"image\/jpeg\" \/>\n<meta name=\"twitter:card\" content=\"summary_large_image\" \/>\n<meta name=\"twitter:label1\" content=\"Dur\u00e9e de lecture estim\u00e9e\" \/>\n\t<meta name=\"twitter:data1\" content=\"4 minutes\" \/>\n<script type=\"application\/ld+json\" class=\"yoast-schema-graph\">{\"@context\":\"https:\/\/schema.org\",\"@graph\":[{\"@type\":\"WebPage\",\"@id\":\"https:\/\/www.maitri.pl\/projekt\/uratuj-dzieci-nepal\/\",\"url\":\"https:\/\/www.maitri.pl\/projekt\/uratuj-dzieci-nepal\/\",\"name\":\"Uratuj dzieci przed g\u0142odem: codzienna miska ry\u017cu z warzywami dla 360 uczni\u00f3w\",\"isPartOf\":{\"@id\":\"https:\/\/www.maitri.pl\/#website\"},\"primaryImageOfPage\":{\"@id\":\"https:\/\/www.maitri.pl\/projekt\/uratuj-dzieci-nepal\/#primaryimage\"},\"image\":{\"@id\":\"https:\/\/www.maitri.pl\/projekt\/uratuj-dzieci-nepal\/#primaryimage\"},\"thumbnailUrl\":\"https:\/\/www.maitri.pl\/wp-content\/uploads\/2024\/10\/52-kartc2.jpg\",\"datePublished\":\"2024-10-31T17:39:23+00:00\",\"dateModified\":\"2025-11-12T07:21:48+00:00\",\"description\":\"Uratuj dzieci przed g\u0142odem: codzienna miska ry\u017cu z warzywami dla 360 uczni\u00f3w ze szk\u00f3\u0142 w miejscowo\u015bciach Dashinkali, Sakthikhor, Kulekhani i Gorkha w Nepalu.\",\"breadcrumb\":{\"@id\":\"https:\/\/www.maitri.pl\/projekt\/uratuj-dzieci-nepal\/#breadcrumb\"},\"inLanguage\":\"fr-FR\",\"potentialAction\":[{\"@type\":\"ReadAction\",\"target\":[\"https:\/\/www.maitri.pl\/projekt\/uratuj-dzieci-nepal\/\"]}]},{\"@type\":\"ImageObject\",\"inLanguage\":\"fr-FR\",\"@id\":\"https:\/\/www.maitri.pl\/projekt\/uratuj-dzieci-nepal\/#primaryimage\",\"url\":\"https:\/\/www.maitri.pl\/wp-content\/uploads\/2024\/10\/52-kartc2.jpg\",\"contentUrl\":\"https:\/\/www.maitri.pl\/wp-content\/uploads\/2024\/10\/52-kartc2.jpg\",\"width\":768,\"height\":1024,\"caption\":\"Uratuj dzieci przed g\u0142odem: akcja do\u017cywiania w Nepalu - codzienny obiad dla uczni\u00f3w pomoc ubogim ja\u0142mu\u017cna Adopcja Duchowa Adopcja Serca Maitri Nepal 02\"},{\"@type\":\"BreadcrumbList\",\"@id\":\"https:\/\/www.maitri.pl\/projekt\/uratuj-dzieci-nepal\/#breadcrumb\",\"itemListElement\":[{\"@type\":\"ListItem\",\"position\":1,\"name\":\"Strona g\u0142\u00f3wna\",\"item\":\"https:\/\/www.maitri.pl\/\"},{\"@type\":\"ListItem\",\"position\":2,\"name\":\"Sklep\",\"item\":\"https:\/\/www.maitri.pl\/sklep\/\"},{\"@type\":\"ListItem\",\"position\":3,\"name\":\"Uratuj dzieci przed g\u0142odem: codzienna miska ry\u017cu z warzywami dla 360 uczni\u00f3w w Nepalu\"}]},{\"@type\":\"WebSite\",\"@id\":\"https:\/\/www.maitri.pl\/#website\",\"url\":\"https:\/\/www.maitri.pl\/\",\"name\":\"Adopcja Serca Maitri \u2013 pomoc dzieciom w Afryce\",\"description\":\"Adopcja Serca \u2013 adopcja na odleg\u0142o\u015b\u0107, pomoc Afryce, do\u017cywianie i edukacja w Afryce\",\"publisher\":{\"@id\":\"https:\/\/www.maitri.pl\/#organization\"},\"potentialAction\":[{\"@type\":\"SearchAction\",\"target\":{\"@type\":\"EntryPoint\",\"urlTemplate\":\"https:\/\/www.maitri.pl\/?s={search_term_string}\"},\"query-input\":{\"@type\":\"PropertyValueSpecification\",\"valueRequired\":true,\"valueName\":\"search_term_string\"}}],\"inLanguage\":\"fr-FR\"},{\"@type\":\"Organization\",\"@id\":\"https:\/\/www.maitri.pl\/#organization\",\"name\":\"Stowarzyszenie Ruchu Maitri\",\"url\":\"https:\/\/www.maitri.pl\/\",\"logo\":{\"@type\":\"ImageObject\",\"inLanguage\":\"fr-FR\",\"@id\":\"https:\/\/www.maitri.pl\/#\/schema\/logo\/image\/\",\"url\":\"https:\/\/www.maitri.pl\/wp-content\/uploads\/2020\/04\/duze_logo-81.png\",\"contentUrl\":\"https:\/\/www.maitri.pl\/wp-content\/uploads\/2020\/04\/duze_logo-81.png\",\"width\":339,\"height\":321,\"caption\":\"Stowarzyszenie Ruchu Maitri\"},\"image\":{\"@id\":\"https:\/\/www.maitri.pl\/#\/schema\/logo\/image\/\"},\"sameAs\":[\"https:\/\/www.facebook.com\/MAITRI.Adopcja.Serca.dzieci.Afryki\/\"]}]}<\/script>\n<!-- \/ Yoast SEO plugin. -->","yoast_head_json":{"title":"Uratuj dzieci przed g\u0142odem: codzienna miska ry\u017cu z warzywami dla 360 uczni\u00f3w","description":"Uratuj dzieci przed g\u0142odem: codzienna miska ry\u017cu z warzywami dla 360 uczni\u00f3w ze szk\u00f3\u0142 w miejscowo\u015bciach Dashinkali, Sakthikhor, Kulekhani i Gorkha w Nepalu.","robots":{"index":"index","follow":"follow","max-snippet":"max-snippet:-1","max-image-preview":"max-image-preview:large","max-video-preview":"max-video-preview:-1"},"canonical":"https:\/\/www.maitri.pl\/projekt\/uratuj-dzieci-nepal\/","og_locale":"fr_FR","og_type":"article","og_title":"Uratuj dzieci przed g\u0142odem: codzienna miska ry\u017cu z warzywami dla 360 uczni\u00f3w","og_description":"Uratuj dzieci przed g\u0142odem: codzienna miska ry\u017cu z warzywami dla 360 uczni\u00f3w ze szk\u00f3\u0142 w miejscowo\u015bciach Dashinkali, Sakthikhor, Kulekhani i Gorkha w Nepalu.","og_url":"https:\/\/www.maitri.pl\/projekt\/uratuj-dzieci-nepal\/","og_site_name":"Ruch Maitri - Adopcja Serca pomoc Afryce","article_publisher":"https:\/\/www.facebook.com\/MAITRI.Adopcja.Serca.dzieci.Afryki\/","article_modified_time":"2025-11-12T07:21:48+00:00","og_image":[{"width":768,"height":1024,"url":"https:\/\/www.maitri.pl\/wp-content\/uploads\/2024\/10\/52-kartc2.jpg","type":"image\/jpeg"}],"twitter_card":"summary_large_image","twitter_misc":{"Dur\u00e9e de lecture estim\u00e9e":"4 minutes"},"schema":{"@context":"https:\/\/schema.org","@graph":[{"@type":"WebPage","@id":"https:\/\/www.maitri.pl\/projekt\/uratuj-dzieci-nepal\/","url":"https:\/\/www.maitri.pl\/projekt\/uratuj-dzieci-nepal\/","name":"Uratuj dzieci przed g\u0142odem: codzienna miska ry\u017cu z warzywami dla 360 uczni\u00f3w","isPartOf":{"@id":"https:\/\/www.maitri.pl\/#website"},"primaryImageOfPage":{"@id":"https:\/\/www.maitri.pl\/projekt\/uratuj-dzieci-nepal\/#primaryimage"},"image":{"@id":"https:\/\/www.maitri.pl\/projekt\/uratuj-dzieci-nepal\/#primaryimage"},"thumbnailUrl":"https:\/\/www.maitri.pl\/wp-content\/uploads\/2024\/10\/52-kartc2.jpg","datePublished":"2024-10-31T17:39:23+00:00","dateModified":"2025-11-12T07:21:48+00:00","description":"Uratuj dzieci przed g\u0142odem: codzienna miska ry\u017cu z warzywami dla 360 uczni\u00f3w ze szk\u00f3\u0142 w miejscowo\u015bciach Dashinkali, Sakthikhor, Kulekhani i Gorkha w Nepalu.","breadcrumb":{"@id":"https:\/\/www.maitri.pl\/projekt\/uratuj-dzieci-nepal\/#breadcrumb"},"inLanguage":"fr-FR","potentialAction":[{"@type":"ReadAction","target":["https:\/\/www.maitri.pl\/projekt\/uratuj-dzieci-nepal\/"]}]},{"@type":"ImageObject","inLanguage":"fr-FR","@id":"https:\/\/www.maitri.pl\/projekt\/uratuj-dzieci-nepal\/#primaryimage","url":"https:\/\/www.maitri.pl\/wp-content\/uploads\/2024\/10\/52-kartc2.jpg","contentUrl":"https:\/\/www.maitri.pl\/wp-content\/uploads\/2024\/10\/52-kartc2.jpg","width":768,"height":1024,"caption":"Uratuj dzieci przed g\u0142odem: akcja do\u017cywiania w Nepalu - codzienny obiad dla uczni\u00f3w pomoc ubogim ja\u0142mu\u017cna Adopcja Duchowa Adopcja Serca Maitri Nepal 02"},{"@type":"BreadcrumbList","@id":"https:\/\/www.maitri.pl\/projekt\/uratuj-dzieci-nepal\/#breadcrumb","itemListElement":[{"@type":"ListItem","position":1,"name":"Strona g\u0142\u00f3wna","item":"https:\/\/www.maitri.pl\/"},{"@type":"ListItem","position":2,"name":"Sklep","item":"https:\/\/www.maitri.pl\/sklep\/"},{"@type":"ListItem","position":3,"name":"Uratuj dzieci przed g\u0142odem: codzienna miska ry\u017cu z warzywami dla 360 uczni\u00f3w w Nepalu"}]},{"@type":"WebSite","@id":"https:\/\/www.maitri.pl\/#website","url":"https:\/\/www.maitri.pl\/","name":"Adopcja Serca Maitri \u2013 pomoc dzieciom w Afryce","description":"Adopcja Serca \u2013 adopcja na odleg\u0142o\u015b\u0107, pomoc Afryce, do\u017cywianie i edukacja w Afryce","publisher":{"@id":"https:\/\/www.maitri.pl\/#organization"},"potentialAction":[{"@type":"SearchAction","target":{"@type":"EntryPoint","urlTemplate":"https:\/\/www.maitri.pl\/?s={search_term_string}"},"query-input":{"@type":"PropertyValueSpecification","valueRequired":true,"valueName":"search_term_string"}}],"inLanguage":"fr-FR"},{"@type":"Organization","@id":"https:\/\/www.maitri.pl\/#organization","name":"Stowarzyszenie Ruchu Maitri","url":"https:\/\/www.maitri.pl\/","logo":{"@type":"ImageObject","inLanguage":"fr-FR","@id":"https:\/\/www.maitri.pl\/#\/schema\/logo\/image\/","url":"https:\/\/www.maitri.pl\/wp-content\/uploads\/2020\/04\/duze_logo-81.png","contentUrl":"https:\/\/www.maitri.pl\/wp-content\/uploads\/2020\/04\/duze_logo-81.png","width":339,"height":321,"caption":"Stowarzyszenie Ruchu Maitri"},"image":{"@id":"https:\/\/www.maitri.pl\/#\/schema\/logo\/image\/"},"sameAs":["https:\/\/www.facebook.com\/MAITRI.Adopcja.Serca.dzieci.Afryki\/"]}]}},"_links":{"self":[{"href":"https:\/\/www.maitri.pl\/fr\/wp-json\/wp\/v2\/product\/32278","targetHints":{"allow":["GET"]}}],"collection":[{"href":"https:\/\/www.maitri.pl\/fr\/wp-json\/wp\/v2\/product"}],"about":[{"href":"https:\/\/www.maitri.pl\/fr\/wp-json\/wp\/v2\/types\/product"}],"wp:featuredmedia":[{"embeddable":true,"href":"https:\/\/www.maitri.pl\/fr\/wp-json\/wp\/v2\/media\/32285"}],"wp:attachment":[{"href":"https:\/\/www.maitri.pl\/fr\/wp-json\/wp\/v2\/media?parent=32278"}],"wp:term":[{"taxonomy":"product_brand","embeddable":true,"href":"https:\/\/www.maitri.pl\/fr\/wp-json\/wp\/v2\/product_brand?post=32278"},{"taxonomy":"product_cat","embeddable":true,"href":"https:\/\/www.maitri.pl\/fr\/wp-json\/wp\/v2\/product_cat?post=32278"},{"taxonomy":"product_tag","embeddable":true,"href":"https:\/\/www.maitri.pl\/fr\/wp-json\/wp\/v2\/product_tag?post=32278"}],"curies":[{"name":"wp","href":"https:\/\/api.w.org\/{rel}","templated":true}]}}