{"id":32246,"date":"2024-10-24T10:03:33","date_gmt":"2024-10-24T08:03:33","guid":{"rendered":"https:\/\/www.maitri.pl\/?post_type=product&#038;p=32246"},"modified":"2025-03-31T14:12:37","modified_gmt":"2025-03-31T12:12:37","slug":"odbudowa-po-powodzi-nepal","status":"publish","type":"product","link":"https:\/\/www.maitri.pl\/fr\/projekt\/odbudowa-po-powodzi-nepal\/","title":{"rendered":"Odbudowa po powodzi w Nepalu &#8211; zniszczone kuchnie szkolne w 4 wsiach"},"content":{"rendered":"<h4>Woda zabra\u0142a wszystko<\/h4>\n<p>Ponad 200 os\u00f3b straci\u0142o \u017cycie w wyniku pa\u017adziernikowej powodzi i osuni\u0119\u0107 ziemi w Nepalu. By\u0142 to najwi\u0119kszy kataklizm tego typu od prawie \u0107wier\u0107wiecza. Niestety cierpienie dotkn\u0119\u0142o tak\u017ce miejsca, w kt\u00f3rych niesiemy pomoc. W wyniku powodzi pomieszczenia kuchenne w szko\u0142ach w Dahshinkali, Kulekhani, Gorkha i Shaktikhor uleg\u0142y znacznym zniszczeniom. Woda zala\u0142a budynki i zniszczy\u0142a ca\u0142e wyposa\u017cenie naszych kuchni. Ta sytuacja uniemo\u017cliwia dalsze funkcjonowanie programu do\u017cywiania, kt\u00f3ry prowadzimy w szko\u0142ach. W kuchniach przygotowywane by\u0142y posi\u0142ki dla dzieci z najbiedniejszych rodzin. Obecnie konieczna jest odbudowa po powodzi. To przede wszystkim renowacja pomieszcze\u0144, zakup nowych urz\u0105dze\u0144 kuchennych, mebli i narz\u0119dzi do obr\u00f3bki \u017cywno\u015bci, a tak\u017ce podstawowego wyposa\u017cenia.<\/p>\n<h4>Czeka mn\u00f3stwo pracy<\/h4>\n<p>Odbudowa po powodzi to d\u0142ugi i kosztowny proces. Nasz projekt obejmuje odtworzenie zniszczonych i zalanych kuchni. Najpierw zajmiemy si\u0119 oczyszczaniem pomieszcze\u0144, odmalowaniem oraz za\u0142o\u017ceniem dzia\u0142aj\u0105cego o\u015bwietlenia. Nast\u0119pnie planujemy zakup sto\u0142\u00f3w, krzese\u0142, pojemnik\u00f3w na \u017cywno\u015b\u0107. Kolejny etap to zakup urz\u0105dze\u0144 kuchennych, jak szybkowar, garnki, kuchenki i butle gazowe oraz talerze, kubki, \u0142y\u017cki. Niestety to wszystko stracili\u015bmy w powodzi.\u00a0Zakupione wyposa\u017cenie b\u0119dzie s\u0142u\u017cy\u0142o przez d\u0142ugie lata i pomo\u017ce w kontynuacji do\u017cywiania dzieci\u00a0 z rodzin \u017cyj\u0105cych w ekstremalnej biedzie.<\/p>\n<h4>Bez kuchni nie ma do\u017cywiania<\/h4>\n<p>W Nepalu karmimy kilkaset dzieci z najubo\u017cszych rodzin. Akcje do\u017cywiania w 4 miejscowo\u015bciach u podn\u00f3\u017cy Himalaj\u00f3w ciesz\u0105 si\u0119 tak\u0105 popularno\u015bci\u0105, \u017ce stale do\u0142\u0105cza\u0142y do niej nowe dzieci. Projekt do\u017cywiania zapewnia dzieciom codzienny posi\u0142ek, kt\u00f3ry cz\u0119sto bywa dla nich jedynym \u017ar\u00f3d\u0142em po\u017cywienia. W tych stronach najpierw jedz\u0105 rodzice, a dzieci to, co po nich zostanie. Dlatego akcja do\u017cywiania\u00a0 jest tak wa\u017cna, a nie da si\u0119 rozdawa\u0107 posi\u0142k\u00f3w bez ich wcze\u015bniejszego ugotowania. Odbudowa po powodzi pomo\u017ce wznowi\u0107 akcj\u0119. Zakup nowego wyposa\u017cenia zapewni higieniczne warunki przechowywania i przygotowywania posi\u0142k\u00f3w, a przede wszystkim pozwoli na wznowienie akcji do\u017cywiania dzieci. Bardzo, bardzo, prosimy o pomoc w tej trudnej sytuacji.<\/p>\n<h4>Kosztorys:<\/h4>\n<p><img loading=\"lazy\" decoding=\"async\" class=\"alignnone wp-image-32247 size-full\" src=\"https:\/\/www.maitri.pl\/wp-content\/uploads\/2024\/10\/51-kartc.png\" alt=\"\" width=\"980\" height=\"257\" srcset=\"https:\/\/www.maitri.pl\/wp-content\/uploads\/2024\/10\/51-kartc.png 980w, https:\/\/www.maitri.pl\/wp-content\/uploads\/2024\/10\/51-kartc-300x79.png 300w, https:\/\/www.maitri.pl\/wp-content\/uploads\/2024\/10\/51-kartc-768x201.png 768w, https:\/\/www.maitri.pl\/wp-content\/uploads\/2024\/10\/51-kartc-600x157.png 600w\" sizes=\"auto, (max-width: 980px) 100vw, 980px\" \/><\/p>\n<p><em>Aleksandra<\/em><em>\u00a0Kurnicka, <a href=\"https:\/\/www.facebook.com\/karunikatuitioncenterNEPAL\" target=\"_blank\" rel=\"noopener\">Karunika Foundation<\/a>,<\/em>\u00a0Kathmandu, <a href=\"https:\/\/www.maitri.pl\/gdzie-pomagamy\/\" target=\"_blank\" rel=\"noopener\">Nepal<\/a><\/p>\n<p><span style=\"color: #ff0000;\"><span style=\"font-size: large;\"><b>Wnioskowana kwota: 7 000 \u20ac<\/b><\/span><\/span><\/p>\n<p><strong>Numer projektu:<\/strong> <strong><span style=\"color: #ff0000;\">51\/KARTC<\/span><\/strong><\/p>\n<p><span style=\"color: #999999;\">Stowarzyszenie Ruchu\u00a0<em>Maitri<\/em>\u00a0przeznacza do 10% otrzymanych \u015brodk\u00f3w na koszty funkcjonowania biura i pozyskiwanie funduszy pomocowych.<\/span><\/p>\n<h3><strong><span style=\"color: #999999;\">Odbudowa po powodzi w Nepalu &#8211; zniszczone kuchnie szkolne w 4 miejscowo\u015bciach: Dakshinkali, Shaktikhor, Kulekhani oraz Gorkha &#8211; o wsparcie prosi Karunika<\/span><\/strong><\/h3>\n","protected":false},"excerpt":{"rendered":"<p><strong>Projekt: <\/strong><em>Aleksandra<\/em><em>\u00a0Kurnicka, <a href=\"https:\/\/www.facebook.com\/karunikatuitioncenterNEPAL\" target=\"_blank\" rel=\"noopener\">Karunika Foundation<\/a><\/em><br \/>\n<strong>Miejsce:<\/strong> Kathmandu, <a href=\"https:\/\/www.maitri.pl\/gdzie-pomagamy\/\" target=\"_blank\" rel=\"noopener\">Nepal<\/a><br \/>\n<strong>Kwota projektu: <span style=\"color: #ff0000;\">7000\u20ac<\/span><\/strong><\/p>\n","protected":false},"featured_media":32250,"template":"","meta":[],"product_brand":[],"product_cat":[656],"product_tag":[670,1010,928,672],"class_list":{"0":"post-32246","1":"product","2":"type-product","3":"status-publish","4":"has-post-thumbnail","6":"product_cat-bez-kategorii","7":"product_tag-aleksandra-kurnicka","8":"product_tag-karunika","9":"product_tag-karunika-foundation","10":"product_tag-nepal","12":"first","13":"instock","14":"virtual","15":"purchasable","16":"product-type-simple"},"yoast_head":"<!-- This site is optimized with the Yoast SEO plugin v27.2 - https:\/\/yoast.com\/product\/yoast-seo-wordpress\/ -->\n<title>Odbudowa po powodzi w Nepalu - zniszczone kuchnie szkolne<\/title>\n<meta name=\"description\" content=\"Odbudowa po powodzi kuchni szkolnych w miejscowo\u015bciach Dakshinkali, Shaktikhor, Kulekhani oraz Gorkha w Nepalu. Ka\u017cda wp\u0142ata pomaga!\" \/>\n<meta name=\"robots\" content=\"index, follow, max-snippet:-1, max-image-preview:large, max-video-preview:-1\" \/>\n<link rel=\"canonical\" href=\"https:\/\/www.maitri.pl\/projekt\/odbudowa-po-powodzi-nepal\/\" \/>\n<meta property=\"og:locale\" content=\"fr_FR\" \/>\n<meta property=\"og:type\" content=\"article\" \/>\n<meta property=\"og:title\" content=\"Odbudowa po powodzi w Nepalu - zniszczone kuchnie szkolne\" \/>\n<meta property=\"og:description\" content=\"Odbudowa po powodzi kuchni szkolnych w miejscowo\u015bciach Dakshinkali, Shaktikhor, Kulekhani oraz Gorkha w Nepalu. Ka\u017cda wp\u0142ata pomaga!\" \/>\n<meta property=\"og:url\" content=\"https:\/\/www.maitri.pl\/projekt\/odbudowa-po-powodzi-nepal\/\" \/>\n<meta property=\"og:site_name\" content=\"Ruch Maitri - Adopcja Serca pomoc Afryce\" \/>\n<meta property=\"article:publisher\" content=\"https:\/\/www.facebook.com\/MAITRI.Adopcja.Serca.dzieci.Afryki\/\" \/>\n<meta property=\"article:modified_time\" content=\"2025-03-31T12:12:37+00:00\" \/>\n<meta property=\"og:image\" content=\"https:\/\/www.maitri.pl\/wp-content\/uploads\/2024\/10\/51-kartc1.jpg\" \/>\n\t<meta property=\"og:image:width\" content=\"1280\" \/>\n\t<meta property=\"og:image:height\" content=\"577\" \/>\n\t<meta property=\"og:image:type\" content=\"image\/jpeg\" \/>\n<meta name=\"twitter:card\" content=\"summary_large_image\" \/>\n<meta name=\"twitter:label1\" content=\"Dur\u00e9e de lecture estim\u00e9e\" \/>\n\t<meta name=\"twitter:data1\" content=\"3 minutes\" \/>\n<script type=\"application\/ld+json\" class=\"yoast-schema-graph\">{\"@context\":\"https:\/\/schema.org\",\"@graph\":[{\"@type\":\"WebPage\",\"@id\":\"https:\/\/www.maitri.pl\/projekt\/odbudowa-po-powodzi-nepal\/\",\"url\":\"https:\/\/www.maitri.pl\/projekt\/odbudowa-po-powodzi-nepal\/\",\"name\":\"Odbudowa po powodzi w Nepalu - zniszczone kuchnie szkolne\",\"isPartOf\":{\"@id\":\"https:\/\/www.maitri.pl\/#website\"},\"primaryImageOfPage\":{\"@id\":\"https:\/\/www.maitri.pl\/projekt\/odbudowa-po-powodzi-nepal\/#primaryimage\"},\"image\":{\"@id\":\"https:\/\/www.maitri.pl\/projekt\/odbudowa-po-powodzi-nepal\/#primaryimage\"},\"thumbnailUrl\":\"https:\/\/www.maitri.pl\/wp-content\/uploads\/2024\/10\/51-kartc1.jpg\",\"datePublished\":\"2024-10-24T08:03:33+00:00\",\"dateModified\":\"2025-03-31T12:12:37+00:00\",\"description\":\"Odbudowa po powodzi kuchni szkolnych w miejscowo\u015bciach Dakshinkali, Shaktikhor, Kulekhani oraz Gorkha w Nepalu. Ka\u017cda wp\u0142ata pomaga!\",\"breadcrumb\":{\"@id\":\"https:\/\/www.maitri.pl\/projekt\/odbudowa-po-powodzi-nepal\/#breadcrumb\"},\"inLanguage\":\"fr-FR\",\"potentialAction\":[{\"@type\":\"ReadAction\",\"target\":[\"https:\/\/www.maitri.pl\/projekt\/odbudowa-po-powodzi-nepal\/\"]}]},{\"@type\":\"ImageObject\",\"inLanguage\":\"fr-FR\",\"@id\":\"https:\/\/www.maitri.pl\/projekt\/odbudowa-po-powodzi-nepal\/#primaryimage\",\"url\":\"https:\/\/www.maitri.pl\/wp-content\/uploads\/2024\/10\/51-kartc1.jpg\",\"contentUrl\":\"https:\/\/www.maitri.pl\/wp-content\/uploads\/2024\/10\/51-kartc1.jpg\",\"width\":1280,\"height\":577,\"caption\":\"odbudowa po powodzi w Nepalu Adopcja Serca Maitri Adopcja Duchowa ja\u0142mu\u017cna pomoc ubogim pomoc dzieciom wsparcie dla dzieci 01\"},{\"@type\":\"BreadcrumbList\",\"@id\":\"https:\/\/www.maitri.pl\/projekt\/odbudowa-po-powodzi-nepal\/#breadcrumb\",\"itemListElement\":[{\"@type\":\"ListItem\",\"position\":1,\"name\":\"Strona g\u0142\u00f3wna\",\"item\":\"https:\/\/www.maitri.pl\/\"},{\"@type\":\"ListItem\",\"position\":2,\"name\":\"Sklep\",\"item\":\"https:\/\/www.maitri.pl\/sklep\/\"},{\"@type\":\"ListItem\",\"position\":3,\"name\":\"Odbudowa po powodzi w Nepalu &#8211; zniszczone kuchnie szkolne w 4 wsiach\"}]},{\"@type\":\"WebSite\",\"@id\":\"https:\/\/www.maitri.pl\/#website\",\"url\":\"https:\/\/www.maitri.pl\/\",\"name\":\"Adopcja Serca Maitri \u2013 pomoc dzieciom w Afryce\",\"description\":\"Adopcja Serca \u2013 adopcja na odleg\u0142o\u015b\u0107, pomoc Afryce, do\u017cywianie i edukacja w Afryce\",\"publisher\":{\"@id\":\"https:\/\/www.maitri.pl\/#organization\"},\"potentialAction\":[{\"@type\":\"SearchAction\",\"target\":{\"@type\":\"EntryPoint\",\"urlTemplate\":\"https:\/\/www.maitri.pl\/?s={search_term_string}\"},\"query-input\":{\"@type\":\"PropertyValueSpecification\",\"valueRequired\":true,\"valueName\":\"search_term_string\"}}],\"inLanguage\":\"fr-FR\"},{\"@type\":\"Organization\",\"@id\":\"https:\/\/www.maitri.pl\/#organization\",\"name\":\"Stowarzyszenie Ruchu Maitri\",\"url\":\"https:\/\/www.maitri.pl\/\",\"logo\":{\"@type\":\"ImageObject\",\"inLanguage\":\"fr-FR\",\"@id\":\"https:\/\/www.maitri.pl\/#\/schema\/logo\/image\/\",\"url\":\"https:\/\/www.maitri.pl\/wp-content\/uploads\/2020\/04\/duze_logo-81.png\",\"contentUrl\":\"https:\/\/www.maitri.pl\/wp-content\/uploads\/2020\/04\/duze_logo-81.png\",\"width\":339,\"height\":321,\"caption\":\"Stowarzyszenie Ruchu Maitri\"},\"image\":{\"@id\":\"https:\/\/www.maitri.pl\/#\/schema\/logo\/image\/\"},\"sameAs\":[\"https:\/\/www.facebook.com\/MAITRI.Adopcja.Serca.dzieci.Afryki\/\"]}]}<\/script>\n<!-- \/ Yoast SEO plugin. -->","yoast_head_json":{"title":"Odbudowa po powodzi w Nepalu - zniszczone kuchnie szkolne","description":"Odbudowa po powodzi kuchni szkolnych w miejscowo\u015bciach Dakshinkali, Shaktikhor, Kulekhani oraz Gorkha w Nepalu. Ka\u017cda wp\u0142ata pomaga!","robots":{"index":"index","follow":"follow","max-snippet":"max-snippet:-1","max-image-preview":"max-image-preview:large","max-video-preview":"max-video-preview:-1"},"canonical":"https:\/\/www.maitri.pl\/projekt\/odbudowa-po-powodzi-nepal\/","og_locale":"fr_FR","og_type":"article","og_title":"Odbudowa po powodzi w Nepalu - zniszczone kuchnie szkolne","og_description":"Odbudowa po powodzi kuchni szkolnych w miejscowo\u015bciach Dakshinkali, Shaktikhor, Kulekhani oraz Gorkha w Nepalu. Ka\u017cda wp\u0142ata pomaga!","og_url":"https:\/\/www.maitri.pl\/projekt\/odbudowa-po-powodzi-nepal\/","og_site_name":"Ruch Maitri - Adopcja Serca pomoc Afryce","article_publisher":"https:\/\/www.facebook.com\/MAITRI.Adopcja.Serca.dzieci.Afryki\/","article_modified_time":"2025-03-31T12:12:37+00:00","og_image":[{"width":1280,"height":577,"url":"https:\/\/www.maitri.pl\/wp-content\/uploads\/2024\/10\/51-kartc1.jpg","type":"image\/jpeg"}],"twitter_card":"summary_large_image","twitter_misc":{"Dur\u00e9e de lecture estim\u00e9e":"3 minutes"},"schema":{"@context":"https:\/\/schema.org","@graph":[{"@type":"WebPage","@id":"https:\/\/www.maitri.pl\/projekt\/odbudowa-po-powodzi-nepal\/","url":"https:\/\/www.maitri.pl\/projekt\/odbudowa-po-powodzi-nepal\/","name":"Odbudowa po powodzi w Nepalu - zniszczone kuchnie szkolne","isPartOf":{"@id":"https:\/\/www.maitri.pl\/#website"},"primaryImageOfPage":{"@id":"https:\/\/www.maitri.pl\/projekt\/odbudowa-po-powodzi-nepal\/#primaryimage"},"image":{"@id":"https:\/\/www.maitri.pl\/projekt\/odbudowa-po-powodzi-nepal\/#primaryimage"},"thumbnailUrl":"https:\/\/www.maitri.pl\/wp-content\/uploads\/2024\/10\/51-kartc1.jpg","datePublished":"2024-10-24T08:03:33+00:00","dateModified":"2025-03-31T12:12:37+00:00","description":"Odbudowa po powodzi kuchni szkolnych w miejscowo\u015bciach Dakshinkali, Shaktikhor, Kulekhani oraz Gorkha w Nepalu. Ka\u017cda wp\u0142ata pomaga!","breadcrumb":{"@id":"https:\/\/www.maitri.pl\/projekt\/odbudowa-po-powodzi-nepal\/#breadcrumb"},"inLanguage":"fr-FR","potentialAction":[{"@type":"ReadAction","target":["https:\/\/www.maitri.pl\/projekt\/odbudowa-po-powodzi-nepal\/"]}]},{"@type":"ImageObject","inLanguage":"fr-FR","@id":"https:\/\/www.maitri.pl\/projekt\/odbudowa-po-powodzi-nepal\/#primaryimage","url":"https:\/\/www.maitri.pl\/wp-content\/uploads\/2024\/10\/51-kartc1.jpg","contentUrl":"https:\/\/www.maitri.pl\/wp-content\/uploads\/2024\/10\/51-kartc1.jpg","width":1280,"height":577,"caption":"odbudowa po powodzi w Nepalu Adopcja Serca Maitri Adopcja Duchowa ja\u0142mu\u017cna pomoc ubogim pomoc dzieciom wsparcie dla dzieci 01"},{"@type":"BreadcrumbList","@id":"https:\/\/www.maitri.pl\/projekt\/odbudowa-po-powodzi-nepal\/#breadcrumb","itemListElement":[{"@type":"ListItem","position":1,"name":"Strona g\u0142\u00f3wna","item":"https:\/\/www.maitri.pl\/"},{"@type":"ListItem","position":2,"name":"Sklep","item":"https:\/\/www.maitri.pl\/sklep\/"},{"@type":"ListItem","position":3,"name":"Odbudowa po powodzi w Nepalu &#8211; zniszczone kuchnie szkolne w 4 wsiach"}]},{"@type":"WebSite","@id":"https:\/\/www.maitri.pl\/#website","url":"https:\/\/www.maitri.pl\/","name":"Adopcja Serca Maitri \u2013 pomoc dzieciom w Afryce","description":"Adopcja Serca \u2013 adopcja na odleg\u0142o\u015b\u0107, pomoc Afryce, do\u017cywianie i edukacja w Afryce","publisher":{"@id":"https:\/\/www.maitri.pl\/#organization"},"potentialAction":[{"@type":"SearchAction","target":{"@type":"EntryPoint","urlTemplate":"https:\/\/www.maitri.pl\/?s={search_term_string}"},"query-input":{"@type":"PropertyValueSpecification","valueRequired":true,"valueName":"search_term_string"}}],"inLanguage":"fr-FR"},{"@type":"Organization","@id":"https:\/\/www.maitri.pl\/#organization","name":"Stowarzyszenie Ruchu Maitri","url":"https:\/\/www.maitri.pl\/","logo":{"@type":"ImageObject","inLanguage":"fr-FR","@id":"https:\/\/www.maitri.pl\/#\/schema\/logo\/image\/","url":"https:\/\/www.maitri.pl\/wp-content\/uploads\/2020\/04\/duze_logo-81.png","contentUrl":"https:\/\/www.maitri.pl\/wp-content\/uploads\/2020\/04\/duze_logo-81.png","width":339,"height":321,"caption":"Stowarzyszenie Ruchu Maitri"},"image":{"@id":"https:\/\/www.maitri.pl\/#\/schema\/logo\/image\/"},"sameAs":["https:\/\/www.facebook.com\/MAITRI.Adopcja.Serca.dzieci.Afryki\/"]}]}},"_links":{"self":[{"href":"https:\/\/www.maitri.pl\/fr\/wp-json\/wp\/v2\/product\/32246","targetHints":{"allow":["GET"]}}],"collection":[{"href":"https:\/\/www.maitri.pl\/fr\/wp-json\/wp\/v2\/product"}],"about":[{"href":"https:\/\/www.maitri.pl\/fr\/wp-json\/wp\/v2\/types\/product"}],"wp:featuredmedia":[{"embeddable":true,"href":"https:\/\/www.maitri.pl\/fr\/wp-json\/wp\/v2\/media\/32250"}],"wp:attachment":[{"href":"https:\/\/www.maitri.pl\/fr\/wp-json\/wp\/v2\/media?parent=32246"}],"wp:term":[{"taxonomy":"product_brand","embeddable":true,"href":"https:\/\/www.maitri.pl\/fr\/wp-json\/wp\/v2\/product_brand?post=32246"},{"taxonomy":"product_cat","embeddable":true,"href":"https:\/\/www.maitri.pl\/fr\/wp-json\/wp\/v2\/product_cat?post=32246"},{"taxonomy":"product_tag","embeddable":true,"href":"https:\/\/www.maitri.pl\/fr\/wp-json\/wp\/v2\/product_tag?post=32246"}],"curies":[{"name":"wp","href":"https:\/\/api.w.org\/{rel}","templated":true}]}}