{"id":32233,"date":"2024-10-23T14:31:44","date_gmt":"2024-10-23T12:31:44","guid":{"rendered":"https:\/\/www.maitri.pl\/?post_type=product&#038;p=32233"},"modified":"2025-05-26T10:17:51","modified_gmt":"2025-05-26T08:17:51","slug":"karmelitanki-budowa-kuchni","status":"publish","type":"product","link":"https:\/\/www.maitri.pl\/fr\/projekt\/karmelitanki-budowa-kuchni\/","title":{"rendered":"Karmelitanki: budowa kuchni dla przedszkola w Gitega w Burundi"},"content":{"rendered":"<h4>Nie ma gdzie gotowa\u0107<\/h4>\n<p>Siostry Karmelitanki od lat prowadz\u0105 przedszkole w Gitega. \u00ab\u00a0W naszym przedszkolu, dzi\u0119ki wsparciu MAITRI, karmimy nasze dzieci, kt\u00f3rych w tym roku szkolnym 2024\/2025 spodziewamy si\u0119 oko\u0142o 200. Problem w tym, \u017ce nie ma kuchni, jak widzieli\u015bcie w kwietniu podczas swojej wizyty.\u00a0\u00bb Jest konieczno\u015b\u0107, by zbudowa\u0107 ma\u0142\u0105 prost\u0105 kuchni\u0119, kt\u00f3rej koszt wyniesie oko\u0142o 21 674 000 fbu, jak wida\u0107 w kosztorysie. Ten projekt jest pilny, dlatego nasza kongregacja chce do\u0142o\u017cy\u0107 si\u0119 do projektu kwot\u0105 1000 \u20ac. Mamy nadziej\u0119 na Wasz\u0105 pomoc, z g\u00f3ry dzi\u0119kuj\u0105c za wsp\u00f3\u0142prac\u0119.<\/p>\n<h4>Kuchnia na powietrzu<\/h4>\n<p>Kuchnia, kt\u00f3r\u0105 ma nasze przedszkole nie posiada \u015bcian. W tej chwili to tylko betonowa pod\u0142oga z zadaszeniem. Buda stoi na podw\u00f3rzu. W porze deszczowej, kiedy przygotowujemy owsiank\u0119 lub herbat\u0119, jest to trudne, poniewa\u017c woda dostaje si\u0119 do \u015brodka. Bardzo trudno jest r\u00f3wnie\u017c rozpali\u0107 ogie\u0144 i odpowiednio ugotowa\u0107 t\u0119 potraw\u0119 z powodu wiatru, kurzu itp. Deszcz i kurz utrudniaj\u0105 przygotowanie posi\u0142k\u00f3w. Dlatego siostry Karmelitanki apeluj\u0105 o pomoc darczy\u0144c\u00f3w Maitri.<\/p>\n<h4>Plany rozbudowy<\/h4>\n<p>Okaza\u0142o si\u0119, \u017ce do budowy nowej kuchni konieczna jest zmiana fundamentu, poniewa\u017c nie nadaje si\u0119 on do nowej konstrukcji, dlatego trzeba wykona\u0107 now\u0105 konstrukcj\u0119 od fundamentu, co podwy\u017csza koszty. Kuchnia s\u0142u\u017cy do karmienia dzieci mi\u0119dzy zaj\u0119ciami. Codzienny posi\u0142ek sk\u0142ada si\u0119 z chleba i sma\u017conego boczku, herbaty i mleka lub owsianki. W\u0142a\u015bnie boczek i owsianka s\u0105 gotowane w naszej kuchni. Niestety brakuje nam funduszy na rozbudow\u0119 tego co mamy, dlatego apelujemy o wsparcie ludzi dobrej woli. Dzieci s\u0105 do\u017cywiane, bo wiele chodzi g\u0142odnych. Dodatkowo chcemy je zach\u0119ci\u0107 do chodzenia do przedszkola i potem szko\u0142y, poniewa\u017c wi\u0119kszo\u015b\u0107 z nich pochodzi z biednych rodzin. <a href=\"https:\/\/www.maitri.pl\/projekt\/dozywianie-w-przedszkolu-burundi\/\" target=\"_blank\" rel=\"noopener\">Do\u017cywianie<\/a> wspomaga r\u00f3wnie\u017c edukacj\u0119.<\/p>\n<h4>Kosztorys:<\/h4>\n<p><img loading=\"lazy\" decoding=\"async\" class=\"alignnone wp-image-32234 size-full\" src=\"https:\/\/www.maitri.pl\/wp-content\/uploads\/2024\/10\/135-karml.png\" alt=\"\" width=\"983\" height=\"702\" srcset=\"https:\/\/www.maitri.pl\/wp-content\/uploads\/2024\/10\/135-karml.png 983w, https:\/\/www.maitri.pl\/wp-content\/uploads\/2024\/10\/135-karml-300x214.png 300w, https:\/\/www.maitri.pl\/wp-content\/uploads\/2024\/10\/135-karml-768x548.png 768w, https:\/\/www.maitri.pl\/wp-content\/uploads\/2024\/10\/135-karml-600x428.png 600w\" sizes=\"auto, (max-width: 983px) 100vw, 983px\" \/><\/p>\n<p><span style=\"font-size: 16px;\"><em>s. Marie Rose Ngendakumana<\/em><strong>, <a href=\"https:\/\/www.karmel.pl\/rodzina-karmelu\/zgromadzenie-siostr-karmelitanek-dzieciatka-jezus\/\" target=\"_blank\" rel=\"noopener noreferrer\">Zgromadzenie Si\u00f3str Karmelitanek Dzieci\u0105tka Jezus<\/a><\/strong><\/span><\/p>\n<p><span style=\"font-size: 16px;\">Numer projektu:<\/span><strong style=\"font-size: 16px;\"> 135\/KARML<\/strong><\/p>\n<p style=\"text-align: justify;\"><span style=\"color: #ff0000;\"><span style=\"font-size: large;\"><b>Kwota projektu: 7 530 \u20ac<\/b><\/span><\/span><em>\u00a0<\/em><\/p>\n<p style=\"text-align: justify;\"><span style=\"font-size: large;\"><em><span style=\"color: #999999;\"><span style=\"font-size: medium;\">Stowarzyszenie Ruchu Maitri przeznacza do 10% otrzymanych \u015brodk\u00f3w na koszty funkcjonowania biura i pozyskiwanie funduszy pomocowych.<\/span><\/span><\/em><\/span><\/p>\n<h3 style=\"text-align: justify;\" align=\"JUSTIFY\"><span style=\"color: #808080;\">Karmelitanki: budowa kuchni dla podopiecznych przedszkola w Gitega w Burundi<\/span><\/h3>\n","protected":false},"excerpt":{"rendered":"<p><strong>Projekt: <\/strong><em>s. Marie Rose Ngendakumana<\/em><strong>, <a href=\"https:\/\/www.karmel.pl\/rodzina-karmelu\/zgromadzenie-siostr-karmelitanek-dzieciatka-jezus\/\" target=\"_blank\" rel=\"noopener noreferrer\">Zgromadzenie Si\u00f3str Karmelitanek Dzieci\u0105tka Jezus<\/a><\/strong><br \/>\n<strong>Miejsce:<\/strong> Gitega Songa, <a href=\"https:\/\/www.maitri.pl\/gdzie-pomagamy\/\" target=\"_blank\" rel=\"noopener\">Burundi<\/a><br \/>\n<strong>Kwota projektu: <span style=\"color: #ff0000;\">7 530 \u20ac<\/span><\/strong><\/p>\n","protected":false},"featured_media":32243,"template":"","meta":[],"product_brand":[],"product_cat":[656],"product_tag":[667,714,1002,677],"class_list":{"0":"post-32233","1":"product","2":"type-product","3":"status-publish","4":"has-post-thumbnail","6":"product_cat-bez-kategorii","7":"product_tag-burundi","8":"product_tag-gitega-songa","9":"product_tag-siostra-marie-rose-ngendakumana","10":"product_tag-zgromadzenie-siostr-karmelitanek-dzieciatka-jezus","12":"first","13":"instock","14":"virtual","15":"purchasable","16":"product-type-simple"},"yoast_head":"<!-- This site is optimized with the Yoast SEO plugin v27.2 - https:\/\/yoast.com\/product\/yoast-seo-wordpress\/ -->\n<title>Karmelitanki: budowa kuchni dla przedszkola w Gitega w Burundi<\/title>\n<meta name=\"description\" content=\"Karmelitanki planuj\u0105 budow\u0119 kuchni dla przedszkola w Gitega w Burundi. Pomagamy tam w do\u017cywianiu ponad 200 dzieci. Prosimy o wsparcie!\" \/>\n<meta name=\"robots\" content=\"index, follow, max-snippet:-1, max-image-preview:large, max-video-preview:-1\" \/>\n<link rel=\"canonical\" href=\"https:\/\/www.maitri.pl\/projekt\/karmelitanki-budowa-kuchni\/\" \/>\n<meta property=\"og:locale\" content=\"fr_FR\" \/>\n<meta property=\"og:type\" content=\"article\" \/>\n<meta property=\"og:title\" content=\"Karmelitanki: budowa kuchni dla przedszkola w Gitega w Burundi\" \/>\n<meta property=\"og:description\" content=\"Karmelitanki planuj\u0105 budow\u0119 kuchni dla przedszkola w Gitega w Burundi. Pomagamy tam w do\u017cywianiu ponad 200 dzieci. Prosimy o wsparcie!\" \/>\n<meta property=\"og:url\" content=\"https:\/\/www.maitri.pl\/projekt\/karmelitanki-budowa-kuchni\/\" \/>\n<meta property=\"og:site_name\" content=\"Ruch Maitri - Adopcja Serca pomoc Afryce\" \/>\n<meta property=\"article:publisher\" content=\"https:\/\/www.facebook.com\/MAITRI.Adopcja.Serca.dzieci.Afryki\/\" \/>\n<meta property=\"article:modified_time\" content=\"2025-05-26T08:17:51+00:00\" \/>\n<meta property=\"og:image\" content=\"https:\/\/www.maitri.pl\/wp-content\/uploads\/2024\/10\/IMG_0786.jpg\" \/>\n\t<meta property=\"og:image:width\" content=\"2284\" \/>\n\t<meta property=\"og:image:height\" content=\"1713\" \/>\n\t<meta property=\"og:image:type\" content=\"image\/jpeg\" \/>\n<meta name=\"twitter:card\" content=\"summary_large_image\" \/>\n<meta name=\"twitter:label1\" content=\"Dur\u00e9e de lecture estim\u00e9e\" \/>\n\t<meta name=\"twitter:data1\" content=\"3 minutes\" \/>\n<script type=\"application\/ld+json\" class=\"yoast-schema-graph\">{\"@context\":\"https:\/\/schema.org\",\"@graph\":[{\"@type\":\"WebPage\",\"@id\":\"https:\/\/www.maitri.pl\/projekt\/karmelitanki-budowa-kuchni\/\",\"url\":\"https:\/\/www.maitri.pl\/projekt\/karmelitanki-budowa-kuchni\/\",\"name\":\"Karmelitanki: budowa kuchni dla przedszkola w Gitega w Burundi\",\"isPartOf\":{\"@id\":\"https:\/\/www.maitri.pl\/#website\"},\"primaryImageOfPage\":{\"@id\":\"https:\/\/www.maitri.pl\/projekt\/karmelitanki-budowa-kuchni\/#primaryimage\"},\"image\":{\"@id\":\"https:\/\/www.maitri.pl\/projekt\/karmelitanki-budowa-kuchni\/#primaryimage\"},\"thumbnailUrl\":\"https:\/\/www.maitri.pl\/wp-content\/uploads\/2024\/10\/IMG_0786.jpg\",\"datePublished\":\"2024-10-23T12:31:44+00:00\",\"dateModified\":\"2025-05-26T08:17:51+00:00\",\"description\":\"Karmelitanki planuj\u0105 budow\u0119 kuchni dla przedszkola w Gitega w Burundi. Pomagamy tam w do\u017cywianiu ponad 200 dzieci. Prosimy o wsparcie!\",\"breadcrumb\":{\"@id\":\"https:\/\/www.maitri.pl\/projekt\/karmelitanki-budowa-kuchni\/#breadcrumb\"},\"inLanguage\":\"fr-FR\",\"potentialAction\":[{\"@type\":\"ReadAction\",\"target\":[\"https:\/\/www.maitri.pl\/projekt\/karmelitanki-budowa-kuchni\/\"]}]},{\"@type\":\"ImageObject\",\"inLanguage\":\"fr-FR\",\"@id\":\"https:\/\/www.maitri.pl\/projekt\/karmelitanki-budowa-kuchni\/#primaryimage\",\"url\":\"https:\/\/www.maitri.pl\/wp-content\/uploads\/2024\/10\/IMG_0786.jpg\",\"contentUrl\":\"https:\/\/www.maitri.pl\/wp-content\/uploads\/2024\/10\/IMG_0786.jpg\",\"width\":2284,\"height\":1713,\"caption\":\"Karmelitanki: budowa kuchni dla przedszkola w Gitega w Burundi pomoc Afryce pomoc ubogim Adopcja Serca Maitri Adopcja Duchowa 03\"},{\"@type\":\"BreadcrumbList\",\"@id\":\"https:\/\/www.maitri.pl\/projekt\/karmelitanki-budowa-kuchni\/#breadcrumb\",\"itemListElement\":[{\"@type\":\"ListItem\",\"position\":1,\"name\":\"Strona g\u0142\u00f3wna\",\"item\":\"https:\/\/www.maitri.pl\/\"},{\"@type\":\"ListItem\",\"position\":2,\"name\":\"Sklep\",\"item\":\"https:\/\/www.maitri.pl\/sklep\/\"},{\"@type\":\"ListItem\",\"position\":3,\"name\":\"Karmelitanki: budowa kuchni dla przedszkola w Gitega w Burundi\"}]},{\"@type\":\"WebSite\",\"@id\":\"https:\/\/www.maitri.pl\/#website\",\"url\":\"https:\/\/www.maitri.pl\/\",\"name\":\"Adopcja Serca Maitri \u2013 pomoc dzieciom w Afryce\",\"description\":\"Adopcja Serca \u2013 adopcja na odleg\u0142o\u015b\u0107, pomoc Afryce, do\u017cywianie i edukacja w Afryce\",\"publisher\":{\"@id\":\"https:\/\/www.maitri.pl\/#organization\"},\"potentialAction\":[{\"@type\":\"SearchAction\",\"target\":{\"@type\":\"EntryPoint\",\"urlTemplate\":\"https:\/\/www.maitri.pl\/?s={search_term_string}\"},\"query-input\":{\"@type\":\"PropertyValueSpecification\",\"valueRequired\":true,\"valueName\":\"search_term_string\"}}],\"inLanguage\":\"fr-FR\"},{\"@type\":\"Organization\",\"@id\":\"https:\/\/www.maitri.pl\/#organization\",\"name\":\"Stowarzyszenie Ruchu Maitri\",\"url\":\"https:\/\/www.maitri.pl\/\",\"logo\":{\"@type\":\"ImageObject\",\"inLanguage\":\"fr-FR\",\"@id\":\"https:\/\/www.maitri.pl\/#\/schema\/logo\/image\/\",\"url\":\"https:\/\/www.maitri.pl\/wp-content\/uploads\/2020\/04\/duze_logo-81.png\",\"contentUrl\":\"https:\/\/www.maitri.pl\/wp-content\/uploads\/2020\/04\/duze_logo-81.png\",\"width\":339,\"height\":321,\"caption\":\"Stowarzyszenie Ruchu Maitri\"},\"image\":{\"@id\":\"https:\/\/www.maitri.pl\/#\/schema\/logo\/image\/\"},\"sameAs\":[\"https:\/\/www.facebook.com\/MAITRI.Adopcja.Serca.dzieci.Afryki\/\"]}]}<\/script>\n<!-- \/ Yoast SEO plugin. -->","yoast_head_json":{"title":"Karmelitanki: budowa kuchni dla przedszkola w Gitega w Burundi","description":"Karmelitanki planuj\u0105 budow\u0119 kuchni dla przedszkola w Gitega w Burundi. Pomagamy tam w do\u017cywianiu ponad 200 dzieci. Prosimy o wsparcie!","robots":{"index":"index","follow":"follow","max-snippet":"max-snippet:-1","max-image-preview":"max-image-preview:large","max-video-preview":"max-video-preview:-1"},"canonical":"https:\/\/www.maitri.pl\/projekt\/karmelitanki-budowa-kuchni\/","og_locale":"fr_FR","og_type":"article","og_title":"Karmelitanki: budowa kuchni dla przedszkola w Gitega w Burundi","og_description":"Karmelitanki planuj\u0105 budow\u0119 kuchni dla przedszkola w Gitega w Burundi. Pomagamy tam w do\u017cywianiu ponad 200 dzieci. Prosimy o wsparcie!","og_url":"https:\/\/www.maitri.pl\/projekt\/karmelitanki-budowa-kuchni\/","og_site_name":"Ruch Maitri - Adopcja Serca pomoc Afryce","article_publisher":"https:\/\/www.facebook.com\/MAITRI.Adopcja.Serca.dzieci.Afryki\/","article_modified_time":"2025-05-26T08:17:51+00:00","og_image":[{"width":2284,"height":1713,"url":"https:\/\/www.maitri.pl\/wp-content\/uploads\/2024\/10\/IMG_0786.jpg","type":"image\/jpeg"}],"twitter_card":"summary_large_image","twitter_misc":{"Dur\u00e9e de lecture estim\u00e9e":"3 minutes"},"schema":{"@context":"https:\/\/schema.org","@graph":[{"@type":"WebPage","@id":"https:\/\/www.maitri.pl\/projekt\/karmelitanki-budowa-kuchni\/","url":"https:\/\/www.maitri.pl\/projekt\/karmelitanki-budowa-kuchni\/","name":"Karmelitanki: budowa kuchni dla przedszkola w Gitega w Burundi","isPartOf":{"@id":"https:\/\/www.maitri.pl\/#website"},"primaryImageOfPage":{"@id":"https:\/\/www.maitri.pl\/projekt\/karmelitanki-budowa-kuchni\/#primaryimage"},"image":{"@id":"https:\/\/www.maitri.pl\/projekt\/karmelitanki-budowa-kuchni\/#primaryimage"},"thumbnailUrl":"https:\/\/www.maitri.pl\/wp-content\/uploads\/2024\/10\/IMG_0786.jpg","datePublished":"2024-10-23T12:31:44+00:00","dateModified":"2025-05-26T08:17:51+00:00","description":"Karmelitanki planuj\u0105 budow\u0119 kuchni dla przedszkola w Gitega w Burundi. Pomagamy tam w do\u017cywianiu ponad 200 dzieci. Prosimy o wsparcie!","breadcrumb":{"@id":"https:\/\/www.maitri.pl\/projekt\/karmelitanki-budowa-kuchni\/#breadcrumb"},"inLanguage":"fr-FR","potentialAction":[{"@type":"ReadAction","target":["https:\/\/www.maitri.pl\/projekt\/karmelitanki-budowa-kuchni\/"]}]},{"@type":"ImageObject","inLanguage":"fr-FR","@id":"https:\/\/www.maitri.pl\/projekt\/karmelitanki-budowa-kuchni\/#primaryimage","url":"https:\/\/www.maitri.pl\/wp-content\/uploads\/2024\/10\/IMG_0786.jpg","contentUrl":"https:\/\/www.maitri.pl\/wp-content\/uploads\/2024\/10\/IMG_0786.jpg","width":2284,"height":1713,"caption":"Karmelitanki: budowa kuchni dla przedszkola w Gitega w Burundi pomoc Afryce pomoc ubogim Adopcja Serca Maitri Adopcja Duchowa 03"},{"@type":"BreadcrumbList","@id":"https:\/\/www.maitri.pl\/projekt\/karmelitanki-budowa-kuchni\/#breadcrumb","itemListElement":[{"@type":"ListItem","position":1,"name":"Strona g\u0142\u00f3wna","item":"https:\/\/www.maitri.pl\/"},{"@type":"ListItem","position":2,"name":"Sklep","item":"https:\/\/www.maitri.pl\/sklep\/"},{"@type":"ListItem","position":3,"name":"Karmelitanki: budowa kuchni dla przedszkola w Gitega w Burundi"}]},{"@type":"WebSite","@id":"https:\/\/www.maitri.pl\/#website","url":"https:\/\/www.maitri.pl\/","name":"Adopcja Serca Maitri \u2013 pomoc dzieciom w Afryce","description":"Adopcja Serca \u2013 adopcja na odleg\u0142o\u015b\u0107, pomoc Afryce, do\u017cywianie i edukacja w Afryce","publisher":{"@id":"https:\/\/www.maitri.pl\/#organization"},"potentialAction":[{"@type":"SearchAction","target":{"@type":"EntryPoint","urlTemplate":"https:\/\/www.maitri.pl\/?s={search_term_string}"},"query-input":{"@type":"PropertyValueSpecification","valueRequired":true,"valueName":"search_term_string"}}],"inLanguage":"fr-FR"},{"@type":"Organization","@id":"https:\/\/www.maitri.pl\/#organization","name":"Stowarzyszenie Ruchu Maitri","url":"https:\/\/www.maitri.pl\/","logo":{"@type":"ImageObject","inLanguage":"fr-FR","@id":"https:\/\/www.maitri.pl\/#\/schema\/logo\/image\/","url":"https:\/\/www.maitri.pl\/wp-content\/uploads\/2020\/04\/duze_logo-81.png","contentUrl":"https:\/\/www.maitri.pl\/wp-content\/uploads\/2020\/04\/duze_logo-81.png","width":339,"height":321,"caption":"Stowarzyszenie Ruchu Maitri"},"image":{"@id":"https:\/\/www.maitri.pl\/#\/schema\/logo\/image\/"},"sameAs":["https:\/\/www.facebook.com\/MAITRI.Adopcja.Serca.dzieci.Afryki\/"]}]}},"_links":{"self":[{"href":"https:\/\/www.maitri.pl\/fr\/wp-json\/wp\/v2\/product\/32233","targetHints":{"allow":["GET"]}}],"collection":[{"href":"https:\/\/www.maitri.pl\/fr\/wp-json\/wp\/v2\/product"}],"about":[{"href":"https:\/\/www.maitri.pl\/fr\/wp-json\/wp\/v2\/types\/product"}],"wp:featuredmedia":[{"embeddable":true,"href":"https:\/\/www.maitri.pl\/fr\/wp-json\/wp\/v2\/media\/32243"}],"wp:attachment":[{"href":"https:\/\/www.maitri.pl\/fr\/wp-json\/wp\/v2\/media?parent=32233"}],"wp:term":[{"taxonomy":"product_brand","embeddable":true,"href":"https:\/\/www.maitri.pl\/fr\/wp-json\/wp\/v2\/product_brand?post=32233"},{"taxonomy":"product_cat","embeddable":true,"href":"https:\/\/www.maitri.pl\/fr\/wp-json\/wp\/v2\/product_cat?post=32233"},{"taxonomy":"product_tag","embeddable":true,"href":"https:\/\/www.maitri.pl\/fr\/wp-json\/wp\/v2\/product_tag?post=32233"}],"curies":[{"name":"wp","href":"https:\/\/api.w.org\/{rel}","templated":true}]}}