{"id":32220,"date":"2024-10-23T11:22:23","date_gmt":"2024-10-23T09:22:23","guid":{"rendered":"https:\/\/www.maitri.pl\/?post_type=product&#038;p=32220"},"modified":"2025-03-31T14:12:48","modified_gmt":"2025-03-31T12:12:48","slug":"budowa-studni-kasaji","status":"publish","type":"product","link":"https:\/\/www.maitri.pl\/fr\/projekt\/budowa-studni-kasaji\/","title":{"rendered":"Budowa studni g\u0142\u0119binowej zasilanej energi\u0105 s\u0142oneczn\u0105 w Kasaji w DR Kongo"},"content":{"rendered":"<h4>Tysi\u0105ce ludzi bez wody<\/h4>\n<p>W licz\u0105cej ponad 12 tys. mieszka\u0144c\u00f3w dzielnicy \u00ab\u00a017 Maja\u00a0\u00bb w Kasaji jest trudny dost\u0119p do wody pitnej. Ludno\u015b\u0107 tego miasta na og\u00f3\u0142 pije wod\u0119 z tradycyjnych studni, w przeciwie\u0144stwie do innych miast w prowincji Lualaba, kt\u00f3re korzystaj\u0105 z du\u017cego wsparcia ze strony przedsi\u0119biorstw wydobywczych. Ta dysproporcja w zasi\u0119gu pozostaje bardzo wyra\u017ana. A\u017c 80% ludno\u015bci wiejskiej nie ma dost\u0119pu do sprawdzonych \u017ar\u00f3de\u0142 wody pitnej. Ta sytuacja jeszcze bardziej marginalizuje miasto Kasaji, obszar zasiedlony przez populacj\u0119 ch\u0142opsk\u0105. Woda u\u017cywana przez nich jest cz\u0119sto zaka\u017cona, co powoduje choroby przenoszone przez wod\u0119 i paso\u017cyty, takie jak biegunka, czerwonka, cholera, dur brzuszny i infekcje u kobiet. Aby temu zapobiec, konieczna jest budowa studni g\u0142\u0119binowej.<\/p>\n<h4>Tam czysta woda to luksus<\/h4>\n<p>Jedynym istniej\u0105cym \u017ar\u00f3d\u0142em wody, kt\u00f3re pochodzi z lat 80., jest punkt poboru na rzece Kayisala, 3 km od miasta. Tam kobiety i dzieci z dzielnicy 17 Maja udaj\u0105 si\u0119 po zapasy wody, bez \u017cadnej gwarancji ani kontroli, czy nadaje si\u0119 ona do picia.\u00a0Mieszka\u0144cy miasta Kasaji, kt\u00f3rzy maj\u0105 na to \u015brodki, zaopatruj\u0105 si\u0119 w wod\u0119 sami. Przewo\u017c\u0105 j\u0105 na rowerach lub w furgonetkach, gdzie 20-litrowa puszka wody kosztuje 500 FC lub 0,18 USD. Jednak wiele rodzin w tej dzielnicy \u017cyje bez dochod\u00f3w i nie sta\u0107 ich na zakup wody z kontrolowanego \u017ar\u00f3d\u0142a. Jednym z rozwi\u0105za\u0144 jest odwiert wody pitnej za pomoc\u0105 rur stoj\u0105cych zasilanych panelami s\u0142onecznymi. To rozwi\u0105zanie jest idealne dla dzielnicy, w kt\u00f3rej niedob\u00f3r wody pitnej jest problemem zdrowia publicznego.<\/p>\n<h4>Zahamowa\u0107 rozszerzanie si\u0119 chor\u00f3b<\/h4>\n<p>Bezpo\u015brednimi beneficjentami pomocy b\u0119d\u0105 rodziny obj\u0119te opiek\u0105 parafii i fundacji Marie Notre Secours. To \u0142\u0105cznie 87 dzieci i 40 kobiet. Jednak ze studni, po jej wybudowaniu, b\u0119d\u0105 korzysta\u0107 r\u00f3wnie\u017c mieszka\u0144cy dzielnicy 17 MAI w mie\u015bcie KASAJI. Celem budowy studni jest poprawa dost\u0119pu ludzi do wody pitnej, szczeg\u00f3lnie na obszarze wiejskim. Zainstalowanie odwiertu wody pitnej z systemem paneli s\u0142onecznych w jednej z najbiedniejszych dzielnic miasta Kasaji pomo\u017ce zmniejszy\u0107 liczb\u0119 chor\u00f3b przenoszonych przez wod\u0119 na tym obszarze oraz og\u00f3lnie zmniejszy\u0107 ub\u00f3stwo. Odwiert b\u0119dzie mia\u0142 g\u0142\u0119boko\u015b\u0107 70 m o \u015brednicy 8&Prime;. Studnia powstanie poprzez wiercenie obrotowe z pomp\u0105 p\u0142uczkow\u0105.<\/p>\n<h4>Kosztorys:<\/h4>\n<p><img loading=\"lazy\" decoding=\"async\" class=\"alignnone wp-image-32221 size-full\" src=\"https:\/\/www.maitri.pl\/wp-content\/uploads\/2024\/10\/22-parak.png\" alt=\"\" width=\"957\" height=\"873\" srcset=\"https:\/\/www.maitri.pl\/wp-content\/uploads\/2024\/10\/22-parak.png 957w, https:\/\/www.maitri.pl\/wp-content\/uploads\/2024\/10\/22-parak-300x274.png 300w, https:\/\/www.maitri.pl\/wp-content\/uploads\/2024\/10\/22-parak-768x701.png 768w, https:\/\/www.maitri.pl\/wp-content\/uploads\/2024\/10\/22-parak-600x547.png 600w\" sizes=\"auto, (max-width: 957px) 100vw, 957px\" \/><\/p>\n<p>AFEOA\u00a0 jest wdzi\u0119czna Maitri za wsp\u00f3\u0142prac\u0119 w projektach polepszaj\u0105cych \u017cycie sierot oraz ubogiej ludno\u015bci. Z ca\u0142ego serca dzi\u0119kujemy za nieustaj\u0105ce wsparcie i wsp\u00f3\u0142prac\u0119.<\/p>\n<p>przed\u0142o\u017cy\u0142a: Therese Manyingu, dyrektor sieroci\u0144ca <a href=\"https:\/\/www.facebook.com\/profile.php?id=100078986562161\" target=\"_blank\" rel=\"noopener\">AFEOA<\/a>, Parafia \u015bw. Andrzeja Kima, <a href=\"https:\/\/www.maitri.pl\/gdzie-pomagamy\/\" target=\"_blank\" rel=\"noopener noreferrer\">Lubumbashi, DR Kongo<\/a><\/p>\n<p>Dzi\u0119kuj\u0119 za ca\u0142\u0105 wasz\u0105 wsp\u00f3\u0142prac\u0119, kt\u00f3ra bez mi\u0142o\u015bci i po\u015bwi\u0119cenia nie mog\u0142aby si\u0119 spe\u0142ni\u0107.<\/p>\n<p>Z ca\u0142ego serca dzi\u0119kujemy ofiarodawcom. Liczymy na Wasze wsparcie i tym razem<strong>.<\/strong><\/p>\n<p><b style=\"font-size: large; color: #ff0000;\">Kwota: 15 370 \u20ac <\/b><\/p>\n<p style=\"text-align: justify;\" align=\"JUSTIFY\">Numer projektu: <strong>22\/PARAK<\/strong><\/p>\n<p style=\"text-align: justify;\" align=\"JUSTIFY\"><span style=\"color: #808080;\">Stowarzyszenie Ruchu\u00a0<em>Maitri<\/em> przeznacza do 10% otrzymanych \u015brodk\u00f3w na koszty funkcjonowania biura i pozyskiwanie funduszy pomocowych. <\/span><\/p>\n<h3 style=\"text-align: justify;\" align=\"JUSTIFY\"><span style=\"color: #808080;\">Budowa studni g\u0142\u0119binowej zasilanej energi\u0105 s\u0142oneczn\u0105 w Kasaji w DR Kongo<\/span><\/h3>\n<p>&nbsp;<\/p>\n<p>&nbsp;<\/p>\n","protected":false},"excerpt":{"rendered":"<p><strong>Projekt:<\/strong> Therese Manyingu, dyrektor sieroci\u0144ca AFEOA w Lubumbashi, Parafia \u015bw. Andrzeja Kima<br \/>\n<strong>Misja:<\/strong> <a href=\"https:\/\/www.maitri.pl\/gdzie-pomagamy\/\" target=\"_blank\" rel=\"noopener noreferrer\">Lubumbashi, DR Kongo<\/a><br \/>\n<strong>Kwota projektu:<\/strong> <span style=\"color: #ff0000;\"><strong>15 370 \u20ac<\/strong><\/span><\/p>\n","protected":false},"featured_media":32224,"template":"","meta":[],"product_brand":[],"product_cat":[656],"product_tag":[812,690,1011,692,892],"class_list":{"0":"post-32220","1":"product","2":"type-product","3":"status-publish","4":"has-post-thumbnail","6":"product_cat-bez-kategorii","7":"product_tag-afeoa","8":"product_tag-dr-kongo","9":"product_tag-kasaji","10":"product_tag-lubumbashi","11":"product_tag-therese-manyingu","13":"first","14":"instock","15":"virtual","16":"purchasable","17":"product-type-simple"},"yoast_head":"<!-- This site is optimized with the Yoast SEO plugin v27.2 - https:\/\/yoast.com\/product\/yoast-seo-wordpress\/ -->\n<title>Budowa studni g\u0142\u0119binowej zasilanej energi\u0105 s\u0142oneczn\u0105 w Kasaji<\/title>\n<meta name=\"description\" content=\"Budowa studni g\u0142\u0119binowej zasilanej energi\u0105 s\u0142oneczn\u0105 w Kasaji w DR Kongo. O wsparcie prosi sierociniec AFEOA w Lubumbashi.\" \/>\n<meta name=\"robots\" content=\"index, follow, max-snippet:-1, max-image-preview:large, max-video-preview:-1\" \/>\n<link rel=\"canonical\" href=\"https:\/\/www.maitri.pl\/projekt\/budowa-studni-kasaji\/\" \/>\n<meta property=\"og:locale\" content=\"fr_FR\" \/>\n<meta property=\"og:type\" content=\"article\" \/>\n<meta property=\"og:title\" content=\"Budowa studni g\u0142\u0119binowej zasilanej energi\u0105 s\u0142oneczn\u0105 w Kasaji\" \/>\n<meta property=\"og:description\" content=\"Budowa studni g\u0142\u0119binowej zasilanej energi\u0105 s\u0142oneczn\u0105 w Kasaji w DR Kongo. O wsparcie prosi sierociniec AFEOA w Lubumbashi.\" \/>\n<meta property=\"og:url\" content=\"https:\/\/www.maitri.pl\/projekt\/budowa-studni-kasaji\/\" \/>\n<meta property=\"og:site_name\" content=\"Ruch Maitri - Adopcja Serca pomoc Afryce\" \/>\n<meta property=\"article:publisher\" content=\"https:\/\/www.facebook.com\/MAITRI.Adopcja.Serca.dzieci.Afryki\/\" \/>\n<meta property=\"article:modified_time\" content=\"2025-03-31T12:12:48+00:00\" \/>\n<meta property=\"og:image\" content=\"https:\/\/www.maitri.pl\/wp-content\/uploads\/2024\/10\/22-PARAK_1.jpg\" \/>\n\t<meta property=\"og:image:width\" content=\"720\" \/>\n\t<meta property=\"og:image:height\" content=\"1012\" \/>\n\t<meta property=\"og:image:type\" content=\"image\/jpeg\" \/>\n<meta name=\"twitter:card\" content=\"summary_large_image\" \/>\n<meta name=\"twitter:label1\" content=\"Dur\u00e9e de lecture estim\u00e9e\" \/>\n\t<meta name=\"twitter:data1\" content=\"4 minutes\" \/>\n<script type=\"application\/ld+json\" class=\"yoast-schema-graph\">{\"@context\":\"https:\/\/schema.org\",\"@graph\":[{\"@type\":\"WebPage\",\"@id\":\"https:\/\/www.maitri.pl\/projekt\/budowa-studni-kasaji\/\",\"url\":\"https:\/\/www.maitri.pl\/projekt\/budowa-studni-kasaji\/\",\"name\":\"Budowa studni g\u0142\u0119binowej zasilanej energi\u0105 s\u0142oneczn\u0105 w Kasaji\",\"isPartOf\":{\"@id\":\"https:\/\/www.maitri.pl\/#website\"},\"primaryImageOfPage\":{\"@id\":\"https:\/\/www.maitri.pl\/projekt\/budowa-studni-kasaji\/#primaryimage\"},\"image\":{\"@id\":\"https:\/\/www.maitri.pl\/projekt\/budowa-studni-kasaji\/#primaryimage\"},\"thumbnailUrl\":\"https:\/\/www.maitri.pl\/wp-content\/uploads\/2024\/10\/22-PARAK_1.jpg\",\"datePublished\":\"2024-10-23T09:22:23+00:00\",\"dateModified\":\"2025-03-31T12:12:48+00:00\",\"description\":\"Budowa studni g\u0142\u0119binowej zasilanej energi\u0105 s\u0142oneczn\u0105 w Kasaji w DR Kongo. O wsparcie prosi sierociniec AFEOA w Lubumbashi.\",\"breadcrumb\":{\"@id\":\"https:\/\/www.maitri.pl\/projekt\/budowa-studni-kasaji\/#breadcrumb\"},\"inLanguage\":\"fr-FR\",\"potentialAction\":[{\"@type\":\"ReadAction\",\"target\":[\"https:\/\/www.maitri.pl\/projekt\/budowa-studni-kasaji\/\"]}]},{\"@type\":\"ImageObject\",\"inLanguage\":\"fr-FR\",\"@id\":\"https:\/\/www.maitri.pl\/projekt\/budowa-studni-kasaji\/#primaryimage\",\"url\":\"https:\/\/www.maitri.pl\/wp-content\/uploads\/2024\/10\/22-PARAK_1.jpg\",\"contentUrl\":\"https:\/\/www.maitri.pl\/wp-content\/uploads\/2024\/10\/22-PARAK_1.jpg\",\"width\":720,\"height\":1012,\"caption\":\"Budowa studni g\u0142\u0119binowej zasilanej energi\u0105 s\u0142oneczn\u0105 w Kasaji w DR Kongo Adopcja Serca Maitri Adopcja Duchowa ja\u0142mu\u017cna sierociniec pomoc sierotom pomoc ubogim dzieci Afryki 01\"},{\"@type\":\"BreadcrumbList\",\"@id\":\"https:\/\/www.maitri.pl\/projekt\/budowa-studni-kasaji\/#breadcrumb\",\"itemListElement\":[{\"@type\":\"ListItem\",\"position\":1,\"name\":\"Strona g\u0142\u00f3wna\",\"item\":\"https:\/\/www.maitri.pl\/\"},{\"@type\":\"ListItem\",\"position\":2,\"name\":\"Sklep\",\"item\":\"https:\/\/www.maitri.pl\/sklep\/\"},{\"@type\":\"ListItem\",\"position\":3,\"name\":\"Budowa studni g\u0142\u0119binowej zasilanej energi\u0105 s\u0142oneczn\u0105 w Kasaji w DR Kongo\"}]},{\"@type\":\"WebSite\",\"@id\":\"https:\/\/www.maitri.pl\/#website\",\"url\":\"https:\/\/www.maitri.pl\/\",\"name\":\"Adopcja Serca Maitri \u2013 pomoc dzieciom w Afryce\",\"description\":\"Adopcja Serca \u2013 adopcja na odleg\u0142o\u015b\u0107, pomoc Afryce, do\u017cywianie i edukacja w Afryce\",\"publisher\":{\"@id\":\"https:\/\/www.maitri.pl\/#organization\"},\"potentialAction\":[{\"@type\":\"SearchAction\",\"target\":{\"@type\":\"EntryPoint\",\"urlTemplate\":\"https:\/\/www.maitri.pl\/?s={search_term_string}\"},\"query-input\":{\"@type\":\"PropertyValueSpecification\",\"valueRequired\":true,\"valueName\":\"search_term_string\"}}],\"inLanguage\":\"fr-FR\"},{\"@type\":\"Organization\",\"@id\":\"https:\/\/www.maitri.pl\/#organization\",\"name\":\"Stowarzyszenie Ruchu Maitri\",\"url\":\"https:\/\/www.maitri.pl\/\",\"logo\":{\"@type\":\"ImageObject\",\"inLanguage\":\"fr-FR\",\"@id\":\"https:\/\/www.maitri.pl\/#\/schema\/logo\/image\/\",\"url\":\"https:\/\/www.maitri.pl\/wp-content\/uploads\/2020\/04\/duze_logo-81.png\",\"contentUrl\":\"https:\/\/www.maitri.pl\/wp-content\/uploads\/2020\/04\/duze_logo-81.png\",\"width\":339,\"height\":321,\"caption\":\"Stowarzyszenie Ruchu Maitri\"},\"image\":{\"@id\":\"https:\/\/www.maitri.pl\/#\/schema\/logo\/image\/\"},\"sameAs\":[\"https:\/\/www.facebook.com\/MAITRI.Adopcja.Serca.dzieci.Afryki\/\"]}]}<\/script>\n<!-- \/ Yoast SEO plugin. -->","yoast_head_json":{"title":"Budowa studni g\u0142\u0119binowej zasilanej energi\u0105 s\u0142oneczn\u0105 w Kasaji","description":"Budowa studni g\u0142\u0119binowej zasilanej energi\u0105 s\u0142oneczn\u0105 w Kasaji w DR Kongo. O wsparcie prosi sierociniec AFEOA w Lubumbashi.","robots":{"index":"index","follow":"follow","max-snippet":"max-snippet:-1","max-image-preview":"max-image-preview:large","max-video-preview":"max-video-preview:-1"},"canonical":"https:\/\/www.maitri.pl\/projekt\/budowa-studni-kasaji\/","og_locale":"fr_FR","og_type":"article","og_title":"Budowa studni g\u0142\u0119binowej zasilanej energi\u0105 s\u0142oneczn\u0105 w Kasaji","og_description":"Budowa studni g\u0142\u0119binowej zasilanej energi\u0105 s\u0142oneczn\u0105 w Kasaji w DR Kongo. O wsparcie prosi sierociniec AFEOA w Lubumbashi.","og_url":"https:\/\/www.maitri.pl\/projekt\/budowa-studni-kasaji\/","og_site_name":"Ruch Maitri - Adopcja Serca pomoc Afryce","article_publisher":"https:\/\/www.facebook.com\/MAITRI.Adopcja.Serca.dzieci.Afryki\/","article_modified_time":"2025-03-31T12:12:48+00:00","og_image":[{"width":720,"height":1012,"url":"https:\/\/www.maitri.pl\/wp-content\/uploads\/2024\/10\/22-PARAK_1.jpg","type":"image\/jpeg"}],"twitter_card":"summary_large_image","twitter_misc":{"Dur\u00e9e de lecture estim\u00e9e":"4 minutes"},"schema":{"@context":"https:\/\/schema.org","@graph":[{"@type":"WebPage","@id":"https:\/\/www.maitri.pl\/projekt\/budowa-studni-kasaji\/","url":"https:\/\/www.maitri.pl\/projekt\/budowa-studni-kasaji\/","name":"Budowa studni g\u0142\u0119binowej zasilanej energi\u0105 s\u0142oneczn\u0105 w Kasaji","isPartOf":{"@id":"https:\/\/www.maitri.pl\/#website"},"primaryImageOfPage":{"@id":"https:\/\/www.maitri.pl\/projekt\/budowa-studni-kasaji\/#primaryimage"},"image":{"@id":"https:\/\/www.maitri.pl\/projekt\/budowa-studni-kasaji\/#primaryimage"},"thumbnailUrl":"https:\/\/www.maitri.pl\/wp-content\/uploads\/2024\/10\/22-PARAK_1.jpg","datePublished":"2024-10-23T09:22:23+00:00","dateModified":"2025-03-31T12:12:48+00:00","description":"Budowa studni g\u0142\u0119binowej zasilanej energi\u0105 s\u0142oneczn\u0105 w Kasaji w DR Kongo. O wsparcie prosi sierociniec AFEOA w Lubumbashi.","breadcrumb":{"@id":"https:\/\/www.maitri.pl\/projekt\/budowa-studni-kasaji\/#breadcrumb"},"inLanguage":"fr-FR","potentialAction":[{"@type":"ReadAction","target":["https:\/\/www.maitri.pl\/projekt\/budowa-studni-kasaji\/"]}]},{"@type":"ImageObject","inLanguage":"fr-FR","@id":"https:\/\/www.maitri.pl\/projekt\/budowa-studni-kasaji\/#primaryimage","url":"https:\/\/www.maitri.pl\/wp-content\/uploads\/2024\/10\/22-PARAK_1.jpg","contentUrl":"https:\/\/www.maitri.pl\/wp-content\/uploads\/2024\/10\/22-PARAK_1.jpg","width":720,"height":1012,"caption":"Budowa studni g\u0142\u0119binowej zasilanej energi\u0105 s\u0142oneczn\u0105 w Kasaji w DR Kongo Adopcja Serca Maitri Adopcja Duchowa ja\u0142mu\u017cna sierociniec pomoc sierotom pomoc ubogim dzieci Afryki 01"},{"@type":"BreadcrumbList","@id":"https:\/\/www.maitri.pl\/projekt\/budowa-studni-kasaji\/#breadcrumb","itemListElement":[{"@type":"ListItem","position":1,"name":"Strona g\u0142\u00f3wna","item":"https:\/\/www.maitri.pl\/"},{"@type":"ListItem","position":2,"name":"Sklep","item":"https:\/\/www.maitri.pl\/sklep\/"},{"@type":"ListItem","position":3,"name":"Budowa studni g\u0142\u0119binowej zasilanej energi\u0105 s\u0142oneczn\u0105 w Kasaji w DR Kongo"}]},{"@type":"WebSite","@id":"https:\/\/www.maitri.pl\/#website","url":"https:\/\/www.maitri.pl\/","name":"Adopcja Serca Maitri \u2013 pomoc dzieciom w Afryce","description":"Adopcja Serca \u2013 adopcja na odleg\u0142o\u015b\u0107, pomoc Afryce, do\u017cywianie i edukacja w Afryce","publisher":{"@id":"https:\/\/www.maitri.pl\/#organization"},"potentialAction":[{"@type":"SearchAction","target":{"@type":"EntryPoint","urlTemplate":"https:\/\/www.maitri.pl\/?s={search_term_string}"},"query-input":{"@type":"PropertyValueSpecification","valueRequired":true,"valueName":"search_term_string"}}],"inLanguage":"fr-FR"},{"@type":"Organization","@id":"https:\/\/www.maitri.pl\/#organization","name":"Stowarzyszenie Ruchu Maitri","url":"https:\/\/www.maitri.pl\/","logo":{"@type":"ImageObject","inLanguage":"fr-FR","@id":"https:\/\/www.maitri.pl\/#\/schema\/logo\/image\/","url":"https:\/\/www.maitri.pl\/wp-content\/uploads\/2020\/04\/duze_logo-81.png","contentUrl":"https:\/\/www.maitri.pl\/wp-content\/uploads\/2020\/04\/duze_logo-81.png","width":339,"height":321,"caption":"Stowarzyszenie Ruchu Maitri"},"image":{"@id":"https:\/\/www.maitri.pl\/#\/schema\/logo\/image\/"},"sameAs":["https:\/\/www.facebook.com\/MAITRI.Adopcja.Serca.dzieci.Afryki\/"]}]}},"_links":{"self":[{"href":"https:\/\/www.maitri.pl\/fr\/wp-json\/wp\/v2\/product\/32220","targetHints":{"allow":["GET"]}}],"collection":[{"href":"https:\/\/www.maitri.pl\/fr\/wp-json\/wp\/v2\/product"}],"about":[{"href":"https:\/\/www.maitri.pl\/fr\/wp-json\/wp\/v2\/types\/product"}],"wp:featuredmedia":[{"embeddable":true,"href":"https:\/\/www.maitri.pl\/fr\/wp-json\/wp\/v2\/media\/32224"}],"wp:attachment":[{"href":"https:\/\/www.maitri.pl\/fr\/wp-json\/wp\/v2\/media?parent=32220"}],"wp:term":[{"taxonomy":"product_brand","embeddable":true,"href":"https:\/\/www.maitri.pl\/fr\/wp-json\/wp\/v2\/product_brand?post=32220"},{"taxonomy":"product_cat","embeddable":true,"href":"https:\/\/www.maitri.pl\/fr\/wp-json\/wp\/v2\/product_cat?post=32220"},{"taxonomy":"product_tag","embeddable":true,"href":"https:\/\/www.maitri.pl\/fr\/wp-json\/wp\/v2\/product_tag?post=32220"}],"curies":[{"name":"wp","href":"https:\/\/api.w.org\/{rel}","templated":true}]}}