{"id":32175,"date":"2024-10-18T10:50:02","date_gmt":"2024-10-18T08:50:02","guid":{"rendered":"https:\/\/www.maitri.pl\/?post_type=product&#038;p=32175"},"modified":"2025-03-31T14:13:01","modified_gmt":"2025-03-31T12:13:01","slug":"dozywianie-w-przedszkolu-burundi","status":"publish","type":"product","link":"https:\/\/www.maitri.pl\/fr\/projekt\/dozywianie-w-przedszkolu-burundi\/","title":{"rendered":"200 dzieci czeka na posi\u0142ek &#8211; do\u017cywianie w przedszkolu \u00ab\u00a0Dzieci\u0105tka Jezus\u00a0\u00bb w Gitega"},"content":{"rendered":"<h4>Coraz wi\u0119cej przedszkolak\u00f3w<\/h4>\n<p>Od wrze\u015bnia nowego roku szkolnego 2024-2025 nasze przedszkole \u201eDzieci\u0105tka Jezus\u201d obejmuje grup\u0119 200 dzieci w sze\u015bciu klasach. Mamy 3 poziomy, ka\u017cdy poziom ma dwie klasy. Prowadzimy do\u017cywianie w przedszkolu. Zwykle karmimy te dzieci mi\u0119dzy zaj\u0119ciami, aby je zach\u0119ci\u0107, poniewa\u017c wi\u0119kszo\u015b\u0107 z nich pochodzi z biednych rodzin. Codzienny posi\u0142ek sk\u0142ada si\u0119 z chleba i sma\u017conego boczku, herbaty i mleka lub owsianki. Dzi\u0119ki waszej pomocy uda\u0142o nam si\u0119 kupi\u0107 w minionym roku racje \u017cywno\u015bciowe dla dzieci i zap\u0142aci\u0107 wynagrodzenie kucharzom. W tym roku brakuje nam funduszy, dlatego apelujemy o wsparcie ludzi dobrej woli.<\/p>\n<h4>Najbiedniejszy kraj na \u015bwiecie<\/h4>\n<p>Wed\u0142ug danych za 2023 rok, Burundi by\u0142o najbiedniejszym krajem \u015bwiata. O ile w Polsce PKB na jednego mieszka\u0144ca to nieca\u0142e 17 tys. dolar\u00f3w, w Burundi to tylko 308 dolar\u00f3w. Oznacza to, \u017ce ten kraj jest biedniejszy od Polski a\u017c 55 razy. Dlatego tak wa\u017cna jest obecno\u015b\u0107 organizacji pomocowych, kt\u00f3re jak Maitri i jego darczy\u0144cy mog\u0105 op\u0142aci\u0107 nauk\u0119 dzieciom z najubo\u017cszych rodzin. Niestety nauka o pustym \u017co\u0142\u0105dku nie b\u0119dzie mia\u0142a efektu. One musz\u0105 mie\u0107 zapewniony <a href=\"https:\/\/www.maitri.pl\/projekty-pomocowe\/\" target=\"_blank\" rel=\"noopener\">codzienny posi\u0142ek<\/a>. Do\u017cywianie w przedszkolu pomo\u017ce w prawid\u0142owym rozwoju niedo\u017cywionych dzieci.<\/p>\n<h4>Bez Was nie b\u0119d\u0105 mia\u0142y co je\u015b\u0107<\/h4>\n<p>Niestety Siostry Karmelitanki nie maj\u0105 ju\u017c \u015brodk\u00f3w finansowych, by kontynuowa\u0107 akcj\u0119 do\u017cywiania. Z powodu kryzysu ekonomicznego w Burundi oraz cen rosn\u0105cych z dnia na dzie\u0144, nie s\u0105 w stanie codziennie zapewni\u0107 tego posi\u0142ku dzieciom. Siostry chc\u0105 kontynuowa\u0107 do\u017cywianie w przedszkolu, ten dobry uczynek. Dlatego polegamy na waszej \u017cyczliwo\u015bci jako naszym g\u0142\u00f3wnym duchowym i finansowym wsparciu. Serdecznie dzi\u0119kujemy za wasz\u0105 hojno\u015b\u0107, kt\u00f3ra sk\u0142ania do pomocy naszym dzieciom. Niech Wszechmog\u0105cy wynagrodzi was stokrotnie. Razem z dzie\u0107mi modlimy si\u0119 za was i wci\u0105\u017c liczymy na wasz\u0105 \u017cyczliwo\u015b\u0107, aby m\u00f3c kontynuowa\u0107 nasze dzia\u0142anie.<\/p>\n<p>\u0141\u0105czymy si\u0119 z Wami w modlitwie. Bardzo dzi\u0119kujemy.<\/p>\n<p><em>s. Marie Rose Ngendakumana<\/em><strong>, <a href=\"https:\/\/www.karmel.pl\/rodzina-karmelu\/zgromadzenie-siostr-karmelitanek-dzieciatka-jezus\/\" target=\"_blank\" rel=\"noopener noreferrer\">Zgromadzenie Si\u00f3str Karmelitanek Dzieci\u0105tka Jezus<\/a><\/strong><\/p>\n<h4>Kosztorys:<\/h4>\n<p><img loading=\"lazy\" decoding=\"async\" class=\"aligncenter wp-image-32176 size-full\" src=\"https:\/\/www.maitri.pl\/wp-content\/uploads\/2024\/10\/139-karml.png\" alt=\"\" width=\"953\" height=\"267\" srcset=\"https:\/\/www.maitri.pl\/wp-content\/uploads\/2024\/10\/139-karml.png 953w, https:\/\/www.maitri.pl\/wp-content\/uploads\/2024\/10\/139-karml-300x84.png 300w, https:\/\/www.maitri.pl\/wp-content\/uploads\/2024\/10\/139-karml-768x215.png 768w, https:\/\/www.maitri.pl\/wp-content\/uploads\/2024\/10\/139-karml-600x168.png 600w\" sizes=\"auto, (max-width: 953px) 100vw, 953px\" \/><\/p>\n<p>&nbsp;<\/p>\n<p><span style=\"font-size: 16px;\">Numer projektu:<\/span><strong style=\"font-size: 16px;\"> 139\/KARML<\/strong><\/p>\n<p style=\"text-align: justify;\"><span style=\"color: #ff0000;\"><span style=\"font-size: large;\"><b>Kwota projektu: 12 180 \u20ac<\/b><\/span><\/span><em>\u00a0<\/em><\/p>\n<p style=\"text-align: justify;\"><span style=\"font-size: large;\"><em><span style=\"color: #999999;\"><span style=\"font-size: medium;\">Stowarzyszenie Ruchu Maitri przeznacza do 10% otrzymanych \u015brodk\u00f3w na koszty funkcjonowania biura i pozyskiwanie funduszy pomocowych.<\/span><\/span><\/em><\/span><\/p>\n<h3 style=\"text-align: justify;\" align=\"JUSTIFY\"><span style=\"color: #808080;\">200 dzieci czeka na posi\u0142ek &#8211; do\u017cywianie w przedszkolu \u00ab\u00a0Dzieci\u0105tka Jezus\u00a0\u00bb w Gitega w Burundi &#8211; Siostry Karmelitanki<\/span><\/h3>\n<p>&nbsp;<\/p>\n","protected":false},"excerpt":{"rendered":"<p><strong>Projekt: <\/strong><em>s. Marie Rose Ngendakumana<\/em><strong>, <a href=\"https:\/\/www.karmel.pl\/rodzina-karmelu\/zgromadzenie-siostr-karmelitanek-dzieciatka-jezus\/\" target=\"_blank\" rel=\"noopener noreferrer\">Zgromadzenie Si\u00f3str Karmelitanek Dzieci\u0105tka Jezus<\/a><\/strong><br \/>\n<strong>Miejsce:<\/strong> Gitega Songa, <a href=\"https:\/\/www.maitri.pl\/gdzie-pomagamy\/\" target=\"_blank\" rel=\"noopener\">Burundi<\/a><br \/>\n<strong>Kwota projektu: <span style=\"color: #ff0000;\">12 180 \u20ac<\/span><\/strong><\/p>\n","protected":false},"featured_media":32185,"template":"","meta":[],"product_brand":[],"product_cat":[656],"product_tag":[667,676,869,1002,677],"class_list":{"0":"post-32175","1":"product","2":"type-product","3":"status-publish","4":"has-post-thumbnail","6":"product_cat-bez-kategorii","7":"product_tag-burundi","8":"product_tag-dozywianie","9":"product_tag-gitega","10":"product_tag-siostra-marie-rose-ngendakumana","11":"product_tag-zgromadzenie-siostr-karmelitanek-dzieciatka-jezus","13":"first","14":"instock","15":"virtual","16":"purchasable","17":"product-type-simple"},"yoast_head":"<!-- This site is optimized with the Yoast SEO plugin v27.2 - https:\/\/yoast.com\/product\/yoast-seo-wordpress\/ -->\n<title>200 dzieci czeka na posi\u0142ek - do\u017cywianie w przedszkolu w Gitega<\/title>\n<meta name=\"description\" content=\"200 dzieci czeka na posi\u0142ek - do\u017cywianie w przedszkolu &quot;Dzieci\u0105tka Jezus&quot; w Gitega. O pomoc prosz\u0105 Siostry Karmelitanki Dzieci\u0105tka Jezus.\" \/>\n<meta name=\"robots\" content=\"index, follow, max-snippet:-1, max-image-preview:large, max-video-preview:-1\" \/>\n<link rel=\"canonical\" href=\"https:\/\/www.maitri.pl\/projekt\/dozywianie-w-przedszkolu-burundi\/\" \/>\n<meta property=\"og:locale\" content=\"fr_FR\" \/>\n<meta property=\"og:type\" content=\"article\" \/>\n<meta property=\"og:title\" content=\"200 dzieci czeka na posi\u0142ek - do\u017cywianie w przedszkolu w Gitega\" \/>\n<meta property=\"og:description\" content=\"200 dzieci czeka na posi\u0142ek - do\u017cywianie w przedszkolu &quot;Dzieci\u0105tka Jezus&quot; w Gitega. O pomoc prosz\u0105 Siostry Karmelitanki Dzieci\u0105tka Jezus.\" \/>\n<meta property=\"og:url\" content=\"https:\/\/www.maitri.pl\/projekt\/dozywianie-w-przedszkolu-burundi\/\" \/>\n<meta property=\"og:site_name\" content=\"Ruch Maitri - Adopcja Serca pomoc Afryce\" \/>\n<meta property=\"article:publisher\" content=\"https:\/\/www.facebook.com\/MAITRI.Adopcja.Serca.dzieci.Afryki\/\" \/>\n<meta property=\"article:modified_time\" content=\"2025-03-31T12:13:01+00:00\" \/>\n<meta property=\"og:image\" content=\"https:\/\/www.maitri.pl\/wp-content\/uploads\/2024\/10\/IMG_0787.jpg\" \/>\n\t<meta property=\"og:image:width\" content=\"1958\" \/>\n\t<meta property=\"og:image:height\" content=\"1468\" \/>\n\t<meta property=\"og:image:type\" content=\"image\/jpeg\" \/>\n<meta name=\"twitter:card\" content=\"summary_large_image\" \/>\n<meta name=\"twitter:label1\" content=\"Dur\u00e9e de lecture estim\u00e9e\" \/>\n\t<meta name=\"twitter:data1\" content=\"3 minutes\" \/>\n<script type=\"application\/ld+json\" class=\"yoast-schema-graph\">{\"@context\":\"https:\/\/schema.org\",\"@graph\":[{\"@type\":\"WebPage\",\"@id\":\"https:\/\/www.maitri.pl\/projekt\/dozywianie-w-przedszkolu-burundi\/\",\"url\":\"https:\/\/www.maitri.pl\/projekt\/dozywianie-w-przedszkolu-burundi\/\",\"name\":\"200 dzieci czeka na posi\u0142ek - do\u017cywianie w przedszkolu w Gitega\",\"isPartOf\":{\"@id\":\"https:\/\/www.maitri.pl\/#website\"},\"primaryImageOfPage\":{\"@id\":\"https:\/\/www.maitri.pl\/projekt\/dozywianie-w-przedszkolu-burundi\/#primaryimage\"},\"image\":{\"@id\":\"https:\/\/www.maitri.pl\/projekt\/dozywianie-w-przedszkolu-burundi\/#primaryimage\"},\"thumbnailUrl\":\"https:\/\/www.maitri.pl\/wp-content\/uploads\/2024\/10\/IMG_0787.jpg\",\"datePublished\":\"2024-10-18T08:50:02+00:00\",\"dateModified\":\"2025-03-31T12:13:01+00:00\",\"description\":\"200 dzieci czeka na posi\u0142ek - do\u017cywianie w przedszkolu \\\"Dzieci\u0105tka Jezus\\\" w Gitega. O pomoc prosz\u0105 Siostry Karmelitanki Dzieci\u0105tka Jezus.\",\"breadcrumb\":{\"@id\":\"https:\/\/www.maitri.pl\/projekt\/dozywianie-w-przedszkolu-burundi\/#breadcrumb\"},\"inLanguage\":\"fr-FR\",\"potentialAction\":[{\"@type\":\"ReadAction\",\"target\":[\"https:\/\/www.maitri.pl\/projekt\/dozywianie-w-przedszkolu-burundi\/\"]}]},{\"@type\":\"ImageObject\",\"inLanguage\":\"fr-FR\",\"@id\":\"https:\/\/www.maitri.pl\/projekt\/dozywianie-w-przedszkolu-burundi\/#primaryimage\",\"url\":\"https:\/\/www.maitri.pl\/wp-content\/uploads\/2024\/10\/IMG_0787.jpg\",\"contentUrl\":\"https:\/\/www.maitri.pl\/wp-content\/uploads\/2024\/10\/IMG_0787.jpg\",\"width\":1958,\"height\":1468,\"caption\":\"200 dzieci czeka na posi\u0142ek - do\u017cywianie w przedszkolu \\\"Dzieci\u0105tka Jezus\\\" w Gitega Adopcja Sera ja\u0142mu\u017cna Maitri pomoc ubogim pomoc Afryce do\u017cywianie dzieci w Afryce Adopcja duchowa 03\"},{\"@type\":\"BreadcrumbList\",\"@id\":\"https:\/\/www.maitri.pl\/projekt\/dozywianie-w-przedszkolu-burundi\/#breadcrumb\",\"itemListElement\":[{\"@type\":\"ListItem\",\"position\":1,\"name\":\"Strona g\u0142\u00f3wna\",\"item\":\"https:\/\/www.maitri.pl\/\"},{\"@type\":\"ListItem\",\"position\":2,\"name\":\"Sklep\",\"item\":\"https:\/\/www.maitri.pl\/sklep\/\"},{\"@type\":\"ListItem\",\"position\":3,\"name\":\"200 dzieci czeka na posi\u0142ek &#8211; do\u017cywianie w przedszkolu &#8222;Dzieci\u0105tka Jezus&#8221; w Gitega\"}]},{\"@type\":\"WebSite\",\"@id\":\"https:\/\/www.maitri.pl\/#website\",\"url\":\"https:\/\/www.maitri.pl\/\",\"name\":\"Adopcja Serca Maitri \u2013 pomoc dzieciom w Afryce\",\"description\":\"Adopcja Serca \u2013 adopcja na odleg\u0142o\u015b\u0107, pomoc Afryce, do\u017cywianie i edukacja w Afryce\",\"publisher\":{\"@id\":\"https:\/\/www.maitri.pl\/#organization\"},\"potentialAction\":[{\"@type\":\"SearchAction\",\"target\":{\"@type\":\"EntryPoint\",\"urlTemplate\":\"https:\/\/www.maitri.pl\/?s={search_term_string}\"},\"query-input\":{\"@type\":\"PropertyValueSpecification\",\"valueRequired\":true,\"valueName\":\"search_term_string\"}}],\"inLanguage\":\"fr-FR\"},{\"@type\":\"Organization\",\"@id\":\"https:\/\/www.maitri.pl\/#organization\",\"name\":\"Stowarzyszenie Ruchu Maitri\",\"url\":\"https:\/\/www.maitri.pl\/\",\"logo\":{\"@type\":\"ImageObject\",\"inLanguage\":\"fr-FR\",\"@id\":\"https:\/\/www.maitri.pl\/#\/schema\/logo\/image\/\",\"url\":\"https:\/\/www.maitri.pl\/wp-content\/uploads\/2020\/04\/duze_logo-81.png\",\"contentUrl\":\"https:\/\/www.maitri.pl\/wp-content\/uploads\/2020\/04\/duze_logo-81.png\",\"width\":339,\"height\":321,\"caption\":\"Stowarzyszenie Ruchu Maitri\"},\"image\":{\"@id\":\"https:\/\/www.maitri.pl\/#\/schema\/logo\/image\/\"},\"sameAs\":[\"https:\/\/www.facebook.com\/MAITRI.Adopcja.Serca.dzieci.Afryki\/\"]}]}<\/script>\n<!-- \/ Yoast SEO plugin. -->","yoast_head_json":{"title":"200 dzieci czeka na posi\u0142ek - do\u017cywianie w przedszkolu w Gitega","description":"200 dzieci czeka na posi\u0142ek - do\u017cywianie w przedszkolu \"Dzieci\u0105tka Jezus\" w Gitega. O pomoc prosz\u0105 Siostry Karmelitanki Dzieci\u0105tka Jezus.","robots":{"index":"index","follow":"follow","max-snippet":"max-snippet:-1","max-image-preview":"max-image-preview:large","max-video-preview":"max-video-preview:-1"},"canonical":"https:\/\/www.maitri.pl\/projekt\/dozywianie-w-przedszkolu-burundi\/","og_locale":"fr_FR","og_type":"article","og_title":"200 dzieci czeka na posi\u0142ek - do\u017cywianie w przedszkolu w Gitega","og_description":"200 dzieci czeka na posi\u0142ek - do\u017cywianie w przedszkolu \"Dzieci\u0105tka Jezus\" w Gitega. O pomoc prosz\u0105 Siostry Karmelitanki Dzieci\u0105tka Jezus.","og_url":"https:\/\/www.maitri.pl\/projekt\/dozywianie-w-przedszkolu-burundi\/","og_site_name":"Ruch Maitri - Adopcja Serca pomoc Afryce","article_publisher":"https:\/\/www.facebook.com\/MAITRI.Adopcja.Serca.dzieci.Afryki\/","article_modified_time":"2025-03-31T12:13:01+00:00","og_image":[{"width":1958,"height":1468,"url":"https:\/\/www.maitri.pl\/wp-content\/uploads\/2024\/10\/IMG_0787.jpg","type":"image\/jpeg"}],"twitter_card":"summary_large_image","twitter_misc":{"Dur\u00e9e de lecture estim\u00e9e":"3 minutes"},"schema":{"@context":"https:\/\/schema.org","@graph":[{"@type":"WebPage","@id":"https:\/\/www.maitri.pl\/projekt\/dozywianie-w-przedszkolu-burundi\/","url":"https:\/\/www.maitri.pl\/projekt\/dozywianie-w-przedszkolu-burundi\/","name":"200 dzieci czeka na posi\u0142ek - do\u017cywianie w przedszkolu w Gitega","isPartOf":{"@id":"https:\/\/www.maitri.pl\/#website"},"primaryImageOfPage":{"@id":"https:\/\/www.maitri.pl\/projekt\/dozywianie-w-przedszkolu-burundi\/#primaryimage"},"image":{"@id":"https:\/\/www.maitri.pl\/projekt\/dozywianie-w-przedszkolu-burundi\/#primaryimage"},"thumbnailUrl":"https:\/\/www.maitri.pl\/wp-content\/uploads\/2024\/10\/IMG_0787.jpg","datePublished":"2024-10-18T08:50:02+00:00","dateModified":"2025-03-31T12:13:01+00:00","description":"200 dzieci czeka na posi\u0142ek - do\u017cywianie w przedszkolu \"Dzieci\u0105tka Jezus\" w Gitega. O pomoc prosz\u0105 Siostry Karmelitanki Dzieci\u0105tka Jezus.","breadcrumb":{"@id":"https:\/\/www.maitri.pl\/projekt\/dozywianie-w-przedszkolu-burundi\/#breadcrumb"},"inLanguage":"fr-FR","potentialAction":[{"@type":"ReadAction","target":["https:\/\/www.maitri.pl\/projekt\/dozywianie-w-przedszkolu-burundi\/"]}]},{"@type":"ImageObject","inLanguage":"fr-FR","@id":"https:\/\/www.maitri.pl\/projekt\/dozywianie-w-przedszkolu-burundi\/#primaryimage","url":"https:\/\/www.maitri.pl\/wp-content\/uploads\/2024\/10\/IMG_0787.jpg","contentUrl":"https:\/\/www.maitri.pl\/wp-content\/uploads\/2024\/10\/IMG_0787.jpg","width":1958,"height":1468,"caption":"200 dzieci czeka na posi\u0142ek - do\u017cywianie w przedszkolu \"Dzieci\u0105tka Jezus\" w Gitega Adopcja Sera ja\u0142mu\u017cna Maitri pomoc ubogim pomoc Afryce do\u017cywianie dzieci w Afryce Adopcja duchowa 03"},{"@type":"BreadcrumbList","@id":"https:\/\/www.maitri.pl\/projekt\/dozywianie-w-przedszkolu-burundi\/#breadcrumb","itemListElement":[{"@type":"ListItem","position":1,"name":"Strona g\u0142\u00f3wna","item":"https:\/\/www.maitri.pl\/"},{"@type":"ListItem","position":2,"name":"Sklep","item":"https:\/\/www.maitri.pl\/sklep\/"},{"@type":"ListItem","position":3,"name":"200 dzieci czeka na posi\u0142ek &#8211; do\u017cywianie w przedszkolu &#8222;Dzieci\u0105tka Jezus&#8221; w Gitega"}]},{"@type":"WebSite","@id":"https:\/\/www.maitri.pl\/#website","url":"https:\/\/www.maitri.pl\/","name":"Adopcja Serca Maitri \u2013 pomoc dzieciom w Afryce","description":"Adopcja Serca \u2013 adopcja na odleg\u0142o\u015b\u0107, pomoc Afryce, do\u017cywianie i edukacja w Afryce","publisher":{"@id":"https:\/\/www.maitri.pl\/#organization"},"potentialAction":[{"@type":"SearchAction","target":{"@type":"EntryPoint","urlTemplate":"https:\/\/www.maitri.pl\/?s={search_term_string}"},"query-input":{"@type":"PropertyValueSpecification","valueRequired":true,"valueName":"search_term_string"}}],"inLanguage":"fr-FR"},{"@type":"Organization","@id":"https:\/\/www.maitri.pl\/#organization","name":"Stowarzyszenie Ruchu Maitri","url":"https:\/\/www.maitri.pl\/","logo":{"@type":"ImageObject","inLanguage":"fr-FR","@id":"https:\/\/www.maitri.pl\/#\/schema\/logo\/image\/","url":"https:\/\/www.maitri.pl\/wp-content\/uploads\/2020\/04\/duze_logo-81.png","contentUrl":"https:\/\/www.maitri.pl\/wp-content\/uploads\/2020\/04\/duze_logo-81.png","width":339,"height":321,"caption":"Stowarzyszenie Ruchu Maitri"},"image":{"@id":"https:\/\/www.maitri.pl\/#\/schema\/logo\/image\/"},"sameAs":["https:\/\/www.facebook.com\/MAITRI.Adopcja.Serca.dzieci.Afryki\/"]}]}},"_links":{"self":[{"href":"https:\/\/www.maitri.pl\/fr\/wp-json\/wp\/v2\/product\/32175","targetHints":{"allow":["GET"]}}],"collection":[{"href":"https:\/\/www.maitri.pl\/fr\/wp-json\/wp\/v2\/product"}],"about":[{"href":"https:\/\/www.maitri.pl\/fr\/wp-json\/wp\/v2\/types\/product"}],"wp:featuredmedia":[{"embeddable":true,"href":"https:\/\/www.maitri.pl\/fr\/wp-json\/wp\/v2\/media\/32185"}],"wp:attachment":[{"href":"https:\/\/www.maitri.pl\/fr\/wp-json\/wp\/v2\/media?parent=32175"}],"wp:term":[{"taxonomy":"product_brand","embeddable":true,"href":"https:\/\/www.maitri.pl\/fr\/wp-json\/wp\/v2\/product_brand?post=32175"},{"taxonomy":"product_cat","embeddable":true,"href":"https:\/\/www.maitri.pl\/fr\/wp-json\/wp\/v2\/product_cat?post=32175"},{"taxonomy":"product_tag","embeddable":true,"href":"https:\/\/www.maitri.pl\/fr\/wp-json\/wp\/v2\/product_tag?post=32175"}],"curies":[{"name":"wp","href":"https:\/\/api.w.org\/{rel}","templated":true}]}}