{"id":32156,"date":"2024-10-17T21:17:38","date_gmt":"2024-10-17T19:17:38","guid":{"rendered":"https:\/\/www.maitri.pl\/?post_type=product&#038;p=32156"},"modified":"2025-03-31T14:13:12","modified_gmt":"2025-03-31T12:13:12","slug":"1300-posilkow-makabandilou","status":"publish","type":"product","link":"https:\/\/www.maitri.pl\/fr\/projekt\/1300-posilkow-makabandilou\/","title":{"rendered":"1300 posi\u0142k\u00f3w dla uczni\u00f3w ze szko\u0142y pod wezwaniem \u015bw. J\u00f3zefa w Makabandilou"},"content":{"rendered":"<h4>Tam rz\u0105dzi bieda<\/h4>\n<p>Makabandilou to ubogie przedmie\u015bcie dwumilionowego miasta Brazzaville, stolicy Republiki Konga. Kraj wci\u0105\u017c podnosi si\u0119 ze skutk\u00f3w wojny domowej z pocz\u0105tku wieku, kt\u00f3ra niestety powraca w postaci kolejnych rebelii (ostatnio w 2017). W tych warunkach bardzo wiele os\u00f3b zosta\u0142o pozbawionych dachu nad g\u0142ow\u0105 i uciek\u0142o do przeludnionych miast. Dlatego w takich miejscach, jak Makabandilou panuje bieda i nie ma perspektyw. Dla wielu dzieci jedyn\u0105 szans\u0105 na lepsze jutro jest pomoc ludzi dobrej woli <a href=\"https:\/\/www.maitri.pl\/adopcja-serca\/\" target=\"_blank\" rel=\"noopener\">Maitri<\/a>. Z tego powodu w szkole \u015bw. J\u00f3zefa uczy si\u0119 du\u017ca liczba ubogich dzieci. Potrzeba 1300 posi\u0142k\u00f3w dla niedo\u017cywionych uczni\u00f3w. Szko\u0142\u0119 od lat prowadz\u0105 Siostry J\u00f3zefitki.<\/p>\n<h4>Coraz wi\u0119cej niedo\u017cywionych&#8230;<\/h4>\n<p>Problem, kt\u00f3ry jest zauwa\u017calny w naszej dzielnicy Makabandilou to niedo\u017cywienie dzieci i ca\u0142ych rodzin. Ci ludzie nie maj\u0105 wystarczaj\u0105co po\u017cywienia na co dzie\u0144. Nasz\u0105 trosk\u0105 s\u0105 szczeg\u00f3lnie dzieci, kt\u00f3re przychodz\u0105 do szko\u0142y g\u0142odne, nie maj\u0105c cz\u0119sto nic do zjedzenia na przerwie. W Makabandilou jest du\u017co takich dzieci.\u00a0Tu w naszej dzielnicy cz\u0119sto jest te\u017c brak \u015bwiat\u0142a i wody, a w tej wysokiej temperaturze dzieci m\u00f3wi\u0105, \u017ce boli brzuch. Zapytane kiedy co\u015b jad\u0142o, najcz\u0119\u015bciej jest odpowied\u017a, \u017ce wczoraj po po\u0142udniu. Widz\u0119 te\u017c, \u017ce ich motywacja przychodzenia do szko\u0142y ro\u015bnie, gdy licz\u0105, \u017ce mog\u0105 dosta\u0107 co\u015b do jedzenia. 1300 posi\u0142k\u00f3w pomo\u017ce nam wykarmi\u0107 30 uczni\u00f3w przez 44 dni.<\/p>\n<h4>Wesprzyj do\u017cywianie<\/h4>\n<p>Poprzez program <a href=\"https:\/\/www.maitri.pl\/adopcja-serca\/\" target=\"_blank\" rel=\"noopener\">Adopcja Serca<\/a> Maitri pomaga ogromnie dzieciom z ubogich rodzin, maj\u0105 op\u0142acon\u0105 szko\u0142\u0119, troch\u0119 na zeszyty. Niestety nie dysponujemy takimi \u015brodkami \u017ceby im zap\u0142aci\u0107 jeszcze za \u015bniadanie. Dlatego z du\u017c\u0105 nadziej\u0105 zwracamy si\u0119 do Was o dofinansowanie do\u017cywiania dzieci, kt\u00f3re tu znamy &#8211; one bardzo potrzebuj\u0105 waszego wsparcia.<\/p>\n<p>Bardzo dzi\u0119kuj\u0119 w ich imieniu za ten dar codziennego posi\u0142ku.<\/p>\n<p><em>s. Liliosa Romanek, <a href=\"https:\/\/www.jozefitki.pl\/\" target=\"_blank\" rel=\"noopener\">Zgromadzenie Si\u00f3str \u015bw. J\u00f3zefa<\/a><\/em><\/p>\n<h4>Kosztorys:<\/h4>\n<p><img loading=\"lazy\" decoding=\"async\" class=\"alignnone wp-image-32157 size-full\" src=\"https:\/\/www.maitri.pl\/wp-content\/uploads\/2024\/10\/28-jozef.png\" alt=\"\" width=\"955\" height=\"210\" srcset=\"https:\/\/www.maitri.pl\/wp-content\/uploads\/2024\/10\/28-jozef.png 955w, https:\/\/www.maitri.pl\/wp-content\/uploads\/2024\/10\/28-jozef-300x66.png 300w, https:\/\/www.maitri.pl\/wp-content\/uploads\/2024\/10\/28-jozef-768x169.png 768w, https:\/\/www.maitri.pl\/wp-content\/uploads\/2024\/10\/28-jozef-600x132.png 600w\" sizes=\"auto, (max-width: 955px) 100vw, 955px\" \/><\/p>\n<p>Numer projektu:\u00a0<strong>28\/JOZEF<\/strong><\/p>\n<p style=\"text-align: justify;\"><span style=\"color: #ff0000;\"><span style=\"font-size: large;\"><b>Kwota projektu : 1110 \u20ac <\/b><\/span><\/span><\/p>\n<p style=\"text-align: justify;\"><span style=\"font-size: large;\"><em><span style=\"color: #999999;\"><span style=\"font-size: medium;\">Stowarzyszenie Ruchu Maitri przeznacza do 10% otrzymanych \u015brodk\u00f3w na koszty funkcjonowania biura i pozyskiwanie funduszy pomocowych.<\/span><\/span><\/em><\/span><\/p>\n<h3 style=\"text-align: justify;\" align=\"JUSTIFY\"><span style=\"color: #808080;\">1300 posi\u0142k\u00f3w dla uczni\u00f3w ze szko\u0142y pod wezwaniem \u015bw. J\u00f3zefa w Makabandilou &#8211; o wsparcie prosz\u0105 Siostry J\u00f3zefitki<\/span><\/h3>\n","protected":false},"excerpt":{"rendered":"<p><strong>Projekt:\u00a0<\/strong> <em>s. Liliosa Romanek, <a href=\"https:\/\/www.jozefitki.pl\/\" target=\"_blank\" rel=\"noopener\">Zgromadzenie Si\u00f3str \u015bw. J\u00f3zefa<\/a><\/em><br \/>\n<strong>Misja:<\/strong> Makabandilou, <a href=\"https:\/\/www.maitri.pl\/gdzie-pomagamy\/\" target=\"_blank\" rel=\"noopener\">Republika Konga<\/a><br \/>\n<strong>Kwota projektu: <span style=\"color: #ff0000;\">1110 \u20ac<\/span><\/strong><\/p>\n","protected":false},"featured_media":32160,"template":"","meta":[],"product_brand":[],"product_cat":[656],"product_tag":[676,910,909,800],"class_list":{"0":"post-32156","1":"product","2":"type-product","3":"status-publish","4":"has-post-thumbnail","6":"product_cat-bez-kategorii","7":"product_tag-dozywianie","8":"product_tag-makabandilou","9":"product_tag-siostra-liliosa-romanek","10":"product_tag-zgromadzenie-siostr-sw-jozefa","12":"first","13":"instock","14":"virtual","15":"purchasable","16":"product-type-simple"},"yoast_head":"<!-- This site is optimized with the Yoast SEO plugin v27.2 - https:\/\/yoast.com\/product\/yoast-seo-wordpress\/ -->\n<title>1300 posi\u0142k\u00f3w dla uczni\u00f3w ze szko\u0142y w Makabandilou<\/title>\n<meta name=\"description\" content=\"1300 posi\u0142k\u00f3w dla uczni\u00f3w ze szko\u0142y pod wezwaniem \u015bw. J\u00f3zefa w Makabandilou. O wsparcie prosi misjonarka Siostra Liliosa Romanek.\" \/>\n<meta name=\"robots\" content=\"index, follow, max-snippet:-1, max-image-preview:large, max-video-preview:-1\" \/>\n<link rel=\"canonical\" href=\"https:\/\/www.maitri.pl\/projekt\/1300-posilkow-makabandilou\/\" \/>\n<meta property=\"og:locale\" content=\"fr_FR\" \/>\n<meta property=\"og:type\" content=\"article\" \/>\n<meta property=\"og:title\" content=\"1300 posi\u0142k\u00f3w dla uczni\u00f3w ze szko\u0142y w Makabandilou\" \/>\n<meta property=\"og:description\" content=\"1300 posi\u0142k\u00f3w dla uczni\u00f3w ze szko\u0142y pod wezwaniem \u015bw. J\u00f3zefa w Makabandilou. O wsparcie prosi misjonarka Siostra Liliosa Romanek.\" \/>\n<meta property=\"og:url\" content=\"https:\/\/www.maitri.pl\/projekt\/1300-posilkow-makabandilou\/\" \/>\n<meta property=\"og:site_name\" content=\"Ruch Maitri - Adopcja Serca pomoc Afryce\" \/>\n<meta property=\"article:publisher\" content=\"https:\/\/www.facebook.com\/MAITRI.Adopcja.Serca.dzieci.Afryki\/\" \/>\n<meta property=\"article:modified_time\" content=\"2025-03-31T12:13:12+00:00\" \/>\n<meta property=\"og:image\" content=\"https:\/\/www.maitri.pl\/wp-content\/uploads\/2024\/10\/28-jozef_makabandilou-Ecole-St-Joseph-2023.jpg\" \/>\n\t<meta property=\"og:image:width\" content=\"1651\" \/>\n\t<meta property=\"og:image:height\" content=\"1238\" \/>\n\t<meta property=\"og:image:type\" content=\"image\/jpeg\" \/>\n<meta name=\"twitter:card\" content=\"summary_large_image\" \/>\n<meta name=\"twitter:label1\" content=\"Dur\u00e9e de lecture estim\u00e9e\" \/>\n\t<meta name=\"twitter:data1\" content=\"3 minutes\" \/>\n<script type=\"application\/ld+json\" class=\"yoast-schema-graph\">{\"@context\":\"https:\/\/schema.org\",\"@graph\":[{\"@type\":\"WebPage\",\"@id\":\"https:\/\/www.maitri.pl\/projekt\/1300-posilkow-makabandilou\/\",\"url\":\"https:\/\/www.maitri.pl\/projekt\/1300-posilkow-makabandilou\/\",\"name\":\"1300 posi\u0142k\u00f3w dla uczni\u00f3w ze szko\u0142y w Makabandilou\",\"isPartOf\":{\"@id\":\"https:\/\/www.maitri.pl\/#website\"},\"primaryImageOfPage\":{\"@id\":\"https:\/\/www.maitri.pl\/projekt\/1300-posilkow-makabandilou\/#primaryimage\"},\"image\":{\"@id\":\"https:\/\/www.maitri.pl\/projekt\/1300-posilkow-makabandilou\/#primaryimage\"},\"thumbnailUrl\":\"https:\/\/www.maitri.pl\/wp-content\/uploads\/2024\/10\/28-jozef_makabandilou-Ecole-St-Joseph-2023.jpg\",\"datePublished\":\"2024-10-17T19:17:38+00:00\",\"dateModified\":\"2025-03-31T12:13:12+00:00\",\"description\":\"1300 posi\u0142k\u00f3w dla uczni\u00f3w ze szko\u0142y pod wezwaniem \u015bw. J\u00f3zefa w Makabandilou. O wsparcie prosi misjonarka Siostra Liliosa Romanek.\",\"breadcrumb\":{\"@id\":\"https:\/\/www.maitri.pl\/projekt\/1300-posilkow-makabandilou\/#breadcrumb\"},\"inLanguage\":\"fr-FR\",\"potentialAction\":[{\"@type\":\"ReadAction\",\"target\":[\"https:\/\/www.maitri.pl\/projekt\/1300-posilkow-makabandilou\/\"]}]},{\"@type\":\"ImageObject\",\"inLanguage\":\"fr-FR\",\"@id\":\"https:\/\/www.maitri.pl\/projekt\/1300-posilkow-makabandilou\/#primaryimage\",\"url\":\"https:\/\/www.maitri.pl\/wp-content\/uploads\/2024\/10\/28-jozef_makabandilou-Ecole-St-Joseph-2023.jpg\",\"contentUrl\":\"https:\/\/www.maitri.pl\/wp-content\/uploads\/2024\/10\/28-jozef_makabandilou-Ecole-St-Joseph-2023.jpg\",\"width\":1651,\"height\":1238,\"caption\":\"1300 posi\u0142k\u00f3w dla uczni\u00f3w ze szko\u0142y pod wezwaniem \u015bw. J\u00f3zefa w Makabandilou - o wsparcie prosz\u0105 Siostry J\u00f3zefitki pomoc Afryce Maitri Adopcja Serca pomoc ubogim ja\u0142mu\u017cna Adopcja duchowa 01\"},{\"@type\":\"BreadcrumbList\",\"@id\":\"https:\/\/www.maitri.pl\/projekt\/1300-posilkow-makabandilou\/#breadcrumb\",\"itemListElement\":[{\"@type\":\"ListItem\",\"position\":1,\"name\":\"Strona g\u0142\u00f3wna\",\"item\":\"https:\/\/www.maitri.pl\/\"},{\"@type\":\"ListItem\",\"position\":2,\"name\":\"Sklep\",\"item\":\"https:\/\/www.maitri.pl\/sklep\/\"},{\"@type\":\"ListItem\",\"position\":3,\"name\":\"1300 posi\u0142k\u00f3w dla uczni\u00f3w ze szko\u0142y pod wezwaniem \u015bw. J\u00f3zefa w Makabandilou\"}]},{\"@type\":\"WebSite\",\"@id\":\"https:\/\/www.maitri.pl\/#website\",\"url\":\"https:\/\/www.maitri.pl\/\",\"name\":\"Adopcja Serca Maitri \u2013 pomoc dzieciom w Afryce\",\"description\":\"Adopcja Serca \u2013 adopcja na odleg\u0142o\u015b\u0107, pomoc Afryce, do\u017cywianie i edukacja w Afryce\",\"publisher\":{\"@id\":\"https:\/\/www.maitri.pl\/#organization\"},\"potentialAction\":[{\"@type\":\"SearchAction\",\"target\":{\"@type\":\"EntryPoint\",\"urlTemplate\":\"https:\/\/www.maitri.pl\/?s={search_term_string}\"},\"query-input\":{\"@type\":\"PropertyValueSpecification\",\"valueRequired\":true,\"valueName\":\"search_term_string\"}}],\"inLanguage\":\"fr-FR\"},{\"@type\":\"Organization\",\"@id\":\"https:\/\/www.maitri.pl\/#organization\",\"name\":\"Stowarzyszenie Ruchu Maitri\",\"url\":\"https:\/\/www.maitri.pl\/\",\"logo\":{\"@type\":\"ImageObject\",\"inLanguage\":\"fr-FR\",\"@id\":\"https:\/\/www.maitri.pl\/#\/schema\/logo\/image\/\",\"url\":\"https:\/\/www.maitri.pl\/wp-content\/uploads\/2020\/04\/duze_logo-81.png\",\"contentUrl\":\"https:\/\/www.maitri.pl\/wp-content\/uploads\/2020\/04\/duze_logo-81.png\",\"width\":339,\"height\":321,\"caption\":\"Stowarzyszenie Ruchu Maitri\"},\"image\":{\"@id\":\"https:\/\/www.maitri.pl\/#\/schema\/logo\/image\/\"},\"sameAs\":[\"https:\/\/www.facebook.com\/MAITRI.Adopcja.Serca.dzieci.Afryki\/\"]}]}<\/script>\n<!-- \/ Yoast SEO plugin. -->","yoast_head_json":{"title":"1300 posi\u0142k\u00f3w dla uczni\u00f3w ze szko\u0142y w Makabandilou","description":"1300 posi\u0142k\u00f3w dla uczni\u00f3w ze szko\u0142y pod wezwaniem \u015bw. J\u00f3zefa w Makabandilou. O wsparcie prosi misjonarka Siostra Liliosa Romanek.","robots":{"index":"index","follow":"follow","max-snippet":"max-snippet:-1","max-image-preview":"max-image-preview:large","max-video-preview":"max-video-preview:-1"},"canonical":"https:\/\/www.maitri.pl\/projekt\/1300-posilkow-makabandilou\/","og_locale":"fr_FR","og_type":"article","og_title":"1300 posi\u0142k\u00f3w dla uczni\u00f3w ze szko\u0142y w Makabandilou","og_description":"1300 posi\u0142k\u00f3w dla uczni\u00f3w ze szko\u0142y pod wezwaniem \u015bw. J\u00f3zefa w Makabandilou. O wsparcie prosi misjonarka Siostra Liliosa Romanek.","og_url":"https:\/\/www.maitri.pl\/projekt\/1300-posilkow-makabandilou\/","og_site_name":"Ruch Maitri - Adopcja Serca pomoc Afryce","article_publisher":"https:\/\/www.facebook.com\/MAITRI.Adopcja.Serca.dzieci.Afryki\/","article_modified_time":"2025-03-31T12:13:12+00:00","og_image":[{"width":1651,"height":1238,"url":"https:\/\/www.maitri.pl\/wp-content\/uploads\/2024\/10\/28-jozef_makabandilou-Ecole-St-Joseph-2023.jpg","type":"image\/jpeg"}],"twitter_card":"summary_large_image","twitter_misc":{"Dur\u00e9e de lecture estim\u00e9e":"3 minutes"},"schema":{"@context":"https:\/\/schema.org","@graph":[{"@type":"WebPage","@id":"https:\/\/www.maitri.pl\/projekt\/1300-posilkow-makabandilou\/","url":"https:\/\/www.maitri.pl\/projekt\/1300-posilkow-makabandilou\/","name":"1300 posi\u0142k\u00f3w dla uczni\u00f3w ze szko\u0142y w Makabandilou","isPartOf":{"@id":"https:\/\/www.maitri.pl\/#website"},"primaryImageOfPage":{"@id":"https:\/\/www.maitri.pl\/projekt\/1300-posilkow-makabandilou\/#primaryimage"},"image":{"@id":"https:\/\/www.maitri.pl\/projekt\/1300-posilkow-makabandilou\/#primaryimage"},"thumbnailUrl":"https:\/\/www.maitri.pl\/wp-content\/uploads\/2024\/10\/28-jozef_makabandilou-Ecole-St-Joseph-2023.jpg","datePublished":"2024-10-17T19:17:38+00:00","dateModified":"2025-03-31T12:13:12+00:00","description":"1300 posi\u0142k\u00f3w dla uczni\u00f3w ze szko\u0142y pod wezwaniem \u015bw. J\u00f3zefa w Makabandilou. O wsparcie prosi misjonarka Siostra Liliosa Romanek.","breadcrumb":{"@id":"https:\/\/www.maitri.pl\/projekt\/1300-posilkow-makabandilou\/#breadcrumb"},"inLanguage":"fr-FR","potentialAction":[{"@type":"ReadAction","target":["https:\/\/www.maitri.pl\/projekt\/1300-posilkow-makabandilou\/"]}]},{"@type":"ImageObject","inLanguage":"fr-FR","@id":"https:\/\/www.maitri.pl\/projekt\/1300-posilkow-makabandilou\/#primaryimage","url":"https:\/\/www.maitri.pl\/wp-content\/uploads\/2024\/10\/28-jozef_makabandilou-Ecole-St-Joseph-2023.jpg","contentUrl":"https:\/\/www.maitri.pl\/wp-content\/uploads\/2024\/10\/28-jozef_makabandilou-Ecole-St-Joseph-2023.jpg","width":1651,"height":1238,"caption":"1300 posi\u0142k\u00f3w dla uczni\u00f3w ze szko\u0142y pod wezwaniem \u015bw. J\u00f3zefa w Makabandilou - o wsparcie prosz\u0105 Siostry J\u00f3zefitki pomoc Afryce Maitri Adopcja Serca pomoc ubogim ja\u0142mu\u017cna Adopcja duchowa 01"},{"@type":"BreadcrumbList","@id":"https:\/\/www.maitri.pl\/projekt\/1300-posilkow-makabandilou\/#breadcrumb","itemListElement":[{"@type":"ListItem","position":1,"name":"Strona g\u0142\u00f3wna","item":"https:\/\/www.maitri.pl\/"},{"@type":"ListItem","position":2,"name":"Sklep","item":"https:\/\/www.maitri.pl\/sklep\/"},{"@type":"ListItem","position":3,"name":"1300 posi\u0142k\u00f3w dla uczni\u00f3w ze szko\u0142y pod wezwaniem \u015bw. J\u00f3zefa w Makabandilou"}]},{"@type":"WebSite","@id":"https:\/\/www.maitri.pl\/#website","url":"https:\/\/www.maitri.pl\/","name":"Adopcja Serca Maitri \u2013 pomoc dzieciom w Afryce","description":"Adopcja Serca \u2013 adopcja na odleg\u0142o\u015b\u0107, pomoc Afryce, do\u017cywianie i edukacja w Afryce","publisher":{"@id":"https:\/\/www.maitri.pl\/#organization"},"potentialAction":[{"@type":"SearchAction","target":{"@type":"EntryPoint","urlTemplate":"https:\/\/www.maitri.pl\/?s={search_term_string}"},"query-input":{"@type":"PropertyValueSpecification","valueRequired":true,"valueName":"search_term_string"}}],"inLanguage":"fr-FR"},{"@type":"Organization","@id":"https:\/\/www.maitri.pl\/#organization","name":"Stowarzyszenie Ruchu Maitri","url":"https:\/\/www.maitri.pl\/","logo":{"@type":"ImageObject","inLanguage":"fr-FR","@id":"https:\/\/www.maitri.pl\/#\/schema\/logo\/image\/","url":"https:\/\/www.maitri.pl\/wp-content\/uploads\/2020\/04\/duze_logo-81.png","contentUrl":"https:\/\/www.maitri.pl\/wp-content\/uploads\/2020\/04\/duze_logo-81.png","width":339,"height":321,"caption":"Stowarzyszenie Ruchu Maitri"},"image":{"@id":"https:\/\/www.maitri.pl\/#\/schema\/logo\/image\/"},"sameAs":["https:\/\/www.facebook.com\/MAITRI.Adopcja.Serca.dzieci.Afryki\/"]}]}},"_links":{"self":[{"href":"https:\/\/www.maitri.pl\/fr\/wp-json\/wp\/v2\/product\/32156","targetHints":{"allow":["GET"]}}],"collection":[{"href":"https:\/\/www.maitri.pl\/fr\/wp-json\/wp\/v2\/product"}],"about":[{"href":"https:\/\/www.maitri.pl\/fr\/wp-json\/wp\/v2\/types\/product"}],"wp:featuredmedia":[{"embeddable":true,"href":"https:\/\/www.maitri.pl\/fr\/wp-json\/wp\/v2\/media\/32160"}],"wp:attachment":[{"href":"https:\/\/www.maitri.pl\/fr\/wp-json\/wp\/v2\/media?parent=32156"}],"wp:term":[{"taxonomy":"product_brand","embeddable":true,"href":"https:\/\/www.maitri.pl\/fr\/wp-json\/wp\/v2\/product_brand?post=32156"},{"taxonomy":"product_cat","embeddable":true,"href":"https:\/\/www.maitri.pl\/fr\/wp-json\/wp\/v2\/product_cat?post=32156"},{"taxonomy":"product_tag","embeddable":true,"href":"https:\/\/www.maitri.pl\/fr\/wp-json\/wp\/v2\/product_tag?post=32156"}],"curies":[{"name":"wp","href":"https:\/\/api.w.org\/{rel}","templated":true}]}}