{"id":32130,"date":"2024-10-17T17:05:55","date_gmt":"2024-10-17T15:05:55","guid":{"rendered":"https:\/\/www.maitri.pl\/?post_type=product&#038;p=32130"},"modified":"2025-03-31T14:13:20","modified_gmt":"2025-03-31T12:13:20","slug":"powodz-w-nepalu","status":"publish","type":"product","link":"https:\/\/www.maitri.pl\/fr\/projekt\/powodz-w-nepalu\/","title":{"rendered":"Pow\u00f3d\u017a w Nepalu: wesprzyj cierpi\u0105cych i pom\u00f3\u017c rodzinom w walce z kataklizmem"},"content":{"rendered":"<h4>Ogromne zniszczenia<\/h4>\n<p>Ostatnie intensywne deszcze monsunowe w Nepalu spowodowa\u0142y katastrofaln\u0105 pow\u00f3d\u017a i osuni\u0119cia ziemi. Kataklizm dotkn\u0105\u0142 wiele region\u00f3w kraju, szczeg\u00f3lnie szko\u0142y i domy w g\u00f3rskich terenach, takich jak Lama Gaun i Kulekhani. To miejsca gdzie \u017cyj\u0105 dzieci, kt\u00f3rymi opiekujemy si\u0119 w ramach Adopcji Serca oraz prowadzimy do\u017cywianie. Zniszczenia s\u0105 ogromne. W tej kryzysowej sytuacji, dzieci i ich rodziny potrzebuj\u0105 pilnej pomocy w postaci \u017cywno\u015bci, odzie\u017cy, koc\u00f3w oraz wsparcia og\u00f3lnego, aby mog\u0142y wr\u00f3ci\u0107 do normalnego \u017cycia.<\/p>\n<h4>Zniszczona szko\u0142a i kuchnia<\/h4>\n<p>Sytuacja w Lama Gaun jest bardzo powa\u017cna. Kuchnia zosta\u0142a ca\u0142kowicie zniszczona. Do tej pory prowadzili\u015bmy j\u0105 dzi\u0119ki prywatnym darowiznom. Jednak w obecnej sytuacji nikt nie udziela tam \u017cadnej pomocy, a woda zabra\u0142a wszystkie potrzebne zasoby. Zniszczone zosta\u0142y tak\u017ce sale lekcyjne oraz wszelkie materia\u0142y edukacyjne, co zmusi\u0142o szko\u0142\u0119 do og\u0142oszenia przerwy w zaj\u0119ciach. Aby wznowi\u0107 nauczanie, konieczne jest kompleksowe wsparcie w postaci oczyszczenia pomieszcze\u0144, osuszenia, pomalowania, wyposa\u017cenia kuchni i zaopatrzenia w podstawowe materia\u0142y dydaktyczne.<\/p>\n<h4>Tragiczna sytuacja po powodzi<\/h4>\n<p>W Kulekhani sytuacja jest r\u00f3wnie powa\u017cna. Prawie dosz\u0142o do osuni\u0119cia ziemi, teren jest pe\u0142en p\u0119kni\u0119\u0107, a toaleta zosta\u0142a ca\u0142kowicie zniszczona i wymaga odbudowy od podstaw. Dach w Shaktikhor r\u00f3wnie\u017c potrzebuje pilnego remontu. W ka\u017cdym z tych miejsc, od 4 do 8 rodzin potrzebuje natychmiastowej pomocy, poniewa\u017c straci\u0142y domy lub ich domy s\u0105 zagro\u017cone zawaleniem. Odbudowa kuchni w Lama Gaun pozwoli na wznowienie codziennego dostarczania posi\u0142k\u00f3w dzieciom obj\u0119tym programem <a href=\"https:\/\/www.maitri.pl\/adopcja-serca\/\" target=\"_blank\" rel=\"noopener\">Adopcja Serca<\/a>, co jest kluczowe dla ich zdrowia i prawid\u0142owego rozwoju. Niekt\u00f3re dzieci nie maj\u0105 obecnie dost\u0119pu do podstawowych \u015brodk\u00f3w do \u017cycia (te kt\u00f3re straci\u0142y domy). Dla wszystkich dzieci szko\u0142a jest ich jedynym miejscem, kt\u00f3re zapewnia\u0142o regularne wsparcie w zakresie edukacji i \u017cywienia.<\/p>\n<h4>Pom\u00f3\u017c dzieciom kontynuowa\u0107 nauk\u0119<\/h4>\n<p>Odbudowa infrastruktury edukacyjnej, w tym sal lekcyjnych i materia\u0142\u00f3w edukacyjnych, pozwoli na wznowienie przerwanych zaj\u0119\u0107 szkolnych. Dzi\u0119ki temu dzieci b\u0119d\u0105 mog\u0142y kontynuowa\u0107 nauk\u0119, co jest kluczowe dla ich przysz\u0142o\u015bci i mo\u017cliwo\u015bci wyrwania si\u0119 z ub\u00f3stwa. Bezpo\u015brednimi beneficjentami projektu b\u0119d\u0105 dzieci ucz\u0119szczaj\u0105ce do szk\u00f3\u0142 w tych regionach oraz ich rodziny. Bez tej pomocy nie b\u0119d\u0105 w stanie odbudowa\u0107 swojego \u017cycia po katastrofie. Zwracamy si\u0119 z pro\u015bb\u0105 o wsparcie, aby m\u00f3c w pe\u0142ni zaspokoi\u0107 potrzeby dzieci, rodzin i szk\u00f3\u0142 dotkni\u0119tych t\u0105 tragedi\u0105. Okres trwania akcji od 06-10-2024 do 29-02-2025.<\/p>\n<p>Kosztorys:<\/p>\n<p><img loading=\"lazy\" decoding=\"async\" class=\"alignnone wp-image-32131 size-full\" src=\"https:\/\/www.maitri.pl\/wp-content\/uploads\/2024\/10\/50-kartc.png\" alt=\"\" width=\"982\" height=\"541\" srcset=\"https:\/\/www.maitri.pl\/wp-content\/uploads\/2024\/10\/50-kartc.png 982w, https:\/\/www.maitri.pl\/wp-content\/uploads\/2024\/10\/50-kartc-300x165.png 300w, https:\/\/www.maitri.pl\/wp-content\/uploads\/2024\/10\/50-kartc-768x423.png 768w, https:\/\/www.maitri.pl\/wp-content\/uploads\/2024\/10\/50-kartc-600x331.png 600w\" sizes=\"auto, (max-width: 982px) 100vw, 982px\" \/><\/p>\n<p><em>Aleksandra<\/em><em>\u00a0Kurnicka, <a href=\"https:\/\/www.facebook.com\/karunikatuitioncenterNEPAL\" target=\"_blank\" rel=\"noopener\">Karunika Foundation<\/a>,<\/em>\u00a0Kathmandu, <a href=\"https:\/\/www.maitri.pl\/gdzie-pomagamy\/\" target=\"_blank\" rel=\"noopener\">Nepal<\/a><\/p>\n<p><span style=\"color: #ff0000;\"><span style=\"font-size: large;\"><b>Wnioskowana kwota: 3 330 \u20ac<\/b><\/span><\/span><\/p>\n<p><strong>Numer projektu:<\/strong> <strong><span style=\"color: #ff0000;\">50\/KARTC<\/span><\/strong><\/p>\n<p><span style=\"color: #999999;\">Stowarzyszenie Ruchu\u00a0<em>Maitri<\/em>\u00a0przeznacza do 10% otrzymanych \u015brodk\u00f3w na koszty funkcjonowania biura i pozyskiwanie funduszy pomocowych.<\/span><\/p>\n<h3><strong><span style=\"color: #999999;\">Pow\u00f3d\u017a w Nepalu: wesprzyj cierpi\u0105cych i pom\u00f3\u017c rodzinom w walce z kataklizmem<\/span><\/strong><\/h3>\n","protected":false},"excerpt":{"rendered":"<p><strong>Projekt: <\/strong><em>Aleksandra<\/em><em>\u00a0Kurnicka, <a href=\"https:\/\/www.facebook.com\/karunikatuitioncenterNEPAL\" target=\"_blank\" rel=\"noopener\">Karunika Foundation<\/a><\/em><br \/>\n<strong>Miejsce:<\/strong> Kathmandu, <a href=\"https:\/\/www.maitri.pl\/gdzie-pomagamy\/\" target=\"_blank\" rel=\"noopener\">Nepal<\/a><br \/>\n<strong>Kwota projektu: <span style=\"color: #ff0000;\">3 330\u20ac<\/span><\/strong><\/p>\n","protected":false},"featured_media":32140,"template":"","meta":[],"product_brand":[],"product_cat":[656],"product_tag":[670,1010,928,672,1009],"class_list":{"0":"post-32130","1":"product","2":"type-product","3":"status-publish","4":"has-post-thumbnail","6":"product_cat-bez-kategorii","7":"product_tag-aleksandra-kurnicka","8":"product_tag-karunika","9":"product_tag-karunika-foundation","10":"product_tag-nepal","11":"product_tag-powodz","13":"first","14":"instock","15":"virtual","16":"purchasable","17":"product-type-simple"},"yoast_head":"<!-- This site is optimized with the Yoast SEO plugin v27.2 - https:\/\/yoast.com\/product\/yoast-seo-wordpress\/ -->\n<title>Pow\u00f3d\u017a w Nepalu: wesprzyj cierpi\u0105cych w walce z kataklizmem<\/title>\n<meta name=\"description\" content=\"Pow\u00f3d\u017a w Nepalu: wesprzyj cierpi\u0105cych i pom\u00f3\u017c im w walce z kataklizmem. Wsp\u00f3\u0142praca z fundacj\u0105 Karunika, prowadzon\u0105 przez p. Aleksandr\u0119 Kurnick\u0105.\" \/>\n<meta name=\"robots\" content=\"index, follow, max-snippet:-1, max-image-preview:large, max-video-preview:-1\" \/>\n<link rel=\"canonical\" href=\"https:\/\/www.maitri.pl\/projekt\/powodz-w-nepalu\/\" \/>\n<meta property=\"og:locale\" content=\"fr_FR\" \/>\n<meta property=\"og:type\" content=\"article\" \/>\n<meta property=\"og:title\" content=\"Pow\u00f3d\u017a w Nepalu: wesprzyj cierpi\u0105cych w walce z kataklizmem\" \/>\n<meta property=\"og:description\" content=\"Pow\u00f3d\u017a w Nepalu: wesprzyj cierpi\u0105cych i pom\u00f3\u017c im w walce z kataklizmem. Wsp\u00f3\u0142praca z fundacj\u0105 Karunika, prowadzon\u0105 przez p. Aleksandr\u0119 Kurnick\u0105.\" \/>\n<meta property=\"og:url\" content=\"https:\/\/www.maitri.pl\/projekt\/powodz-w-nepalu\/\" \/>\n<meta property=\"og:site_name\" content=\"Ruch Maitri - Adopcja Serca pomoc Afryce\" \/>\n<meta property=\"article:publisher\" content=\"https:\/\/www.facebook.com\/MAITRI.Adopcja.Serca.dzieci.Afryki\/\" \/>\n<meta property=\"article:modified_time\" content=\"2025-03-31T12:13:20+00:00\" \/>\n<meta property=\"og:image\" content=\"https:\/\/www.maitri.pl\/wp-content\/uploads\/2024\/10\/50-kartc_3.jpg\" \/>\n\t<meta property=\"og:image:width\" content=\"1280\" \/>\n\t<meta property=\"og:image:height\" content=\"577\" \/>\n\t<meta property=\"og:image:type\" content=\"image\/jpeg\" \/>\n<meta name=\"twitter:card\" content=\"summary_large_image\" \/>\n<meta name=\"twitter:label1\" content=\"Dur\u00e9e de lecture estim\u00e9e\" \/>\n\t<meta name=\"twitter:data1\" content=\"3 minutes\" \/>\n<script type=\"application\/ld+json\" class=\"yoast-schema-graph\">{\"@context\":\"https:\/\/schema.org\",\"@graph\":[{\"@type\":\"WebPage\",\"@id\":\"https:\/\/www.maitri.pl\/projekt\/powodz-w-nepalu\/\",\"url\":\"https:\/\/www.maitri.pl\/projekt\/powodz-w-nepalu\/\",\"name\":\"Pow\u00f3d\u017a w Nepalu: wesprzyj cierpi\u0105cych w walce z kataklizmem\",\"isPartOf\":{\"@id\":\"https:\/\/www.maitri.pl\/#website\"},\"primaryImageOfPage\":{\"@id\":\"https:\/\/www.maitri.pl\/projekt\/powodz-w-nepalu\/#primaryimage\"},\"image\":{\"@id\":\"https:\/\/www.maitri.pl\/projekt\/powodz-w-nepalu\/#primaryimage\"},\"thumbnailUrl\":\"https:\/\/www.maitri.pl\/wp-content\/uploads\/2024\/10\/50-kartc_3.jpg\",\"datePublished\":\"2024-10-17T15:05:55+00:00\",\"dateModified\":\"2025-03-31T12:13:20+00:00\",\"description\":\"Pow\u00f3d\u017a w Nepalu: wesprzyj cierpi\u0105cych i pom\u00f3\u017c im w walce z kataklizmem. Wsp\u00f3\u0142praca z fundacj\u0105 Karunika, prowadzon\u0105 przez p. Aleksandr\u0119 Kurnick\u0105.\",\"breadcrumb\":{\"@id\":\"https:\/\/www.maitri.pl\/projekt\/powodz-w-nepalu\/#breadcrumb\"},\"inLanguage\":\"fr-FR\",\"potentialAction\":[{\"@type\":\"ReadAction\",\"target\":[\"https:\/\/www.maitri.pl\/projekt\/powodz-w-nepalu\/\"]}]},{\"@type\":\"ImageObject\",\"inLanguage\":\"fr-FR\",\"@id\":\"https:\/\/www.maitri.pl\/projekt\/powodz-w-nepalu\/#primaryimage\",\"url\":\"https:\/\/www.maitri.pl\/wp-content\/uploads\/2024\/10\/50-kartc_3.jpg\",\"contentUrl\":\"https:\/\/www.maitri.pl\/wp-content\/uploads\/2024\/10\/50-kartc_3.jpg\",\"width\":1280,\"height\":577,\"caption\":\"Pow\u00f3d\u017a w Nepalu: wesprzyj cierpi\u0105cych i pom\u00f3\u017c rodzinom w walce z kataklizmem pomoc ubogim Maitri Adopcja Serca 03\"},{\"@type\":\"BreadcrumbList\",\"@id\":\"https:\/\/www.maitri.pl\/projekt\/powodz-w-nepalu\/#breadcrumb\",\"itemListElement\":[{\"@type\":\"ListItem\",\"position\":1,\"name\":\"Strona g\u0142\u00f3wna\",\"item\":\"https:\/\/www.maitri.pl\/\"},{\"@type\":\"ListItem\",\"position\":2,\"name\":\"Sklep\",\"item\":\"https:\/\/www.maitri.pl\/sklep\/\"},{\"@type\":\"ListItem\",\"position\":3,\"name\":\"Pow\u00f3d\u017a w Nepalu: wesprzyj cierpi\u0105cych i pom\u00f3\u017c rodzinom w walce z kataklizmem\"}]},{\"@type\":\"WebSite\",\"@id\":\"https:\/\/www.maitri.pl\/#website\",\"url\":\"https:\/\/www.maitri.pl\/\",\"name\":\"Adopcja Serca Maitri \u2013 pomoc dzieciom w Afryce\",\"description\":\"Adopcja Serca \u2013 adopcja na odleg\u0142o\u015b\u0107, pomoc Afryce, do\u017cywianie i edukacja w Afryce\",\"publisher\":{\"@id\":\"https:\/\/www.maitri.pl\/#organization\"},\"potentialAction\":[{\"@type\":\"SearchAction\",\"target\":{\"@type\":\"EntryPoint\",\"urlTemplate\":\"https:\/\/www.maitri.pl\/?s={search_term_string}\"},\"query-input\":{\"@type\":\"PropertyValueSpecification\",\"valueRequired\":true,\"valueName\":\"search_term_string\"}}],\"inLanguage\":\"fr-FR\"},{\"@type\":\"Organization\",\"@id\":\"https:\/\/www.maitri.pl\/#organization\",\"name\":\"Stowarzyszenie Ruchu Maitri\",\"url\":\"https:\/\/www.maitri.pl\/\",\"logo\":{\"@type\":\"ImageObject\",\"inLanguage\":\"fr-FR\",\"@id\":\"https:\/\/www.maitri.pl\/#\/schema\/logo\/image\/\",\"url\":\"https:\/\/www.maitri.pl\/wp-content\/uploads\/2020\/04\/duze_logo-81.png\",\"contentUrl\":\"https:\/\/www.maitri.pl\/wp-content\/uploads\/2020\/04\/duze_logo-81.png\",\"width\":339,\"height\":321,\"caption\":\"Stowarzyszenie Ruchu Maitri\"},\"image\":{\"@id\":\"https:\/\/www.maitri.pl\/#\/schema\/logo\/image\/\"},\"sameAs\":[\"https:\/\/www.facebook.com\/MAITRI.Adopcja.Serca.dzieci.Afryki\/\"]}]}<\/script>\n<!-- \/ Yoast SEO plugin. -->","yoast_head_json":{"title":"Pow\u00f3d\u017a w Nepalu: wesprzyj cierpi\u0105cych w walce z kataklizmem","description":"Pow\u00f3d\u017a w Nepalu: wesprzyj cierpi\u0105cych i pom\u00f3\u017c im w walce z kataklizmem. Wsp\u00f3\u0142praca z fundacj\u0105 Karunika, prowadzon\u0105 przez p. Aleksandr\u0119 Kurnick\u0105.","robots":{"index":"index","follow":"follow","max-snippet":"max-snippet:-1","max-image-preview":"max-image-preview:large","max-video-preview":"max-video-preview:-1"},"canonical":"https:\/\/www.maitri.pl\/projekt\/powodz-w-nepalu\/","og_locale":"fr_FR","og_type":"article","og_title":"Pow\u00f3d\u017a w Nepalu: wesprzyj cierpi\u0105cych w walce z kataklizmem","og_description":"Pow\u00f3d\u017a w Nepalu: wesprzyj cierpi\u0105cych i pom\u00f3\u017c im w walce z kataklizmem. Wsp\u00f3\u0142praca z fundacj\u0105 Karunika, prowadzon\u0105 przez p. Aleksandr\u0119 Kurnick\u0105.","og_url":"https:\/\/www.maitri.pl\/projekt\/powodz-w-nepalu\/","og_site_name":"Ruch Maitri - Adopcja Serca pomoc Afryce","article_publisher":"https:\/\/www.facebook.com\/MAITRI.Adopcja.Serca.dzieci.Afryki\/","article_modified_time":"2025-03-31T12:13:20+00:00","og_image":[{"width":1280,"height":577,"url":"https:\/\/www.maitri.pl\/wp-content\/uploads\/2024\/10\/50-kartc_3.jpg","type":"image\/jpeg"}],"twitter_card":"summary_large_image","twitter_misc":{"Dur\u00e9e de lecture estim\u00e9e":"3 minutes"},"schema":{"@context":"https:\/\/schema.org","@graph":[{"@type":"WebPage","@id":"https:\/\/www.maitri.pl\/projekt\/powodz-w-nepalu\/","url":"https:\/\/www.maitri.pl\/projekt\/powodz-w-nepalu\/","name":"Pow\u00f3d\u017a w Nepalu: wesprzyj cierpi\u0105cych w walce z kataklizmem","isPartOf":{"@id":"https:\/\/www.maitri.pl\/#website"},"primaryImageOfPage":{"@id":"https:\/\/www.maitri.pl\/projekt\/powodz-w-nepalu\/#primaryimage"},"image":{"@id":"https:\/\/www.maitri.pl\/projekt\/powodz-w-nepalu\/#primaryimage"},"thumbnailUrl":"https:\/\/www.maitri.pl\/wp-content\/uploads\/2024\/10\/50-kartc_3.jpg","datePublished":"2024-10-17T15:05:55+00:00","dateModified":"2025-03-31T12:13:20+00:00","description":"Pow\u00f3d\u017a w Nepalu: wesprzyj cierpi\u0105cych i pom\u00f3\u017c im w walce z kataklizmem. Wsp\u00f3\u0142praca z fundacj\u0105 Karunika, prowadzon\u0105 przez p. Aleksandr\u0119 Kurnick\u0105.","breadcrumb":{"@id":"https:\/\/www.maitri.pl\/projekt\/powodz-w-nepalu\/#breadcrumb"},"inLanguage":"fr-FR","potentialAction":[{"@type":"ReadAction","target":["https:\/\/www.maitri.pl\/projekt\/powodz-w-nepalu\/"]}]},{"@type":"ImageObject","inLanguage":"fr-FR","@id":"https:\/\/www.maitri.pl\/projekt\/powodz-w-nepalu\/#primaryimage","url":"https:\/\/www.maitri.pl\/wp-content\/uploads\/2024\/10\/50-kartc_3.jpg","contentUrl":"https:\/\/www.maitri.pl\/wp-content\/uploads\/2024\/10\/50-kartc_3.jpg","width":1280,"height":577,"caption":"Pow\u00f3d\u017a w Nepalu: wesprzyj cierpi\u0105cych i pom\u00f3\u017c rodzinom w walce z kataklizmem pomoc ubogim Maitri Adopcja Serca 03"},{"@type":"BreadcrumbList","@id":"https:\/\/www.maitri.pl\/projekt\/powodz-w-nepalu\/#breadcrumb","itemListElement":[{"@type":"ListItem","position":1,"name":"Strona g\u0142\u00f3wna","item":"https:\/\/www.maitri.pl\/"},{"@type":"ListItem","position":2,"name":"Sklep","item":"https:\/\/www.maitri.pl\/sklep\/"},{"@type":"ListItem","position":3,"name":"Pow\u00f3d\u017a w Nepalu: wesprzyj cierpi\u0105cych i pom\u00f3\u017c rodzinom w walce z kataklizmem"}]},{"@type":"WebSite","@id":"https:\/\/www.maitri.pl\/#website","url":"https:\/\/www.maitri.pl\/","name":"Adopcja Serca Maitri \u2013 pomoc dzieciom w Afryce","description":"Adopcja Serca \u2013 adopcja na odleg\u0142o\u015b\u0107, pomoc Afryce, do\u017cywianie i edukacja w Afryce","publisher":{"@id":"https:\/\/www.maitri.pl\/#organization"},"potentialAction":[{"@type":"SearchAction","target":{"@type":"EntryPoint","urlTemplate":"https:\/\/www.maitri.pl\/?s={search_term_string}"},"query-input":{"@type":"PropertyValueSpecification","valueRequired":true,"valueName":"search_term_string"}}],"inLanguage":"fr-FR"},{"@type":"Organization","@id":"https:\/\/www.maitri.pl\/#organization","name":"Stowarzyszenie Ruchu Maitri","url":"https:\/\/www.maitri.pl\/","logo":{"@type":"ImageObject","inLanguage":"fr-FR","@id":"https:\/\/www.maitri.pl\/#\/schema\/logo\/image\/","url":"https:\/\/www.maitri.pl\/wp-content\/uploads\/2020\/04\/duze_logo-81.png","contentUrl":"https:\/\/www.maitri.pl\/wp-content\/uploads\/2020\/04\/duze_logo-81.png","width":339,"height":321,"caption":"Stowarzyszenie Ruchu Maitri"},"image":{"@id":"https:\/\/www.maitri.pl\/#\/schema\/logo\/image\/"},"sameAs":["https:\/\/www.facebook.com\/MAITRI.Adopcja.Serca.dzieci.Afryki\/"]}]}},"_links":{"self":[{"href":"https:\/\/www.maitri.pl\/fr\/wp-json\/wp\/v2\/product\/32130","targetHints":{"allow":["GET"]}}],"collection":[{"href":"https:\/\/www.maitri.pl\/fr\/wp-json\/wp\/v2\/product"}],"about":[{"href":"https:\/\/www.maitri.pl\/fr\/wp-json\/wp\/v2\/types\/product"}],"wp:featuredmedia":[{"embeddable":true,"href":"https:\/\/www.maitri.pl\/fr\/wp-json\/wp\/v2\/media\/32140"}],"wp:attachment":[{"href":"https:\/\/www.maitri.pl\/fr\/wp-json\/wp\/v2\/media?parent=32130"}],"wp:term":[{"taxonomy":"product_brand","embeddable":true,"href":"https:\/\/www.maitri.pl\/fr\/wp-json\/wp\/v2\/product_brand?post=32130"},{"taxonomy":"product_cat","embeddable":true,"href":"https:\/\/www.maitri.pl\/fr\/wp-json\/wp\/v2\/product_cat?post=32130"},{"taxonomy":"product_tag","embeddable":true,"href":"https:\/\/www.maitri.pl\/fr\/wp-json\/wp\/v2\/product_tag?post=32130"}],"curies":[{"name":"wp","href":"https:\/\/api.w.org\/{rel}","templated":true}]}}