{"id":32040,"date":"2024-09-19T11:36:14","date_gmt":"2024-09-19T09:36:14","guid":{"rendered":"https:\/\/www.maitri.pl\/?post_type=product&#038;p=32040"},"modified":"2025-05-30T14:36:00","modified_gmt":"2025-05-30T12:36:00","slug":"leczenie-zarazonych-wirusem-hiv-w-osrodku-zdrowia-w-abong-mbang","status":"publish","type":"product","link":"https:\/\/www.maitri.pl\/fr\/projekt\/leczenie-zarazonych-wirusem-hiv-w-osrodku-zdrowia-w-abong-mbang\/","title":{"rendered":"Leczenie zara\u017conych wirusem HIV w o\u015brodku zdrowia w Abong-Mbang"},"content":{"rendered":"<h4>Nie maj\u0105 si\u0119 za co leczy\u0107<\/h4>\n<p>Kontynuacja projektu pomocy ludziom ubogim i chorym zara\u017conym wirusem HIV oraz wirusowym zapaleniem w\u0105troby HBV i HCV. Op\u0142ata leczenia w przychodni odpowiednimi lekami lub zawiezienie chorego do szpitala i op\u0142ata jego leczenia albo operacji (w zale\u017cno\u015bci od potrzeb) to bardzo du\u017cy wydatek finansowy. Miejscowych ludzi na to po prostu nie sta\u0107, wi\u0119c najcz\u0119\u015bciej pozostaj\u0105 bez leczenia, choroba post\u0119puje, a stan chorego ci\u0105gle ulega pogorszeniu. Bezp\u0142atne leczenie zara\u017conych wirusem HIV przekracza mo\u017cliwo\u015bci naszego o\u015brodka zdrowia, gdy cz\u0119sto brakuje nam innych, podstawowych nawet lek\u00f3w.<\/p>\n<h4>Osamotnienie w cierpieniu<\/h4>\n<p>Cz\u0119sto jest taka sytuacja, \u017ce osoba potrzebuj\u0105ca pomocy i kt\u00f3rej nie sta\u0107 na leczenie, zg\u0142asza si\u0119 do naszej przechodni ju\u017c w ci\u0119\u017ckim stanie chorobowym. Je\u015bli nie b\u0119dzie jej udzielona darmowa pomoc medyczna, pozostaje osamotniona w cierpieniu, ze skutkami bardzo przykrymi. Opr\u00f3cz lek\u00f3w chorzy zara\u017ceni r\u00f3\u017cnymi wirusami powinni otrzymywa\u0107 r\u00f3wnie\u017c produkty zawieraj\u0105ce du\u017co witamin i bia\u0142ka. Os\u0142abienie wywo\u0142ane wirusem nie pozwala im na ci\u0119\u017ck\u0105 prac\u0119 w polu, dlatego ich ub\u00f3stwo tym bardziej si\u0119 pog\u0142\u0119bia. Takie osoby cz\u0119sto czuj\u0105 si\u0119 opuszczone przez spo\u0142ecze\u0144stwo jak te\u017c przez najbli\u017cszych, dla kt\u00f3rych s\u0105 ci\u0119\u017carem. Samo bycie z nimi i wys\u0142uchanie niestety nic w ich \u017cyciu codziennym nie zmieni. Dlatego s\u0105 bardzo wdzi\u0119czni, gdy otrzymaj\u0105 podstawow\u0105 \u017cywno\u015b\u0107, kt\u00f3ra wzmocni ich wyczerpuj\u0105cy si\u0119 organizm. Towarzyszenie takim ludziom to okazywanie im Mi\u0142o\u015bci i zrozumienia.<\/p>\n<h4>Siostry lecz\u0105 ka\u017cdego<\/h4>\n<p>Potrzeba pomocy. Nie chcemy odsy\u0142a\u0107 chorego bez wsparcia, gdy nie ma on za co kupi\u0107 lek\u00f3w lub zap\u0142aci\u0107 za opatrunki. Niestety wielu z nich nie ma zupe\u0142nie \u015brodk\u00f3w na leczenie. Gdyby nie Wasze sta\u0142e wsparcie, by\u0142abym zmuszona odmawia\u0107 im pomocy, a przecie\u017c chodzi tu o \u017cycie cz\u0142owieka. Potrzeba lek\u00f3w i \u017cywno\u015bci, by \u017cycie sta\u0142o si\u0119\u00a0 dla nich\u00a0 \u0142atwiejsze. Wierz\u0119, \u017ce b\u0119d\u0119 mog\u0142a kontynuowa\u0107 leczenie zara\u017conych wirusem HIV i <a href=\"https:\/\/www.maitri.pl\/projekty-pomocowe\/\" target=\"_blank\" rel=\"noopener\">pomaganie chorym<\/a> obci\u0105\u017conym d\u0142ugotrwa\u0142ymi chorobami wirusowymi.<\/p>\n<p>Kosztorys:<\/p>\n<p><img loading=\"lazy\" decoding=\"async\" class=\"alignnone wp-image-32069 size-full\" src=\"https:\/\/www.maitri.pl\/wp-content\/uploads\/2024\/09\/Kakao-do-picia.png\" alt=\"\" width=\"959\" height=\"423\" srcset=\"https:\/\/www.maitri.pl\/wp-content\/uploads\/2024\/09\/Kakao-do-picia.png 959w, https:\/\/www.maitri.pl\/wp-content\/uploads\/2024\/09\/Kakao-do-picia-300x132.png 300w, https:\/\/www.maitri.pl\/wp-content\/uploads\/2024\/09\/Kakao-do-picia-768x339.png 768w, https:\/\/www.maitri.pl\/wp-content\/uploads\/2024\/09\/Kakao-do-picia-600x265.png 600w\" sizes=\"auto, (max-width: 959px) 100vw, 959px\" \/><\/p>\n<p><em style=\"font-size: 16px;\">s. Nazariusza \u017buczek, <a href=\"http:\/\/duszajezusa.pl\/\" target=\"_blank\" rel=\"noopener noreferrer\">Zgromadzenie Si\u00f3str Naj\u015bwi\u0119tszej Duszy Chrystusa Pana<\/a><\/em><\/p>\n<p><strong>PODSUMOWANIE<\/strong> (w miejscowej walucie) &#8211; razem <strong>2 246 300 frank\u00f3w CFA<\/strong><\/p>\n<p style=\"text-align: justify;\" align=\"JUSTIFY\"><span style=\"color: #ff0000;\"><span style=\"font-size: large;\"><b>Kwota projektu: 3 560 \u20ac<br \/>\n<\/b><\/span><\/span><\/p>\n<p align=\"JUSTIFY\"><strong>Przekazana kwota: 100%<\/strong><\/p>\n<p style=\"text-align: justify;\"><strong>Numer projektu: 166\/CHRYS <\/strong><\/p>\n<p style=\"text-align: justify;\" align=\"JUSTIFY\"><span style=\"color: #808080;\">Stowarzyszenie Ruchu\u00a0<em>Maitri<\/em>\u00a0przeznacza do 10% otrzymanych \u015brodk\u00f3w na koszty funkcjonowania biura i pozyskiwanie funduszy pomocowych.<\/span><\/p>\n<h3 style=\"text-align: justify;\" align=\"JUSTIFY\"><span style=\"color: #808080;\">Leczenie zara\u017conych wirusem HIV oraz wirusowym zapaleniem w\u0105troby HBV i HCV w misyjnym o\u015brodku zdrowia w Abong-Mbang w Kamerunie<\/span><\/h3>\n","protected":false},"excerpt":{"rendered":"<p><strong>Projekt: <\/strong><em>s. Nazariusza \u017buczek, <a href=\"http:\/\/duszajezusa.pl\/\" target=\"_blank\" rel=\"noopener noreferrer\">Zgromadzenie Si\u00f3str Naj\u015bwi\u0119tszej Duszy Chrystusa Pana<\/a><\/em><br \/>\n<strong>Misja:<\/strong> Abong Mbang, <a href=\"https:\/\/www.maitri.pl\/gdzie-pomagamy\/\" target=\"_blank\" rel=\"noopener noreferrer\">Kamerun<\/a><br \/>\n<strong>Kwota projektu: <span style=\"color: #ff0000;\">3 560 \u20ac<\/span><\/strong><\/p>\n","protected":false},"featured_media":32044,"template":"","meta":[],"product_brand":[],"product_cat":[674],"product_tag":[662,658,1008,660],"class_list":{"0":"post-32040","1":"product","2":"type-product","3":"status-publish","4":"has-post-thumbnail","6":"product_cat-projekty-zrealizowane-w-biezacym-roku","7":"product_tag-abong-mbang","8":"product_tag-kamerun","9":"product_tag-siostra-nazariusza","10":"product_tag-zgromadzenie-siostr-najswietszej-duszy-chrystusa-pana","12":"first","13":"instock","14":"virtual","15":"purchasable","16":"product-type-simple"},"yoast_head":"<!-- This site is optimized with the Yoast SEO plugin v27.2 - https:\/\/yoast.com\/product\/yoast-seo-wordpress\/ -->\n<title>Leczenie zara\u017conych wirusem HIV w misji Abong-Mbang<\/title>\n<meta name=\"description\" content=\"Leczenie zara\u017conych wirusem HIV w o\u015brodku zdrowia w Abong-Mbang w Kamerunie. O pomoc prosi misja Zgromadzenia Si\u00f3str Naj\u015bwi\u0119tszej Duszy Chrystusa Pana.\" \/>\n<meta name=\"robots\" content=\"index, follow, max-snippet:-1, max-image-preview:large, max-video-preview:-1\" \/>\n<link rel=\"canonical\" href=\"https:\/\/www.maitri.pl\/projekt\/leczenie-zarazonych-wirusem-hiv-w-osrodku-zdrowia-w-abong-mbang\/\" \/>\n<meta property=\"og:locale\" content=\"fr_FR\" \/>\n<meta property=\"og:type\" content=\"article\" \/>\n<meta property=\"og:title\" content=\"Leczenie zara\u017conych wirusem HIV w misji Abong-Mbang\" \/>\n<meta property=\"og:description\" content=\"Leczenie zara\u017conych wirusem HIV w o\u015brodku zdrowia w Abong-Mbang w Kamerunie. O pomoc prosi misja Zgromadzenia Si\u00f3str Naj\u015bwi\u0119tszej Duszy Chrystusa Pana.\" \/>\n<meta property=\"og:url\" content=\"https:\/\/www.maitri.pl\/projekt\/leczenie-zarazonych-wirusem-hiv-w-osrodku-zdrowia-w-abong-mbang\/\" \/>\n<meta property=\"og:site_name\" content=\"Ruch Maitri - Adopcja Serca pomoc Afryce\" \/>\n<meta property=\"article:publisher\" content=\"https:\/\/www.facebook.com\/MAITRI.Adopcja.Serca.dzieci.Afryki\/\" \/>\n<meta property=\"article:modified_time\" content=\"2025-05-30T12:36:00+00:00\" \/>\n<meta property=\"og:image\" content=\"https:\/\/www.maitri.pl\/wp-content\/uploads\/2024\/09\/166-chrys-1.jpeg\" \/>\n\t<meta property=\"og:image:width\" content=\"1200\" \/>\n\t<meta property=\"og:image:height\" content=\"1600\" \/>\n\t<meta property=\"og:image:type\" content=\"image\/jpeg\" \/>\n<meta name=\"twitter:card\" content=\"summary_large_image\" \/>\n<meta name=\"twitter:label1\" content=\"Dur\u00e9e de lecture estim\u00e9e\" \/>\n\t<meta name=\"twitter:data1\" content=\"3 minutes\" \/>\n<script type=\"application\/ld+json\" class=\"yoast-schema-graph\">{\"@context\":\"https:\/\/schema.org\",\"@graph\":[{\"@type\":\"WebPage\",\"@id\":\"https:\/\/www.maitri.pl\/projekt\/leczenie-zarazonych-wirusem-hiv-w-osrodku-zdrowia-w-abong-mbang\/\",\"url\":\"https:\/\/www.maitri.pl\/projekt\/leczenie-zarazonych-wirusem-hiv-w-osrodku-zdrowia-w-abong-mbang\/\",\"name\":\"Leczenie zara\u017conych wirusem HIV w misji Abong-Mbang\",\"isPartOf\":{\"@id\":\"https:\/\/www.maitri.pl\/#website\"},\"primaryImageOfPage\":{\"@id\":\"https:\/\/www.maitri.pl\/projekt\/leczenie-zarazonych-wirusem-hiv-w-osrodku-zdrowia-w-abong-mbang\/#primaryimage\"},\"image\":{\"@id\":\"https:\/\/www.maitri.pl\/projekt\/leczenie-zarazonych-wirusem-hiv-w-osrodku-zdrowia-w-abong-mbang\/#primaryimage\"},\"thumbnailUrl\":\"https:\/\/www.maitri.pl\/wp-content\/uploads\/2024\/09\/166-chrys-1.jpeg\",\"datePublished\":\"2024-09-19T09:36:14+00:00\",\"dateModified\":\"2025-05-30T12:36:00+00:00\",\"description\":\"Leczenie zara\u017conych wirusem HIV w o\u015brodku zdrowia w Abong-Mbang w Kamerunie. O pomoc prosi misja Zgromadzenia Si\u00f3str Naj\u015bwi\u0119tszej Duszy Chrystusa Pana.\",\"breadcrumb\":{\"@id\":\"https:\/\/www.maitri.pl\/projekt\/leczenie-zarazonych-wirusem-hiv-w-osrodku-zdrowia-w-abong-mbang\/#breadcrumb\"},\"inLanguage\":\"fr-FR\",\"potentialAction\":[{\"@type\":\"ReadAction\",\"target\":[\"https:\/\/www.maitri.pl\/projekt\/leczenie-zarazonych-wirusem-hiv-w-osrodku-zdrowia-w-abong-mbang\/\"]}]},{\"@type\":\"ImageObject\",\"inLanguage\":\"fr-FR\",\"@id\":\"https:\/\/www.maitri.pl\/projekt\/leczenie-zarazonych-wirusem-hiv-w-osrodku-zdrowia-w-abong-mbang\/#primaryimage\",\"url\":\"https:\/\/www.maitri.pl\/wp-content\/uploads\/2024\/09\/166-chrys-1.jpeg\",\"contentUrl\":\"https:\/\/www.maitri.pl\/wp-content\/uploads\/2024\/09\/166-chrys-1.jpeg\",\"width\":1200,\"height\":1600,\"caption\":\"Leczenie zara\u017conych wirusem HIV Adopcja Serca Maitri pomoc ubogim pomoc Afryce ja\u0142mu\u017cna Adopcja Duchowa Kamerun Polska pomaga 01\"},{\"@type\":\"BreadcrumbList\",\"@id\":\"https:\/\/www.maitri.pl\/projekt\/leczenie-zarazonych-wirusem-hiv-w-osrodku-zdrowia-w-abong-mbang\/#breadcrumb\",\"itemListElement\":[{\"@type\":\"ListItem\",\"position\":1,\"name\":\"Strona g\u0142\u00f3wna\",\"item\":\"https:\/\/www.maitri.pl\/\"},{\"@type\":\"ListItem\",\"position\":2,\"name\":\"Sklep\",\"item\":\"https:\/\/www.maitri.pl\/sklep\/\"},{\"@type\":\"ListItem\",\"position\":3,\"name\":\"Leczenie zara\u017conych wirusem HIV w o\u015brodku zdrowia w Abong-Mbang\"}]},{\"@type\":\"WebSite\",\"@id\":\"https:\/\/www.maitri.pl\/#website\",\"url\":\"https:\/\/www.maitri.pl\/\",\"name\":\"Adopcja Serca Maitri \u2013 pomoc dzieciom w Afryce\",\"description\":\"Adopcja Serca \u2013 adopcja na odleg\u0142o\u015b\u0107, pomoc Afryce, do\u017cywianie i edukacja w Afryce\",\"publisher\":{\"@id\":\"https:\/\/www.maitri.pl\/#organization\"},\"potentialAction\":[{\"@type\":\"SearchAction\",\"target\":{\"@type\":\"EntryPoint\",\"urlTemplate\":\"https:\/\/www.maitri.pl\/?s={search_term_string}\"},\"query-input\":{\"@type\":\"PropertyValueSpecification\",\"valueRequired\":true,\"valueName\":\"search_term_string\"}}],\"inLanguage\":\"fr-FR\"},{\"@type\":\"Organization\",\"@id\":\"https:\/\/www.maitri.pl\/#organization\",\"name\":\"Stowarzyszenie Ruchu Maitri\",\"url\":\"https:\/\/www.maitri.pl\/\",\"logo\":{\"@type\":\"ImageObject\",\"inLanguage\":\"fr-FR\",\"@id\":\"https:\/\/www.maitri.pl\/#\/schema\/logo\/image\/\",\"url\":\"https:\/\/www.maitri.pl\/wp-content\/uploads\/2020\/04\/duze_logo-81.png\",\"contentUrl\":\"https:\/\/www.maitri.pl\/wp-content\/uploads\/2020\/04\/duze_logo-81.png\",\"width\":339,\"height\":321,\"caption\":\"Stowarzyszenie Ruchu Maitri\"},\"image\":{\"@id\":\"https:\/\/www.maitri.pl\/#\/schema\/logo\/image\/\"},\"sameAs\":[\"https:\/\/www.facebook.com\/MAITRI.Adopcja.Serca.dzieci.Afryki\/\"]}]}<\/script>\n<!-- \/ Yoast SEO plugin. -->","yoast_head_json":{"title":"Leczenie zara\u017conych wirusem HIV w misji Abong-Mbang","description":"Leczenie zara\u017conych wirusem HIV w o\u015brodku zdrowia w Abong-Mbang w Kamerunie. O pomoc prosi misja Zgromadzenia Si\u00f3str Naj\u015bwi\u0119tszej Duszy Chrystusa Pana.","robots":{"index":"index","follow":"follow","max-snippet":"max-snippet:-1","max-image-preview":"max-image-preview:large","max-video-preview":"max-video-preview:-1"},"canonical":"https:\/\/www.maitri.pl\/projekt\/leczenie-zarazonych-wirusem-hiv-w-osrodku-zdrowia-w-abong-mbang\/","og_locale":"fr_FR","og_type":"article","og_title":"Leczenie zara\u017conych wirusem HIV w misji Abong-Mbang","og_description":"Leczenie zara\u017conych wirusem HIV w o\u015brodku zdrowia w Abong-Mbang w Kamerunie. O pomoc prosi misja Zgromadzenia Si\u00f3str Naj\u015bwi\u0119tszej Duszy Chrystusa Pana.","og_url":"https:\/\/www.maitri.pl\/projekt\/leczenie-zarazonych-wirusem-hiv-w-osrodku-zdrowia-w-abong-mbang\/","og_site_name":"Ruch Maitri - Adopcja Serca pomoc Afryce","article_publisher":"https:\/\/www.facebook.com\/MAITRI.Adopcja.Serca.dzieci.Afryki\/","article_modified_time":"2025-05-30T12:36:00+00:00","og_image":[{"width":1200,"height":1600,"url":"https:\/\/www.maitri.pl\/wp-content\/uploads\/2024\/09\/166-chrys-1.jpeg","type":"image\/jpeg"}],"twitter_card":"summary_large_image","twitter_misc":{"Dur\u00e9e de lecture estim\u00e9e":"3 minutes"},"schema":{"@context":"https:\/\/schema.org","@graph":[{"@type":"WebPage","@id":"https:\/\/www.maitri.pl\/projekt\/leczenie-zarazonych-wirusem-hiv-w-osrodku-zdrowia-w-abong-mbang\/","url":"https:\/\/www.maitri.pl\/projekt\/leczenie-zarazonych-wirusem-hiv-w-osrodku-zdrowia-w-abong-mbang\/","name":"Leczenie zara\u017conych wirusem HIV w misji Abong-Mbang","isPartOf":{"@id":"https:\/\/www.maitri.pl\/#website"},"primaryImageOfPage":{"@id":"https:\/\/www.maitri.pl\/projekt\/leczenie-zarazonych-wirusem-hiv-w-osrodku-zdrowia-w-abong-mbang\/#primaryimage"},"image":{"@id":"https:\/\/www.maitri.pl\/projekt\/leczenie-zarazonych-wirusem-hiv-w-osrodku-zdrowia-w-abong-mbang\/#primaryimage"},"thumbnailUrl":"https:\/\/www.maitri.pl\/wp-content\/uploads\/2024\/09\/166-chrys-1.jpeg","datePublished":"2024-09-19T09:36:14+00:00","dateModified":"2025-05-30T12:36:00+00:00","description":"Leczenie zara\u017conych wirusem HIV w o\u015brodku zdrowia w Abong-Mbang w Kamerunie. O pomoc prosi misja Zgromadzenia Si\u00f3str Naj\u015bwi\u0119tszej Duszy Chrystusa Pana.","breadcrumb":{"@id":"https:\/\/www.maitri.pl\/projekt\/leczenie-zarazonych-wirusem-hiv-w-osrodku-zdrowia-w-abong-mbang\/#breadcrumb"},"inLanguage":"fr-FR","potentialAction":[{"@type":"ReadAction","target":["https:\/\/www.maitri.pl\/projekt\/leczenie-zarazonych-wirusem-hiv-w-osrodku-zdrowia-w-abong-mbang\/"]}]},{"@type":"ImageObject","inLanguage":"fr-FR","@id":"https:\/\/www.maitri.pl\/projekt\/leczenie-zarazonych-wirusem-hiv-w-osrodku-zdrowia-w-abong-mbang\/#primaryimage","url":"https:\/\/www.maitri.pl\/wp-content\/uploads\/2024\/09\/166-chrys-1.jpeg","contentUrl":"https:\/\/www.maitri.pl\/wp-content\/uploads\/2024\/09\/166-chrys-1.jpeg","width":1200,"height":1600,"caption":"Leczenie zara\u017conych wirusem HIV Adopcja Serca Maitri pomoc ubogim pomoc Afryce ja\u0142mu\u017cna Adopcja Duchowa Kamerun Polska pomaga 01"},{"@type":"BreadcrumbList","@id":"https:\/\/www.maitri.pl\/projekt\/leczenie-zarazonych-wirusem-hiv-w-osrodku-zdrowia-w-abong-mbang\/#breadcrumb","itemListElement":[{"@type":"ListItem","position":1,"name":"Strona g\u0142\u00f3wna","item":"https:\/\/www.maitri.pl\/"},{"@type":"ListItem","position":2,"name":"Sklep","item":"https:\/\/www.maitri.pl\/sklep\/"},{"@type":"ListItem","position":3,"name":"Leczenie zara\u017conych wirusem HIV w o\u015brodku zdrowia w Abong-Mbang"}]},{"@type":"WebSite","@id":"https:\/\/www.maitri.pl\/#website","url":"https:\/\/www.maitri.pl\/","name":"Adopcja Serca Maitri \u2013 pomoc dzieciom w Afryce","description":"Adopcja Serca \u2013 adopcja na odleg\u0142o\u015b\u0107, pomoc Afryce, do\u017cywianie i edukacja w Afryce","publisher":{"@id":"https:\/\/www.maitri.pl\/#organization"},"potentialAction":[{"@type":"SearchAction","target":{"@type":"EntryPoint","urlTemplate":"https:\/\/www.maitri.pl\/?s={search_term_string}"},"query-input":{"@type":"PropertyValueSpecification","valueRequired":true,"valueName":"search_term_string"}}],"inLanguage":"fr-FR"},{"@type":"Organization","@id":"https:\/\/www.maitri.pl\/#organization","name":"Stowarzyszenie Ruchu Maitri","url":"https:\/\/www.maitri.pl\/","logo":{"@type":"ImageObject","inLanguage":"fr-FR","@id":"https:\/\/www.maitri.pl\/#\/schema\/logo\/image\/","url":"https:\/\/www.maitri.pl\/wp-content\/uploads\/2020\/04\/duze_logo-81.png","contentUrl":"https:\/\/www.maitri.pl\/wp-content\/uploads\/2020\/04\/duze_logo-81.png","width":339,"height":321,"caption":"Stowarzyszenie Ruchu Maitri"},"image":{"@id":"https:\/\/www.maitri.pl\/#\/schema\/logo\/image\/"},"sameAs":["https:\/\/www.facebook.com\/MAITRI.Adopcja.Serca.dzieci.Afryki\/"]}]}},"_links":{"self":[{"href":"https:\/\/www.maitri.pl\/fr\/wp-json\/wp\/v2\/product\/32040","targetHints":{"allow":["GET"]}}],"collection":[{"href":"https:\/\/www.maitri.pl\/fr\/wp-json\/wp\/v2\/product"}],"about":[{"href":"https:\/\/www.maitri.pl\/fr\/wp-json\/wp\/v2\/types\/product"}],"wp:featuredmedia":[{"embeddable":true,"href":"https:\/\/www.maitri.pl\/fr\/wp-json\/wp\/v2\/media\/32044"}],"wp:attachment":[{"href":"https:\/\/www.maitri.pl\/fr\/wp-json\/wp\/v2\/media?parent=32040"}],"wp:term":[{"taxonomy":"product_brand","embeddable":true,"href":"https:\/\/www.maitri.pl\/fr\/wp-json\/wp\/v2\/product_brand?post=32040"},{"taxonomy":"product_cat","embeddable":true,"href":"https:\/\/www.maitri.pl\/fr\/wp-json\/wp\/v2\/product_cat?post=32040"},{"taxonomy":"product_tag","embeddable":true,"href":"https:\/\/www.maitri.pl\/fr\/wp-json\/wp\/v2\/product_tag?post=32040"}],"curies":[{"name":"wp","href":"https:\/\/api.w.org\/{rel}","templated":true}]}}