{"id":32020,"date":"2024-09-19T10:36:44","date_gmt":"2024-09-19T08:36:44","guid":{"rendered":"https:\/\/www.maitri.pl\/?post_type=product&#038;p=32020"},"modified":"2025-03-31T14:13:30","modified_gmt":"2025-03-31T12:13:30","slug":"jalmuzna-narzedzia-rutshuru","status":"publish","type":"product","link":"https:\/\/www.maitri.pl\/fr\/projekt\/jalmuzna-narzedzia-rutshuru\/","title":{"rendered":"Ja\u0142mu\u017cna na zakup narz\u0119dzi pracy dla ubogiej m\u0142odzie\u017cy z Rutshuru w DR Kongo"},"content":{"rendered":"<h4><strong>Wydosta\u0107 si\u0119 z ub\u00f3stwa<\/strong><\/h4>\n<p>O tym, \u017ce udany start w doros\u0142o\u015b\u0107 to gwarancja sukcesu w \u017cyciu, nie trzeba nikogo przekonywa\u0107. Zdolna m\u0142odzie\u017c, kt\u00f3ra ko\u0144czy w\u0142a\u015bnie kursy zawodowe w misji Rutshuru w DR Kongo nie marzy o nowych smartfonach, ani sportowych samochodach. Ich marzeniem s\u0105 narz\u0119dzia pracy, kt\u00f3re umo\u017cliwi\u0105 im wykonywanie wyuczonego zawodu. Jak co roku, misja Si\u00f3str Pallotynek w Rutshuru prosi o dofinansowanie zakupu narz\u0119dzi dla absolwent\u00f3w szk\u00f3\u0142 zawodowych. Uczniowie z wielk\u0105 nadziej\u0105 czekaj\u0105 na t\u0119 chwil\u0119, bo wiedz\u0105, \u017ce ich poprzednicy narz\u0119dzia dostali. Wi\u0119c licz\u0105 na to, \u017ce oni te\u017c dost\u0105pi\u0105 tego dobrodziejstwa. Ja\u0142mu\u017cna na zakup narz\u0119dzi sprawia, \u017ce m\u0142odzie\u017c z ubogich rodzin mo\u017ce zacz\u0105\u0107 w\u0142asnor\u0119cznie zarabia\u0107 na utrzymanie i wydosta\u0107 si\u0119 z ub\u00f3stwa.<\/p>\n<h4>Maj\u0105 tylko talent<\/h4>\n<p>Niestety zakup maszyny do szycia przerasta mo\u017cliwo\u015bci uczni\u00f3w pochodz\u0105cych z ubogich rodzin. Bez narz\u0119dzi b\u0119d\u0105 mogli tylko najmowa\u0107 si\u0119 do pracy w polu, a nie pracowa\u0107 w wyuczonym zawodzie. Nabyli umiej\u0119tno\u015bci, kt\u00f3re mog\u0105 z sukcesem wykorzysta\u0107 w ich miejscu zamieszkania. Dla m\u0142odych ludzi wchodz\u0105cych w doros\u0142o\u015b\u0107 jest wa\u017cne, aby ko\u0144cz\u0105c nauk\u0119 mogli dosta\u0107\u00a0 narz\u0119dzia na w\u0142asno\u015b\u0107. To pozwoli im zapewni\u0107 prac\u0105 w\u0142asnych r\u0105k utrzymanie dla siebie i rodziny i wzmocni poczucie w\u0142asnej warto\u015bci. Ja\u0142mu\u017cna na zakup narz\u0119dzi to niedu\u017ca kwota, kt\u00f3ra pomo\u017ce zmieni\u0107 \u017cycie wielu m\u0142odych ludzi. W\u015br\u00f3d os\u00f3b, kt\u00f3rym chcemy pom\u00f3c s\u0105 podopieczni programu <a href=\"https:\/\/www.maitri.pl\/adopcja-serca\/\" target=\"_blank\" rel=\"noopener\">Adopcja Serca<\/a> Maitri. Apelujemy o wsparcie!<\/p>\n<p>\u201eMaj\u0105c nadziej\u0119, \u017ce nasza pro\u015bba zostanie wys\u0142uchana i jeszcze raz dzi\u0119kuj\u0105c, prosimy o wsparcie, wierz\u0105c w nasz\u0105 wieloletni\u0105 wsp\u00f3\u0142prac\u0119.\u201d<\/p>\n<p>W imieniu MAITRI w Rutshuru, DR Kongo<br \/>\nAdelard Matsipa, organizator<\/p>\n<h4><strong>Kosztorys:<\/strong><\/h4>\n<p><img loading=\"lazy\" decoding=\"async\" class=\"alignnone wp-image-32021 size-full\" src=\"https:\/\/www.maitri.pl\/wp-content\/uploads\/2024\/09\/426-palls.png\" alt=\"\" width=\"954\" height=\"214\" srcset=\"https:\/\/www.maitri.pl\/wp-content\/uploads\/2024\/09\/426-palls.png 954w, https:\/\/www.maitri.pl\/wp-content\/uploads\/2024\/09\/426-palls-300x67.png 300w, https:\/\/www.maitri.pl\/wp-content\/uploads\/2024\/09\/426-palls-768x172.png 768w, https:\/\/www.maitri.pl\/wp-content\/uploads\/2024\/09\/426-palls-600x135.png 600w\" sizes=\"auto, (max-width: 954px) 100vw, 954px\" \/><\/p>\n<p><em>s. Diane Iradukunda, <a href=\"http:\/\/www.pallotynki.pl\/\" target=\"_blank\" rel=\"noopener noreferrer\">Zgromadzenie Si\u00f3str Apostolstwa Katolickiego (Pallotynki)<\/a>, misja Rutshuru, Demokratyczna Republika Konga<\/em><\/p>\n<p style=\"text-align: justify;\" align=\"JUSTIFY\"><strong>Numer projektu 426\/PALLS<\/strong><\/p>\n<p style=\"text-align: justify;\" align=\"JUSTIFY\"><span style=\"color: #ff0000;\"><span style=\"font-size: large;\"><b>Kwota projektu: 1800 \u20ac<\/b><\/span><\/span><\/p>\n<p style=\"text-align: justify;\" align=\"JUSTIFY\"><span style=\"color: #808080;\">Stowarzyszenie Ruchu\u00a0<em>Maitri<\/em>\u00a0przeznacza do 10% otrzymanych \u015brodk\u00f3w na koszty funkcjonowania biura i pozyskiwanie funduszy pomocowych.<\/span><\/p>\n<h3 style=\"text-align: justify;\" align=\"JUSTIFY\"><span style=\"color: #808080;\">Ja\u0142mu\u017cna na zakup narz\u0119dzi pracy dla ubogiej m\u0142odzie\u017cy z Rutshuru w DR Kongo &#8211; Siostry pallotynki<\/span><\/h3>\n","protected":false},"excerpt":{"rendered":"<p><strong>Projekt:\u00a0<\/strong> S. Diane Iradukunda, <a href=\"http:\/\/www.pallotynki.pl\/\" target=\"_blank\" rel=\"noopener noreferrer\">Zgromadzenie Si\u00f3str Misjonarek Apostolstwa Katolickiego<\/a><br \/>\n<strong>Misja:<\/strong> Rutshuru, <a href=\"https:\/\/www.maitri.pl\/gdzie-pomagamy\/\" target=\"_blank\" rel=\"noopener noreferrer\">DR Kongo<\/a><br \/>\n<strong>Kwota projektu: <span style=\"color: #ff0000;\">1800 \u20ac<\/span><\/strong><\/p>\n","protected":false},"featured_media":32030,"template":"","meta":[],"product_brand":[],"product_cat":[656],"product_tag":[690,847,764,977,689],"class_list":{"0":"post-32020","1":"product","2":"type-product","3":"status-publish","4":"has-post-thumbnail","6":"product_cat-bez-kategorii","7":"product_tag-dr-kongo","8":"product_tag-pallotynki","9":"product_tag-rutshuru","10":"product_tag-siostra-diane-iradukunda","11":"product_tag-zgromadzenie-siostr-misjonarek-apostolstwa-katolickiego","13":"first","14":"instock","15":"virtual","16":"purchasable","17":"product-type-simple"},"yoast_head":"<!-- This site is optimized with the Yoast SEO plugin v27.2 - https:\/\/yoast.com\/product\/yoast-seo-wordpress\/ -->\n<title>Ja\u0142mu\u017cna na zakup narz\u0119dzi pracy dla m\u0142odzie\u017cy z DR Kongo<\/title>\n<meta name=\"description\" content=\"Ja\u0142mu\u017cna na zakup narz\u0119dzi pracy dla ubogiej m\u0142odzie\u017cy z Rutshuru w DR Kongo. Absolwenci misyjnych kurs\u00f3w zawodowych potrzebuj\u0105 pomoc. Siostry pallotynki.\" \/>\n<meta name=\"robots\" content=\"index, follow, max-snippet:-1, max-image-preview:large, max-video-preview:-1\" \/>\n<link rel=\"canonical\" href=\"https:\/\/www.maitri.pl\/projekt\/jalmuzna-narzedzia-rutshuru\/\" \/>\n<meta property=\"og:locale\" content=\"fr_FR\" \/>\n<meta property=\"og:type\" content=\"article\" \/>\n<meta property=\"og:title\" content=\"Ja\u0142mu\u017cna na zakup narz\u0119dzi pracy dla m\u0142odzie\u017cy z DR Kongo\" \/>\n<meta property=\"og:description\" content=\"Ja\u0142mu\u017cna na zakup narz\u0119dzi pracy dla ubogiej m\u0142odzie\u017cy z Rutshuru w DR Kongo. Absolwenci misyjnych kurs\u00f3w zawodowych potrzebuj\u0105 pomoc. Siostry pallotynki.\" \/>\n<meta property=\"og:url\" content=\"https:\/\/www.maitri.pl\/projekt\/jalmuzna-narzedzia-rutshuru\/\" \/>\n<meta property=\"og:site_name\" content=\"Ruch Maitri - Adopcja Serca pomoc Afryce\" \/>\n<meta property=\"article:publisher\" content=\"https:\/\/www.facebook.com\/MAITRI.Adopcja.Serca.dzieci.Afryki\/\" \/>\n<meta property=\"article:modified_time\" content=\"2025-03-31T12:13:30+00:00\" \/>\n<meta property=\"og:image\" content=\"https:\/\/www.maitri.pl\/wp-content\/uploads\/2024\/09\/DSCF7091.jpg\" \/>\n\t<meta property=\"og:image:width\" content=\"1958\" \/>\n\t<meta property=\"og:image:height\" content=\"1305\" \/>\n\t<meta property=\"og:image:type\" content=\"image\/jpeg\" \/>\n<meta name=\"twitter:card\" content=\"summary_large_image\" \/>\n<meta name=\"twitter:label1\" content=\"Dur\u00e9e de lecture estim\u00e9e\" \/>\n\t<meta name=\"twitter:data1\" content=\"3 minutes\" \/>\n<script type=\"application\/ld+json\" class=\"yoast-schema-graph\">{\"@context\":\"https:\/\/schema.org\",\"@graph\":[{\"@type\":\"WebPage\",\"@id\":\"https:\/\/www.maitri.pl\/projekt\/jalmuzna-narzedzia-rutshuru\/\",\"url\":\"https:\/\/www.maitri.pl\/projekt\/jalmuzna-narzedzia-rutshuru\/\",\"name\":\"Ja\u0142mu\u017cna na zakup narz\u0119dzi pracy dla m\u0142odzie\u017cy z DR Kongo\",\"isPartOf\":{\"@id\":\"https:\/\/www.maitri.pl\/#website\"},\"primaryImageOfPage\":{\"@id\":\"https:\/\/www.maitri.pl\/projekt\/jalmuzna-narzedzia-rutshuru\/#primaryimage\"},\"image\":{\"@id\":\"https:\/\/www.maitri.pl\/projekt\/jalmuzna-narzedzia-rutshuru\/#primaryimage\"},\"thumbnailUrl\":\"https:\/\/www.maitri.pl\/wp-content\/uploads\/2024\/09\/DSCF7091.jpg\",\"datePublished\":\"2024-09-19T08:36:44+00:00\",\"dateModified\":\"2025-03-31T12:13:30+00:00\",\"description\":\"Ja\u0142mu\u017cna na zakup narz\u0119dzi pracy dla ubogiej m\u0142odzie\u017cy z Rutshuru w DR Kongo. Absolwenci misyjnych kurs\u00f3w zawodowych potrzebuj\u0105 pomoc. Siostry pallotynki.\",\"breadcrumb\":{\"@id\":\"https:\/\/www.maitri.pl\/projekt\/jalmuzna-narzedzia-rutshuru\/#breadcrumb\"},\"inLanguage\":\"fr-FR\",\"potentialAction\":[{\"@type\":\"ReadAction\",\"target\":[\"https:\/\/www.maitri.pl\/projekt\/jalmuzna-narzedzia-rutshuru\/\"]}]},{\"@type\":\"ImageObject\",\"inLanguage\":\"fr-FR\",\"@id\":\"https:\/\/www.maitri.pl\/projekt\/jalmuzna-narzedzia-rutshuru\/#primaryimage\",\"url\":\"https:\/\/www.maitri.pl\/wp-content\/uploads\/2024\/09\/DSCF7091.jpg\",\"contentUrl\":\"https:\/\/www.maitri.pl\/wp-content\/uploads\/2024\/09\/DSCF7091.jpg\",\"width\":1958,\"height\":1305,\"caption\":\"Ja\u0142mu\u017cna pomoc ubogim pomoc Afryce siostry pallotynki Adopcja Serca Maitri Adopcja Duchowa sierociniec 03\"},{\"@type\":\"BreadcrumbList\",\"@id\":\"https:\/\/www.maitri.pl\/projekt\/jalmuzna-narzedzia-rutshuru\/#breadcrumb\",\"itemListElement\":[{\"@type\":\"ListItem\",\"position\":1,\"name\":\"Strona g\u0142\u00f3wna\",\"item\":\"https:\/\/www.maitri.pl\/\"},{\"@type\":\"ListItem\",\"position\":2,\"name\":\"Sklep\",\"item\":\"https:\/\/www.maitri.pl\/sklep\/\"},{\"@type\":\"ListItem\",\"position\":3,\"name\":\"Ja\u0142mu\u017cna na zakup narz\u0119dzi pracy dla ubogiej m\u0142odzie\u017cy z Rutshuru w DR Kongo\"}]},{\"@type\":\"WebSite\",\"@id\":\"https:\/\/www.maitri.pl\/#website\",\"url\":\"https:\/\/www.maitri.pl\/\",\"name\":\"Adopcja Serca Maitri \u2013 pomoc dzieciom w Afryce\",\"description\":\"Adopcja Serca \u2013 adopcja na odleg\u0142o\u015b\u0107, pomoc Afryce, do\u017cywianie i edukacja w Afryce\",\"publisher\":{\"@id\":\"https:\/\/www.maitri.pl\/#organization\"},\"potentialAction\":[{\"@type\":\"SearchAction\",\"target\":{\"@type\":\"EntryPoint\",\"urlTemplate\":\"https:\/\/www.maitri.pl\/?s={search_term_string}\"},\"query-input\":{\"@type\":\"PropertyValueSpecification\",\"valueRequired\":true,\"valueName\":\"search_term_string\"}}],\"inLanguage\":\"fr-FR\"},{\"@type\":\"Organization\",\"@id\":\"https:\/\/www.maitri.pl\/#organization\",\"name\":\"Stowarzyszenie Ruchu Maitri\",\"url\":\"https:\/\/www.maitri.pl\/\",\"logo\":{\"@type\":\"ImageObject\",\"inLanguage\":\"fr-FR\",\"@id\":\"https:\/\/www.maitri.pl\/#\/schema\/logo\/image\/\",\"url\":\"https:\/\/www.maitri.pl\/wp-content\/uploads\/2020\/04\/duze_logo-81.png\",\"contentUrl\":\"https:\/\/www.maitri.pl\/wp-content\/uploads\/2020\/04\/duze_logo-81.png\",\"width\":339,\"height\":321,\"caption\":\"Stowarzyszenie Ruchu Maitri\"},\"image\":{\"@id\":\"https:\/\/www.maitri.pl\/#\/schema\/logo\/image\/\"},\"sameAs\":[\"https:\/\/www.facebook.com\/MAITRI.Adopcja.Serca.dzieci.Afryki\/\"]}]}<\/script>\n<!-- \/ Yoast SEO plugin. -->","yoast_head_json":{"title":"Ja\u0142mu\u017cna na zakup narz\u0119dzi pracy dla m\u0142odzie\u017cy z DR Kongo","description":"Ja\u0142mu\u017cna na zakup narz\u0119dzi pracy dla ubogiej m\u0142odzie\u017cy z Rutshuru w DR Kongo. Absolwenci misyjnych kurs\u00f3w zawodowych potrzebuj\u0105 pomoc. Siostry pallotynki.","robots":{"index":"index","follow":"follow","max-snippet":"max-snippet:-1","max-image-preview":"max-image-preview:large","max-video-preview":"max-video-preview:-1"},"canonical":"https:\/\/www.maitri.pl\/projekt\/jalmuzna-narzedzia-rutshuru\/","og_locale":"fr_FR","og_type":"article","og_title":"Ja\u0142mu\u017cna na zakup narz\u0119dzi pracy dla m\u0142odzie\u017cy z DR Kongo","og_description":"Ja\u0142mu\u017cna na zakup narz\u0119dzi pracy dla ubogiej m\u0142odzie\u017cy z Rutshuru w DR Kongo. Absolwenci misyjnych kurs\u00f3w zawodowych potrzebuj\u0105 pomoc. Siostry pallotynki.","og_url":"https:\/\/www.maitri.pl\/projekt\/jalmuzna-narzedzia-rutshuru\/","og_site_name":"Ruch Maitri - Adopcja Serca pomoc Afryce","article_publisher":"https:\/\/www.facebook.com\/MAITRI.Adopcja.Serca.dzieci.Afryki\/","article_modified_time":"2025-03-31T12:13:30+00:00","og_image":[{"width":1958,"height":1305,"url":"https:\/\/www.maitri.pl\/wp-content\/uploads\/2024\/09\/DSCF7091.jpg","type":"image\/jpeg"}],"twitter_card":"summary_large_image","twitter_misc":{"Dur\u00e9e de lecture estim\u00e9e":"3 minutes"},"schema":{"@context":"https:\/\/schema.org","@graph":[{"@type":"WebPage","@id":"https:\/\/www.maitri.pl\/projekt\/jalmuzna-narzedzia-rutshuru\/","url":"https:\/\/www.maitri.pl\/projekt\/jalmuzna-narzedzia-rutshuru\/","name":"Ja\u0142mu\u017cna na zakup narz\u0119dzi pracy dla m\u0142odzie\u017cy z DR Kongo","isPartOf":{"@id":"https:\/\/www.maitri.pl\/#website"},"primaryImageOfPage":{"@id":"https:\/\/www.maitri.pl\/projekt\/jalmuzna-narzedzia-rutshuru\/#primaryimage"},"image":{"@id":"https:\/\/www.maitri.pl\/projekt\/jalmuzna-narzedzia-rutshuru\/#primaryimage"},"thumbnailUrl":"https:\/\/www.maitri.pl\/wp-content\/uploads\/2024\/09\/DSCF7091.jpg","datePublished":"2024-09-19T08:36:44+00:00","dateModified":"2025-03-31T12:13:30+00:00","description":"Ja\u0142mu\u017cna na zakup narz\u0119dzi pracy dla ubogiej m\u0142odzie\u017cy z Rutshuru w DR Kongo. Absolwenci misyjnych kurs\u00f3w zawodowych potrzebuj\u0105 pomoc. Siostry pallotynki.","breadcrumb":{"@id":"https:\/\/www.maitri.pl\/projekt\/jalmuzna-narzedzia-rutshuru\/#breadcrumb"},"inLanguage":"fr-FR","potentialAction":[{"@type":"ReadAction","target":["https:\/\/www.maitri.pl\/projekt\/jalmuzna-narzedzia-rutshuru\/"]}]},{"@type":"ImageObject","inLanguage":"fr-FR","@id":"https:\/\/www.maitri.pl\/projekt\/jalmuzna-narzedzia-rutshuru\/#primaryimage","url":"https:\/\/www.maitri.pl\/wp-content\/uploads\/2024\/09\/DSCF7091.jpg","contentUrl":"https:\/\/www.maitri.pl\/wp-content\/uploads\/2024\/09\/DSCF7091.jpg","width":1958,"height":1305,"caption":"Ja\u0142mu\u017cna pomoc ubogim pomoc Afryce siostry pallotynki Adopcja Serca Maitri Adopcja Duchowa sierociniec 03"},{"@type":"BreadcrumbList","@id":"https:\/\/www.maitri.pl\/projekt\/jalmuzna-narzedzia-rutshuru\/#breadcrumb","itemListElement":[{"@type":"ListItem","position":1,"name":"Strona g\u0142\u00f3wna","item":"https:\/\/www.maitri.pl\/"},{"@type":"ListItem","position":2,"name":"Sklep","item":"https:\/\/www.maitri.pl\/sklep\/"},{"@type":"ListItem","position":3,"name":"Ja\u0142mu\u017cna na zakup narz\u0119dzi pracy dla ubogiej m\u0142odzie\u017cy z Rutshuru w DR Kongo"}]},{"@type":"WebSite","@id":"https:\/\/www.maitri.pl\/#website","url":"https:\/\/www.maitri.pl\/","name":"Adopcja Serca Maitri \u2013 pomoc dzieciom w Afryce","description":"Adopcja Serca \u2013 adopcja na odleg\u0142o\u015b\u0107, pomoc Afryce, do\u017cywianie i edukacja w Afryce","publisher":{"@id":"https:\/\/www.maitri.pl\/#organization"},"potentialAction":[{"@type":"SearchAction","target":{"@type":"EntryPoint","urlTemplate":"https:\/\/www.maitri.pl\/?s={search_term_string}"},"query-input":{"@type":"PropertyValueSpecification","valueRequired":true,"valueName":"search_term_string"}}],"inLanguage":"fr-FR"},{"@type":"Organization","@id":"https:\/\/www.maitri.pl\/#organization","name":"Stowarzyszenie Ruchu Maitri","url":"https:\/\/www.maitri.pl\/","logo":{"@type":"ImageObject","inLanguage":"fr-FR","@id":"https:\/\/www.maitri.pl\/#\/schema\/logo\/image\/","url":"https:\/\/www.maitri.pl\/wp-content\/uploads\/2020\/04\/duze_logo-81.png","contentUrl":"https:\/\/www.maitri.pl\/wp-content\/uploads\/2020\/04\/duze_logo-81.png","width":339,"height":321,"caption":"Stowarzyszenie Ruchu Maitri"},"image":{"@id":"https:\/\/www.maitri.pl\/#\/schema\/logo\/image\/"},"sameAs":["https:\/\/www.facebook.com\/MAITRI.Adopcja.Serca.dzieci.Afryki\/"]}]}},"_links":{"self":[{"href":"https:\/\/www.maitri.pl\/fr\/wp-json\/wp\/v2\/product\/32020","targetHints":{"allow":["GET"]}}],"collection":[{"href":"https:\/\/www.maitri.pl\/fr\/wp-json\/wp\/v2\/product"}],"about":[{"href":"https:\/\/www.maitri.pl\/fr\/wp-json\/wp\/v2\/types\/product"}],"wp:featuredmedia":[{"embeddable":true,"href":"https:\/\/www.maitri.pl\/fr\/wp-json\/wp\/v2\/media\/32030"}],"wp:attachment":[{"href":"https:\/\/www.maitri.pl\/fr\/wp-json\/wp\/v2\/media?parent=32020"}],"wp:term":[{"taxonomy":"product_brand","embeddable":true,"href":"https:\/\/www.maitri.pl\/fr\/wp-json\/wp\/v2\/product_brand?post=32020"},{"taxonomy":"product_cat","embeddable":true,"href":"https:\/\/www.maitri.pl\/fr\/wp-json\/wp\/v2\/product_cat?post=32020"},{"taxonomy":"product_tag","embeddable":true,"href":"https:\/\/www.maitri.pl\/fr\/wp-json\/wp\/v2\/product_tag?post=32020"}],"curies":[{"name":"wp","href":"https:\/\/api.w.org\/{rel}","templated":true}]}}