{"id":32007,"date":"2024-09-18T20:24:08","date_gmt":"2024-09-18T18:24:08","guid":{"rendered":"https:\/\/www.maitri.pl\/?post_type=product&#038;p=32007"},"modified":"2025-07-11T09:46:40","modified_gmt":"2025-07-11T07:46:40","slug":"wymiana-dachu-burundi","status":"publish","type":"product","link":"https:\/\/www.maitri.pl\/fr\/projekt\/wymiana-dachu-burundi\/","title":{"rendered":"Wymiana dachu na budynku pracowni krawieckiej w szkole w Gitega Songa"},"content":{"rendered":"<h4>Deszcz wpada do sal lekcyjnych<\/h4>\n<p>My, Siostry Karmelitanki od Dzieci\u0105tka Jezus, mamy Szko\u0142\u0119 Zawodow\u0105, kt\u00f3ra posiada 3 budynki. Budynek nr 1, gdzie ucz\u0105 si\u0119 uczniowie, jest bardzo zniszczony, a dach jest uszkodzony, za\u015b dach\u00f3wki s\u0105 dziurawe. Podczas pory deszczowej jest bardzo ci\u0119\u017cko pracowa\u0107 w takich warunkach, poniewa\u017c deszcz dostaje si\u0119 do klas, gdzie znajduj\u0105 si\u0119 \u0142awki, a w cz\u0119\u015bci warsztatowej maszyny do szycia. Kiedy pada deszcz, program nauczania w ci\u0105gu dnia jest przerwany, bo musimy odprowadza\u0107 t\u0105 ca\u0142\u0105 wod\u0119, kt\u00f3ra jest w klasach. Maszyny w kontakcie z wod\u0105 deszczow\u0105 ulegaj\u0105 zniszczeniu. Konieczna jest wymiana dachu.<\/p>\n<h4>Dziura w dachu<\/h4>\n<p>Wobec tego problemu, trzeba w trybie pilnym zmieni\u0107 poszycie dachowe oraz krokwie, kt\u00f3re s\u0105 przegni\u0142e. Te prace s\u0105 bardzo pilne, i konieczne, bo to s\u0105 miejsca w kt\u00f3rych uczniowie pobieraj\u0105 lekcje teorii i lekcje szycia. Je\u017celi nie zareagujemy w por\u0119, to b\u0119dzie trudno kontynuowa\u0107 program nauczania podczas pory deszczowej. Uczniowie b\u0119d\u0105 musieli zosta\u0107 w domu i strac\u0105 lekcje. Wymiana dachu jest bardzo potrzebna i wp\u0142ynie na dzia\u0142alno\u015b\u0107 szko\u0142y.<\/p>\n<h4>Utrata roku szkolnego<\/h4>\n<p>Wasza pomoc i wsparcie s\u0105 dla nas konieczne, poniewa\u017c koszt takich prac wynosi ponad 22 mln frank\u00f3w burundyjskich. Wyci\u0105gamy do Pa\u0144stwa d\u0142o\u0144 z pro\u015bb\u0105 o pomoc i darowizn\u0119. Nasze Zgromadzenie mo\u017ce wsp\u00f3\u0142finansowa\u0107 te prace w kwocie 1000 euro. Dzi\u0119kujemy z ca\u0142ego serca za uwag\u0119 z jak\u0105 b\u0119dziecie rozwa\u017ca\u0107 ten projekt, kt\u00f3ry jest bardzo pilny. Wymiana dachu pomo\u017ce kontynuowa\u0107 lekcje. Nie chcieliby\u015bmy straci\u0107 tego roku szkolnego, pragniemy tylko \u017ceby uczniowie mogli uczestniczy\u0107 w programie szkolnym bez przerw. \u0141\u0105czymy wyrazy szacunku.<\/p>\n<p><img loading=\"lazy\" decoding=\"async\" class=\"alignnone wp-image-32008 size-full\" src=\"https:\/\/www.maitri.pl\/wp-content\/uploads\/2024\/09\/137-karml-1.png\" alt=\"\" width=\"959\" height=\"290\" srcset=\"https:\/\/www.maitri.pl\/wp-content\/uploads\/2024\/09\/137-karml-1.png 959w, https:\/\/www.maitri.pl\/wp-content\/uploads\/2024\/09\/137-karml-1-300x91.png 300w, https:\/\/www.maitri.pl\/wp-content\/uploads\/2024\/09\/137-karml-1-768x232.png 768w, https:\/\/www.maitri.pl\/wp-content\/uploads\/2024\/09\/137-karml-1-600x181.png 600w\" sizes=\"auto, (max-width: 959px) 100vw, 959px\" \/><\/p>\n<p><span style=\"font-size: 16px;\">Numer projektu:<\/span><strong style=\"font-size: 16px;\"> 137\/KARML<\/strong><\/p>\n<p><em>s. Alphonsine Ndayiragije<\/em>, <a href=\"https:\/\/www.karmel.pl\/rodzina-karmelu\/zgromadzenie-siostr-karmelitanek-dzieciatka-jezus\/\" target=\"_blank\" rel=\"noopener noreferrer\">Zgromadzenie Si\u00f3str Karmelitanek Dzieci\u0105tka Jezus<\/a>, Gitega Songa, <a href=\"https:\/\/www.maitri.pl\/gdzie-pomagamy\/\" target=\"_blank\" rel=\"noopener\">Burundi<\/a><\/p>\n<p style=\"text-align: justify;\"><span style=\"color: #ff0000;\"><span style=\"font-size: large;\"><b>Kwota projektu: 6 670 \u20ac<\/b><\/span><\/span><em>\u00a0<\/em><\/p>\n<p><strong>Kwota przekazana 1 500 \u20ac<\/strong><\/p>\n<p style=\"text-align: justify;\"><span style=\"font-size: large;\"><em><span style=\"color: #999999;\"><span style=\"font-size: medium;\">Stowarzyszenie Ruchu Maitri przeznacza do 10% otrzymanych \u015brodk\u00f3w na koszty funkcjonowania biura i pozyskiwanie funduszy pomocowych.<\/span><\/span><\/em><\/span><\/p>\n<h3 style=\"text-align: justify;\" align=\"JUSTIFY\"><span style=\"color: #808080;\">Wymiana dachu na budynku pracowni krawieckiej w szkole zawodowej w Gitega Songa w Burundi &#8211; Siostry Karmelitanki<\/span><\/h3>\n","protected":false},"excerpt":{"rendered":"<p><strong>Projekt: <\/strong><em>s. Alphonsine Ndayiragije<\/em><strong>, <a href=\"https:\/\/www.karmel.pl\/rodzina-karmelu\/zgromadzenie-siostr-karmelitanek-dzieciatka-jezus\/\" target=\"_blank\" rel=\"noopener noreferrer\">Zgromadzenie Si\u00f3str Karmelitanek Dzieci\u0105tka Jezus<\/a><\/strong><br \/>\n<strong>Miejsce:<\/strong> Gitega Songa, <a href=\"https:\/\/www.maitri.pl\/gdzie-pomagamy\/\" target=\"_blank\" rel=\"noopener\">Burundi<\/a><br \/>\n<strong>Kwota projektu: <span style=\"color: #ff0000;\">6670 \u20ac<\/span><\/strong><\/p>\n","protected":false},"featured_media":32014,"template":"","meta":[],"product_brand":[],"product_cat":[674],"product_tag":[667,714,1007,677],"class_list":{"0":"post-32007","1":"product","2":"type-product","3":"status-publish","4":"has-post-thumbnail","6":"product_cat-projekty-zrealizowane-w-biezacym-roku","7":"product_tag-burundi","8":"product_tag-gitega-songa","9":"product_tag-siostra-alphonsine-ndayiragije","10":"product_tag-zgromadzenie-siostr-karmelitanek-dzieciatka-jezus","12":"first","13":"instock","14":"virtual","15":"purchasable","16":"product-type-simple"},"yoast_head":"<!-- This site is optimized with the Yoast SEO plugin v27.2 - https:\/\/yoast.com\/product\/yoast-seo-wordpress\/ -->\n<title>Wymiana dachu na budynku pracowni krawieckiej w szkole w Burundi<\/title>\n<meta name=\"description\" content=\"Wymiana dachu na budynku pracowni krawieckiej w szkole zawodowej w Gitega Songa w Burundi. O pomoc prosz\u0105 Siostry Karmelitanki Dzieci\u0105tka Jezus.\" \/>\n<meta name=\"robots\" content=\"index, follow, max-snippet:-1, max-image-preview:large, max-video-preview:-1\" \/>\n<link rel=\"canonical\" href=\"https:\/\/www.maitri.pl\/projekt\/wymiana-dachu-burundi\/\" \/>\n<meta property=\"og:locale\" content=\"fr_FR\" \/>\n<meta property=\"og:type\" content=\"article\" \/>\n<meta property=\"og:title\" content=\"Wymiana dachu na budynku pracowni krawieckiej w szkole w Burundi\" \/>\n<meta property=\"og:description\" content=\"Wymiana dachu na budynku pracowni krawieckiej w szkole zawodowej w Gitega Songa w Burundi. O pomoc prosz\u0105 Siostry Karmelitanki Dzieci\u0105tka Jezus.\" \/>\n<meta property=\"og:url\" content=\"https:\/\/www.maitri.pl\/projekt\/wymiana-dachu-burundi\/\" \/>\n<meta property=\"og:site_name\" content=\"Ruch Maitri - Adopcja Serca pomoc Afryce\" \/>\n<meta property=\"article:publisher\" content=\"https:\/\/www.facebook.com\/MAITRI.Adopcja.Serca.dzieci.Afryki\/\" \/>\n<meta property=\"article:modified_time\" content=\"2025-07-11T07:46:40+00:00\" \/>\n<meta property=\"og:image\" content=\"https:\/\/www.maitri.pl\/wp-content\/uploads\/2024\/09\/remont-2.jpg\" \/>\n\t<meta property=\"og:image:width\" content=\"2080\" \/>\n\t<meta property=\"og:image:height\" content=\"1171\" \/>\n\t<meta property=\"og:image:type\" content=\"image\/jpeg\" \/>\n<meta name=\"twitter:card\" content=\"summary_large_image\" \/>\n<meta name=\"twitter:label1\" content=\"Dur\u00e9e de lecture estim\u00e9e\" \/>\n\t<meta name=\"twitter:data1\" content=\"3 minutes\" \/>\n<script type=\"application\/ld+json\" class=\"yoast-schema-graph\">{\"@context\":\"https:\/\/schema.org\",\"@graph\":[{\"@type\":\"WebPage\",\"@id\":\"https:\/\/www.maitri.pl\/projekt\/wymiana-dachu-burundi\/\",\"url\":\"https:\/\/www.maitri.pl\/projekt\/wymiana-dachu-burundi\/\",\"name\":\"Wymiana dachu na budynku pracowni krawieckiej w szkole w Burundi\",\"isPartOf\":{\"@id\":\"https:\/\/www.maitri.pl\/#website\"},\"primaryImageOfPage\":{\"@id\":\"https:\/\/www.maitri.pl\/projekt\/wymiana-dachu-burundi\/#primaryimage\"},\"image\":{\"@id\":\"https:\/\/www.maitri.pl\/projekt\/wymiana-dachu-burundi\/#primaryimage\"},\"thumbnailUrl\":\"https:\/\/www.maitri.pl\/wp-content\/uploads\/2024\/09\/remont-2.jpg\",\"datePublished\":\"2024-09-18T18:24:08+00:00\",\"dateModified\":\"2025-07-11T07:46:40+00:00\",\"description\":\"Wymiana dachu na budynku pracowni krawieckiej w szkole zawodowej w Gitega Songa w Burundi. O pomoc prosz\u0105 Siostry Karmelitanki Dzieci\u0105tka Jezus.\",\"breadcrumb\":{\"@id\":\"https:\/\/www.maitri.pl\/projekt\/wymiana-dachu-burundi\/#breadcrumb\"},\"inLanguage\":\"fr-FR\",\"potentialAction\":[{\"@type\":\"ReadAction\",\"target\":[\"https:\/\/www.maitri.pl\/projekt\/wymiana-dachu-burundi\/\"]}]},{\"@type\":\"ImageObject\",\"inLanguage\":\"fr-FR\",\"@id\":\"https:\/\/www.maitri.pl\/projekt\/wymiana-dachu-burundi\/#primaryimage\",\"url\":\"https:\/\/www.maitri.pl\/wp-content\/uploads\/2024\/09\/remont-2.jpg\",\"contentUrl\":\"https:\/\/www.maitri.pl\/wp-content\/uploads\/2024\/09\/remont-2.jpg\",\"width\":2080,\"height\":1171,\"caption\":\"Karmelitanki Burundi pomoc Afryce Adopcja Serca Maitri pomoc ubogim ja\u0142mu\u017cna Adopcja duchowa wymiana dachu 02\"},{\"@type\":\"BreadcrumbList\",\"@id\":\"https:\/\/www.maitri.pl\/projekt\/wymiana-dachu-burundi\/#breadcrumb\",\"itemListElement\":[{\"@type\":\"ListItem\",\"position\":1,\"name\":\"Strona g\u0142\u00f3wna\",\"item\":\"https:\/\/www.maitri.pl\/\"},{\"@type\":\"ListItem\",\"position\":2,\"name\":\"Sklep\",\"item\":\"https:\/\/www.maitri.pl\/sklep\/\"},{\"@type\":\"ListItem\",\"position\":3,\"name\":\"Wymiana dachu na budynku pracowni krawieckiej w szkole w Gitega Songa\"}]},{\"@type\":\"WebSite\",\"@id\":\"https:\/\/www.maitri.pl\/#website\",\"url\":\"https:\/\/www.maitri.pl\/\",\"name\":\"Adopcja Serca Maitri \u2013 pomoc dzieciom w Afryce\",\"description\":\"Adopcja Serca \u2013 adopcja na odleg\u0142o\u015b\u0107, pomoc Afryce, do\u017cywianie i edukacja w Afryce\",\"publisher\":{\"@id\":\"https:\/\/www.maitri.pl\/#organization\"},\"potentialAction\":[{\"@type\":\"SearchAction\",\"target\":{\"@type\":\"EntryPoint\",\"urlTemplate\":\"https:\/\/www.maitri.pl\/?s={search_term_string}\"},\"query-input\":{\"@type\":\"PropertyValueSpecification\",\"valueRequired\":true,\"valueName\":\"search_term_string\"}}],\"inLanguage\":\"fr-FR\"},{\"@type\":\"Organization\",\"@id\":\"https:\/\/www.maitri.pl\/#organization\",\"name\":\"Stowarzyszenie Ruchu Maitri\",\"url\":\"https:\/\/www.maitri.pl\/\",\"logo\":{\"@type\":\"ImageObject\",\"inLanguage\":\"fr-FR\",\"@id\":\"https:\/\/www.maitri.pl\/#\/schema\/logo\/image\/\",\"url\":\"https:\/\/www.maitri.pl\/wp-content\/uploads\/2020\/04\/duze_logo-81.png\",\"contentUrl\":\"https:\/\/www.maitri.pl\/wp-content\/uploads\/2020\/04\/duze_logo-81.png\",\"width\":339,\"height\":321,\"caption\":\"Stowarzyszenie Ruchu Maitri\"},\"image\":{\"@id\":\"https:\/\/www.maitri.pl\/#\/schema\/logo\/image\/\"},\"sameAs\":[\"https:\/\/www.facebook.com\/MAITRI.Adopcja.Serca.dzieci.Afryki\/\"]}]}<\/script>\n<!-- \/ Yoast SEO plugin. -->","yoast_head_json":{"title":"Wymiana dachu na budynku pracowni krawieckiej w szkole w Burundi","description":"Wymiana dachu na budynku pracowni krawieckiej w szkole zawodowej w Gitega Songa w Burundi. O pomoc prosz\u0105 Siostry Karmelitanki Dzieci\u0105tka Jezus.","robots":{"index":"index","follow":"follow","max-snippet":"max-snippet:-1","max-image-preview":"max-image-preview:large","max-video-preview":"max-video-preview:-1"},"canonical":"https:\/\/www.maitri.pl\/projekt\/wymiana-dachu-burundi\/","og_locale":"fr_FR","og_type":"article","og_title":"Wymiana dachu na budynku pracowni krawieckiej w szkole w Burundi","og_description":"Wymiana dachu na budynku pracowni krawieckiej w szkole zawodowej w Gitega Songa w Burundi. O pomoc prosz\u0105 Siostry Karmelitanki Dzieci\u0105tka Jezus.","og_url":"https:\/\/www.maitri.pl\/projekt\/wymiana-dachu-burundi\/","og_site_name":"Ruch Maitri - Adopcja Serca pomoc Afryce","article_publisher":"https:\/\/www.facebook.com\/MAITRI.Adopcja.Serca.dzieci.Afryki\/","article_modified_time":"2025-07-11T07:46:40+00:00","og_image":[{"width":2080,"height":1171,"url":"https:\/\/www.maitri.pl\/wp-content\/uploads\/2024\/09\/remont-2.jpg","type":"image\/jpeg"}],"twitter_card":"summary_large_image","twitter_misc":{"Dur\u00e9e de lecture estim\u00e9e":"3 minutes"},"schema":{"@context":"https:\/\/schema.org","@graph":[{"@type":"WebPage","@id":"https:\/\/www.maitri.pl\/projekt\/wymiana-dachu-burundi\/","url":"https:\/\/www.maitri.pl\/projekt\/wymiana-dachu-burundi\/","name":"Wymiana dachu na budynku pracowni krawieckiej w szkole w Burundi","isPartOf":{"@id":"https:\/\/www.maitri.pl\/#website"},"primaryImageOfPage":{"@id":"https:\/\/www.maitri.pl\/projekt\/wymiana-dachu-burundi\/#primaryimage"},"image":{"@id":"https:\/\/www.maitri.pl\/projekt\/wymiana-dachu-burundi\/#primaryimage"},"thumbnailUrl":"https:\/\/www.maitri.pl\/wp-content\/uploads\/2024\/09\/remont-2.jpg","datePublished":"2024-09-18T18:24:08+00:00","dateModified":"2025-07-11T07:46:40+00:00","description":"Wymiana dachu na budynku pracowni krawieckiej w szkole zawodowej w Gitega Songa w Burundi. O pomoc prosz\u0105 Siostry Karmelitanki Dzieci\u0105tka Jezus.","breadcrumb":{"@id":"https:\/\/www.maitri.pl\/projekt\/wymiana-dachu-burundi\/#breadcrumb"},"inLanguage":"fr-FR","potentialAction":[{"@type":"ReadAction","target":["https:\/\/www.maitri.pl\/projekt\/wymiana-dachu-burundi\/"]}]},{"@type":"ImageObject","inLanguage":"fr-FR","@id":"https:\/\/www.maitri.pl\/projekt\/wymiana-dachu-burundi\/#primaryimage","url":"https:\/\/www.maitri.pl\/wp-content\/uploads\/2024\/09\/remont-2.jpg","contentUrl":"https:\/\/www.maitri.pl\/wp-content\/uploads\/2024\/09\/remont-2.jpg","width":2080,"height":1171,"caption":"Karmelitanki Burundi pomoc Afryce Adopcja Serca Maitri pomoc ubogim ja\u0142mu\u017cna Adopcja duchowa wymiana dachu 02"},{"@type":"BreadcrumbList","@id":"https:\/\/www.maitri.pl\/projekt\/wymiana-dachu-burundi\/#breadcrumb","itemListElement":[{"@type":"ListItem","position":1,"name":"Strona g\u0142\u00f3wna","item":"https:\/\/www.maitri.pl\/"},{"@type":"ListItem","position":2,"name":"Sklep","item":"https:\/\/www.maitri.pl\/sklep\/"},{"@type":"ListItem","position":3,"name":"Wymiana dachu na budynku pracowni krawieckiej w szkole w Gitega Songa"}]},{"@type":"WebSite","@id":"https:\/\/www.maitri.pl\/#website","url":"https:\/\/www.maitri.pl\/","name":"Adopcja Serca Maitri \u2013 pomoc dzieciom w Afryce","description":"Adopcja Serca \u2013 adopcja na odleg\u0142o\u015b\u0107, pomoc Afryce, do\u017cywianie i edukacja w Afryce","publisher":{"@id":"https:\/\/www.maitri.pl\/#organization"},"potentialAction":[{"@type":"SearchAction","target":{"@type":"EntryPoint","urlTemplate":"https:\/\/www.maitri.pl\/?s={search_term_string}"},"query-input":{"@type":"PropertyValueSpecification","valueRequired":true,"valueName":"search_term_string"}}],"inLanguage":"fr-FR"},{"@type":"Organization","@id":"https:\/\/www.maitri.pl\/#organization","name":"Stowarzyszenie Ruchu Maitri","url":"https:\/\/www.maitri.pl\/","logo":{"@type":"ImageObject","inLanguage":"fr-FR","@id":"https:\/\/www.maitri.pl\/#\/schema\/logo\/image\/","url":"https:\/\/www.maitri.pl\/wp-content\/uploads\/2020\/04\/duze_logo-81.png","contentUrl":"https:\/\/www.maitri.pl\/wp-content\/uploads\/2020\/04\/duze_logo-81.png","width":339,"height":321,"caption":"Stowarzyszenie Ruchu Maitri"},"image":{"@id":"https:\/\/www.maitri.pl\/#\/schema\/logo\/image\/"},"sameAs":["https:\/\/www.facebook.com\/MAITRI.Adopcja.Serca.dzieci.Afryki\/"]}]}},"_links":{"self":[{"href":"https:\/\/www.maitri.pl\/fr\/wp-json\/wp\/v2\/product\/32007","targetHints":{"allow":["GET"]}}],"collection":[{"href":"https:\/\/www.maitri.pl\/fr\/wp-json\/wp\/v2\/product"}],"about":[{"href":"https:\/\/www.maitri.pl\/fr\/wp-json\/wp\/v2\/types\/product"}],"wp:featuredmedia":[{"embeddable":true,"href":"https:\/\/www.maitri.pl\/fr\/wp-json\/wp\/v2\/media\/32014"}],"wp:attachment":[{"href":"https:\/\/www.maitri.pl\/fr\/wp-json\/wp\/v2\/media?parent=32007"}],"wp:term":[{"taxonomy":"product_brand","embeddable":true,"href":"https:\/\/www.maitri.pl\/fr\/wp-json\/wp\/v2\/product_brand?post=32007"},{"taxonomy":"product_cat","embeddable":true,"href":"https:\/\/www.maitri.pl\/fr\/wp-json\/wp\/v2\/product_cat?post=32007"},{"taxonomy":"product_tag","embeddable":true,"href":"https:\/\/www.maitri.pl\/fr\/wp-json\/wp\/v2\/product_tag?post=32007"}],"curies":[{"name":"wp","href":"https:\/\/api.w.org\/{rel}","templated":true}]}}