{"id":31994,"date":"2024-09-18T18:47:17","date_gmt":"2024-09-18T16:47:17","guid":{"rendered":"https:\/\/www.maitri.pl\/?post_type=product&#038;p=31994"},"modified":"2025-04-03T11:19:56","modified_gmt":"2025-04-03T09:19:56","slug":"katarzynki-auto-kamerun","status":"publish","type":"product","link":"https:\/\/www.maitri.pl\/fr\/projekt\/katarzynki-auto-kamerun\/","title":{"rendered":"Katarzynki potrzebuj\u0105 samochodu dla misji i o\u015brodka zdrowia w Lomie"},"content":{"rendered":"<h4>Auto terenowe potrzebne od zaraz<\/h4>\n<p>Siostry Katarzynki skontaktowa\u0142y si\u0119 z nami i zostawi\u0142y wiadomo\u015b\u0107 poni\u017cszej tre\u015bci. \u00ab\u00a0Ju\u017c tylko 5.500 \u20ac brakuje nam do osi\u0105gni\u0119cia wymarzonego celu. Ta kwota pozwoli nam na zakup auta dla misji Lomie w Kamerunie. Bez samochodu jest nam ci\u0119\u017cko, a praca nasza podlega wielu ograniczeniom. W kwietniu 2024 r. z\u0142o\u017cyli\u015bmy projekt do MIVA POLSKA z pro\u015bb\u0105 o pomoc w zakupie samochodu. Chcemy zakupi\u0107 pick-up TOYOTA z nap\u0119dem na 4 ko\u0142a. Z ogromn\u0105 rado\u015bci\u0105 przyj\u0119li\u015bmy pozytywn\u0105 odpowied\u017a MIVA POLSKA na nasz\u0105 pro\u015bb\u0119. Jednak suma jak\u0105 otrzymamy jest niewystarczaj\u0105ca i musimy uzbiera\u0107 jeszcze 5,6 tys. \u20ac. Zdecydowa\u0142y\u015bmy si\u0119 poprosi\u0107 Was o pomoc.<\/p>\n<p><strong>Praca na bezdro\u017cach<\/strong><\/p>\n<p>Pracujemy w Lomi\u00e9 od 2001 roku, gdzie prowadzimy O\u015brodek Zdrowia i dwie szko\u0142y podstawowe. Opiekujemy si\u0119 r\u00f3wnie\u017c dwoma ko\u015bcio\u0142ami, cho\u0107 jest nas tylko tr\u00f3jka, jedna misjonarka z Polski oraz 2 siostry miejscowe. Do najbli\u017cszego miasta mamy a\u017c 130 km szosy le\u015bnej, a nie ma tam niestety asfaltu, do tego ca\u0142y szlak jest w bardzo z\u0142ym stanie. Do Doum\u00e9, gdzie urz\u0119duje i mieszka nasz ks. biskup mamy a\u017c 182 km podobnymi drogami.<\/p>\n<p><strong>Dlaczego potrzebne jest auto?<\/strong><\/p>\n<p>Pojazd pos\u0142u\u017cy nam na wielu p\u0142aszczyznach naszej pracy misyjnej\u00a0:<\/p>\n<ul>\n<li>Zakupy i transport lek\u00f3w i sprz\u0119tu do O\u015brodka Zdrowia<\/li>\n<li>Transport ci\u0119\u017cko chorych do szpitala w Bertoua (ok. 240 km)<\/li>\n<li>Odwiedziny w miejscach zamieszkania naszych podopiecznych: chorych, ubogich, opuszczonych<\/li>\n<li>Zakupy do obu szk\u00f3\u0142 (zeszyty, ksi\u0105\u017cki, przybory, materia\u0142y, dydaktyczne, itd.)<\/li>\n<li>Wyjazdy na spotkania, zebrania, sesje na p\u0142aszczy\u017anie krajowej, regionalnej, diecezjalnej, dziekanatu czy parafii<\/li>\n<li>Czasami zdarza si\u0119, \u017ce trzeba przetransportowa\u0107 osob\u0119 zmar\u0142\u0105 do wioski sk\u0105d pochodzi\u0142a<\/li>\n<\/ul>\n<p>Nasza wsp\u00f3lnota utrzymuje si\u0119 z subwencji Zgromadzenia. Dzie\u0142a, kt\u00f3re prowadzimy nie s\u0105 w stanie nas wesprze\u0107, a w\u0142a\u015bciwie to raczej potrzebuj\u0105 one wsparcia dobrodziej\u00f3w. Z darem modlitwy w intencjach Ruch <a href=\"https:\/\/www.maitri.pl\/projekty-pomocowe\/\" target=\"_blank\" rel=\"noopener\">MAITRI<\/a>.\u00a0\u00bb Siostry Katarzynki czekaj\u0105 na Wasze wsparcie, dlatego apelujemy o pomoc.<\/p>\n<h4><strong>Kosztorys:<\/strong><\/h4>\n<p>Brakuj\u0105ca kwota &#8211; 5.560 \u20ac<\/p>\n<p><strong>Podsumowanie w miejscowej walucie: 3 642 761,59 frank\u00f3w CFA<\/strong><\/p>\n<p>Serdecznie prosz\u0119 o pozytywne rozpatrzenie naszego wniosku.<\/p>\n<p>Siostra Ewa Drozdowska, <a href=\"https:\/\/katarzynki.org.pl\/\" target=\"_blank\" rel=\"noopener noreferrer\">Zgromadzenie Si\u00f3str \u015aw. Katarzyny<\/a><\/p>\n<p><b style=\"font-size: large; color: #ff0000;\">Kwota: 5560 \u20ac<\/b><\/p>\n<p><span style=\"font-size: 16px;\">Numer projektu:<\/span><strong style=\"font-size: 16px;\"> 81\/KATAR<\/strong><\/p>\n<p style=\"text-align: justify;\" align=\"JUSTIFY\"><span style=\"color: #808080;\">Stowarzyszenie Ruchu\u00a0<em>Maitri<\/em> przeznacza do 10% otrzymanych \u015brodk\u00f3w na koszty funkcjonowania biura i pozyskiwanie funduszy pomocowych. <\/span><\/p>\n<h3 style=\"text-align: justify;\" align=\"JUSTIFY\"><span style=\"color: #808080;\">Katarzynki potrzebuj\u0105 samochodu dla misji i o\u015brodka zdrowia w Lomie w Kamerunie<\/span><\/h3>\n","protected":false},"excerpt":{"rendered":"<p><strong>Projekt:<\/strong> Siostra Ewa Drozdowska, <a href=\"https:\/\/katarzynki.org.pl\/\" target=\"_blank\" rel=\"noopener noreferrer\">Zgromadzenie Si\u00f3str \u015aw. Katarzyny<\/a><br \/>\n<strong>Misja:<\/strong> Lomie, <a href=\"https:\/\/www.maitri.pl\/gdzie-pomagamy\/\" target=\"_blank\" rel=\"noopener\">Kamerun<\/a><br \/>\n<strong>Przekazana kwota:<\/strong> <span style=\"color: #ff0000;\"><strong>2000 \u20ac<\/strong><\/span><\/p>\n","protected":false},"featured_media":31998,"template":"","meta":[],"product_brand":[],"product_cat":[674],"product_tag":[658,1006,1005,751],"class_list":{"0":"post-31994","1":"product","2":"type-product","3":"status-publish","4":"has-post-thumbnail","6":"product_cat-projekty-zrealizowane-w-biezacym-roku","7":"product_tag-kamerun","8":"product_tag-lomie","9":"product_tag-siostra-ewa-drozdowska","10":"product_tag-zgromadzenie-siostr-swietej-katarzyny","12":"first","13":"instock","14":"virtual","15":"purchasable","16":"product-type-simple"},"yoast_head":"<!-- This site is optimized with the Yoast SEO plugin v27.2 - https:\/\/yoast.com\/product\/yoast-seo-wordpress\/ -->\n<title>Katarzynki potrzebuj\u0105 samochodu dla misji i przychodni w Lomie<\/title>\n<meta name=\"description\" content=\"Katarzynki potrzebuj\u0105 samochodu dla misji i o\u015brodka zdrowia w Lomie. Auto pos\u0142u\u017cy m.in. do tranportu zakupionych lek\u00f3w, chorych, a tak\u017ce kontaktu ze \u015bwiatem.\" \/>\n<meta name=\"robots\" content=\"index, follow, max-snippet:-1, max-image-preview:large, max-video-preview:-1\" \/>\n<link rel=\"canonical\" href=\"https:\/\/www.maitri.pl\/projekt\/katarzynki-auto-kamerun\/\" \/>\n<meta property=\"og:locale\" content=\"fr_FR\" \/>\n<meta property=\"og:type\" content=\"article\" \/>\n<meta property=\"og:title\" content=\"Katarzynki potrzebuj\u0105 samochodu dla misji i przychodni w Lomie\" \/>\n<meta property=\"og:description\" content=\"Katarzynki potrzebuj\u0105 samochodu dla misji i o\u015brodka zdrowia w Lomie. Auto pos\u0142u\u017cy m.in. do tranportu zakupionych lek\u00f3w, chorych, a tak\u017ce kontaktu ze \u015bwiatem.\" \/>\n<meta property=\"og:url\" content=\"https:\/\/www.maitri.pl\/projekt\/katarzynki-auto-kamerun\/\" \/>\n<meta property=\"og:site_name\" content=\"Ruch Maitri - Adopcja Serca pomoc Afryce\" \/>\n<meta property=\"article:publisher\" content=\"https:\/\/www.facebook.com\/MAITRI.Adopcja.Serca.dzieci.Afryki\/\" \/>\n<meta property=\"article:modified_time\" content=\"2025-04-03T09:19:56+00:00\" \/>\n<meta property=\"og:image\" content=\"https:\/\/www.maitri.pl\/wp-content\/uploads\/2024\/09\/81-katar_2.jpg\" \/>\n\t<meta property=\"og:image:width\" content=\"781\" \/>\n\t<meta property=\"og:image:height\" content=\"1387\" \/>\n\t<meta property=\"og:image:type\" content=\"image\/jpeg\" \/>\n<meta name=\"twitter:card\" content=\"summary_large_image\" \/>\n<meta name=\"twitter:label1\" content=\"Dur\u00e9e de lecture estim\u00e9e\" \/>\n\t<meta name=\"twitter:data1\" content=\"3 minutes\" \/>\n<script type=\"application\/ld+json\" class=\"yoast-schema-graph\">{\"@context\":\"https:\/\/schema.org\",\"@graph\":[{\"@type\":\"WebPage\",\"@id\":\"https:\/\/www.maitri.pl\/projekt\/katarzynki-auto-kamerun\/\",\"url\":\"https:\/\/www.maitri.pl\/projekt\/katarzynki-auto-kamerun\/\",\"name\":\"Katarzynki potrzebuj\u0105 samochodu dla misji i przychodni w Lomie\",\"isPartOf\":{\"@id\":\"https:\/\/www.maitri.pl\/#website\"},\"primaryImageOfPage\":{\"@id\":\"https:\/\/www.maitri.pl\/projekt\/katarzynki-auto-kamerun\/#primaryimage\"},\"image\":{\"@id\":\"https:\/\/www.maitri.pl\/projekt\/katarzynki-auto-kamerun\/#primaryimage\"},\"thumbnailUrl\":\"https:\/\/www.maitri.pl\/wp-content\/uploads\/2024\/09\/81-katar_2.jpg\",\"datePublished\":\"2024-09-18T16:47:17+00:00\",\"dateModified\":\"2025-04-03T09:19:56+00:00\",\"description\":\"Katarzynki potrzebuj\u0105 samochodu dla misji i o\u015brodka zdrowia w Lomie. Auto pos\u0142u\u017cy m.in. do tranportu zakupionych lek\u00f3w, chorych, a tak\u017ce kontaktu ze \u015bwiatem.\",\"breadcrumb\":{\"@id\":\"https:\/\/www.maitri.pl\/projekt\/katarzynki-auto-kamerun\/#breadcrumb\"},\"inLanguage\":\"fr-FR\",\"potentialAction\":[{\"@type\":\"ReadAction\",\"target\":[\"https:\/\/www.maitri.pl\/projekt\/katarzynki-auto-kamerun\/\"]}]},{\"@type\":\"ImageObject\",\"inLanguage\":\"fr-FR\",\"@id\":\"https:\/\/www.maitri.pl\/projekt\/katarzynki-auto-kamerun\/#primaryimage\",\"url\":\"https:\/\/www.maitri.pl\/wp-content\/uploads\/2024\/09\/81-katar_2.jpg\",\"contentUrl\":\"https:\/\/www.maitri.pl\/wp-content\/uploads\/2024\/09\/81-katar_2.jpg\",\"width\":781,\"height\":1387,\"caption\":\"Katarzynki Adopcja Serca Maitri ja\u0142mu\u017cna pomoc ubogim Adopcja duchowa pomoc Afryce Kamerun 02\"},{\"@type\":\"BreadcrumbList\",\"@id\":\"https:\/\/www.maitri.pl\/projekt\/katarzynki-auto-kamerun\/#breadcrumb\",\"itemListElement\":[{\"@type\":\"ListItem\",\"position\":1,\"name\":\"Strona g\u0142\u00f3wna\",\"item\":\"https:\/\/www.maitri.pl\/\"},{\"@type\":\"ListItem\",\"position\":2,\"name\":\"Sklep\",\"item\":\"https:\/\/www.maitri.pl\/sklep\/\"},{\"@type\":\"ListItem\",\"position\":3,\"name\":\"Katarzynki potrzebuj\u0105 samochodu dla misji i o\u015brodka zdrowia w Lomie\"}]},{\"@type\":\"WebSite\",\"@id\":\"https:\/\/www.maitri.pl\/#website\",\"url\":\"https:\/\/www.maitri.pl\/\",\"name\":\"Adopcja Serca Maitri \u2013 pomoc dzieciom w Afryce\",\"description\":\"Adopcja Serca \u2013 adopcja na odleg\u0142o\u015b\u0107, pomoc Afryce, do\u017cywianie i edukacja w Afryce\",\"publisher\":{\"@id\":\"https:\/\/www.maitri.pl\/#organization\"},\"potentialAction\":[{\"@type\":\"SearchAction\",\"target\":{\"@type\":\"EntryPoint\",\"urlTemplate\":\"https:\/\/www.maitri.pl\/?s={search_term_string}\"},\"query-input\":{\"@type\":\"PropertyValueSpecification\",\"valueRequired\":true,\"valueName\":\"search_term_string\"}}],\"inLanguage\":\"fr-FR\"},{\"@type\":\"Organization\",\"@id\":\"https:\/\/www.maitri.pl\/#organization\",\"name\":\"Stowarzyszenie Ruchu Maitri\",\"url\":\"https:\/\/www.maitri.pl\/\",\"logo\":{\"@type\":\"ImageObject\",\"inLanguage\":\"fr-FR\",\"@id\":\"https:\/\/www.maitri.pl\/#\/schema\/logo\/image\/\",\"url\":\"https:\/\/www.maitri.pl\/wp-content\/uploads\/2020\/04\/duze_logo-81.png\",\"contentUrl\":\"https:\/\/www.maitri.pl\/wp-content\/uploads\/2020\/04\/duze_logo-81.png\",\"width\":339,\"height\":321,\"caption\":\"Stowarzyszenie Ruchu Maitri\"},\"image\":{\"@id\":\"https:\/\/www.maitri.pl\/#\/schema\/logo\/image\/\"},\"sameAs\":[\"https:\/\/www.facebook.com\/MAITRI.Adopcja.Serca.dzieci.Afryki\/\"]}]}<\/script>\n<!-- \/ Yoast SEO plugin. -->","yoast_head_json":{"title":"Katarzynki potrzebuj\u0105 samochodu dla misji i przychodni w Lomie","description":"Katarzynki potrzebuj\u0105 samochodu dla misji i o\u015brodka zdrowia w Lomie. Auto pos\u0142u\u017cy m.in. do tranportu zakupionych lek\u00f3w, chorych, a tak\u017ce kontaktu ze \u015bwiatem.","robots":{"index":"index","follow":"follow","max-snippet":"max-snippet:-1","max-image-preview":"max-image-preview:large","max-video-preview":"max-video-preview:-1"},"canonical":"https:\/\/www.maitri.pl\/projekt\/katarzynki-auto-kamerun\/","og_locale":"fr_FR","og_type":"article","og_title":"Katarzynki potrzebuj\u0105 samochodu dla misji i przychodni w Lomie","og_description":"Katarzynki potrzebuj\u0105 samochodu dla misji i o\u015brodka zdrowia w Lomie. Auto pos\u0142u\u017cy m.in. do tranportu zakupionych lek\u00f3w, chorych, a tak\u017ce kontaktu ze \u015bwiatem.","og_url":"https:\/\/www.maitri.pl\/projekt\/katarzynki-auto-kamerun\/","og_site_name":"Ruch Maitri - Adopcja Serca pomoc Afryce","article_publisher":"https:\/\/www.facebook.com\/MAITRI.Adopcja.Serca.dzieci.Afryki\/","article_modified_time":"2025-04-03T09:19:56+00:00","og_image":[{"width":781,"height":1387,"url":"https:\/\/www.maitri.pl\/wp-content\/uploads\/2024\/09\/81-katar_2.jpg","type":"image\/jpeg"}],"twitter_card":"summary_large_image","twitter_misc":{"Dur\u00e9e de lecture estim\u00e9e":"3 minutes"},"schema":{"@context":"https:\/\/schema.org","@graph":[{"@type":"WebPage","@id":"https:\/\/www.maitri.pl\/projekt\/katarzynki-auto-kamerun\/","url":"https:\/\/www.maitri.pl\/projekt\/katarzynki-auto-kamerun\/","name":"Katarzynki potrzebuj\u0105 samochodu dla misji i przychodni w Lomie","isPartOf":{"@id":"https:\/\/www.maitri.pl\/#website"},"primaryImageOfPage":{"@id":"https:\/\/www.maitri.pl\/projekt\/katarzynki-auto-kamerun\/#primaryimage"},"image":{"@id":"https:\/\/www.maitri.pl\/projekt\/katarzynki-auto-kamerun\/#primaryimage"},"thumbnailUrl":"https:\/\/www.maitri.pl\/wp-content\/uploads\/2024\/09\/81-katar_2.jpg","datePublished":"2024-09-18T16:47:17+00:00","dateModified":"2025-04-03T09:19:56+00:00","description":"Katarzynki potrzebuj\u0105 samochodu dla misji i o\u015brodka zdrowia w Lomie. Auto pos\u0142u\u017cy m.in. do tranportu zakupionych lek\u00f3w, chorych, a tak\u017ce kontaktu ze \u015bwiatem.","breadcrumb":{"@id":"https:\/\/www.maitri.pl\/projekt\/katarzynki-auto-kamerun\/#breadcrumb"},"inLanguage":"fr-FR","potentialAction":[{"@type":"ReadAction","target":["https:\/\/www.maitri.pl\/projekt\/katarzynki-auto-kamerun\/"]}]},{"@type":"ImageObject","inLanguage":"fr-FR","@id":"https:\/\/www.maitri.pl\/projekt\/katarzynki-auto-kamerun\/#primaryimage","url":"https:\/\/www.maitri.pl\/wp-content\/uploads\/2024\/09\/81-katar_2.jpg","contentUrl":"https:\/\/www.maitri.pl\/wp-content\/uploads\/2024\/09\/81-katar_2.jpg","width":781,"height":1387,"caption":"Katarzynki Adopcja Serca Maitri ja\u0142mu\u017cna pomoc ubogim Adopcja duchowa pomoc Afryce Kamerun 02"},{"@type":"BreadcrumbList","@id":"https:\/\/www.maitri.pl\/projekt\/katarzynki-auto-kamerun\/#breadcrumb","itemListElement":[{"@type":"ListItem","position":1,"name":"Strona g\u0142\u00f3wna","item":"https:\/\/www.maitri.pl\/"},{"@type":"ListItem","position":2,"name":"Sklep","item":"https:\/\/www.maitri.pl\/sklep\/"},{"@type":"ListItem","position":3,"name":"Katarzynki potrzebuj\u0105 samochodu dla misji i o\u015brodka zdrowia w Lomie"}]},{"@type":"WebSite","@id":"https:\/\/www.maitri.pl\/#website","url":"https:\/\/www.maitri.pl\/","name":"Adopcja Serca Maitri \u2013 pomoc dzieciom w Afryce","description":"Adopcja Serca \u2013 adopcja na odleg\u0142o\u015b\u0107, pomoc Afryce, do\u017cywianie i edukacja w Afryce","publisher":{"@id":"https:\/\/www.maitri.pl\/#organization"},"potentialAction":[{"@type":"SearchAction","target":{"@type":"EntryPoint","urlTemplate":"https:\/\/www.maitri.pl\/?s={search_term_string}"},"query-input":{"@type":"PropertyValueSpecification","valueRequired":true,"valueName":"search_term_string"}}],"inLanguage":"fr-FR"},{"@type":"Organization","@id":"https:\/\/www.maitri.pl\/#organization","name":"Stowarzyszenie Ruchu Maitri","url":"https:\/\/www.maitri.pl\/","logo":{"@type":"ImageObject","inLanguage":"fr-FR","@id":"https:\/\/www.maitri.pl\/#\/schema\/logo\/image\/","url":"https:\/\/www.maitri.pl\/wp-content\/uploads\/2020\/04\/duze_logo-81.png","contentUrl":"https:\/\/www.maitri.pl\/wp-content\/uploads\/2020\/04\/duze_logo-81.png","width":339,"height":321,"caption":"Stowarzyszenie Ruchu Maitri"},"image":{"@id":"https:\/\/www.maitri.pl\/#\/schema\/logo\/image\/"},"sameAs":["https:\/\/www.facebook.com\/MAITRI.Adopcja.Serca.dzieci.Afryki\/"]}]}},"_links":{"self":[{"href":"https:\/\/www.maitri.pl\/fr\/wp-json\/wp\/v2\/product\/31994","targetHints":{"allow":["GET"]}}],"collection":[{"href":"https:\/\/www.maitri.pl\/fr\/wp-json\/wp\/v2\/product"}],"about":[{"href":"https:\/\/www.maitri.pl\/fr\/wp-json\/wp\/v2\/types\/product"}],"wp:featuredmedia":[{"embeddable":true,"href":"https:\/\/www.maitri.pl\/fr\/wp-json\/wp\/v2\/media\/31998"}],"wp:attachment":[{"href":"https:\/\/www.maitri.pl\/fr\/wp-json\/wp\/v2\/media?parent=31994"}],"wp:term":[{"taxonomy":"product_brand","embeddable":true,"href":"https:\/\/www.maitri.pl\/fr\/wp-json\/wp\/v2\/product_brand?post=31994"},{"taxonomy":"product_cat","embeddable":true,"href":"https:\/\/www.maitri.pl\/fr\/wp-json\/wp\/v2\/product_cat?post=31994"},{"taxonomy":"product_tag","embeddable":true,"href":"https:\/\/www.maitri.pl\/fr\/wp-json\/wp\/v2\/product_tag?post=31994"}],"curies":[{"name":"wp","href":"https:\/\/api.w.org\/{rel}","templated":true}]}}