{"id":31941,"date":"2024-09-03T16:29:12","date_gmt":"2024-09-03T14:29:12","guid":{"rendered":"https:\/\/www.maitri.pl\/?post_type=product&#038;p=31941"},"modified":"2026-02-04T15:29:35","modified_gmt":"2026-02-04T14:29:35","slug":"budowa-kuchni-burundi","status":"publish","type":"product","link":"https:\/\/www.maitri.pl\/fr\/projekt\/budowa-kuchni-burundi\/","title":{"rendered":"Budowa kuchni z jadalni\u0105 oraz placu zabaw wraz z ogrodzeniem dla przedszkola w Kayanza"},"content":{"rendered":"<h4>Przedszkole na bezdro\u017cach<\/h4>\n<p>Moi drodzy, zwracam si\u0119 do Was z ogromn\u0105 pro\u015bb\u0105. \u00a0Miejscowe dzieci cz\u0119sto pozbawione s\u0105 opieki rodzic\u00f3w. S\u0105 oni zaj\u0119ci prac\u0105. Dlatego cz\u0119sto dzieci powierzone s\u0105 nieco starszym 10-11 letnim dzieciom do opieki. W ten spos\u00f3b pozbawia si\u0119 je mo\u017cliwo\u015bci chodzenia do szko\u0142y. Pozostawione same sobie ucz\u0105 si\u0119 \u017cycia \u00ab\u00a0ulicy\u00a0\u00bb &#8211; \u017cebra\u0107, a nawet oszukiwa\u0107, czy kra\u015b\u0107. Chcemy to zmieni\u0107. Jeste\u015bmy w trakcie budowy przedszkola\u00a0 w mie\u015bcie Kayanza. B\u0119dzie to ca\u0142kowicie nowa plac\u00f3wka. Zgromadzenie zakupi\u0142o teren. Na jednej cz\u0119\u015bci jest nowy budynek &#8211; internat dla student\u00f3w, a na pozosta\u0142ej stawiamy\u00a0 dom pi\u0119trowy. Na dole b\u0119d\u0105 trzy sale dla dzieci, pok\u00f3j dla dyrektorki, a na pi\u0119trze pomieszczenia dla si\u00f3str kt\u00f3re b\u0119d\u0105 pracowa\u0107 z przedszkolu. Budowa kuchni i placu zabaw przys\u0142u\u017cy si\u0119 licznym podopiecznym.<\/p>\n<h4>Setki ch\u0119tnych dzieci<\/h4>\n<p>Przewidujemy przyj\u0119cie do przedszkola a\u017c 100 -120 dzieci od 3 -6 roku \u017cycia. Z placu zabaw, kt\u00f3ry b\u0119dzie w nowo powstaj\u0105cej dzielnicy miasta opr\u00f3cz dzieci ucz\u0119szczaj\u0105cych do przedszkola, mog\u0142y by korzysta\u0107 i inne dzieci. Teren kosztowa\u0142 nas 10 000 euro,\u00a0 in\u017cynier przygotowa\u0142 ju\u017c plany, jeste\u015bmy w trakcie za\u0142atwiania pozwolenia budowy. Jak dot\u0105d uda\u0142o nam si\u0119 uzbiera\u0107 2 000 euro i ju\u017c kupujemy materia\u0142y do budowy. Jednak trzeba ten teren ogrodzi\u0107. Konieczna jest budowa kuchni z jadalni\u0105 i WC oraz uporz\u0105dkowanie terenu. Potrzeba tak\u017ce sprz\u0119tu na plac zabaw, np. jakich\u015b bujawek i hu\u015btawek it. Aby zyska\u0107 teren na plac zabaw wybudujemy tylko jeden pi\u0119trowy budynek i postawimy ogrodzenie wok\u00f3\u0142. Niestety szczeg\u00f3lnie postawienie muru ogrodzenia jest drogie, bo teren jest pochy\u0142y. Rozpocz\u0119cie budowy planujemy od stycznia\u00a0 bo wtedy zazwyczaj jest tak zwana kr\u00f3tka pora sucha. Czy mo\u017cemy jak zawsze liczy\u0107 na Wasze wsparcie.?<\/p>\n<h4>Kosztorys:<\/h4>\n<p><img loading=\"lazy\" decoding=\"async\" class=\"alignnone wp-image-31942 size-full\" src=\"https:\/\/www.maitri.pl\/wp-content\/uploads\/2024\/09\/233-ducha.png\" alt=\"\" width=\"983\" height=\"562\" srcset=\"https:\/\/www.maitri.pl\/wp-content\/uploads\/2024\/09\/233-ducha.png 983w, https:\/\/www.maitri.pl\/wp-content\/uploads\/2024\/09\/233-ducha-300x172.png 300w, https:\/\/www.maitri.pl\/wp-content\/uploads\/2024\/09\/233-ducha-768x439.png 768w, https:\/\/www.maitri.pl\/wp-content\/uploads\/2024\/09\/233-ducha-600x343.png 600w\" sizes=\"auto, (max-width: 983px) 100vw, 983px\" \/><\/p>\n<p><em><strong>Podsumowanie w miejscowej walucie: 10 500 000 frank\u00f3w burundyjskich<\/strong><\/em><\/p>\n<p><em>Siostra Ezechiela Pyszka<\/em>, <a href=\"http:\/\/kanoniczki.pl\/index.php\/pojdz-za-mna\/moje-powolanie\/260-jestem-afrykanka\"> Zgromadzenie Si\u00f3str Kanoniczek Ducha \u015awi\u0119tego de Saxia<\/a>, Buraniro, <a href=\"https:\/\/www.maitri.pl\/gdzie-pomagamy\/\" target=\"_blank\" rel=\"noopener noreferrer\">Burundi<\/a><\/p>\n<p style=\"text-align: justify;\" align=\"JUSTIFY\"><span style=\"color: #ff0000;\"><span style=\"font-size: large;\"><b>Kwota projektu: 28 060 \u20ac<br \/>\n<\/b><\/span><\/span><\/p>\n<p style=\"text-align: justify;\"><strong>Numer projektu: 233\/DUCHA<\/strong><\/p>\n<p style=\"text-align: justify;\" align=\"JUSTIFY\"><span style=\"color: #808080;\">Stowarzyszenie Ruchu\u00a0<em>Maitri<\/em>\u00a0przeznacza do 10% otrzymanych \u015brodk\u00f3w na koszty funkcjonowania biura i pozyskiwanie funduszy pomocowych.<\/span><\/p>\n<h3 style=\"text-align: justify;\" align=\"JUSTIFY\"><span style=\"color: #808080;\">Siostry Kanoniczki: Budowa kuchni z jadalni\u0105 oraz placu zabaw wraz z ogrodzeniem dla przedszkola w Kayanza, Burundi<\/span><\/h3>\n","protected":false},"excerpt":{"rendered":"<p><strong>Projekt:<\/strong> <em>Siostra Ezechiela Pyszka<\/em>, <a href=\"http:\/\/kanoniczki.pl\/index.php\/pojdz-za-mna\/moje-powolanie\/260-jestem-afrykanka\"> Zgromadzenie Si\u00f3str Kanoniczek Ducha \u015awi\u0119tego de Saxia<\/a><br \/>\n<strong>Misja:<\/strong> Buraniro, <a href=\"https:\/\/www.maitri.pl\/gdzie-pomagamy\/\" target=\"_blank\" rel=\"noopener noreferrer\">Burundi<\/a><br \/>\n<strong>Zbierana kwota: <span style=\"color: #ff0000;\">28 060\u20ac<\/span><\/strong><\/p>\n","protected":false},"featured_media":31954,"template":"","meta":[],"product_brand":[],"product_cat":[674],"product_tag":[667,1003,1004,845],"class_list":{"0":"post-31941","1":"product","2":"type-product","3":"status-publish","4":"has-post-thumbnail","6":"product_cat-projekty-zrealizowane-w-biezacym-roku","7":"product_tag-burundi","8":"product_tag-kayanza","9":"product_tag-siostra-ezechiela-p","10":"product_tag-zgromadzenie-siostr-kanoniczek-ducha-swietego","12":"first","13":"instock","14":"virtual","15":"purchasable","16":"product-type-simple"},"yoast_head":"<!-- This site is optimized with the Yoast SEO plugin v27.2 - https:\/\/yoast.com\/product\/yoast-seo-wordpress\/ -->\n<title>Budowa kuchni z jadalni\u0105 oraz placu zabaw dla przedszkola w Kayanza<\/title>\n<meta name=\"description\" content=\"Budowa kuchni z jadalni\u0105 oraz placu zabaw wraz z ogrodzeniem dla przedszkola w Kayanza, Burundi. O pomoc prosz\u0105 Siostry Kanoniczki Ducha \u015aw. de Saxia.\" \/>\n<meta name=\"robots\" content=\"index, follow, max-snippet:-1, max-image-preview:large, max-video-preview:-1\" \/>\n<link rel=\"canonical\" href=\"https:\/\/www.maitri.pl\/projekt\/budowa-kuchni-burundi\/\" \/>\n<meta property=\"og:locale\" content=\"fr_FR\" \/>\n<meta property=\"og:type\" content=\"article\" \/>\n<meta property=\"og:title\" content=\"Budowa kuchni z jadalni\u0105 oraz placu zabaw dla przedszkola w Kayanza\" \/>\n<meta property=\"og:description\" content=\"Budowa kuchni z jadalni\u0105 oraz placu zabaw wraz z ogrodzeniem dla przedszkola w Kayanza, Burundi. O pomoc prosz\u0105 Siostry Kanoniczki Ducha \u015aw. de Saxia.\" \/>\n<meta property=\"og:url\" content=\"https:\/\/www.maitri.pl\/projekt\/budowa-kuchni-burundi\/\" \/>\n<meta property=\"og:site_name\" content=\"Ruch Maitri - Adopcja Serca pomoc Afryce\" \/>\n<meta property=\"article:publisher\" content=\"https:\/\/www.facebook.com\/MAITRI.Adopcja.Serca.dzieci.Afryki\/\" \/>\n<meta property=\"article:modified_time\" content=\"2026-02-04T14:29:35+00:00\" \/>\n<meta property=\"og:image\" content=\"https:\/\/www.maitri.pl\/wp-content\/uploads\/2024\/09\/456385788_905316054957498_180704713857160374_n.jpg\" \/>\n\t<meta property=\"og:image:width\" content=\"2048\" \/>\n\t<meta property=\"og:image:height\" content=\"1536\" \/>\n\t<meta property=\"og:image:type\" content=\"image\/jpeg\" \/>\n<meta name=\"twitter:card\" content=\"summary_large_image\" \/>\n<meta name=\"twitter:label1\" content=\"Dur\u00e9e de lecture estim\u00e9e\" \/>\n\t<meta name=\"twitter:data1\" content=\"3 minutes\" \/>\n<script type=\"application\/ld+json\" class=\"yoast-schema-graph\">{\"@context\":\"https:\/\/schema.org\",\"@graph\":[{\"@type\":\"WebPage\",\"@id\":\"https:\/\/www.maitri.pl\/projekt\/budowa-kuchni-burundi\/\",\"url\":\"https:\/\/www.maitri.pl\/projekt\/budowa-kuchni-burundi\/\",\"name\":\"Budowa kuchni z jadalni\u0105 oraz placu zabaw dla przedszkola w Kayanza\",\"isPartOf\":{\"@id\":\"https:\/\/www.maitri.pl\/#website\"},\"primaryImageOfPage\":{\"@id\":\"https:\/\/www.maitri.pl\/projekt\/budowa-kuchni-burundi\/#primaryimage\"},\"image\":{\"@id\":\"https:\/\/www.maitri.pl\/projekt\/budowa-kuchni-burundi\/#primaryimage\"},\"thumbnailUrl\":\"https:\/\/www.maitri.pl\/wp-content\/uploads\/2024\/09\/456385788_905316054957498_180704713857160374_n.jpg\",\"datePublished\":\"2024-09-03T14:29:12+00:00\",\"dateModified\":\"2026-02-04T14:29:35+00:00\",\"description\":\"Budowa kuchni z jadalni\u0105 oraz placu zabaw wraz z ogrodzeniem dla przedszkola w Kayanza, Burundi. O pomoc prosz\u0105 Siostry Kanoniczki Ducha \u015aw. de Saxia.\",\"breadcrumb\":{\"@id\":\"https:\/\/www.maitri.pl\/projekt\/budowa-kuchni-burundi\/#breadcrumb\"},\"inLanguage\":\"fr-FR\",\"potentialAction\":[{\"@type\":\"ReadAction\",\"target\":[\"https:\/\/www.maitri.pl\/projekt\/budowa-kuchni-burundi\/\"]}]},{\"@type\":\"ImageObject\",\"inLanguage\":\"fr-FR\",\"@id\":\"https:\/\/www.maitri.pl\/projekt\/budowa-kuchni-burundi\/#primaryimage\",\"url\":\"https:\/\/www.maitri.pl\/wp-content\/uploads\/2024\/09\/456385788_905316054957498_180704713857160374_n.jpg\",\"contentUrl\":\"https:\/\/www.maitri.pl\/wp-content\/uploads\/2024\/09\/456385788_905316054957498_180704713857160374_n.jpg\",\"width\":2048,\"height\":1536,\"caption\":\"budowa kuchni Kayanza Burundi sieroty ja\u0142mu\u017cna Adopcja Serca Adopcja Duchowa pomoc ubogim pomoc Afryce Maitri 04\"},{\"@type\":\"BreadcrumbList\",\"@id\":\"https:\/\/www.maitri.pl\/projekt\/budowa-kuchni-burundi\/#breadcrumb\",\"itemListElement\":[{\"@type\":\"ListItem\",\"position\":1,\"name\":\"Strona g\u0142\u00f3wna\",\"item\":\"https:\/\/www.maitri.pl\/\"},{\"@type\":\"ListItem\",\"position\":2,\"name\":\"Sklep\",\"item\":\"https:\/\/www.maitri.pl\/sklep\/\"},{\"@type\":\"ListItem\",\"position\":3,\"name\":\"Budowa kuchni z jadalni\u0105 oraz placu zabaw wraz z ogrodzeniem dla przedszkola w Kayanza\"}]},{\"@type\":\"WebSite\",\"@id\":\"https:\/\/www.maitri.pl\/#website\",\"url\":\"https:\/\/www.maitri.pl\/\",\"name\":\"Adopcja Serca Maitri \u2013 pomoc dzieciom w Afryce\",\"description\":\"Adopcja Serca \u2013 adopcja na odleg\u0142o\u015b\u0107, pomoc Afryce, do\u017cywianie i edukacja w Afryce\",\"publisher\":{\"@id\":\"https:\/\/www.maitri.pl\/#organization\"},\"potentialAction\":[{\"@type\":\"SearchAction\",\"target\":{\"@type\":\"EntryPoint\",\"urlTemplate\":\"https:\/\/www.maitri.pl\/?s={search_term_string}\"},\"query-input\":{\"@type\":\"PropertyValueSpecification\",\"valueRequired\":true,\"valueName\":\"search_term_string\"}}],\"inLanguage\":\"fr-FR\"},{\"@type\":\"Organization\",\"@id\":\"https:\/\/www.maitri.pl\/#organization\",\"name\":\"Stowarzyszenie Ruchu Maitri\",\"url\":\"https:\/\/www.maitri.pl\/\",\"logo\":{\"@type\":\"ImageObject\",\"inLanguage\":\"fr-FR\",\"@id\":\"https:\/\/www.maitri.pl\/#\/schema\/logo\/image\/\",\"url\":\"https:\/\/www.maitri.pl\/wp-content\/uploads\/2020\/04\/duze_logo-81.png\",\"contentUrl\":\"https:\/\/www.maitri.pl\/wp-content\/uploads\/2020\/04\/duze_logo-81.png\",\"width\":339,\"height\":321,\"caption\":\"Stowarzyszenie Ruchu Maitri\"},\"image\":{\"@id\":\"https:\/\/www.maitri.pl\/#\/schema\/logo\/image\/\"},\"sameAs\":[\"https:\/\/www.facebook.com\/MAITRI.Adopcja.Serca.dzieci.Afryki\/\"]}]}<\/script>\n<!-- \/ Yoast SEO plugin. -->","yoast_head_json":{"title":"Budowa kuchni z jadalni\u0105 oraz placu zabaw dla przedszkola w Kayanza","description":"Budowa kuchni z jadalni\u0105 oraz placu zabaw wraz z ogrodzeniem dla przedszkola w Kayanza, Burundi. O pomoc prosz\u0105 Siostry Kanoniczki Ducha \u015aw. de Saxia.","robots":{"index":"index","follow":"follow","max-snippet":"max-snippet:-1","max-image-preview":"max-image-preview:large","max-video-preview":"max-video-preview:-1"},"canonical":"https:\/\/www.maitri.pl\/projekt\/budowa-kuchni-burundi\/","og_locale":"fr_FR","og_type":"article","og_title":"Budowa kuchni z jadalni\u0105 oraz placu zabaw dla przedszkola w Kayanza","og_description":"Budowa kuchni z jadalni\u0105 oraz placu zabaw wraz z ogrodzeniem dla przedszkola w Kayanza, Burundi. O pomoc prosz\u0105 Siostry Kanoniczki Ducha \u015aw. de Saxia.","og_url":"https:\/\/www.maitri.pl\/projekt\/budowa-kuchni-burundi\/","og_site_name":"Ruch Maitri - Adopcja Serca pomoc Afryce","article_publisher":"https:\/\/www.facebook.com\/MAITRI.Adopcja.Serca.dzieci.Afryki\/","article_modified_time":"2026-02-04T14:29:35+00:00","og_image":[{"width":2048,"height":1536,"url":"https:\/\/www.maitri.pl\/wp-content\/uploads\/2024\/09\/456385788_905316054957498_180704713857160374_n.jpg","type":"image\/jpeg"}],"twitter_card":"summary_large_image","twitter_misc":{"Dur\u00e9e de lecture estim\u00e9e":"3 minutes"},"schema":{"@context":"https:\/\/schema.org","@graph":[{"@type":"WebPage","@id":"https:\/\/www.maitri.pl\/projekt\/budowa-kuchni-burundi\/","url":"https:\/\/www.maitri.pl\/projekt\/budowa-kuchni-burundi\/","name":"Budowa kuchni z jadalni\u0105 oraz placu zabaw dla przedszkola w Kayanza","isPartOf":{"@id":"https:\/\/www.maitri.pl\/#website"},"primaryImageOfPage":{"@id":"https:\/\/www.maitri.pl\/projekt\/budowa-kuchni-burundi\/#primaryimage"},"image":{"@id":"https:\/\/www.maitri.pl\/projekt\/budowa-kuchni-burundi\/#primaryimage"},"thumbnailUrl":"https:\/\/www.maitri.pl\/wp-content\/uploads\/2024\/09\/456385788_905316054957498_180704713857160374_n.jpg","datePublished":"2024-09-03T14:29:12+00:00","dateModified":"2026-02-04T14:29:35+00:00","description":"Budowa kuchni z jadalni\u0105 oraz placu zabaw wraz z ogrodzeniem dla przedszkola w Kayanza, Burundi. O pomoc prosz\u0105 Siostry Kanoniczki Ducha \u015aw. de Saxia.","breadcrumb":{"@id":"https:\/\/www.maitri.pl\/projekt\/budowa-kuchni-burundi\/#breadcrumb"},"inLanguage":"fr-FR","potentialAction":[{"@type":"ReadAction","target":["https:\/\/www.maitri.pl\/projekt\/budowa-kuchni-burundi\/"]}]},{"@type":"ImageObject","inLanguage":"fr-FR","@id":"https:\/\/www.maitri.pl\/projekt\/budowa-kuchni-burundi\/#primaryimage","url":"https:\/\/www.maitri.pl\/wp-content\/uploads\/2024\/09\/456385788_905316054957498_180704713857160374_n.jpg","contentUrl":"https:\/\/www.maitri.pl\/wp-content\/uploads\/2024\/09\/456385788_905316054957498_180704713857160374_n.jpg","width":2048,"height":1536,"caption":"budowa kuchni Kayanza Burundi sieroty ja\u0142mu\u017cna Adopcja Serca Adopcja Duchowa pomoc ubogim pomoc Afryce Maitri 04"},{"@type":"BreadcrumbList","@id":"https:\/\/www.maitri.pl\/projekt\/budowa-kuchni-burundi\/#breadcrumb","itemListElement":[{"@type":"ListItem","position":1,"name":"Strona g\u0142\u00f3wna","item":"https:\/\/www.maitri.pl\/"},{"@type":"ListItem","position":2,"name":"Sklep","item":"https:\/\/www.maitri.pl\/sklep\/"},{"@type":"ListItem","position":3,"name":"Budowa kuchni z jadalni\u0105 oraz placu zabaw wraz z ogrodzeniem dla przedszkola w Kayanza"}]},{"@type":"WebSite","@id":"https:\/\/www.maitri.pl\/#website","url":"https:\/\/www.maitri.pl\/","name":"Adopcja Serca Maitri \u2013 pomoc dzieciom w Afryce","description":"Adopcja Serca \u2013 adopcja na odleg\u0142o\u015b\u0107, pomoc Afryce, do\u017cywianie i edukacja w Afryce","publisher":{"@id":"https:\/\/www.maitri.pl\/#organization"},"potentialAction":[{"@type":"SearchAction","target":{"@type":"EntryPoint","urlTemplate":"https:\/\/www.maitri.pl\/?s={search_term_string}"},"query-input":{"@type":"PropertyValueSpecification","valueRequired":true,"valueName":"search_term_string"}}],"inLanguage":"fr-FR"},{"@type":"Organization","@id":"https:\/\/www.maitri.pl\/#organization","name":"Stowarzyszenie Ruchu Maitri","url":"https:\/\/www.maitri.pl\/","logo":{"@type":"ImageObject","inLanguage":"fr-FR","@id":"https:\/\/www.maitri.pl\/#\/schema\/logo\/image\/","url":"https:\/\/www.maitri.pl\/wp-content\/uploads\/2020\/04\/duze_logo-81.png","contentUrl":"https:\/\/www.maitri.pl\/wp-content\/uploads\/2020\/04\/duze_logo-81.png","width":339,"height":321,"caption":"Stowarzyszenie Ruchu Maitri"},"image":{"@id":"https:\/\/www.maitri.pl\/#\/schema\/logo\/image\/"},"sameAs":["https:\/\/www.facebook.com\/MAITRI.Adopcja.Serca.dzieci.Afryki\/"]}]}},"_links":{"self":[{"href":"https:\/\/www.maitri.pl\/fr\/wp-json\/wp\/v2\/product\/31941","targetHints":{"allow":["GET"]}}],"collection":[{"href":"https:\/\/www.maitri.pl\/fr\/wp-json\/wp\/v2\/product"}],"about":[{"href":"https:\/\/www.maitri.pl\/fr\/wp-json\/wp\/v2\/types\/product"}],"wp:featuredmedia":[{"embeddable":true,"href":"https:\/\/www.maitri.pl\/fr\/wp-json\/wp\/v2\/media\/31954"}],"wp:attachment":[{"href":"https:\/\/www.maitri.pl\/fr\/wp-json\/wp\/v2\/media?parent=31941"}],"wp:term":[{"taxonomy":"product_brand","embeddable":true,"href":"https:\/\/www.maitri.pl\/fr\/wp-json\/wp\/v2\/product_brand?post=31941"},{"taxonomy":"product_cat","embeddable":true,"href":"https:\/\/www.maitri.pl\/fr\/wp-json\/wp\/v2\/product_cat?post=31941"},{"taxonomy":"product_tag","embeddable":true,"href":"https:\/\/www.maitri.pl\/fr\/wp-json\/wp\/v2\/product_tag?post=31941"}],"curies":[{"name":"wp","href":"https:\/\/api.w.org\/{rel}","templated":true}]}}