{"id":31784,"date":"2024-07-23T09:45:58","date_gmt":"2024-07-23T07:45:58","guid":{"rendered":"https:\/\/www.maitri.pl\/?post_type=product&#038;p=31784"},"modified":"2025-03-31T14:13:47","modified_gmt":"2025-03-31T12:13:47","slug":"pomoc-w-dozywianiu-dimako","status":"publish","type":"product","link":"https:\/\/www.maitri.pl\/fr\/projekt\/pomoc-w-dozywianiu-dimako\/","title":{"rendered":"Pomoc w do\u017cywianiu 300 dzieci ze Szko\u0142y Podstawowej i 150 dzieci z przedszkola w Dimako"},"content":{"rendered":"<h4>Do szko\u0142y bez \u015bniadania<\/h4>\n<p>Co roku, tak jak ju\u017c od wielu lat, zwracamy si\u0119 o pomoc w do\u017cywianiu naszych dzieci z przedszkola i ze szko\u0142y podstawowej. Akcja do\u017cywiania jest wielkim dobrodziejstwem dla dzieci. Dzi\u0119ki temu maj\u0105 dobre wyniki w nauce, bo nie s\u0105 g\u0142odne i ka\u017cdego dnia w szkole spo\u017cywaj\u0105 skromny posi\u0142ek. Do szko\u0142y id\u0105 wi\u0119c ch\u0119tnie. Gdy ub\u00f3stwo rodzic\u00f3w nie pozwala im na kupienie czego\u015b do zjedzenia, to dzieci maj\u0105 nadziej\u0119, \u017ce dostan\u0105 posi\u0142ek w szkole i nie b\u0119d\u0105 chodzi\u0107 g\u0142odne. Problem dotyczy r\u00f3wnie\u017c podopiecznych programu <a href=\"https:\/\/www.maitri.pl\/adopcja-serca\/\" target=\"_blank\" rel=\"noopener\">Adopcja Serca<\/a>. Prosimy o kontynuacj\u0119 akcji.<\/p>\n<h4>Zdrowie dzieci polepsza si\u0119<\/h4>\n<p>My staramy si\u0119 w przygotowaniu posi\u0142k\u00f3w bazowa\u0107 na produktach lokalnych takich jak: kukurydza, arachidy, sorgo, a nawet sami wypracowali\u015bmy sk\u0142ad bouille. To co\u015b w rodzaju kaszki na bazie m\u0105ki z manioku oraz kukurydzy z dodatkiem cukru. Takie bouille jest bardzo po\u017cywne i bogate w sk\u0142adniki od\u017cywcze. Cz\u0119sto stan zdrowia dzieci polepsza si\u0119, gdy zaczyna si\u0119 rok szkolny i akcja do\u017cywiania. Bo dzieci w Kamerunie cz\u0119sto id\u0105 do szko\u0142y g\u0142odne. Dlatego potrzebna jest Wasza pomoc w do\u017cywianiu.<\/p>\n<h4>Jedyny posi\u0142ek w ci\u0105gu dnia<\/h4>\n<p>Niekt\u00f3re z dzieci przybywaj\u0105 z odleg\u0142ych wiosek oddalonych o 15-20 km od Dimako. Bardzo du\u017co pochodzi z bardzo biednych rodzin. One najcz\u0119\u015bciej spo\u017cywaj\u0105 posi\u0142ek raz dziennie, tylko wieczorem. Rodzic\u00f3w nie sta\u0107 na to, by dziecko wzi\u0119\u0142o z sob\u0105 cokolwiek do zjedzenia w szkole. Zdajemy sobie spraw\u0119, \u017ce dla niekt\u00f3rych dzieci ten szkolny posi\u0142ek jest g\u0142\u00f3wnym posi\u0142kiem dnia. Do\u017cywianie dzieci w szkole jest jednym z element\u00f3w sukcesu w naszych szko\u0142ach. Prosimy o pomoc w do\u017cywianiu. Nasz\u0105 wdzi\u0119czno\u015b\u0107 za ten dar wyra\u017camy ka\u017cdego dnia poprzez codzienn\u0105 modlitw\u0119 za naszych dobrodziei.<\/p>\n<p><img loading=\"lazy\" decoding=\"async\" class=\"alignnone wp-image-31785 size-full\" src=\"https:\/\/www.maitri.pl\/wp-content\/uploads\/2024\/07\/134-karml.png\" alt=\"\" width=\"959\" height=\"746\" srcset=\"https:\/\/www.maitri.pl\/wp-content\/uploads\/2024\/07\/134-karml.png 959w, https:\/\/www.maitri.pl\/wp-content\/uploads\/2024\/07\/134-karml-300x233.png 300w, https:\/\/www.maitri.pl\/wp-content\/uploads\/2024\/07\/134-karml-768x597.png 768w, https:\/\/www.maitri.pl\/wp-content\/uploads\/2024\/07\/134-karml-600x467.png 600w\" sizes=\"auto, (max-width: 959px) 100vw, 959px\" \/><\/p>\n<h4><em>s. Wirgilia Bondel, <a href=\"http:\/\/www.karmelitanki.pl\/\" target=\"_blank\" rel=\"noopener noreferrer\">Zgromadzenie Si\u00f3str Karmelitanek Dzieci\u0105tka Jezus<\/a><\/em><\/h4>\n<p><strong>Podsumowanie w miejscowej walucie: 4 588 300 frank\u00f3w CFA<\/strong><\/p>\n<p>Numer projektu:\u00a0<strong>134\/KARML<\/strong><\/p>\n<p style=\"text-align: justify;\"><span style=\"color: #ff0000;\"><span style=\"font-size: large;\"><b>Kwota projektu : 7780 \u20ac<\/b><\/span><\/span><\/p>\n<p style=\"text-align: justify;\"><span style=\"font-size: large;\"><em><span style=\"color: #999999;\"><span style=\"font-size: medium;\">Stowarzyszenie Ruchu Maitri przeznacza do 10% otrzymanych \u015brodk\u00f3w na koszty funkcjonowania biura i pozyskiwanie funduszy pomocowych.<\/span><\/span><\/em><\/span><\/p>\n<h3 style=\"text-align: justify;\" align=\"JUSTIFY\"><span style=\"color: #808080;\">Pomoc w do\u017cywianiu 300 dzieci ze Szko\u0142y Podstawowej i 150 dzieci z przedszkola w Dimako w Kamerunie<\/span><\/h3>\n","protected":false},"excerpt":{"rendered":"<p><strong>Projekt:\u00a0<\/strong> <em>s. Wirgilia Bondel, <a href=\"http:\/\/www.karmelitanki.pl\/\" target=\"_blank\" rel=\"noopener noreferrer\">Zgromadzenie Si\u00f3str Karmelitanek Dzieci\u0105tka Jezus<\/a><\/em><br \/>\n<strong>Misja:<\/strong> Dimako, <a href=\"https:\/\/www.maitri.pl\/gdzie-pomagamy\/\" target=\"_blank\" rel=\"noopener noreferrer\">Kamerun<\/a><br \/>\n<strong>Kwota projektu: <span style=\"color: #ff0000;\">7780 \u20ac<\/span><\/strong><\/p>\n","protected":false},"featured_media":31788,"template":"","meta":[],"product_brand":[],"product_cat":[656],"product_tag":[675,676,658,680],"class_list":{"0":"post-31784","1":"product","2":"type-product","3":"status-publish","4":"has-post-thumbnail","6":"product_cat-bez-kategorii","7":"product_tag-dimako","8":"product_tag-dozywianie","9":"product_tag-kamerun","10":"product_tag-siostra-wirgilia-bondel","12":"first","13":"instock","14":"virtual","15":"purchasable","16":"product-type-simple"},"yoast_head":"<!-- This site is optimized with the Yoast SEO plugin v27.2 - https:\/\/yoast.com\/product\/yoast-seo-wordpress\/ -->\n<title>Pomoc w do\u017cywianiu 300 uczni\u00f3w i 150 przedszkolak\u00f3w w Dimako<\/title>\n<meta name=\"description\" content=\"Pomoc w do\u017cywianiu 300 dzieci ze Szko\u0142y Podstawowej i 150 dzieci z przedszkola w Dimako. O wsparcie akcji prosz\u0105 Siostry Karmelitanki Dzieci\u0105tka Jezus.\" \/>\n<meta name=\"robots\" content=\"index, follow, max-snippet:-1, max-image-preview:large, max-video-preview:-1\" \/>\n<link rel=\"canonical\" href=\"https:\/\/www.maitri.pl\/projekt\/pomoc-w-dozywianiu-dimako\/\" \/>\n<meta property=\"og:locale\" content=\"fr_FR\" \/>\n<meta property=\"og:type\" content=\"article\" \/>\n<meta property=\"og:title\" content=\"Pomoc w do\u017cywianiu 300 uczni\u00f3w i 150 przedszkolak\u00f3w w Dimako\" \/>\n<meta property=\"og:description\" content=\"Pomoc w do\u017cywianiu 300 dzieci ze Szko\u0142y Podstawowej i 150 dzieci z przedszkola w Dimako. O wsparcie akcji prosz\u0105 Siostry Karmelitanki Dzieci\u0105tka Jezus.\" \/>\n<meta property=\"og:url\" content=\"https:\/\/www.maitri.pl\/projekt\/pomoc-w-dozywianiu-dimako\/\" \/>\n<meta property=\"og:site_name\" content=\"Ruch Maitri - Adopcja Serca pomoc Afryce\" \/>\n<meta property=\"article:publisher\" content=\"https:\/\/www.facebook.com\/MAITRI.Adopcja.Serca.dzieci.Afryki\/\" \/>\n<meta property=\"article:modified_time\" content=\"2025-03-31T12:13:47+00:00\" \/>\n<meta property=\"og:image\" content=\"https:\/\/www.maitri.pl\/wp-content\/uploads\/2024\/07\/134-karml_1.jpg\" \/>\n\t<meta property=\"og:image:width\" content=\"2464\" \/>\n\t<meta property=\"og:image:height\" content=\"1632\" \/>\n\t<meta property=\"og:image:type\" content=\"image\/jpeg\" \/>\n<meta name=\"twitter:card\" content=\"summary_large_image\" \/>\n<meta name=\"twitter:label1\" content=\"Dur\u00e9e de lecture estim\u00e9e\" \/>\n\t<meta name=\"twitter:data1\" content=\"3 minutes\" \/>\n<script type=\"application\/ld+json\" class=\"yoast-schema-graph\">{\"@context\":\"https:\/\/schema.org\",\"@graph\":[{\"@type\":\"WebPage\",\"@id\":\"https:\/\/www.maitri.pl\/projekt\/pomoc-w-dozywianiu-dimako\/\",\"url\":\"https:\/\/www.maitri.pl\/projekt\/pomoc-w-dozywianiu-dimako\/\",\"name\":\"Pomoc w do\u017cywianiu 300 uczni\u00f3w i 150 przedszkolak\u00f3w w Dimako\",\"isPartOf\":{\"@id\":\"https:\/\/www.maitri.pl\/#website\"},\"primaryImageOfPage\":{\"@id\":\"https:\/\/www.maitri.pl\/projekt\/pomoc-w-dozywianiu-dimako\/#primaryimage\"},\"image\":{\"@id\":\"https:\/\/www.maitri.pl\/projekt\/pomoc-w-dozywianiu-dimako\/#primaryimage\"},\"thumbnailUrl\":\"https:\/\/www.maitri.pl\/wp-content\/uploads\/2024\/07\/134-karml_1.jpg\",\"datePublished\":\"2024-07-23T07:45:58+00:00\",\"dateModified\":\"2025-03-31T12:13:47+00:00\",\"description\":\"Pomoc w do\u017cywianiu 300 dzieci ze Szko\u0142y Podstawowej i 150 dzieci z przedszkola w Dimako. O wsparcie akcji prosz\u0105 Siostry Karmelitanki Dzieci\u0105tka Jezus.\",\"breadcrumb\":{\"@id\":\"https:\/\/www.maitri.pl\/projekt\/pomoc-w-dozywianiu-dimako\/#breadcrumb\"},\"inLanguage\":\"fr-FR\",\"potentialAction\":[{\"@type\":\"ReadAction\",\"target\":[\"https:\/\/www.maitri.pl\/projekt\/pomoc-w-dozywianiu-dimako\/\"]}]},{\"@type\":\"ImageObject\",\"inLanguage\":\"fr-FR\",\"@id\":\"https:\/\/www.maitri.pl\/projekt\/pomoc-w-dozywianiu-dimako\/#primaryimage\",\"url\":\"https:\/\/www.maitri.pl\/wp-content\/uploads\/2024\/07\/134-karml_1.jpg\",\"contentUrl\":\"https:\/\/www.maitri.pl\/wp-content\/uploads\/2024\/07\/134-karml_1.jpg\",\"width\":2464,\"height\":1632,\"caption\":\"pomoc w do\u017cywianiu Dimako Kamerun karmleitanki Adopcja Serca pomoc ubogim pomoc Afryce Adopcja duchowa ja\u0142mu\u017cna Maitri 01\"},{\"@type\":\"BreadcrumbList\",\"@id\":\"https:\/\/www.maitri.pl\/projekt\/pomoc-w-dozywianiu-dimako\/#breadcrumb\",\"itemListElement\":[{\"@type\":\"ListItem\",\"position\":1,\"name\":\"Strona g\u0142\u00f3wna\",\"item\":\"https:\/\/www.maitri.pl\/\"},{\"@type\":\"ListItem\",\"position\":2,\"name\":\"Sklep\",\"item\":\"https:\/\/www.maitri.pl\/sklep\/\"},{\"@type\":\"ListItem\",\"position\":3,\"name\":\"Pomoc w do\u017cywianiu 300 dzieci ze Szko\u0142y Podstawowej i 150 dzieci z przedszkola w Dimako\"}]},{\"@type\":\"WebSite\",\"@id\":\"https:\/\/www.maitri.pl\/#website\",\"url\":\"https:\/\/www.maitri.pl\/\",\"name\":\"Adopcja Serca Maitri \u2013 pomoc dzieciom w Afryce\",\"description\":\"Adopcja Serca \u2013 adopcja na odleg\u0142o\u015b\u0107, pomoc Afryce, do\u017cywianie i edukacja w Afryce\",\"publisher\":{\"@id\":\"https:\/\/www.maitri.pl\/#organization\"},\"potentialAction\":[{\"@type\":\"SearchAction\",\"target\":{\"@type\":\"EntryPoint\",\"urlTemplate\":\"https:\/\/www.maitri.pl\/?s={search_term_string}\"},\"query-input\":{\"@type\":\"PropertyValueSpecification\",\"valueRequired\":true,\"valueName\":\"search_term_string\"}}],\"inLanguage\":\"fr-FR\"},{\"@type\":\"Organization\",\"@id\":\"https:\/\/www.maitri.pl\/#organization\",\"name\":\"Stowarzyszenie Ruchu Maitri\",\"url\":\"https:\/\/www.maitri.pl\/\",\"logo\":{\"@type\":\"ImageObject\",\"inLanguage\":\"fr-FR\",\"@id\":\"https:\/\/www.maitri.pl\/#\/schema\/logo\/image\/\",\"url\":\"https:\/\/www.maitri.pl\/wp-content\/uploads\/2020\/04\/duze_logo-81.png\",\"contentUrl\":\"https:\/\/www.maitri.pl\/wp-content\/uploads\/2020\/04\/duze_logo-81.png\",\"width\":339,\"height\":321,\"caption\":\"Stowarzyszenie Ruchu Maitri\"},\"image\":{\"@id\":\"https:\/\/www.maitri.pl\/#\/schema\/logo\/image\/\"},\"sameAs\":[\"https:\/\/www.facebook.com\/MAITRI.Adopcja.Serca.dzieci.Afryki\/\"]}]}<\/script>\n<!-- \/ Yoast SEO plugin. -->","yoast_head_json":{"title":"Pomoc w do\u017cywianiu 300 uczni\u00f3w i 150 przedszkolak\u00f3w w Dimako","description":"Pomoc w do\u017cywianiu 300 dzieci ze Szko\u0142y Podstawowej i 150 dzieci z przedszkola w Dimako. O wsparcie akcji prosz\u0105 Siostry Karmelitanki Dzieci\u0105tka Jezus.","robots":{"index":"index","follow":"follow","max-snippet":"max-snippet:-1","max-image-preview":"max-image-preview:large","max-video-preview":"max-video-preview:-1"},"canonical":"https:\/\/www.maitri.pl\/projekt\/pomoc-w-dozywianiu-dimako\/","og_locale":"fr_FR","og_type":"article","og_title":"Pomoc w do\u017cywianiu 300 uczni\u00f3w i 150 przedszkolak\u00f3w w Dimako","og_description":"Pomoc w do\u017cywianiu 300 dzieci ze Szko\u0142y Podstawowej i 150 dzieci z przedszkola w Dimako. O wsparcie akcji prosz\u0105 Siostry Karmelitanki Dzieci\u0105tka Jezus.","og_url":"https:\/\/www.maitri.pl\/projekt\/pomoc-w-dozywianiu-dimako\/","og_site_name":"Ruch Maitri - Adopcja Serca pomoc Afryce","article_publisher":"https:\/\/www.facebook.com\/MAITRI.Adopcja.Serca.dzieci.Afryki\/","article_modified_time":"2025-03-31T12:13:47+00:00","og_image":[{"width":2464,"height":1632,"url":"https:\/\/www.maitri.pl\/wp-content\/uploads\/2024\/07\/134-karml_1.jpg","type":"image\/jpeg"}],"twitter_card":"summary_large_image","twitter_misc":{"Dur\u00e9e de lecture estim\u00e9e":"3 minutes"},"schema":{"@context":"https:\/\/schema.org","@graph":[{"@type":"WebPage","@id":"https:\/\/www.maitri.pl\/projekt\/pomoc-w-dozywianiu-dimako\/","url":"https:\/\/www.maitri.pl\/projekt\/pomoc-w-dozywianiu-dimako\/","name":"Pomoc w do\u017cywianiu 300 uczni\u00f3w i 150 przedszkolak\u00f3w w Dimako","isPartOf":{"@id":"https:\/\/www.maitri.pl\/#website"},"primaryImageOfPage":{"@id":"https:\/\/www.maitri.pl\/projekt\/pomoc-w-dozywianiu-dimako\/#primaryimage"},"image":{"@id":"https:\/\/www.maitri.pl\/projekt\/pomoc-w-dozywianiu-dimako\/#primaryimage"},"thumbnailUrl":"https:\/\/www.maitri.pl\/wp-content\/uploads\/2024\/07\/134-karml_1.jpg","datePublished":"2024-07-23T07:45:58+00:00","dateModified":"2025-03-31T12:13:47+00:00","description":"Pomoc w do\u017cywianiu 300 dzieci ze Szko\u0142y Podstawowej i 150 dzieci z przedszkola w Dimako. O wsparcie akcji prosz\u0105 Siostry Karmelitanki Dzieci\u0105tka Jezus.","breadcrumb":{"@id":"https:\/\/www.maitri.pl\/projekt\/pomoc-w-dozywianiu-dimako\/#breadcrumb"},"inLanguage":"fr-FR","potentialAction":[{"@type":"ReadAction","target":["https:\/\/www.maitri.pl\/projekt\/pomoc-w-dozywianiu-dimako\/"]}]},{"@type":"ImageObject","inLanguage":"fr-FR","@id":"https:\/\/www.maitri.pl\/projekt\/pomoc-w-dozywianiu-dimako\/#primaryimage","url":"https:\/\/www.maitri.pl\/wp-content\/uploads\/2024\/07\/134-karml_1.jpg","contentUrl":"https:\/\/www.maitri.pl\/wp-content\/uploads\/2024\/07\/134-karml_1.jpg","width":2464,"height":1632,"caption":"pomoc w do\u017cywianiu Dimako Kamerun karmleitanki Adopcja Serca pomoc ubogim pomoc Afryce Adopcja duchowa ja\u0142mu\u017cna Maitri 01"},{"@type":"BreadcrumbList","@id":"https:\/\/www.maitri.pl\/projekt\/pomoc-w-dozywianiu-dimako\/#breadcrumb","itemListElement":[{"@type":"ListItem","position":1,"name":"Strona g\u0142\u00f3wna","item":"https:\/\/www.maitri.pl\/"},{"@type":"ListItem","position":2,"name":"Sklep","item":"https:\/\/www.maitri.pl\/sklep\/"},{"@type":"ListItem","position":3,"name":"Pomoc w do\u017cywianiu 300 dzieci ze Szko\u0142y Podstawowej i 150 dzieci z przedszkola w Dimako"}]},{"@type":"WebSite","@id":"https:\/\/www.maitri.pl\/#website","url":"https:\/\/www.maitri.pl\/","name":"Adopcja Serca Maitri \u2013 pomoc dzieciom w Afryce","description":"Adopcja Serca \u2013 adopcja na odleg\u0142o\u015b\u0107, pomoc Afryce, do\u017cywianie i edukacja w Afryce","publisher":{"@id":"https:\/\/www.maitri.pl\/#organization"},"potentialAction":[{"@type":"SearchAction","target":{"@type":"EntryPoint","urlTemplate":"https:\/\/www.maitri.pl\/?s={search_term_string}"},"query-input":{"@type":"PropertyValueSpecification","valueRequired":true,"valueName":"search_term_string"}}],"inLanguage":"fr-FR"},{"@type":"Organization","@id":"https:\/\/www.maitri.pl\/#organization","name":"Stowarzyszenie Ruchu Maitri","url":"https:\/\/www.maitri.pl\/","logo":{"@type":"ImageObject","inLanguage":"fr-FR","@id":"https:\/\/www.maitri.pl\/#\/schema\/logo\/image\/","url":"https:\/\/www.maitri.pl\/wp-content\/uploads\/2020\/04\/duze_logo-81.png","contentUrl":"https:\/\/www.maitri.pl\/wp-content\/uploads\/2020\/04\/duze_logo-81.png","width":339,"height":321,"caption":"Stowarzyszenie Ruchu Maitri"},"image":{"@id":"https:\/\/www.maitri.pl\/#\/schema\/logo\/image\/"},"sameAs":["https:\/\/www.facebook.com\/MAITRI.Adopcja.Serca.dzieci.Afryki\/"]}]}},"_links":{"self":[{"href":"https:\/\/www.maitri.pl\/fr\/wp-json\/wp\/v2\/product\/31784","targetHints":{"allow":["GET"]}}],"collection":[{"href":"https:\/\/www.maitri.pl\/fr\/wp-json\/wp\/v2\/product"}],"about":[{"href":"https:\/\/www.maitri.pl\/fr\/wp-json\/wp\/v2\/types\/product"}],"wp:featuredmedia":[{"embeddable":true,"href":"https:\/\/www.maitri.pl\/fr\/wp-json\/wp\/v2\/media\/31788"}],"wp:attachment":[{"href":"https:\/\/www.maitri.pl\/fr\/wp-json\/wp\/v2\/media?parent=31784"}],"wp:term":[{"taxonomy":"product_brand","embeddable":true,"href":"https:\/\/www.maitri.pl\/fr\/wp-json\/wp\/v2\/product_brand?post=31784"},{"taxonomy":"product_cat","embeddable":true,"href":"https:\/\/www.maitri.pl\/fr\/wp-json\/wp\/v2\/product_cat?post=31784"},{"taxonomy":"product_tag","embeddable":true,"href":"https:\/\/www.maitri.pl\/fr\/wp-json\/wp\/v2\/product_tag?post=31784"}],"curies":[{"name":"wp","href":"https:\/\/api.w.org\/{rel}","templated":true}]}}